{"id":14846,"date":"2020-10-13T15:30:12","date_gmt":"2020-10-13T12:30:12","guid":{"rendered":"https:\/\/www.laomeister.com\/?post_type=product&#038;p=14846"},"modified":"2024-07-03T09:26:50","modified_gmt":"2024-07-03T06:26:50","slug":"komplekteerimiskaru-wds-0","status":"publish","type":"product","link":"https:\/\/www.laomeister.com\/fi\/toode\/komplekteerimiskaru-wds-0\/","title":{"rendered":"Vaunu 738x750x450 mm, jossa on kolme hylly\u00e4 ja py\u00f6r\u00e4t"},"content":{"rendered":"","protected":false},"excerpt":{"rendered":"<p>WDS-0 on ihanteellinen poiminta- ja sijoituslaite varastoissa, korjaamoissa ja autopalveluissa.<\/p>\n<p>Vaunussa on \u00f6ljynkest\u00e4v\u00e4 kumimatto, mukava kahva ja kumipy\u00f6r\u00e4t (halkaisija 100 mm), 2 kiinte\u00e4\u00e4, 1 k\u00e4\u00e4ntyv\u00e4 ja 1 jarrullinen k\u00e4\u00e4ntyv\u00e4.<\/p>\n<p><strong>Korkeus &#8211;<\/strong>738 mm<br \/>\n<strong>Leveys<\/strong> &#8211; 750 mm<br \/>\n<strong>Syvyys<\/strong> &#8211; 450 mm<br \/>\n<strong>Mitat py\u00f6rien kanssa (LxSxKxK)<\/strong> &#8211; 870x750x450 mm.<br \/>\n<strong>Mitat kahvan kanssa (LxKxS)<\/strong> &#8211; 738x820x450 mm.<br \/>\n<strong>Materiaali<\/strong> &#8211; luja ter\u00e4s<br \/>\n<strong>V\u00e4ri<\/strong> &#8211; jauhemaalattu runko harmaata akaattia (RAL 7038), kannattimet ultramariininpunainen (RAL 5002).<br \/>\n<strong>Paino<\/strong> &#8211; 19 kg<br \/>\n<strong>Suurin kantavuus<\/strong> &#8211; 100 kg vaunulla, 40 kg hyllyll\u00e4.<\/p>\n<p>Tuotteen v\u00e4ri voi poiketa kuvasta.<br \/>\nTuote toimitetaan pakkaamattomana.<br \/>\nMuut kuvassa olevat tuotteet eiv\u00e4t sis\u00e4lly hintaan.<\/p>\n<p>&nbsp;<\/p>\n","protected":false},"featured_media":14850,"template":"","meta":[],"product_brand":[],"product_cat":[243,256],"product_tag":[],"class_list":{"0":"post-14846","1":"product","2":"type-product","3":"status-publish","4":"has-post-thumbnail","6":"product_cat-karud-fi","7":"product_cat-komplekteerimiskarud-fi","9":"first","10":"instock","11":"taxable","12":"shipping-taxable","13":"purchasable","14":"product-type-simple"},"yoast_head":"<!-- This site is optimized with the Yoast SEO plugin v27.3 - https:\/\/yoast.com\/product\/yoast-seo-wordpress\/ -->\n<title>Vaunu 738x750x450 mm, jossa on kolme hylly\u00e4 ja py\u00f6r\u00e4t - Balti Laomeister<\/title>\n<meta name=\"description\" content=\"T\u00e4ydellinen varaston ja myym\u00e4l\u00e4n pakkaamiseen.Suunniteltu laatikoille tai hieman suuremmille tavaroille.Kumipy\u00f6r\u00e4t.Irrotettavat sein\u00e4t.Laminaattipohja.\" \/>\n<meta name=\"robots\" content=\"index, follow, max-snippet:-1, max-image-preview:large, max-video-preview:-1\" \/>\n<link rel=\"canonical\" href=\"https:\/\/www.laomeister.com\/fi\/toode\/komplekteerimiskaru-wds-0\/\" \/>\n<meta property=\"og:locale\" content=\"fi_FI\" \/>\n<meta property=\"og:type\" content=\"article\" \/>\n<meta property=\"og:title\" content=\"Vaunu 738x750x450 mm, jossa on kolme hylly\u00e4 ja py\u00f6r\u00e4t - Balti Laomeister\" \/>\n<meta property=\"og:description\" content=\"T\u00e4ydellinen varaston ja myym\u00e4l\u00e4n pakkaamiseen.Suunniteltu laatikoille tai hieman suuremmille tavaroille.Kumipy\u00f6r\u00e4t.Irrotettavat sein\u00e4t.Laminaattipohja.\" \/>\n<meta property=\"og:url\" content=\"https:\/\/www.laomeister.com\/fi\/toode\/komplekteerimiskaru-wds-0\/\" \/>\n<meta property=\"og:site_name\" content=\"Balti Laomeister\" \/>\n<meta property=\"article:modified_time\" content=\"2024-07-03T06:26:50+00:00\" \/>\n<meta property=\"og:image\" content=\"https:\/\/www.laomeister.com\/wp-content\/uploads\/2020\/10\/226d14ba46165a9cac01c84a902a163e.jpg\" \/>\n\t<meta property=\"og:image:width\" content=\"1024\" \/>\n\t<meta property=\"og:image:height\" content=\"768\" \/>\n\t<meta property=\"og:image:type\" content=\"image\/jpeg\" \/>\n<meta name=\"twitter:card\" content=\"summary_large_image\" \/>\n<script type=\"application\/ld+json\" class=\"yoast-schema-graph\">{\"@context\":\"https:\\\/\\\/schema.org\",\"@graph\":[{\"@type\":\"WebPage\",\"@id\":\"https:\\\/\\\/www.laomeister.com\\\/fi\\\/toode\\\/komplekteerimiskaru-wds-0\\\/\",\"url\":\"https:\\\/\\\/www.laomeister.com\\\/fi\\\/toode\\\/komplekteerimiskaru-wds-0\\\/\",\"name\":\"Vaunu 738x750x450 mm, jossa on kolme hylly\u00e4 ja py\u00f6r\u00e4t - Balti Laomeister\",\"isPartOf\":{\"@id\":\"https:\\\/\\\/www.laomeister.com\\\/fi\\\/#website\"},\"primaryImageOfPage\":{\"@id\":\"https:\\\/\\\/www.laomeister.com\\\/fi\\\/toode\\\/komplekteerimiskaru-wds-0\\\/#primaryimage\"},\"image\":{\"@id\":\"https:\\\/\\\/www.laomeister.com\\\/fi\\\/toode\\\/komplekteerimiskaru-wds-0\\\/#primaryimage\"},\"thumbnailUrl\":\"https:\\\/\\\/www.laomeister.com\\\/wp-content\\\/uploads\\\/2020\\\/10\\\/226d14ba46165a9cac01c84a902a163e.jpg\",\"datePublished\":\"2020-10-13T12:30:12+00:00\",\"dateModified\":\"2024-07-03T06:26:50+00:00\",\"description\":\"T\u00e4ydellinen varaston ja myym\u00e4l\u00e4n pakkaamiseen.Suunniteltu laatikoille tai hieman suuremmille tavaroille.Kumipy\u00f6r\u00e4t.Irrotettavat sein\u00e4t.Laminaattipohja.\",\"breadcrumb\":{\"@id\":\"https:\\\/\\\/www.laomeister.com\\\/fi\\\/toode\\\/komplekteerimiskaru-wds-0\\\/#breadcrumb\"},\"inLanguage\":\"fi\",\"potentialAction\":[{\"@type\":\"ReadAction\",\"target\":[\"https:\\\/\\\/www.laomeister.com\\\/fi\\\/toode\\\/komplekteerimiskaru-wds-0\\\/\"]}]},{\"@type\":\"ImageObject\",\"inLanguage\":\"fi\",\"@id\":\"https:\\\/\\\/www.laomeister.com\\\/fi\\\/toode\\\/komplekteerimiskaru-wds-0\\\/#primaryimage\",\"url\":\"https:\\\/\\\/www.laomeister.com\\\/wp-content\\\/uploads\\\/2020\\\/10\\\/226d14ba46165a9cac01c84a902a163e.jpg\",\"contentUrl\":\"https:\\\/\\\/www.laomeister.com\\\/wp-content\\\/uploads\\\/2020\\\/10\\\/226d14ba46165a9cac01c84a902a163e.jpg\",\"width\":1024,\"height\":768},{\"@type\":\"BreadcrumbList\",\"@id\":\"https:\\\/\\\/www.laomeister.com\\\/fi\\\/toode\\\/komplekteerimiskaru-wds-0\\\/#breadcrumb\",\"itemListElement\":[{\"@type\":\"ListItem\",\"position\":1,\"name\":\"Home\",\"item\":\"https:\\\/\\\/www.laomeister.com\\\/fi\\\/\"},{\"@type\":\"ListItem\",\"position\":2,\"name\":\"Tuotteet\",\"item\":\"https:\\\/\\\/www.laomeister.com\\\/fi\\\/tuotteet\\\/\"},{\"@type\":\"ListItem\",\"position\":3,\"name\":\"Vaunu 738x750x450 mm, jossa on kolme hylly\u00e4 ja py\u00f6r\u00e4t\"}]},{\"@type\":\"WebSite\",\"@id\":\"https:\\\/\\\/www.laomeister.com\\\/fi\\\/#website\",\"url\":\"https:\\\/\\\/www.laomeister.com\\\/fi\\\/\",\"name\":\"Balti Laomeister\",\"description\":\"Laoriiulid - m&uuml;&uuml;k ja paigaldus\",\"potentialAction\":[{\"@type\":\"SearchAction\",\"target\":{\"@type\":\"EntryPoint\",\"urlTemplate\":\"https:\\\/\\\/www.laomeister.com\\\/fi\\\/?s={search_term_string}\"},\"query-input\":{\"@type\":\"PropertyValueSpecification\",\"valueRequired\":true,\"valueName\":\"search_term_string\"}}],\"inLanguage\":\"fi\"}]}<\/script>\n<!-- \/ Yoast SEO plugin. -->","yoast_head_json":{"title":"Vaunu 738x750x450 mm, jossa on kolme hylly\u00e4 ja py\u00f6r\u00e4t - Balti Laomeister","description":"T\u00e4ydellinen varaston ja myym\u00e4l\u00e4n pakkaamiseen.Suunniteltu laatikoille tai hieman suuremmille tavaroille.Kumipy\u00f6r\u00e4t.Irrotettavat sein\u00e4t.Laminaattipohja.","robots":{"index":"index","follow":"follow","max-snippet":"max-snippet:-1","max-image-preview":"max-image-preview:large","max-video-preview":"max-video-preview:-1"},"canonical":"https:\/\/www.laomeister.com\/fi\/toode\/komplekteerimiskaru-wds-0\/","og_locale":"fi_FI","og_type":"article","og_title":"Vaunu 738x750x450 mm, jossa on kolme hylly\u00e4 ja py\u00f6r\u00e4t - Balti Laomeister","og_description":"T\u00e4ydellinen varaston ja myym\u00e4l\u00e4n pakkaamiseen.Suunniteltu laatikoille tai hieman suuremmille tavaroille.Kumipy\u00f6r\u00e4t.Irrotettavat sein\u00e4t.Laminaattipohja.","og_url":"https:\/\/www.laomeister.com\/fi\/toode\/komplekteerimiskaru-wds-0\/","og_site_name":"Balti Laomeister","article_modified_time":"2024-07-03T06:26:50+00:00","og_image":[{"width":1024,"height":768,"url":"https:\/\/www.laomeister.com\/wp-content\/uploads\/2020\/10\/226d14ba46165a9cac01c84a902a163e.jpg","type":"image\/jpeg"}],"twitter_card":"summary_large_image","schema":{"@context":"https:\/\/schema.org","@graph":[{"@type":"WebPage","@id":"https:\/\/www.laomeister.com\/fi\/toode\/komplekteerimiskaru-wds-0\/","url":"https:\/\/www.laomeister.com\/fi\/toode\/komplekteerimiskaru-wds-0\/","name":"Vaunu 738x750x450 mm, jossa on kolme hylly\u00e4 ja py\u00f6r\u00e4t - Balti Laomeister","isPartOf":{"@id":"https:\/\/www.laomeister.com\/fi\/#website"},"primaryImageOfPage":{"@id":"https:\/\/www.laomeister.com\/fi\/toode\/komplekteerimiskaru-wds-0\/#primaryimage"},"image":{"@id":"https:\/\/www.laomeister.com\/fi\/toode\/komplekteerimiskaru-wds-0\/#primaryimage"},"thumbnailUrl":"https:\/\/www.laomeister.com\/wp-content\/uploads\/2020\/10\/226d14ba46165a9cac01c84a902a163e.jpg","datePublished":"2020-10-13T12:30:12+00:00","dateModified":"2024-07-03T06:26:50+00:00","description":"T\u00e4ydellinen varaston ja myym\u00e4l\u00e4n pakkaamiseen.Suunniteltu laatikoille tai hieman suuremmille tavaroille.Kumipy\u00f6r\u00e4t.Irrotettavat sein\u00e4t.Laminaattipohja.","breadcrumb":{"@id":"https:\/\/www.laomeister.com\/fi\/toode\/komplekteerimiskaru-wds-0\/#breadcrumb"},"inLanguage":"fi","potentialAction":[{"@type":"ReadAction","target":["https:\/\/www.laomeister.com\/fi\/toode\/komplekteerimiskaru-wds-0\/"]}]},{"@type":"ImageObject","inLanguage":"fi","@id":"https:\/\/www.laomeister.com\/fi\/toode\/komplekteerimiskaru-wds-0\/#primaryimage","url":"https:\/\/www.laomeister.com\/wp-content\/uploads\/2020\/10\/226d14ba46165a9cac01c84a902a163e.jpg","contentUrl":"https:\/\/www.laomeister.com\/wp-content\/uploads\/2020\/10\/226d14ba46165a9cac01c84a902a163e.jpg","width":1024,"height":768},{"@type":"BreadcrumbList","@id":"https:\/\/www.laomeister.com\/fi\/toode\/komplekteerimiskaru-wds-0\/#breadcrumb","itemListElement":[{"@type":"ListItem","position":1,"name":"Home","item":"https:\/\/www.laomeister.com\/fi\/"},{"@type":"ListItem","position":2,"name":"Tuotteet","item":"https:\/\/www.laomeister.com\/fi\/tuotteet\/"},{"@type":"ListItem","position":3,"name":"Vaunu 738x750x450 mm, jossa on kolme hylly\u00e4 ja py\u00f6r\u00e4t"}]},{"@type":"WebSite","@id":"https:\/\/www.laomeister.com\/fi\/#website","url":"https:\/\/www.laomeister.com\/fi\/","name":"Balti Laomeister","description":"Laoriiulid - m&uuml;&uuml;k ja paigaldus","potentialAction":[{"@type":"SearchAction","target":{"@type":"EntryPoint","urlTemplate":"https:\/\/www.laomeister.com\/fi\/?s={search_term_string}"},"query-input":{"@type":"PropertyValueSpecification","valueRequired":true,"valueName":"search_term_string"}}],"inLanguage":"fi"}]}},"_links":{"self":[{"href":"https:\/\/www.laomeister.com\/fi\/wp-json\/wp\/v2\/product\/14846","targetHints":{"allow":["GET"]}}],"collection":[{"href":"https:\/\/www.laomeister.com\/fi\/wp-json\/wp\/v2\/product"}],"about":[{"href":"https:\/\/www.laomeister.com\/fi\/wp-json\/wp\/v2\/types\/product"}],"wp:featuredmedia":[{"embeddable":true,"href":"https:\/\/www.laomeister.com\/fi\/wp-json\/wp\/v2\/media\/14850"}],"wp:attachment":[{"href":"https:\/\/www.laomeister.com\/fi\/wp-json\/wp\/v2\/media?parent=14846"}],"wp:term":[{"taxonomy":"product_brand","embeddable":true,"href":"https:\/\/www.laomeister.com\/fi\/wp-json\/wp\/v2\/product_brand?post=14846"},{"taxonomy":"product_cat","embeddable":true,"href":"https:\/\/www.laomeister.com\/fi\/wp-json\/wp\/v2\/product_cat?post=14846"},{"taxonomy":"product_tag","embeddable":true,"href":"https:\/\/www.laomeister.com\/fi\/wp-json\/wp\/v2\/product_tag?post=14846"}],"curies":[{"name":"wp","href":"https:\/\/api.w.org\/{rel}","templated":true}]}}