{"id":14812,"date":"2018-07-04T11:10:41","date_gmt":"2018-07-04T08:10:41","guid":{"rendered":"https:\/\/www.laomeister.com\/product\/kaubaaluste-riiuli-pohiosa-boracs-3500x2750mm-2\/"},"modified":"2024-07-03T10:08:33","modified_gmt":"2024-07-03T07:08:33","slug":"kuormalavahyllyn-paaosa-boracs-3500x2750mm-2","status":"publish","type":"product","link":"https:\/\/www.laomeister.com\/fi\/toode\/kuormalavahyllyn-paaosa-boracs-3500x2750mm-2\/","title":{"rendered":"Kuormalavahylly Pohja Boracs 3500x2750mm"},"content":{"rendered":"","protected":false},"excerpt":{"rendered":"<p><strong>Mitat:<\/strong> 3500 x 2750mm<\/p>\n<p><strong>Hyllyn korkeus:<\/strong> 120 mm<\/p>\n<p><strong>Kantavuus:<\/strong> 3 x 1000 kg<\/p>\n<p>Hyllyst\u00f6n p\u00e4\u00e4osa kuormalavoille sis\u00e4lt\u00e4\u00e4:<\/p>\n<p><strong>Ulkokehys: <\/strong>3500 x 2750 x 90 mm &#8211; 2 kpl;<br \/>\n<strong>Hyllytila:<\/strong> 2750 x 120 x 50 mm &#8211; 4 kpl;<br \/>\nHyllyn tulppa: 8 kpl;<br \/>\nKiila-ankkuri: 10 x 100 mm &#8211; 4 kpl (2 kpl \/ sivurunko)<\/p>\n<p><strong>Soveltuu k\u00e4ytett\u00e4v\u00e4ksi: <\/strong>3 x EUR-lava, suuret varastot ja raskaat tavarat.<\/p>\n<p>Lavatelineen kokoamiseen tarvitaan yksi p\u00e4\u00e4osa ja niin monta jatko-osaa kuin telineen pituus edellytt\u00e4\u00e4.<br \/>\nHinnat perustuvat 1100 mm:n syvyiseen sivusein\u00e4\u00e4n ja 12 tonnin kantavuuteen.<\/p>\n","protected":false},"featured_media":30750,"template":"","meta":[],"product_brand":[],"product_cat":[760,284],"product_tag":[],"class_list":{"0":"post-14812","1":"product","2":"type-product","3":"status-publish","4":"has-post-thumbnail","6":"product_cat-perushyllypaketit","7":"product_cat-laoriiulid-fi","9":"first","10":"instock","11":"taxable","12":"shipping-taxable","13":"purchasable","14":"product-type-simple"},"yoast_head":"<!-- This site is optimized with the Yoast SEO plugin v27.3 - https:\/\/yoast.com\/product\/yoast-seo-wordpress\/ -->\n<title>Kuormalavahylly Pohja Boracs 3500x2750mm - Balti Laomeister<\/title>\n<meta name=\"robots\" content=\"index, follow, max-snippet:-1, max-image-preview:large, max-video-preview:-1\" \/>\n<link rel=\"canonical\" href=\"https:\/\/www.laomeister.com\/fi\/toode\/kuormalavahyllyn-paaosa-boracs-3500x2750mm-2\/\" \/>\n<meta property=\"og:locale\" content=\"fi_FI\" \/>\n<meta property=\"og:type\" content=\"article\" \/>\n<meta property=\"og:title\" content=\"Kuormalavahylly Pohja Boracs 3500x2750mm - Balti Laomeister\" \/>\n<meta property=\"og:description\" content=\"Mitat: 3500 x 2750mm Hyllyn korkeus: 120 mm Kantavuus: 3 x 1000 kg Hyllyst\u00f6n p\u00e4\u00e4osa kuormalavoille sis\u00e4lt\u00e4\u00e4: Ulkokehys: 3500 x 2750 x 90 mm - 2 kpl; Hyllytila: 2750 x 120 x 50 mm - 4 kpl; Hyllyn tulppa: 8 kpl; Kiila-ankkuri: 10 x 100 mm - 4 kpl (2 kpl \/ sivurunko) Soveltuu k\u00e4ytett\u00e4v\u00e4ksi: 3 x EUR-lava, suuret varastot ja raskaat tavarat. Lavatelineen kokoamiseen tarvitaan yksi p\u00e4\u00e4osa ja niin monta jatko-osaa kuin telineen pituus edellytt\u00e4\u00e4. Hinnat perustuvat 1100 mm:n syvyiseen sivusein\u00e4\u00e4n ja 12 tonnin kantavuuteen.\" \/>\n<meta property=\"og:url\" content=\"https:\/\/www.laomeister.com\/fi\/toode\/kuormalavahyllyn-paaosa-boracs-3500x2750mm-2\/\" \/>\n<meta property=\"og:site_name\" content=\"Balti Laomeister\" \/>\n<meta property=\"article:modified_time\" content=\"2024-07-03T07:08:33+00:00\" \/>\n<meta property=\"og:image\" content=\"https:\/\/www.laomeister.com\/wp-content\/uploads\/2018\/07\/3500-2750-osn.jpg\" \/>\n\t<meta property=\"og:image:width\" content=\"2000\" \/>\n\t<meta property=\"og:image:height\" content=\"2000\" \/>\n\t<meta property=\"og:image:type\" content=\"image\/jpeg\" \/>\n<meta name=\"twitter:card\" content=\"summary_large_image\" \/>\n<script type=\"application\/ld+json\" class=\"yoast-schema-graph\">{\"@context\":\"https:\\\/\\\/schema.org\",\"@graph\":[{\"@type\":\"WebPage\",\"@id\":\"https:\\\/\\\/www.laomeister.com\\\/fi\\\/toode\\\/kuormalavahyllyn-paaosa-boracs-3500x2750mm-2\\\/\",\"url\":\"https:\\\/\\\/www.laomeister.com\\\/fi\\\/toode\\\/kuormalavahyllyn-paaosa-boracs-3500x2750mm-2\\\/\",\"name\":\"Kuormalavahylly Pohja Boracs 3500x2750mm - Balti Laomeister\",\"isPartOf\":{\"@id\":\"https:\\\/\\\/www.laomeister.com\\\/fi\\\/#website\"},\"primaryImageOfPage\":{\"@id\":\"https:\\\/\\\/www.laomeister.com\\\/fi\\\/toode\\\/kuormalavahyllyn-paaosa-boracs-3500x2750mm-2\\\/#primaryimage\"},\"image\":{\"@id\":\"https:\\\/\\\/www.laomeister.com\\\/fi\\\/toode\\\/kuormalavahyllyn-paaosa-boracs-3500x2750mm-2\\\/#primaryimage\"},\"thumbnailUrl\":\"https:\\\/\\\/www.laomeister.com\\\/wp-content\\\/uploads\\\/2018\\\/07\\\/3500-2750-osn.jpg\",\"datePublished\":\"2018-07-04T08:10:41+00:00\",\"dateModified\":\"2024-07-03T07:08:33+00:00\",\"breadcrumb\":{\"@id\":\"https:\\\/\\\/www.laomeister.com\\\/fi\\\/toode\\\/kuormalavahyllyn-paaosa-boracs-3500x2750mm-2\\\/#breadcrumb\"},\"inLanguage\":\"fi\",\"potentialAction\":[{\"@type\":\"ReadAction\",\"target\":[\"https:\\\/\\\/www.laomeister.com\\\/fi\\\/toode\\\/kuormalavahyllyn-paaosa-boracs-3500x2750mm-2\\\/\"]}]},{\"@type\":\"ImageObject\",\"inLanguage\":\"fi\",\"@id\":\"https:\\\/\\\/www.laomeister.com\\\/fi\\\/toode\\\/kuormalavahyllyn-paaosa-boracs-3500x2750mm-2\\\/#primaryimage\",\"url\":\"https:\\\/\\\/www.laomeister.com\\\/wp-content\\\/uploads\\\/2018\\\/07\\\/3500-2750-osn.jpg\",\"contentUrl\":\"https:\\\/\\\/www.laomeister.com\\\/wp-content\\\/uploads\\\/2018\\\/07\\\/3500-2750-osn.jpg\",\"width\":2000,\"height\":2000},{\"@type\":\"BreadcrumbList\",\"@id\":\"https:\\\/\\\/www.laomeister.com\\\/fi\\\/toode\\\/kuormalavahyllyn-paaosa-boracs-3500x2750mm-2\\\/#breadcrumb\",\"itemListElement\":[{\"@type\":\"ListItem\",\"position\":1,\"name\":\"Home\",\"item\":\"https:\\\/\\\/www.laomeister.com\\\/fi\\\/\"},{\"@type\":\"ListItem\",\"position\":2,\"name\":\"Tuotteet\",\"item\":\"https:\\\/\\\/www.laomeister.com\\\/fi\\\/tuotteet\\\/\"},{\"@type\":\"ListItem\",\"position\":3,\"name\":\"Kuormalavahylly Pohja Boracs 3500x2750mm\"}]},{\"@type\":\"WebSite\",\"@id\":\"https:\\\/\\\/www.laomeister.com\\\/fi\\\/#website\",\"url\":\"https:\\\/\\\/www.laomeister.com\\\/fi\\\/\",\"name\":\"Balti Laomeister\",\"description\":\"Laoriiulid - m&uuml;&uuml;k ja paigaldus\",\"potentialAction\":[{\"@type\":\"SearchAction\",\"target\":{\"@type\":\"EntryPoint\",\"urlTemplate\":\"https:\\\/\\\/www.laomeister.com\\\/fi\\\/?s={search_term_string}\"},\"query-input\":{\"@type\":\"PropertyValueSpecification\",\"valueRequired\":true,\"valueName\":\"search_term_string\"}}],\"inLanguage\":\"fi\"}]}<\/script>\n<!-- \/ Yoast SEO plugin. -->","yoast_head_json":{"title":"Kuormalavahylly Pohja Boracs 3500x2750mm - Balti Laomeister","robots":{"index":"index","follow":"follow","max-snippet":"max-snippet:-1","max-image-preview":"max-image-preview:large","max-video-preview":"max-video-preview:-1"},"canonical":"https:\/\/www.laomeister.com\/fi\/toode\/kuormalavahyllyn-paaosa-boracs-3500x2750mm-2\/","og_locale":"fi_FI","og_type":"article","og_title":"Kuormalavahylly Pohja Boracs 3500x2750mm - Balti Laomeister","og_description":"Mitat: 3500 x 2750mm Hyllyn korkeus: 120 mm Kantavuus: 3 x 1000 kg Hyllyst\u00f6n p\u00e4\u00e4osa kuormalavoille sis\u00e4lt\u00e4\u00e4: Ulkokehys: 3500 x 2750 x 90 mm - 2 kpl; Hyllytila: 2750 x 120 x 50 mm - 4 kpl; Hyllyn tulppa: 8 kpl; Kiila-ankkuri: 10 x 100 mm - 4 kpl (2 kpl \/ sivurunko) Soveltuu k\u00e4ytett\u00e4v\u00e4ksi: 3 x EUR-lava, suuret varastot ja raskaat tavarat. Lavatelineen kokoamiseen tarvitaan yksi p\u00e4\u00e4osa ja niin monta jatko-osaa kuin telineen pituus edellytt\u00e4\u00e4. Hinnat perustuvat 1100 mm:n syvyiseen sivusein\u00e4\u00e4n ja 12 tonnin kantavuuteen.","og_url":"https:\/\/www.laomeister.com\/fi\/toode\/kuormalavahyllyn-paaosa-boracs-3500x2750mm-2\/","og_site_name":"Balti Laomeister","article_modified_time":"2024-07-03T07:08:33+00:00","og_image":[{"width":2000,"height":2000,"url":"https:\/\/www.laomeister.com\/wp-content\/uploads\/2018\/07\/3500-2750-osn.jpg","type":"image\/jpeg"}],"twitter_card":"summary_large_image","schema":{"@context":"https:\/\/schema.org","@graph":[{"@type":"WebPage","@id":"https:\/\/www.laomeister.com\/fi\/toode\/kuormalavahyllyn-paaosa-boracs-3500x2750mm-2\/","url":"https:\/\/www.laomeister.com\/fi\/toode\/kuormalavahyllyn-paaosa-boracs-3500x2750mm-2\/","name":"Kuormalavahylly Pohja Boracs 3500x2750mm - Balti Laomeister","isPartOf":{"@id":"https:\/\/www.laomeister.com\/fi\/#website"},"primaryImageOfPage":{"@id":"https:\/\/www.laomeister.com\/fi\/toode\/kuormalavahyllyn-paaosa-boracs-3500x2750mm-2\/#primaryimage"},"image":{"@id":"https:\/\/www.laomeister.com\/fi\/toode\/kuormalavahyllyn-paaosa-boracs-3500x2750mm-2\/#primaryimage"},"thumbnailUrl":"https:\/\/www.laomeister.com\/wp-content\/uploads\/2018\/07\/3500-2750-osn.jpg","datePublished":"2018-07-04T08:10:41+00:00","dateModified":"2024-07-03T07:08:33+00:00","breadcrumb":{"@id":"https:\/\/www.laomeister.com\/fi\/toode\/kuormalavahyllyn-paaosa-boracs-3500x2750mm-2\/#breadcrumb"},"inLanguage":"fi","potentialAction":[{"@type":"ReadAction","target":["https:\/\/www.laomeister.com\/fi\/toode\/kuormalavahyllyn-paaosa-boracs-3500x2750mm-2\/"]}]},{"@type":"ImageObject","inLanguage":"fi","@id":"https:\/\/www.laomeister.com\/fi\/toode\/kuormalavahyllyn-paaosa-boracs-3500x2750mm-2\/#primaryimage","url":"https:\/\/www.laomeister.com\/wp-content\/uploads\/2018\/07\/3500-2750-osn.jpg","contentUrl":"https:\/\/www.laomeister.com\/wp-content\/uploads\/2018\/07\/3500-2750-osn.jpg","width":2000,"height":2000},{"@type":"BreadcrumbList","@id":"https:\/\/www.laomeister.com\/fi\/toode\/kuormalavahyllyn-paaosa-boracs-3500x2750mm-2\/#breadcrumb","itemListElement":[{"@type":"ListItem","position":1,"name":"Home","item":"https:\/\/www.laomeister.com\/fi\/"},{"@type":"ListItem","position":2,"name":"Tuotteet","item":"https:\/\/www.laomeister.com\/fi\/tuotteet\/"},{"@type":"ListItem","position":3,"name":"Kuormalavahylly Pohja Boracs 3500x2750mm"}]},{"@type":"WebSite","@id":"https:\/\/www.laomeister.com\/fi\/#website","url":"https:\/\/www.laomeister.com\/fi\/","name":"Balti Laomeister","description":"Laoriiulid - m&uuml;&uuml;k ja paigaldus","potentialAction":[{"@type":"SearchAction","target":{"@type":"EntryPoint","urlTemplate":"https:\/\/www.laomeister.com\/fi\/?s={search_term_string}"},"query-input":{"@type":"PropertyValueSpecification","valueRequired":true,"valueName":"search_term_string"}}],"inLanguage":"fi"}]}},"_links":{"self":[{"href":"https:\/\/www.laomeister.com\/fi\/wp-json\/wp\/v2\/product\/14812","targetHints":{"allow":["GET"]}}],"collection":[{"href":"https:\/\/www.laomeister.com\/fi\/wp-json\/wp\/v2\/product"}],"about":[{"href":"https:\/\/www.laomeister.com\/fi\/wp-json\/wp\/v2\/types\/product"}],"wp:featuredmedia":[{"embeddable":true,"href":"https:\/\/www.laomeister.com\/fi\/wp-json\/wp\/v2\/media\/30750"}],"wp:attachment":[{"href":"https:\/\/www.laomeister.com\/fi\/wp-json\/wp\/v2\/media?parent=14812"}],"wp:term":[{"taxonomy":"product_brand","embeddable":true,"href":"https:\/\/www.laomeister.com\/fi\/wp-json\/wp\/v2\/product_brand?post=14812"},{"taxonomy":"product_cat","embeddable":true,"href":"https:\/\/www.laomeister.com\/fi\/wp-json\/wp\/v2\/product_cat?post=14812"},{"taxonomy":"product_tag","embeddable":true,"href":"https:\/\/www.laomeister.com\/fi\/wp-json\/wp\/v2\/product_tag?post=14812"}],"curies":[{"name":"wp","href":"https:\/\/api.w.org\/{rel}","templated":true}]}}