{"id":14702,"date":"2018-07-05T14:40:55","date_gmt":"2018-07-05T11:40:55","guid":{"rendered":"https:\/\/www.laomeister.com\/product\/meediumriiuli-pohiosa-3000-x-2300-x-600\/"},"modified":"2024-07-03T10:18:11","modified_gmt":"2024-07-03T07:18:11","slug":"pientavarahyllyn-perusosa-3000-x-2300-x-600","status":"publish","type":"product","link":"https:\/\/www.laomeister.com\/fi\/toode\/pientavarahyllyn-perusosa-3000-x-2300-x-600\/","title":{"rendered":"Mediahyllyn p\u00e4\u00e4osa 3000 x 2300 x 600mm"},"content":{"rendered":"","protected":false},"excerpt":{"rendered":"<p><strong>Korkeus: <\/strong>3000 mm <strong>Leveys: <\/strong>2300 mm <strong>Syvyys: <\/strong>600 mm<\/p>\n<p><strong>Hyllyn korkeus:<\/strong> 60 mm <strong>Hyllyn p\u00e4\u00e4osan leveys:<\/strong> 2300+2 x 55 mm (tolppa)=2410 mm.<br \/>\n<strong>Kantavuus: <\/strong>385 kg tasalevy<\/p>\n<p><strong>Medialaatikon p\u00e4\u00e4osassa on:<\/strong><\/p>\n<p>Ulkokehys: 3000x 55 x 600 mm &#8211; 2 kpl;<br \/>\n<strong>Hyllytilaa:<\/strong> 2300 x 60 x 40 mm &#8211; 6 kpl;<br \/>\n<strong>Hyllyn tulppa:<\/strong> 12 kpl;<\/p>\n<p><strong>Hyllyn pintamateriaali: EI SIS\u00c4LTYNYT HINTAAN!  <\/strong><br \/>\n<strong>Tarvittaessa asiakas voi valita pintamateriaalin <\/strong>, olipa se sitten kosteudenkest\u00e4v\u00e4 vaneri, sahanpurulevy tai metallilevy.<\/p>\n<p><strong>NB!<\/strong><br \/>\nEsimerkkin\u00e4 on esitetty 3-tasoinen hylly. Tasoaskel 50 mm.<br \/>\nRakenna oma palkkien ja kehysten sarjasi. 2 kehyksest\u00e4 ja 2 parista palkkia.<br \/>\nKokoamme kehykset itse, joten sinulle j\u00e4\u00e4 v\u00e4hemm\u00e4n p\u00e4\u00e4nvaivaa!<br \/>\n<strong>Soveltuu: <\/strong>erilaisten tavaroiden varastointiin<\/p>\n","protected":false},"featured_media":9336,"template":"","meta":[],"product_brand":[],"product_cat":[284,292],"product_tag":[],"class_list":{"0":"post-14702","1":"product","2":"type-product","3":"status-publish","4":"has-post-thumbnail","6":"product_cat-laoriiulid-fi","7":"product_cat-meediumriiulid-fi","9":"first","10":"instock","11":"taxable","12":"shipping-taxable","13":"purchasable","14":"product-type-simple"},"yoast_head":"<!-- This site is optimized with the Yoast SEO plugin v27.3 - https:\/\/yoast.com\/product\/yoast-seo-wordpress\/ -->\n<title>Mediahyllyn p\u00e4\u00e4osa 3000 x 2300 x 600mm - Balti Laomeister<\/title>\n<meta name=\"robots\" content=\"index, follow, max-snippet:-1, max-image-preview:large, max-video-preview:-1\" \/>\n<link rel=\"canonical\" href=\"https:\/\/www.laomeister.com\/fi\/toode\/pientavarahyllyn-perusosa-3000-x-2300-x-600\/\" \/>\n<meta property=\"og:locale\" content=\"fi_FI\" \/>\n<meta property=\"og:type\" content=\"article\" \/>\n<meta property=\"og:title\" content=\"Mediahyllyn p\u00e4\u00e4osa 3000 x 2300 x 600mm - Balti Laomeister\" \/>\n<meta property=\"og:description\" content=\"Korkeus: 3000 mm Leveys: 2300 mm Syvyys: 600 mm Hyllyn korkeus: 60 mm Hyllyn p\u00e4\u00e4osan leveys: 2300+2 x 55 mm (tolppa)=2410 mm. Kantavuus: 385 kg tasalevy Medialaatikon p\u00e4\u00e4osassa on: Ulkokehys: 3000x 55 x 600 mm - 2 kpl; Hyllytilaa: 2300 x 60 x 40 mm - 6 kpl; Hyllyn tulppa: 12 kpl; Hyllyn pintamateriaali: EI SIS\u00c4LTYNYT HINTAAN!  Tarvittaessa asiakas voi valita pintamateriaalin , olipa se sitten kosteudenkest\u00e4v\u00e4 vaneri, sahanpurulevy tai metallilevy. NB! Esimerkkin\u00e4 on esitetty 3-tasoinen hylly. Tasoaskel 50 mm. Rakenna oma palkkien ja kehysten sarjasi. 2 kehyksest\u00e4 ja 2 parista palkkia. Kokoamme kehykset itse, joten sinulle j\u00e4\u00e4 v\u00e4hemm\u00e4n p\u00e4\u00e4nvaivaa! Soveltuu: erilaisten tavaroiden varastointiin\" \/>\n<meta property=\"og:url\" content=\"https:\/\/www.laomeister.com\/fi\/toode\/pientavarahyllyn-perusosa-3000-x-2300-x-600\/\" \/>\n<meta property=\"og:site_name\" content=\"Balti Laomeister\" \/>\n<meta property=\"article:modified_time\" content=\"2024-07-03T07:18:11+00:00\" \/>\n<meta property=\"og:image\" content=\"https:\/\/www.laomeister.com\/wp-content\/uploads\/2020\/01\/LAORIIUL-MEEDIUM-3000x2300mm-scaled.jpg\" \/>\n\t<meta property=\"og:image:width\" content=\"2560\" \/>\n\t<meta property=\"og:image:height\" content=\"2560\" \/>\n\t<meta property=\"og:image:type\" content=\"image\/jpeg\" \/>\n<meta name=\"twitter:card\" content=\"summary_large_image\" \/>\n<script type=\"application\/ld+json\" class=\"yoast-schema-graph\">{\"@context\":\"https:\\\/\\\/schema.org\",\"@graph\":[{\"@type\":\"WebPage\",\"@id\":\"https:\\\/\\\/www.laomeister.com\\\/fi\\\/toode\\\/pientavarahyllyn-perusosa-3000-x-2300-x-600\\\/\",\"url\":\"https:\\\/\\\/www.laomeister.com\\\/fi\\\/toode\\\/pientavarahyllyn-perusosa-3000-x-2300-x-600\\\/\",\"name\":\"Mediahyllyn p\u00e4\u00e4osa 3000 x 2300 x 600mm - Balti Laomeister\",\"isPartOf\":{\"@id\":\"https:\\\/\\\/www.laomeister.com\\\/fi\\\/#website\"},\"primaryImageOfPage\":{\"@id\":\"https:\\\/\\\/www.laomeister.com\\\/fi\\\/toode\\\/pientavarahyllyn-perusosa-3000-x-2300-x-600\\\/#primaryimage\"},\"image\":{\"@id\":\"https:\\\/\\\/www.laomeister.com\\\/fi\\\/toode\\\/pientavarahyllyn-perusosa-3000-x-2300-x-600\\\/#primaryimage\"},\"thumbnailUrl\":\"https:\\\/\\\/www.laomeister.com\\\/wp-content\\\/uploads\\\/2020\\\/01\\\/LAORIIUL-MEEDIUM-3000x2300mm-scaled.jpg\",\"datePublished\":\"2018-07-05T11:40:55+00:00\",\"dateModified\":\"2024-07-03T07:18:11+00:00\",\"breadcrumb\":{\"@id\":\"https:\\\/\\\/www.laomeister.com\\\/fi\\\/toode\\\/pientavarahyllyn-perusosa-3000-x-2300-x-600\\\/#breadcrumb\"},\"inLanguage\":\"fi\",\"potentialAction\":[{\"@type\":\"ReadAction\",\"target\":[\"https:\\\/\\\/www.laomeister.com\\\/fi\\\/toode\\\/pientavarahyllyn-perusosa-3000-x-2300-x-600\\\/\"]}]},{\"@type\":\"ImageObject\",\"inLanguage\":\"fi\",\"@id\":\"https:\\\/\\\/www.laomeister.com\\\/fi\\\/toode\\\/pientavarahyllyn-perusosa-3000-x-2300-x-600\\\/#primaryimage\",\"url\":\"https:\\\/\\\/www.laomeister.com\\\/wp-content\\\/uploads\\\/2020\\\/01\\\/LAORIIUL-MEEDIUM-3000x2300mm-scaled.jpg\",\"contentUrl\":\"https:\\\/\\\/www.laomeister.com\\\/wp-content\\\/uploads\\\/2020\\\/01\\\/LAORIIUL-MEEDIUM-3000x2300mm-scaled.jpg\",\"width\":2560,\"height\":2560},{\"@type\":\"BreadcrumbList\",\"@id\":\"https:\\\/\\\/www.laomeister.com\\\/fi\\\/toode\\\/pientavarahyllyn-perusosa-3000-x-2300-x-600\\\/#breadcrumb\",\"itemListElement\":[{\"@type\":\"ListItem\",\"position\":1,\"name\":\"Home\",\"item\":\"https:\\\/\\\/www.laomeister.com\\\/fi\\\/\"},{\"@type\":\"ListItem\",\"position\":2,\"name\":\"Tuotteet\",\"item\":\"https:\\\/\\\/www.laomeister.com\\\/fi\\\/tuotteet\\\/\"},{\"@type\":\"ListItem\",\"position\":3,\"name\":\"Mediahyllyn p\u00e4\u00e4osa 3000 x 2300 x 600mm\"}]},{\"@type\":\"WebSite\",\"@id\":\"https:\\\/\\\/www.laomeister.com\\\/fi\\\/#website\",\"url\":\"https:\\\/\\\/www.laomeister.com\\\/fi\\\/\",\"name\":\"Balti Laomeister\",\"description\":\"Laoriiulid - m&uuml;&uuml;k ja paigaldus\",\"potentialAction\":[{\"@type\":\"SearchAction\",\"target\":{\"@type\":\"EntryPoint\",\"urlTemplate\":\"https:\\\/\\\/www.laomeister.com\\\/fi\\\/?s={search_term_string}\"},\"query-input\":{\"@type\":\"PropertyValueSpecification\",\"valueRequired\":true,\"valueName\":\"search_term_string\"}}],\"inLanguage\":\"fi\"}]}<\/script>\n<!-- \/ Yoast SEO plugin. -->","yoast_head_json":{"title":"Mediahyllyn p\u00e4\u00e4osa 3000 x 2300 x 600mm - Balti Laomeister","robots":{"index":"index","follow":"follow","max-snippet":"max-snippet:-1","max-image-preview":"max-image-preview:large","max-video-preview":"max-video-preview:-1"},"canonical":"https:\/\/www.laomeister.com\/fi\/toode\/pientavarahyllyn-perusosa-3000-x-2300-x-600\/","og_locale":"fi_FI","og_type":"article","og_title":"Mediahyllyn p\u00e4\u00e4osa 3000 x 2300 x 600mm - Balti Laomeister","og_description":"Korkeus: 3000 mm Leveys: 2300 mm Syvyys: 600 mm Hyllyn korkeus: 60 mm Hyllyn p\u00e4\u00e4osan leveys: 2300+2 x 55 mm (tolppa)=2410 mm. Kantavuus: 385 kg tasalevy Medialaatikon p\u00e4\u00e4osassa on: Ulkokehys: 3000x 55 x 600 mm - 2 kpl; Hyllytilaa: 2300 x 60 x 40 mm - 6 kpl; Hyllyn tulppa: 12 kpl; Hyllyn pintamateriaali: EI SIS\u00c4LTYNYT HINTAAN!  Tarvittaessa asiakas voi valita pintamateriaalin , olipa se sitten kosteudenkest\u00e4v\u00e4 vaneri, sahanpurulevy tai metallilevy. NB! Esimerkkin\u00e4 on esitetty 3-tasoinen hylly. Tasoaskel 50 mm. Rakenna oma palkkien ja kehysten sarjasi. 2 kehyksest\u00e4 ja 2 parista palkkia. Kokoamme kehykset itse, joten sinulle j\u00e4\u00e4 v\u00e4hemm\u00e4n p\u00e4\u00e4nvaivaa! Soveltuu: erilaisten tavaroiden varastointiin","og_url":"https:\/\/www.laomeister.com\/fi\/toode\/pientavarahyllyn-perusosa-3000-x-2300-x-600\/","og_site_name":"Balti Laomeister","article_modified_time":"2024-07-03T07:18:11+00:00","og_image":[{"width":2560,"height":2560,"url":"https:\/\/www.laomeister.com\/wp-content\/uploads\/2020\/01\/LAORIIUL-MEEDIUM-3000x2300mm-scaled.jpg","type":"image\/jpeg"}],"twitter_card":"summary_large_image","schema":{"@context":"https:\/\/schema.org","@graph":[{"@type":"WebPage","@id":"https:\/\/www.laomeister.com\/fi\/toode\/pientavarahyllyn-perusosa-3000-x-2300-x-600\/","url":"https:\/\/www.laomeister.com\/fi\/toode\/pientavarahyllyn-perusosa-3000-x-2300-x-600\/","name":"Mediahyllyn p\u00e4\u00e4osa 3000 x 2300 x 600mm - Balti Laomeister","isPartOf":{"@id":"https:\/\/www.laomeister.com\/fi\/#website"},"primaryImageOfPage":{"@id":"https:\/\/www.laomeister.com\/fi\/toode\/pientavarahyllyn-perusosa-3000-x-2300-x-600\/#primaryimage"},"image":{"@id":"https:\/\/www.laomeister.com\/fi\/toode\/pientavarahyllyn-perusosa-3000-x-2300-x-600\/#primaryimage"},"thumbnailUrl":"https:\/\/www.laomeister.com\/wp-content\/uploads\/2020\/01\/LAORIIUL-MEEDIUM-3000x2300mm-scaled.jpg","datePublished":"2018-07-05T11:40:55+00:00","dateModified":"2024-07-03T07:18:11+00:00","breadcrumb":{"@id":"https:\/\/www.laomeister.com\/fi\/toode\/pientavarahyllyn-perusosa-3000-x-2300-x-600\/#breadcrumb"},"inLanguage":"fi","potentialAction":[{"@type":"ReadAction","target":["https:\/\/www.laomeister.com\/fi\/toode\/pientavarahyllyn-perusosa-3000-x-2300-x-600\/"]}]},{"@type":"ImageObject","inLanguage":"fi","@id":"https:\/\/www.laomeister.com\/fi\/toode\/pientavarahyllyn-perusosa-3000-x-2300-x-600\/#primaryimage","url":"https:\/\/www.laomeister.com\/wp-content\/uploads\/2020\/01\/LAORIIUL-MEEDIUM-3000x2300mm-scaled.jpg","contentUrl":"https:\/\/www.laomeister.com\/wp-content\/uploads\/2020\/01\/LAORIIUL-MEEDIUM-3000x2300mm-scaled.jpg","width":2560,"height":2560},{"@type":"BreadcrumbList","@id":"https:\/\/www.laomeister.com\/fi\/toode\/pientavarahyllyn-perusosa-3000-x-2300-x-600\/#breadcrumb","itemListElement":[{"@type":"ListItem","position":1,"name":"Home","item":"https:\/\/www.laomeister.com\/fi\/"},{"@type":"ListItem","position":2,"name":"Tuotteet","item":"https:\/\/www.laomeister.com\/fi\/tuotteet\/"},{"@type":"ListItem","position":3,"name":"Mediahyllyn p\u00e4\u00e4osa 3000 x 2300 x 600mm"}]},{"@type":"WebSite","@id":"https:\/\/www.laomeister.com\/fi\/#website","url":"https:\/\/www.laomeister.com\/fi\/","name":"Balti Laomeister","description":"Laoriiulid - m&uuml;&uuml;k ja paigaldus","potentialAction":[{"@type":"SearchAction","target":{"@type":"EntryPoint","urlTemplate":"https:\/\/www.laomeister.com\/fi\/?s={search_term_string}"},"query-input":{"@type":"PropertyValueSpecification","valueRequired":true,"valueName":"search_term_string"}}],"inLanguage":"fi"}]}},"_links":{"self":[{"href":"https:\/\/www.laomeister.com\/fi\/wp-json\/wp\/v2\/product\/14702","targetHints":{"allow":["GET"]}}],"collection":[{"href":"https:\/\/www.laomeister.com\/fi\/wp-json\/wp\/v2\/product"}],"about":[{"href":"https:\/\/www.laomeister.com\/fi\/wp-json\/wp\/v2\/types\/product"}],"wp:featuredmedia":[{"embeddable":true,"href":"https:\/\/www.laomeister.com\/fi\/wp-json\/wp\/v2\/media\/9336"}],"wp:attachment":[{"href":"https:\/\/www.laomeister.com\/fi\/wp-json\/wp\/v2\/media?parent=14702"}],"wp:term":[{"taxonomy":"product_brand","embeddable":true,"href":"https:\/\/www.laomeister.com\/fi\/wp-json\/wp\/v2\/product_brand?post=14702"},{"taxonomy":"product_cat","embeddable":true,"href":"https:\/\/www.laomeister.com\/fi\/wp-json\/wp\/v2\/product_cat?post=14702"},{"taxonomy":"product_tag","embeddable":true,"href":"https:\/\/www.laomeister.com\/fi\/wp-json\/wp\/v2\/product_tag?post=14702"}],"curies":[{"name":"wp","href":"https:\/\/api.w.org\/{rel}","templated":true}]}}