{"id":14537,"date":"2018-07-06T11:50:23","date_gmt":"2018-07-06T08:50:23","guid":{"rendered":"https:\/\/www.laomeister.com\/product\/moodulriiuli-pohiosa-2278-x-994-x-800\/"},"modified":"2024-07-03T09:58:53","modified_gmt":"2024-07-03T06:58:53","slug":"moduulihyllyn-perusosa-2278-x-994-x-800","status":"publish","type":"product","link":"https:\/\/www.laomeister.com\/fi\/toode\/moduulihyllyn-perusosa-2278-x-994-x-800\/","title":{"rendered":"Modulaarinen hyllytaso, 2278 x 994 x 800mm, 200 kg:n painoinen levy"},"content":{"rendered":"","protected":false},"excerpt":{"rendered":"<p><strong>Korkeus: <\/strong>2278 mm <strong>Leveys: <\/strong>994 mm <strong>Syvyys: <\/strong>800 mm<\/p>\n<p><strong>Hyllyn korkeus:<\/strong> 30 mm <strong>Hyllyn pohjan leveys:<\/strong> 994+2 x 31 mm (tolppa)=1056 mm.<br \/>\n<strong>Kantavuus: 200<\/strong> kg tasainen <strong>kantavuus<\/strong> <\/p>\n<p><strong>Modulaarisen hyllyn p\u00e4\u00e4osassa on:<\/strong><\/p>\n<p><strong>Ulkorunko: <\/strong>2278 x 31 x 800 mm &#8211; 2 kpl;<br \/>\n<strong>Hylly:<\/strong> 994 x 30 x 800 mm &#8211; 5 kpl;<br \/>\n<strong>Tukiristikko: <\/strong>1 kpl.<\/p>\n<p>Kiistatta luokkansa paras Lao. Kunnollista saksalaista laatua. SSI SCH\u00c4FER on yksi maailman johtavista varastolaitteiden ja automaation toimittajista. Hyllylle on ominaista tukeva, ristinmuotoinen pylv\u00e4s, johon hyllyn kannattimet on puristettu. Hyllyn asentoa on eritt\u00e4in helppo muuttaa laatikkoperiaatteella ilman erillisi\u00e4 tukia, pultteja tai ruuveja.<\/p>\n<p>Tukevien hyllytolppiensa ansiosta s\u00e4ilytyshylly soveltuu v\u00e4lipohjan suunnitteluun.<\/p>\n<p>NB!<br \/>\nEsimerkkin\u00e4 on esitetty 5-tasoinen modulaarinen hylly. Tasoaskel on 50 mm. Kokoa oma laatta- ja kehyssarjasi alkaen 2 kehyksest\u00e4 ja 3 laatasta. Kokoamme kehykset puolestasi, joten sinulla on v\u00e4hemm\u00e4n p\u00e4\u00e4nvaivaa.<\/p>\n<p><strong>Soveltuu k\u00e4ytett\u00e4v\u00e4ksi:<\/strong> erilaisten pienempien tavaroiden, pienten tavaroiden kanssa. K\u00e4yt\u00e4 my\u00f6s saman hyllyvalmistajan valmistamia ja tarkasti mitoitettuja hyllyj\u00e4.<\/p>\n<p>https:\/\/youtu.be\/qXxqp4J50rQ<\/p>\n","protected":false},"featured_media":6431,"template":"","meta":[],"product_brand":[],"product_cat":[284,697],"product_tag":[],"class_list":{"0":"post-14537","1":"product","2":"type-product","3":"status-publish","4":"has-post-thumbnail","6":"product_cat-laoriiulid-fi","7":"product_cat-schafer-modulaarinen-hyllysto-100-300kg-kuormatila","9":"first","10":"instock","11":"taxable","12":"shipping-taxable","13":"purchasable","14":"product-type-simple"},"yoast_head":"<!-- This site is optimized with the Yoast SEO plugin v27.3 - https:\/\/yoast.com\/product\/yoast-seo-wordpress\/ -->\n<title>Modulaarinen hyllytaso, 2278 x 994 x 800mm, 200 kg:n painoinen levy - Balti Laomeister<\/title>\n<meta name=\"description\" content=\"Kiistatta luokkansa paras Lao. Kunnollista saksalaista laatua. SSI SCH\u00c4FER on yksi maailman johtavista varastolaitteiden ja automaation toimittajista.\" \/>\n<meta name=\"robots\" content=\"index, follow, max-snippet:-1, max-image-preview:large, max-video-preview:-1\" \/>\n<link rel=\"canonical\" href=\"https:\/\/www.laomeister.com\/fi\/toode\/moduulihyllyn-perusosa-2278-x-994-x-800\/\" \/>\n<meta property=\"og:locale\" content=\"fi_FI\" \/>\n<meta property=\"og:type\" content=\"article\" \/>\n<meta property=\"og:title\" content=\"Modulaarinen hyllytaso, 2278 x 994 x 800mm, 200 kg:n painoinen levy - Balti Laomeister\" \/>\n<meta property=\"og:description\" content=\"Kiistatta luokkansa paras Lao. Kunnollista saksalaista laatua. SSI SCH\u00c4FER on yksi maailman johtavista varastolaitteiden ja automaation toimittajista.\" \/>\n<meta property=\"og:url\" content=\"https:\/\/www.laomeister.com\/fi\/toode\/moduulihyllyn-perusosa-2278-x-994-x-800\/\" \/>\n<meta property=\"og:site_name\" content=\"Balti Laomeister\" \/>\n<meta property=\"article:modified_time\" content=\"2024-07-03T06:58:53+00:00\" \/>\n<meta property=\"og:image\" content=\"https:\/\/www.laomeister.com\/wp-content\/uploads\/2018\/07\/MOODULRIIUL-2278x994.jpg\" \/>\n\t<meta property=\"og:image:width\" content=\"2000\" \/>\n\t<meta property=\"og:image:height\" content=\"2000\" \/>\n\t<meta property=\"og:image:type\" content=\"image\/jpeg\" \/>\n<meta name=\"twitter:card\" content=\"summary_large_image\" \/>\n<script type=\"application\/ld+json\" class=\"yoast-schema-graph\">{\"@context\":\"https:\\\/\\\/schema.org\",\"@graph\":[{\"@type\":\"WebPage\",\"@id\":\"https:\\\/\\\/www.laomeister.com\\\/fi\\\/toode\\\/moduulihyllyn-perusosa-2278-x-994-x-800\\\/\",\"url\":\"https:\\\/\\\/www.laomeister.com\\\/fi\\\/toode\\\/moduulihyllyn-perusosa-2278-x-994-x-800\\\/\",\"name\":\"Modulaarinen hyllytaso, 2278 x 994 x 800mm, 200 kg:n painoinen levy - Balti Laomeister\",\"isPartOf\":{\"@id\":\"https:\\\/\\\/www.laomeister.com\\\/fi\\\/#website\"},\"primaryImageOfPage\":{\"@id\":\"https:\\\/\\\/www.laomeister.com\\\/fi\\\/toode\\\/moduulihyllyn-perusosa-2278-x-994-x-800\\\/#primaryimage\"},\"image\":{\"@id\":\"https:\\\/\\\/www.laomeister.com\\\/fi\\\/toode\\\/moduulihyllyn-perusosa-2278-x-994-x-800\\\/#primaryimage\"},\"thumbnailUrl\":\"https:\\\/\\\/www.laomeister.com\\\/wp-content\\\/uploads\\\/2018\\\/07\\\/MOODULRIIUL-2278x994.jpg\",\"datePublished\":\"2018-07-06T08:50:23+00:00\",\"dateModified\":\"2024-07-03T06:58:53+00:00\",\"description\":\"Kiistatta luokkansa paras Lao. Kunnollista saksalaista laatua. SSI SCH\u00c4FER on yksi maailman johtavista varastolaitteiden ja automaation toimittajista.\",\"breadcrumb\":{\"@id\":\"https:\\\/\\\/www.laomeister.com\\\/fi\\\/toode\\\/moduulihyllyn-perusosa-2278-x-994-x-800\\\/#breadcrumb\"},\"inLanguage\":\"fi\",\"potentialAction\":[{\"@type\":\"ReadAction\",\"target\":[\"https:\\\/\\\/www.laomeister.com\\\/fi\\\/toode\\\/moduulihyllyn-perusosa-2278-x-994-x-800\\\/\"]}]},{\"@type\":\"ImageObject\",\"inLanguage\":\"fi\",\"@id\":\"https:\\\/\\\/www.laomeister.com\\\/fi\\\/toode\\\/moduulihyllyn-perusosa-2278-x-994-x-800\\\/#primaryimage\",\"url\":\"https:\\\/\\\/www.laomeister.com\\\/wp-content\\\/uploads\\\/2018\\\/07\\\/MOODULRIIUL-2278x994.jpg\",\"contentUrl\":\"https:\\\/\\\/www.laomeister.com\\\/wp-content\\\/uploads\\\/2018\\\/07\\\/MOODULRIIUL-2278x994.jpg\",\"width\":2000,\"height\":2000,\"caption\":\"Moduulihyllyt\"},{\"@type\":\"BreadcrumbList\",\"@id\":\"https:\\\/\\\/www.laomeister.com\\\/fi\\\/toode\\\/moduulihyllyn-perusosa-2278-x-994-x-800\\\/#breadcrumb\",\"itemListElement\":[{\"@type\":\"ListItem\",\"position\":1,\"name\":\"Home\",\"item\":\"https:\\\/\\\/www.laomeister.com\\\/fi\\\/\"},{\"@type\":\"ListItem\",\"position\":2,\"name\":\"Tuotteet\",\"item\":\"https:\\\/\\\/www.laomeister.com\\\/fi\\\/tuotteet\\\/\"},{\"@type\":\"ListItem\",\"position\":3,\"name\":\"Modulaarinen hyllytaso, 2278 x 994 x 800mm, 200 kg:n painoinen levy\"}]},{\"@type\":\"WebSite\",\"@id\":\"https:\\\/\\\/www.laomeister.com\\\/fi\\\/#website\",\"url\":\"https:\\\/\\\/www.laomeister.com\\\/fi\\\/\",\"name\":\"Balti Laomeister\",\"description\":\"Laoriiulid - m&uuml;&uuml;k ja paigaldus\",\"potentialAction\":[{\"@type\":\"SearchAction\",\"target\":{\"@type\":\"EntryPoint\",\"urlTemplate\":\"https:\\\/\\\/www.laomeister.com\\\/fi\\\/?s={search_term_string}\"},\"query-input\":{\"@type\":\"PropertyValueSpecification\",\"valueRequired\":true,\"valueName\":\"search_term_string\"}}],\"inLanguage\":\"fi\"}]}<\/script>\n<!-- \/ Yoast SEO plugin. -->","yoast_head_json":{"title":"Modulaarinen hyllytaso, 2278 x 994 x 800mm, 200 kg:n painoinen levy - Balti Laomeister","description":"Kiistatta luokkansa paras Lao. Kunnollista saksalaista laatua. SSI SCH\u00c4FER on yksi maailman johtavista varastolaitteiden ja automaation toimittajista.","robots":{"index":"index","follow":"follow","max-snippet":"max-snippet:-1","max-image-preview":"max-image-preview:large","max-video-preview":"max-video-preview:-1"},"canonical":"https:\/\/www.laomeister.com\/fi\/toode\/moduulihyllyn-perusosa-2278-x-994-x-800\/","og_locale":"fi_FI","og_type":"article","og_title":"Modulaarinen hyllytaso, 2278 x 994 x 800mm, 200 kg:n painoinen levy - Balti Laomeister","og_description":"Kiistatta luokkansa paras Lao. Kunnollista saksalaista laatua. SSI SCH\u00c4FER on yksi maailman johtavista varastolaitteiden ja automaation toimittajista.","og_url":"https:\/\/www.laomeister.com\/fi\/toode\/moduulihyllyn-perusosa-2278-x-994-x-800\/","og_site_name":"Balti Laomeister","article_modified_time":"2024-07-03T06:58:53+00:00","og_image":[{"width":2000,"height":2000,"url":"https:\/\/www.laomeister.com\/wp-content\/uploads\/2018\/07\/MOODULRIIUL-2278x994.jpg","type":"image\/jpeg"}],"twitter_card":"summary_large_image","schema":{"@context":"https:\/\/schema.org","@graph":[{"@type":"WebPage","@id":"https:\/\/www.laomeister.com\/fi\/toode\/moduulihyllyn-perusosa-2278-x-994-x-800\/","url":"https:\/\/www.laomeister.com\/fi\/toode\/moduulihyllyn-perusosa-2278-x-994-x-800\/","name":"Modulaarinen hyllytaso, 2278 x 994 x 800mm, 200 kg:n painoinen levy - Balti Laomeister","isPartOf":{"@id":"https:\/\/www.laomeister.com\/fi\/#website"},"primaryImageOfPage":{"@id":"https:\/\/www.laomeister.com\/fi\/toode\/moduulihyllyn-perusosa-2278-x-994-x-800\/#primaryimage"},"image":{"@id":"https:\/\/www.laomeister.com\/fi\/toode\/moduulihyllyn-perusosa-2278-x-994-x-800\/#primaryimage"},"thumbnailUrl":"https:\/\/www.laomeister.com\/wp-content\/uploads\/2018\/07\/MOODULRIIUL-2278x994.jpg","datePublished":"2018-07-06T08:50:23+00:00","dateModified":"2024-07-03T06:58:53+00:00","description":"Kiistatta luokkansa paras Lao. Kunnollista saksalaista laatua. SSI SCH\u00c4FER on yksi maailman johtavista varastolaitteiden ja automaation toimittajista.","breadcrumb":{"@id":"https:\/\/www.laomeister.com\/fi\/toode\/moduulihyllyn-perusosa-2278-x-994-x-800\/#breadcrumb"},"inLanguage":"fi","potentialAction":[{"@type":"ReadAction","target":["https:\/\/www.laomeister.com\/fi\/toode\/moduulihyllyn-perusosa-2278-x-994-x-800\/"]}]},{"@type":"ImageObject","inLanguage":"fi","@id":"https:\/\/www.laomeister.com\/fi\/toode\/moduulihyllyn-perusosa-2278-x-994-x-800\/#primaryimage","url":"https:\/\/www.laomeister.com\/wp-content\/uploads\/2018\/07\/MOODULRIIUL-2278x994.jpg","contentUrl":"https:\/\/www.laomeister.com\/wp-content\/uploads\/2018\/07\/MOODULRIIUL-2278x994.jpg","width":2000,"height":2000,"caption":"Moduulihyllyt"},{"@type":"BreadcrumbList","@id":"https:\/\/www.laomeister.com\/fi\/toode\/moduulihyllyn-perusosa-2278-x-994-x-800\/#breadcrumb","itemListElement":[{"@type":"ListItem","position":1,"name":"Home","item":"https:\/\/www.laomeister.com\/fi\/"},{"@type":"ListItem","position":2,"name":"Tuotteet","item":"https:\/\/www.laomeister.com\/fi\/tuotteet\/"},{"@type":"ListItem","position":3,"name":"Modulaarinen hyllytaso, 2278 x 994 x 800mm, 200 kg:n painoinen levy"}]},{"@type":"WebSite","@id":"https:\/\/www.laomeister.com\/fi\/#website","url":"https:\/\/www.laomeister.com\/fi\/","name":"Balti Laomeister","description":"Laoriiulid - m&uuml;&uuml;k ja paigaldus","potentialAction":[{"@type":"SearchAction","target":{"@type":"EntryPoint","urlTemplate":"https:\/\/www.laomeister.com\/fi\/?s={search_term_string}"},"query-input":{"@type":"PropertyValueSpecification","valueRequired":true,"valueName":"search_term_string"}}],"inLanguage":"fi"}]}},"_links":{"self":[{"href":"https:\/\/www.laomeister.com\/fi\/wp-json\/wp\/v2\/product\/14537","targetHints":{"allow":["GET"]}}],"collection":[{"href":"https:\/\/www.laomeister.com\/fi\/wp-json\/wp\/v2\/product"}],"about":[{"href":"https:\/\/www.laomeister.com\/fi\/wp-json\/wp\/v2\/types\/product"}],"wp:featuredmedia":[{"embeddable":true,"href":"https:\/\/www.laomeister.com\/fi\/wp-json\/wp\/v2\/media\/6431"}],"wp:attachment":[{"href":"https:\/\/www.laomeister.com\/fi\/wp-json\/wp\/v2\/media?parent=14537"}],"wp:term":[{"taxonomy":"product_brand","embeddable":true,"href":"https:\/\/www.laomeister.com\/fi\/wp-json\/wp\/v2\/product_brand?post=14537"},{"taxonomy":"product_cat","embeddable":true,"href":"https:\/\/www.laomeister.com\/fi\/wp-json\/wp\/v2\/product_cat?post=14537"},{"taxonomy":"product_tag","embeddable":true,"href":"https:\/\/www.laomeister.com\/fi\/wp-json\/wp\/v2\/product_tag?post=14537"}],"curies":[{"name":"wp","href":"https:\/\/api.w.org\/{rel}","templated":true}]}}