{"id":14530,"date":"2018-07-06T11:50:24","date_gmt":"2018-07-06T08:50:24","guid":{"rendered":"https:\/\/www.laomeister.com\/product\/moodulriiuli-jatkuosa-2278-x-994-x-500\/"},"modified":"2024-07-03T10:00:21","modified_gmt":"2024-07-03T07:00:21","slug":"moduulihyllyn-jatko-osa-2278-x-994-x-500","status":"publish","type":"product","link":"https:\/\/www.laomeister.com\/fi\/toode\/moduulihyllyn-jatko-osa-2278-x-994-x-500\/","title":{"rendered":"Modulaarinen hyllylaajennus, 2278 x 994 x 500mm."},"content":{"rendered":"","protected":false},"excerpt":{"rendered":"<p><strong>Korkeus: <\/strong>2278 mm <strong>Leveys: <\/strong>994 mm <strong>Syvyys: <\/strong>500 mm<\/p>\n<p><strong>Hyllyn korkeus:<\/strong> 30 mm <strong>Hyllyn jatkeen leveys:<\/strong> 994+1 x 31 mm (tolppa)=1025 mm.<br \/>\n<strong>Kantavuus: <\/strong>100 kg tasainen <strong>kantavuus <\/strong><\/p>\n<p><strong>Modulaarisen hyllyn loppuosa sis\u00e4lt\u00e4\u00e4:<\/strong><\/p>\n<p><strong>Ulkokehys: <\/strong>2278 x 31 x 500 mm &#8211; 1 kpl;<br \/>\n<strong>Hylly:<\/strong> 994 x 30 x 500 mm &#8211; 5 kpl;<\/p>\n<p>Kiistatta luokkansa paras Lao. Kunnollista saksalaista laatua. SSI SCH\u00c4FER on yksi maailman johtavista varastolaitteiden ja automaation toimittajista. Hyllylle on ominaista tukeva, ristinmuotoinen pylv\u00e4s, johon hyllyn kannattimet on puristettu. Hyllyn asentoa on eritt\u00e4in helppo muuttaa laatikkoperiaatteella ilman erillisi\u00e4 tukia, pultteja tai ruuveja.<\/p>\n<p>Tukevien hyllytolppiensa ansiosta s\u00e4ilytyshylly soveltuu v\u00e4lipohjan suunnitteluun.<\/p>\n<p>NB!<br \/>\nEsimerkkin\u00e4 on esitetty 5-tasoinen modulaarinen hylly. Tasoaskel on 50 mm. Kokoa oma laatta- ja kehyssarjasi alkaen 2 kehyksest\u00e4 ja 3 laatasta. Kokoamme kehykset puolestasi, joten sinulla on v\u00e4hemm\u00e4n p\u00e4\u00e4nvaivaa.<\/p>\n<p><strong>Soveltuu k\u00e4ytett\u00e4v\u00e4ksi:<\/strong> erilaisten pienempien tavaroiden, pienten tavaroiden kanssa. K\u00e4yt\u00e4 my\u00f6s saman hyllyvalmistajan valmistamia ja tarkasti mitoitettuja hyllyj\u00e4.<\/p>\n<p>https:\/\/youtu.be\/qXxqp4J50rQ<\/p>\n","protected":false},"featured_media":6434,"template":"","meta":[],"product_brand":[],"product_cat":[284,697],"product_tag":[],"class_list":{"0":"post-14530","1":"product","2":"type-product","3":"status-publish","4":"has-post-thumbnail","6":"product_cat-laoriiulid-fi","7":"product_cat-schafer-modulaarinen-hyllysto-100-300kg-kuormatila","9":"first","10":"instock","11":"taxable","12":"shipping-taxable","13":"purchasable","14":"product-type-simple"},"yoast_head":"<!-- This site is optimized with the Yoast SEO plugin v27.3 - https:\/\/yoast.com\/product\/yoast-seo-wordpress\/ -->\n<title>Modulaarinen hyllylaajennus, 2278 x 994 x 500mm. - Balti Laomeister<\/title>\n<meta name=\"description\" content=\"Kiistatta luokkansa paras Lao. Kunnollista saksalaista laatua. SSI SCH\u00c4FER on yksi maailman johtavista varastolaitteiden ja automaation toimittajista.\" \/>\n<meta name=\"robots\" content=\"index, follow, max-snippet:-1, max-image-preview:large, max-video-preview:-1\" \/>\n<link rel=\"canonical\" href=\"https:\/\/www.laomeister.com\/fi\/toode\/moduulihyllyn-jatko-osa-2278-x-994-x-500\/\" \/>\n<meta property=\"og:locale\" content=\"fi_FI\" \/>\n<meta property=\"og:type\" content=\"article\" \/>\n<meta property=\"og:title\" content=\"Modulaarinen hyllylaajennus, 2278 x 994 x 500mm. - Balti Laomeister\" \/>\n<meta property=\"og:description\" content=\"Kiistatta luokkansa paras Lao. Kunnollista saksalaista laatua. SSI SCH\u00c4FER on yksi maailman johtavista varastolaitteiden ja automaation toimittajista.\" \/>\n<meta property=\"og:url\" content=\"https:\/\/www.laomeister.com\/fi\/toode\/moduulihyllyn-jatko-osa-2278-x-994-x-500\/\" \/>\n<meta property=\"og:site_name\" content=\"Balti Laomeister\" \/>\n<meta property=\"article:modified_time\" content=\"2024-07-03T07:00:21+00:00\" \/>\n<meta property=\"og:image\" content=\"https:\/\/www.laomeister.com\/wp-content\/uploads\/2018\/07\/MOODULRIIUL-2278x994-JA\u0308TKUOSA.jpg\" \/>\n\t<meta property=\"og:image:width\" content=\"2000\" \/>\n\t<meta property=\"og:image:height\" content=\"2000\" \/>\n\t<meta property=\"og:image:type\" content=\"image\/jpeg\" \/>\n<meta name=\"twitter:card\" content=\"summary_large_image\" \/>\n<script type=\"application\/ld+json\" class=\"yoast-schema-graph\">{\"@context\":\"https:\\\/\\\/schema.org\",\"@graph\":[{\"@type\":\"WebPage\",\"@id\":\"https:\\\/\\\/www.laomeister.com\\\/fi\\\/toode\\\/moduulihyllyn-jatko-osa-2278-x-994-x-500\\\/\",\"url\":\"https:\\\/\\\/www.laomeister.com\\\/fi\\\/toode\\\/moduulihyllyn-jatko-osa-2278-x-994-x-500\\\/\",\"name\":\"Modulaarinen hyllylaajennus, 2278 x 994 x 500mm. - Balti Laomeister\",\"isPartOf\":{\"@id\":\"https:\\\/\\\/www.laomeister.com\\\/fi\\\/#website\"},\"primaryImageOfPage\":{\"@id\":\"https:\\\/\\\/www.laomeister.com\\\/fi\\\/toode\\\/moduulihyllyn-jatko-osa-2278-x-994-x-500\\\/#primaryimage\"},\"image\":{\"@id\":\"https:\\\/\\\/www.laomeister.com\\\/fi\\\/toode\\\/moduulihyllyn-jatko-osa-2278-x-994-x-500\\\/#primaryimage\"},\"thumbnailUrl\":\"https:\\\/\\\/www.laomeister.com\\\/wp-content\\\/uploads\\\/2018\\\/07\\\/MOODULRIIUL-2278x994-JA\u0308TKUOSA.jpg\",\"datePublished\":\"2018-07-06T08:50:24+00:00\",\"dateModified\":\"2024-07-03T07:00:21+00:00\",\"description\":\"Kiistatta luokkansa paras Lao. Kunnollista saksalaista laatua. SSI SCH\u00c4FER on yksi maailman johtavista varastolaitteiden ja automaation toimittajista.\",\"breadcrumb\":{\"@id\":\"https:\\\/\\\/www.laomeister.com\\\/fi\\\/toode\\\/moduulihyllyn-jatko-osa-2278-x-994-x-500\\\/#breadcrumb\"},\"inLanguage\":\"fi\",\"potentialAction\":[{\"@type\":\"ReadAction\",\"target\":[\"https:\\\/\\\/www.laomeister.com\\\/fi\\\/toode\\\/moduulihyllyn-jatko-osa-2278-x-994-x-500\\\/\"]}]},{\"@type\":\"ImageObject\",\"inLanguage\":\"fi\",\"@id\":\"https:\\\/\\\/www.laomeister.com\\\/fi\\\/toode\\\/moduulihyllyn-jatko-osa-2278-x-994-x-500\\\/#primaryimage\",\"url\":\"https:\\\/\\\/www.laomeister.com\\\/wp-content\\\/uploads\\\/2018\\\/07\\\/MOODULRIIUL-2278x994-JA\u0308TKUOSA.jpg\",\"contentUrl\":\"https:\\\/\\\/www.laomeister.com\\\/wp-content\\\/uploads\\\/2018\\\/07\\\/MOODULRIIUL-2278x994-JA\u0308TKUOSA.jpg\",\"width\":2000,\"height\":2000,\"caption\":\"Moduulihyllyn jatko-osa 2278 x 994 mm\"},{\"@type\":\"BreadcrumbList\",\"@id\":\"https:\\\/\\\/www.laomeister.com\\\/fi\\\/toode\\\/moduulihyllyn-jatko-osa-2278-x-994-x-500\\\/#breadcrumb\",\"itemListElement\":[{\"@type\":\"ListItem\",\"position\":1,\"name\":\"Home\",\"item\":\"https:\\\/\\\/www.laomeister.com\\\/fi\\\/\"},{\"@type\":\"ListItem\",\"position\":2,\"name\":\"Tuotteet\",\"item\":\"https:\\\/\\\/www.laomeister.com\\\/fi\\\/tuotteet\\\/\"},{\"@type\":\"ListItem\",\"position\":3,\"name\":\"Modulaarinen hyllylaajennus, 2278 x 994 x 500mm.\"}]},{\"@type\":\"WebSite\",\"@id\":\"https:\\\/\\\/www.laomeister.com\\\/fi\\\/#website\",\"url\":\"https:\\\/\\\/www.laomeister.com\\\/fi\\\/\",\"name\":\"Balti Laomeister\",\"description\":\"Laoriiulid - m&uuml;&uuml;k ja paigaldus\",\"potentialAction\":[{\"@type\":\"SearchAction\",\"target\":{\"@type\":\"EntryPoint\",\"urlTemplate\":\"https:\\\/\\\/www.laomeister.com\\\/fi\\\/?s={search_term_string}\"},\"query-input\":{\"@type\":\"PropertyValueSpecification\",\"valueRequired\":true,\"valueName\":\"search_term_string\"}}],\"inLanguage\":\"fi\"}]}<\/script>\n<!-- \/ Yoast SEO plugin. -->","yoast_head_json":{"title":"Modulaarinen hyllylaajennus, 2278 x 994 x 500mm. - Balti Laomeister","description":"Kiistatta luokkansa paras Lao. Kunnollista saksalaista laatua. SSI SCH\u00c4FER on yksi maailman johtavista varastolaitteiden ja automaation toimittajista.","robots":{"index":"index","follow":"follow","max-snippet":"max-snippet:-1","max-image-preview":"max-image-preview:large","max-video-preview":"max-video-preview:-1"},"canonical":"https:\/\/www.laomeister.com\/fi\/toode\/moduulihyllyn-jatko-osa-2278-x-994-x-500\/","og_locale":"fi_FI","og_type":"article","og_title":"Modulaarinen hyllylaajennus, 2278 x 994 x 500mm. - Balti Laomeister","og_description":"Kiistatta luokkansa paras Lao. Kunnollista saksalaista laatua. SSI SCH\u00c4FER on yksi maailman johtavista varastolaitteiden ja automaation toimittajista.","og_url":"https:\/\/www.laomeister.com\/fi\/toode\/moduulihyllyn-jatko-osa-2278-x-994-x-500\/","og_site_name":"Balti Laomeister","article_modified_time":"2024-07-03T07:00:21+00:00","og_image":[{"width":2000,"height":2000,"url":"https:\/\/www.laomeister.com\/wp-content\/uploads\/2018\/07\/MOODULRIIUL-2278x994-JA\u0308TKUOSA.jpg","type":"image\/jpeg"}],"twitter_card":"summary_large_image","schema":{"@context":"https:\/\/schema.org","@graph":[{"@type":"WebPage","@id":"https:\/\/www.laomeister.com\/fi\/toode\/moduulihyllyn-jatko-osa-2278-x-994-x-500\/","url":"https:\/\/www.laomeister.com\/fi\/toode\/moduulihyllyn-jatko-osa-2278-x-994-x-500\/","name":"Modulaarinen hyllylaajennus, 2278 x 994 x 500mm. - Balti Laomeister","isPartOf":{"@id":"https:\/\/www.laomeister.com\/fi\/#website"},"primaryImageOfPage":{"@id":"https:\/\/www.laomeister.com\/fi\/toode\/moduulihyllyn-jatko-osa-2278-x-994-x-500\/#primaryimage"},"image":{"@id":"https:\/\/www.laomeister.com\/fi\/toode\/moduulihyllyn-jatko-osa-2278-x-994-x-500\/#primaryimage"},"thumbnailUrl":"https:\/\/www.laomeister.com\/wp-content\/uploads\/2018\/07\/MOODULRIIUL-2278x994-JA\u0308TKUOSA.jpg","datePublished":"2018-07-06T08:50:24+00:00","dateModified":"2024-07-03T07:00:21+00:00","description":"Kiistatta luokkansa paras Lao. Kunnollista saksalaista laatua. SSI SCH\u00c4FER on yksi maailman johtavista varastolaitteiden ja automaation toimittajista.","breadcrumb":{"@id":"https:\/\/www.laomeister.com\/fi\/toode\/moduulihyllyn-jatko-osa-2278-x-994-x-500\/#breadcrumb"},"inLanguage":"fi","potentialAction":[{"@type":"ReadAction","target":["https:\/\/www.laomeister.com\/fi\/toode\/moduulihyllyn-jatko-osa-2278-x-994-x-500\/"]}]},{"@type":"ImageObject","inLanguage":"fi","@id":"https:\/\/www.laomeister.com\/fi\/toode\/moduulihyllyn-jatko-osa-2278-x-994-x-500\/#primaryimage","url":"https:\/\/www.laomeister.com\/wp-content\/uploads\/2018\/07\/MOODULRIIUL-2278x994-JA\u0308TKUOSA.jpg","contentUrl":"https:\/\/www.laomeister.com\/wp-content\/uploads\/2018\/07\/MOODULRIIUL-2278x994-JA\u0308TKUOSA.jpg","width":2000,"height":2000,"caption":"Moduulihyllyn jatko-osa 2278 x 994 mm"},{"@type":"BreadcrumbList","@id":"https:\/\/www.laomeister.com\/fi\/toode\/moduulihyllyn-jatko-osa-2278-x-994-x-500\/#breadcrumb","itemListElement":[{"@type":"ListItem","position":1,"name":"Home","item":"https:\/\/www.laomeister.com\/fi\/"},{"@type":"ListItem","position":2,"name":"Tuotteet","item":"https:\/\/www.laomeister.com\/fi\/tuotteet\/"},{"@type":"ListItem","position":3,"name":"Modulaarinen hyllylaajennus, 2278 x 994 x 500mm."}]},{"@type":"WebSite","@id":"https:\/\/www.laomeister.com\/fi\/#website","url":"https:\/\/www.laomeister.com\/fi\/","name":"Balti Laomeister","description":"Laoriiulid - m&uuml;&uuml;k ja paigaldus","potentialAction":[{"@type":"SearchAction","target":{"@type":"EntryPoint","urlTemplate":"https:\/\/www.laomeister.com\/fi\/?s={search_term_string}"},"query-input":{"@type":"PropertyValueSpecification","valueRequired":true,"valueName":"search_term_string"}}],"inLanguage":"fi"}]}},"_links":{"self":[{"href":"https:\/\/www.laomeister.com\/fi\/wp-json\/wp\/v2\/product\/14530","targetHints":{"allow":["GET"]}}],"collection":[{"href":"https:\/\/www.laomeister.com\/fi\/wp-json\/wp\/v2\/product"}],"about":[{"href":"https:\/\/www.laomeister.com\/fi\/wp-json\/wp\/v2\/types\/product"}],"wp:featuredmedia":[{"embeddable":true,"href":"https:\/\/www.laomeister.com\/fi\/wp-json\/wp\/v2\/media\/6434"}],"wp:attachment":[{"href":"https:\/\/www.laomeister.com\/fi\/wp-json\/wp\/v2\/media?parent=14530"}],"wp:term":[{"taxonomy":"product_brand","embeddable":true,"href":"https:\/\/www.laomeister.com\/fi\/wp-json\/wp\/v2\/product_brand?post=14530"},{"taxonomy":"product_cat","embeddable":true,"href":"https:\/\/www.laomeister.com\/fi\/wp-json\/wp\/v2\/product_cat?post=14530"},{"taxonomy":"product_tag","embeddable":true,"href":"https:\/\/www.laomeister.com\/fi\/wp-json\/wp\/v2\/product_tag?post=14530"}],"curies":[{"name":"wp","href":"https:\/\/api.w.org\/{rel}","templated":true}]}}