{"id":14207,"date":"2018-08-10T09:07:00","date_gmt":"2018-08-10T06:07:00","guid":{"rendered":"https:\/\/www.laomeister.com\/product\/kaubaaluste-paak\/"},"modified":"2024-07-03T10:07:20","modified_gmt":"2024-07-03T07:07:20","slug":"kaubaaluste-paak","status":"publish","type":"product","link":"https:\/\/www.laomeister.com\/fi\/toode\/kaubaaluste-paak\/","title":{"rendered":"J\u00e4teastia, KOKM3031"},"content":{"rendered":"","protected":false},"excerpt":{"rendered":"<p>Lavas\u00e4ili\u00f6 \u00f6ljytynnyreiden ja muiden saastuttavien materiaalien varastointiin. Paksu rakenne est\u00e4\u00e4 nesteiden vuotamisen. Suunniteltu EUR-aluksille.<\/p>\n<p><strong>Lis\u00e4tietoja:<\/strong><br \/>\n&#8211; Jauhemaalattu ter\u00e4slevy;<br \/>\n&#8211; Tilaa 2&#215;200 litran tynnyreille<br \/>\n&#8211; Suunniteltu EUR-aluksille.<\/p>\n<p>&#8211; Mitat 1240 x 800 x 415 mm<\/p>\n<p>&#8211; Paino 31 kg<\/p>\n","protected":false},"featured_media":5828,"template":"","meta":[],"product_brand":[],"product_cat":[243,252],"product_tag":[],"class_list":{"0":"post-14207","1":"product","2":"type-product","3":"status-publish","4":"has-post-thumbnail","6":"product_cat-karud-fi","7":"product_cat-jaatmekaitlus-fi","9":"first","10":"instock","11":"taxable","12":"shipping-taxable","13":"purchasable","14":"product-type-simple"},"yoast_head":"<!-- This site is optimized with the Yoast SEO plugin v27.3 - https:\/\/yoast.com\/product\/yoast-seo-wordpress\/ -->\n<title>J\u00e4teastia, KOKM3031 - Balti Laomeister<\/title>\n<meta name=\"robots\" content=\"index, follow, max-snippet:-1, max-image-preview:large, max-video-preview:-1\" \/>\n<link rel=\"canonical\" href=\"https:\/\/www.laomeister.com\/fi\/toode\/kaubaaluste-paak\/\" \/>\n<meta property=\"og:locale\" content=\"fi_FI\" \/>\n<meta property=\"og:type\" content=\"article\" \/>\n<meta property=\"og:title\" content=\"J\u00e4teastia, KOKM3031 - Balti Laomeister\" \/>\n<meta property=\"og:description\" content=\"Lavas\u00e4ili\u00f6 \u00f6ljytynnyreiden ja muiden saastuttavien materiaalien varastointiin. Paksu rakenne est\u00e4\u00e4 nesteiden vuotamisen. Suunniteltu EUR-aluksille. Lis\u00e4tietoja: - Jauhemaalattu ter\u00e4slevy; - Tilaa 2x200 litran tynnyreille - Suunniteltu EUR-aluksille. - Mitat 1240 x 800 x 415 mm - Paino 31 kg\" \/>\n<meta property=\"og:url\" content=\"https:\/\/www.laomeister.com\/fi\/toode\/kaubaaluste-paak\/\" \/>\n<meta property=\"og:site_name\" content=\"Balti Laomeister\" \/>\n<meta property=\"article:modified_time\" content=\"2024-07-03T07:07:20+00:00\" \/>\n<meta property=\"og:image\" content=\"https:\/\/www.laomeister.com\/wp-content\/uploads\/2018\/08\/PALLET-TANK.png\" \/>\n\t<meta property=\"og:image:width\" content=\"908\" \/>\n\t<meta property=\"og:image:height\" content=\"909\" \/>\n\t<meta property=\"og:image:type\" content=\"image\/png\" \/>\n<meta name=\"twitter:card\" content=\"summary_large_image\" \/>\n<script type=\"application\/ld+json\" class=\"yoast-schema-graph\">{\"@context\":\"https:\\\/\\\/schema.org\",\"@graph\":[{\"@type\":\"WebPage\",\"@id\":\"https:\\\/\\\/www.laomeister.com\\\/fi\\\/toode\\\/kaubaaluste-paak\\\/\",\"url\":\"https:\\\/\\\/www.laomeister.com\\\/fi\\\/toode\\\/kaubaaluste-paak\\\/\",\"name\":\"J\u00e4teastia, KOKM3031 - Balti Laomeister\",\"isPartOf\":{\"@id\":\"https:\\\/\\\/www.laomeister.com\\\/fi\\\/#website\"},\"primaryImageOfPage\":{\"@id\":\"https:\\\/\\\/www.laomeister.com\\\/fi\\\/toode\\\/kaubaaluste-paak\\\/#primaryimage\"},\"image\":{\"@id\":\"https:\\\/\\\/www.laomeister.com\\\/fi\\\/toode\\\/kaubaaluste-paak\\\/#primaryimage\"},\"thumbnailUrl\":\"https:\\\/\\\/www.laomeister.com\\\/wp-content\\\/uploads\\\/2018\\\/08\\\/PALLET-TANK.png\",\"datePublished\":\"2018-08-10T06:07:00+00:00\",\"dateModified\":\"2024-07-03T07:07:20+00:00\",\"breadcrumb\":{\"@id\":\"https:\\\/\\\/www.laomeister.com\\\/fi\\\/toode\\\/kaubaaluste-paak\\\/#breadcrumb\"},\"inLanguage\":\"fi\",\"potentialAction\":[{\"@type\":\"ReadAction\",\"target\":[\"https:\\\/\\\/www.laomeister.com\\\/fi\\\/toode\\\/kaubaaluste-paak\\\/\"]}]},{\"@type\":\"ImageObject\",\"inLanguage\":\"fi\",\"@id\":\"https:\\\/\\\/www.laomeister.com\\\/fi\\\/toode\\\/kaubaaluste-paak\\\/#primaryimage\",\"url\":\"https:\\\/\\\/www.laomeister.com\\\/wp-content\\\/uploads\\\/2018\\\/08\\\/PALLET-TANK.png\",\"contentUrl\":\"https:\\\/\\\/www.laomeister.com\\\/wp-content\\\/uploads\\\/2018\\\/08\\\/PALLET-TANK.png\",\"width\":908,\"height\":909,\"caption\":\"kaubaaluste paak\"},{\"@type\":\"BreadcrumbList\",\"@id\":\"https:\\\/\\\/www.laomeister.com\\\/fi\\\/toode\\\/kaubaaluste-paak\\\/#breadcrumb\",\"itemListElement\":[{\"@type\":\"ListItem\",\"position\":1,\"name\":\"Home\",\"item\":\"https:\\\/\\\/www.laomeister.com\\\/fi\\\/\"},{\"@type\":\"ListItem\",\"position\":2,\"name\":\"Tuotteet\",\"item\":\"https:\\\/\\\/www.laomeister.com\\\/fi\\\/tuotteet\\\/\"},{\"@type\":\"ListItem\",\"position\":3,\"name\":\"J\u00e4teastia, KOKM3031\"}]},{\"@type\":\"WebSite\",\"@id\":\"https:\\\/\\\/www.laomeister.com\\\/fi\\\/#website\",\"url\":\"https:\\\/\\\/www.laomeister.com\\\/fi\\\/\",\"name\":\"Balti Laomeister\",\"description\":\"Laoriiulid - m&uuml;&uuml;k ja paigaldus\",\"potentialAction\":[{\"@type\":\"SearchAction\",\"target\":{\"@type\":\"EntryPoint\",\"urlTemplate\":\"https:\\\/\\\/www.laomeister.com\\\/fi\\\/?s={search_term_string}\"},\"query-input\":{\"@type\":\"PropertyValueSpecification\",\"valueRequired\":true,\"valueName\":\"search_term_string\"}}],\"inLanguage\":\"fi\"}]}<\/script>\n<!-- \/ Yoast SEO plugin. -->","yoast_head_json":{"title":"J\u00e4teastia, KOKM3031 - Balti Laomeister","robots":{"index":"index","follow":"follow","max-snippet":"max-snippet:-1","max-image-preview":"max-image-preview:large","max-video-preview":"max-video-preview:-1"},"canonical":"https:\/\/www.laomeister.com\/fi\/toode\/kaubaaluste-paak\/","og_locale":"fi_FI","og_type":"article","og_title":"J\u00e4teastia, KOKM3031 - Balti Laomeister","og_description":"Lavas\u00e4ili\u00f6 \u00f6ljytynnyreiden ja muiden saastuttavien materiaalien varastointiin. Paksu rakenne est\u00e4\u00e4 nesteiden vuotamisen. Suunniteltu EUR-aluksille. Lis\u00e4tietoja: - Jauhemaalattu ter\u00e4slevy; - Tilaa 2x200 litran tynnyreille - Suunniteltu EUR-aluksille. - Mitat 1240 x 800 x 415 mm - Paino 31 kg","og_url":"https:\/\/www.laomeister.com\/fi\/toode\/kaubaaluste-paak\/","og_site_name":"Balti Laomeister","article_modified_time":"2024-07-03T07:07:20+00:00","og_image":[{"width":908,"height":909,"url":"https:\/\/www.laomeister.com\/wp-content\/uploads\/2018\/08\/PALLET-TANK.png","type":"image\/png"}],"twitter_card":"summary_large_image","schema":{"@context":"https:\/\/schema.org","@graph":[{"@type":"WebPage","@id":"https:\/\/www.laomeister.com\/fi\/toode\/kaubaaluste-paak\/","url":"https:\/\/www.laomeister.com\/fi\/toode\/kaubaaluste-paak\/","name":"J\u00e4teastia, KOKM3031 - Balti Laomeister","isPartOf":{"@id":"https:\/\/www.laomeister.com\/fi\/#website"},"primaryImageOfPage":{"@id":"https:\/\/www.laomeister.com\/fi\/toode\/kaubaaluste-paak\/#primaryimage"},"image":{"@id":"https:\/\/www.laomeister.com\/fi\/toode\/kaubaaluste-paak\/#primaryimage"},"thumbnailUrl":"https:\/\/www.laomeister.com\/wp-content\/uploads\/2018\/08\/PALLET-TANK.png","datePublished":"2018-08-10T06:07:00+00:00","dateModified":"2024-07-03T07:07:20+00:00","breadcrumb":{"@id":"https:\/\/www.laomeister.com\/fi\/toode\/kaubaaluste-paak\/#breadcrumb"},"inLanguage":"fi","potentialAction":[{"@type":"ReadAction","target":["https:\/\/www.laomeister.com\/fi\/toode\/kaubaaluste-paak\/"]}]},{"@type":"ImageObject","inLanguage":"fi","@id":"https:\/\/www.laomeister.com\/fi\/toode\/kaubaaluste-paak\/#primaryimage","url":"https:\/\/www.laomeister.com\/wp-content\/uploads\/2018\/08\/PALLET-TANK.png","contentUrl":"https:\/\/www.laomeister.com\/wp-content\/uploads\/2018\/08\/PALLET-TANK.png","width":908,"height":909,"caption":"kaubaaluste paak"},{"@type":"BreadcrumbList","@id":"https:\/\/www.laomeister.com\/fi\/toode\/kaubaaluste-paak\/#breadcrumb","itemListElement":[{"@type":"ListItem","position":1,"name":"Home","item":"https:\/\/www.laomeister.com\/fi\/"},{"@type":"ListItem","position":2,"name":"Tuotteet","item":"https:\/\/www.laomeister.com\/fi\/tuotteet\/"},{"@type":"ListItem","position":3,"name":"J\u00e4teastia, KOKM3031"}]},{"@type":"WebSite","@id":"https:\/\/www.laomeister.com\/fi\/#website","url":"https:\/\/www.laomeister.com\/fi\/","name":"Balti Laomeister","description":"Laoriiulid - m&uuml;&uuml;k ja paigaldus","potentialAction":[{"@type":"SearchAction","target":{"@type":"EntryPoint","urlTemplate":"https:\/\/www.laomeister.com\/fi\/?s={search_term_string}"},"query-input":{"@type":"PropertyValueSpecification","valueRequired":true,"valueName":"search_term_string"}}],"inLanguage":"fi"}]}},"_links":{"self":[{"href":"https:\/\/www.laomeister.com\/fi\/wp-json\/wp\/v2\/product\/14207","targetHints":{"allow":["GET"]}}],"collection":[{"href":"https:\/\/www.laomeister.com\/fi\/wp-json\/wp\/v2\/product"}],"about":[{"href":"https:\/\/www.laomeister.com\/fi\/wp-json\/wp\/v2\/types\/product"}],"wp:featuredmedia":[{"embeddable":true,"href":"https:\/\/www.laomeister.com\/fi\/wp-json\/wp\/v2\/media\/5828"}],"wp:attachment":[{"href":"https:\/\/www.laomeister.com\/fi\/wp-json\/wp\/v2\/media?parent=14207"}],"wp:term":[{"taxonomy":"product_brand","embeddable":true,"href":"https:\/\/www.laomeister.com\/fi\/wp-json\/wp\/v2\/product_brand?post=14207"},{"taxonomy":"product_cat","embeddable":true,"href":"https:\/\/www.laomeister.com\/fi\/wp-json\/wp\/v2\/product_cat?post=14207"},{"taxonomy":"product_tag","embeddable":true,"href":"https:\/\/www.laomeister.com\/fi\/wp-json\/wp\/v2\/product_tag?post=14207"}],"curies":[{"name":"wp","href":"https:\/\/api.w.org\/{rel}","templated":true}]}}