{"id":14200,"date":"2018-08-10T09:52:19","date_gmt":"2018-08-10T06:52:19","guid":{"rendered":"https:\/\/www.laomeister.com\/product\/prugikoti-karu-2\/"},"modified":"2024-07-03T10:07:40","modified_gmt":"2024-07-03T07:07:40","slug":"prugikoti-karu-2","status":"publish","type":"product","link":"https:\/\/www.laomeister.com\/fi\/toode\/prugikoti-karu-2\/","title":{"rendered":"Roskak\u00e4rry, KOKM144902"},"content":{"rendered":"","protected":false},"excerpt":{"rendered":"<p>Roskak\u00e4rry, jossa on paksut 260 mm:n ilmarenkaat. Soveltuu sek\u00e4 sis\u00e4- ett\u00e4 ulkok\u00e4ytt\u00f6\u00f6n. Suunniteltu 125 litran j\u00e4tes\u00e4kille.<\/p>\n<p><strong>Lis\u00e4tietoja:<\/strong><br \/>\n&#8211; Jauhemaalattu;<br \/>\n&#8211; 260 mm:n ilmarenkaat;<br \/>\n&#8211; Kantavuus 150 kg<\/p>\n<p>&#8211; Mitat pituus, ulkonema, korkeus 600 x 600 x 900 mm<\/p>\n<p>&#8211; Paino 8,5 kg<\/p>\n","protected":false},"featured_media":5816,"template":"","meta":[],"product_brand":[],"product_cat":[243,252],"product_tag":[],"class_list":{"0":"post-14200","1":"product","2":"type-product","3":"status-publish","4":"has-post-thumbnail","6":"product_cat-karud-fi","7":"product_cat-jaatmekaitlus-fi","9":"first","10":"instock","11":"taxable","12":"shipping-taxable","13":"purchasable","14":"product-type-simple"},"yoast_head":"<!-- This site is optimized with the Yoast SEO plugin v27.3 - https:\/\/yoast.com\/product\/yoast-seo-wordpress\/ -->\n<title>Roskak\u00e4rry, KOKM144902 - Balti Laomeister<\/title>\n<meta name=\"robots\" content=\"index, follow, max-snippet:-1, max-image-preview:large, max-video-preview:-1\" \/>\n<link rel=\"canonical\" href=\"https:\/\/www.laomeister.com\/fi\/toode\/prugikoti-karu-2\/\" \/>\n<meta property=\"og:locale\" content=\"fi_FI\" \/>\n<meta property=\"og:type\" content=\"article\" \/>\n<meta property=\"og:title\" content=\"Roskak\u00e4rry, KOKM144902 - Balti Laomeister\" \/>\n<meta property=\"og:description\" content=\"Roskak\u00e4rry, jossa on paksut 260 mm:n ilmarenkaat. Soveltuu sek\u00e4 sis\u00e4- ett\u00e4 ulkok\u00e4ytt\u00f6\u00f6n. Suunniteltu 125 litran j\u00e4tes\u00e4kille. Lis\u00e4tietoja: - Jauhemaalattu; - 260 mm:n ilmarenkaat; - Kantavuus 150 kg - Mitat pituus, ulkonema, korkeus 600 x 600 x 900 mm - Paino 8,5 kg\" \/>\n<meta property=\"og:url\" content=\"https:\/\/www.laomeister.com\/fi\/toode\/prugikoti-karu-2\/\" \/>\n<meta property=\"og:site_name\" content=\"Balti Laomeister\" \/>\n<meta property=\"article:modified_time\" content=\"2024-07-03T07:07:40+00:00\" \/>\n<meta property=\"og:image\" content=\"https:\/\/www.laomeister.com\/wp-content\/uploads\/2018\/08\/SACK-TRALLEY-3.png\" \/>\n\t<meta property=\"og:image:width\" content=\"768\" \/>\n\t<meta property=\"og:image:height\" content=\"768\" \/>\n\t<meta property=\"og:image:type\" content=\"image\/png\" \/>\n<meta name=\"twitter:card\" content=\"summary_large_image\" \/>\n<script type=\"application\/ld+json\" class=\"yoast-schema-graph\">{\"@context\":\"https:\\\/\\\/schema.org\",\"@graph\":[{\"@type\":\"WebPage\",\"@id\":\"https:\\\/\\\/www.laomeister.com\\\/fi\\\/toode\\\/prugikoti-karu-2\\\/\",\"url\":\"https:\\\/\\\/www.laomeister.com\\\/fi\\\/toode\\\/prugikoti-karu-2\\\/\",\"name\":\"Roskak\u00e4rry, KOKM144902 - Balti Laomeister\",\"isPartOf\":{\"@id\":\"https:\\\/\\\/www.laomeister.com\\\/fi\\\/#website\"},\"primaryImageOfPage\":{\"@id\":\"https:\\\/\\\/www.laomeister.com\\\/fi\\\/toode\\\/prugikoti-karu-2\\\/#primaryimage\"},\"image\":{\"@id\":\"https:\\\/\\\/www.laomeister.com\\\/fi\\\/toode\\\/prugikoti-karu-2\\\/#primaryimage\"},\"thumbnailUrl\":\"https:\\\/\\\/www.laomeister.com\\\/wp-content\\\/uploads\\\/2018\\\/08\\\/SACK-TRALLEY-3.png\",\"datePublished\":\"2018-08-10T06:52:19+00:00\",\"dateModified\":\"2024-07-03T07:07:40+00:00\",\"breadcrumb\":{\"@id\":\"https:\\\/\\\/www.laomeister.com\\\/fi\\\/toode\\\/prugikoti-karu-2\\\/#breadcrumb\"},\"inLanguage\":\"fi\",\"potentialAction\":[{\"@type\":\"ReadAction\",\"target\":[\"https:\\\/\\\/www.laomeister.com\\\/fi\\\/toode\\\/prugikoti-karu-2\\\/\"]}]},{\"@type\":\"ImageObject\",\"inLanguage\":\"fi\",\"@id\":\"https:\\\/\\\/www.laomeister.com\\\/fi\\\/toode\\\/prugikoti-karu-2\\\/#primaryimage\",\"url\":\"https:\\\/\\\/www.laomeister.com\\\/wp-content\\\/uploads\\\/2018\\\/08\\\/SACK-TRALLEY-3.png\",\"contentUrl\":\"https:\\\/\\\/www.laomeister.com\\\/wp-content\\\/uploads\\\/2018\\\/08\\\/SACK-TRALLEY-3.png\",\"width\":768,\"height\":768,\"caption\":\"pr\u00fcgikoti k\u00e4ru\"},{\"@type\":\"BreadcrumbList\",\"@id\":\"https:\\\/\\\/www.laomeister.com\\\/fi\\\/toode\\\/prugikoti-karu-2\\\/#breadcrumb\",\"itemListElement\":[{\"@type\":\"ListItem\",\"position\":1,\"name\":\"Home\",\"item\":\"https:\\\/\\\/www.laomeister.com\\\/fi\\\/\"},{\"@type\":\"ListItem\",\"position\":2,\"name\":\"Tuotteet\",\"item\":\"https:\\\/\\\/www.laomeister.com\\\/fi\\\/tuotteet\\\/\"},{\"@type\":\"ListItem\",\"position\":3,\"name\":\"Roskak\u00e4rry, KOKM144902\"}]},{\"@type\":\"WebSite\",\"@id\":\"https:\\\/\\\/www.laomeister.com\\\/fi\\\/#website\",\"url\":\"https:\\\/\\\/www.laomeister.com\\\/fi\\\/\",\"name\":\"Balti Laomeister\",\"description\":\"Laoriiulid - m&uuml;&uuml;k ja paigaldus\",\"potentialAction\":[{\"@type\":\"SearchAction\",\"target\":{\"@type\":\"EntryPoint\",\"urlTemplate\":\"https:\\\/\\\/www.laomeister.com\\\/fi\\\/?s={search_term_string}\"},\"query-input\":{\"@type\":\"PropertyValueSpecification\",\"valueRequired\":true,\"valueName\":\"search_term_string\"}}],\"inLanguage\":\"fi\"}]}<\/script>\n<!-- \/ Yoast SEO plugin. -->","yoast_head_json":{"title":"Roskak\u00e4rry, KOKM144902 - Balti Laomeister","robots":{"index":"index","follow":"follow","max-snippet":"max-snippet:-1","max-image-preview":"max-image-preview:large","max-video-preview":"max-video-preview:-1"},"canonical":"https:\/\/www.laomeister.com\/fi\/toode\/prugikoti-karu-2\/","og_locale":"fi_FI","og_type":"article","og_title":"Roskak\u00e4rry, KOKM144902 - Balti Laomeister","og_description":"Roskak\u00e4rry, jossa on paksut 260 mm:n ilmarenkaat. Soveltuu sek\u00e4 sis\u00e4- ett\u00e4 ulkok\u00e4ytt\u00f6\u00f6n. Suunniteltu 125 litran j\u00e4tes\u00e4kille. Lis\u00e4tietoja: - Jauhemaalattu; - 260 mm:n ilmarenkaat; - Kantavuus 150 kg - Mitat pituus, ulkonema, korkeus 600 x 600 x 900 mm - Paino 8,5 kg","og_url":"https:\/\/www.laomeister.com\/fi\/toode\/prugikoti-karu-2\/","og_site_name":"Balti Laomeister","article_modified_time":"2024-07-03T07:07:40+00:00","og_image":[{"width":768,"height":768,"url":"https:\/\/www.laomeister.com\/wp-content\/uploads\/2018\/08\/SACK-TRALLEY-3.png","type":"image\/png"}],"twitter_card":"summary_large_image","schema":{"@context":"https:\/\/schema.org","@graph":[{"@type":"WebPage","@id":"https:\/\/www.laomeister.com\/fi\/toode\/prugikoti-karu-2\/","url":"https:\/\/www.laomeister.com\/fi\/toode\/prugikoti-karu-2\/","name":"Roskak\u00e4rry, KOKM144902 - Balti Laomeister","isPartOf":{"@id":"https:\/\/www.laomeister.com\/fi\/#website"},"primaryImageOfPage":{"@id":"https:\/\/www.laomeister.com\/fi\/toode\/prugikoti-karu-2\/#primaryimage"},"image":{"@id":"https:\/\/www.laomeister.com\/fi\/toode\/prugikoti-karu-2\/#primaryimage"},"thumbnailUrl":"https:\/\/www.laomeister.com\/wp-content\/uploads\/2018\/08\/SACK-TRALLEY-3.png","datePublished":"2018-08-10T06:52:19+00:00","dateModified":"2024-07-03T07:07:40+00:00","breadcrumb":{"@id":"https:\/\/www.laomeister.com\/fi\/toode\/prugikoti-karu-2\/#breadcrumb"},"inLanguage":"fi","potentialAction":[{"@type":"ReadAction","target":["https:\/\/www.laomeister.com\/fi\/toode\/prugikoti-karu-2\/"]}]},{"@type":"ImageObject","inLanguage":"fi","@id":"https:\/\/www.laomeister.com\/fi\/toode\/prugikoti-karu-2\/#primaryimage","url":"https:\/\/www.laomeister.com\/wp-content\/uploads\/2018\/08\/SACK-TRALLEY-3.png","contentUrl":"https:\/\/www.laomeister.com\/wp-content\/uploads\/2018\/08\/SACK-TRALLEY-3.png","width":768,"height":768,"caption":"pr\u00fcgikoti k\u00e4ru"},{"@type":"BreadcrumbList","@id":"https:\/\/www.laomeister.com\/fi\/toode\/prugikoti-karu-2\/#breadcrumb","itemListElement":[{"@type":"ListItem","position":1,"name":"Home","item":"https:\/\/www.laomeister.com\/fi\/"},{"@type":"ListItem","position":2,"name":"Tuotteet","item":"https:\/\/www.laomeister.com\/fi\/tuotteet\/"},{"@type":"ListItem","position":3,"name":"Roskak\u00e4rry, KOKM144902"}]},{"@type":"WebSite","@id":"https:\/\/www.laomeister.com\/fi\/#website","url":"https:\/\/www.laomeister.com\/fi\/","name":"Balti Laomeister","description":"Laoriiulid - m&uuml;&uuml;k ja paigaldus","potentialAction":[{"@type":"SearchAction","target":{"@type":"EntryPoint","urlTemplate":"https:\/\/www.laomeister.com\/fi\/?s={search_term_string}"},"query-input":{"@type":"PropertyValueSpecification","valueRequired":true,"valueName":"search_term_string"}}],"inLanguage":"fi"}]}},"_links":{"self":[{"href":"https:\/\/www.laomeister.com\/fi\/wp-json\/wp\/v2\/product\/14200","targetHints":{"allow":["GET"]}}],"collection":[{"href":"https:\/\/www.laomeister.com\/fi\/wp-json\/wp\/v2\/product"}],"about":[{"href":"https:\/\/www.laomeister.com\/fi\/wp-json\/wp\/v2\/types\/product"}],"wp:featuredmedia":[{"embeddable":true,"href":"https:\/\/www.laomeister.com\/fi\/wp-json\/wp\/v2\/media\/5816"}],"wp:attachment":[{"href":"https:\/\/www.laomeister.com\/fi\/wp-json\/wp\/v2\/media?parent=14200"}],"wp:term":[{"taxonomy":"product_brand","embeddable":true,"href":"https:\/\/www.laomeister.com\/fi\/wp-json\/wp\/v2\/product_brand?post=14200"},{"taxonomy":"product_cat","embeddable":true,"href":"https:\/\/www.laomeister.com\/fi\/wp-json\/wp\/v2\/product_cat?post=14200"},{"taxonomy":"product_tag","embeddable":true,"href":"https:\/\/www.laomeister.com\/fi\/wp-json\/wp\/v2\/product_tag?post=14200"}],"curies":[{"name":"wp","href":"https:\/\/api.w.org\/{rel}","templated":true}]}}