{"id":14174,"date":"2018-08-14T10:36:18","date_gmt":"2018-08-14T07:36:18","guid":{"rendered":"https:\/\/www.laomeister.com\/product\/2-tasapinnaga-c2-18-0\/"},"modified":"2024-07-03T10:10:10","modified_gmt":"2024-07-03T07:10:10","slug":"2-tasapinnaga-c2-18-0","status":"publish","type":"product","link":"https:\/\/www.laomeister.com\/fi\/toode\/2-tasapinnaga-c2-18-0\/","title":{"rendered":"2 asunto C2, 18\/0, KOKM60350"},"content":{"rendered":"","protected":false},"excerpt":{"rendered":"<p>Ruostumattomasta ter\u00e4ksest\u00e4 valmistettu vaunu, jolla on korkea k\u00e4ytt\u00f6ik\u00e4.<\/p>\n<p>Nelj\u00e4 py\u00f6riv\u00e4\u00e4 py\u00f6r\u00e4\u00e4, kahdessa py\u00f6r\u00e4ss\u00e4 jarrut, py\u00f6r\u00e4t 100 mm leve\u00e4t.<\/p>\n<p>Kantavuus: 100 kg.<\/p>\n<p><strong>Lis\u00e4tietoja:<\/strong><br \/>\n&#8211; Yl\u00e4tason korkeus 680 mm;<br \/>\n&#8211; Tasopintojen v\u00e4linen korkeus 460 mm;<br \/>\n&#8211; Tasaisen pinnan mitat: 685 x 380 mm;<\/p>\n<p>Toimitetaan osina<\/p>\n","protected":false},"featured_media":5783,"template":"","meta":[],"product_brand":[],"product_cat":[243,272],"product_tag":[],"class_list":{"0":"post-14174","1":"product","2":"type-product","3":"status-publish","4":"has-post-thumbnail","6":"product_cat-karud-fi","7":"product_cat-roostevabad-karud-fi","9":"first","10":"instock","11":"sale","12":"taxable","13":"shipping-taxable","14":"purchasable","15":"product-type-simple"},"yoast_head":"<!-- This site is optimized with the Yoast SEO plugin v27.3 - https:\/\/yoast.com\/product\/yoast-seo-wordpress\/ -->\n<title>2 asunto C2, 18\/0, KOKM60350 - Balti Laomeister<\/title>\n<meta name=\"robots\" content=\"index, follow, max-snippet:-1, max-image-preview:large, max-video-preview:-1\" \/>\n<link rel=\"canonical\" href=\"https:\/\/www.laomeister.com\/fi\/toode\/2-tasapinnaga-c2-18-0\/\" \/>\n<meta property=\"og:locale\" content=\"fi_FI\" \/>\n<meta property=\"og:type\" content=\"article\" \/>\n<meta property=\"og:title\" content=\"2 asunto C2, 18\/0, KOKM60350 - Balti Laomeister\" \/>\n<meta property=\"og:description\" content=\"Ruostumattomasta ter\u00e4ksest\u00e4 valmistettu vaunu, jolla on korkea k\u00e4ytt\u00f6ik\u00e4. Nelj\u00e4 py\u00f6riv\u00e4\u00e4 py\u00f6r\u00e4\u00e4, kahdessa py\u00f6r\u00e4ss\u00e4 jarrut, py\u00f6r\u00e4t 100 mm leve\u00e4t. Kantavuus: 100 kg. Lis\u00e4tietoja: - Yl\u00e4tason korkeus 680 mm; - Tasopintojen v\u00e4linen korkeus 460 mm; - Tasaisen pinnan mitat: 685 x 380 mm; Toimitetaan osina\" \/>\n<meta property=\"og:url\" content=\"https:\/\/www.laomeister.com\/fi\/toode\/2-tasapinnaga-c2-18-0\/\" \/>\n<meta property=\"og:site_name\" content=\"Balti Laomeister\" \/>\n<meta property=\"article:modified_time\" content=\"2024-07-03T07:10:10+00:00\" \/>\n<meta property=\"og:image\" content=\"https:\/\/www.laomeister.com\/wp-content\/uploads\/2018\/08\/2-tasapinnaga-C2-180.png\" \/>\n\t<meta property=\"og:image:width\" content=\"768\" \/>\n\t<meta property=\"og:image:height\" content=\"768\" \/>\n\t<meta property=\"og:image:type\" content=\"image\/png\" \/>\n<meta name=\"twitter:card\" content=\"summary_large_image\" \/>\n<script type=\"application\/ld+json\" class=\"yoast-schema-graph\">{\"@context\":\"https:\\\/\\\/schema.org\",\"@graph\":[{\"@type\":\"WebPage\",\"@id\":\"https:\\\/\\\/www.laomeister.com\\\/fi\\\/toode\\\/2-tasapinnaga-c2-18-0\\\/\",\"url\":\"https:\\\/\\\/www.laomeister.com\\\/fi\\\/toode\\\/2-tasapinnaga-c2-18-0\\\/\",\"name\":\"2 asunto C2, 18\\\/0, KOKM60350 - Balti Laomeister\",\"isPartOf\":{\"@id\":\"https:\\\/\\\/www.laomeister.com\\\/fi\\\/#website\"},\"primaryImageOfPage\":{\"@id\":\"https:\\\/\\\/www.laomeister.com\\\/fi\\\/toode\\\/2-tasapinnaga-c2-18-0\\\/#primaryimage\"},\"image\":{\"@id\":\"https:\\\/\\\/www.laomeister.com\\\/fi\\\/toode\\\/2-tasapinnaga-c2-18-0\\\/#primaryimage\"},\"thumbnailUrl\":\"https:\\\/\\\/www.laomeister.com\\\/wp-content\\\/uploads\\\/2018\\\/08\\\/2-tasapinnaga-C2-180.png\",\"datePublished\":\"2018-08-14T07:36:18+00:00\",\"dateModified\":\"2024-07-03T07:10:10+00:00\",\"breadcrumb\":{\"@id\":\"https:\\\/\\\/www.laomeister.com\\\/fi\\\/toode\\\/2-tasapinnaga-c2-18-0\\\/#breadcrumb\"},\"inLanguage\":\"fi\",\"potentialAction\":[{\"@type\":\"ReadAction\",\"target\":[\"https:\\\/\\\/www.laomeister.com\\\/fi\\\/toode\\\/2-tasapinnaga-c2-18-0\\\/\"]}]},{\"@type\":\"ImageObject\",\"inLanguage\":\"fi\",\"@id\":\"https:\\\/\\\/www.laomeister.com\\\/fi\\\/toode\\\/2-tasapinnaga-c2-18-0\\\/#primaryimage\",\"url\":\"https:\\\/\\\/www.laomeister.com\\\/wp-content\\\/uploads\\\/2018\\\/08\\\/2-tasapinnaga-C2-180.png\",\"contentUrl\":\"https:\\\/\\\/www.laomeister.com\\\/wp-content\\\/uploads\\\/2018\\\/08\\\/2-tasapinnaga-C2-180.png\",\"width\":768,\"height\":768,\"caption\":\"roostevaba k\u00e4ru\"},{\"@type\":\"BreadcrumbList\",\"@id\":\"https:\\\/\\\/www.laomeister.com\\\/fi\\\/toode\\\/2-tasapinnaga-c2-18-0\\\/#breadcrumb\",\"itemListElement\":[{\"@type\":\"ListItem\",\"position\":1,\"name\":\"Home\",\"item\":\"https:\\\/\\\/www.laomeister.com\\\/fi\\\/\"},{\"@type\":\"ListItem\",\"position\":2,\"name\":\"Tuotteet\",\"item\":\"https:\\\/\\\/www.laomeister.com\\\/fi\\\/tuotteet\\\/\"},{\"@type\":\"ListItem\",\"position\":3,\"name\":\"2 asunto C2, 18\\\/0, KOKM60350\"}]},{\"@type\":\"WebSite\",\"@id\":\"https:\\\/\\\/www.laomeister.com\\\/fi\\\/#website\",\"url\":\"https:\\\/\\\/www.laomeister.com\\\/fi\\\/\",\"name\":\"Balti Laomeister\",\"description\":\"Laoriiulid - m&uuml;&uuml;k ja paigaldus\",\"potentialAction\":[{\"@type\":\"SearchAction\",\"target\":{\"@type\":\"EntryPoint\",\"urlTemplate\":\"https:\\\/\\\/www.laomeister.com\\\/fi\\\/?s={search_term_string}\"},\"query-input\":{\"@type\":\"PropertyValueSpecification\",\"valueRequired\":true,\"valueName\":\"search_term_string\"}}],\"inLanguage\":\"fi\"}]}<\/script>\n<!-- \/ Yoast SEO plugin. -->","yoast_head_json":{"title":"2 asunto C2, 18\/0, KOKM60350 - Balti Laomeister","robots":{"index":"index","follow":"follow","max-snippet":"max-snippet:-1","max-image-preview":"max-image-preview:large","max-video-preview":"max-video-preview:-1"},"canonical":"https:\/\/www.laomeister.com\/fi\/toode\/2-tasapinnaga-c2-18-0\/","og_locale":"fi_FI","og_type":"article","og_title":"2 asunto C2, 18\/0, KOKM60350 - Balti Laomeister","og_description":"Ruostumattomasta ter\u00e4ksest\u00e4 valmistettu vaunu, jolla on korkea k\u00e4ytt\u00f6ik\u00e4. Nelj\u00e4 py\u00f6riv\u00e4\u00e4 py\u00f6r\u00e4\u00e4, kahdessa py\u00f6r\u00e4ss\u00e4 jarrut, py\u00f6r\u00e4t 100 mm leve\u00e4t. Kantavuus: 100 kg. Lis\u00e4tietoja: - Yl\u00e4tason korkeus 680 mm; - Tasopintojen v\u00e4linen korkeus 460 mm; - Tasaisen pinnan mitat: 685 x 380 mm; Toimitetaan osina","og_url":"https:\/\/www.laomeister.com\/fi\/toode\/2-tasapinnaga-c2-18-0\/","og_site_name":"Balti Laomeister","article_modified_time":"2024-07-03T07:10:10+00:00","og_image":[{"width":768,"height":768,"url":"https:\/\/www.laomeister.com\/wp-content\/uploads\/2018\/08\/2-tasapinnaga-C2-180.png","type":"image\/png"}],"twitter_card":"summary_large_image","schema":{"@context":"https:\/\/schema.org","@graph":[{"@type":"WebPage","@id":"https:\/\/www.laomeister.com\/fi\/toode\/2-tasapinnaga-c2-18-0\/","url":"https:\/\/www.laomeister.com\/fi\/toode\/2-tasapinnaga-c2-18-0\/","name":"2 asunto C2, 18\/0, KOKM60350 - Balti Laomeister","isPartOf":{"@id":"https:\/\/www.laomeister.com\/fi\/#website"},"primaryImageOfPage":{"@id":"https:\/\/www.laomeister.com\/fi\/toode\/2-tasapinnaga-c2-18-0\/#primaryimage"},"image":{"@id":"https:\/\/www.laomeister.com\/fi\/toode\/2-tasapinnaga-c2-18-0\/#primaryimage"},"thumbnailUrl":"https:\/\/www.laomeister.com\/wp-content\/uploads\/2018\/08\/2-tasapinnaga-C2-180.png","datePublished":"2018-08-14T07:36:18+00:00","dateModified":"2024-07-03T07:10:10+00:00","breadcrumb":{"@id":"https:\/\/www.laomeister.com\/fi\/toode\/2-tasapinnaga-c2-18-0\/#breadcrumb"},"inLanguage":"fi","potentialAction":[{"@type":"ReadAction","target":["https:\/\/www.laomeister.com\/fi\/toode\/2-tasapinnaga-c2-18-0\/"]}]},{"@type":"ImageObject","inLanguage":"fi","@id":"https:\/\/www.laomeister.com\/fi\/toode\/2-tasapinnaga-c2-18-0\/#primaryimage","url":"https:\/\/www.laomeister.com\/wp-content\/uploads\/2018\/08\/2-tasapinnaga-C2-180.png","contentUrl":"https:\/\/www.laomeister.com\/wp-content\/uploads\/2018\/08\/2-tasapinnaga-C2-180.png","width":768,"height":768,"caption":"roostevaba k\u00e4ru"},{"@type":"BreadcrumbList","@id":"https:\/\/www.laomeister.com\/fi\/toode\/2-tasapinnaga-c2-18-0\/#breadcrumb","itemListElement":[{"@type":"ListItem","position":1,"name":"Home","item":"https:\/\/www.laomeister.com\/fi\/"},{"@type":"ListItem","position":2,"name":"Tuotteet","item":"https:\/\/www.laomeister.com\/fi\/tuotteet\/"},{"@type":"ListItem","position":3,"name":"2 asunto C2, 18\/0, KOKM60350"}]},{"@type":"WebSite","@id":"https:\/\/www.laomeister.com\/fi\/#website","url":"https:\/\/www.laomeister.com\/fi\/","name":"Balti Laomeister","description":"Laoriiulid - m&uuml;&uuml;k ja paigaldus","potentialAction":[{"@type":"SearchAction","target":{"@type":"EntryPoint","urlTemplate":"https:\/\/www.laomeister.com\/fi\/?s={search_term_string}"},"query-input":{"@type":"PropertyValueSpecification","valueRequired":true,"valueName":"search_term_string"}}],"inLanguage":"fi"}]}},"_links":{"self":[{"href":"https:\/\/www.laomeister.com\/fi\/wp-json\/wp\/v2\/product\/14174","targetHints":{"allow":["GET"]}}],"collection":[{"href":"https:\/\/www.laomeister.com\/fi\/wp-json\/wp\/v2\/product"}],"about":[{"href":"https:\/\/www.laomeister.com\/fi\/wp-json\/wp\/v2\/types\/product"}],"wp:featuredmedia":[{"embeddable":true,"href":"https:\/\/www.laomeister.com\/fi\/wp-json\/wp\/v2\/media\/5783"}],"wp:attachment":[{"href":"https:\/\/www.laomeister.com\/fi\/wp-json\/wp\/v2\/media?parent=14174"}],"wp:term":[{"taxonomy":"product_brand","embeddable":true,"href":"https:\/\/www.laomeister.com\/fi\/wp-json\/wp\/v2\/product_brand?post=14174"},{"taxonomy":"product_cat","embeddable":true,"href":"https:\/\/www.laomeister.com\/fi\/wp-json\/wp\/v2\/product_cat?post=14174"},{"taxonomy":"product_tag","embeddable":true,"href":"https:\/\/www.laomeister.com\/fi\/wp-json\/wp\/v2\/product_tag?post=14174"}],"curies":[{"name":"wp","href":"https:\/\/api.w.org\/{rel}","templated":true}]}}