{"id":14154,"date":"2018-08-14T11:28:31","date_gmt":"2018-08-14T08:28:31","guid":{"rendered":"https:\/\/www.laomeister.com\/product\/taielikult-keevitatud-4-tasapinnaga-c3-18-8\/"},"modified":"2024-07-03T10:11:53","modified_gmt":"2024-07-03T07:11:53","slug":"taielikult-keevitatud-4-tasapinnaga-c3-18-8","status":"publish","type":"product","link":"https:\/\/www.laomeister.com\/fi\/toode\/taielikult-keevitatud-4-tasapinnaga-c3-18-8\/","title":{"rendered":"T\u00e4ysin hitsattu 4-tasoinen C3, 18\/8, KOKM60356MRU KOKM60356MRU"},"content":{"rendered":"","protected":false},"excerpt":{"rendered":"<p>T\u00e4ysin hitsattu korkeatasoinen 4-tasoinen ruostumattomasta ter\u00e4ksest\u00e4 valmistettu vaunu, jolla on korkea k\u00e4ytt\u00f6ik\u00e4.<\/p>\n<p>&nbsp;<\/p>\n","protected":false},"featured_media":5762,"template":"","meta":[],"product_brand":[],"product_cat":[243,272],"product_tag":[],"class_list":{"0":"post-14154","1":"product","2":"type-product","3":"status-publish","4":"has-post-thumbnail","6":"product_cat-karud-fi","7":"product_cat-roostevabad-karud-fi","9":"first","10":"instock","11":"taxable","12":"shipping-taxable","13":"purchasable","14":"product-type-simple"},"yoast_head":"<!-- This site is optimized with the Yoast SEO plugin v27.3 - https:\/\/yoast.com\/product\/yoast-seo-wordpress\/ -->\n<title>T\u00e4ysin hitsattu 4-tasoinen C3, 18\/8, KOKM60356MRU KOKM60356MRU - Balti Laomeister<\/title>\n<meta name=\"robots\" content=\"index, follow, max-snippet:-1, max-image-preview:large, max-video-preview:-1\" \/>\n<link rel=\"canonical\" href=\"https:\/\/www.laomeister.com\/fi\/toode\/taielikult-keevitatud-4-tasapinnaga-c3-18-8\/\" \/>\n<meta property=\"og:locale\" content=\"fi_FI\" \/>\n<meta property=\"og:type\" content=\"article\" \/>\n<meta property=\"og:title\" content=\"T\u00e4ysin hitsattu 4-tasoinen C3, 18\/8, KOKM60356MRU KOKM60356MRU - Balti Laomeister\" \/>\n<meta property=\"og:description\" content=\"T\u00e4ysin hitsattu korkeatasoinen 4-tasoinen ruostumattomasta ter\u00e4ksest\u00e4 valmistettu vaunu, jolla on korkea k\u00e4ytt\u00f6ik\u00e4. &nbsp;\" \/>\n<meta property=\"og:url\" content=\"https:\/\/www.laomeister.com\/fi\/toode\/taielikult-keevitatud-4-tasapinnaga-c3-18-8\/\" \/>\n<meta property=\"og:site_name\" content=\"Balti Laomeister\" \/>\n<meta property=\"article:modified_time\" content=\"2024-07-03T07:11:53+00:00\" \/>\n<meta property=\"og:image\" content=\"https:\/\/www.laomeister.com\/wp-content\/uploads\/2018\/08\/ta\u0308ielikult-keevitatud-4-tasapinnaga-C3-188.png\" \/>\n\t<meta property=\"og:image:width\" content=\"733\" \/>\n\t<meta property=\"og:image:height\" content=\"734\" \/>\n\t<meta property=\"og:image:type\" content=\"image\/png\" \/>\n<meta name=\"twitter:card\" content=\"summary_large_image\" \/>\n<script type=\"application\/ld+json\" class=\"yoast-schema-graph\">{\"@context\":\"https:\\\/\\\/schema.org\",\"@graph\":[{\"@type\":\"WebPage\",\"@id\":\"https:\\\/\\\/www.laomeister.com\\\/fi\\\/toode\\\/taielikult-keevitatud-4-tasapinnaga-c3-18-8\\\/\",\"url\":\"https:\\\/\\\/www.laomeister.com\\\/fi\\\/toode\\\/taielikult-keevitatud-4-tasapinnaga-c3-18-8\\\/\",\"name\":\"T\u00e4ysin hitsattu 4-tasoinen C3, 18\\\/8, KOKM60356MRU KOKM60356MRU - Balti Laomeister\",\"isPartOf\":{\"@id\":\"https:\\\/\\\/www.laomeister.com\\\/fi\\\/#website\"},\"primaryImageOfPage\":{\"@id\":\"https:\\\/\\\/www.laomeister.com\\\/fi\\\/toode\\\/taielikult-keevitatud-4-tasapinnaga-c3-18-8\\\/#primaryimage\"},\"image\":{\"@id\":\"https:\\\/\\\/www.laomeister.com\\\/fi\\\/toode\\\/taielikult-keevitatud-4-tasapinnaga-c3-18-8\\\/#primaryimage\"},\"thumbnailUrl\":\"https:\\\/\\\/www.laomeister.com\\\/wp-content\\\/uploads\\\/2018\\\/08\\\/ta\u0308ielikult-keevitatud-4-tasapinnaga-C3-188.png\",\"datePublished\":\"2018-08-14T08:28:31+00:00\",\"dateModified\":\"2024-07-03T07:11:53+00:00\",\"breadcrumb\":{\"@id\":\"https:\\\/\\\/www.laomeister.com\\\/fi\\\/toode\\\/taielikult-keevitatud-4-tasapinnaga-c3-18-8\\\/#breadcrumb\"},\"inLanguage\":\"fi\",\"potentialAction\":[{\"@type\":\"ReadAction\",\"target\":[\"https:\\\/\\\/www.laomeister.com\\\/fi\\\/toode\\\/taielikult-keevitatud-4-tasapinnaga-c3-18-8\\\/\"]}]},{\"@type\":\"ImageObject\",\"inLanguage\":\"fi\",\"@id\":\"https:\\\/\\\/www.laomeister.com\\\/fi\\\/toode\\\/taielikult-keevitatud-4-tasapinnaga-c3-18-8\\\/#primaryimage\",\"url\":\"https:\\\/\\\/www.laomeister.com\\\/wp-content\\\/uploads\\\/2018\\\/08\\\/ta\u0308ielikult-keevitatud-4-tasapinnaga-C3-188.png\",\"contentUrl\":\"https:\\\/\\\/www.laomeister.com\\\/wp-content\\\/uploads\\\/2018\\\/08\\\/ta\u0308ielikult-keevitatud-4-tasapinnaga-C3-188.png\",\"width\":733,\"height\":734,\"caption\":\"roostevaba k\u00e4ru\"},{\"@type\":\"BreadcrumbList\",\"@id\":\"https:\\\/\\\/www.laomeister.com\\\/fi\\\/toode\\\/taielikult-keevitatud-4-tasapinnaga-c3-18-8\\\/#breadcrumb\",\"itemListElement\":[{\"@type\":\"ListItem\",\"position\":1,\"name\":\"Home\",\"item\":\"https:\\\/\\\/www.laomeister.com\\\/fi\\\/\"},{\"@type\":\"ListItem\",\"position\":2,\"name\":\"Tuotteet\",\"item\":\"https:\\\/\\\/www.laomeister.com\\\/fi\\\/tuotteet\\\/\"},{\"@type\":\"ListItem\",\"position\":3,\"name\":\"T\u00e4ysin hitsattu 4-tasoinen C3, 18\\\/8, KOKM60356MRU KOKM60356MRU\"}]},{\"@type\":\"WebSite\",\"@id\":\"https:\\\/\\\/www.laomeister.com\\\/fi\\\/#website\",\"url\":\"https:\\\/\\\/www.laomeister.com\\\/fi\\\/\",\"name\":\"Balti Laomeister\",\"description\":\"Laoriiulid - m&uuml;&uuml;k ja paigaldus\",\"potentialAction\":[{\"@type\":\"SearchAction\",\"target\":{\"@type\":\"EntryPoint\",\"urlTemplate\":\"https:\\\/\\\/www.laomeister.com\\\/fi\\\/?s={search_term_string}\"},\"query-input\":{\"@type\":\"PropertyValueSpecification\",\"valueRequired\":true,\"valueName\":\"search_term_string\"}}],\"inLanguage\":\"fi\"}]}<\/script>\n<!-- \/ Yoast SEO plugin. -->","yoast_head_json":{"title":"T\u00e4ysin hitsattu 4-tasoinen C3, 18\/8, KOKM60356MRU KOKM60356MRU - Balti Laomeister","robots":{"index":"index","follow":"follow","max-snippet":"max-snippet:-1","max-image-preview":"max-image-preview:large","max-video-preview":"max-video-preview:-1"},"canonical":"https:\/\/www.laomeister.com\/fi\/toode\/taielikult-keevitatud-4-tasapinnaga-c3-18-8\/","og_locale":"fi_FI","og_type":"article","og_title":"T\u00e4ysin hitsattu 4-tasoinen C3, 18\/8, KOKM60356MRU KOKM60356MRU - Balti Laomeister","og_description":"T\u00e4ysin hitsattu korkeatasoinen 4-tasoinen ruostumattomasta ter\u00e4ksest\u00e4 valmistettu vaunu, jolla on korkea k\u00e4ytt\u00f6ik\u00e4. &nbsp;","og_url":"https:\/\/www.laomeister.com\/fi\/toode\/taielikult-keevitatud-4-tasapinnaga-c3-18-8\/","og_site_name":"Balti Laomeister","article_modified_time":"2024-07-03T07:11:53+00:00","og_image":[{"width":733,"height":734,"url":"https:\/\/www.laomeister.com\/wp-content\/uploads\/2018\/08\/ta\u0308ielikult-keevitatud-4-tasapinnaga-C3-188.png","type":"image\/png"}],"twitter_card":"summary_large_image","schema":{"@context":"https:\/\/schema.org","@graph":[{"@type":"WebPage","@id":"https:\/\/www.laomeister.com\/fi\/toode\/taielikult-keevitatud-4-tasapinnaga-c3-18-8\/","url":"https:\/\/www.laomeister.com\/fi\/toode\/taielikult-keevitatud-4-tasapinnaga-c3-18-8\/","name":"T\u00e4ysin hitsattu 4-tasoinen C3, 18\/8, KOKM60356MRU KOKM60356MRU - Balti Laomeister","isPartOf":{"@id":"https:\/\/www.laomeister.com\/fi\/#website"},"primaryImageOfPage":{"@id":"https:\/\/www.laomeister.com\/fi\/toode\/taielikult-keevitatud-4-tasapinnaga-c3-18-8\/#primaryimage"},"image":{"@id":"https:\/\/www.laomeister.com\/fi\/toode\/taielikult-keevitatud-4-tasapinnaga-c3-18-8\/#primaryimage"},"thumbnailUrl":"https:\/\/www.laomeister.com\/wp-content\/uploads\/2018\/08\/ta\u0308ielikult-keevitatud-4-tasapinnaga-C3-188.png","datePublished":"2018-08-14T08:28:31+00:00","dateModified":"2024-07-03T07:11:53+00:00","breadcrumb":{"@id":"https:\/\/www.laomeister.com\/fi\/toode\/taielikult-keevitatud-4-tasapinnaga-c3-18-8\/#breadcrumb"},"inLanguage":"fi","potentialAction":[{"@type":"ReadAction","target":["https:\/\/www.laomeister.com\/fi\/toode\/taielikult-keevitatud-4-tasapinnaga-c3-18-8\/"]}]},{"@type":"ImageObject","inLanguage":"fi","@id":"https:\/\/www.laomeister.com\/fi\/toode\/taielikult-keevitatud-4-tasapinnaga-c3-18-8\/#primaryimage","url":"https:\/\/www.laomeister.com\/wp-content\/uploads\/2018\/08\/ta\u0308ielikult-keevitatud-4-tasapinnaga-C3-188.png","contentUrl":"https:\/\/www.laomeister.com\/wp-content\/uploads\/2018\/08\/ta\u0308ielikult-keevitatud-4-tasapinnaga-C3-188.png","width":733,"height":734,"caption":"roostevaba k\u00e4ru"},{"@type":"BreadcrumbList","@id":"https:\/\/www.laomeister.com\/fi\/toode\/taielikult-keevitatud-4-tasapinnaga-c3-18-8\/#breadcrumb","itemListElement":[{"@type":"ListItem","position":1,"name":"Home","item":"https:\/\/www.laomeister.com\/fi\/"},{"@type":"ListItem","position":2,"name":"Tuotteet","item":"https:\/\/www.laomeister.com\/fi\/tuotteet\/"},{"@type":"ListItem","position":3,"name":"T\u00e4ysin hitsattu 4-tasoinen C3, 18\/8, KOKM60356MRU KOKM60356MRU"}]},{"@type":"WebSite","@id":"https:\/\/www.laomeister.com\/fi\/#website","url":"https:\/\/www.laomeister.com\/fi\/","name":"Balti Laomeister","description":"Laoriiulid - m&uuml;&uuml;k ja paigaldus","potentialAction":[{"@type":"SearchAction","target":{"@type":"EntryPoint","urlTemplate":"https:\/\/www.laomeister.com\/fi\/?s={search_term_string}"},"query-input":{"@type":"PropertyValueSpecification","valueRequired":true,"valueName":"search_term_string"}}],"inLanguage":"fi"}]}},"_links":{"self":[{"href":"https:\/\/www.laomeister.com\/fi\/wp-json\/wp\/v2\/product\/14154","targetHints":{"allow":["GET"]}}],"collection":[{"href":"https:\/\/www.laomeister.com\/fi\/wp-json\/wp\/v2\/product"}],"about":[{"href":"https:\/\/www.laomeister.com\/fi\/wp-json\/wp\/v2\/types\/product"}],"wp:featuredmedia":[{"embeddable":true,"href":"https:\/\/www.laomeister.com\/fi\/wp-json\/wp\/v2\/media\/5762"}],"wp:attachment":[{"href":"https:\/\/www.laomeister.com\/fi\/wp-json\/wp\/v2\/media?parent=14154"}],"wp:term":[{"taxonomy":"product_brand","embeddable":true,"href":"https:\/\/www.laomeister.com\/fi\/wp-json\/wp\/v2\/product_brand?post=14154"},{"taxonomy":"product_cat","embeddable":true,"href":"https:\/\/www.laomeister.com\/fi\/wp-json\/wp\/v2\/product_cat?post=14154"},{"taxonomy":"product_tag","embeddable":true,"href":"https:\/\/www.laomeister.com\/fi\/wp-json\/wp\/v2\/product_tag?post=14154"}],"curies":[{"name":"wp","href":"https:\/\/api.w.org\/{rel}","templated":true}]}}