{"id":14139,"date":"2018-08-14T12:00:18","date_gmt":"2018-08-14T09:00:18","guid":{"rendered":"https:\/\/www.laomeister.com\/product\/ratastel-laud\/"},"modified":"2024-07-03T10:13:22","modified_gmt":"2024-07-03T07:13:22","slug":"ratastel-laud","status":"publish","type":"product","link":"https:\/\/www.laomeister.com\/fi\/toode\/ratastel-laud\/","title":{"rendered":"P\u00f6yt\u00e4 py\u00f6rill\u00e4, KM270"},"content":{"rendered":"","protected":false},"excerpt":{"rendered":"<p>Tyylik\u00e4s, t\u00e4ysin hitsattu p\u00f6yt\u00e4 py\u00f6rien p\u00e4\u00e4ll\u00e4, jossa on ruostumattomalla ter\u00e4ksell\u00e4 p\u00e4\u00e4llystetty vaneripinta. Saatavana jarruilla tai ilman.<\/p>\n<p><strong>Lis\u00e4tietoja:<\/strong><br \/>\n&#8211; Vanerin tasopinta, sinkitty ja p\u00e4\u00e4llystetty 1 mm:n ruostumattomalla ter\u00e4ksell\u00e4;<br \/>\n&#8211; Lavan korkeus: 885 mm;<br \/>\n&#8211; 4 py\u00f6riv\u00e4\u00e4 100 mm:n py\u00f6r\u00e4\u00e4;<br \/>\n&#8211; Kantavuus: 150 kg;<\/p>\n","protected":false},"featured_media":5744,"template":"","meta":[],"product_brand":[],"product_cat":[243,272],"product_tag":[],"class_list":{"0":"post-14139","1":"product","2":"type-product","3":"status-publish","4":"has-post-thumbnail","6":"product_cat-karud-fi","7":"product_cat-roostevabad-karud-fi","9":"first","10":"instock","11":"sale","12":"taxable","13":"shipping-taxable","14":"purchasable","15":"product-type-simple"},"yoast_head":"<!-- This site is optimized with the Yoast SEO plugin v27.3 - https:\/\/yoast.com\/product\/yoast-seo-wordpress\/ -->\n<title>P\u00f6yt\u00e4 py\u00f6rill\u00e4, KM270 - Balti Laomeister<\/title>\n<meta name=\"robots\" content=\"index, follow, max-snippet:-1, max-image-preview:large, max-video-preview:-1\" \/>\n<link rel=\"canonical\" href=\"https:\/\/www.laomeister.com\/fi\/toode\/ratastel-laud\/\" \/>\n<meta property=\"og:locale\" content=\"fi_FI\" \/>\n<meta property=\"og:type\" content=\"article\" \/>\n<meta property=\"og:title\" content=\"P\u00f6yt\u00e4 py\u00f6rill\u00e4, KM270 - Balti Laomeister\" \/>\n<meta property=\"og:description\" content=\"Tyylik\u00e4s, t\u00e4ysin hitsattu p\u00f6yt\u00e4 py\u00f6rien p\u00e4\u00e4ll\u00e4, jossa on ruostumattomalla ter\u00e4ksell\u00e4 p\u00e4\u00e4llystetty vaneripinta. Saatavana jarruilla tai ilman. Lis\u00e4tietoja: - Vanerin tasopinta, sinkitty ja p\u00e4\u00e4llystetty 1 mm:n ruostumattomalla ter\u00e4ksell\u00e4; - Lavan korkeus: 885 mm; - 4 py\u00f6riv\u00e4\u00e4 100 mm:n py\u00f6r\u00e4\u00e4; - Kantavuus: 150 kg;\" \/>\n<meta property=\"og:url\" content=\"https:\/\/www.laomeister.com\/fi\/toode\/ratastel-laud\/\" \/>\n<meta property=\"og:site_name\" content=\"Balti Laomeister\" \/>\n<meta property=\"article:modified_time\" content=\"2024-07-03T07:13:22+00:00\" \/>\n<meta property=\"og:image\" content=\"https:\/\/www.laomeister.com\/wp-content\/uploads\/2018\/08\/ratastel-laud.png\" \/>\n\t<meta property=\"og:image:width\" content=\"720\" \/>\n\t<meta property=\"og:image:height\" content=\"720\" \/>\n\t<meta property=\"og:image:type\" content=\"image\/png\" \/>\n<meta name=\"twitter:card\" content=\"summary_large_image\" \/>\n<script type=\"application\/ld+json\" class=\"yoast-schema-graph\">{\"@context\":\"https:\\\/\\\/schema.org\",\"@graph\":[{\"@type\":\"WebPage\",\"@id\":\"https:\\\/\\\/www.laomeister.com\\\/fi\\\/toode\\\/ratastel-laud\\\/\",\"url\":\"https:\\\/\\\/www.laomeister.com\\\/fi\\\/toode\\\/ratastel-laud\\\/\",\"name\":\"P\u00f6yt\u00e4 py\u00f6rill\u00e4, KM270 - Balti Laomeister\",\"isPartOf\":{\"@id\":\"https:\\\/\\\/www.laomeister.com\\\/fi\\\/#website\"},\"primaryImageOfPage\":{\"@id\":\"https:\\\/\\\/www.laomeister.com\\\/fi\\\/toode\\\/ratastel-laud\\\/#primaryimage\"},\"image\":{\"@id\":\"https:\\\/\\\/www.laomeister.com\\\/fi\\\/toode\\\/ratastel-laud\\\/#primaryimage\"},\"thumbnailUrl\":\"https:\\\/\\\/www.laomeister.com\\\/wp-content\\\/uploads\\\/2018\\\/08\\\/ratastel-laud.png\",\"datePublished\":\"2018-08-14T09:00:18+00:00\",\"dateModified\":\"2024-07-03T07:13:22+00:00\",\"breadcrumb\":{\"@id\":\"https:\\\/\\\/www.laomeister.com\\\/fi\\\/toode\\\/ratastel-laud\\\/#breadcrumb\"},\"inLanguage\":\"fi\",\"potentialAction\":[{\"@type\":\"ReadAction\",\"target\":[\"https:\\\/\\\/www.laomeister.com\\\/fi\\\/toode\\\/ratastel-laud\\\/\"]}]},{\"@type\":\"ImageObject\",\"inLanguage\":\"fi\",\"@id\":\"https:\\\/\\\/www.laomeister.com\\\/fi\\\/toode\\\/ratastel-laud\\\/#primaryimage\",\"url\":\"https:\\\/\\\/www.laomeister.com\\\/wp-content\\\/uploads\\\/2018\\\/08\\\/ratastel-laud.png\",\"contentUrl\":\"https:\\\/\\\/www.laomeister.com\\\/wp-content\\\/uploads\\\/2018\\\/08\\\/ratastel-laud.png\",\"width\":720,\"height\":720,\"caption\":\"roostevaba k\u00e4ru ratastel laud\"},{\"@type\":\"BreadcrumbList\",\"@id\":\"https:\\\/\\\/www.laomeister.com\\\/fi\\\/toode\\\/ratastel-laud\\\/#breadcrumb\",\"itemListElement\":[{\"@type\":\"ListItem\",\"position\":1,\"name\":\"Home\",\"item\":\"https:\\\/\\\/www.laomeister.com\\\/fi\\\/\"},{\"@type\":\"ListItem\",\"position\":2,\"name\":\"Tuotteet\",\"item\":\"https:\\\/\\\/www.laomeister.com\\\/fi\\\/tuotteet\\\/\"},{\"@type\":\"ListItem\",\"position\":3,\"name\":\"P\u00f6yt\u00e4 py\u00f6rill\u00e4, KM270\"}]},{\"@type\":\"WebSite\",\"@id\":\"https:\\\/\\\/www.laomeister.com\\\/fi\\\/#website\",\"url\":\"https:\\\/\\\/www.laomeister.com\\\/fi\\\/\",\"name\":\"Balti Laomeister\",\"description\":\"Laoriiulid - m&uuml;&uuml;k ja paigaldus\",\"potentialAction\":[{\"@type\":\"SearchAction\",\"target\":{\"@type\":\"EntryPoint\",\"urlTemplate\":\"https:\\\/\\\/www.laomeister.com\\\/fi\\\/?s={search_term_string}\"},\"query-input\":{\"@type\":\"PropertyValueSpecification\",\"valueRequired\":true,\"valueName\":\"search_term_string\"}}],\"inLanguage\":\"fi\"}]}<\/script>\n<!-- \/ Yoast SEO plugin. -->","yoast_head_json":{"title":"P\u00f6yt\u00e4 py\u00f6rill\u00e4, KM270 - Balti Laomeister","robots":{"index":"index","follow":"follow","max-snippet":"max-snippet:-1","max-image-preview":"max-image-preview:large","max-video-preview":"max-video-preview:-1"},"canonical":"https:\/\/www.laomeister.com\/fi\/toode\/ratastel-laud\/","og_locale":"fi_FI","og_type":"article","og_title":"P\u00f6yt\u00e4 py\u00f6rill\u00e4, KM270 - Balti Laomeister","og_description":"Tyylik\u00e4s, t\u00e4ysin hitsattu p\u00f6yt\u00e4 py\u00f6rien p\u00e4\u00e4ll\u00e4, jossa on ruostumattomalla ter\u00e4ksell\u00e4 p\u00e4\u00e4llystetty vaneripinta. Saatavana jarruilla tai ilman. Lis\u00e4tietoja: - Vanerin tasopinta, sinkitty ja p\u00e4\u00e4llystetty 1 mm:n ruostumattomalla ter\u00e4ksell\u00e4; - Lavan korkeus: 885 mm; - 4 py\u00f6riv\u00e4\u00e4 100 mm:n py\u00f6r\u00e4\u00e4; - Kantavuus: 150 kg;","og_url":"https:\/\/www.laomeister.com\/fi\/toode\/ratastel-laud\/","og_site_name":"Balti Laomeister","article_modified_time":"2024-07-03T07:13:22+00:00","og_image":[{"width":720,"height":720,"url":"https:\/\/www.laomeister.com\/wp-content\/uploads\/2018\/08\/ratastel-laud.png","type":"image\/png"}],"twitter_card":"summary_large_image","schema":{"@context":"https:\/\/schema.org","@graph":[{"@type":"WebPage","@id":"https:\/\/www.laomeister.com\/fi\/toode\/ratastel-laud\/","url":"https:\/\/www.laomeister.com\/fi\/toode\/ratastel-laud\/","name":"P\u00f6yt\u00e4 py\u00f6rill\u00e4, KM270 - Balti Laomeister","isPartOf":{"@id":"https:\/\/www.laomeister.com\/fi\/#website"},"primaryImageOfPage":{"@id":"https:\/\/www.laomeister.com\/fi\/toode\/ratastel-laud\/#primaryimage"},"image":{"@id":"https:\/\/www.laomeister.com\/fi\/toode\/ratastel-laud\/#primaryimage"},"thumbnailUrl":"https:\/\/www.laomeister.com\/wp-content\/uploads\/2018\/08\/ratastel-laud.png","datePublished":"2018-08-14T09:00:18+00:00","dateModified":"2024-07-03T07:13:22+00:00","breadcrumb":{"@id":"https:\/\/www.laomeister.com\/fi\/toode\/ratastel-laud\/#breadcrumb"},"inLanguage":"fi","potentialAction":[{"@type":"ReadAction","target":["https:\/\/www.laomeister.com\/fi\/toode\/ratastel-laud\/"]}]},{"@type":"ImageObject","inLanguage":"fi","@id":"https:\/\/www.laomeister.com\/fi\/toode\/ratastel-laud\/#primaryimage","url":"https:\/\/www.laomeister.com\/wp-content\/uploads\/2018\/08\/ratastel-laud.png","contentUrl":"https:\/\/www.laomeister.com\/wp-content\/uploads\/2018\/08\/ratastel-laud.png","width":720,"height":720,"caption":"roostevaba k\u00e4ru ratastel laud"},{"@type":"BreadcrumbList","@id":"https:\/\/www.laomeister.com\/fi\/toode\/ratastel-laud\/#breadcrumb","itemListElement":[{"@type":"ListItem","position":1,"name":"Home","item":"https:\/\/www.laomeister.com\/fi\/"},{"@type":"ListItem","position":2,"name":"Tuotteet","item":"https:\/\/www.laomeister.com\/fi\/tuotteet\/"},{"@type":"ListItem","position":3,"name":"P\u00f6yt\u00e4 py\u00f6rill\u00e4, KM270"}]},{"@type":"WebSite","@id":"https:\/\/www.laomeister.com\/fi\/#website","url":"https:\/\/www.laomeister.com\/fi\/","name":"Balti Laomeister","description":"Laoriiulid - m&uuml;&uuml;k ja paigaldus","potentialAction":[{"@type":"SearchAction","target":{"@type":"EntryPoint","urlTemplate":"https:\/\/www.laomeister.com\/fi\/?s={search_term_string}"},"query-input":{"@type":"PropertyValueSpecification","valueRequired":true,"valueName":"search_term_string"}}],"inLanguage":"fi"}]}},"_links":{"self":[{"href":"https:\/\/www.laomeister.com\/fi\/wp-json\/wp\/v2\/product\/14139","targetHints":{"allow":["GET"]}}],"collection":[{"href":"https:\/\/www.laomeister.com\/fi\/wp-json\/wp\/v2\/product"}],"about":[{"href":"https:\/\/www.laomeister.com\/fi\/wp-json\/wp\/v2\/types\/product"}],"wp:featuredmedia":[{"embeddable":true,"href":"https:\/\/www.laomeister.com\/fi\/wp-json\/wp\/v2\/media\/5744"}],"wp:attachment":[{"href":"https:\/\/www.laomeister.com\/fi\/wp-json\/wp\/v2\/media?parent=14139"}],"wp:term":[{"taxonomy":"product_brand","embeddable":true,"href":"https:\/\/www.laomeister.com\/fi\/wp-json\/wp\/v2\/product_brand?post=14139"},{"taxonomy":"product_cat","embeddable":true,"href":"https:\/\/www.laomeister.com\/fi\/wp-json\/wp\/v2\/product_cat?post=14139"},{"taxonomy":"product_tag","embeddable":true,"href":"https:\/\/www.laomeister.com\/fi\/wp-json\/wp\/v2\/product_tag?post=14139"}],"curies":[{"name":"wp","href":"https:\/\/api.w.org\/{rel}","templated":true}]}}