{"id":13990,"date":"2018-10-03T13:26:34","date_gmt":"2018-10-03T10:26:34","guid":{"rendered":"https:\/\/www.laomeister.com\/product\/aluseraami-karu-km224\/"},"modified":"2024-07-03T09:46:29","modified_gmt":"2024-07-03T06:46:29","slug":"aluseraami-karu-km224","status":"publish","type":"product","link":"https:\/\/www.laomeister.com\/fi\/toode\/aluseraami-karu-km224\/","title":{"rendered":"Alakehikkovaunu KM224"},"content":{"rendered":"","protected":false},"excerpt":{"rendered":"<p>Peruskehysvaunu, joka mahdollistaa kehysten helpon kuljettamisen.<\/p>\n<p>Lis\u00e4tietoja:<br \/>\n&#8211; Jauhepinnoitetut ja sinkityt pylv\u00e4\u00e4t;<br \/>\n&#8211; T\u00e4ysin hitsattu;<br \/>\n&#8211; Tilaa enint\u00e4\u00e4n 36 peruskehyst\u00e4;<br \/>\n&#8211; Kiinte\u00e4 py\u00f6r\u00e4 on asennettu pidemm\u00e4lle puolelle ohjauksen helpottamiseksi;<br \/>\n&#8211; Tolppien pituus 900 mm;<br \/>\n&#8211; 2 kiinte\u00e4\u00e4, 2 k\u00e4\u00e4ntyv\u00e4\u00e4 kiinte\u00e4\u00e4 200&#215;50 mm:n py\u00f6r\u00e4\u00e4;<br \/>\n&#8211; Kantavuus: 300 kg;<\/p>\n<p>&#8211; Mitat pituus, leveys, korkeus: 800 x 600 x 1215 mm.<\/p>\n<p>&#8211; Paino 44 kg<\/p>\n","protected":false},"featured_media":4023,"template":"","meta":[],"product_brand":[],"product_cat":[243,245],"product_tag":[],"class_list":{"0":"post-13990","1":"product","2":"type-product","3":"status-publish","4":"has-post-thumbnail","6":"product_cat-karud-fi","7":"product_cat-alusekarud-fi","9":"first","10":"instock","11":"taxable","12":"shipping-taxable","13":"purchasable","14":"product-type-simple"},"yoast_head":"<!-- This site is optimized with the Yoast SEO plugin v27.3 - https:\/\/yoast.com\/product\/yoast-seo-wordpress\/ -->\n<title>Alakehikkovaunu KM224 - Balti Laomeister<\/title>\n<meta name=\"robots\" content=\"index, follow, max-snippet:-1, max-image-preview:large, max-video-preview:-1\" \/>\n<link rel=\"canonical\" href=\"https:\/\/www.laomeister.com\/fi\/toode\/aluseraami-karu-km224\/\" \/>\n<meta property=\"og:locale\" content=\"fi_FI\" \/>\n<meta property=\"og:type\" content=\"article\" \/>\n<meta property=\"og:title\" content=\"Alakehikkovaunu KM224 - Balti Laomeister\" \/>\n<meta property=\"og:description\" content=\"Peruskehysvaunu, joka mahdollistaa kehysten helpon kuljettamisen. Lis\u00e4tietoja: - Jauhepinnoitetut ja sinkityt pylv\u00e4\u00e4t; - T\u00e4ysin hitsattu; - Tilaa enint\u00e4\u00e4n 36 peruskehyst\u00e4; - Kiinte\u00e4 py\u00f6r\u00e4 on asennettu pidemm\u00e4lle puolelle ohjauksen helpottamiseksi; - Tolppien pituus 900 mm; - 2 kiinte\u00e4\u00e4, 2 k\u00e4\u00e4ntyv\u00e4\u00e4 kiinte\u00e4\u00e4 200x50 mm:n py\u00f6r\u00e4\u00e4; - Kantavuus: 300 kg; - Mitat pituus, leveys, korkeus: 800 x 600 x 1215 mm. - Paino 44 kg\" \/>\n<meta property=\"og:url\" content=\"https:\/\/www.laomeister.com\/fi\/toode\/aluseraami-karu-km224\/\" \/>\n<meta property=\"og:site_name\" content=\"Balti Laomeister\" \/>\n<meta property=\"article:modified_time\" content=\"2024-07-03T06:46:29+00:00\" \/>\n<meta property=\"og:image\" content=\"https:\/\/www.laomeister.com\/wp-content\/uploads\/2018\/10\/Aluseraami-ka\u0308ru.png\" \/>\n\t<meta property=\"og:image:width\" content=\"680\" \/>\n\t<meta property=\"og:image:height\" content=\"680\" \/>\n\t<meta property=\"og:image:type\" content=\"image\/png\" \/>\n<meta name=\"twitter:card\" content=\"summary_large_image\" \/>\n<script type=\"application\/ld+json\" class=\"yoast-schema-graph\">{\"@context\":\"https:\\\/\\\/schema.org\",\"@graph\":[{\"@type\":\"WebPage\",\"@id\":\"https:\\\/\\\/www.laomeister.com\\\/fi\\\/toode\\\/aluseraami-karu-km224\\\/\",\"url\":\"https:\\\/\\\/www.laomeister.com\\\/fi\\\/toode\\\/aluseraami-karu-km224\\\/\",\"name\":\"Alakehikkovaunu KM224 - Balti Laomeister\",\"isPartOf\":{\"@id\":\"https:\\\/\\\/www.laomeister.com\\\/fi\\\/#website\"},\"primaryImageOfPage\":{\"@id\":\"https:\\\/\\\/www.laomeister.com\\\/fi\\\/toode\\\/aluseraami-karu-km224\\\/#primaryimage\"},\"image\":{\"@id\":\"https:\\\/\\\/www.laomeister.com\\\/fi\\\/toode\\\/aluseraami-karu-km224\\\/#primaryimage\"},\"thumbnailUrl\":\"https:\\\/\\\/www.laomeister.com\\\/wp-content\\\/uploads\\\/2018\\\/10\\\/Aluseraami-ka\u0308ru.png\",\"datePublished\":\"2018-10-03T10:26:34+00:00\",\"dateModified\":\"2024-07-03T06:46:29+00:00\",\"breadcrumb\":{\"@id\":\"https:\\\/\\\/www.laomeister.com\\\/fi\\\/toode\\\/aluseraami-karu-km224\\\/#breadcrumb\"},\"inLanguage\":\"fi\",\"potentialAction\":[{\"@type\":\"ReadAction\",\"target\":[\"https:\\\/\\\/www.laomeister.com\\\/fi\\\/toode\\\/aluseraami-karu-km224\\\/\"]}]},{\"@type\":\"ImageObject\",\"inLanguage\":\"fi\",\"@id\":\"https:\\\/\\\/www.laomeister.com\\\/fi\\\/toode\\\/aluseraami-karu-km224\\\/#primaryimage\",\"url\":\"https:\\\/\\\/www.laomeister.com\\\/wp-content\\\/uploads\\\/2018\\\/10\\\/Aluseraami-ka\u0308ru.png\",\"contentUrl\":\"https:\\\/\\\/www.laomeister.com\\\/wp-content\\\/uploads\\\/2018\\\/10\\\/Aluseraami-ka\u0308ru.png\",\"width\":680,\"height\":680,\"caption\":\"Aluserullik\"},{\"@type\":\"BreadcrumbList\",\"@id\":\"https:\\\/\\\/www.laomeister.com\\\/fi\\\/toode\\\/aluseraami-karu-km224\\\/#breadcrumb\",\"itemListElement\":[{\"@type\":\"ListItem\",\"position\":1,\"name\":\"Home\",\"item\":\"https:\\\/\\\/www.laomeister.com\\\/fi\\\/\"},{\"@type\":\"ListItem\",\"position\":2,\"name\":\"Tuotteet\",\"item\":\"https:\\\/\\\/www.laomeister.com\\\/fi\\\/tuotteet\\\/\"},{\"@type\":\"ListItem\",\"position\":3,\"name\":\"Alakehikkovaunu KM224\"}]},{\"@type\":\"WebSite\",\"@id\":\"https:\\\/\\\/www.laomeister.com\\\/fi\\\/#website\",\"url\":\"https:\\\/\\\/www.laomeister.com\\\/fi\\\/\",\"name\":\"Balti Laomeister\",\"description\":\"Laoriiulid - m&uuml;&uuml;k ja paigaldus\",\"potentialAction\":[{\"@type\":\"SearchAction\",\"target\":{\"@type\":\"EntryPoint\",\"urlTemplate\":\"https:\\\/\\\/www.laomeister.com\\\/fi\\\/?s={search_term_string}\"},\"query-input\":{\"@type\":\"PropertyValueSpecification\",\"valueRequired\":true,\"valueName\":\"search_term_string\"}}],\"inLanguage\":\"fi\"}]}<\/script>\n<!-- \/ Yoast SEO plugin. -->","yoast_head_json":{"title":"Alakehikkovaunu KM224 - Balti Laomeister","robots":{"index":"index","follow":"follow","max-snippet":"max-snippet:-1","max-image-preview":"max-image-preview:large","max-video-preview":"max-video-preview:-1"},"canonical":"https:\/\/www.laomeister.com\/fi\/toode\/aluseraami-karu-km224\/","og_locale":"fi_FI","og_type":"article","og_title":"Alakehikkovaunu KM224 - Balti Laomeister","og_description":"Peruskehysvaunu, joka mahdollistaa kehysten helpon kuljettamisen. Lis\u00e4tietoja: - Jauhepinnoitetut ja sinkityt pylv\u00e4\u00e4t; - T\u00e4ysin hitsattu; - Tilaa enint\u00e4\u00e4n 36 peruskehyst\u00e4; - Kiinte\u00e4 py\u00f6r\u00e4 on asennettu pidemm\u00e4lle puolelle ohjauksen helpottamiseksi; - Tolppien pituus 900 mm; - 2 kiinte\u00e4\u00e4, 2 k\u00e4\u00e4ntyv\u00e4\u00e4 kiinte\u00e4\u00e4 200x50 mm:n py\u00f6r\u00e4\u00e4; - Kantavuus: 300 kg; - Mitat pituus, leveys, korkeus: 800 x 600 x 1215 mm. - Paino 44 kg","og_url":"https:\/\/www.laomeister.com\/fi\/toode\/aluseraami-karu-km224\/","og_site_name":"Balti Laomeister","article_modified_time":"2024-07-03T06:46:29+00:00","og_image":[{"width":680,"height":680,"url":"https:\/\/www.laomeister.com\/wp-content\/uploads\/2018\/10\/Aluseraami-ka\u0308ru.png","type":"image\/png"}],"twitter_card":"summary_large_image","schema":{"@context":"https:\/\/schema.org","@graph":[{"@type":"WebPage","@id":"https:\/\/www.laomeister.com\/fi\/toode\/aluseraami-karu-km224\/","url":"https:\/\/www.laomeister.com\/fi\/toode\/aluseraami-karu-km224\/","name":"Alakehikkovaunu KM224 - Balti Laomeister","isPartOf":{"@id":"https:\/\/www.laomeister.com\/fi\/#website"},"primaryImageOfPage":{"@id":"https:\/\/www.laomeister.com\/fi\/toode\/aluseraami-karu-km224\/#primaryimage"},"image":{"@id":"https:\/\/www.laomeister.com\/fi\/toode\/aluseraami-karu-km224\/#primaryimage"},"thumbnailUrl":"https:\/\/www.laomeister.com\/wp-content\/uploads\/2018\/10\/Aluseraami-ka\u0308ru.png","datePublished":"2018-10-03T10:26:34+00:00","dateModified":"2024-07-03T06:46:29+00:00","breadcrumb":{"@id":"https:\/\/www.laomeister.com\/fi\/toode\/aluseraami-karu-km224\/#breadcrumb"},"inLanguage":"fi","potentialAction":[{"@type":"ReadAction","target":["https:\/\/www.laomeister.com\/fi\/toode\/aluseraami-karu-km224\/"]}]},{"@type":"ImageObject","inLanguage":"fi","@id":"https:\/\/www.laomeister.com\/fi\/toode\/aluseraami-karu-km224\/#primaryimage","url":"https:\/\/www.laomeister.com\/wp-content\/uploads\/2018\/10\/Aluseraami-ka\u0308ru.png","contentUrl":"https:\/\/www.laomeister.com\/wp-content\/uploads\/2018\/10\/Aluseraami-ka\u0308ru.png","width":680,"height":680,"caption":"Aluserullik"},{"@type":"BreadcrumbList","@id":"https:\/\/www.laomeister.com\/fi\/toode\/aluseraami-karu-km224\/#breadcrumb","itemListElement":[{"@type":"ListItem","position":1,"name":"Home","item":"https:\/\/www.laomeister.com\/fi\/"},{"@type":"ListItem","position":2,"name":"Tuotteet","item":"https:\/\/www.laomeister.com\/fi\/tuotteet\/"},{"@type":"ListItem","position":3,"name":"Alakehikkovaunu KM224"}]},{"@type":"WebSite","@id":"https:\/\/www.laomeister.com\/fi\/#website","url":"https:\/\/www.laomeister.com\/fi\/","name":"Balti Laomeister","description":"Laoriiulid - m&uuml;&uuml;k ja paigaldus","potentialAction":[{"@type":"SearchAction","target":{"@type":"EntryPoint","urlTemplate":"https:\/\/www.laomeister.com\/fi\/?s={search_term_string}"},"query-input":{"@type":"PropertyValueSpecification","valueRequired":true,"valueName":"search_term_string"}}],"inLanguage":"fi"}]}},"_links":{"self":[{"href":"https:\/\/www.laomeister.com\/fi\/wp-json\/wp\/v2\/product\/13990","targetHints":{"allow":["GET"]}}],"collection":[{"href":"https:\/\/www.laomeister.com\/fi\/wp-json\/wp\/v2\/product"}],"about":[{"href":"https:\/\/www.laomeister.com\/fi\/wp-json\/wp\/v2\/types\/product"}],"wp:featuredmedia":[{"embeddable":true,"href":"https:\/\/www.laomeister.com\/fi\/wp-json\/wp\/v2\/media\/4023"}],"wp:attachment":[{"href":"https:\/\/www.laomeister.com\/fi\/wp-json\/wp\/v2\/media?parent=13990"}],"wp:term":[{"taxonomy":"product_brand","embeddable":true,"href":"https:\/\/www.laomeister.com\/fi\/wp-json\/wp\/v2\/product_brand?post=13990"},{"taxonomy":"product_cat","embeddable":true,"href":"https:\/\/www.laomeister.com\/fi\/wp-json\/wp\/v2\/product_cat?post=13990"},{"taxonomy":"product_tag","embeddable":true,"href":"https:\/\/www.laomeister.com\/fi\/wp-json\/wp\/v2\/product_tag?post=13990"}],"curies":[{"name":"wp","href":"https:\/\/api.w.org\/{rel}","templated":true}]}}