{"id":13989,"date":"2018-10-03T14:00:50","date_gmt":"2018-10-03T11:00:50","guid":{"rendered":"https:\/\/www.laomeister.com\/product\/aluserullik\/"},"modified":"2024-07-03T09:46:33","modified_gmt":"2024-07-03T06:46:33","slug":"aluserullik","status":"publish","type":"product","link":"https:\/\/www.laomeister.com\/fi\/toode\/aluserullik\/","title":{"rendered":"K\u00e4ynnistysrulla, KOKM250"},"content":{"rendered":"","protected":false},"excerpt":{"rendered":"<p>Alustan avulla voidaan siirt\u00e4\u00e4 pitki\u00e4 kuormia, kun trukin pituus on rajoitettu.<\/p>\n<p>Lis\u00e4tietoja:<br \/>\n&#8211; 2 mm aluzinkkiter\u00e4slevy;<br \/>\n&#8211; Suunniteltu EUR-rahastoja varten;<br \/>\n&#8211; Helppok\u00e4ytt\u00f6inen kahva kuljetusta varten;<br \/>\n&#8211; Nostaa pohjan 40 mm:n korkeuteen;<br \/>\n&#8211; 100 mm:n raskaat py\u00f6r\u00e4t;<br \/>\n&#8211; Enimm\u00e4ispaino alle 2000 kg;<\/p>\n<p>&#8211; Mitat Pituus, leveys, korkeus: 575 x 160 x 150 mm<\/p>\n<p>&#8211; Paino 6 kg<\/p>\n","protected":false},"featured_media":4041,"template":"","meta":[],"product_brand":[],"product_cat":[243,245],"product_tag":[],"class_list":{"0":"post-13989","1":"product","2":"type-product","3":"status-publish","4":"has-post-thumbnail","6":"product_cat-karud-fi","7":"product_cat-alusekarud-fi","9":"first","10":"instock","11":"taxable","12":"shipping-taxable","13":"purchasable","14":"product-type-simple"},"yoast_head":"<!-- This site is optimized with the Yoast SEO plugin v27.3 - https:\/\/yoast.com\/product\/yoast-seo-wordpress\/ -->\n<title>K\u00e4ynnistysrulla, KOKM250 - Balti Laomeister<\/title>\n<meta name=\"robots\" content=\"index, follow, max-snippet:-1, max-image-preview:large, max-video-preview:-1\" \/>\n<link rel=\"canonical\" href=\"https:\/\/www.laomeister.com\/fi\/toode\/aluserullik\/\" \/>\n<meta property=\"og:locale\" content=\"fi_FI\" \/>\n<meta property=\"og:type\" content=\"article\" \/>\n<meta property=\"og:title\" content=\"K\u00e4ynnistysrulla, KOKM250 - Balti Laomeister\" \/>\n<meta property=\"og:description\" content=\"Alustan avulla voidaan siirt\u00e4\u00e4 pitki\u00e4 kuormia, kun trukin pituus on rajoitettu. Lis\u00e4tietoja: - 2 mm aluzinkkiter\u00e4slevy; - Suunniteltu EUR-rahastoja varten; - Helppok\u00e4ytt\u00f6inen kahva kuljetusta varten; - Nostaa pohjan 40 mm:n korkeuteen; - 100 mm:n raskaat py\u00f6r\u00e4t; - Enimm\u00e4ispaino alle 2000 kg; - Mitat Pituus, leveys, korkeus: 575 x 160 x 150 mm - Paino 6 kg\" \/>\n<meta property=\"og:url\" content=\"https:\/\/www.laomeister.com\/fi\/toode\/aluserullik\/\" \/>\n<meta property=\"og:site_name\" content=\"Balti Laomeister\" \/>\n<meta property=\"article:modified_time\" content=\"2024-07-03T06:46:33+00:00\" \/>\n<meta property=\"og:image\" content=\"https:\/\/www.laomeister.com\/wp-content\/uploads\/2018\/10\/Aluserullik.png\" \/>\n\t<meta property=\"og:image:width\" content=\"585\" \/>\n\t<meta property=\"og:image:height\" content=\"585\" \/>\n\t<meta property=\"og:image:type\" content=\"image\/png\" \/>\n<meta name=\"twitter:card\" content=\"summary_large_image\" \/>\n<script type=\"application\/ld+json\" class=\"yoast-schema-graph\">{\"@context\":\"https:\\\/\\\/schema.org\",\"@graph\":[{\"@type\":\"WebPage\",\"@id\":\"https:\\\/\\\/www.laomeister.com\\\/fi\\\/toode\\\/aluserullik\\\/\",\"url\":\"https:\\\/\\\/www.laomeister.com\\\/fi\\\/toode\\\/aluserullik\\\/\",\"name\":\"K\u00e4ynnistysrulla, KOKM250 - Balti Laomeister\",\"isPartOf\":{\"@id\":\"https:\\\/\\\/www.laomeister.com\\\/fi\\\/#website\"},\"primaryImageOfPage\":{\"@id\":\"https:\\\/\\\/www.laomeister.com\\\/fi\\\/toode\\\/aluserullik\\\/#primaryimage\"},\"image\":{\"@id\":\"https:\\\/\\\/www.laomeister.com\\\/fi\\\/toode\\\/aluserullik\\\/#primaryimage\"},\"thumbnailUrl\":\"https:\\\/\\\/www.laomeister.com\\\/wp-content\\\/uploads\\\/2018\\\/10\\\/Aluserullik.png\",\"datePublished\":\"2018-10-03T11:00:50+00:00\",\"dateModified\":\"2024-07-03T06:46:33+00:00\",\"breadcrumb\":{\"@id\":\"https:\\\/\\\/www.laomeister.com\\\/fi\\\/toode\\\/aluserullik\\\/#breadcrumb\"},\"inLanguage\":\"fi\",\"potentialAction\":[{\"@type\":\"ReadAction\",\"target\":[\"https:\\\/\\\/www.laomeister.com\\\/fi\\\/toode\\\/aluserullik\\\/\"]}]},{\"@type\":\"ImageObject\",\"inLanguage\":\"fi\",\"@id\":\"https:\\\/\\\/www.laomeister.com\\\/fi\\\/toode\\\/aluserullik\\\/#primaryimage\",\"url\":\"https:\\\/\\\/www.laomeister.com\\\/wp-content\\\/uploads\\\/2018\\\/10\\\/Aluserullik.png\",\"contentUrl\":\"https:\\\/\\\/www.laomeister.com\\\/wp-content\\\/uploads\\\/2018\\\/10\\\/Aluserullik.png\",\"width\":585,\"height\":585,\"caption\":\"Aluseka\u0308ru\"},{\"@type\":\"BreadcrumbList\",\"@id\":\"https:\\\/\\\/www.laomeister.com\\\/fi\\\/toode\\\/aluserullik\\\/#breadcrumb\",\"itemListElement\":[{\"@type\":\"ListItem\",\"position\":1,\"name\":\"Home\",\"item\":\"https:\\\/\\\/www.laomeister.com\\\/fi\\\/\"},{\"@type\":\"ListItem\",\"position\":2,\"name\":\"Tuotteet\",\"item\":\"https:\\\/\\\/www.laomeister.com\\\/fi\\\/tuotteet\\\/\"},{\"@type\":\"ListItem\",\"position\":3,\"name\":\"K\u00e4ynnistysrulla, KOKM250\"}]},{\"@type\":\"WebSite\",\"@id\":\"https:\\\/\\\/www.laomeister.com\\\/fi\\\/#website\",\"url\":\"https:\\\/\\\/www.laomeister.com\\\/fi\\\/\",\"name\":\"Balti Laomeister\",\"description\":\"Laoriiulid - m&uuml;&uuml;k ja paigaldus\",\"potentialAction\":[{\"@type\":\"SearchAction\",\"target\":{\"@type\":\"EntryPoint\",\"urlTemplate\":\"https:\\\/\\\/www.laomeister.com\\\/fi\\\/?s={search_term_string}\"},\"query-input\":{\"@type\":\"PropertyValueSpecification\",\"valueRequired\":true,\"valueName\":\"search_term_string\"}}],\"inLanguage\":\"fi\"}]}<\/script>\n<!-- \/ Yoast SEO plugin. -->","yoast_head_json":{"title":"K\u00e4ynnistysrulla, KOKM250 - Balti Laomeister","robots":{"index":"index","follow":"follow","max-snippet":"max-snippet:-1","max-image-preview":"max-image-preview:large","max-video-preview":"max-video-preview:-1"},"canonical":"https:\/\/www.laomeister.com\/fi\/toode\/aluserullik\/","og_locale":"fi_FI","og_type":"article","og_title":"K\u00e4ynnistysrulla, KOKM250 - Balti Laomeister","og_description":"Alustan avulla voidaan siirt\u00e4\u00e4 pitki\u00e4 kuormia, kun trukin pituus on rajoitettu. Lis\u00e4tietoja: - 2 mm aluzinkkiter\u00e4slevy; - Suunniteltu EUR-rahastoja varten; - Helppok\u00e4ytt\u00f6inen kahva kuljetusta varten; - Nostaa pohjan 40 mm:n korkeuteen; - 100 mm:n raskaat py\u00f6r\u00e4t; - Enimm\u00e4ispaino alle 2000 kg; - Mitat Pituus, leveys, korkeus: 575 x 160 x 150 mm - Paino 6 kg","og_url":"https:\/\/www.laomeister.com\/fi\/toode\/aluserullik\/","og_site_name":"Balti Laomeister","article_modified_time":"2024-07-03T06:46:33+00:00","og_image":[{"width":585,"height":585,"url":"https:\/\/www.laomeister.com\/wp-content\/uploads\/2018\/10\/Aluserullik.png","type":"image\/png"}],"twitter_card":"summary_large_image","schema":{"@context":"https:\/\/schema.org","@graph":[{"@type":"WebPage","@id":"https:\/\/www.laomeister.com\/fi\/toode\/aluserullik\/","url":"https:\/\/www.laomeister.com\/fi\/toode\/aluserullik\/","name":"K\u00e4ynnistysrulla, KOKM250 - Balti Laomeister","isPartOf":{"@id":"https:\/\/www.laomeister.com\/fi\/#website"},"primaryImageOfPage":{"@id":"https:\/\/www.laomeister.com\/fi\/toode\/aluserullik\/#primaryimage"},"image":{"@id":"https:\/\/www.laomeister.com\/fi\/toode\/aluserullik\/#primaryimage"},"thumbnailUrl":"https:\/\/www.laomeister.com\/wp-content\/uploads\/2018\/10\/Aluserullik.png","datePublished":"2018-10-03T11:00:50+00:00","dateModified":"2024-07-03T06:46:33+00:00","breadcrumb":{"@id":"https:\/\/www.laomeister.com\/fi\/toode\/aluserullik\/#breadcrumb"},"inLanguage":"fi","potentialAction":[{"@type":"ReadAction","target":["https:\/\/www.laomeister.com\/fi\/toode\/aluserullik\/"]}]},{"@type":"ImageObject","inLanguage":"fi","@id":"https:\/\/www.laomeister.com\/fi\/toode\/aluserullik\/#primaryimage","url":"https:\/\/www.laomeister.com\/wp-content\/uploads\/2018\/10\/Aluserullik.png","contentUrl":"https:\/\/www.laomeister.com\/wp-content\/uploads\/2018\/10\/Aluserullik.png","width":585,"height":585,"caption":"Aluseka\u0308ru"},{"@type":"BreadcrumbList","@id":"https:\/\/www.laomeister.com\/fi\/toode\/aluserullik\/#breadcrumb","itemListElement":[{"@type":"ListItem","position":1,"name":"Home","item":"https:\/\/www.laomeister.com\/fi\/"},{"@type":"ListItem","position":2,"name":"Tuotteet","item":"https:\/\/www.laomeister.com\/fi\/tuotteet\/"},{"@type":"ListItem","position":3,"name":"K\u00e4ynnistysrulla, KOKM250"}]},{"@type":"WebSite","@id":"https:\/\/www.laomeister.com\/fi\/#website","url":"https:\/\/www.laomeister.com\/fi\/","name":"Balti Laomeister","description":"Laoriiulid - m&uuml;&uuml;k ja paigaldus","potentialAction":[{"@type":"SearchAction","target":{"@type":"EntryPoint","urlTemplate":"https:\/\/www.laomeister.com\/fi\/?s={search_term_string}"},"query-input":{"@type":"PropertyValueSpecification","valueRequired":true,"valueName":"search_term_string"}}],"inLanguage":"fi"}]}},"_links":{"self":[{"href":"https:\/\/www.laomeister.com\/fi\/wp-json\/wp\/v2\/product\/13989","targetHints":{"allow":["GET"]}}],"collection":[{"href":"https:\/\/www.laomeister.com\/fi\/wp-json\/wp\/v2\/product"}],"about":[{"href":"https:\/\/www.laomeister.com\/fi\/wp-json\/wp\/v2\/types\/product"}],"wp:featuredmedia":[{"embeddable":true,"href":"https:\/\/www.laomeister.com\/fi\/wp-json\/wp\/v2\/media\/4041"}],"wp:attachment":[{"href":"https:\/\/www.laomeister.com\/fi\/wp-json\/wp\/v2\/media?parent=13989"}],"wp:term":[{"taxonomy":"product_brand","embeddable":true,"href":"https:\/\/www.laomeister.com\/fi\/wp-json\/wp\/v2\/product_brand?post=13989"},{"taxonomy":"product_cat","embeddable":true,"href":"https:\/\/www.laomeister.com\/fi\/wp-json\/wp\/v2\/product_cat?post=13989"},{"taxonomy":"product_tag","embeddable":true,"href":"https:\/\/www.laomeister.com\/fi\/wp-json\/wp\/v2\/product_tag?post=13989"}],"curies":[{"name":"wp","href":"https:\/\/api.w.org\/{rel}","templated":true}]}}