{"id":13974,"date":"2018-10-03T14:47:06","date_gmt":"2018-10-03T11:47:06","guid":{"rendered":"https:\/\/www.laomeister.com\/product\/hoidikuga-alusekaru-kopeeri\/"},"modified":"2024-07-03T09:47:48","modified_gmt":"2024-07-03T06:47:48","slug":"hoidikuga-alusekaru-kopeeri","status":"publish","type":"product","link":"https:\/\/www.laomeister.com\/fi\/toode\/hoidikuga-alusekaru-kopeeri\/","title":{"rendered":"Perusvaunu 800&#215;600 mm, KOKM217-BH"},"content":{"rendered":"","protected":false},"excerpt":{"rendered":"<p>Pohjak\u00e4rryt sopivat 800&#215;600 mm, 1200&#215;800 mm ja 1200&#215;1000 mm alustoille. Alustavaunuja on saatavana eri malleja ja v\u00e4rej\u00e4, jarrullisia tai jarruttomia.<\/p>\n<p>Lis\u00e4tietoja:<br \/>\n&#8211; Jauhemaalattu;<br \/>\n&#8211; T\u00e4ysin hitsattu;<br \/>\n&#8211; Suunniteltu 800&#215;600 mm:n alustalle;<br \/>\n&#8211; 2 kiinte\u00e4\u00e4 ja 2 py\u00f6riv\u00e4\u00e4 kiinte\u00e4\u00e4 py\u00f6r\u00e4\u00e4 200 x 50 mm;<br \/>\n&#8211; Kantavuus: 800 kg;<\/p>\n<p>&#8211; Mitat 800 x 600 x 270 mm<\/p>\n<p>&#8211; Paino 17 kg<\/p>\n","protected":false},"featured_media":4103,"template":"","meta":[],"product_brand":[],"product_cat":[243,245],"product_tag":[],"class_list":{"0":"post-13974","1":"product","2":"type-product","3":"status-publish","4":"has-post-thumbnail","6":"product_cat-karud-fi","7":"product_cat-alusekarud-fi","9":"first","10":"instock","11":"taxable","12":"shipping-taxable","13":"purchasable","14":"product-type-simple"},"yoast_head":"<!-- This site is optimized with the Yoast SEO plugin v27.3 - https:\/\/yoast.com\/product\/yoast-seo-wordpress\/ -->\n<title>Perusvaunu 800x600 mm, KOKM217-BH - Balti Laomeister<\/title>\n<meta name=\"robots\" content=\"index, follow, max-snippet:-1, max-image-preview:large, max-video-preview:-1\" \/>\n<link rel=\"canonical\" href=\"https:\/\/www.laomeister.com\/fi\/toode\/hoidikuga-alusekaru-kopeeri\/\" \/>\n<meta property=\"og:locale\" content=\"fi_FI\" \/>\n<meta property=\"og:type\" content=\"article\" \/>\n<meta property=\"og:title\" content=\"Perusvaunu 800x600 mm, KOKM217-BH - Balti Laomeister\" \/>\n<meta property=\"og:description\" content=\"Pohjak\u00e4rryt sopivat 800x600 mm, 1200x800 mm ja 1200x1000 mm alustoille. Alustavaunuja on saatavana eri malleja ja v\u00e4rej\u00e4, jarrullisia tai jarruttomia. Lis\u00e4tietoja: - Jauhemaalattu; - T\u00e4ysin hitsattu; - Suunniteltu 800x600 mm:n alustalle; - 2 kiinte\u00e4\u00e4 ja 2 py\u00f6riv\u00e4\u00e4 kiinte\u00e4\u00e4 py\u00f6r\u00e4\u00e4 200 x 50 mm; - Kantavuus: 800 kg; - Mitat 800 x 600 x 270 mm - Paino 17 kg\" \/>\n<meta property=\"og:url\" content=\"https:\/\/www.laomeister.com\/fi\/toode\/hoidikuga-alusekaru-kopeeri\/\" \/>\n<meta property=\"og:site_name\" content=\"Balti Laomeister\" \/>\n<meta property=\"article:modified_time\" content=\"2024-07-03T06:47:48+00:00\" \/>\n<meta property=\"og:image\" content=\"https:\/\/www.laomeister.com\/wp-content\/uploads\/2018\/10\/Aluseka\u0308ru-800x600-2-1.png\" \/>\n\t<meta property=\"og:image:width\" content=\"1024\" \/>\n\t<meta property=\"og:image:height\" content=\"1024\" \/>\n\t<meta property=\"og:image:type\" content=\"image\/png\" \/>\n<meta name=\"twitter:card\" content=\"summary_large_image\" \/>\n<script type=\"application\/ld+json\" class=\"yoast-schema-graph\">{\"@context\":\"https:\\\/\\\/schema.org\",\"@graph\":[{\"@type\":\"WebPage\",\"@id\":\"https:\\\/\\\/www.laomeister.com\\\/fi\\\/toode\\\/hoidikuga-alusekaru-kopeeri\\\/\",\"url\":\"https:\\\/\\\/www.laomeister.com\\\/fi\\\/toode\\\/hoidikuga-alusekaru-kopeeri\\\/\",\"name\":\"Perusvaunu 800x600 mm, KOKM217-BH - Balti Laomeister\",\"isPartOf\":{\"@id\":\"https:\\\/\\\/www.laomeister.com\\\/fi\\\/#website\"},\"primaryImageOfPage\":{\"@id\":\"https:\\\/\\\/www.laomeister.com\\\/fi\\\/toode\\\/hoidikuga-alusekaru-kopeeri\\\/#primaryimage\"},\"image\":{\"@id\":\"https:\\\/\\\/www.laomeister.com\\\/fi\\\/toode\\\/hoidikuga-alusekaru-kopeeri\\\/#primaryimage\"},\"thumbnailUrl\":\"https:\\\/\\\/www.laomeister.com\\\/wp-content\\\/uploads\\\/2018\\\/10\\\/Aluseka\u0308ru-800x600-2-1.png\",\"datePublished\":\"2018-10-03T11:47:06+00:00\",\"dateModified\":\"2024-07-03T06:47:48+00:00\",\"breadcrumb\":{\"@id\":\"https:\\\/\\\/www.laomeister.com\\\/fi\\\/toode\\\/hoidikuga-alusekaru-kopeeri\\\/#breadcrumb\"},\"inLanguage\":\"fi\",\"potentialAction\":[{\"@type\":\"ReadAction\",\"target\":[\"https:\\\/\\\/www.laomeister.com\\\/fi\\\/toode\\\/hoidikuga-alusekaru-kopeeri\\\/\"]}]},{\"@type\":\"ImageObject\",\"inLanguage\":\"fi\",\"@id\":\"https:\\\/\\\/www.laomeister.com\\\/fi\\\/toode\\\/hoidikuga-alusekaru-kopeeri\\\/#primaryimage\",\"url\":\"https:\\\/\\\/www.laomeister.com\\\/wp-content\\\/uploads\\\/2018\\\/10\\\/Aluseka\u0308ru-800x600-2-1.png\",\"contentUrl\":\"https:\\\/\\\/www.laomeister.com\\\/wp-content\\\/uploads\\\/2018\\\/10\\\/Aluseka\u0308ru-800x600-2-1.png\",\"width\":1024,\"height\":1024,\"caption\":\"Aluseka\u0308ru\"},{\"@type\":\"BreadcrumbList\",\"@id\":\"https:\\\/\\\/www.laomeister.com\\\/fi\\\/toode\\\/hoidikuga-alusekaru-kopeeri\\\/#breadcrumb\",\"itemListElement\":[{\"@type\":\"ListItem\",\"position\":1,\"name\":\"Home\",\"item\":\"https:\\\/\\\/www.laomeister.com\\\/fi\\\/\"},{\"@type\":\"ListItem\",\"position\":2,\"name\":\"Tuotteet\",\"item\":\"https:\\\/\\\/www.laomeister.com\\\/fi\\\/tuotteet\\\/\"},{\"@type\":\"ListItem\",\"position\":3,\"name\":\"Perusvaunu 800&#215;600 mm, KOKM217-BH\"}]},{\"@type\":\"WebSite\",\"@id\":\"https:\\\/\\\/www.laomeister.com\\\/fi\\\/#website\",\"url\":\"https:\\\/\\\/www.laomeister.com\\\/fi\\\/\",\"name\":\"Balti Laomeister\",\"description\":\"Laoriiulid - m&uuml;&uuml;k ja paigaldus\",\"potentialAction\":[{\"@type\":\"SearchAction\",\"target\":{\"@type\":\"EntryPoint\",\"urlTemplate\":\"https:\\\/\\\/www.laomeister.com\\\/fi\\\/?s={search_term_string}\"},\"query-input\":{\"@type\":\"PropertyValueSpecification\",\"valueRequired\":true,\"valueName\":\"search_term_string\"}}],\"inLanguage\":\"fi\"}]}<\/script>\n<!-- \/ Yoast SEO plugin. -->","yoast_head_json":{"title":"Perusvaunu 800x600 mm, KOKM217-BH - Balti Laomeister","robots":{"index":"index","follow":"follow","max-snippet":"max-snippet:-1","max-image-preview":"max-image-preview:large","max-video-preview":"max-video-preview:-1"},"canonical":"https:\/\/www.laomeister.com\/fi\/toode\/hoidikuga-alusekaru-kopeeri\/","og_locale":"fi_FI","og_type":"article","og_title":"Perusvaunu 800x600 mm, KOKM217-BH - Balti Laomeister","og_description":"Pohjak\u00e4rryt sopivat 800x600 mm, 1200x800 mm ja 1200x1000 mm alustoille. Alustavaunuja on saatavana eri malleja ja v\u00e4rej\u00e4, jarrullisia tai jarruttomia. Lis\u00e4tietoja: - Jauhemaalattu; - T\u00e4ysin hitsattu; - Suunniteltu 800x600 mm:n alustalle; - 2 kiinte\u00e4\u00e4 ja 2 py\u00f6riv\u00e4\u00e4 kiinte\u00e4\u00e4 py\u00f6r\u00e4\u00e4 200 x 50 mm; - Kantavuus: 800 kg; - Mitat 800 x 600 x 270 mm - Paino 17 kg","og_url":"https:\/\/www.laomeister.com\/fi\/toode\/hoidikuga-alusekaru-kopeeri\/","og_site_name":"Balti Laomeister","article_modified_time":"2024-07-03T06:47:48+00:00","og_image":[{"width":1024,"height":1024,"url":"https:\/\/www.laomeister.com\/wp-content\/uploads\/2018\/10\/Aluseka\u0308ru-800x600-2-1.png","type":"image\/png"}],"twitter_card":"summary_large_image","schema":{"@context":"https:\/\/schema.org","@graph":[{"@type":"WebPage","@id":"https:\/\/www.laomeister.com\/fi\/toode\/hoidikuga-alusekaru-kopeeri\/","url":"https:\/\/www.laomeister.com\/fi\/toode\/hoidikuga-alusekaru-kopeeri\/","name":"Perusvaunu 800x600 mm, KOKM217-BH - Balti Laomeister","isPartOf":{"@id":"https:\/\/www.laomeister.com\/fi\/#website"},"primaryImageOfPage":{"@id":"https:\/\/www.laomeister.com\/fi\/toode\/hoidikuga-alusekaru-kopeeri\/#primaryimage"},"image":{"@id":"https:\/\/www.laomeister.com\/fi\/toode\/hoidikuga-alusekaru-kopeeri\/#primaryimage"},"thumbnailUrl":"https:\/\/www.laomeister.com\/wp-content\/uploads\/2018\/10\/Aluseka\u0308ru-800x600-2-1.png","datePublished":"2018-10-03T11:47:06+00:00","dateModified":"2024-07-03T06:47:48+00:00","breadcrumb":{"@id":"https:\/\/www.laomeister.com\/fi\/toode\/hoidikuga-alusekaru-kopeeri\/#breadcrumb"},"inLanguage":"fi","potentialAction":[{"@type":"ReadAction","target":["https:\/\/www.laomeister.com\/fi\/toode\/hoidikuga-alusekaru-kopeeri\/"]}]},{"@type":"ImageObject","inLanguage":"fi","@id":"https:\/\/www.laomeister.com\/fi\/toode\/hoidikuga-alusekaru-kopeeri\/#primaryimage","url":"https:\/\/www.laomeister.com\/wp-content\/uploads\/2018\/10\/Aluseka\u0308ru-800x600-2-1.png","contentUrl":"https:\/\/www.laomeister.com\/wp-content\/uploads\/2018\/10\/Aluseka\u0308ru-800x600-2-1.png","width":1024,"height":1024,"caption":"Aluseka\u0308ru"},{"@type":"BreadcrumbList","@id":"https:\/\/www.laomeister.com\/fi\/toode\/hoidikuga-alusekaru-kopeeri\/#breadcrumb","itemListElement":[{"@type":"ListItem","position":1,"name":"Home","item":"https:\/\/www.laomeister.com\/fi\/"},{"@type":"ListItem","position":2,"name":"Tuotteet","item":"https:\/\/www.laomeister.com\/fi\/tuotteet\/"},{"@type":"ListItem","position":3,"name":"Perusvaunu 800&#215;600 mm, KOKM217-BH"}]},{"@type":"WebSite","@id":"https:\/\/www.laomeister.com\/fi\/#website","url":"https:\/\/www.laomeister.com\/fi\/","name":"Balti Laomeister","description":"Laoriiulid - m&uuml;&uuml;k ja paigaldus","potentialAction":[{"@type":"SearchAction","target":{"@type":"EntryPoint","urlTemplate":"https:\/\/www.laomeister.com\/fi\/?s={search_term_string}"},"query-input":{"@type":"PropertyValueSpecification","valueRequired":true,"valueName":"search_term_string"}}],"inLanguage":"fi"}]}},"_links":{"self":[{"href":"https:\/\/www.laomeister.com\/fi\/wp-json\/wp\/v2\/product\/13974","targetHints":{"allow":["GET"]}}],"collection":[{"href":"https:\/\/www.laomeister.com\/fi\/wp-json\/wp\/v2\/product"}],"about":[{"href":"https:\/\/www.laomeister.com\/fi\/wp-json\/wp\/v2\/types\/product"}],"wp:featuredmedia":[{"embeddable":true,"href":"https:\/\/www.laomeister.com\/fi\/wp-json\/wp\/v2\/media\/4103"}],"wp:attachment":[{"href":"https:\/\/www.laomeister.com\/fi\/wp-json\/wp\/v2\/media?parent=13974"}],"wp:term":[{"taxonomy":"product_brand","embeddable":true,"href":"https:\/\/www.laomeister.com\/fi\/wp-json\/wp\/v2\/product_brand?post=13974"},{"taxonomy":"product_cat","embeddable":true,"href":"https:\/\/www.laomeister.com\/fi\/wp-json\/wp\/v2\/product_cat?post=13974"},{"taxonomy":"product_tag","embeddable":true,"href":"https:\/\/www.laomeister.com\/fi\/wp-json\/wp\/v2\/product_tag?post=13974"}],"curies":[{"name":"wp","href":"https:\/\/api.w.org\/{rel}","templated":true}]}}