{"id":13971,"date":"2018-10-08T14:46:22","date_gmt":"2018-10-08T11:46:22","guid":{"rendered":"https:\/\/www.laomeister.com\/product\/rasketoostuskaru\/"},"modified":"2024-07-03T09:47:52","modified_gmt":"2024-07-03T06:47:52","slug":"rasketoostuskaru","status":"publish","type":"product","link":"https:\/\/www.laomeister.com\/fi\/toode\/rasketoostuskaru\/","title":{"rendered":"Vaunu raskaan teollisuuden k\u00e4ytt\u00f6\u00f6n, KOKM129"},"content":{"rendered":"","protected":false},"excerpt":{"rendered":"<p>Erilaisten tavaroiden kuljettamiseen soveltuva lavavaunu. Lava on valmistettu korkealaatuisista painekyll\u00e4stetyist\u00e4 laudoista.<\/p>\n<p>Vaunu on pulverimaalattu, siin\u00e4 on tukevat py\u00f6r\u00e4t ja asianmukaiset kahvat. Vaunun leveys on sopiva, jotta se mahtuu normaalikokoisten ovien l\u00e4pi.<\/p>\n<p>Mitat pituus, leveys, korkeus: 2326 x 615 x 775 mm.<\/p>\n<p>Paino 32 kg<\/p>\n","protected":false},"featured_media":4108,"template":"","meta":[],"product_brand":[],"product_cat":[243,270],"product_tag":[],"class_list":{"0":"post-13971","1":"product","2":"type-product","3":"status-publish","4":"has-post-thumbnail","6":"product_cat-karud-fi","7":"product_cat-rasketoostuskarud-fi","9":"first","10":"instock","11":"taxable","12":"shipping-taxable","13":"purchasable","14":"product-type-simple"},"yoast_head":"<!-- This site is optimized with the Yoast SEO plugin v27.3 - https:\/\/yoast.com\/product\/yoast-seo-wordpress\/ -->\n<title>Vaunu raskaan teollisuuden k\u00e4ytt\u00f6\u00f6n, KOKM129 - Balti Laomeister<\/title>\n<meta name=\"robots\" content=\"index, follow, max-snippet:-1, max-image-preview:large, max-video-preview:-1\" \/>\n<link rel=\"canonical\" href=\"https:\/\/www.laomeister.com\/fi\/toode\/rasketoostuskaru\/\" \/>\n<meta property=\"og:locale\" content=\"fi_FI\" \/>\n<meta property=\"og:type\" content=\"article\" \/>\n<meta property=\"og:title\" content=\"Vaunu raskaan teollisuuden k\u00e4ytt\u00f6\u00f6n, KOKM129 - Balti Laomeister\" \/>\n<meta property=\"og:description\" content=\"Erilaisten tavaroiden kuljettamiseen soveltuva lavavaunu. Lava on valmistettu korkealaatuisista painekyll\u00e4stetyist\u00e4 laudoista. Vaunu on pulverimaalattu, siin\u00e4 on tukevat py\u00f6r\u00e4t ja asianmukaiset kahvat. Vaunun leveys on sopiva, jotta se mahtuu normaalikokoisten ovien l\u00e4pi. Mitat pituus, leveys, korkeus: 2326 x 615 x 775 mm. Paino 32 kg\" \/>\n<meta property=\"og:url\" content=\"https:\/\/www.laomeister.com\/fi\/toode\/rasketoostuskaru\/\" \/>\n<meta property=\"og:site_name\" content=\"Balti Laomeister\" \/>\n<meta property=\"article:modified_time\" content=\"2024-07-03T06:47:52+00:00\" \/>\n<meta property=\"og:image\" content=\"https:\/\/www.laomeister.com\/wp-content\/uploads\/2018\/10\/rasketo\u0308o\u0308stuska\u0308ru.png\" \/>\n\t<meta property=\"og:image:width\" content=\"1024\" \/>\n\t<meta property=\"og:image:height\" content=\"1024\" \/>\n\t<meta property=\"og:image:type\" content=\"image\/png\" \/>\n<meta name=\"twitter:card\" content=\"summary_large_image\" \/>\n<script type=\"application\/ld+json\" class=\"yoast-schema-graph\">{\"@context\":\"https:\\\/\\\/schema.org\",\"@graph\":[{\"@type\":\"WebPage\",\"@id\":\"https:\\\/\\\/www.laomeister.com\\\/fi\\\/toode\\\/rasketoostuskaru\\\/\",\"url\":\"https:\\\/\\\/www.laomeister.com\\\/fi\\\/toode\\\/rasketoostuskaru\\\/\",\"name\":\"Vaunu raskaan teollisuuden k\u00e4ytt\u00f6\u00f6n, KOKM129 - Balti Laomeister\",\"isPartOf\":{\"@id\":\"https:\\\/\\\/www.laomeister.com\\\/fi\\\/#website\"},\"primaryImageOfPage\":{\"@id\":\"https:\\\/\\\/www.laomeister.com\\\/fi\\\/toode\\\/rasketoostuskaru\\\/#primaryimage\"},\"image\":{\"@id\":\"https:\\\/\\\/www.laomeister.com\\\/fi\\\/toode\\\/rasketoostuskaru\\\/#primaryimage\"},\"thumbnailUrl\":\"https:\\\/\\\/www.laomeister.com\\\/wp-content\\\/uploads\\\/2018\\\/10\\\/rasketo\u0308o\u0308stuska\u0308ru.png\",\"datePublished\":\"2018-10-08T11:46:22+00:00\",\"dateModified\":\"2024-07-03T06:47:52+00:00\",\"breadcrumb\":{\"@id\":\"https:\\\/\\\/www.laomeister.com\\\/fi\\\/toode\\\/rasketoostuskaru\\\/#breadcrumb\"},\"inLanguage\":\"fi\",\"potentialAction\":[{\"@type\":\"ReadAction\",\"target\":[\"https:\\\/\\\/www.laomeister.com\\\/fi\\\/toode\\\/rasketoostuskaru\\\/\"]}]},{\"@type\":\"ImageObject\",\"inLanguage\":\"fi\",\"@id\":\"https:\\\/\\\/www.laomeister.com\\\/fi\\\/toode\\\/rasketoostuskaru\\\/#primaryimage\",\"url\":\"https:\\\/\\\/www.laomeister.com\\\/wp-content\\\/uploads\\\/2018\\\/10\\\/rasketo\u0308o\u0308stuska\u0308ru.png\",\"contentUrl\":\"https:\\\/\\\/www.laomeister.com\\\/wp-content\\\/uploads\\\/2018\\\/10\\\/rasketo\u0308o\u0308stuska\u0308ru.png\",\"width\":1024,\"height\":1024,\"caption\":\"rasketo\u0308o\u0308stuska\u0308ru\"},{\"@type\":\"BreadcrumbList\",\"@id\":\"https:\\\/\\\/www.laomeister.com\\\/fi\\\/toode\\\/rasketoostuskaru\\\/#breadcrumb\",\"itemListElement\":[{\"@type\":\"ListItem\",\"position\":1,\"name\":\"Home\",\"item\":\"https:\\\/\\\/www.laomeister.com\\\/fi\\\/\"},{\"@type\":\"ListItem\",\"position\":2,\"name\":\"Tuotteet\",\"item\":\"https:\\\/\\\/www.laomeister.com\\\/fi\\\/tuotteet\\\/\"},{\"@type\":\"ListItem\",\"position\":3,\"name\":\"Vaunu raskaan teollisuuden k\u00e4ytt\u00f6\u00f6n, KOKM129\"}]},{\"@type\":\"WebSite\",\"@id\":\"https:\\\/\\\/www.laomeister.com\\\/fi\\\/#website\",\"url\":\"https:\\\/\\\/www.laomeister.com\\\/fi\\\/\",\"name\":\"Balti Laomeister\",\"description\":\"Laoriiulid - m&uuml;&uuml;k ja paigaldus\",\"potentialAction\":[{\"@type\":\"SearchAction\",\"target\":{\"@type\":\"EntryPoint\",\"urlTemplate\":\"https:\\\/\\\/www.laomeister.com\\\/fi\\\/?s={search_term_string}\"},\"query-input\":{\"@type\":\"PropertyValueSpecification\",\"valueRequired\":true,\"valueName\":\"search_term_string\"}}],\"inLanguage\":\"fi\"}]}<\/script>\n<!-- \/ Yoast SEO plugin. -->","yoast_head_json":{"title":"Vaunu raskaan teollisuuden k\u00e4ytt\u00f6\u00f6n, KOKM129 - Balti Laomeister","robots":{"index":"index","follow":"follow","max-snippet":"max-snippet:-1","max-image-preview":"max-image-preview:large","max-video-preview":"max-video-preview:-1"},"canonical":"https:\/\/www.laomeister.com\/fi\/toode\/rasketoostuskaru\/","og_locale":"fi_FI","og_type":"article","og_title":"Vaunu raskaan teollisuuden k\u00e4ytt\u00f6\u00f6n, KOKM129 - Balti Laomeister","og_description":"Erilaisten tavaroiden kuljettamiseen soveltuva lavavaunu. Lava on valmistettu korkealaatuisista painekyll\u00e4stetyist\u00e4 laudoista. Vaunu on pulverimaalattu, siin\u00e4 on tukevat py\u00f6r\u00e4t ja asianmukaiset kahvat. Vaunun leveys on sopiva, jotta se mahtuu normaalikokoisten ovien l\u00e4pi. Mitat pituus, leveys, korkeus: 2326 x 615 x 775 mm. Paino 32 kg","og_url":"https:\/\/www.laomeister.com\/fi\/toode\/rasketoostuskaru\/","og_site_name":"Balti Laomeister","article_modified_time":"2024-07-03T06:47:52+00:00","og_image":[{"width":1024,"height":1024,"url":"https:\/\/www.laomeister.com\/wp-content\/uploads\/2018\/10\/rasketo\u0308o\u0308stuska\u0308ru.png","type":"image\/png"}],"twitter_card":"summary_large_image","schema":{"@context":"https:\/\/schema.org","@graph":[{"@type":"WebPage","@id":"https:\/\/www.laomeister.com\/fi\/toode\/rasketoostuskaru\/","url":"https:\/\/www.laomeister.com\/fi\/toode\/rasketoostuskaru\/","name":"Vaunu raskaan teollisuuden k\u00e4ytt\u00f6\u00f6n, KOKM129 - Balti Laomeister","isPartOf":{"@id":"https:\/\/www.laomeister.com\/fi\/#website"},"primaryImageOfPage":{"@id":"https:\/\/www.laomeister.com\/fi\/toode\/rasketoostuskaru\/#primaryimage"},"image":{"@id":"https:\/\/www.laomeister.com\/fi\/toode\/rasketoostuskaru\/#primaryimage"},"thumbnailUrl":"https:\/\/www.laomeister.com\/wp-content\/uploads\/2018\/10\/rasketo\u0308o\u0308stuska\u0308ru.png","datePublished":"2018-10-08T11:46:22+00:00","dateModified":"2024-07-03T06:47:52+00:00","breadcrumb":{"@id":"https:\/\/www.laomeister.com\/fi\/toode\/rasketoostuskaru\/#breadcrumb"},"inLanguage":"fi","potentialAction":[{"@type":"ReadAction","target":["https:\/\/www.laomeister.com\/fi\/toode\/rasketoostuskaru\/"]}]},{"@type":"ImageObject","inLanguage":"fi","@id":"https:\/\/www.laomeister.com\/fi\/toode\/rasketoostuskaru\/#primaryimage","url":"https:\/\/www.laomeister.com\/wp-content\/uploads\/2018\/10\/rasketo\u0308o\u0308stuska\u0308ru.png","contentUrl":"https:\/\/www.laomeister.com\/wp-content\/uploads\/2018\/10\/rasketo\u0308o\u0308stuska\u0308ru.png","width":1024,"height":1024,"caption":"rasketo\u0308o\u0308stuska\u0308ru"},{"@type":"BreadcrumbList","@id":"https:\/\/www.laomeister.com\/fi\/toode\/rasketoostuskaru\/#breadcrumb","itemListElement":[{"@type":"ListItem","position":1,"name":"Home","item":"https:\/\/www.laomeister.com\/fi\/"},{"@type":"ListItem","position":2,"name":"Tuotteet","item":"https:\/\/www.laomeister.com\/fi\/tuotteet\/"},{"@type":"ListItem","position":3,"name":"Vaunu raskaan teollisuuden k\u00e4ytt\u00f6\u00f6n, KOKM129"}]},{"@type":"WebSite","@id":"https:\/\/www.laomeister.com\/fi\/#website","url":"https:\/\/www.laomeister.com\/fi\/","name":"Balti Laomeister","description":"Laoriiulid - m&uuml;&uuml;k ja paigaldus","potentialAction":[{"@type":"SearchAction","target":{"@type":"EntryPoint","urlTemplate":"https:\/\/www.laomeister.com\/fi\/?s={search_term_string}"},"query-input":{"@type":"PropertyValueSpecification","valueRequired":true,"valueName":"search_term_string"}}],"inLanguage":"fi"}]}},"_links":{"self":[{"href":"https:\/\/www.laomeister.com\/fi\/wp-json\/wp\/v2\/product\/13971","targetHints":{"allow":["GET"]}}],"collection":[{"href":"https:\/\/www.laomeister.com\/fi\/wp-json\/wp\/v2\/product"}],"about":[{"href":"https:\/\/www.laomeister.com\/fi\/wp-json\/wp\/v2\/types\/product"}],"wp:featuredmedia":[{"embeddable":true,"href":"https:\/\/www.laomeister.com\/fi\/wp-json\/wp\/v2\/media\/4108"}],"wp:attachment":[{"href":"https:\/\/www.laomeister.com\/fi\/wp-json\/wp\/v2\/media?parent=13971"}],"wp:term":[{"taxonomy":"product_brand","embeddable":true,"href":"https:\/\/www.laomeister.com\/fi\/wp-json\/wp\/v2\/product_brand?post=13971"},{"taxonomy":"product_cat","embeddable":true,"href":"https:\/\/www.laomeister.com\/fi\/wp-json\/wp\/v2\/product_cat?post=13971"},{"taxonomy":"product_tag","embeddable":true,"href":"https:\/\/www.laomeister.com\/fi\/wp-json\/wp\/v2\/product_tag?post=13971"}],"curies":[{"name":"wp","href":"https:\/\/api.w.org\/{rel}","templated":true}]}}