{"id":13949,"date":"2018-10-08T15:37:30","date_gmt":"2018-10-08T12:37:30","guid":{"rendered":"https:\/\/www.laomeister.com\/product\/uhe-otsapaneeliga-platvormkaru\/"},"modified":"2024-07-03T09:48:25","modified_gmt":"2024-07-03T06:48:25","slug":"uhe-otsapaneeliga-platvormkaru","status":"publish","type":"product","link":"https:\/\/www.laomeister.com\/fi\/toode\/uhe-otsapaneeliga-platvormkaru\/","title":{"rendered":"Lavavaunu, jossa on yksi p\u00e4\u00e4tylevy, KOKM132-1"},"content":{"rendered":"","protected":false},"excerpt":{"rendered":"<p>Lavavaunu, jossa on yksi p\u00e4\u00e4typaneeli. Saatavana eri malleina. Ihanteellinen vaikeampiin olosuhteisiin, kun k\u00e4sitell\u00e4\u00e4n monimutkaisempia tavaroita.<\/p>\n<p><strong>Lis\u00e4tietoja:<\/strong><br \/>\n&#8211; galvanoitu;<br \/>\n&#8211; laminaatti, jossa on tasainen pinta;<br \/>\n&#8211; Lavan korkeus: 300 mm;<br \/>\n&#8211; laminaattip\u00e4\u00e4tylevy, jonka korkeus on 400 mm;<br \/>\n&#8211; 30 mm:n ter\u00e4skahva;<br \/>\n&#8211; 2 kiinte\u00e4\u00e4 ja 2 py\u00f6riv\u00e4\u00e4 kiinte\u00e4\u00e4 py\u00f6r\u00e4\u00e4 200 x 50 mm;<br \/>\n&#8211; kantavuus: 800 kg;<\/p>\n<p>&#8211; Mitat: 900 x 600 x 960 mm, paino 32 kg.<\/p>\n","protected":false},"featured_media":4153,"template":"","meta":[],"product_brand":[],"product_cat":[243,266,791],"product_tag":[],"class_list":{"0":"post-13949","1":"product","2":"type-product","3":"status-publish","4":"has-post-thumbnail","6":"product_cat-karud-fi","7":"product_cat-platvormkarud-fi","8":"product_cat-seeria-100-fi","10":"first","11":"instock","12":"taxable","13":"shipping-taxable","14":"purchasable","15":"product-type-simple"},"yoast_head":"<!-- This site is optimized with the Yoast SEO plugin v27.3 - https:\/\/yoast.com\/product\/yoast-seo-wordpress\/ -->\n<title>Lavavaunu, jossa on yksi p\u00e4\u00e4tylevy, KOKM132-1 - Balti Laomeister<\/title>\n<meta name=\"robots\" content=\"index, follow, max-snippet:-1, max-image-preview:large, max-video-preview:-1\" \/>\n<link rel=\"canonical\" href=\"https:\/\/www.laomeister.com\/fi\/toode\/uhe-otsapaneeliga-platvormkaru\/\" \/>\n<meta property=\"og:locale\" content=\"fi_FI\" \/>\n<meta property=\"og:type\" content=\"article\" \/>\n<meta property=\"og:title\" content=\"Lavavaunu, jossa on yksi p\u00e4\u00e4tylevy, KOKM132-1 - Balti Laomeister\" \/>\n<meta property=\"og:description\" content=\"Lavavaunu, jossa on yksi p\u00e4\u00e4typaneeli. Saatavana eri malleina. Ihanteellinen vaikeampiin olosuhteisiin, kun k\u00e4sitell\u00e4\u00e4n monimutkaisempia tavaroita. Lis\u00e4tietoja: - galvanoitu; - laminaatti, jossa on tasainen pinta; - Lavan korkeus: 300 mm; - laminaattip\u00e4\u00e4tylevy, jonka korkeus on 400 mm; - 30 mm:n ter\u00e4skahva; - 2 kiinte\u00e4\u00e4 ja 2 py\u00f6riv\u00e4\u00e4 kiinte\u00e4\u00e4 py\u00f6r\u00e4\u00e4 200 x 50 mm; - kantavuus: 800 kg; - Mitat: 900 x 600 x 960 mm, paino 32 kg.\" \/>\n<meta property=\"og:url\" content=\"https:\/\/www.laomeister.com\/fi\/toode\/uhe-otsapaneeliga-platvormkaru\/\" \/>\n<meta property=\"og:site_name\" content=\"Balti Laomeister\" \/>\n<meta property=\"article:modified_time\" content=\"2024-07-03T06:48:25+00:00\" \/>\n<meta property=\"og:image\" content=\"https:\/\/www.laomeister.com\/wp-content\/uploads\/2018\/10\/otsapaneeliga-platvormka\u0308ru.png\" \/>\n\t<meta property=\"og:image:width\" content=\"832\" \/>\n\t<meta property=\"og:image:height\" content=\"832\" \/>\n\t<meta property=\"og:image:type\" content=\"image\/png\" \/>\n<meta name=\"twitter:card\" content=\"summary_large_image\" \/>\n<script type=\"application\/ld+json\" class=\"yoast-schema-graph\">{\"@context\":\"https:\\\/\\\/schema.org\",\"@graph\":[{\"@type\":\"WebPage\",\"@id\":\"https:\\\/\\\/www.laomeister.com\\\/fi\\\/toode\\\/uhe-otsapaneeliga-platvormkaru\\\/\",\"url\":\"https:\\\/\\\/www.laomeister.com\\\/fi\\\/toode\\\/uhe-otsapaneeliga-platvormkaru\\\/\",\"name\":\"Lavavaunu, jossa on yksi p\u00e4\u00e4tylevy, KOKM132-1 - Balti Laomeister\",\"isPartOf\":{\"@id\":\"https:\\\/\\\/www.laomeister.com\\\/fi\\\/#website\"},\"primaryImageOfPage\":{\"@id\":\"https:\\\/\\\/www.laomeister.com\\\/fi\\\/toode\\\/uhe-otsapaneeliga-platvormkaru\\\/#primaryimage\"},\"image\":{\"@id\":\"https:\\\/\\\/www.laomeister.com\\\/fi\\\/toode\\\/uhe-otsapaneeliga-platvormkaru\\\/#primaryimage\"},\"thumbnailUrl\":\"https:\\\/\\\/www.laomeister.com\\\/wp-content\\\/uploads\\\/2018\\\/10\\\/otsapaneeliga-platvormka\u0308ru.png\",\"datePublished\":\"2018-10-08T12:37:30+00:00\",\"dateModified\":\"2024-07-03T06:48:25+00:00\",\"breadcrumb\":{\"@id\":\"https:\\\/\\\/www.laomeister.com\\\/fi\\\/toode\\\/uhe-otsapaneeliga-platvormkaru\\\/#breadcrumb\"},\"inLanguage\":\"fi\",\"potentialAction\":[{\"@type\":\"ReadAction\",\"target\":[\"https:\\\/\\\/www.laomeister.com\\\/fi\\\/toode\\\/uhe-otsapaneeliga-platvormkaru\\\/\"]}]},{\"@type\":\"ImageObject\",\"inLanguage\":\"fi\",\"@id\":\"https:\\\/\\\/www.laomeister.com\\\/fi\\\/toode\\\/uhe-otsapaneeliga-platvormkaru\\\/#primaryimage\",\"url\":\"https:\\\/\\\/www.laomeister.com\\\/wp-content\\\/uploads\\\/2018\\\/10\\\/otsapaneeliga-platvormka\u0308ru.png\",\"contentUrl\":\"https:\\\/\\\/www.laomeister.com\\\/wp-content\\\/uploads\\\/2018\\\/10\\\/otsapaneeliga-platvormka\u0308ru.png\",\"width\":832,\"height\":832,\"caption\":\"otsapaneeliga platvormka\u0308ru\"},{\"@type\":\"BreadcrumbList\",\"@id\":\"https:\\\/\\\/www.laomeister.com\\\/fi\\\/toode\\\/uhe-otsapaneeliga-platvormkaru\\\/#breadcrumb\",\"itemListElement\":[{\"@type\":\"ListItem\",\"position\":1,\"name\":\"Home\",\"item\":\"https:\\\/\\\/www.laomeister.com\\\/fi\\\/\"},{\"@type\":\"ListItem\",\"position\":2,\"name\":\"Tuotteet\",\"item\":\"https:\\\/\\\/www.laomeister.com\\\/fi\\\/tuotteet\\\/\"},{\"@type\":\"ListItem\",\"position\":3,\"name\":\"Lavavaunu, jossa on yksi p\u00e4\u00e4tylevy, KOKM132-1\"}]},{\"@type\":\"WebSite\",\"@id\":\"https:\\\/\\\/www.laomeister.com\\\/fi\\\/#website\",\"url\":\"https:\\\/\\\/www.laomeister.com\\\/fi\\\/\",\"name\":\"Balti Laomeister\",\"description\":\"Laoriiulid - m&uuml;&uuml;k ja paigaldus\",\"potentialAction\":[{\"@type\":\"SearchAction\",\"target\":{\"@type\":\"EntryPoint\",\"urlTemplate\":\"https:\\\/\\\/www.laomeister.com\\\/fi\\\/?s={search_term_string}\"},\"query-input\":{\"@type\":\"PropertyValueSpecification\",\"valueRequired\":true,\"valueName\":\"search_term_string\"}}],\"inLanguage\":\"fi\"}]}<\/script>\n<!-- \/ Yoast SEO plugin. -->","yoast_head_json":{"title":"Lavavaunu, jossa on yksi p\u00e4\u00e4tylevy, KOKM132-1 - Balti Laomeister","robots":{"index":"index","follow":"follow","max-snippet":"max-snippet:-1","max-image-preview":"max-image-preview:large","max-video-preview":"max-video-preview:-1"},"canonical":"https:\/\/www.laomeister.com\/fi\/toode\/uhe-otsapaneeliga-platvormkaru\/","og_locale":"fi_FI","og_type":"article","og_title":"Lavavaunu, jossa on yksi p\u00e4\u00e4tylevy, KOKM132-1 - Balti Laomeister","og_description":"Lavavaunu, jossa on yksi p\u00e4\u00e4typaneeli. Saatavana eri malleina. Ihanteellinen vaikeampiin olosuhteisiin, kun k\u00e4sitell\u00e4\u00e4n monimutkaisempia tavaroita. Lis\u00e4tietoja: - galvanoitu; - laminaatti, jossa on tasainen pinta; - Lavan korkeus: 300 mm; - laminaattip\u00e4\u00e4tylevy, jonka korkeus on 400 mm; - 30 mm:n ter\u00e4skahva; - 2 kiinte\u00e4\u00e4 ja 2 py\u00f6riv\u00e4\u00e4 kiinte\u00e4\u00e4 py\u00f6r\u00e4\u00e4 200 x 50 mm; - kantavuus: 800 kg; - Mitat: 900 x 600 x 960 mm, paino 32 kg.","og_url":"https:\/\/www.laomeister.com\/fi\/toode\/uhe-otsapaneeliga-platvormkaru\/","og_site_name":"Balti Laomeister","article_modified_time":"2024-07-03T06:48:25+00:00","og_image":[{"width":832,"height":832,"url":"https:\/\/www.laomeister.com\/wp-content\/uploads\/2018\/10\/otsapaneeliga-platvormka\u0308ru.png","type":"image\/png"}],"twitter_card":"summary_large_image","schema":{"@context":"https:\/\/schema.org","@graph":[{"@type":"WebPage","@id":"https:\/\/www.laomeister.com\/fi\/toode\/uhe-otsapaneeliga-platvormkaru\/","url":"https:\/\/www.laomeister.com\/fi\/toode\/uhe-otsapaneeliga-platvormkaru\/","name":"Lavavaunu, jossa on yksi p\u00e4\u00e4tylevy, KOKM132-1 - Balti Laomeister","isPartOf":{"@id":"https:\/\/www.laomeister.com\/fi\/#website"},"primaryImageOfPage":{"@id":"https:\/\/www.laomeister.com\/fi\/toode\/uhe-otsapaneeliga-platvormkaru\/#primaryimage"},"image":{"@id":"https:\/\/www.laomeister.com\/fi\/toode\/uhe-otsapaneeliga-platvormkaru\/#primaryimage"},"thumbnailUrl":"https:\/\/www.laomeister.com\/wp-content\/uploads\/2018\/10\/otsapaneeliga-platvormka\u0308ru.png","datePublished":"2018-10-08T12:37:30+00:00","dateModified":"2024-07-03T06:48:25+00:00","breadcrumb":{"@id":"https:\/\/www.laomeister.com\/fi\/toode\/uhe-otsapaneeliga-platvormkaru\/#breadcrumb"},"inLanguage":"fi","potentialAction":[{"@type":"ReadAction","target":["https:\/\/www.laomeister.com\/fi\/toode\/uhe-otsapaneeliga-platvormkaru\/"]}]},{"@type":"ImageObject","inLanguage":"fi","@id":"https:\/\/www.laomeister.com\/fi\/toode\/uhe-otsapaneeliga-platvormkaru\/#primaryimage","url":"https:\/\/www.laomeister.com\/wp-content\/uploads\/2018\/10\/otsapaneeliga-platvormka\u0308ru.png","contentUrl":"https:\/\/www.laomeister.com\/wp-content\/uploads\/2018\/10\/otsapaneeliga-platvormka\u0308ru.png","width":832,"height":832,"caption":"otsapaneeliga platvormka\u0308ru"},{"@type":"BreadcrumbList","@id":"https:\/\/www.laomeister.com\/fi\/toode\/uhe-otsapaneeliga-platvormkaru\/#breadcrumb","itemListElement":[{"@type":"ListItem","position":1,"name":"Home","item":"https:\/\/www.laomeister.com\/fi\/"},{"@type":"ListItem","position":2,"name":"Tuotteet","item":"https:\/\/www.laomeister.com\/fi\/tuotteet\/"},{"@type":"ListItem","position":3,"name":"Lavavaunu, jossa on yksi p\u00e4\u00e4tylevy, KOKM132-1"}]},{"@type":"WebSite","@id":"https:\/\/www.laomeister.com\/fi\/#website","url":"https:\/\/www.laomeister.com\/fi\/","name":"Balti Laomeister","description":"Laoriiulid - m&uuml;&uuml;k ja paigaldus","potentialAction":[{"@type":"SearchAction","target":{"@type":"EntryPoint","urlTemplate":"https:\/\/www.laomeister.com\/fi\/?s={search_term_string}"},"query-input":{"@type":"PropertyValueSpecification","valueRequired":true,"valueName":"search_term_string"}}],"inLanguage":"fi"}]}},"_links":{"self":[{"href":"https:\/\/www.laomeister.com\/fi\/wp-json\/wp\/v2\/product\/13949","targetHints":{"allow":["GET"]}}],"collection":[{"href":"https:\/\/www.laomeister.com\/fi\/wp-json\/wp\/v2\/product"}],"about":[{"href":"https:\/\/www.laomeister.com\/fi\/wp-json\/wp\/v2\/types\/product"}],"wp:featuredmedia":[{"embeddable":true,"href":"https:\/\/www.laomeister.com\/fi\/wp-json\/wp\/v2\/media\/4153"}],"wp:attachment":[{"href":"https:\/\/www.laomeister.com\/fi\/wp-json\/wp\/v2\/media?parent=13949"}],"wp:term":[{"taxonomy":"product_brand","embeddable":true,"href":"https:\/\/www.laomeister.com\/fi\/wp-json\/wp\/v2\/product_brand?post=13949"},{"taxonomy":"product_cat","embeddable":true,"href":"https:\/\/www.laomeister.com\/fi\/wp-json\/wp\/v2\/product_cat?post=13949"},{"taxonomy":"product_tag","embeddable":true,"href":"https:\/\/www.laomeister.com\/fi\/wp-json\/wp\/v2\/product_tag?post=13949"}],"curies":[{"name":"wp","href":"https:\/\/api.w.org\/{rel}","templated":true}]}}