{"id":13930,"date":"2018-11-27T13:13:24","date_gmt":"2018-11-27T10:13:24","guid":{"rendered":"https:\/\/www.laomeister.com\/product\/sildihoidja-vorkriiulile-ehc\/"},"modified":"2024-07-03T09:49:00","modified_gmt":"2024-07-03T06:49:00","slug":"sildihoidja-vorkriiulile-ehc","status":"publish","type":"product","link":"https:\/\/www.laomeister.com\/fi\/toode\/sildihoidja-vorkriiulile-ehc\/","title":{"rendered":"Tarranpidike verkkohyllylle EHC"},"content":{"rendered":"","protected":false},"excerpt":{"rendered":"<div>Kiinnittimill\u00e4 varustettu etikettiteline on hyv\u00e4 tapa merkit\u00e4 verkkohyllyj\u00e4, joissa erilaisten teippien tai magneettien k\u00e4ytt\u00f6 on vaikeaa. Tunnisteiden pidikkeit\u00e4 on saatavana 105 ja 210 mm:n pituisena.<\/div>\n<div><\/div>\n<div>EHC-etikettipidikkeiden takaosan osittain avoin muotoilu helpottaa tarrojen asettamista, mutta s\u00e4ilytt\u00e4\u00e4 samalla turvallisuuden, joka takaa tarrojen pitk\u00e4n k\u00e4ytt\u00f6i\u00e4n. Jokaisen tunnisteen pidikkeen mukana toimitetaan 2 kiinnikett\u00e4, joiden avulla pidike on helppo kiinnitt\u00e4\u00e4.<\/div>\n<div><\/div>\n<div><\/div>\n<div>Mitat:<\/div>\n<div><\/div>\n<div>105&#215;26 mm hintaan 1,05+km kappaleelta.<\/div>\n<div>210&#215;30 mm hintaan 1,30+km kappaleelta.<\/div>\n<div>210&#215;40 mm hintaan 1,35+km kappaleelta.<\/div>\n<div>210&#215;50 mm hintaan 1,40+km kappaleelta.<\/div>\n<div>210&#215;60 mm hintaan 1,45+km kappaleelta.<\/div>\n<div>210&#215;75 mm hintaan 1,50+km kappaleelta.<\/div>\n<div>210&#215;100 mm hintaan 1,60+km kappaleelta.<\/div>\n<div id=\"2\"><\/div>\n","protected":false},"featured_media":4319,"template":"","meta":[],"product_brand":[],"product_cat":[699,331],"product_tag":[],"class_list":{"0":"post-13930","1":"product","2":"type-product","3":"status-publish","4":"has-post-thumbnail","6":"product_cat-sildihoidjadad","7":"product_cat-sildihoidjad-fi","9":"first","10":"instock","11":"taxable","12":"shipping-taxable","13":"purchasable","14":"product-type-simple"},"yoast_head":"<!-- This site is optimized with the Yoast SEO plugin v27.3 - https:\/\/yoast.com\/product\/yoast-seo-wordpress\/ -->\n<title>Tarranpidike verkkohyllylle EHC - Balti Laomeister<\/title>\n<meta name=\"robots\" content=\"index, follow, max-snippet:-1, max-image-preview:large, max-video-preview:-1\" \/>\n<link rel=\"canonical\" href=\"https:\/\/www.laomeister.com\/fi\/toode\/sildihoidja-vorkriiulile-ehc\/\" \/>\n<meta property=\"og:locale\" content=\"fi_FI\" \/>\n<meta property=\"og:type\" content=\"article\" \/>\n<meta property=\"og:title\" content=\"Tarranpidike verkkohyllylle EHC - Balti Laomeister\" \/>\n<meta property=\"og:description\" content=\"Kiinnittimill\u00e4 varustettu etikettiteline on hyv\u00e4 tapa merkit\u00e4 verkkohyllyj\u00e4, joissa erilaisten teippien tai magneettien k\u00e4ytt\u00f6 on vaikeaa. Tunnisteiden pidikkeit\u00e4 on saatavana 105 ja 210 mm:n pituisena. EHC-etikettipidikkeiden takaosan osittain avoin muotoilu helpottaa tarrojen asettamista, mutta s\u00e4ilytt\u00e4\u00e4 samalla turvallisuuden, joka takaa tarrojen pitk\u00e4n k\u00e4ytt\u00f6i\u00e4n. Jokaisen tunnisteen pidikkeen mukana toimitetaan 2 kiinnikett\u00e4, joiden avulla pidike on helppo kiinnitt\u00e4\u00e4.  Mitat: 105x26 mm hintaan 1,05+km kappaleelta. 210x30 mm hintaan 1,30+km kappaleelta. 210x40 mm hintaan 1,35+km kappaleelta. 210x50 mm hintaan 1,40+km kappaleelta. 210x60 mm hintaan 1,45+km kappaleelta. 210x75 mm hintaan 1,50+km kappaleelta. 210x100 mm hintaan 1,60+km kappaleelta.\" \/>\n<meta property=\"og:url\" content=\"https:\/\/www.laomeister.com\/fi\/toode\/sildihoidja-vorkriiulile-ehc\/\" \/>\n<meta property=\"og:site_name\" content=\"Balti Laomeister\" \/>\n<meta property=\"article:modified_time\" content=\"2024-07-03T06:49:00+00:00\" \/>\n<meta property=\"og:image\" content=\"https:\/\/www.laomeister.com\/wp-content\/uploads\/2018\/11\/sildihoidja-vo\u0303rkriiulile.jpg\" \/>\n\t<meta property=\"og:image:width\" content=\"1696\" \/>\n\t<meta property=\"og:image:height\" content=\"1696\" \/>\n\t<meta property=\"og:image:type\" content=\"image\/jpeg\" \/>\n<meta name=\"twitter:card\" content=\"summary_large_image\" \/>\n<script type=\"application\/ld+json\" class=\"yoast-schema-graph\">{\"@context\":\"https:\\\/\\\/schema.org\",\"@graph\":[{\"@type\":\"WebPage\",\"@id\":\"https:\\\/\\\/www.laomeister.com\\\/fi\\\/toode\\\/sildihoidja-vorkriiulile-ehc\\\/\",\"url\":\"https:\\\/\\\/www.laomeister.com\\\/fi\\\/toode\\\/sildihoidja-vorkriiulile-ehc\\\/\",\"name\":\"Tarranpidike verkkohyllylle EHC - Balti Laomeister\",\"isPartOf\":{\"@id\":\"https:\\\/\\\/www.laomeister.com\\\/fi\\\/#website\"},\"primaryImageOfPage\":{\"@id\":\"https:\\\/\\\/www.laomeister.com\\\/fi\\\/toode\\\/sildihoidja-vorkriiulile-ehc\\\/#primaryimage\"},\"image\":{\"@id\":\"https:\\\/\\\/www.laomeister.com\\\/fi\\\/toode\\\/sildihoidja-vorkriiulile-ehc\\\/#primaryimage\"},\"thumbnailUrl\":\"https:\\\/\\\/www.laomeister.com\\\/wp-content\\\/uploads\\\/2018\\\/11\\\/sildihoidja-vo\u0303rkriiulile.jpg\",\"datePublished\":\"2018-11-27T10:13:24+00:00\",\"dateModified\":\"2024-07-03T06:49:00+00:00\",\"breadcrumb\":{\"@id\":\"https:\\\/\\\/www.laomeister.com\\\/fi\\\/toode\\\/sildihoidja-vorkriiulile-ehc\\\/#breadcrumb\"},\"inLanguage\":\"fi\",\"potentialAction\":[{\"@type\":\"ReadAction\",\"target\":[\"https:\\\/\\\/www.laomeister.com\\\/fi\\\/toode\\\/sildihoidja-vorkriiulile-ehc\\\/\"]}]},{\"@type\":\"ImageObject\",\"inLanguage\":\"fi\",\"@id\":\"https:\\\/\\\/www.laomeister.com\\\/fi\\\/toode\\\/sildihoidja-vorkriiulile-ehc\\\/#primaryimage\",\"url\":\"https:\\\/\\\/www.laomeister.com\\\/wp-content\\\/uploads\\\/2018\\\/11\\\/sildihoidja-vo\u0303rkriiulile.jpg\",\"contentUrl\":\"https:\\\/\\\/www.laomeister.com\\\/wp-content\\\/uploads\\\/2018\\\/11\\\/sildihoidja-vo\u0303rkriiulile.jpg\",\"width\":1696,\"height\":1696,\"caption\":\"sildihoidja\"},{\"@type\":\"BreadcrumbList\",\"@id\":\"https:\\\/\\\/www.laomeister.com\\\/fi\\\/toode\\\/sildihoidja-vorkriiulile-ehc\\\/#breadcrumb\",\"itemListElement\":[{\"@type\":\"ListItem\",\"position\":1,\"name\":\"Home\",\"item\":\"https:\\\/\\\/www.laomeister.com\\\/fi\\\/\"},{\"@type\":\"ListItem\",\"position\":2,\"name\":\"Tuotteet\",\"item\":\"https:\\\/\\\/www.laomeister.com\\\/fi\\\/tuotteet\\\/\"},{\"@type\":\"ListItem\",\"position\":3,\"name\":\"Tarranpidike verkkohyllylle EHC\"}]},{\"@type\":\"WebSite\",\"@id\":\"https:\\\/\\\/www.laomeister.com\\\/fi\\\/#website\",\"url\":\"https:\\\/\\\/www.laomeister.com\\\/fi\\\/\",\"name\":\"Balti Laomeister\",\"description\":\"Laoriiulid - m&uuml;&uuml;k ja paigaldus\",\"potentialAction\":[{\"@type\":\"SearchAction\",\"target\":{\"@type\":\"EntryPoint\",\"urlTemplate\":\"https:\\\/\\\/www.laomeister.com\\\/fi\\\/?s={search_term_string}\"},\"query-input\":{\"@type\":\"PropertyValueSpecification\",\"valueRequired\":true,\"valueName\":\"search_term_string\"}}],\"inLanguage\":\"fi\"}]}<\/script>\n<!-- \/ Yoast SEO plugin. -->","yoast_head_json":{"title":"Tarranpidike verkkohyllylle EHC - Balti Laomeister","robots":{"index":"index","follow":"follow","max-snippet":"max-snippet:-1","max-image-preview":"max-image-preview:large","max-video-preview":"max-video-preview:-1"},"canonical":"https:\/\/www.laomeister.com\/fi\/toode\/sildihoidja-vorkriiulile-ehc\/","og_locale":"fi_FI","og_type":"article","og_title":"Tarranpidike verkkohyllylle EHC - Balti Laomeister","og_description":"Kiinnittimill\u00e4 varustettu etikettiteline on hyv\u00e4 tapa merkit\u00e4 verkkohyllyj\u00e4, joissa erilaisten teippien tai magneettien k\u00e4ytt\u00f6 on vaikeaa. Tunnisteiden pidikkeit\u00e4 on saatavana 105 ja 210 mm:n pituisena. EHC-etikettipidikkeiden takaosan osittain avoin muotoilu helpottaa tarrojen asettamista, mutta s\u00e4ilytt\u00e4\u00e4 samalla turvallisuuden, joka takaa tarrojen pitk\u00e4n k\u00e4ytt\u00f6i\u00e4n. Jokaisen tunnisteen pidikkeen mukana toimitetaan 2 kiinnikett\u00e4, joiden avulla pidike on helppo kiinnitt\u00e4\u00e4.  Mitat: 105x26 mm hintaan 1,05+km kappaleelta. 210x30 mm hintaan 1,30+km kappaleelta. 210x40 mm hintaan 1,35+km kappaleelta. 210x50 mm hintaan 1,40+km kappaleelta. 210x60 mm hintaan 1,45+km kappaleelta. 210x75 mm hintaan 1,50+km kappaleelta. 210x100 mm hintaan 1,60+km kappaleelta.","og_url":"https:\/\/www.laomeister.com\/fi\/toode\/sildihoidja-vorkriiulile-ehc\/","og_site_name":"Balti Laomeister","article_modified_time":"2024-07-03T06:49:00+00:00","og_image":[{"width":1696,"height":1696,"url":"https:\/\/www.laomeister.com\/wp-content\/uploads\/2018\/11\/sildihoidja-vo\u0303rkriiulile.jpg","type":"image\/jpeg"}],"twitter_card":"summary_large_image","schema":{"@context":"https:\/\/schema.org","@graph":[{"@type":"WebPage","@id":"https:\/\/www.laomeister.com\/fi\/toode\/sildihoidja-vorkriiulile-ehc\/","url":"https:\/\/www.laomeister.com\/fi\/toode\/sildihoidja-vorkriiulile-ehc\/","name":"Tarranpidike verkkohyllylle EHC - Balti Laomeister","isPartOf":{"@id":"https:\/\/www.laomeister.com\/fi\/#website"},"primaryImageOfPage":{"@id":"https:\/\/www.laomeister.com\/fi\/toode\/sildihoidja-vorkriiulile-ehc\/#primaryimage"},"image":{"@id":"https:\/\/www.laomeister.com\/fi\/toode\/sildihoidja-vorkriiulile-ehc\/#primaryimage"},"thumbnailUrl":"https:\/\/www.laomeister.com\/wp-content\/uploads\/2018\/11\/sildihoidja-vo\u0303rkriiulile.jpg","datePublished":"2018-11-27T10:13:24+00:00","dateModified":"2024-07-03T06:49:00+00:00","breadcrumb":{"@id":"https:\/\/www.laomeister.com\/fi\/toode\/sildihoidja-vorkriiulile-ehc\/#breadcrumb"},"inLanguage":"fi","potentialAction":[{"@type":"ReadAction","target":["https:\/\/www.laomeister.com\/fi\/toode\/sildihoidja-vorkriiulile-ehc\/"]}]},{"@type":"ImageObject","inLanguage":"fi","@id":"https:\/\/www.laomeister.com\/fi\/toode\/sildihoidja-vorkriiulile-ehc\/#primaryimage","url":"https:\/\/www.laomeister.com\/wp-content\/uploads\/2018\/11\/sildihoidja-vo\u0303rkriiulile.jpg","contentUrl":"https:\/\/www.laomeister.com\/wp-content\/uploads\/2018\/11\/sildihoidja-vo\u0303rkriiulile.jpg","width":1696,"height":1696,"caption":"sildihoidja"},{"@type":"BreadcrumbList","@id":"https:\/\/www.laomeister.com\/fi\/toode\/sildihoidja-vorkriiulile-ehc\/#breadcrumb","itemListElement":[{"@type":"ListItem","position":1,"name":"Home","item":"https:\/\/www.laomeister.com\/fi\/"},{"@type":"ListItem","position":2,"name":"Tuotteet","item":"https:\/\/www.laomeister.com\/fi\/tuotteet\/"},{"@type":"ListItem","position":3,"name":"Tarranpidike verkkohyllylle EHC"}]},{"@type":"WebSite","@id":"https:\/\/www.laomeister.com\/fi\/#website","url":"https:\/\/www.laomeister.com\/fi\/","name":"Balti Laomeister","description":"Laoriiulid - m&uuml;&uuml;k ja paigaldus","potentialAction":[{"@type":"SearchAction","target":{"@type":"EntryPoint","urlTemplate":"https:\/\/www.laomeister.com\/fi\/?s={search_term_string}"},"query-input":{"@type":"PropertyValueSpecification","valueRequired":true,"valueName":"search_term_string"}}],"inLanguage":"fi"}]}},"_links":{"self":[{"href":"https:\/\/www.laomeister.com\/fi\/wp-json\/wp\/v2\/product\/13930","targetHints":{"allow":["GET"]}}],"collection":[{"href":"https:\/\/www.laomeister.com\/fi\/wp-json\/wp\/v2\/product"}],"about":[{"href":"https:\/\/www.laomeister.com\/fi\/wp-json\/wp\/v2\/types\/product"}],"wp:featuredmedia":[{"embeddable":true,"href":"https:\/\/www.laomeister.com\/fi\/wp-json\/wp\/v2\/media\/4319"}],"wp:attachment":[{"href":"https:\/\/www.laomeister.com\/fi\/wp-json\/wp\/v2\/media?parent=13930"}],"wp:term":[{"taxonomy":"product_brand","embeddable":true,"href":"https:\/\/www.laomeister.com\/fi\/wp-json\/wp\/v2\/product_brand?post=13930"},{"taxonomy":"product_cat","embeddable":true,"href":"https:\/\/www.laomeister.com\/fi\/wp-json\/wp\/v2\/product_cat?post=13930"},{"taxonomy":"product_tag","embeddable":true,"href":"https:\/\/www.laomeister.com\/fi\/wp-json\/wp\/v2\/product_tag?post=13930"}],"curies":[{"name":"wp","href":"https:\/\/api.w.org\/{rel}","templated":true}]}}