{"id":13929,"date":"2018-11-27T13:22:55","date_gmt":"2018-11-27T10:22:55","guid":{"rendered":"https:\/\/www.laomeister.com\/product\/sildihoidja-plastikkastile-ef\/"},"modified":"2024-07-03T09:17:35","modified_gmt":"2024-07-03T06:17:35","slug":"sildihoidja-plastikkastile-ef","status":"publish","type":"product","link":"https:\/\/www.laomeister.com\/fi\/toode\/sildihoidja-plastikkastile-ef\/","title":{"rendered":"Etikettipidike muovilaatikolle EF"},"content":{"rendered":"","protected":false},"excerpt":{"rendered":"<p>Etikettipidikkeemme sopivat monenlaisiin markkinoilla oleviin muovis\u00e4ili\u00f6ihin. Jos muovilaatikon sis\u00e4lt\u00f6 vaihtuu usein ja sit\u00e4 on vaikea tarkistaa nopeasti, etikettitelineen avulla voit vaihtaa etiketin nopeasti ja k\u00e4tev\u00e4sti. Etiketinpidikkeen ansiosta etiketiss\u00e4 n\u00e4kyy aina oikeat tiedot.<\/p>\n<p>EF-tunnisteiden pidikkeess\u00e4 on U:n muotoinen yl\u00e4reuna, mik\u00e4 tehostaa tunnisteiden hallintaa. Kaksipuolinen teippi takaa lujan kiinnityksen ja pit\u00e4vyyden my\u00f6s silloin, kun tarraa vaihdetaan hyvin usein. EF-etikettipidikkeit\u00e4 on saatavana vakiokokoina A7-A4.<\/p>\n<p>Mitat:<br \/>\n&#8211; 105&#215;75 mm;<br \/>\n&#8211; 150-105 mm;<br \/>\n&#8211; 210-150 mm;<br \/>\n&#8211; 300-210 mm;<\/p>\n","protected":false},"featured_media":4325,"template":"","meta":[],"product_brand":[],"product_cat":[331],"product_tag":[],"class_list":{"0":"post-13929","1":"product","2":"type-product","3":"status-publish","4":"has-post-thumbnail","6":"product_cat-sildihoidjad-fi","8":"first","9":"instock","10":"taxable","11":"shipping-taxable","12":"product-type-simple"},"yoast_head":"<!-- This site is optimized with the Yoast SEO plugin v27.3 - https:\/\/yoast.com\/product\/yoast-seo-wordpress\/ -->\n<title>Etikettipidike muovilaatikolle EF - Balti Laomeister<\/title>\n<meta name=\"robots\" content=\"index, follow, max-snippet:-1, max-image-preview:large, max-video-preview:-1\" \/>\n<link rel=\"canonical\" href=\"https:\/\/www.laomeister.com\/fi\/toode\/sildihoidja-plastikkastile-ef\/\" \/>\n<meta property=\"og:locale\" content=\"fi_FI\" \/>\n<meta property=\"og:type\" content=\"article\" \/>\n<meta property=\"og:title\" content=\"Etikettipidike muovilaatikolle EF - Balti Laomeister\" \/>\n<meta property=\"og:description\" content=\"Etikettipidikkeemme sopivat monenlaisiin markkinoilla oleviin muovis\u00e4ili\u00f6ihin. Jos muovilaatikon sis\u00e4lt\u00f6 vaihtuu usein ja sit\u00e4 on vaikea tarkistaa nopeasti, etikettitelineen avulla voit vaihtaa etiketin nopeasti ja k\u00e4tev\u00e4sti. Etiketinpidikkeen ansiosta etiketiss\u00e4 n\u00e4kyy aina oikeat tiedot. EF-tunnisteiden pidikkeess\u00e4 on U:n muotoinen yl\u00e4reuna, mik\u00e4 tehostaa tunnisteiden hallintaa. Kaksipuolinen teippi takaa lujan kiinnityksen ja pit\u00e4vyyden my\u00f6s silloin, kun tarraa vaihdetaan hyvin usein. EF-etikettipidikkeit\u00e4 on saatavana vakiokokoina A7-A4. Mitat: - 105x75 mm; - 150-105 mm; - 210-150 mm; - 300-210 mm;\" \/>\n<meta property=\"og:url\" content=\"https:\/\/www.laomeister.com\/fi\/toode\/sildihoidja-plastikkastile-ef\/\" \/>\n<meta property=\"og:site_name\" content=\"Balti Laomeister\" \/>\n<meta property=\"article:modified_time\" content=\"2024-07-03T06:17:35+00:00\" \/>\n<meta property=\"og:image\" content=\"https:\/\/www.laomeister.com\/wp-content\/uploads\/2018\/11\/Sildihoidja-plastikkastile.jpg\" \/>\n\t<meta property=\"og:image:width\" content=\"2198\" \/>\n\t<meta property=\"og:image:height\" content=\"2198\" \/>\n\t<meta property=\"og:image:type\" content=\"image\/jpeg\" \/>\n<meta name=\"twitter:card\" content=\"summary_large_image\" \/>\n<script type=\"application\/ld+json\" class=\"yoast-schema-graph\">{\"@context\":\"https:\\\/\\\/schema.org\",\"@graph\":[{\"@type\":\"WebPage\",\"@id\":\"https:\\\/\\\/www.laomeister.com\\\/fi\\\/toode\\\/sildihoidja-plastikkastile-ef\\\/\",\"url\":\"https:\\\/\\\/www.laomeister.com\\\/fi\\\/toode\\\/sildihoidja-plastikkastile-ef\\\/\",\"name\":\"Etikettipidike muovilaatikolle EF - Balti Laomeister\",\"isPartOf\":{\"@id\":\"https:\\\/\\\/www.laomeister.com\\\/fi\\\/#website\"},\"primaryImageOfPage\":{\"@id\":\"https:\\\/\\\/www.laomeister.com\\\/fi\\\/toode\\\/sildihoidja-plastikkastile-ef\\\/#primaryimage\"},\"image\":{\"@id\":\"https:\\\/\\\/www.laomeister.com\\\/fi\\\/toode\\\/sildihoidja-plastikkastile-ef\\\/#primaryimage\"},\"thumbnailUrl\":\"https:\\\/\\\/www.laomeister.com\\\/wp-content\\\/uploads\\\/2018\\\/11\\\/Sildihoidja-plastikkastile.jpg\",\"datePublished\":\"2018-11-27T10:22:55+00:00\",\"dateModified\":\"2024-07-03T06:17:35+00:00\",\"breadcrumb\":{\"@id\":\"https:\\\/\\\/www.laomeister.com\\\/fi\\\/toode\\\/sildihoidja-plastikkastile-ef\\\/#breadcrumb\"},\"inLanguage\":\"fi\",\"potentialAction\":[{\"@type\":\"ReadAction\",\"target\":[\"https:\\\/\\\/www.laomeister.com\\\/fi\\\/toode\\\/sildihoidja-plastikkastile-ef\\\/\"]}]},{\"@type\":\"ImageObject\",\"inLanguage\":\"fi\",\"@id\":\"https:\\\/\\\/www.laomeister.com\\\/fi\\\/toode\\\/sildihoidja-plastikkastile-ef\\\/#primaryimage\",\"url\":\"https:\\\/\\\/www.laomeister.com\\\/wp-content\\\/uploads\\\/2018\\\/11\\\/Sildihoidja-plastikkastile.jpg\",\"contentUrl\":\"https:\\\/\\\/www.laomeister.com\\\/wp-content\\\/uploads\\\/2018\\\/11\\\/Sildihoidja-plastikkastile.jpg\",\"width\":2198,\"height\":2198,\"caption\":\"sildihoidja\"},{\"@type\":\"BreadcrumbList\",\"@id\":\"https:\\\/\\\/www.laomeister.com\\\/fi\\\/toode\\\/sildihoidja-plastikkastile-ef\\\/#breadcrumb\",\"itemListElement\":[{\"@type\":\"ListItem\",\"position\":1,\"name\":\"Home\",\"item\":\"https:\\\/\\\/www.laomeister.com\\\/fi\\\/\"},{\"@type\":\"ListItem\",\"position\":2,\"name\":\"Tuotteet\",\"item\":\"https:\\\/\\\/www.laomeister.com\\\/fi\\\/tuotteet\\\/\"},{\"@type\":\"ListItem\",\"position\":3,\"name\":\"Etikettipidike muovilaatikolle EF\"}]},{\"@type\":\"WebSite\",\"@id\":\"https:\\\/\\\/www.laomeister.com\\\/fi\\\/#website\",\"url\":\"https:\\\/\\\/www.laomeister.com\\\/fi\\\/\",\"name\":\"Balti Laomeister\",\"description\":\"Laoriiulid - m&uuml;&uuml;k ja paigaldus\",\"potentialAction\":[{\"@type\":\"SearchAction\",\"target\":{\"@type\":\"EntryPoint\",\"urlTemplate\":\"https:\\\/\\\/www.laomeister.com\\\/fi\\\/?s={search_term_string}\"},\"query-input\":{\"@type\":\"PropertyValueSpecification\",\"valueRequired\":true,\"valueName\":\"search_term_string\"}}],\"inLanguage\":\"fi\"}]}<\/script>\n<!-- \/ Yoast SEO plugin. -->","yoast_head_json":{"title":"Etikettipidike muovilaatikolle EF - Balti Laomeister","robots":{"index":"index","follow":"follow","max-snippet":"max-snippet:-1","max-image-preview":"max-image-preview:large","max-video-preview":"max-video-preview:-1"},"canonical":"https:\/\/www.laomeister.com\/fi\/toode\/sildihoidja-plastikkastile-ef\/","og_locale":"fi_FI","og_type":"article","og_title":"Etikettipidike muovilaatikolle EF - Balti Laomeister","og_description":"Etikettipidikkeemme sopivat monenlaisiin markkinoilla oleviin muovis\u00e4ili\u00f6ihin. Jos muovilaatikon sis\u00e4lt\u00f6 vaihtuu usein ja sit\u00e4 on vaikea tarkistaa nopeasti, etikettitelineen avulla voit vaihtaa etiketin nopeasti ja k\u00e4tev\u00e4sti. Etiketinpidikkeen ansiosta etiketiss\u00e4 n\u00e4kyy aina oikeat tiedot. EF-tunnisteiden pidikkeess\u00e4 on U:n muotoinen yl\u00e4reuna, mik\u00e4 tehostaa tunnisteiden hallintaa. Kaksipuolinen teippi takaa lujan kiinnityksen ja pit\u00e4vyyden my\u00f6s silloin, kun tarraa vaihdetaan hyvin usein. EF-etikettipidikkeit\u00e4 on saatavana vakiokokoina A7-A4. Mitat: - 105x75 mm; - 150-105 mm; - 210-150 mm; - 300-210 mm;","og_url":"https:\/\/www.laomeister.com\/fi\/toode\/sildihoidja-plastikkastile-ef\/","og_site_name":"Balti Laomeister","article_modified_time":"2024-07-03T06:17:35+00:00","og_image":[{"width":2198,"height":2198,"url":"https:\/\/www.laomeister.com\/wp-content\/uploads\/2018\/11\/Sildihoidja-plastikkastile.jpg","type":"image\/jpeg"}],"twitter_card":"summary_large_image","schema":{"@context":"https:\/\/schema.org","@graph":[{"@type":"WebPage","@id":"https:\/\/www.laomeister.com\/fi\/toode\/sildihoidja-plastikkastile-ef\/","url":"https:\/\/www.laomeister.com\/fi\/toode\/sildihoidja-plastikkastile-ef\/","name":"Etikettipidike muovilaatikolle EF - Balti Laomeister","isPartOf":{"@id":"https:\/\/www.laomeister.com\/fi\/#website"},"primaryImageOfPage":{"@id":"https:\/\/www.laomeister.com\/fi\/toode\/sildihoidja-plastikkastile-ef\/#primaryimage"},"image":{"@id":"https:\/\/www.laomeister.com\/fi\/toode\/sildihoidja-plastikkastile-ef\/#primaryimage"},"thumbnailUrl":"https:\/\/www.laomeister.com\/wp-content\/uploads\/2018\/11\/Sildihoidja-plastikkastile.jpg","datePublished":"2018-11-27T10:22:55+00:00","dateModified":"2024-07-03T06:17:35+00:00","breadcrumb":{"@id":"https:\/\/www.laomeister.com\/fi\/toode\/sildihoidja-plastikkastile-ef\/#breadcrumb"},"inLanguage":"fi","potentialAction":[{"@type":"ReadAction","target":["https:\/\/www.laomeister.com\/fi\/toode\/sildihoidja-plastikkastile-ef\/"]}]},{"@type":"ImageObject","inLanguage":"fi","@id":"https:\/\/www.laomeister.com\/fi\/toode\/sildihoidja-plastikkastile-ef\/#primaryimage","url":"https:\/\/www.laomeister.com\/wp-content\/uploads\/2018\/11\/Sildihoidja-plastikkastile.jpg","contentUrl":"https:\/\/www.laomeister.com\/wp-content\/uploads\/2018\/11\/Sildihoidja-plastikkastile.jpg","width":2198,"height":2198,"caption":"sildihoidja"},{"@type":"BreadcrumbList","@id":"https:\/\/www.laomeister.com\/fi\/toode\/sildihoidja-plastikkastile-ef\/#breadcrumb","itemListElement":[{"@type":"ListItem","position":1,"name":"Home","item":"https:\/\/www.laomeister.com\/fi\/"},{"@type":"ListItem","position":2,"name":"Tuotteet","item":"https:\/\/www.laomeister.com\/fi\/tuotteet\/"},{"@type":"ListItem","position":3,"name":"Etikettipidike muovilaatikolle EF"}]},{"@type":"WebSite","@id":"https:\/\/www.laomeister.com\/fi\/#website","url":"https:\/\/www.laomeister.com\/fi\/","name":"Balti Laomeister","description":"Laoriiulid - m&uuml;&uuml;k ja paigaldus","potentialAction":[{"@type":"SearchAction","target":{"@type":"EntryPoint","urlTemplate":"https:\/\/www.laomeister.com\/fi\/?s={search_term_string}"},"query-input":{"@type":"PropertyValueSpecification","valueRequired":true,"valueName":"search_term_string"}}],"inLanguage":"fi"}]}},"_links":{"self":[{"href":"https:\/\/www.laomeister.com\/fi\/wp-json\/wp\/v2\/product\/13929","targetHints":{"allow":["GET"]}}],"collection":[{"href":"https:\/\/www.laomeister.com\/fi\/wp-json\/wp\/v2\/product"}],"about":[{"href":"https:\/\/www.laomeister.com\/fi\/wp-json\/wp\/v2\/types\/product"}],"wp:featuredmedia":[{"embeddable":true,"href":"https:\/\/www.laomeister.com\/fi\/wp-json\/wp\/v2\/media\/4325"}],"wp:attachment":[{"href":"https:\/\/www.laomeister.com\/fi\/wp-json\/wp\/v2\/media?parent=13929"}],"wp:term":[{"taxonomy":"product_brand","embeddable":true,"href":"https:\/\/www.laomeister.com\/fi\/wp-json\/wp\/v2\/product_brand?post=13929"},{"taxonomy":"product_cat","embeddable":true,"href":"https:\/\/www.laomeister.com\/fi\/wp-json\/wp\/v2\/product_cat?post=13929"},{"taxonomy":"product_tag","embeddable":true,"href":"https:\/\/www.laomeister.com\/fi\/wp-json\/wp\/v2\/product_tag?post=13929"}],"curies":[{"name":"wp","href":"https:\/\/api.w.org\/{rel}","templated":true}]}}