{"id":13899,"date":"2018-11-27T15:54:11","date_gmt":"2018-11-27T12:54:11","guid":{"rendered":"https:\/\/www.laomeister.com\/product\/sildihoidja-riiulile-el\/"},"modified":"2024-07-03T09:49:37","modified_gmt":"2024-07-03T06:49:37","slug":"sildihoidja-riiulile-el","status":"publish","type":"product","link":"https:\/\/www.laomeister.com\/fi\/toode\/sildihoidja-riiulile-el\/","title":{"rendered":"Tarranpidike hyllylle EL"},"content":{"rendered":"","protected":false},"excerpt":{"rendered":"<p>EU-tarranpidike mahdollistaa tarran nostamisen hyllyst\u00e4. EU-tarranpidin on eritt\u00e4in hyv\u00e4 ratkaisu hyllyprofiileihin, jotka eiv\u00e4t ole tasaisia, ja se mahdollistaa helpon kiinnityksen ja hyv\u00e4n n\u00e4kyvyyden.<\/p>\n<p>Kiinnitysmenetelm\u00e4: liima.<\/p>\n<p>Mitat ja hinnat:<\/p>\n<p>&#8211; 100x26x5x20 mm hintaan 0,75+km\/kpl.<br \/>\n&#8211; 100x39x5x20 mm hintaan 0,95+km\/kpl.<br \/>\n&#8211; 105x26x5x20 mm, hinta 0,8+km kappaleelta<br \/>\n&#8211; 105x39x5x20 mm, hinta 0,95+km kappaleelta<br \/>\n&#8211; 840x26x5x20 mm, hinta 2,40+km kappaleelta<br \/>\n&#8211; 840x39x5x20 mm, hinta 3,4+km kappaleelta<br \/>\n&#8211; 940x26x5x20 mm, hinta 2,75+km kappaleelta<br \/>\n&#8211; 940x39x5x20 mm, hinta 3,75+km kappaleelta<br \/>\n&#8211; 1230x26x5x20 mm hintaan 3,25+km kappaleelta.<br \/>\n&#8211; 1230x39x5x20 mm hintaan 4,35+km kappaleelta.<\/p>\n","protected":false},"featured_media":4386,"template":"","meta":[],"product_brand":[],"product_cat":[699,331],"product_tag":[],"class_list":{"0":"post-13899","1":"product","2":"type-product","3":"status-publish","4":"has-post-thumbnail","6":"product_cat-sildihoidjadad","7":"product_cat-sildihoidjad-fi","9":"first","10":"instock","11":"taxable","12":"shipping-taxable","13":"purchasable","14":"product-type-simple"},"yoast_head":"<!-- This site is optimized with the Yoast SEO plugin v27.3 - https:\/\/yoast.com\/product\/yoast-seo-wordpress\/ -->\n<title>Tarranpidike hyllylle EL - Balti Laomeister<\/title>\n<meta name=\"robots\" content=\"index, follow, max-snippet:-1, max-image-preview:large, max-video-preview:-1\" \/>\n<link rel=\"canonical\" href=\"https:\/\/www.laomeister.com\/fi\/toode\/sildihoidja-riiulile-el\/\" \/>\n<meta property=\"og:locale\" content=\"fi_FI\" \/>\n<meta property=\"og:type\" content=\"article\" \/>\n<meta property=\"og:title\" content=\"Tarranpidike hyllylle EL - Balti Laomeister\" \/>\n<meta property=\"og:description\" content=\"EU-tarranpidike mahdollistaa tarran nostamisen hyllyst\u00e4. EU-tarranpidin on eritt\u00e4in hyv\u00e4 ratkaisu hyllyprofiileihin, jotka eiv\u00e4t ole tasaisia, ja se mahdollistaa helpon kiinnityksen ja hyv\u00e4n n\u00e4kyvyyden. Kiinnitysmenetelm\u00e4: liima. Mitat ja hinnat: - 100x26x5x20 mm hintaan 0,75+km\/kpl. - 100x39x5x20 mm hintaan 0,95+km\/kpl. - 105x26x5x20 mm, hinta 0,8+km kappaleelta - 105x39x5x20 mm, hinta 0,95+km kappaleelta - 840x26x5x20 mm, hinta 2,40+km kappaleelta - 840x39x5x20 mm, hinta 3,4+km kappaleelta - 940x26x5x20 mm, hinta 2,75+km kappaleelta - 940x39x5x20 mm, hinta 3,75+km kappaleelta - 1230x26x5x20 mm hintaan 3,25+km kappaleelta. - 1230x39x5x20 mm hintaan 4,35+km kappaleelta.\" \/>\n<meta property=\"og:url\" content=\"https:\/\/www.laomeister.com\/fi\/toode\/sildihoidja-riiulile-el\/\" \/>\n<meta property=\"og:site_name\" content=\"Balti Laomeister\" \/>\n<meta property=\"article:modified_time\" content=\"2024-07-03T06:49:37+00:00\" \/>\n<meta property=\"og:image\" content=\"https:\/\/www.laomeister.com\/wp-content\/uploads\/2018\/11\/Sildihoidja-riiulile-EL.jpg\" \/>\n\t<meta property=\"og:image:width\" content=\"956\" \/>\n\t<meta property=\"og:image:height\" content=\"956\" \/>\n\t<meta property=\"og:image:type\" content=\"image\/jpeg\" \/>\n<meta name=\"twitter:card\" content=\"summary_large_image\" \/>\n<script type=\"application\/ld+json\" class=\"yoast-schema-graph\">{\"@context\":\"https:\\\/\\\/schema.org\",\"@graph\":[{\"@type\":\"WebPage\",\"@id\":\"https:\\\/\\\/www.laomeister.com\\\/fi\\\/toode\\\/sildihoidja-riiulile-el\\\/\",\"url\":\"https:\\\/\\\/www.laomeister.com\\\/fi\\\/toode\\\/sildihoidja-riiulile-el\\\/\",\"name\":\"Tarranpidike hyllylle EL - Balti Laomeister\",\"isPartOf\":{\"@id\":\"https:\\\/\\\/www.laomeister.com\\\/fi\\\/#website\"},\"primaryImageOfPage\":{\"@id\":\"https:\\\/\\\/www.laomeister.com\\\/fi\\\/toode\\\/sildihoidja-riiulile-el\\\/#primaryimage\"},\"image\":{\"@id\":\"https:\\\/\\\/www.laomeister.com\\\/fi\\\/toode\\\/sildihoidja-riiulile-el\\\/#primaryimage\"},\"thumbnailUrl\":\"https:\\\/\\\/www.laomeister.com\\\/wp-content\\\/uploads\\\/2018\\\/11\\\/Sildihoidja-riiulile-EL.jpg\",\"datePublished\":\"2018-11-27T12:54:11+00:00\",\"dateModified\":\"2024-07-03T06:49:37+00:00\",\"breadcrumb\":{\"@id\":\"https:\\\/\\\/www.laomeister.com\\\/fi\\\/toode\\\/sildihoidja-riiulile-el\\\/#breadcrumb\"},\"inLanguage\":\"fi\",\"potentialAction\":[{\"@type\":\"ReadAction\",\"target\":[\"https:\\\/\\\/www.laomeister.com\\\/fi\\\/toode\\\/sildihoidja-riiulile-el\\\/\"]}]},{\"@type\":\"ImageObject\",\"inLanguage\":\"fi\",\"@id\":\"https:\\\/\\\/www.laomeister.com\\\/fi\\\/toode\\\/sildihoidja-riiulile-el\\\/#primaryimage\",\"url\":\"https:\\\/\\\/www.laomeister.com\\\/wp-content\\\/uploads\\\/2018\\\/11\\\/Sildihoidja-riiulile-EL.jpg\",\"contentUrl\":\"https:\\\/\\\/www.laomeister.com\\\/wp-content\\\/uploads\\\/2018\\\/11\\\/Sildihoidja-riiulile-EL.jpg\",\"width\":956,\"height\":956,\"caption\":\"sildihoidja\"},{\"@type\":\"BreadcrumbList\",\"@id\":\"https:\\\/\\\/www.laomeister.com\\\/fi\\\/toode\\\/sildihoidja-riiulile-el\\\/#breadcrumb\",\"itemListElement\":[{\"@type\":\"ListItem\",\"position\":1,\"name\":\"Home\",\"item\":\"https:\\\/\\\/www.laomeister.com\\\/fi\\\/\"},{\"@type\":\"ListItem\",\"position\":2,\"name\":\"Tuotteet\",\"item\":\"https:\\\/\\\/www.laomeister.com\\\/fi\\\/tuotteet\\\/\"},{\"@type\":\"ListItem\",\"position\":3,\"name\":\"Tarranpidike hyllylle EL\"}]},{\"@type\":\"WebSite\",\"@id\":\"https:\\\/\\\/www.laomeister.com\\\/fi\\\/#website\",\"url\":\"https:\\\/\\\/www.laomeister.com\\\/fi\\\/\",\"name\":\"Balti Laomeister\",\"description\":\"Laoriiulid - m&uuml;&uuml;k ja paigaldus\",\"potentialAction\":[{\"@type\":\"SearchAction\",\"target\":{\"@type\":\"EntryPoint\",\"urlTemplate\":\"https:\\\/\\\/www.laomeister.com\\\/fi\\\/?s={search_term_string}\"},\"query-input\":{\"@type\":\"PropertyValueSpecification\",\"valueRequired\":true,\"valueName\":\"search_term_string\"}}],\"inLanguage\":\"fi\"}]}<\/script>\n<!-- \/ Yoast SEO plugin. -->","yoast_head_json":{"title":"Tarranpidike hyllylle EL - Balti Laomeister","robots":{"index":"index","follow":"follow","max-snippet":"max-snippet:-1","max-image-preview":"max-image-preview:large","max-video-preview":"max-video-preview:-1"},"canonical":"https:\/\/www.laomeister.com\/fi\/toode\/sildihoidja-riiulile-el\/","og_locale":"fi_FI","og_type":"article","og_title":"Tarranpidike hyllylle EL - Balti Laomeister","og_description":"EU-tarranpidike mahdollistaa tarran nostamisen hyllyst\u00e4. EU-tarranpidin on eritt\u00e4in hyv\u00e4 ratkaisu hyllyprofiileihin, jotka eiv\u00e4t ole tasaisia, ja se mahdollistaa helpon kiinnityksen ja hyv\u00e4n n\u00e4kyvyyden. Kiinnitysmenetelm\u00e4: liima. Mitat ja hinnat: - 100x26x5x20 mm hintaan 0,75+km\/kpl. - 100x39x5x20 mm hintaan 0,95+km\/kpl. - 105x26x5x20 mm, hinta 0,8+km kappaleelta - 105x39x5x20 mm, hinta 0,95+km kappaleelta - 840x26x5x20 mm, hinta 2,40+km kappaleelta - 840x39x5x20 mm, hinta 3,4+km kappaleelta - 940x26x5x20 mm, hinta 2,75+km kappaleelta - 940x39x5x20 mm, hinta 3,75+km kappaleelta - 1230x26x5x20 mm hintaan 3,25+km kappaleelta. - 1230x39x5x20 mm hintaan 4,35+km kappaleelta.","og_url":"https:\/\/www.laomeister.com\/fi\/toode\/sildihoidja-riiulile-el\/","og_site_name":"Balti Laomeister","article_modified_time":"2024-07-03T06:49:37+00:00","og_image":[{"width":956,"height":956,"url":"https:\/\/www.laomeister.com\/wp-content\/uploads\/2018\/11\/Sildihoidja-riiulile-EL.jpg","type":"image\/jpeg"}],"twitter_card":"summary_large_image","schema":{"@context":"https:\/\/schema.org","@graph":[{"@type":"WebPage","@id":"https:\/\/www.laomeister.com\/fi\/toode\/sildihoidja-riiulile-el\/","url":"https:\/\/www.laomeister.com\/fi\/toode\/sildihoidja-riiulile-el\/","name":"Tarranpidike hyllylle EL - Balti Laomeister","isPartOf":{"@id":"https:\/\/www.laomeister.com\/fi\/#website"},"primaryImageOfPage":{"@id":"https:\/\/www.laomeister.com\/fi\/toode\/sildihoidja-riiulile-el\/#primaryimage"},"image":{"@id":"https:\/\/www.laomeister.com\/fi\/toode\/sildihoidja-riiulile-el\/#primaryimage"},"thumbnailUrl":"https:\/\/www.laomeister.com\/wp-content\/uploads\/2018\/11\/Sildihoidja-riiulile-EL.jpg","datePublished":"2018-11-27T12:54:11+00:00","dateModified":"2024-07-03T06:49:37+00:00","breadcrumb":{"@id":"https:\/\/www.laomeister.com\/fi\/toode\/sildihoidja-riiulile-el\/#breadcrumb"},"inLanguage":"fi","potentialAction":[{"@type":"ReadAction","target":["https:\/\/www.laomeister.com\/fi\/toode\/sildihoidja-riiulile-el\/"]}]},{"@type":"ImageObject","inLanguage":"fi","@id":"https:\/\/www.laomeister.com\/fi\/toode\/sildihoidja-riiulile-el\/#primaryimage","url":"https:\/\/www.laomeister.com\/wp-content\/uploads\/2018\/11\/Sildihoidja-riiulile-EL.jpg","contentUrl":"https:\/\/www.laomeister.com\/wp-content\/uploads\/2018\/11\/Sildihoidja-riiulile-EL.jpg","width":956,"height":956,"caption":"sildihoidja"},{"@type":"BreadcrumbList","@id":"https:\/\/www.laomeister.com\/fi\/toode\/sildihoidja-riiulile-el\/#breadcrumb","itemListElement":[{"@type":"ListItem","position":1,"name":"Home","item":"https:\/\/www.laomeister.com\/fi\/"},{"@type":"ListItem","position":2,"name":"Tuotteet","item":"https:\/\/www.laomeister.com\/fi\/tuotteet\/"},{"@type":"ListItem","position":3,"name":"Tarranpidike hyllylle EL"}]},{"@type":"WebSite","@id":"https:\/\/www.laomeister.com\/fi\/#website","url":"https:\/\/www.laomeister.com\/fi\/","name":"Balti Laomeister","description":"Laoriiulid - m&uuml;&uuml;k ja paigaldus","potentialAction":[{"@type":"SearchAction","target":{"@type":"EntryPoint","urlTemplate":"https:\/\/www.laomeister.com\/fi\/?s={search_term_string}"},"query-input":{"@type":"PropertyValueSpecification","valueRequired":true,"valueName":"search_term_string"}}],"inLanguage":"fi"}]}},"_links":{"self":[{"href":"https:\/\/www.laomeister.com\/fi\/wp-json\/wp\/v2\/product\/13899","targetHints":{"allow":["GET"]}}],"collection":[{"href":"https:\/\/www.laomeister.com\/fi\/wp-json\/wp\/v2\/product"}],"about":[{"href":"https:\/\/www.laomeister.com\/fi\/wp-json\/wp\/v2\/types\/product"}],"wp:featuredmedia":[{"embeddable":true,"href":"https:\/\/www.laomeister.com\/fi\/wp-json\/wp\/v2\/media\/4386"}],"wp:attachment":[{"href":"https:\/\/www.laomeister.com\/fi\/wp-json\/wp\/v2\/media?parent=13899"}],"wp:term":[{"taxonomy":"product_brand","embeddable":true,"href":"https:\/\/www.laomeister.com\/fi\/wp-json\/wp\/v2\/product_brand?post=13899"},{"taxonomy":"product_cat","embeddable":true,"href":"https:\/\/www.laomeister.com\/fi\/wp-json\/wp\/v2\/product_cat?post=13899"},{"taxonomy":"product_tag","embeddable":true,"href":"https:\/\/www.laomeister.com\/fi\/wp-json\/wp\/v2\/product_tag?post=13899"}],"curies":[{"name":"wp","href":"https:\/\/api.w.org\/{rel}","templated":true}]}}