{"id":13896,"date":"2018-11-27T15:54:17","date_gmt":"2018-11-27T12:54:17","guid":{"rendered":"https:\/\/www.laomeister.com\/product\/sildihoidja-riiulile-elb\/"},"modified":"2024-07-03T09:49:40","modified_gmt":"2024-07-03T06:49:40","slug":"sildihoidja-riiulile-elb","status":"publish","type":"product","link":"https:\/\/www.laomeister.com\/fi\/toode\/sildihoidja-riiulile-elb\/","title":{"rendered":"Tarranpidike hyllylle ELB"},"content":{"rendered":"","protected":false},"excerpt":{"rendered":"<p>ELB-etikettitelineen avulla etiketti voidaan nostaa hyllyst\u00e4. ELB-etikettiteline on eritt\u00e4in hyv\u00e4 ratkaisu hyllyprofiileihin, jotka eiv\u00e4t ole litteit\u00e4, ja se mahdollistaa helpon kiinnityksen ja hyv\u00e4n n\u00e4kyvyyden.<\/p>\n<p>Kiinnitysmenetelm\u00e4: magneetti.<\/p>\n<p>Mitat ja hinnat:<\/p>\n<p>&#8211; 100x26x5x20 mm hintaan 0,85+km EUR kappaleelta.<br \/>\n&#8211; 100x39x5x20 mm hintaan 1,25+km EUR kappaleelta.<br \/>\n&#8211; 105x26x5x20 mm, hinta 1,15+km EUR kappaleelta<br \/>\n&#8211; 105x39x5x20 mm, hinta 1,30+km EUR kappaleelta<br \/>\n&#8211; 840x26x5x20 mm hintaan 4,5+km EUR kappaleelta.<br \/>\n&#8211; 840x39x5x20 mm hintaan 4,65+km EUR kappaleelta.<br \/>\n&#8211; 940x26x5x20 mm hintaan 5,0+km EUR\/kpl.<br \/>\n&#8211; 940x39x5x20 mm, hinta 5,15+km EUR kappaleelta<br \/>\n&#8211; 1230x26x5x20 mm hintaan 6,0+km EUR\/kpl.<br \/>\n&#8211; 1230x39x5x20 mm, hinta 7,35+km EUR kappaleelta<\/p>\n","protected":false},"featured_media":4391,"template":"","meta":[],"product_brand":[],"product_cat":[699,331],"product_tag":[],"class_list":{"0":"post-13896","1":"product","2":"type-product","3":"status-publish","4":"has-post-thumbnail","6":"product_cat-sildihoidjadad","7":"product_cat-sildihoidjad-fi","9":"first","10":"instock","11":"taxable","12":"shipping-taxable","13":"purchasable","14":"product-type-simple"},"yoast_head":"<!-- This site is optimized with the Yoast SEO plugin v27.3 - https:\/\/yoast.com\/product\/yoast-seo-wordpress\/ -->\n<title>Tarranpidike hyllylle ELB - Balti Laomeister<\/title>\n<meta name=\"robots\" content=\"index, follow, max-snippet:-1, max-image-preview:large, max-video-preview:-1\" \/>\n<link rel=\"canonical\" href=\"https:\/\/www.laomeister.com\/fi\/toode\/sildihoidja-riiulile-elb\/\" \/>\n<meta property=\"og:locale\" content=\"fi_FI\" \/>\n<meta property=\"og:type\" content=\"article\" \/>\n<meta property=\"og:title\" content=\"Tarranpidike hyllylle ELB - Balti Laomeister\" \/>\n<meta property=\"og:description\" content=\"ELB-etikettitelineen avulla etiketti voidaan nostaa hyllyst\u00e4. ELB-etikettiteline on eritt\u00e4in hyv\u00e4 ratkaisu hyllyprofiileihin, jotka eiv\u00e4t ole litteit\u00e4, ja se mahdollistaa helpon kiinnityksen ja hyv\u00e4n n\u00e4kyvyyden. Kiinnitysmenetelm\u00e4: magneetti. Mitat ja hinnat: - 100x26x5x20 mm hintaan 0,85+km EUR kappaleelta. - 100x39x5x20 mm hintaan 1,25+km EUR kappaleelta. - 105x26x5x20 mm, hinta 1,15+km EUR kappaleelta - 105x39x5x20 mm, hinta 1,30+km EUR kappaleelta - 840x26x5x20 mm hintaan 4,5+km EUR kappaleelta. - 840x39x5x20 mm hintaan 4,65+km EUR kappaleelta. - 940x26x5x20 mm hintaan 5,0+km EUR\/kpl. - 940x39x5x20 mm, hinta 5,15+km EUR kappaleelta - 1230x26x5x20 mm hintaan 6,0+km EUR\/kpl. - 1230x39x5x20 mm, hinta 7,35+km EUR kappaleelta\" \/>\n<meta property=\"og:url\" content=\"https:\/\/www.laomeister.com\/fi\/toode\/sildihoidja-riiulile-elb\/\" \/>\n<meta property=\"og:site_name\" content=\"Balti Laomeister\" \/>\n<meta property=\"article:modified_time\" content=\"2024-07-03T06:49:40+00:00\" \/>\n<meta property=\"og:image\" content=\"https:\/\/www.laomeister.com\/wp-content\/uploads\/2018\/11\/Sildihoidja-riiulile-ELB.jpg\" \/>\n\t<meta property=\"og:image:width\" content=\"952\" \/>\n\t<meta property=\"og:image:height\" content=\"952\" \/>\n\t<meta property=\"og:image:type\" content=\"image\/jpeg\" \/>\n<meta name=\"twitter:card\" content=\"summary_large_image\" \/>\n<script type=\"application\/ld+json\" class=\"yoast-schema-graph\">{\"@context\":\"https:\\\/\\\/schema.org\",\"@graph\":[{\"@type\":\"WebPage\",\"@id\":\"https:\\\/\\\/www.laomeister.com\\\/fi\\\/toode\\\/sildihoidja-riiulile-elb\\\/\",\"url\":\"https:\\\/\\\/www.laomeister.com\\\/fi\\\/toode\\\/sildihoidja-riiulile-elb\\\/\",\"name\":\"Tarranpidike hyllylle ELB - Balti Laomeister\",\"isPartOf\":{\"@id\":\"https:\\\/\\\/www.laomeister.com\\\/fi\\\/#website\"},\"primaryImageOfPage\":{\"@id\":\"https:\\\/\\\/www.laomeister.com\\\/fi\\\/toode\\\/sildihoidja-riiulile-elb\\\/#primaryimage\"},\"image\":{\"@id\":\"https:\\\/\\\/www.laomeister.com\\\/fi\\\/toode\\\/sildihoidja-riiulile-elb\\\/#primaryimage\"},\"thumbnailUrl\":\"https:\\\/\\\/www.laomeister.com\\\/wp-content\\\/uploads\\\/2018\\\/11\\\/Sildihoidja-riiulile-ELB.jpg\",\"datePublished\":\"2018-11-27T12:54:17+00:00\",\"dateModified\":\"2024-07-03T06:49:40+00:00\",\"breadcrumb\":{\"@id\":\"https:\\\/\\\/www.laomeister.com\\\/fi\\\/toode\\\/sildihoidja-riiulile-elb\\\/#breadcrumb\"},\"inLanguage\":\"fi\",\"potentialAction\":[{\"@type\":\"ReadAction\",\"target\":[\"https:\\\/\\\/www.laomeister.com\\\/fi\\\/toode\\\/sildihoidja-riiulile-elb\\\/\"]}]},{\"@type\":\"ImageObject\",\"inLanguage\":\"fi\",\"@id\":\"https:\\\/\\\/www.laomeister.com\\\/fi\\\/toode\\\/sildihoidja-riiulile-elb\\\/#primaryimage\",\"url\":\"https:\\\/\\\/www.laomeister.com\\\/wp-content\\\/uploads\\\/2018\\\/11\\\/Sildihoidja-riiulile-ELB.jpg\",\"contentUrl\":\"https:\\\/\\\/www.laomeister.com\\\/wp-content\\\/uploads\\\/2018\\\/11\\\/Sildihoidja-riiulile-ELB.jpg\",\"width\":952,\"height\":952,\"caption\":\"sildihoidja\"},{\"@type\":\"BreadcrumbList\",\"@id\":\"https:\\\/\\\/www.laomeister.com\\\/fi\\\/toode\\\/sildihoidja-riiulile-elb\\\/#breadcrumb\",\"itemListElement\":[{\"@type\":\"ListItem\",\"position\":1,\"name\":\"Home\",\"item\":\"https:\\\/\\\/www.laomeister.com\\\/fi\\\/\"},{\"@type\":\"ListItem\",\"position\":2,\"name\":\"Tuotteet\",\"item\":\"https:\\\/\\\/www.laomeister.com\\\/fi\\\/tuotteet\\\/\"},{\"@type\":\"ListItem\",\"position\":3,\"name\":\"Tarranpidike hyllylle ELB\"}]},{\"@type\":\"WebSite\",\"@id\":\"https:\\\/\\\/www.laomeister.com\\\/fi\\\/#website\",\"url\":\"https:\\\/\\\/www.laomeister.com\\\/fi\\\/\",\"name\":\"Balti Laomeister\",\"description\":\"Laoriiulid - m&uuml;&uuml;k ja paigaldus\",\"potentialAction\":[{\"@type\":\"SearchAction\",\"target\":{\"@type\":\"EntryPoint\",\"urlTemplate\":\"https:\\\/\\\/www.laomeister.com\\\/fi\\\/?s={search_term_string}\"},\"query-input\":{\"@type\":\"PropertyValueSpecification\",\"valueRequired\":true,\"valueName\":\"search_term_string\"}}],\"inLanguage\":\"fi\"}]}<\/script>\n<!-- \/ Yoast SEO plugin. -->","yoast_head_json":{"title":"Tarranpidike hyllylle ELB - Balti Laomeister","robots":{"index":"index","follow":"follow","max-snippet":"max-snippet:-1","max-image-preview":"max-image-preview:large","max-video-preview":"max-video-preview:-1"},"canonical":"https:\/\/www.laomeister.com\/fi\/toode\/sildihoidja-riiulile-elb\/","og_locale":"fi_FI","og_type":"article","og_title":"Tarranpidike hyllylle ELB - Balti Laomeister","og_description":"ELB-etikettitelineen avulla etiketti voidaan nostaa hyllyst\u00e4. ELB-etikettiteline on eritt\u00e4in hyv\u00e4 ratkaisu hyllyprofiileihin, jotka eiv\u00e4t ole litteit\u00e4, ja se mahdollistaa helpon kiinnityksen ja hyv\u00e4n n\u00e4kyvyyden. Kiinnitysmenetelm\u00e4: magneetti. Mitat ja hinnat: - 100x26x5x20 mm hintaan 0,85+km EUR kappaleelta. - 100x39x5x20 mm hintaan 1,25+km EUR kappaleelta. - 105x26x5x20 mm, hinta 1,15+km EUR kappaleelta - 105x39x5x20 mm, hinta 1,30+km EUR kappaleelta - 840x26x5x20 mm hintaan 4,5+km EUR kappaleelta. - 840x39x5x20 mm hintaan 4,65+km EUR kappaleelta. - 940x26x5x20 mm hintaan 5,0+km EUR\/kpl. - 940x39x5x20 mm, hinta 5,15+km EUR kappaleelta - 1230x26x5x20 mm hintaan 6,0+km EUR\/kpl. - 1230x39x5x20 mm, hinta 7,35+km EUR kappaleelta","og_url":"https:\/\/www.laomeister.com\/fi\/toode\/sildihoidja-riiulile-elb\/","og_site_name":"Balti Laomeister","article_modified_time":"2024-07-03T06:49:40+00:00","og_image":[{"width":952,"height":952,"url":"https:\/\/www.laomeister.com\/wp-content\/uploads\/2018\/11\/Sildihoidja-riiulile-ELB.jpg","type":"image\/jpeg"}],"twitter_card":"summary_large_image","schema":{"@context":"https:\/\/schema.org","@graph":[{"@type":"WebPage","@id":"https:\/\/www.laomeister.com\/fi\/toode\/sildihoidja-riiulile-elb\/","url":"https:\/\/www.laomeister.com\/fi\/toode\/sildihoidja-riiulile-elb\/","name":"Tarranpidike hyllylle ELB - Balti Laomeister","isPartOf":{"@id":"https:\/\/www.laomeister.com\/fi\/#website"},"primaryImageOfPage":{"@id":"https:\/\/www.laomeister.com\/fi\/toode\/sildihoidja-riiulile-elb\/#primaryimage"},"image":{"@id":"https:\/\/www.laomeister.com\/fi\/toode\/sildihoidja-riiulile-elb\/#primaryimage"},"thumbnailUrl":"https:\/\/www.laomeister.com\/wp-content\/uploads\/2018\/11\/Sildihoidja-riiulile-ELB.jpg","datePublished":"2018-11-27T12:54:17+00:00","dateModified":"2024-07-03T06:49:40+00:00","breadcrumb":{"@id":"https:\/\/www.laomeister.com\/fi\/toode\/sildihoidja-riiulile-elb\/#breadcrumb"},"inLanguage":"fi","potentialAction":[{"@type":"ReadAction","target":["https:\/\/www.laomeister.com\/fi\/toode\/sildihoidja-riiulile-elb\/"]}]},{"@type":"ImageObject","inLanguage":"fi","@id":"https:\/\/www.laomeister.com\/fi\/toode\/sildihoidja-riiulile-elb\/#primaryimage","url":"https:\/\/www.laomeister.com\/wp-content\/uploads\/2018\/11\/Sildihoidja-riiulile-ELB.jpg","contentUrl":"https:\/\/www.laomeister.com\/wp-content\/uploads\/2018\/11\/Sildihoidja-riiulile-ELB.jpg","width":952,"height":952,"caption":"sildihoidja"},{"@type":"BreadcrumbList","@id":"https:\/\/www.laomeister.com\/fi\/toode\/sildihoidja-riiulile-elb\/#breadcrumb","itemListElement":[{"@type":"ListItem","position":1,"name":"Home","item":"https:\/\/www.laomeister.com\/fi\/"},{"@type":"ListItem","position":2,"name":"Tuotteet","item":"https:\/\/www.laomeister.com\/fi\/tuotteet\/"},{"@type":"ListItem","position":3,"name":"Tarranpidike hyllylle ELB"}]},{"@type":"WebSite","@id":"https:\/\/www.laomeister.com\/fi\/#website","url":"https:\/\/www.laomeister.com\/fi\/","name":"Balti Laomeister","description":"Laoriiulid - m&uuml;&uuml;k ja paigaldus","potentialAction":[{"@type":"SearchAction","target":{"@type":"EntryPoint","urlTemplate":"https:\/\/www.laomeister.com\/fi\/?s={search_term_string}"},"query-input":{"@type":"PropertyValueSpecification","valueRequired":true,"valueName":"search_term_string"}}],"inLanguage":"fi"}]}},"_links":{"self":[{"href":"https:\/\/www.laomeister.com\/fi\/wp-json\/wp\/v2\/product\/13896","targetHints":{"allow":["GET"]}}],"collection":[{"href":"https:\/\/www.laomeister.com\/fi\/wp-json\/wp\/v2\/product"}],"about":[{"href":"https:\/\/www.laomeister.com\/fi\/wp-json\/wp\/v2\/types\/product"}],"wp:featuredmedia":[{"embeddable":true,"href":"https:\/\/www.laomeister.com\/fi\/wp-json\/wp\/v2\/media\/4391"}],"wp:attachment":[{"href":"https:\/\/www.laomeister.com\/fi\/wp-json\/wp\/v2\/media?parent=13896"}],"wp:term":[{"taxonomy":"product_brand","embeddable":true,"href":"https:\/\/www.laomeister.com\/fi\/wp-json\/wp\/v2\/product_brand?post=13896"},{"taxonomy":"product_cat","embeddable":true,"href":"https:\/\/www.laomeister.com\/fi\/wp-json\/wp\/v2\/product_cat?post=13896"},{"taxonomy":"product_tag","embeddable":true,"href":"https:\/\/www.laomeister.com\/fi\/wp-json\/wp\/v2\/product_tag?post=13896"}],"curies":[{"name":"wp","href":"https:\/\/api.w.org\/{rel}","templated":true}]}}