{"id":13877,"date":"2018-11-28T10:39:47","date_gmt":"2018-11-28T07:39:47","guid":{"rendered":"https:\/\/www.laomeister.com\/product\/sildihoidja-aluse-raamile-kps\/"},"modified":"2024-07-03T09:17:53","modified_gmt":"2024-07-03T06:17:53","slug":"sildihoidja-aluse-raamile-kps","status":"publish","type":"product","link":"https:\/\/www.laomeister.com\/fi\/toode\/sildihoidja-aluse-raamile-kps\/","title":{"rendered":"Tunnisteen pidike pohjakehykseen KPS"},"content":{"rendered":"","protected":false},"excerpt":{"rendered":"<p>Tunnisteiden pidikkeet on valmistettu PVC-muovista, mik\u00e4 tekee niist\u00e4 eritt\u00e4in kest\u00e4vi\u00e4 ja helppok\u00e4ytt\u00f6isi\u00e4.<\/p>\n<p>KPS-etikettiteline on suljettu, mik\u00e4 tarkoittaa, ett\u00e4 etiketti on suojattu kosteudelta ja lialta. Tarrojen vaihtamisen helpottamiseksi pidikkeen takaosassa on erityinen ura, joka voidaan avata peukalolla.<\/p>\n<p>Mitat:<br \/>\n&#8211; 210&#215;155 mm;<br \/>\n&#8211; 300&#215;210 mm;<\/p>\n","protected":false},"featured_media":4421,"template":"","meta":[],"product_brand":[],"product_cat":[331],"product_tag":[],"class_list":{"0":"post-13877","1":"product","2":"type-product","3":"status-publish","4":"has-post-thumbnail","6":"product_cat-sildihoidjad-fi","8":"first","9":"instock","10":"taxable","11":"shipping-taxable","12":"product-type-simple"},"yoast_head":"<!-- This site is optimized with the Yoast SEO plugin v27.3 - https:\/\/yoast.com\/product\/yoast-seo-wordpress\/ -->\n<title>Tunnisteen pidike pohjakehykseen KPS - Balti Laomeister<\/title>\n<meta name=\"robots\" content=\"index, follow, max-snippet:-1, max-image-preview:large, max-video-preview:-1\" \/>\n<link rel=\"canonical\" href=\"https:\/\/www.laomeister.com\/fi\/toode\/sildihoidja-aluse-raamile-kps\/\" \/>\n<meta property=\"og:locale\" content=\"fi_FI\" \/>\n<meta property=\"og:type\" content=\"article\" \/>\n<meta property=\"og:title\" content=\"Tunnisteen pidike pohjakehykseen KPS - Balti Laomeister\" \/>\n<meta property=\"og:description\" content=\"Tunnisteiden pidikkeet on valmistettu PVC-muovista, mik\u00e4 tekee niist\u00e4 eritt\u00e4in kest\u00e4vi\u00e4 ja helppok\u00e4ytt\u00f6isi\u00e4. KPS-etikettiteline on suljettu, mik\u00e4 tarkoittaa, ett\u00e4 etiketti on suojattu kosteudelta ja lialta. Tarrojen vaihtamisen helpottamiseksi pidikkeen takaosassa on erityinen ura, joka voidaan avata peukalolla. Mitat: - 210x155 mm; - 300x210 mm;\" \/>\n<meta property=\"og:url\" content=\"https:\/\/www.laomeister.com\/fi\/toode\/sildihoidja-aluse-raamile-kps\/\" \/>\n<meta property=\"og:site_name\" content=\"Balti Laomeister\" \/>\n<meta property=\"article:modified_time\" content=\"2024-07-03T06:17:53+00:00\" \/>\n<meta property=\"og:image\" content=\"https:\/\/www.laomeister.com\/wp-content\/uploads\/2018\/11\/Sildihoidja-aluse-raamile-KPS.jpg\" \/>\n\t<meta property=\"og:image:width\" content=\"2346\" \/>\n\t<meta property=\"og:image:height\" content=\"2347\" \/>\n\t<meta property=\"og:image:type\" content=\"image\/jpeg\" \/>\n<meta name=\"twitter:card\" content=\"summary_large_image\" \/>\n<script type=\"application\/ld+json\" class=\"yoast-schema-graph\">{\"@context\":\"https:\\\/\\\/schema.org\",\"@graph\":[{\"@type\":\"WebPage\",\"@id\":\"https:\\\/\\\/www.laomeister.com\\\/fi\\\/toode\\\/sildihoidja-aluse-raamile-kps\\\/\",\"url\":\"https:\\\/\\\/www.laomeister.com\\\/fi\\\/toode\\\/sildihoidja-aluse-raamile-kps\\\/\",\"name\":\"Tunnisteen pidike pohjakehykseen KPS - Balti Laomeister\",\"isPartOf\":{\"@id\":\"https:\\\/\\\/www.laomeister.com\\\/fi\\\/#website\"},\"primaryImageOfPage\":{\"@id\":\"https:\\\/\\\/www.laomeister.com\\\/fi\\\/toode\\\/sildihoidja-aluse-raamile-kps\\\/#primaryimage\"},\"image\":{\"@id\":\"https:\\\/\\\/www.laomeister.com\\\/fi\\\/toode\\\/sildihoidja-aluse-raamile-kps\\\/#primaryimage\"},\"thumbnailUrl\":\"https:\\\/\\\/www.laomeister.com\\\/wp-content\\\/uploads\\\/2018\\\/11\\\/Sildihoidja-aluse-raamile-KPS.jpg\",\"datePublished\":\"2018-11-28T07:39:47+00:00\",\"dateModified\":\"2024-07-03T06:17:53+00:00\",\"breadcrumb\":{\"@id\":\"https:\\\/\\\/www.laomeister.com\\\/fi\\\/toode\\\/sildihoidja-aluse-raamile-kps\\\/#breadcrumb\"},\"inLanguage\":\"fi\",\"potentialAction\":[{\"@type\":\"ReadAction\",\"target\":[\"https:\\\/\\\/www.laomeister.com\\\/fi\\\/toode\\\/sildihoidja-aluse-raamile-kps\\\/\"]}]},{\"@type\":\"ImageObject\",\"inLanguage\":\"fi\",\"@id\":\"https:\\\/\\\/www.laomeister.com\\\/fi\\\/toode\\\/sildihoidja-aluse-raamile-kps\\\/#primaryimage\",\"url\":\"https:\\\/\\\/www.laomeister.com\\\/wp-content\\\/uploads\\\/2018\\\/11\\\/Sildihoidja-aluse-raamile-KPS.jpg\",\"contentUrl\":\"https:\\\/\\\/www.laomeister.com\\\/wp-content\\\/uploads\\\/2018\\\/11\\\/Sildihoidja-aluse-raamile-KPS.jpg\",\"width\":2346,\"height\":2347,\"caption\":\"sildihoidja\"},{\"@type\":\"BreadcrumbList\",\"@id\":\"https:\\\/\\\/www.laomeister.com\\\/fi\\\/toode\\\/sildihoidja-aluse-raamile-kps\\\/#breadcrumb\",\"itemListElement\":[{\"@type\":\"ListItem\",\"position\":1,\"name\":\"Home\",\"item\":\"https:\\\/\\\/www.laomeister.com\\\/fi\\\/\"},{\"@type\":\"ListItem\",\"position\":2,\"name\":\"Tuotteet\",\"item\":\"https:\\\/\\\/www.laomeister.com\\\/fi\\\/tuotteet\\\/\"},{\"@type\":\"ListItem\",\"position\":3,\"name\":\"Tunnisteen pidike pohjakehykseen KPS\"}]},{\"@type\":\"WebSite\",\"@id\":\"https:\\\/\\\/www.laomeister.com\\\/fi\\\/#website\",\"url\":\"https:\\\/\\\/www.laomeister.com\\\/fi\\\/\",\"name\":\"Balti Laomeister\",\"description\":\"Laoriiulid - m&uuml;&uuml;k ja paigaldus\",\"potentialAction\":[{\"@type\":\"SearchAction\",\"target\":{\"@type\":\"EntryPoint\",\"urlTemplate\":\"https:\\\/\\\/www.laomeister.com\\\/fi\\\/?s={search_term_string}\"},\"query-input\":{\"@type\":\"PropertyValueSpecification\",\"valueRequired\":true,\"valueName\":\"search_term_string\"}}],\"inLanguage\":\"fi\"}]}<\/script>\n<!-- \/ Yoast SEO plugin. -->","yoast_head_json":{"title":"Tunnisteen pidike pohjakehykseen KPS - Balti Laomeister","robots":{"index":"index","follow":"follow","max-snippet":"max-snippet:-1","max-image-preview":"max-image-preview:large","max-video-preview":"max-video-preview:-1"},"canonical":"https:\/\/www.laomeister.com\/fi\/toode\/sildihoidja-aluse-raamile-kps\/","og_locale":"fi_FI","og_type":"article","og_title":"Tunnisteen pidike pohjakehykseen KPS - Balti Laomeister","og_description":"Tunnisteiden pidikkeet on valmistettu PVC-muovista, mik\u00e4 tekee niist\u00e4 eritt\u00e4in kest\u00e4vi\u00e4 ja helppok\u00e4ytt\u00f6isi\u00e4. KPS-etikettiteline on suljettu, mik\u00e4 tarkoittaa, ett\u00e4 etiketti on suojattu kosteudelta ja lialta. Tarrojen vaihtamisen helpottamiseksi pidikkeen takaosassa on erityinen ura, joka voidaan avata peukalolla. Mitat: - 210x155 mm; - 300x210 mm;","og_url":"https:\/\/www.laomeister.com\/fi\/toode\/sildihoidja-aluse-raamile-kps\/","og_site_name":"Balti Laomeister","article_modified_time":"2024-07-03T06:17:53+00:00","og_image":[{"width":2346,"height":2347,"url":"https:\/\/www.laomeister.com\/wp-content\/uploads\/2018\/11\/Sildihoidja-aluse-raamile-KPS.jpg","type":"image\/jpeg"}],"twitter_card":"summary_large_image","schema":{"@context":"https:\/\/schema.org","@graph":[{"@type":"WebPage","@id":"https:\/\/www.laomeister.com\/fi\/toode\/sildihoidja-aluse-raamile-kps\/","url":"https:\/\/www.laomeister.com\/fi\/toode\/sildihoidja-aluse-raamile-kps\/","name":"Tunnisteen pidike pohjakehykseen KPS - Balti Laomeister","isPartOf":{"@id":"https:\/\/www.laomeister.com\/fi\/#website"},"primaryImageOfPage":{"@id":"https:\/\/www.laomeister.com\/fi\/toode\/sildihoidja-aluse-raamile-kps\/#primaryimage"},"image":{"@id":"https:\/\/www.laomeister.com\/fi\/toode\/sildihoidja-aluse-raamile-kps\/#primaryimage"},"thumbnailUrl":"https:\/\/www.laomeister.com\/wp-content\/uploads\/2018\/11\/Sildihoidja-aluse-raamile-KPS.jpg","datePublished":"2018-11-28T07:39:47+00:00","dateModified":"2024-07-03T06:17:53+00:00","breadcrumb":{"@id":"https:\/\/www.laomeister.com\/fi\/toode\/sildihoidja-aluse-raamile-kps\/#breadcrumb"},"inLanguage":"fi","potentialAction":[{"@type":"ReadAction","target":["https:\/\/www.laomeister.com\/fi\/toode\/sildihoidja-aluse-raamile-kps\/"]}]},{"@type":"ImageObject","inLanguage":"fi","@id":"https:\/\/www.laomeister.com\/fi\/toode\/sildihoidja-aluse-raamile-kps\/#primaryimage","url":"https:\/\/www.laomeister.com\/wp-content\/uploads\/2018\/11\/Sildihoidja-aluse-raamile-KPS.jpg","contentUrl":"https:\/\/www.laomeister.com\/wp-content\/uploads\/2018\/11\/Sildihoidja-aluse-raamile-KPS.jpg","width":2346,"height":2347,"caption":"sildihoidja"},{"@type":"BreadcrumbList","@id":"https:\/\/www.laomeister.com\/fi\/toode\/sildihoidja-aluse-raamile-kps\/#breadcrumb","itemListElement":[{"@type":"ListItem","position":1,"name":"Home","item":"https:\/\/www.laomeister.com\/fi\/"},{"@type":"ListItem","position":2,"name":"Tuotteet","item":"https:\/\/www.laomeister.com\/fi\/tuotteet\/"},{"@type":"ListItem","position":3,"name":"Tunnisteen pidike pohjakehykseen KPS"}]},{"@type":"WebSite","@id":"https:\/\/www.laomeister.com\/fi\/#website","url":"https:\/\/www.laomeister.com\/fi\/","name":"Balti Laomeister","description":"Laoriiulid - m&uuml;&uuml;k ja paigaldus","potentialAction":[{"@type":"SearchAction","target":{"@type":"EntryPoint","urlTemplate":"https:\/\/www.laomeister.com\/fi\/?s={search_term_string}"},"query-input":{"@type":"PropertyValueSpecification","valueRequired":true,"valueName":"search_term_string"}}],"inLanguage":"fi"}]}},"_links":{"self":[{"href":"https:\/\/www.laomeister.com\/fi\/wp-json\/wp\/v2\/product\/13877","targetHints":{"allow":["GET"]}}],"collection":[{"href":"https:\/\/www.laomeister.com\/fi\/wp-json\/wp\/v2\/product"}],"about":[{"href":"https:\/\/www.laomeister.com\/fi\/wp-json\/wp\/v2\/types\/product"}],"wp:featuredmedia":[{"embeddable":true,"href":"https:\/\/www.laomeister.com\/fi\/wp-json\/wp\/v2\/media\/4421"}],"wp:attachment":[{"href":"https:\/\/www.laomeister.com\/fi\/wp-json\/wp\/v2\/media?parent=13877"}],"wp:term":[{"taxonomy":"product_brand","embeddable":true,"href":"https:\/\/www.laomeister.com\/fi\/wp-json\/wp\/v2\/product_brand?post=13877"},{"taxonomy":"product_cat","embeddable":true,"href":"https:\/\/www.laomeister.com\/fi\/wp-json\/wp\/v2\/product_cat?post=13877"},{"taxonomy":"product_tag","embeddable":true,"href":"https:\/\/www.laomeister.com\/fi\/wp-json\/wp\/v2\/product_tag?post=13877"}],"curies":[{"name":"wp","href":"https:\/\/api.w.org\/{rel}","templated":true}]}}