{"id":13874,"date":"2018-11-28T10:39:51","date_gmt":"2018-11-28T07:39:51","guid":{"rendered":"https:\/\/www.laomeister.com\/product\/sildihoidja-aluse-raamile-kps-90\/"},"modified":"2024-07-03T09:17:56","modified_gmt":"2024-07-03T06:17:56","slug":"sildihoidja-aluse-raamile-kps-90","status":"publish","type":"product","link":"https:\/\/www.laomeister.com\/fi\/toode\/sildihoidja-aluse-raamile-kps-90\/","title":{"rendered":"Kyltinpidike pohjakehykseen KPS 90\u00b0"},"content":{"rendered":"","protected":false},"excerpt":{"rendered":"<p>Tunnisteiden pidikkeet on valmistettu PVC-muovista, mik\u00e4 tekee niist\u00e4 eritt\u00e4in kest\u00e4vi\u00e4 ja helppok\u00e4ytt\u00f6isi\u00e4.<\/p>\n<p>KPS-etikettiteline on suljettu, mik\u00e4 tarkoittaa, ett\u00e4 etiketti on suojattu kosteudelta ja lialta. Tarrojen vaihtamisen helpottamiseksi pidikkeen takaosassa on erityinen ura, joka voidaan avata peukalolla.<\/p>\n<p>90\u00b0 kulmassa oleva tunnisteen pidike sopii ihanteellisesti tavaroiden tai tukien v\u00e4liin asettamiseen.<\/p>\n<p>Mitat:<br \/>\n&#8211; 210&#215;160 mm;<br \/>\n&#8211; 300&#215;210 mm;<\/p>\n<p>Nurk:<br \/>\n&#8211; 90\u00b0;<\/p>\n","protected":false},"featured_media":4426,"template":"","meta":[],"product_brand":[],"product_cat":[331],"product_tag":[],"class_list":{"0":"post-13874","1":"product","2":"type-product","3":"status-publish","4":"has-post-thumbnail","6":"product_cat-sildihoidjad-fi","8":"first","9":"instock","10":"taxable","11":"shipping-taxable","12":"product-type-simple"},"yoast_head":"<!-- This site is optimized with the Yoast SEO plugin v27.3 - https:\/\/yoast.com\/product\/yoast-seo-wordpress\/ -->\n<title>Kyltinpidike pohjakehykseen KPS 90\u00b0 - Balti Laomeister<\/title>\n<meta name=\"robots\" content=\"index, follow, max-snippet:-1, max-image-preview:large, max-video-preview:-1\" \/>\n<link rel=\"canonical\" href=\"https:\/\/www.laomeister.com\/fi\/toode\/sildihoidja-aluse-raamile-kps-90\/\" \/>\n<meta property=\"og:locale\" content=\"fi_FI\" \/>\n<meta property=\"og:type\" content=\"article\" \/>\n<meta property=\"og:title\" content=\"Kyltinpidike pohjakehykseen KPS 90\u00b0 - Balti Laomeister\" \/>\n<meta property=\"og:description\" content=\"Tunnisteiden pidikkeet on valmistettu PVC-muovista, mik\u00e4 tekee niist\u00e4 eritt\u00e4in kest\u00e4vi\u00e4 ja helppok\u00e4ytt\u00f6isi\u00e4. KPS-etikettiteline on suljettu, mik\u00e4 tarkoittaa, ett\u00e4 etiketti on suojattu kosteudelta ja lialta. Tarrojen vaihtamisen helpottamiseksi pidikkeen takaosassa on erityinen ura, joka voidaan avata peukalolla. 90\u00b0 kulmassa oleva tunnisteen pidike sopii ihanteellisesti tavaroiden tai tukien v\u00e4liin asettamiseen. Mitat: - 210x160 mm; - 300x210 mm; Nurk: - 90\u00b0;\" \/>\n<meta property=\"og:url\" content=\"https:\/\/www.laomeister.com\/fi\/toode\/sildihoidja-aluse-raamile-kps-90\/\" \/>\n<meta property=\"og:site_name\" content=\"Balti Laomeister\" \/>\n<meta property=\"article:modified_time\" content=\"2024-07-03T06:17:56+00:00\" \/>\n<meta property=\"og:image\" content=\"https:\/\/www.laomeister.com\/wp-content\/uploads\/2018\/11\/sildihoidja-aluse-raamile-KPS-90\u00b0.jpg\" \/>\n\t<meta property=\"og:image:width\" content=\"2407\" \/>\n\t<meta property=\"og:image:height\" content=\"2408\" \/>\n\t<meta property=\"og:image:type\" content=\"image\/jpeg\" \/>\n<meta name=\"twitter:card\" content=\"summary_large_image\" \/>\n<script type=\"application\/ld+json\" class=\"yoast-schema-graph\">{\"@context\":\"https:\\\/\\\/schema.org\",\"@graph\":[{\"@type\":\"WebPage\",\"@id\":\"https:\\\/\\\/www.laomeister.com\\\/fi\\\/toode\\\/sildihoidja-aluse-raamile-kps-90\\\/\",\"url\":\"https:\\\/\\\/www.laomeister.com\\\/fi\\\/toode\\\/sildihoidja-aluse-raamile-kps-90\\\/\",\"name\":\"Kyltinpidike pohjakehykseen KPS 90\u00b0 - Balti Laomeister\",\"isPartOf\":{\"@id\":\"https:\\\/\\\/www.laomeister.com\\\/fi\\\/#website\"},\"primaryImageOfPage\":{\"@id\":\"https:\\\/\\\/www.laomeister.com\\\/fi\\\/toode\\\/sildihoidja-aluse-raamile-kps-90\\\/#primaryimage\"},\"image\":{\"@id\":\"https:\\\/\\\/www.laomeister.com\\\/fi\\\/toode\\\/sildihoidja-aluse-raamile-kps-90\\\/#primaryimage\"},\"thumbnailUrl\":\"https:\\\/\\\/www.laomeister.com\\\/wp-content\\\/uploads\\\/2018\\\/11\\\/sildihoidja-aluse-raamile-KPS-90\u00b0.jpg\",\"datePublished\":\"2018-11-28T07:39:51+00:00\",\"dateModified\":\"2024-07-03T06:17:56+00:00\",\"breadcrumb\":{\"@id\":\"https:\\\/\\\/www.laomeister.com\\\/fi\\\/toode\\\/sildihoidja-aluse-raamile-kps-90\\\/#breadcrumb\"},\"inLanguage\":\"fi\",\"potentialAction\":[{\"@type\":\"ReadAction\",\"target\":[\"https:\\\/\\\/www.laomeister.com\\\/fi\\\/toode\\\/sildihoidja-aluse-raamile-kps-90\\\/\"]}]},{\"@type\":\"ImageObject\",\"inLanguage\":\"fi\",\"@id\":\"https:\\\/\\\/www.laomeister.com\\\/fi\\\/toode\\\/sildihoidja-aluse-raamile-kps-90\\\/#primaryimage\",\"url\":\"https:\\\/\\\/www.laomeister.com\\\/wp-content\\\/uploads\\\/2018\\\/11\\\/sildihoidja-aluse-raamile-KPS-90\u00b0.jpg\",\"contentUrl\":\"https:\\\/\\\/www.laomeister.com\\\/wp-content\\\/uploads\\\/2018\\\/11\\\/sildihoidja-aluse-raamile-KPS-90\u00b0.jpg\",\"width\":2407,\"height\":2408,\"caption\":\"sildihoidja\"},{\"@type\":\"BreadcrumbList\",\"@id\":\"https:\\\/\\\/www.laomeister.com\\\/fi\\\/toode\\\/sildihoidja-aluse-raamile-kps-90\\\/#breadcrumb\",\"itemListElement\":[{\"@type\":\"ListItem\",\"position\":1,\"name\":\"Home\",\"item\":\"https:\\\/\\\/www.laomeister.com\\\/fi\\\/\"},{\"@type\":\"ListItem\",\"position\":2,\"name\":\"Tuotteet\",\"item\":\"https:\\\/\\\/www.laomeister.com\\\/fi\\\/tuotteet\\\/\"},{\"@type\":\"ListItem\",\"position\":3,\"name\":\"Kyltinpidike pohjakehykseen KPS 90\u00b0\"}]},{\"@type\":\"WebSite\",\"@id\":\"https:\\\/\\\/www.laomeister.com\\\/fi\\\/#website\",\"url\":\"https:\\\/\\\/www.laomeister.com\\\/fi\\\/\",\"name\":\"Balti Laomeister\",\"description\":\"Laoriiulid - m&uuml;&uuml;k ja paigaldus\",\"potentialAction\":[{\"@type\":\"SearchAction\",\"target\":{\"@type\":\"EntryPoint\",\"urlTemplate\":\"https:\\\/\\\/www.laomeister.com\\\/fi\\\/?s={search_term_string}\"},\"query-input\":{\"@type\":\"PropertyValueSpecification\",\"valueRequired\":true,\"valueName\":\"search_term_string\"}}],\"inLanguage\":\"fi\"}]}<\/script>\n<!-- \/ Yoast SEO plugin. -->","yoast_head_json":{"title":"Kyltinpidike pohjakehykseen KPS 90\u00b0 - Balti Laomeister","robots":{"index":"index","follow":"follow","max-snippet":"max-snippet:-1","max-image-preview":"max-image-preview:large","max-video-preview":"max-video-preview:-1"},"canonical":"https:\/\/www.laomeister.com\/fi\/toode\/sildihoidja-aluse-raamile-kps-90\/","og_locale":"fi_FI","og_type":"article","og_title":"Kyltinpidike pohjakehykseen KPS 90\u00b0 - Balti Laomeister","og_description":"Tunnisteiden pidikkeet on valmistettu PVC-muovista, mik\u00e4 tekee niist\u00e4 eritt\u00e4in kest\u00e4vi\u00e4 ja helppok\u00e4ytt\u00f6isi\u00e4. KPS-etikettiteline on suljettu, mik\u00e4 tarkoittaa, ett\u00e4 etiketti on suojattu kosteudelta ja lialta. Tarrojen vaihtamisen helpottamiseksi pidikkeen takaosassa on erityinen ura, joka voidaan avata peukalolla. 90\u00b0 kulmassa oleva tunnisteen pidike sopii ihanteellisesti tavaroiden tai tukien v\u00e4liin asettamiseen. Mitat: - 210x160 mm; - 300x210 mm; Nurk: - 90\u00b0;","og_url":"https:\/\/www.laomeister.com\/fi\/toode\/sildihoidja-aluse-raamile-kps-90\/","og_site_name":"Balti Laomeister","article_modified_time":"2024-07-03T06:17:56+00:00","og_image":[{"width":2407,"height":2408,"url":"https:\/\/www.laomeister.com\/wp-content\/uploads\/2018\/11\/sildihoidja-aluse-raamile-KPS-90\u00b0.jpg","type":"image\/jpeg"}],"twitter_card":"summary_large_image","schema":{"@context":"https:\/\/schema.org","@graph":[{"@type":"WebPage","@id":"https:\/\/www.laomeister.com\/fi\/toode\/sildihoidja-aluse-raamile-kps-90\/","url":"https:\/\/www.laomeister.com\/fi\/toode\/sildihoidja-aluse-raamile-kps-90\/","name":"Kyltinpidike pohjakehykseen KPS 90\u00b0 - Balti Laomeister","isPartOf":{"@id":"https:\/\/www.laomeister.com\/fi\/#website"},"primaryImageOfPage":{"@id":"https:\/\/www.laomeister.com\/fi\/toode\/sildihoidja-aluse-raamile-kps-90\/#primaryimage"},"image":{"@id":"https:\/\/www.laomeister.com\/fi\/toode\/sildihoidja-aluse-raamile-kps-90\/#primaryimage"},"thumbnailUrl":"https:\/\/www.laomeister.com\/wp-content\/uploads\/2018\/11\/sildihoidja-aluse-raamile-KPS-90\u00b0.jpg","datePublished":"2018-11-28T07:39:51+00:00","dateModified":"2024-07-03T06:17:56+00:00","breadcrumb":{"@id":"https:\/\/www.laomeister.com\/fi\/toode\/sildihoidja-aluse-raamile-kps-90\/#breadcrumb"},"inLanguage":"fi","potentialAction":[{"@type":"ReadAction","target":["https:\/\/www.laomeister.com\/fi\/toode\/sildihoidja-aluse-raamile-kps-90\/"]}]},{"@type":"ImageObject","inLanguage":"fi","@id":"https:\/\/www.laomeister.com\/fi\/toode\/sildihoidja-aluse-raamile-kps-90\/#primaryimage","url":"https:\/\/www.laomeister.com\/wp-content\/uploads\/2018\/11\/sildihoidja-aluse-raamile-KPS-90\u00b0.jpg","contentUrl":"https:\/\/www.laomeister.com\/wp-content\/uploads\/2018\/11\/sildihoidja-aluse-raamile-KPS-90\u00b0.jpg","width":2407,"height":2408,"caption":"sildihoidja"},{"@type":"BreadcrumbList","@id":"https:\/\/www.laomeister.com\/fi\/toode\/sildihoidja-aluse-raamile-kps-90\/#breadcrumb","itemListElement":[{"@type":"ListItem","position":1,"name":"Home","item":"https:\/\/www.laomeister.com\/fi\/"},{"@type":"ListItem","position":2,"name":"Tuotteet","item":"https:\/\/www.laomeister.com\/fi\/tuotteet\/"},{"@type":"ListItem","position":3,"name":"Kyltinpidike pohjakehykseen KPS 90\u00b0"}]},{"@type":"WebSite","@id":"https:\/\/www.laomeister.com\/fi\/#website","url":"https:\/\/www.laomeister.com\/fi\/","name":"Balti Laomeister","description":"Laoriiulid - m&uuml;&uuml;k ja paigaldus","potentialAction":[{"@type":"SearchAction","target":{"@type":"EntryPoint","urlTemplate":"https:\/\/www.laomeister.com\/fi\/?s={search_term_string}"},"query-input":{"@type":"PropertyValueSpecification","valueRequired":true,"valueName":"search_term_string"}}],"inLanguage":"fi"}]}},"_links":{"self":[{"href":"https:\/\/www.laomeister.com\/fi\/wp-json\/wp\/v2\/product\/13874","targetHints":{"allow":["GET"]}}],"collection":[{"href":"https:\/\/www.laomeister.com\/fi\/wp-json\/wp\/v2\/product"}],"about":[{"href":"https:\/\/www.laomeister.com\/fi\/wp-json\/wp\/v2\/types\/product"}],"wp:featuredmedia":[{"embeddable":true,"href":"https:\/\/www.laomeister.com\/fi\/wp-json\/wp\/v2\/media\/4426"}],"wp:attachment":[{"href":"https:\/\/www.laomeister.com\/fi\/wp-json\/wp\/v2\/media?parent=13874"}],"wp:term":[{"taxonomy":"product_brand","embeddable":true,"href":"https:\/\/www.laomeister.com\/fi\/wp-json\/wp\/v2\/product_brand?post=13874"},{"taxonomy":"product_cat","embeddable":true,"href":"https:\/\/www.laomeister.com\/fi\/wp-json\/wp\/v2\/product_cat?post=13874"},{"taxonomy":"product_tag","embeddable":true,"href":"https:\/\/www.laomeister.com\/fi\/wp-json\/wp\/v2\/product_tag?post=13874"}],"curies":[{"name":"wp","href":"https:\/\/api.w.org\/{rel}","templated":true}]}}