{"id":13847,"date":"2018-11-28T11:16:30","date_gmt":"2018-11-28T08:16:30","guid":{"rendered":"https:\/\/www.laomeister.com\/product\/informatsiooni-hoidja-iam-varvilise-raamiga\/"},"modified":"2024-07-03T09:18:19","modified_gmt":"2024-07-03T06:18:19","slug":"informatsiooni-hoidja-iam-varvilise-raamiga","status":"publish","type":"product","link":"https:\/\/www.laomeister.com\/fi\/toode\/informatsiooni-hoidja-iam-varvilise-raamiga\/","title":{"rendered":"IAM-tietokotelo, jossa on v\u00e4rillinen kehys"},"content":{"rendered":"","protected":false},"excerpt":{"rendered":"<p>Perinteinen tiedonhaltija. V\u00e4rikehystetty tietopidike on hyv\u00e4 ratkaisu, jolla varmistetaan, ett\u00e4 tieto tavoittaa oikean henkil\u00f6n.<\/p>\n<p>Kiinnitysmenetelm\u00e4: magneetti.<\/p>\n<p>Mitat:<br \/>\n&#8211; 210&#215;300 mm;<br \/>\n&#8211; 300&#215;210 mm;<br \/>\n&#8211; 300&#215;420 mm;<br \/>\n&#8211; 420&#215;300 mm;<\/p>\n<p>V\u00e4rit:<br \/>\n&#8211; keltainen;<br \/>\n&#8211; punainen;<br \/>\n&#8211; valkoinen;<br \/>\n&#8211; t\u00e4ytyy;<br \/>\n&#8211; vihre\u00e4;<br \/>\n&#8211; sininen;<\/p>\n","protected":false},"featured_media":4515,"template":"","meta":[],"product_brand":[],"product_cat":[331],"product_tag":[],"class_list":{"0":"post-13847","1":"product","2":"type-product","3":"status-publish","4":"has-post-thumbnail","6":"product_cat-sildihoidjad-fi","8":"first","9":"instock","10":"taxable","11":"shipping-taxable","12":"product-type-simple"},"yoast_head":"<!-- This site is optimized with the Yoast SEO plugin v27.3 - https:\/\/yoast.com\/product\/yoast-seo-wordpress\/ -->\n<title>IAM-tietokotelo, jossa on v\u00e4rillinen kehys - Balti Laomeister<\/title>\n<meta name=\"robots\" content=\"index, follow, max-snippet:-1, max-image-preview:large, max-video-preview:-1\" \/>\n<link rel=\"canonical\" href=\"https:\/\/www.laomeister.com\/fi\/toode\/informatsiooni-hoidja-iam-varvilise-raamiga\/\" \/>\n<meta property=\"og:locale\" content=\"fi_FI\" \/>\n<meta property=\"og:type\" content=\"article\" \/>\n<meta property=\"og:title\" content=\"IAM-tietokotelo, jossa on v\u00e4rillinen kehys - Balti Laomeister\" \/>\n<meta property=\"og:description\" content=\"Perinteinen tiedonhaltija. V\u00e4rikehystetty tietopidike on hyv\u00e4 ratkaisu, jolla varmistetaan, ett\u00e4 tieto tavoittaa oikean henkil\u00f6n. Kiinnitysmenetelm\u00e4: magneetti. Mitat: - 210x300 mm; - 300x210 mm; - 300x420 mm; - 420x300 mm; V\u00e4rit: - keltainen; - punainen; - valkoinen; - t\u00e4ytyy; - vihre\u00e4; - sininen;\" \/>\n<meta property=\"og:url\" content=\"https:\/\/www.laomeister.com\/fi\/toode\/informatsiooni-hoidja-iam-varvilise-raamiga\/\" \/>\n<meta property=\"og:site_name\" content=\"Balti Laomeister\" \/>\n<meta property=\"article:modified_time\" content=\"2024-07-03T06:18:19+00:00\" \/>\n<meta property=\"og:image\" content=\"https:\/\/www.laomeister.com\/wp-content\/uploads\/2018\/11\/informatsiooni-hoidja-IAM-punane-scaled.jpg\" \/>\n\t<meta property=\"og:image:width\" content=\"2560\" \/>\n\t<meta property=\"og:image:height\" content=\"2560\" \/>\n\t<meta property=\"og:image:type\" content=\"image\/jpeg\" \/>\n<meta name=\"twitter:card\" content=\"summary_large_image\" \/>\n<script type=\"application\/ld+json\" class=\"yoast-schema-graph\">{\"@context\":\"https:\\\/\\\/schema.org\",\"@graph\":[{\"@type\":\"WebPage\",\"@id\":\"https:\\\/\\\/www.laomeister.com\\\/fi\\\/toode\\\/informatsiooni-hoidja-iam-varvilise-raamiga\\\/\",\"url\":\"https:\\\/\\\/www.laomeister.com\\\/fi\\\/toode\\\/informatsiooni-hoidja-iam-varvilise-raamiga\\\/\",\"name\":\"IAM-tietokotelo, jossa on v\u00e4rillinen kehys - Balti Laomeister\",\"isPartOf\":{\"@id\":\"https:\\\/\\\/www.laomeister.com\\\/fi\\\/#website\"},\"primaryImageOfPage\":{\"@id\":\"https:\\\/\\\/www.laomeister.com\\\/fi\\\/toode\\\/informatsiooni-hoidja-iam-varvilise-raamiga\\\/#primaryimage\"},\"image\":{\"@id\":\"https:\\\/\\\/www.laomeister.com\\\/fi\\\/toode\\\/informatsiooni-hoidja-iam-varvilise-raamiga\\\/#primaryimage\"},\"thumbnailUrl\":\"https:\\\/\\\/www.laomeister.com\\\/wp-content\\\/uploads\\\/2018\\\/11\\\/informatsiooni-hoidja-IAM-punane-scaled.jpg\",\"datePublished\":\"2018-11-28T08:16:30+00:00\",\"dateModified\":\"2024-07-03T06:18:19+00:00\",\"breadcrumb\":{\"@id\":\"https:\\\/\\\/www.laomeister.com\\\/fi\\\/toode\\\/informatsiooni-hoidja-iam-varvilise-raamiga\\\/#breadcrumb\"},\"inLanguage\":\"fi\",\"potentialAction\":[{\"@type\":\"ReadAction\",\"target\":[\"https:\\\/\\\/www.laomeister.com\\\/fi\\\/toode\\\/informatsiooni-hoidja-iam-varvilise-raamiga\\\/\"]}]},{\"@type\":\"ImageObject\",\"inLanguage\":\"fi\",\"@id\":\"https:\\\/\\\/www.laomeister.com\\\/fi\\\/toode\\\/informatsiooni-hoidja-iam-varvilise-raamiga\\\/#primaryimage\",\"url\":\"https:\\\/\\\/www.laomeister.com\\\/wp-content\\\/uploads\\\/2018\\\/11\\\/informatsiooni-hoidja-IAM-punane-scaled.jpg\",\"contentUrl\":\"https:\\\/\\\/www.laomeister.com\\\/wp-content\\\/uploads\\\/2018\\\/11\\\/informatsiooni-hoidja-IAM-punane-scaled.jpg\",\"width\":2560,\"height\":2560,\"caption\":\"informatsiooni hoidja\"},{\"@type\":\"BreadcrumbList\",\"@id\":\"https:\\\/\\\/www.laomeister.com\\\/fi\\\/toode\\\/informatsiooni-hoidja-iam-varvilise-raamiga\\\/#breadcrumb\",\"itemListElement\":[{\"@type\":\"ListItem\",\"position\":1,\"name\":\"Home\",\"item\":\"https:\\\/\\\/www.laomeister.com\\\/fi\\\/\"},{\"@type\":\"ListItem\",\"position\":2,\"name\":\"Tuotteet\",\"item\":\"https:\\\/\\\/www.laomeister.com\\\/fi\\\/tuotteet\\\/\"},{\"@type\":\"ListItem\",\"position\":3,\"name\":\"IAM-tietokotelo, jossa on v\u00e4rillinen kehys\"}]},{\"@type\":\"WebSite\",\"@id\":\"https:\\\/\\\/www.laomeister.com\\\/fi\\\/#website\",\"url\":\"https:\\\/\\\/www.laomeister.com\\\/fi\\\/\",\"name\":\"Balti Laomeister\",\"description\":\"Laoriiulid - m&uuml;&uuml;k ja paigaldus\",\"potentialAction\":[{\"@type\":\"SearchAction\",\"target\":{\"@type\":\"EntryPoint\",\"urlTemplate\":\"https:\\\/\\\/www.laomeister.com\\\/fi\\\/?s={search_term_string}\"},\"query-input\":{\"@type\":\"PropertyValueSpecification\",\"valueRequired\":true,\"valueName\":\"search_term_string\"}}],\"inLanguage\":\"fi\"}]}<\/script>\n<!-- \/ Yoast SEO plugin. -->","yoast_head_json":{"title":"IAM-tietokotelo, jossa on v\u00e4rillinen kehys - Balti Laomeister","robots":{"index":"index","follow":"follow","max-snippet":"max-snippet:-1","max-image-preview":"max-image-preview:large","max-video-preview":"max-video-preview:-1"},"canonical":"https:\/\/www.laomeister.com\/fi\/toode\/informatsiooni-hoidja-iam-varvilise-raamiga\/","og_locale":"fi_FI","og_type":"article","og_title":"IAM-tietokotelo, jossa on v\u00e4rillinen kehys - Balti Laomeister","og_description":"Perinteinen tiedonhaltija. V\u00e4rikehystetty tietopidike on hyv\u00e4 ratkaisu, jolla varmistetaan, ett\u00e4 tieto tavoittaa oikean henkil\u00f6n. Kiinnitysmenetelm\u00e4: magneetti. Mitat: - 210x300 mm; - 300x210 mm; - 300x420 mm; - 420x300 mm; V\u00e4rit: - keltainen; - punainen; - valkoinen; - t\u00e4ytyy; - vihre\u00e4; - sininen;","og_url":"https:\/\/www.laomeister.com\/fi\/toode\/informatsiooni-hoidja-iam-varvilise-raamiga\/","og_site_name":"Balti Laomeister","article_modified_time":"2024-07-03T06:18:19+00:00","og_image":[{"width":2560,"height":2560,"url":"https:\/\/www.laomeister.com\/wp-content\/uploads\/2018\/11\/informatsiooni-hoidja-IAM-punane-scaled.jpg","type":"image\/jpeg"}],"twitter_card":"summary_large_image","schema":{"@context":"https:\/\/schema.org","@graph":[{"@type":"WebPage","@id":"https:\/\/www.laomeister.com\/fi\/toode\/informatsiooni-hoidja-iam-varvilise-raamiga\/","url":"https:\/\/www.laomeister.com\/fi\/toode\/informatsiooni-hoidja-iam-varvilise-raamiga\/","name":"IAM-tietokotelo, jossa on v\u00e4rillinen kehys - Balti Laomeister","isPartOf":{"@id":"https:\/\/www.laomeister.com\/fi\/#website"},"primaryImageOfPage":{"@id":"https:\/\/www.laomeister.com\/fi\/toode\/informatsiooni-hoidja-iam-varvilise-raamiga\/#primaryimage"},"image":{"@id":"https:\/\/www.laomeister.com\/fi\/toode\/informatsiooni-hoidja-iam-varvilise-raamiga\/#primaryimage"},"thumbnailUrl":"https:\/\/www.laomeister.com\/wp-content\/uploads\/2018\/11\/informatsiooni-hoidja-IAM-punane-scaled.jpg","datePublished":"2018-11-28T08:16:30+00:00","dateModified":"2024-07-03T06:18:19+00:00","breadcrumb":{"@id":"https:\/\/www.laomeister.com\/fi\/toode\/informatsiooni-hoidja-iam-varvilise-raamiga\/#breadcrumb"},"inLanguage":"fi","potentialAction":[{"@type":"ReadAction","target":["https:\/\/www.laomeister.com\/fi\/toode\/informatsiooni-hoidja-iam-varvilise-raamiga\/"]}]},{"@type":"ImageObject","inLanguage":"fi","@id":"https:\/\/www.laomeister.com\/fi\/toode\/informatsiooni-hoidja-iam-varvilise-raamiga\/#primaryimage","url":"https:\/\/www.laomeister.com\/wp-content\/uploads\/2018\/11\/informatsiooni-hoidja-IAM-punane-scaled.jpg","contentUrl":"https:\/\/www.laomeister.com\/wp-content\/uploads\/2018\/11\/informatsiooni-hoidja-IAM-punane-scaled.jpg","width":2560,"height":2560,"caption":"informatsiooni hoidja"},{"@type":"BreadcrumbList","@id":"https:\/\/www.laomeister.com\/fi\/toode\/informatsiooni-hoidja-iam-varvilise-raamiga\/#breadcrumb","itemListElement":[{"@type":"ListItem","position":1,"name":"Home","item":"https:\/\/www.laomeister.com\/fi\/"},{"@type":"ListItem","position":2,"name":"Tuotteet","item":"https:\/\/www.laomeister.com\/fi\/tuotteet\/"},{"@type":"ListItem","position":3,"name":"IAM-tietokotelo, jossa on v\u00e4rillinen kehys"}]},{"@type":"WebSite","@id":"https:\/\/www.laomeister.com\/fi\/#website","url":"https:\/\/www.laomeister.com\/fi\/","name":"Balti Laomeister","description":"Laoriiulid - m&uuml;&uuml;k ja paigaldus","potentialAction":[{"@type":"SearchAction","target":{"@type":"EntryPoint","urlTemplate":"https:\/\/www.laomeister.com\/fi\/?s={search_term_string}"},"query-input":{"@type":"PropertyValueSpecification","valueRequired":true,"valueName":"search_term_string"}}],"inLanguage":"fi"}]}},"_links":{"self":[{"href":"https:\/\/www.laomeister.com\/fi\/wp-json\/wp\/v2\/product\/13847","targetHints":{"allow":["GET"]}}],"collection":[{"href":"https:\/\/www.laomeister.com\/fi\/wp-json\/wp\/v2\/product"}],"about":[{"href":"https:\/\/www.laomeister.com\/fi\/wp-json\/wp\/v2\/types\/product"}],"wp:featuredmedia":[{"embeddable":true,"href":"https:\/\/www.laomeister.com\/fi\/wp-json\/wp\/v2\/media\/4515"}],"wp:attachment":[{"href":"https:\/\/www.laomeister.com\/fi\/wp-json\/wp\/v2\/media?parent=13847"}],"wp:term":[{"taxonomy":"product_brand","embeddable":true,"href":"https:\/\/www.laomeister.com\/fi\/wp-json\/wp\/v2\/product_brand?post=13847"},{"taxonomy":"product_cat","embeddable":true,"href":"https:\/\/www.laomeister.com\/fi\/wp-json\/wp\/v2\/product_cat?post=13847"},{"taxonomy":"product_tag","embeddable":true,"href":"https:\/\/www.laomeister.com\/fi\/wp-json\/wp\/v2\/product_tag?post=13847"}],"curies":[{"name":"wp","href":"https:\/\/api.w.org\/{rel}","templated":true}]}}