{"id":13734,"date":"2018-12-07T10:45:13","date_gmt":"2018-12-07T07:45:13","guid":{"rendered":"https:\/\/www.laomeister.com\/product\/kahvelkaru-1150x540-mm-2500kg\/"},"modified":"2024-07-03T09:28:50","modified_gmt":"2024-07-03T06:28:50","slug":"kahvelkaru-1150x540-mm-2500kg","status":"publish","type":"product","link":"https:\/\/www.laomeister.com\/fi\/toode\/kahvelkaru-1150x540-mm-2500kg\/","title":{"rendered":"Haarukkatrukki, 1150&#215;540 mm, 2500kg, I41633"},"content":{"rendered":"","protected":false},"excerpt":{"rendered":"<p><strong>Lis\u00e4tietoja:<br \/>\n<\/strong><\/p>\n<div class=\"description\">\n<ul>\n<li>Tukeva ja hiljainen rullaava trukki edulliseen hintaan!<\/li>\n<li>Suurin nostokapasiteetti kg: 2500<\/li>\n<li>Kumipy\u00f6r\u00e4inen trukki rullaa hiljaa eik\u00e4 vahingoita lattiaa. Soveltuu k\u00e4ytett\u00e4v\u00e4ksi myym\u00e4l\u00f6iss\u00e4 ja ep\u00e4tasaisilla pinnoilla.<\/li>\n<li>Suurin nostokorkeus mm: 200<\/li>\n<li>Nostokorkeuteni: 80<\/li>\n<li>Haarukan pituus mm: 1150<\/li>\n<li>Haarukan leveys mm: 540<\/li>\n<li>Kumip\u00e4\u00e4llysteinen kahva takaa turvallisemman ja mukavamman otteen. Parempi k\u00e4ytt\u00e4\u00e4 my\u00f6s kylm\u00e4varastossa.<\/li>\n<li>Ohjauspy\u00f6r\u00e4t 180&#215;50: kumi<\/li>\n<li>K\u00e4sipy\u00f6r\u00e4t: polyuretaani \/ Tandem. Haarukoissa olevat tuplarattaat takaavat paremman vakauden.<\/li>\n<li>Nettopaino kg: 62<\/li>\n<\/ul>\n<p>&nbsp;<\/p>\n<\/div>\n","protected":false},"featured_media":4879,"template":"","meta":[],"product_brand":[],"product_cat":[254],"product_tag":[],"class_list":{"0":"post-13734","1":"product","2":"type-product","3":"status-publish","4":"has-post-thumbnail","6":"product_cat-kahvelkarud-fi","8":"first","9":"instock","10":"taxable","11":"shipping-taxable","12":"purchasable","13":"product-type-simple"},"yoast_head":"<!-- This site is optimized with the Yoast SEO plugin v27.3 - https:\/\/yoast.com\/product\/yoast-seo-wordpress\/ -->\n<title>Haarukkatrukki, 1150x540 mm, 2500kg, I41633 - Balti Laomeister<\/title>\n<meta name=\"description\" content=\"Trukki on ensimm\u00e4inen apuv\u00e4line kuormalavojen siirt\u00e4miseen. Trukilla siirr\u00e4t tavaroita ja materiaaleja ahtaissa tiloissa ja lyhyill\u00e4 matkoilla.\" \/>\n<meta name=\"robots\" content=\"index, follow, max-snippet:-1, max-image-preview:large, max-video-preview:-1\" \/>\n<link rel=\"canonical\" href=\"https:\/\/www.laomeister.com\/fi\/toode\/kahvelkaru-1150x540-mm-2500kg\/\" \/>\n<meta property=\"og:locale\" content=\"fi_FI\" \/>\n<meta property=\"og:type\" content=\"article\" \/>\n<meta property=\"og:title\" content=\"Haarukkatrukki, 1150x540 mm, 2500kg, I41633 - Balti Laomeister\" \/>\n<meta property=\"og:description\" content=\"Trukki on ensimm\u00e4inen apuv\u00e4line kuormalavojen siirt\u00e4miseen. Trukilla siirr\u00e4t tavaroita ja materiaaleja ahtaissa tiloissa ja lyhyill\u00e4 matkoilla.\" \/>\n<meta property=\"og:url\" content=\"https:\/\/www.laomeister.com\/fi\/toode\/kahvelkaru-1150x540-mm-2500kg\/\" \/>\n<meta property=\"og:site_name\" content=\"Balti Laomeister\" \/>\n<meta property=\"article:modified_time\" content=\"2024-07-03T06:28:50+00:00\" \/>\n<meta property=\"og:image\" content=\"https:\/\/www.laomeister.com\/wp-content\/uploads\/2018\/12\/Balti-Laomeister-OU\u0308-Kahvelka\u0308ru-1150x540-mm-2500kg.jpg\" \/>\n\t<meta property=\"og:image:width\" content=\"533\" \/>\n\t<meta property=\"og:image:height\" content=\"533\" \/>\n\t<meta property=\"og:image:type\" content=\"image\/jpeg\" \/>\n<meta name=\"twitter:card\" content=\"summary_large_image\" \/>\n<script type=\"application\/ld+json\" class=\"yoast-schema-graph\">{\"@context\":\"https:\\\/\\\/schema.org\",\"@graph\":[{\"@type\":\"WebPage\",\"@id\":\"https:\\\/\\\/www.laomeister.com\\\/fi\\\/toode\\\/kahvelkaru-1150x540-mm-2500kg\\\/\",\"url\":\"https:\\\/\\\/www.laomeister.com\\\/fi\\\/toode\\\/kahvelkaru-1150x540-mm-2500kg\\\/\",\"name\":\"Haarukkatrukki, 1150x540 mm, 2500kg, I41633 - Balti Laomeister\",\"isPartOf\":{\"@id\":\"https:\\\/\\\/www.laomeister.com\\\/fi\\\/#website\"},\"primaryImageOfPage\":{\"@id\":\"https:\\\/\\\/www.laomeister.com\\\/fi\\\/toode\\\/kahvelkaru-1150x540-mm-2500kg\\\/#primaryimage\"},\"image\":{\"@id\":\"https:\\\/\\\/www.laomeister.com\\\/fi\\\/toode\\\/kahvelkaru-1150x540-mm-2500kg\\\/#primaryimage\"},\"thumbnailUrl\":\"https:\\\/\\\/www.laomeister.com\\\/wp-content\\\/uploads\\\/2018\\\/12\\\/Balti-Laomeister-OU\u0308-Kahvelka\u0308ru-1150x540-mm-2500kg.jpg\",\"datePublished\":\"2018-12-07T07:45:13+00:00\",\"dateModified\":\"2024-07-03T06:28:50+00:00\",\"description\":\"Trukki on ensimm\u00e4inen apuv\u00e4line kuormalavojen siirt\u00e4miseen. Trukilla siirr\u00e4t tavaroita ja materiaaleja ahtaissa tiloissa ja lyhyill\u00e4 matkoilla.\",\"breadcrumb\":{\"@id\":\"https:\\\/\\\/www.laomeister.com\\\/fi\\\/toode\\\/kahvelkaru-1150x540-mm-2500kg\\\/#breadcrumb\"},\"inLanguage\":\"fi\",\"potentialAction\":[{\"@type\":\"ReadAction\",\"target\":[\"https:\\\/\\\/www.laomeister.com\\\/fi\\\/toode\\\/kahvelkaru-1150x540-mm-2500kg\\\/\"]}]},{\"@type\":\"ImageObject\",\"inLanguage\":\"fi\",\"@id\":\"https:\\\/\\\/www.laomeister.com\\\/fi\\\/toode\\\/kahvelkaru-1150x540-mm-2500kg\\\/#primaryimage\",\"url\":\"https:\\\/\\\/www.laomeister.com\\\/wp-content\\\/uploads\\\/2018\\\/12\\\/Balti-Laomeister-OU\u0308-Kahvelka\u0308ru-1150x540-mm-2500kg.jpg\",\"contentUrl\":\"https:\\\/\\\/www.laomeister.com\\\/wp-content\\\/uploads\\\/2018\\\/12\\\/Balti-Laomeister-OU\u0308-Kahvelka\u0308ru-1150x540-mm-2500kg.jpg\",\"width\":533,\"height\":533,\"caption\":\"Kahvelka\u0308ru\"},{\"@type\":\"BreadcrumbList\",\"@id\":\"https:\\\/\\\/www.laomeister.com\\\/fi\\\/toode\\\/kahvelkaru-1150x540-mm-2500kg\\\/#breadcrumb\",\"itemListElement\":[{\"@type\":\"ListItem\",\"position\":1,\"name\":\"Home\",\"item\":\"https:\\\/\\\/www.laomeister.com\\\/fi\\\/\"},{\"@type\":\"ListItem\",\"position\":2,\"name\":\"Tuotteet\",\"item\":\"https:\\\/\\\/www.laomeister.com\\\/fi\\\/tuotteet\\\/\"},{\"@type\":\"ListItem\",\"position\":3,\"name\":\"Haarukkatrukki, 1150&#215;540 mm, 2500kg, I41633\"}]},{\"@type\":\"WebSite\",\"@id\":\"https:\\\/\\\/www.laomeister.com\\\/fi\\\/#website\",\"url\":\"https:\\\/\\\/www.laomeister.com\\\/fi\\\/\",\"name\":\"Balti Laomeister\",\"description\":\"Laoriiulid - m&uuml;&uuml;k ja paigaldus\",\"potentialAction\":[{\"@type\":\"SearchAction\",\"target\":{\"@type\":\"EntryPoint\",\"urlTemplate\":\"https:\\\/\\\/www.laomeister.com\\\/fi\\\/?s={search_term_string}\"},\"query-input\":{\"@type\":\"PropertyValueSpecification\",\"valueRequired\":true,\"valueName\":\"search_term_string\"}}],\"inLanguage\":\"fi\"}]}<\/script>\n<!-- \/ Yoast SEO plugin. -->","yoast_head_json":{"title":"Haarukkatrukki, 1150x540 mm, 2500kg, I41633 - Balti Laomeister","description":"Trukki on ensimm\u00e4inen apuv\u00e4line kuormalavojen siirt\u00e4miseen. Trukilla siirr\u00e4t tavaroita ja materiaaleja ahtaissa tiloissa ja lyhyill\u00e4 matkoilla.","robots":{"index":"index","follow":"follow","max-snippet":"max-snippet:-1","max-image-preview":"max-image-preview:large","max-video-preview":"max-video-preview:-1"},"canonical":"https:\/\/www.laomeister.com\/fi\/toode\/kahvelkaru-1150x540-mm-2500kg\/","og_locale":"fi_FI","og_type":"article","og_title":"Haarukkatrukki, 1150x540 mm, 2500kg, I41633 - Balti Laomeister","og_description":"Trukki on ensimm\u00e4inen apuv\u00e4line kuormalavojen siirt\u00e4miseen. Trukilla siirr\u00e4t tavaroita ja materiaaleja ahtaissa tiloissa ja lyhyill\u00e4 matkoilla.","og_url":"https:\/\/www.laomeister.com\/fi\/toode\/kahvelkaru-1150x540-mm-2500kg\/","og_site_name":"Balti Laomeister","article_modified_time":"2024-07-03T06:28:50+00:00","og_image":[{"width":533,"height":533,"url":"https:\/\/www.laomeister.com\/wp-content\/uploads\/2018\/12\/Balti-Laomeister-OU\u0308-Kahvelka\u0308ru-1150x540-mm-2500kg.jpg","type":"image\/jpeg"}],"twitter_card":"summary_large_image","schema":{"@context":"https:\/\/schema.org","@graph":[{"@type":"WebPage","@id":"https:\/\/www.laomeister.com\/fi\/toode\/kahvelkaru-1150x540-mm-2500kg\/","url":"https:\/\/www.laomeister.com\/fi\/toode\/kahvelkaru-1150x540-mm-2500kg\/","name":"Haarukkatrukki, 1150x540 mm, 2500kg, I41633 - Balti Laomeister","isPartOf":{"@id":"https:\/\/www.laomeister.com\/fi\/#website"},"primaryImageOfPage":{"@id":"https:\/\/www.laomeister.com\/fi\/toode\/kahvelkaru-1150x540-mm-2500kg\/#primaryimage"},"image":{"@id":"https:\/\/www.laomeister.com\/fi\/toode\/kahvelkaru-1150x540-mm-2500kg\/#primaryimage"},"thumbnailUrl":"https:\/\/www.laomeister.com\/wp-content\/uploads\/2018\/12\/Balti-Laomeister-OU\u0308-Kahvelka\u0308ru-1150x540-mm-2500kg.jpg","datePublished":"2018-12-07T07:45:13+00:00","dateModified":"2024-07-03T06:28:50+00:00","description":"Trukki on ensimm\u00e4inen apuv\u00e4line kuormalavojen siirt\u00e4miseen. Trukilla siirr\u00e4t tavaroita ja materiaaleja ahtaissa tiloissa ja lyhyill\u00e4 matkoilla.","breadcrumb":{"@id":"https:\/\/www.laomeister.com\/fi\/toode\/kahvelkaru-1150x540-mm-2500kg\/#breadcrumb"},"inLanguage":"fi","potentialAction":[{"@type":"ReadAction","target":["https:\/\/www.laomeister.com\/fi\/toode\/kahvelkaru-1150x540-mm-2500kg\/"]}]},{"@type":"ImageObject","inLanguage":"fi","@id":"https:\/\/www.laomeister.com\/fi\/toode\/kahvelkaru-1150x540-mm-2500kg\/#primaryimage","url":"https:\/\/www.laomeister.com\/wp-content\/uploads\/2018\/12\/Balti-Laomeister-OU\u0308-Kahvelka\u0308ru-1150x540-mm-2500kg.jpg","contentUrl":"https:\/\/www.laomeister.com\/wp-content\/uploads\/2018\/12\/Balti-Laomeister-OU\u0308-Kahvelka\u0308ru-1150x540-mm-2500kg.jpg","width":533,"height":533,"caption":"Kahvelka\u0308ru"},{"@type":"BreadcrumbList","@id":"https:\/\/www.laomeister.com\/fi\/toode\/kahvelkaru-1150x540-mm-2500kg\/#breadcrumb","itemListElement":[{"@type":"ListItem","position":1,"name":"Home","item":"https:\/\/www.laomeister.com\/fi\/"},{"@type":"ListItem","position":2,"name":"Tuotteet","item":"https:\/\/www.laomeister.com\/fi\/tuotteet\/"},{"@type":"ListItem","position":3,"name":"Haarukkatrukki, 1150&#215;540 mm, 2500kg, I41633"}]},{"@type":"WebSite","@id":"https:\/\/www.laomeister.com\/fi\/#website","url":"https:\/\/www.laomeister.com\/fi\/","name":"Balti Laomeister","description":"Laoriiulid - m&uuml;&uuml;k ja paigaldus","potentialAction":[{"@type":"SearchAction","target":{"@type":"EntryPoint","urlTemplate":"https:\/\/www.laomeister.com\/fi\/?s={search_term_string}"},"query-input":{"@type":"PropertyValueSpecification","valueRequired":true,"valueName":"search_term_string"}}],"inLanguage":"fi"}]}},"_links":{"self":[{"href":"https:\/\/www.laomeister.com\/fi\/wp-json\/wp\/v2\/product\/13734","targetHints":{"allow":["GET"]}}],"collection":[{"href":"https:\/\/www.laomeister.com\/fi\/wp-json\/wp\/v2\/product"}],"about":[{"href":"https:\/\/www.laomeister.com\/fi\/wp-json\/wp\/v2\/types\/product"}],"wp:featuredmedia":[{"embeddable":true,"href":"https:\/\/www.laomeister.com\/fi\/wp-json\/wp\/v2\/media\/4879"}],"wp:attachment":[{"href":"https:\/\/www.laomeister.com\/fi\/wp-json\/wp\/v2\/media?parent=13734"}],"wp:term":[{"taxonomy":"product_brand","embeddable":true,"href":"https:\/\/www.laomeister.com\/fi\/wp-json\/wp\/v2\/product_brand?post=13734"},{"taxonomy":"product_cat","embeddable":true,"href":"https:\/\/www.laomeister.com\/fi\/wp-json\/wp\/v2\/product_cat?post=13734"},{"taxonomy":"product_tag","embeddable":true,"href":"https:\/\/www.laomeister.com\/fi\/wp-json\/wp\/v2\/product_tag?post=13734"}],"curies":[{"name":"wp","href":"https:\/\/api.w.org\/{rel}","templated":true}]}}