{"id":13712,"date":"2018-12-07T11:49:45","date_gmt":"2018-12-07T08:49:45","guid":{"rendered":"https:\/\/www.laomeister.com\/product\/kahvelkaru-1150x540-mm-2000-kg\/"},"modified":"2024-07-03T09:29:37","modified_gmt":"2024-07-03T06:29:37","slug":"kahvelkaru-1150x540-mm-2000-kg","status":"publish","type":"product","link":"https:\/\/www.laomeister.com\/fi\/toode\/kahvelkaru-1150x540-mm-2000-kg\/","title":{"rendered":"Haarukkatrukki, 1150&#215;540 mm, 2000 kg, I41050"},"content":{"rendered":"","protected":false},"excerpt":{"rendered":"<p><strong>Lis\u00e4tietoja:<\/strong><br \/>\n&#8211; kantavuus: 2000 kg;<br \/>\n&#8211; suurin nostokorkeus: 200 mm;<br \/>\n&#8211; pienin nostokorkeus: 85 mm;<br \/>\n&#8211; haarukan mitat: 1150&#215;540 mm;<br \/>\n&#8211; yhden haarukan mitat: 160&#215;48 mm;<br \/>\n&#8211; paino: 75 kg;<br \/>\n&#8211; ohjauspy\u00f6r\u00e4t: 180&#215;50 mm, PU;<br \/>\n&#8211; haarukkapy\u00f6r\u00e4t: 80&#215;70 mm, PU;<br \/>\n&#8211; pumppu: AC Hydrauliikka.<\/p>\n","protected":false},"featured_media":5006,"template":"","meta":[],"product_brand":[],"product_cat":[254],"product_tag":[],"class_list":{"0":"post-13712","1":"product","2":"type-product","3":"status-publish","4":"has-post-thumbnail","6":"product_cat-kahvelkarud-fi","8":"first","9":"instock","10":"taxable","11":"shipping-taxable","12":"purchasable","13":"product-type-simple"},"yoast_head":"<!-- This site is optimized with the Yoast SEO plugin v27.3 - https:\/\/yoast.com\/product\/yoast-seo-wordpress\/ -->\n<title>Haarukkatrukki, 1150x540 mm, 2000 kg, I41050 - Balti Laomeister<\/title>\n<meta name=\"description\" content=\"Trukki on ensimm\u00e4inen apuv\u00e4line kuormalavojen siirt\u00e4miseen. Trukilla siirr\u00e4t tavaroita ja materiaaleja ahtaissa tiloissa ja lyhyill\u00e4 matkoilla.\" \/>\n<meta name=\"robots\" content=\"index, follow, max-snippet:-1, max-image-preview:large, max-video-preview:-1\" \/>\n<link rel=\"canonical\" href=\"https:\/\/www.laomeister.com\/fi\/toode\/kahvelkaru-1150x540-mm-2000-kg\/\" \/>\n<meta property=\"og:locale\" content=\"fi_FI\" \/>\n<meta property=\"og:type\" content=\"article\" \/>\n<meta property=\"og:title\" content=\"Haarukkatrukki, 1150x540 mm, 2000 kg, I41050 - Balti Laomeister\" \/>\n<meta property=\"og:description\" content=\"Trukki on ensimm\u00e4inen apuv\u00e4line kuormalavojen siirt\u00e4miseen. Trukilla siirr\u00e4t tavaroita ja materiaaleja ahtaissa tiloissa ja lyhyill\u00e4 matkoilla.\" \/>\n<meta property=\"og:url\" content=\"https:\/\/www.laomeister.com\/fi\/toode\/kahvelkaru-1150x540-mm-2000-kg\/\" \/>\n<meta property=\"og:site_name\" content=\"Balti Laomeister\" \/>\n<meta property=\"article:modified_time\" content=\"2024-07-03T06:29:37+00:00\" \/>\n<meta property=\"og:image\" content=\"https:\/\/www.laomeister.com\/wp-content\/uploads\/2018\/12\/Balti-Laomeister-OU\u0308-Kahvelka\u0308ru-1150x540-mm-2000-kg.jpg\" \/>\n\t<meta property=\"og:image:width\" content=\"449\" \/>\n\t<meta property=\"og:image:height\" content=\"449\" \/>\n\t<meta property=\"og:image:type\" content=\"image\/jpeg\" \/>\n<meta name=\"twitter:card\" content=\"summary_large_image\" \/>\n<script type=\"application\/ld+json\" class=\"yoast-schema-graph\">{\"@context\":\"https:\\\/\\\/schema.org\",\"@graph\":[{\"@type\":\"WebPage\",\"@id\":\"https:\\\/\\\/www.laomeister.com\\\/fi\\\/toode\\\/kahvelkaru-1150x540-mm-2000-kg\\\/\",\"url\":\"https:\\\/\\\/www.laomeister.com\\\/fi\\\/toode\\\/kahvelkaru-1150x540-mm-2000-kg\\\/\",\"name\":\"Haarukkatrukki, 1150x540 mm, 2000 kg, I41050 - Balti Laomeister\",\"isPartOf\":{\"@id\":\"https:\\\/\\\/www.laomeister.com\\\/fi\\\/#website\"},\"primaryImageOfPage\":{\"@id\":\"https:\\\/\\\/www.laomeister.com\\\/fi\\\/toode\\\/kahvelkaru-1150x540-mm-2000-kg\\\/#primaryimage\"},\"image\":{\"@id\":\"https:\\\/\\\/www.laomeister.com\\\/fi\\\/toode\\\/kahvelkaru-1150x540-mm-2000-kg\\\/#primaryimage\"},\"thumbnailUrl\":\"https:\\\/\\\/www.laomeister.com\\\/wp-content\\\/uploads\\\/2018\\\/12\\\/Balti-Laomeister-OU\u0308-Kahvelka\u0308ru-1150x540-mm-2000-kg.jpg\",\"datePublished\":\"2018-12-07T08:49:45+00:00\",\"dateModified\":\"2024-07-03T06:29:37+00:00\",\"description\":\"Trukki on ensimm\u00e4inen apuv\u00e4line kuormalavojen siirt\u00e4miseen. Trukilla siirr\u00e4t tavaroita ja materiaaleja ahtaissa tiloissa ja lyhyill\u00e4 matkoilla.\",\"breadcrumb\":{\"@id\":\"https:\\\/\\\/www.laomeister.com\\\/fi\\\/toode\\\/kahvelkaru-1150x540-mm-2000-kg\\\/#breadcrumb\"},\"inLanguage\":\"fi\",\"potentialAction\":[{\"@type\":\"ReadAction\",\"target\":[\"https:\\\/\\\/www.laomeister.com\\\/fi\\\/toode\\\/kahvelkaru-1150x540-mm-2000-kg\\\/\"]}]},{\"@type\":\"ImageObject\",\"inLanguage\":\"fi\",\"@id\":\"https:\\\/\\\/www.laomeister.com\\\/fi\\\/toode\\\/kahvelkaru-1150x540-mm-2000-kg\\\/#primaryimage\",\"url\":\"https:\\\/\\\/www.laomeister.com\\\/wp-content\\\/uploads\\\/2018\\\/12\\\/Balti-Laomeister-OU\u0308-Kahvelka\u0308ru-1150x540-mm-2000-kg.jpg\",\"contentUrl\":\"https:\\\/\\\/www.laomeister.com\\\/wp-content\\\/uploads\\\/2018\\\/12\\\/Balti-Laomeister-OU\u0308-Kahvelka\u0308ru-1150x540-mm-2000-kg.jpg\",\"width\":449,\"height\":449,\"caption\":\"Kahvelka\u0308ru\"},{\"@type\":\"BreadcrumbList\",\"@id\":\"https:\\\/\\\/www.laomeister.com\\\/fi\\\/toode\\\/kahvelkaru-1150x540-mm-2000-kg\\\/#breadcrumb\",\"itemListElement\":[{\"@type\":\"ListItem\",\"position\":1,\"name\":\"Home\",\"item\":\"https:\\\/\\\/www.laomeister.com\\\/fi\\\/\"},{\"@type\":\"ListItem\",\"position\":2,\"name\":\"Tuotteet\",\"item\":\"https:\\\/\\\/www.laomeister.com\\\/fi\\\/tuotteet\\\/\"},{\"@type\":\"ListItem\",\"position\":3,\"name\":\"Haarukkatrukki, 1150&#215;540 mm, 2000 kg, I41050\"}]},{\"@type\":\"WebSite\",\"@id\":\"https:\\\/\\\/www.laomeister.com\\\/fi\\\/#website\",\"url\":\"https:\\\/\\\/www.laomeister.com\\\/fi\\\/\",\"name\":\"Balti Laomeister\",\"description\":\"Laoriiulid - m&uuml;&uuml;k ja paigaldus\",\"potentialAction\":[{\"@type\":\"SearchAction\",\"target\":{\"@type\":\"EntryPoint\",\"urlTemplate\":\"https:\\\/\\\/www.laomeister.com\\\/fi\\\/?s={search_term_string}\"},\"query-input\":{\"@type\":\"PropertyValueSpecification\",\"valueRequired\":true,\"valueName\":\"search_term_string\"}}],\"inLanguage\":\"fi\"}]}<\/script>\n<!-- \/ Yoast SEO plugin. -->","yoast_head_json":{"title":"Haarukkatrukki, 1150x540 mm, 2000 kg, I41050 - Balti Laomeister","description":"Trukki on ensimm\u00e4inen apuv\u00e4line kuormalavojen siirt\u00e4miseen. Trukilla siirr\u00e4t tavaroita ja materiaaleja ahtaissa tiloissa ja lyhyill\u00e4 matkoilla.","robots":{"index":"index","follow":"follow","max-snippet":"max-snippet:-1","max-image-preview":"max-image-preview:large","max-video-preview":"max-video-preview:-1"},"canonical":"https:\/\/www.laomeister.com\/fi\/toode\/kahvelkaru-1150x540-mm-2000-kg\/","og_locale":"fi_FI","og_type":"article","og_title":"Haarukkatrukki, 1150x540 mm, 2000 kg, I41050 - Balti Laomeister","og_description":"Trukki on ensimm\u00e4inen apuv\u00e4line kuormalavojen siirt\u00e4miseen. Trukilla siirr\u00e4t tavaroita ja materiaaleja ahtaissa tiloissa ja lyhyill\u00e4 matkoilla.","og_url":"https:\/\/www.laomeister.com\/fi\/toode\/kahvelkaru-1150x540-mm-2000-kg\/","og_site_name":"Balti Laomeister","article_modified_time":"2024-07-03T06:29:37+00:00","og_image":[{"width":449,"height":449,"url":"https:\/\/www.laomeister.com\/wp-content\/uploads\/2018\/12\/Balti-Laomeister-OU\u0308-Kahvelka\u0308ru-1150x540-mm-2000-kg.jpg","type":"image\/jpeg"}],"twitter_card":"summary_large_image","schema":{"@context":"https:\/\/schema.org","@graph":[{"@type":"WebPage","@id":"https:\/\/www.laomeister.com\/fi\/toode\/kahvelkaru-1150x540-mm-2000-kg\/","url":"https:\/\/www.laomeister.com\/fi\/toode\/kahvelkaru-1150x540-mm-2000-kg\/","name":"Haarukkatrukki, 1150x540 mm, 2000 kg, I41050 - Balti Laomeister","isPartOf":{"@id":"https:\/\/www.laomeister.com\/fi\/#website"},"primaryImageOfPage":{"@id":"https:\/\/www.laomeister.com\/fi\/toode\/kahvelkaru-1150x540-mm-2000-kg\/#primaryimage"},"image":{"@id":"https:\/\/www.laomeister.com\/fi\/toode\/kahvelkaru-1150x540-mm-2000-kg\/#primaryimage"},"thumbnailUrl":"https:\/\/www.laomeister.com\/wp-content\/uploads\/2018\/12\/Balti-Laomeister-OU\u0308-Kahvelka\u0308ru-1150x540-mm-2000-kg.jpg","datePublished":"2018-12-07T08:49:45+00:00","dateModified":"2024-07-03T06:29:37+00:00","description":"Trukki on ensimm\u00e4inen apuv\u00e4line kuormalavojen siirt\u00e4miseen. Trukilla siirr\u00e4t tavaroita ja materiaaleja ahtaissa tiloissa ja lyhyill\u00e4 matkoilla.","breadcrumb":{"@id":"https:\/\/www.laomeister.com\/fi\/toode\/kahvelkaru-1150x540-mm-2000-kg\/#breadcrumb"},"inLanguage":"fi","potentialAction":[{"@type":"ReadAction","target":["https:\/\/www.laomeister.com\/fi\/toode\/kahvelkaru-1150x540-mm-2000-kg\/"]}]},{"@type":"ImageObject","inLanguage":"fi","@id":"https:\/\/www.laomeister.com\/fi\/toode\/kahvelkaru-1150x540-mm-2000-kg\/#primaryimage","url":"https:\/\/www.laomeister.com\/wp-content\/uploads\/2018\/12\/Balti-Laomeister-OU\u0308-Kahvelka\u0308ru-1150x540-mm-2000-kg.jpg","contentUrl":"https:\/\/www.laomeister.com\/wp-content\/uploads\/2018\/12\/Balti-Laomeister-OU\u0308-Kahvelka\u0308ru-1150x540-mm-2000-kg.jpg","width":449,"height":449,"caption":"Kahvelka\u0308ru"},{"@type":"BreadcrumbList","@id":"https:\/\/www.laomeister.com\/fi\/toode\/kahvelkaru-1150x540-mm-2000-kg\/#breadcrumb","itemListElement":[{"@type":"ListItem","position":1,"name":"Home","item":"https:\/\/www.laomeister.com\/fi\/"},{"@type":"ListItem","position":2,"name":"Tuotteet","item":"https:\/\/www.laomeister.com\/fi\/tuotteet\/"},{"@type":"ListItem","position":3,"name":"Haarukkatrukki, 1150&#215;540 mm, 2000 kg, I41050"}]},{"@type":"WebSite","@id":"https:\/\/www.laomeister.com\/fi\/#website","url":"https:\/\/www.laomeister.com\/fi\/","name":"Balti Laomeister","description":"Laoriiulid - m&uuml;&uuml;k ja paigaldus","potentialAction":[{"@type":"SearchAction","target":{"@type":"EntryPoint","urlTemplate":"https:\/\/www.laomeister.com\/fi\/?s={search_term_string}"},"query-input":{"@type":"PropertyValueSpecification","valueRequired":true,"valueName":"search_term_string"}}],"inLanguage":"fi"}]}},"_links":{"self":[{"href":"https:\/\/www.laomeister.com\/fi\/wp-json\/wp\/v2\/product\/13712","targetHints":{"allow":["GET"]}}],"collection":[{"href":"https:\/\/www.laomeister.com\/fi\/wp-json\/wp\/v2\/product"}],"about":[{"href":"https:\/\/www.laomeister.com\/fi\/wp-json\/wp\/v2\/types\/product"}],"wp:featuredmedia":[{"embeddable":true,"href":"https:\/\/www.laomeister.com\/fi\/wp-json\/wp\/v2\/media\/5006"}],"wp:attachment":[{"href":"https:\/\/www.laomeister.com\/fi\/wp-json\/wp\/v2\/media?parent=13712"}],"wp:term":[{"taxonomy":"product_brand","embeddable":true,"href":"https:\/\/www.laomeister.com\/fi\/wp-json\/wp\/v2\/product_brand?post=13712"},{"taxonomy":"product_cat","embeddable":true,"href":"https:\/\/www.laomeister.com\/fi\/wp-json\/wp\/v2\/product_cat?post=13712"},{"taxonomy":"product_tag","embeddable":true,"href":"https:\/\/www.laomeister.com\/fi\/wp-json\/wp\/v2\/product_tag?post=13712"}],"curies":[{"name":"wp","href":"https:\/\/api.w.org\/{rel}","templated":true}]}}