{"id":13682,"date":"2018-12-10T13:20:37","date_gmt":"2018-12-10T10:20:37","guid":{"rendered":"https:\/\/www.laomeister.com\/product\/tostuki-kahvlipikendused-1800x40x100-mm\/"},"modified":"2024-07-03T09:31:12","modified_gmt":"2024-07-03T06:31:12","slug":"tostuki-kahvlipikendused-1800x40x100-mm","status":"publish","type":"product","link":"https:\/\/www.laomeister.com\/fi\/toode\/tostuki-kahvlipikendused-1800x40x100-mm\/","title":{"rendered":"Trukkihaarukan jatkeet, 1800x40x100 mm, I32215"},"content":{"rendered":"","protected":false},"excerpt":{"rendered":"<div class=\"description\">\n<ul>\n<li>Haarukan jatkeen mitat ovat P x K x L (mm) 1800x40x100.<\/li>\n<li>Haarukkatrukin haarukkapidennykset on suunniteltu suurikokoisten tavaroiden k\u00e4sittelyyn vastapainon avulla.<\/li>\n<li>Kest\u00e4v\u00e4t galvanoidut haarukkapidennykset, jotka kiinnitet\u00e4\u00e4n ruuvilla trukkiin.<\/li>\n<li>Suunniteltu jokap\u00e4iv\u00e4iseen k\u00e4ytt\u00f6\u00f6n.<\/li>\n<li>Helppo asentaa ja irrottaa pikalukitusj\u00e4rjestelm\u00e4n ansiosta.<\/li>\n<li>Haarukan jatkeet sopivat enint\u00e4\u00e4n 100 mm leveisiin ja 40 mm paksuihin haarukoihin.<\/li>\n<li>Paino 50 kg.<\/li>\n<\/ul>\n<p>&nbsp;<\/p>\n<\/div>\n","protected":false},"featured_media":5105,"template":"","meta":[],"product_brand":[],"product_cat":[340],"product_tag":[],"class_list":{"0":"post-13682","1":"product","2":"type-product","3":"status-publish","4":"has-post-thumbnail","6":"product_cat-tostuki-kahvlipikendused-fi","8":"first","9":"instock","10":"taxable","11":"shipping-taxable","12":"purchasable","13":"product-type-simple"},"yoast_head":"<!-- This site is optimized with the Yoast SEO plugin v27.3 - https:\/\/yoast.com\/product\/yoast-seo-wordpress\/ -->\n<title>Trukkihaarukan jatkeet, 1800x40x100 mm, I32215 - Balti Laomeister<\/title>\n<meta name=\"robots\" content=\"index, follow, max-snippet:-1, max-image-preview:large, max-video-preview:-1\" \/>\n<link rel=\"canonical\" href=\"https:\/\/www.laomeister.com\/fi\/toode\/tostuki-kahvlipikendused-1800x40x100-mm\/\" \/>\n<meta property=\"og:locale\" content=\"fi_FI\" \/>\n<meta property=\"og:type\" content=\"article\" \/>\n<meta property=\"og:title\" content=\"Trukkihaarukan jatkeet, 1800x40x100 mm, I32215 - Balti Laomeister\" \/>\n<meta property=\"og:description\" content=\"Haarukan jatkeen mitat ovat P x K x L (mm) 1800x40x100.  Haarukkatrukin haarukkapidennykset on suunniteltu suurikokoisten tavaroiden k\u00e4sittelyyn vastapainon avulla.  Kest\u00e4v\u00e4t galvanoidut haarukkapidennykset, jotka kiinnitet\u00e4\u00e4n ruuvilla trukkiin.  Suunniteltu jokap\u00e4iv\u00e4iseen k\u00e4ytt\u00f6\u00f6n.  Helppo asentaa ja irrottaa pikalukitusj\u00e4rjestelm\u00e4n ansiosta.  Haarukan jatkeet sopivat enint\u00e4\u00e4n 100 mm leveisiin ja 40 mm paksuihin haarukoihin.  Paino 50 kg. &nbsp;\" \/>\n<meta property=\"og:url\" content=\"https:\/\/www.laomeister.com\/fi\/toode\/tostuki-kahvlipikendused-1800x40x100-mm\/\" \/>\n<meta property=\"og:site_name\" content=\"Balti Laomeister\" \/>\n<meta property=\"article:modified_time\" content=\"2024-07-03T06:31:12+00:00\" \/>\n<meta property=\"og:image\" content=\"https:\/\/www.laomeister.com\/wp-content\/uploads\/2018\/12\/Balti-Laomeister-OU\u0308-To\u0303stuki-kahvlipikendused-1800x40x100-mm.jpg\" \/>\n\t<meta property=\"og:image:width\" content=\"610\" \/>\n\t<meta property=\"og:image:height\" content=\"609\" \/>\n\t<meta property=\"og:image:type\" content=\"image\/jpeg\" \/>\n<meta name=\"twitter:card\" content=\"summary_large_image\" \/>\n<script type=\"application\/ld+json\" class=\"yoast-schema-graph\">{\"@context\":\"https:\\\/\\\/schema.org\",\"@graph\":[{\"@type\":\"WebPage\",\"@id\":\"https:\\\/\\\/www.laomeister.com\\\/fi\\\/toode\\\/tostuki-kahvlipikendused-1800x40x100-mm\\\/\",\"url\":\"https:\\\/\\\/www.laomeister.com\\\/fi\\\/toode\\\/tostuki-kahvlipikendused-1800x40x100-mm\\\/\",\"name\":\"Trukkihaarukan jatkeet, 1800x40x100 mm, I32215 - Balti Laomeister\",\"isPartOf\":{\"@id\":\"https:\\\/\\\/www.laomeister.com\\\/fi\\\/#website\"},\"primaryImageOfPage\":{\"@id\":\"https:\\\/\\\/www.laomeister.com\\\/fi\\\/toode\\\/tostuki-kahvlipikendused-1800x40x100-mm\\\/#primaryimage\"},\"image\":{\"@id\":\"https:\\\/\\\/www.laomeister.com\\\/fi\\\/toode\\\/tostuki-kahvlipikendused-1800x40x100-mm\\\/#primaryimage\"},\"thumbnailUrl\":\"https:\\\/\\\/www.laomeister.com\\\/wp-content\\\/uploads\\\/2018\\\/12\\\/Balti-Laomeister-OU\u0308-To\u0303stuki-kahvlipikendused-1800x40x100-mm.jpg\",\"datePublished\":\"2018-12-10T10:20:37+00:00\",\"dateModified\":\"2024-07-03T06:31:12+00:00\",\"breadcrumb\":{\"@id\":\"https:\\\/\\\/www.laomeister.com\\\/fi\\\/toode\\\/tostuki-kahvlipikendused-1800x40x100-mm\\\/#breadcrumb\"},\"inLanguage\":\"fi\",\"potentialAction\":[{\"@type\":\"ReadAction\",\"target\":[\"https:\\\/\\\/www.laomeister.com\\\/fi\\\/toode\\\/tostuki-kahvlipikendused-1800x40x100-mm\\\/\"]}]},{\"@type\":\"ImageObject\",\"inLanguage\":\"fi\",\"@id\":\"https:\\\/\\\/www.laomeister.com\\\/fi\\\/toode\\\/tostuki-kahvlipikendused-1800x40x100-mm\\\/#primaryimage\",\"url\":\"https:\\\/\\\/www.laomeister.com\\\/wp-content\\\/uploads\\\/2018\\\/12\\\/Balti-Laomeister-OU\u0308-To\u0303stuki-kahvlipikendused-1800x40x100-mm.jpg\",\"contentUrl\":\"https:\\\/\\\/www.laomeister.com\\\/wp-content\\\/uploads\\\/2018\\\/12\\\/Balti-Laomeister-OU\u0308-To\u0303stuki-kahvlipikendused-1800x40x100-mm.jpg\",\"width\":610,\"height\":609,\"caption\":\"To\u0303stuki kahvlipikendused\"},{\"@type\":\"BreadcrumbList\",\"@id\":\"https:\\\/\\\/www.laomeister.com\\\/fi\\\/toode\\\/tostuki-kahvlipikendused-1800x40x100-mm\\\/#breadcrumb\",\"itemListElement\":[{\"@type\":\"ListItem\",\"position\":1,\"name\":\"Home\",\"item\":\"https:\\\/\\\/www.laomeister.com\\\/fi\\\/\"},{\"@type\":\"ListItem\",\"position\":2,\"name\":\"Tuotteet\",\"item\":\"https:\\\/\\\/www.laomeister.com\\\/fi\\\/tuotteet\\\/\"},{\"@type\":\"ListItem\",\"position\":3,\"name\":\"Trukkihaarukan jatkeet, 1800x40x100 mm, I32215\"}]},{\"@type\":\"WebSite\",\"@id\":\"https:\\\/\\\/www.laomeister.com\\\/fi\\\/#website\",\"url\":\"https:\\\/\\\/www.laomeister.com\\\/fi\\\/\",\"name\":\"Balti Laomeister\",\"description\":\"Laoriiulid - m&uuml;&uuml;k ja paigaldus\",\"potentialAction\":[{\"@type\":\"SearchAction\",\"target\":{\"@type\":\"EntryPoint\",\"urlTemplate\":\"https:\\\/\\\/www.laomeister.com\\\/fi\\\/?s={search_term_string}\"},\"query-input\":{\"@type\":\"PropertyValueSpecification\",\"valueRequired\":true,\"valueName\":\"search_term_string\"}}],\"inLanguage\":\"fi\"}]}<\/script>\n<!-- \/ Yoast SEO plugin. -->","yoast_head_json":{"title":"Trukkihaarukan jatkeet, 1800x40x100 mm, I32215 - Balti Laomeister","robots":{"index":"index","follow":"follow","max-snippet":"max-snippet:-1","max-image-preview":"max-image-preview:large","max-video-preview":"max-video-preview:-1"},"canonical":"https:\/\/www.laomeister.com\/fi\/toode\/tostuki-kahvlipikendused-1800x40x100-mm\/","og_locale":"fi_FI","og_type":"article","og_title":"Trukkihaarukan jatkeet, 1800x40x100 mm, I32215 - Balti Laomeister","og_description":"Haarukan jatkeen mitat ovat P x K x L (mm) 1800x40x100.  Haarukkatrukin haarukkapidennykset on suunniteltu suurikokoisten tavaroiden k\u00e4sittelyyn vastapainon avulla.  Kest\u00e4v\u00e4t galvanoidut haarukkapidennykset, jotka kiinnitet\u00e4\u00e4n ruuvilla trukkiin.  Suunniteltu jokap\u00e4iv\u00e4iseen k\u00e4ytt\u00f6\u00f6n.  Helppo asentaa ja irrottaa pikalukitusj\u00e4rjestelm\u00e4n ansiosta.  Haarukan jatkeet sopivat enint\u00e4\u00e4n 100 mm leveisiin ja 40 mm paksuihin haarukoihin.  Paino 50 kg. &nbsp;","og_url":"https:\/\/www.laomeister.com\/fi\/toode\/tostuki-kahvlipikendused-1800x40x100-mm\/","og_site_name":"Balti Laomeister","article_modified_time":"2024-07-03T06:31:12+00:00","og_image":[{"width":610,"height":609,"url":"https:\/\/www.laomeister.com\/wp-content\/uploads\/2018\/12\/Balti-Laomeister-OU\u0308-To\u0303stuki-kahvlipikendused-1800x40x100-mm.jpg","type":"image\/jpeg"}],"twitter_card":"summary_large_image","schema":{"@context":"https:\/\/schema.org","@graph":[{"@type":"WebPage","@id":"https:\/\/www.laomeister.com\/fi\/toode\/tostuki-kahvlipikendused-1800x40x100-mm\/","url":"https:\/\/www.laomeister.com\/fi\/toode\/tostuki-kahvlipikendused-1800x40x100-mm\/","name":"Trukkihaarukan jatkeet, 1800x40x100 mm, I32215 - Balti Laomeister","isPartOf":{"@id":"https:\/\/www.laomeister.com\/fi\/#website"},"primaryImageOfPage":{"@id":"https:\/\/www.laomeister.com\/fi\/toode\/tostuki-kahvlipikendused-1800x40x100-mm\/#primaryimage"},"image":{"@id":"https:\/\/www.laomeister.com\/fi\/toode\/tostuki-kahvlipikendused-1800x40x100-mm\/#primaryimage"},"thumbnailUrl":"https:\/\/www.laomeister.com\/wp-content\/uploads\/2018\/12\/Balti-Laomeister-OU\u0308-To\u0303stuki-kahvlipikendused-1800x40x100-mm.jpg","datePublished":"2018-12-10T10:20:37+00:00","dateModified":"2024-07-03T06:31:12+00:00","breadcrumb":{"@id":"https:\/\/www.laomeister.com\/fi\/toode\/tostuki-kahvlipikendused-1800x40x100-mm\/#breadcrumb"},"inLanguage":"fi","potentialAction":[{"@type":"ReadAction","target":["https:\/\/www.laomeister.com\/fi\/toode\/tostuki-kahvlipikendused-1800x40x100-mm\/"]}]},{"@type":"ImageObject","inLanguage":"fi","@id":"https:\/\/www.laomeister.com\/fi\/toode\/tostuki-kahvlipikendused-1800x40x100-mm\/#primaryimage","url":"https:\/\/www.laomeister.com\/wp-content\/uploads\/2018\/12\/Balti-Laomeister-OU\u0308-To\u0303stuki-kahvlipikendused-1800x40x100-mm.jpg","contentUrl":"https:\/\/www.laomeister.com\/wp-content\/uploads\/2018\/12\/Balti-Laomeister-OU\u0308-To\u0303stuki-kahvlipikendused-1800x40x100-mm.jpg","width":610,"height":609,"caption":"To\u0303stuki kahvlipikendused"},{"@type":"BreadcrumbList","@id":"https:\/\/www.laomeister.com\/fi\/toode\/tostuki-kahvlipikendused-1800x40x100-mm\/#breadcrumb","itemListElement":[{"@type":"ListItem","position":1,"name":"Home","item":"https:\/\/www.laomeister.com\/fi\/"},{"@type":"ListItem","position":2,"name":"Tuotteet","item":"https:\/\/www.laomeister.com\/fi\/tuotteet\/"},{"@type":"ListItem","position":3,"name":"Trukkihaarukan jatkeet, 1800x40x100 mm, I32215"}]},{"@type":"WebSite","@id":"https:\/\/www.laomeister.com\/fi\/#website","url":"https:\/\/www.laomeister.com\/fi\/","name":"Balti Laomeister","description":"Laoriiulid - m&uuml;&uuml;k ja paigaldus","potentialAction":[{"@type":"SearchAction","target":{"@type":"EntryPoint","urlTemplate":"https:\/\/www.laomeister.com\/fi\/?s={search_term_string}"},"query-input":{"@type":"PropertyValueSpecification","valueRequired":true,"valueName":"search_term_string"}}],"inLanguage":"fi"}]}},"_links":{"self":[{"href":"https:\/\/www.laomeister.com\/fi\/wp-json\/wp\/v2\/product\/13682","targetHints":{"allow":["GET"]}}],"collection":[{"href":"https:\/\/www.laomeister.com\/fi\/wp-json\/wp\/v2\/product"}],"about":[{"href":"https:\/\/www.laomeister.com\/fi\/wp-json\/wp\/v2\/types\/product"}],"wp:featuredmedia":[{"embeddable":true,"href":"https:\/\/www.laomeister.com\/fi\/wp-json\/wp\/v2\/media\/5105"}],"wp:attachment":[{"href":"https:\/\/www.laomeister.com\/fi\/wp-json\/wp\/v2\/media?parent=13682"}],"wp:term":[{"taxonomy":"product_brand","embeddable":true,"href":"https:\/\/www.laomeister.com\/fi\/wp-json\/wp\/v2\/product_brand?post=13682"},{"taxonomy":"product_cat","embeddable":true,"href":"https:\/\/www.laomeister.com\/fi\/wp-json\/wp\/v2\/product_cat?post=13682"},{"taxonomy":"product_tag","embeddable":true,"href":"https:\/\/www.laomeister.com\/fi\/wp-json\/wp\/v2\/product_tag?post=13682"}],"curies":[{"name":"wp","href":"https:\/\/api.w.org\/{rel}","templated":true}]}}