{"id":13671,"date":"2018-12-10T14:35:25","date_gmt":"2018-12-10T11:35:25","guid":{"rendered":"https:\/\/www.laomeister.com\/product\/elektriline-toolaud-1600x800-mm\/"},"modified":"2024-07-03T09:32:39","modified_gmt":"2024-07-03T06:32:39","slug":"elektriline-toolaud-1600x800-mm","status":"publish","type":"product","link":"https:\/\/www.laomeister.com\/fi\/toode\/elektriline-toolaud-1600x800-mm\/","title":{"rendered":"S\u00e4hk\u00f6inen ty\u00f6taso, 1600&#215;800 mm; I74303"},"content":{"rendered":"","protected":false},"excerpt":{"rendered":"<p>Paranna ty\u00f6ymp\u00e4rist\u00f6\u00e4si korkeuss\u00e4\u00e4dett\u00e4v\u00e4ll\u00e4 s\u00e4hk\u00f6p\u00f6yd\u00e4ll\u00e4!<\/p>\n<p>Muuta ty\u00f6p\u00f6yt\u00e4si korkeutta yhdell\u00e4 napin painalluksella. Usein ihanteellinen ty\u00f6asento on vain muutaman senttimetrin p\u00e4\u00e4ss\u00e4 &#8211; s\u00e4hk\u00f6p\u00f6yd\u00e4ll\u00e4 saat sen t\u00e4sm\u00e4lleen oikeaan asentoon. S\u00e4hk\u00f6isen ty\u00f6p\u00f6yd\u00e4n avulla voit ty\u00f6skennell\u00e4 seisten, mik\u00e4 puolestaan antaa kehollesi sen tarvitsemaa vaihtelua.<\/p>\n<p><strong>Lis\u00e4tietoja:<\/strong><br \/>\n&#8211; leveys: 1600 mm;<br \/>\n&#8211; syvyys: 800 mm;<br \/>\n&#8211; v\u00e4himm\u00e4iskorkeus: 620 mm;<br \/>\n&#8211; enimm\u00e4iskorkeus: 1270 mm;<br \/>\n&#8211; kantavuus: 150 kg;<br \/>\n&#8211; korkeuss\u00e4\u00e4t\u00f6: s\u00e4hk\u00f6inen.<\/p>\n","protected":false},"featured_media":5114,"template":"","meta":[],"product_brand":[],"product_cat":[276,282,926],"product_tag":[],"class_list":{"0":"post-13671","1":"product","2":"type-product","3":"status-publish","4":"has-post-thumbnail","6":"product_cat-laomoobel-fi","7":"product_cat-toolauad-fi","8":"product_cat-sahkoiset-poydat","10":"first","11":"instock","12":"taxable","13":"shipping-taxable","14":"purchasable","15":"product-type-simple"},"yoast_head":"<!-- This site is optimized with the Yoast SEO plugin v27.3 - https:\/\/yoast.com\/product\/yoast-seo-wordpress\/ -->\n<title>S\u00e4hk\u00f6inen ty\u00f6taso, 1600x800 mm; I74303 - Balti Laomeister<\/title>\n<meta name=\"robots\" content=\"index, follow, max-snippet:-1, max-image-preview:large, max-video-preview:-1\" \/>\n<link rel=\"canonical\" href=\"https:\/\/www.laomeister.com\/fi\/toode\/elektriline-toolaud-1600x800-mm\/\" \/>\n<meta property=\"og:locale\" content=\"fi_FI\" \/>\n<meta property=\"og:type\" content=\"article\" \/>\n<meta property=\"og:title\" content=\"S\u00e4hk\u00f6inen ty\u00f6taso, 1600x800 mm; I74303 - Balti Laomeister\" \/>\n<meta property=\"og:description\" content=\"Paranna ty\u00f6ymp\u00e4rist\u00f6\u00e4si korkeuss\u00e4\u00e4dett\u00e4v\u00e4ll\u00e4 s\u00e4hk\u00f6p\u00f6yd\u00e4ll\u00e4! Muuta ty\u00f6p\u00f6yt\u00e4si korkeutta yhdell\u00e4 napin painalluksella. Usein ihanteellinen ty\u00f6asento on vain muutaman senttimetrin p\u00e4\u00e4ss\u00e4 - s\u00e4hk\u00f6p\u00f6yd\u00e4ll\u00e4 saat sen t\u00e4sm\u00e4lleen oikeaan asentoon. S\u00e4hk\u00f6isen ty\u00f6p\u00f6yd\u00e4n avulla voit ty\u00f6skennell\u00e4 seisten, mik\u00e4 puolestaan antaa kehollesi sen tarvitsemaa vaihtelua. Lis\u00e4tietoja: - leveys: 1600 mm; - syvyys: 800 mm; - v\u00e4himm\u00e4iskorkeus: 620 mm; - enimm\u00e4iskorkeus: 1270 mm; - kantavuus: 150 kg; - korkeuss\u00e4\u00e4t\u00f6: s\u00e4hk\u00f6inen.\" \/>\n<meta property=\"og:url\" content=\"https:\/\/www.laomeister.com\/fi\/toode\/elektriline-toolaud-1600x800-mm\/\" \/>\n<meta property=\"og:site_name\" content=\"Balti Laomeister\" \/>\n<meta property=\"article:modified_time\" content=\"2024-07-03T06:32:39+00:00\" \/>\n<meta property=\"og:image\" content=\"https:\/\/www.laomeister.com\/wp-content\/uploads\/2018\/12\/Balti-Laomeister-OU\u0308-Elektriline-to\u0308o\u0308laud-1600x800-mm.jpg\" \/>\n\t<meta property=\"og:image:width\" content=\"728\" \/>\n\t<meta property=\"og:image:height\" content=\"729\" \/>\n\t<meta property=\"og:image:type\" content=\"image\/jpeg\" \/>\n<meta name=\"twitter:card\" content=\"summary_large_image\" \/>\n<script type=\"application\/ld+json\" class=\"yoast-schema-graph\">{\"@context\":\"https:\\\/\\\/schema.org\",\"@graph\":[{\"@type\":\"WebPage\",\"@id\":\"https:\\\/\\\/www.laomeister.com\\\/fi\\\/toode\\\/elektriline-toolaud-1600x800-mm\\\/\",\"url\":\"https:\\\/\\\/www.laomeister.com\\\/fi\\\/toode\\\/elektriline-toolaud-1600x800-mm\\\/\",\"name\":\"S\u00e4hk\u00f6inen ty\u00f6taso, 1600x800 mm; I74303 - Balti Laomeister\",\"isPartOf\":{\"@id\":\"https:\\\/\\\/www.laomeister.com\\\/fi\\\/#website\"},\"primaryImageOfPage\":{\"@id\":\"https:\\\/\\\/www.laomeister.com\\\/fi\\\/toode\\\/elektriline-toolaud-1600x800-mm\\\/#primaryimage\"},\"image\":{\"@id\":\"https:\\\/\\\/www.laomeister.com\\\/fi\\\/toode\\\/elektriline-toolaud-1600x800-mm\\\/#primaryimage\"},\"thumbnailUrl\":\"https:\\\/\\\/www.laomeister.com\\\/wp-content\\\/uploads\\\/2018\\\/12\\\/Balti-Laomeister-OU\u0308-Elektriline-to\u0308o\u0308laud-1600x800-mm.jpg\",\"datePublished\":\"2018-12-10T11:35:25+00:00\",\"dateModified\":\"2024-07-03T06:32:39+00:00\",\"breadcrumb\":{\"@id\":\"https:\\\/\\\/www.laomeister.com\\\/fi\\\/toode\\\/elektriline-toolaud-1600x800-mm\\\/#breadcrumb\"},\"inLanguage\":\"fi\",\"potentialAction\":[{\"@type\":\"ReadAction\",\"target\":[\"https:\\\/\\\/www.laomeister.com\\\/fi\\\/toode\\\/elektriline-toolaud-1600x800-mm\\\/\"]}]},{\"@type\":\"ImageObject\",\"inLanguage\":\"fi\",\"@id\":\"https:\\\/\\\/www.laomeister.com\\\/fi\\\/toode\\\/elektriline-toolaud-1600x800-mm\\\/#primaryimage\",\"url\":\"https:\\\/\\\/www.laomeister.com\\\/wp-content\\\/uploads\\\/2018\\\/12\\\/Balti-Laomeister-OU\u0308-Elektriline-to\u0308o\u0308laud-1600x800-mm.jpg\",\"contentUrl\":\"https:\\\/\\\/www.laomeister.com\\\/wp-content\\\/uploads\\\/2018\\\/12\\\/Balti-Laomeister-OU\u0308-Elektriline-to\u0308o\u0308laud-1600x800-mm.jpg\",\"width\":728,\"height\":729,\"caption\":\"Elektriline to\u0308o\u0308laud\"},{\"@type\":\"BreadcrumbList\",\"@id\":\"https:\\\/\\\/www.laomeister.com\\\/fi\\\/toode\\\/elektriline-toolaud-1600x800-mm\\\/#breadcrumb\",\"itemListElement\":[{\"@type\":\"ListItem\",\"position\":1,\"name\":\"Home\",\"item\":\"https:\\\/\\\/www.laomeister.com\\\/fi\\\/\"},{\"@type\":\"ListItem\",\"position\":2,\"name\":\"Tuotteet\",\"item\":\"https:\\\/\\\/www.laomeister.com\\\/fi\\\/tuotteet\\\/\"},{\"@type\":\"ListItem\",\"position\":3,\"name\":\"S\u00e4hk\u00f6inen ty\u00f6taso, 1600&#215;800 mm; I74303\"}]},{\"@type\":\"WebSite\",\"@id\":\"https:\\\/\\\/www.laomeister.com\\\/fi\\\/#website\",\"url\":\"https:\\\/\\\/www.laomeister.com\\\/fi\\\/\",\"name\":\"Balti Laomeister\",\"description\":\"Laoriiulid - m&uuml;&uuml;k ja paigaldus\",\"potentialAction\":[{\"@type\":\"SearchAction\",\"target\":{\"@type\":\"EntryPoint\",\"urlTemplate\":\"https:\\\/\\\/www.laomeister.com\\\/fi\\\/?s={search_term_string}\"},\"query-input\":{\"@type\":\"PropertyValueSpecification\",\"valueRequired\":true,\"valueName\":\"search_term_string\"}}],\"inLanguage\":\"fi\"}]}<\/script>\n<!-- \/ Yoast SEO plugin. -->","yoast_head_json":{"title":"S\u00e4hk\u00f6inen ty\u00f6taso, 1600x800 mm; I74303 - Balti Laomeister","robots":{"index":"index","follow":"follow","max-snippet":"max-snippet:-1","max-image-preview":"max-image-preview:large","max-video-preview":"max-video-preview:-1"},"canonical":"https:\/\/www.laomeister.com\/fi\/toode\/elektriline-toolaud-1600x800-mm\/","og_locale":"fi_FI","og_type":"article","og_title":"S\u00e4hk\u00f6inen ty\u00f6taso, 1600x800 mm; I74303 - Balti Laomeister","og_description":"Paranna ty\u00f6ymp\u00e4rist\u00f6\u00e4si korkeuss\u00e4\u00e4dett\u00e4v\u00e4ll\u00e4 s\u00e4hk\u00f6p\u00f6yd\u00e4ll\u00e4! Muuta ty\u00f6p\u00f6yt\u00e4si korkeutta yhdell\u00e4 napin painalluksella. Usein ihanteellinen ty\u00f6asento on vain muutaman senttimetrin p\u00e4\u00e4ss\u00e4 - s\u00e4hk\u00f6p\u00f6yd\u00e4ll\u00e4 saat sen t\u00e4sm\u00e4lleen oikeaan asentoon. S\u00e4hk\u00f6isen ty\u00f6p\u00f6yd\u00e4n avulla voit ty\u00f6skennell\u00e4 seisten, mik\u00e4 puolestaan antaa kehollesi sen tarvitsemaa vaihtelua. Lis\u00e4tietoja: - leveys: 1600 mm; - syvyys: 800 mm; - v\u00e4himm\u00e4iskorkeus: 620 mm; - enimm\u00e4iskorkeus: 1270 mm; - kantavuus: 150 kg; - korkeuss\u00e4\u00e4t\u00f6: s\u00e4hk\u00f6inen.","og_url":"https:\/\/www.laomeister.com\/fi\/toode\/elektriline-toolaud-1600x800-mm\/","og_site_name":"Balti Laomeister","article_modified_time":"2024-07-03T06:32:39+00:00","og_image":[{"width":728,"height":729,"url":"https:\/\/www.laomeister.com\/wp-content\/uploads\/2018\/12\/Balti-Laomeister-OU\u0308-Elektriline-to\u0308o\u0308laud-1600x800-mm.jpg","type":"image\/jpeg"}],"twitter_card":"summary_large_image","schema":{"@context":"https:\/\/schema.org","@graph":[{"@type":"WebPage","@id":"https:\/\/www.laomeister.com\/fi\/toode\/elektriline-toolaud-1600x800-mm\/","url":"https:\/\/www.laomeister.com\/fi\/toode\/elektriline-toolaud-1600x800-mm\/","name":"S\u00e4hk\u00f6inen ty\u00f6taso, 1600x800 mm; I74303 - Balti Laomeister","isPartOf":{"@id":"https:\/\/www.laomeister.com\/fi\/#website"},"primaryImageOfPage":{"@id":"https:\/\/www.laomeister.com\/fi\/toode\/elektriline-toolaud-1600x800-mm\/#primaryimage"},"image":{"@id":"https:\/\/www.laomeister.com\/fi\/toode\/elektriline-toolaud-1600x800-mm\/#primaryimage"},"thumbnailUrl":"https:\/\/www.laomeister.com\/wp-content\/uploads\/2018\/12\/Balti-Laomeister-OU\u0308-Elektriline-to\u0308o\u0308laud-1600x800-mm.jpg","datePublished":"2018-12-10T11:35:25+00:00","dateModified":"2024-07-03T06:32:39+00:00","breadcrumb":{"@id":"https:\/\/www.laomeister.com\/fi\/toode\/elektriline-toolaud-1600x800-mm\/#breadcrumb"},"inLanguage":"fi","potentialAction":[{"@type":"ReadAction","target":["https:\/\/www.laomeister.com\/fi\/toode\/elektriline-toolaud-1600x800-mm\/"]}]},{"@type":"ImageObject","inLanguage":"fi","@id":"https:\/\/www.laomeister.com\/fi\/toode\/elektriline-toolaud-1600x800-mm\/#primaryimage","url":"https:\/\/www.laomeister.com\/wp-content\/uploads\/2018\/12\/Balti-Laomeister-OU\u0308-Elektriline-to\u0308o\u0308laud-1600x800-mm.jpg","contentUrl":"https:\/\/www.laomeister.com\/wp-content\/uploads\/2018\/12\/Balti-Laomeister-OU\u0308-Elektriline-to\u0308o\u0308laud-1600x800-mm.jpg","width":728,"height":729,"caption":"Elektriline to\u0308o\u0308laud"},{"@type":"BreadcrumbList","@id":"https:\/\/www.laomeister.com\/fi\/toode\/elektriline-toolaud-1600x800-mm\/#breadcrumb","itemListElement":[{"@type":"ListItem","position":1,"name":"Home","item":"https:\/\/www.laomeister.com\/fi\/"},{"@type":"ListItem","position":2,"name":"Tuotteet","item":"https:\/\/www.laomeister.com\/fi\/tuotteet\/"},{"@type":"ListItem","position":3,"name":"S\u00e4hk\u00f6inen ty\u00f6taso, 1600&#215;800 mm; I74303"}]},{"@type":"WebSite","@id":"https:\/\/www.laomeister.com\/fi\/#website","url":"https:\/\/www.laomeister.com\/fi\/","name":"Balti Laomeister","description":"Laoriiulid - m&uuml;&uuml;k ja paigaldus","potentialAction":[{"@type":"SearchAction","target":{"@type":"EntryPoint","urlTemplate":"https:\/\/www.laomeister.com\/fi\/?s={search_term_string}"},"query-input":{"@type":"PropertyValueSpecification","valueRequired":true,"valueName":"search_term_string"}}],"inLanguage":"fi"}]}},"_links":{"self":[{"href":"https:\/\/www.laomeister.com\/fi\/wp-json\/wp\/v2\/product\/13671","targetHints":{"allow":["GET"]}}],"collection":[{"href":"https:\/\/www.laomeister.com\/fi\/wp-json\/wp\/v2\/product"}],"about":[{"href":"https:\/\/www.laomeister.com\/fi\/wp-json\/wp\/v2\/types\/product"}],"wp:featuredmedia":[{"embeddable":true,"href":"https:\/\/www.laomeister.com\/fi\/wp-json\/wp\/v2\/media\/5114"}],"wp:attachment":[{"href":"https:\/\/www.laomeister.com\/fi\/wp-json\/wp\/v2\/media?parent=13671"}],"wp:term":[{"taxonomy":"product_brand","embeddable":true,"href":"https:\/\/www.laomeister.com\/fi\/wp-json\/wp\/v2\/product_brand?post=13671"},{"taxonomy":"product_cat","embeddable":true,"href":"https:\/\/www.laomeister.com\/fi\/wp-json\/wp\/v2\/product_cat?post=13671"},{"taxonomy":"product_tag","embeddable":true,"href":"https:\/\/www.laomeister.com\/fi\/wp-json\/wp\/v2\/product_tag?post=13671"}],"curies":[{"name":"wp","href":"https:\/\/api.w.org\/{rel}","templated":true}]}}