{"id":13659,"date":"2019-01-11T10:34:16","date_gmt":"2019-01-11T07:34:16","guid":{"rendered":"https:\/\/www.laomeister.com\/product\/toolaud-1500x750-mm\/"},"modified":"2024-07-03T09:33:57","modified_gmt":"2024-07-03T06:33:57","slug":"toolaud-1500x750-mm","status":"publish","type":"product","link":"https:\/\/www.laomeister.com\/fi\/toode\/toolaud-1500x750-mm\/","title":{"rendered":"Ty\u00f6p\u00f6yt\u00e4, 1500&#215;750 mm, I82150"},"content":{"rendered":"","protected":false},"excerpt":{"rendered":"<p><strong>Lis\u00e4tietoja:<\/strong><br \/>\n&#8211; leveys: 1500 mm;<br \/>\n&#8211; syvyys: 750 mm;<br \/>\n&#8211; korkeus: 895 mm;<br \/>\n&#8211; Ty\u00f6tason paksuus: 35 mm;<br \/>\n&#8211; kantavuus: 250 kg.<\/p>\n<p>Alahylly ei sis\u00e4lly hintaan ! Kysy tarvittaessa erikseen<\/p>\n","protected":false},"featured_media":10855,"template":"","meta":[],"product_brand":[],"product_cat":[276,282,867],"product_tag":[],"class_list":{"0":"post-13659","1":"product","2":"type-product","3":"status-publish","4":"has-post-thumbnail","6":"product_cat-laomoobel-fi","7":"product_cat-toolauad-fi","8":"product_cat-pakkaus","10":"first","11":"instock","12":"taxable","13":"shipping-taxable","14":"purchasable","15":"product-type-simple"},"yoast_head":"<!-- This site is optimized with the Yoast SEO plugin v27.3 - https:\/\/yoast.com\/product\/yoast-seo-wordpress\/ -->\n<title>Ty\u00f6p\u00f6yt\u00e4, 1500x750 mm, I82150 - Balti Laomeister<\/title>\n<meta name=\"robots\" content=\"index, follow, max-snippet:-1, max-image-preview:large, max-video-preview:-1\" \/>\n<link rel=\"canonical\" href=\"https:\/\/www.laomeister.com\/fi\/toode\/toolaud-1500x750-mm\/\" \/>\n<meta property=\"og:locale\" content=\"fi_FI\" \/>\n<meta property=\"og:type\" content=\"article\" \/>\n<meta property=\"og:title\" content=\"Ty\u00f6p\u00f6yt\u00e4, 1500x750 mm, I82150 - Balti Laomeister\" \/>\n<meta property=\"og:description\" content=\"Lis\u00e4tietoja: - leveys: 1500 mm; - syvyys: 750 mm; - korkeus: 895 mm; - Ty\u00f6tason paksuus: 35 mm; - kantavuus: 250 kg. Alahylly ei sis\u00e4lly hintaan ! Kysy tarvittaessa erikseen\" \/>\n<meta property=\"og:url\" content=\"https:\/\/www.laomeister.com\/fi\/toode\/toolaud-1500x750-mm\/\" \/>\n<meta property=\"og:site_name\" content=\"Balti Laomeister\" \/>\n<meta property=\"article:modified_time\" content=\"2024-07-03T06:33:57+00:00\" \/>\n<meta property=\"og:image\" content=\"https:\/\/www.laomeister.com\/wp-content\/uploads\/2020\/02\/t\u00f6\u00f6laud.jpg\" \/>\n\t<meta property=\"og:image:width\" content=\"800\" \/>\n\t<meta property=\"og:image:height\" content=\"449\" \/>\n\t<meta property=\"og:image:type\" content=\"image\/jpeg\" \/>\n<meta name=\"twitter:card\" content=\"summary_large_image\" \/>\n<script type=\"application\/ld+json\" class=\"yoast-schema-graph\">{\"@context\":\"https:\\\/\\\/schema.org\",\"@graph\":[{\"@type\":\"WebPage\",\"@id\":\"https:\\\/\\\/www.laomeister.com\\\/fi\\\/toode\\\/toolaud-1500x750-mm\\\/\",\"url\":\"https:\\\/\\\/www.laomeister.com\\\/fi\\\/toode\\\/toolaud-1500x750-mm\\\/\",\"name\":\"Ty\u00f6p\u00f6yt\u00e4, 1500x750 mm, I82150 - Balti Laomeister\",\"isPartOf\":{\"@id\":\"https:\\\/\\\/www.laomeister.com\\\/fi\\\/#website\"},\"primaryImageOfPage\":{\"@id\":\"https:\\\/\\\/www.laomeister.com\\\/fi\\\/toode\\\/toolaud-1500x750-mm\\\/#primaryimage\"},\"image\":{\"@id\":\"https:\\\/\\\/www.laomeister.com\\\/fi\\\/toode\\\/toolaud-1500x750-mm\\\/#primaryimage\"},\"thumbnailUrl\":\"https:\\\/\\\/www.laomeister.com\\\/wp-content\\\/uploads\\\/2020\\\/02\\\/t\u00f6\u00f6laud.jpg\",\"datePublished\":\"2019-01-11T07:34:16+00:00\",\"dateModified\":\"2024-07-03T06:33:57+00:00\",\"breadcrumb\":{\"@id\":\"https:\\\/\\\/www.laomeister.com\\\/fi\\\/toode\\\/toolaud-1500x750-mm\\\/#breadcrumb\"},\"inLanguage\":\"fi\",\"potentialAction\":[{\"@type\":\"ReadAction\",\"target\":[\"https:\\\/\\\/www.laomeister.com\\\/fi\\\/toode\\\/toolaud-1500x750-mm\\\/\"]}]},{\"@type\":\"ImageObject\",\"inLanguage\":\"fi\",\"@id\":\"https:\\\/\\\/www.laomeister.com\\\/fi\\\/toode\\\/toolaud-1500x750-mm\\\/#primaryimage\",\"url\":\"https:\\\/\\\/www.laomeister.com\\\/wp-content\\\/uploads\\\/2020\\\/02\\\/t\u00f6\u00f6laud.jpg\",\"contentUrl\":\"https:\\\/\\\/www.laomeister.com\\\/wp-content\\\/uploads\\\/2020\\\/02\\\/t\u00f6\u00f6laud.jpg\",\"width\":800,\"height\":449},{\"@type\":\"BreadcrumbList\",\"@id\":\"https:\\\/\\\/www.laomeister.com\\\/fi\\\/toode\\\/toolaud-1500x750-mm\\\/#breadcrumb\",\"itemListElement\":[{\"@type\":\"ListItem\",\"position\":1,\"name\":\"Home\",\"item\":\"https:\\\/\\\/www.laomeister.com\\\/fi\\\/\"},{\"@type\":\"ListItem\",\"position\":2,\"name\":\"Tuotteet\",\"item\":\"https:\\\/\\\/www.laomeister.com\\\/fi\\\/tuotteet\\\/\"},{\"@type\":\"ListItem\",\"position\":3,\"name\":\"Ty\u00f6p\u00f6yt\u00e4, 1500&#215;750 mm, I82150\"}]},{\"@type\":\"WebSite\",\"@id\":\"https:\\\/\\\/www.laomeister.com\\\/fi\\\/#website\",\"url\":\"https:\\\/\\\/www.laomeister.com\\\/fi\\\/\",\"name\":\"Balti Laomeister\",\"description\":\"Laoriiulid - m&uuml;&uuml;k ja paigaldus\",\"potentialAction\":[{\"@type\":\"SearchAction\",\"target\":{\"@type\":\"EntryPoint\",\"urlTemplate\":\"https:\\\/\\\/www.laomeister.com\\\/fi\\\/?s={search_term_string}\"},\"query-input\":{\"@type\":\"PropertyValueSpecification\",\"valueRequired\":true,\"valueName\":\"search_term_string\"}}],\"inLanguage\":\"fi\"}]}<\/script>\n<!-- \/ Yoast SEO plugin. -->","yoast_head_json":{"title":"Ty\u00f6p\u00f6yt\u00e4, 1500x750 mm, I82150 - Balti Laomeister","robots":{"index":"index","follow":"follow","max-snippet":"max-snippet:-1","max-image-preview":"max-image-preview:large","max-video-preview":"max-video-preview:-1"},"canonical":"https:\/\/www.laomeister.com\/fi\/toode\/toolaud-1500x750-mm\/","og_locale":"fi_FI","og_type":"article","og_title":"Ty\u00f6p\u00f6yt\u00e4, 1500x750 mm, I82150 - Balti Laomeister","og_description":"Lis\u00e4tietoja: - leveys: 1500 mm; - syvyys: 750 mm; - korkeus: 895 mm; - Ty\u00f6tason paksuus: 35 mm; - kantavuus: 250 kg. Alahylly ei sis\u00e4lly hintaan ! Kysy tarvittaessa erikseen","og_url":"https:\/\/www.laomeister.com\/fi\/toode\/toolaud-1500x750-mm\/","og_site_name":"Balti Laomeister","article_modified_time":"2024-07-03T06:33:57+00:00","og_image":[{"width":800,"height":449,"url":"https:\/\/www.laomeister.com\/wp-content\/uploads\/2020\/02\/t\u00f6\u00f6laud.jpg","type":"image\/jpeg"}],"twitter_card":"summary_large_image","schema":{"@context":"https:\/\/schema.org","@graph":[{"@type":"WebPage","@id":"https:\/\/www.laomeister.com\/fi\/toode\/toolaud-1500x750-mm\/","url":"https:\/\/www.laomeister.com\/fi\/toode\/toolaud-1500x750-mm\/","name":"Ty\u00f6p\u00f6yt\u00e4, 1500x750 mm, I82150 - Balti Laomeister","isPartOf":{"@id":"https:\/\/www.laomeister.com\/fi\/#website"},"primaryImageOfPage":{"@id":"https:\/\/www.laomeister.com\/fi\/toode\/toolaud-1500x750-mm\/#primaryimage"},"image":{"@id":"https:\/\/www.laomeister.com\/fi\/toode\/toolaud-1500x750-mm\/#primaryimage"},"thumbnailUrl":"https:\/\/www.laomeister.com\/wp-content\/uploads\/2020\/02\/t\u00f6\u00f6laud.jpg","datePublished":"2019-01-11T07:34:16+00:00","dateModified":"2024-07-03T06:33:57+00:00","breadcrumb":{"@id":"https:\/\/www.laomeister.com\/fi\/toode\/toolaud-1500x750-mm\/#breadcrumb"},"inLanguage":"fi","potentialAction":[{"@type":"ReadAction","target":["https:\/\/www.laomeister.com\/fi\/toode\/toolaud-1500x750-mm\/"]}]},{"@type":"ImageObject","inLanguage":"fi","@id":"https:\/\/www.laomeister.com\/fi\/toode\/toolaud-1500x750-mm\/#primaryimage","url":"https:\/\/www.laomeister.com\/wp-content\/uploads\/2020\/02\/t\u00f6\u00f6laud.jpg","contentUrl":"https:\/\/www.laomeister.com\/wp-content\/uploads\/2020\/02\/t\u00f6\u00f6laud.jpg","width":800,"height":449},{"@type":"BreadcrumbList","@id":"https:\/\/www.laomeister.com\/fi\/toode\/toolaud-1500x750-mm\/#breadcrumb","itemListElement":[{"@type":"ListItem","position":1,"name":"Home","item":"https:\/\/www.laomeister.com\/fi\/"},{"@type":"ListItem","position":2,"name":"Tuotteet","item":"https:\/\/www.laomeister.com\/fi\/tuotteet\/"},{"@type":"ListItem","position":3,"name":"Ty\u00f6p\u00f6yt\u00e4, 1500&#215;750 mm, I82150"}]},{"@type":"WebSite","@id":"https:\/\/www.laomeister.com\/fi\/#website","url":"https:\/\/www.laomeister.com\/fi\/","name":"Balti Laomeister","description":"Laoriiulid - m&uuml;&uuml;k ja paigaldus","potentialAction":[{"@type":"SearchAction","target":{"@type":"EntryPoint","urlTemplate":"https:\/\/www.laomeister.com\/fi\/?s={search_term_string}"},"query-input":{"@type":"PropertyValueSpecification","valueRequired":true,"valueName":"search_term_string"}}],"inLanguage":"fi"}]}},"_links":{"self":[{"href":"https:\/\/www.laomeister.com\/fi\/wp-json\/wp\/v2\/product\/13659","targetHints":{"allow":["GET"]}}],"collection":[{"href":"https:\/\/www.laomeister.com\/fi\/wp-json\/wp\/v2\/product"}],"about":[{"href":"https:\/\/www.laomeister.com\/fi\/wp-json\/wp\/v2\/types\/product"}],"wp:featuredmedia":[{"embeddable":true,"href":"https:\/\/www.laomeister.com\/fi\/wp-json\/wp\/v2\/media\/10855"}],"wp:attachment":[{"href":"https:\/\/www.laomeister.com\/fi\/wp-json\/wp\/v2\/media?parent=13659"}],"wp:term":[{"taxonomy":"product_brand","embeddable":true,"href":"https:\/\/www.laomeister.com\/fi\/wp-json\/wp\/v2\/product_brand?post=13659"},{"taxonomy":"product_cat","embeddable":true,"href":"https:\/\/www.laomeister.com\/fi\/wp-json\/wp\/v2\/product_cat?post=13659"},{"taxonomy":"product_tag","embeddable":true,"href":"https:\/\/www.laomeister.com\/fi\/wp-json\/wp\/v2\/product_tag?post=13659"}],"curies":[{"name":"wp","href":"https:\/\/api.w.org\/{rel}","templated":true}]}}