{"id":13449,"date":"2019-11-29T11:01:28","date_gmt":"2019-11-29T08:01:28","guid":{"rendered":"https:\/\/www.laomeister.com\/product\/vaheporand_postidel\/"},"modified":"2024-07-03T09:05:10","modified_gmt":"2024-07-03T06:05:10","slug":"vaheporand_postidel","status":"publish","type":"product","link":"https:\/\/www.laomeister.com\/fi\/toode\/vaheporand_postidel\/","title":{"rendered":"V\u00e4lipohja tolppien varassa"},"content":{"rendered":"","protected":false},"excerpt":{"rendered":"<p><strong>Lis\u00e4tietoja: <\/strong>hinta riippuu koosta ja ratkaisusta.<\/p>\n<p>V\u00e4lipohja on helpoin tapa kaksinkertaistaa tai jopa kolminkertaistaa pinta-ala. Pylv\u00e4iden varaan tuettu v\u00e4lipohja antaa vapaat k\u00e4det ty\u00f6pisteiden, varastohyllyjen, kuormalavojen jne. yhdist\u00e4miseen. v\u00e4lill\u00e4.<\/p>\n<p>Pylv\u00e4iden varaan tuetun <strong>v\u00e4lipohjan<\/strong> &#8220;sielu&#8221; on itsen\u00e4inen metallikehys, jota ei ole kiinnitetty rakennukseen.<\/p>\n<p>Pylv\u00e4\u00e4t on yhdistetty p\u00e4\u00e4tyihin, ja p\u00e4\u00e4typylv\u00e4\u00e4t on yhdistetty toisiinsa lattiaan tukeutuvilla v\u00e4lipalkeilla. Portaat, porraskiskot ja tavaraportit ovat <strong>v\u00e4lipohjan<\/strong> olennaisia osia, jotta tavarat voidaan nostaa turvallisesti eri kerroksiin.<\/p>\n<p>Kuten kaikessa, haluat, ett\u00e4 tarjoamasi ratkaisut toimivat, ovat turvallisia ja laadukkaita. Tolppatukilattioiden toimittajamme on rakentanut paljon lattioita viimeisten 40 vuoden aikana, ja h\u00e4nell\u00e4 on runsaasti tietoa ja kokemusta jaettavana.<\/p>\n<p>Tolppiemme tukema v\u00e4lipohjalattia on kaikkien eurooppalaisten s\u00e4\u00e4nt\u00f6jen, m\u00e4\u00e4r\u00e4ysten ja standardien mukainen, ja kuten jo mainittiin, turvallisuus ja varmuus ovat avainsanoja.<\/p>\n<p>Tutustu blogiimme <a href=\"https:\/\/www.laomeister.com\/loome-ruumi-ruumis-ehk-vaheporanda-ja-korruslao-abc\/\">t\u00e4\u00e4ll\u00e4<\/a>.<\/p>\n","protected":false},"featured_media":11426,"template":"","meta":[],"product_brand":[],"product_cat":[346],"product_tag":[],"class_list":{"0":"post-13449","1":"product","2":"type-product","3":"status-publish","4":"has-post-thumbnail","6":"product_cat-vaheporandad-ja-korruslaod-fi","8":"first","9":"instock","10":"taxable","11":"shipping-taxable","12":"purchasable","13":"product-type-simple"},"yoast_head":"<!-- This site is optimized with the Yoast SEO plugin v27.3 - https:\/\/yoast.com\/product\/yoast-seo-wordpress\/ -->\n<title>V\u00e4lipohja tolppien varassa - Balti Laomeister<\/title>\n<meta name=\"description\" content=\"V\u00e4lipohja on helpoin tapa kaksinkertaistaa tai jopa kolminkertaistaa pinta-ala. Pylv\u00e4iden varaan tuettu v\u00e4lipohja antaa vapaat k\u00e4det ty\u00f6pisteiden, varastohyllyjen, kuormalavojen jne. yhdist\u00e4miseen. v\u00e4lill\u00e4.\" \/>\n<meta name=\"robots\" content=\"index, follow, max-snippet:-1, max-image-preview:large, max-video-preview:-1\" \/>\n<link rel=\"canonical\" href=\"https:\/\/www.laomeister.com\/fi\/toode\/vaheporand_postidel\/\" \/>\n<meta property=\"og:locale\" content=\"fi_FI\" \/>\n<meta property=\"og:type\" content=\"article\" \/>\n<meta property=\"og:title\" content=\"V\u00e4lipohja tolppien varassa - Balti Laomeister\" \/>\n<meta property=\"og:description\" content=\"V\u00e4lipohja on helpoin tapa kaksinkertaistaa tai jopa kolminkertaistaa pinta-ala. Pylv\u00e4iden varaan tuettu v\u00e4lipohja antaa vapaat k\u00e4det ty\u00f6pisteiden, varastohyllyjen, kuormalavojen jne. yhdist\u00e4miseen. v\u00e4lill\u00e4.\" \/>\n<meta property=\"og:url\" content=\"https:\/\/www.laomeister.com\/fi\/toode\/vaheporand_postidel\/\" \/>\n<meta property=\"og:site_name\" content=\"Balti Laomeister\" \/>\n<meta property=\"article:modified_time\" content=\"2024-07-03T06:05:10+00:00\" \/>\n<meta property=\"og:image\" content=\"https:\/\/www.laomeister.com\/wp-content\/uploads\/2020\/03\/v\u00f5hep\u00f5rand_joonis.jpg\" \/>\n\t<meta property=\"og:image:width\" content=\"1054\" \/>\n\t<meta property=\"og:image:height\" content=\"797\" \/>\n\t<meta property=\"og:image:type\" content=\"image\/jpeg\" \/>\n<meta name=\"twitter:card\" content=\"summary_large_image\" \/>\n<script type=\"application\/ld+json\" class=\"yoast-schema-graph\">{\"@context\":\"https:\\\/\\\/schema.org\",\"@graph\":[{\"@type\":\"WebPage\",\"@id\":\"https:\\\/\\\/www.laomeister.com\\\/fi\\\/toode\\\/vaheporand_postidel\\\/\",\"url\":\"https:\\\/\\\/www.laomeister.com\\\/fi\\\/toode\\\/vaheporand_postidel\\\/\",\"name\":\"V\u00e4lipohja tolppien varassa - Balti Laomeister\",\"isPartOf\":{\"@id\":\"https:\\\/\\\/www.laomeister.com\\\/fi\\\/#website\"},\"primaryImageOfPage\":{\"@id\":\"https:\\\/\\\/www.laomeister.com\\\/fi\\\/toode\\\/vaheporand_postidel\\\/#primaryimage\"},\"image\":{\"@id\":\"https:\\\/\\\/www.laomeister.com\\\/fi\\\/toode\\\/vaheporand_postidel\\\/#primaryimage\"},\"thumbnailUrl\":\"https:\\\/\\\/www.laomeister.com\\\/wp-content\\\/uploads\\\/2020\\\/03\\\/v\u00f5hep\u00f5rand_joonis.jpg\",\"datePublished\":\"2019-11-29T08:01:28+00:00\",\"dateModified\":\"2024-07-03T06:05:10+00:00\",\"description\":\"V\u00e4lipohja on helpoin tapa kaksinkertaistaa tai jopa kolminkertaistaa pinta-ala. Pylv\u00e4iden varaan tuettu v\u00e4lipohja antaa vapaat k\u00e4det ty\u00f6pisteiden, varastohyllyjen, kuormalavojen jne. yhdist\u00e4miseen. v\u00e4lill\u00e4.\",\"breadcrumb\":{\"@id\":\"https:\\\/\\\/www.laomeister.com\\\/fi\\\/toode\\\/vaheporand_postidel\\\/#breadcrumb\"},\"inLanguage\":\"fi\",\"potentialAction\":[{\"@type\":\"ReadAction\",\"target\":[\"https:\\\/\\\/www.laomeister.com\\\/fi\\\/toode\\\/vaheporand_postidel\\\/\"]}]},{\"@type\":\"ImageObject\",\"inLanguage\":\"fi\",\"@id\":\"https:\\\/\\\/www.laomeister.com\\\/fi\\\/toode\\\/vaheporand_postidel\\\/#primaryimage\",\"url\":\"https:\\\/\\\/www.laomeister.com\\\/wp-content\\\/uploads\\\/2020\\\/03\\\/v\u00f5hep\u00f5rand_joonis.jpg\",\"contentUrl\":\"https:\\\/\\\/www.laomeister.com\\\/wp-content\\\/uploads\\\/2020\\\/03\\\/v\u00f5hep\u00f5rand_joonis.jpg\",\"width\":1054,\"height\":797},{\"@type\":\"BreadcrumbList\",\"@id\":\"https:\\\/\\\/www.laomeister.com\\\/fi\\\/toode\\\/vaheporand_postidel\\\/#breadcrumb\",\"itemListElement\":[{\"@type\":\"ListItem\",\"position\":1,\"name\":\"Home\",\"item\":\"https:\\\/\\\/www.laomeister.com\\\/fi\\\/\"},{\"@type\":\"ListItem\",\"position\":2,\"name\":\"Tuotteet\",\"item\":\"https:\\\/\\\/www.laomeister.com\\\/fi\\\/tuotteet\\\/\"},{\"@type\":\"ListItem\",\"position\":3,\"name\":\"V\u00e4lipohja tolppien varassa\"}]},{\"@type\":\"WebSite\",\"@id\":\"https:\\\/\\\/www.laomeister.com\\\/fi\\\/#website\",\"url\":\"https:\\\/\\\/www.laomeister.com\\\/fi\\\/\",\"name\":\"Balti Laomeister\",\"description\":\"Laoriiulid - m&uuml;&uuml;k ja paigaldus\",\"potentialAction\":[{\"@type\":\"SearchAction\",\"target\":{\"@type\":\"EntryPoint\",\"urlTemplate\":\"https:\\\/\\\/www.laomeister.com\\\/fi\\\/?s={search_term_string}\"},\"query-input\":{\"@type\":\"PropertyValueSpecification\",\"valueRequired\":true,\"valueName\":\"search_term_string\"}}],\"inLanguage\":\"fi\"}]}<\/script>\n<!-- \/ Yoast SEO plugin. -->","yoast_head_json":{"title":"V\u00e4lipohja tolppien varassa - Balti Laomeister","description":"V\u00e4lipohja on helpoin tapa kaksinkertaistaa tai jopa kolminkertaistaa pinta-ala. Pylv\u00e4iden varaan tuettu v\u00e4lipohja antaa vapaat k\u00e4det ty\u00f6pisteiden, varastohyllyjen, kuormalavojen jne. yhdist\u00e4miseen. v\u00e4lill\u00e4.","robots":{"index":"index","follow":"follow","max-snippet":"max-snippet:-1","max-image-preview":"max-image-preview:large","max-video-preview":"max-video-preview:-1"},"canonical":"https:\/\/www.laomeister.com\/fi\/toode\/vaheporand_postidel\/","og_locale":"fi_FI","og_type":"article","og_title":"V\u00e4lipohja tolppien varassa - Balti Laomeister","og_description":"V\u00e4lipohja on helpoin tapa kaksinkertaistaa tai jopa kolminkertaistaa pinta-ala. Pylv\u00e4iden varaan tuettu v\u00e4lipohja antaa vapaat k\u00e4det ty\u00f6pisteiden, varastohyllyjen, kuormalavojen jne. yhdist\u00e4miseen. v\u00e4lill\u00e4.","og_url":"https:\/\/www.laomeister.com\/fi\/toode\/vaheporand_postidel\/","og_site_name":"Balti Laomeister","article_modified_time":"2024-07-03T06:05:10+00:00","og_image":[{"width":1054,"height":797,"url":"https:\/\/www.laomeister.com\/wp-content\/uploads\/2020\/03\/v\u00f5hep\u00f5rand_joonis.jpg","type":"image\/jpeg"}],"twitter_card":"summary_large_image","schema":{"@context":"https:\/\/schema.org","@graph":[{"@type":"WebPage","@id":"https:\/\/www.laomeister.com\/fi\/toode\/vaheporand_postidel\/","url":"https:\/\/www.laomeister.com\/fi\/toode\/vaheporand_postidel\/","name":"V\u00e4lipohja tolppien varassa - Balti Laomeister","isPartOf":{"@id":"https:\/\/www.laomeister.com\/fi\/#website"},"primaryImageOfPage":{"@id":"https:\/\/www.laomeister.com\/fi\/toode\/vaheporand_postidel\/#primaryimage"},"image":{"@id":"https:\/\/www.laomeister.com\/fi\/toode\/vaheporand_postidel\/#primaryimage"},"thumbnailUrl":"https:\/\/www.laomeister.com\/wp-content\/uploads\/2020\/03\/v\u00f5hep\u00f5rand_joonis.jpg","datePublished":"2019-11-29T08:01:28+00:00","dateModified":"2024-07-03T06:05:10+00:00","description":"V\u00e4lipohja on helpoin tapa kaksinkertaistaa tai jopa kolminkertaistaa pinta-ala. Pylv\u00e4iden varaan tuettu v\u00e4lipohja antaa vapaat k\u00e4det ty\u00f6pisteiden, varastohyllyjen, kuormalavojen jne. yhdist\u00e4miseen. v\u00e4lill\u00e4.","breadcrumb":{"@id":"https:\/\/www.laomeister.com\/fi\/toode\/vaheporand_postidel\/#breadcrumb"},"inLanguage":"fi","potentialAction":[{"@type":"ReadAction","target":["https:\/\/www.laomeister.com\/fi\/toode\/vaheporand_postidel\/"]}]},{"@type":"ImageObject","inLanguage":"fi","@id":"https:\/\/www.laomeister.com\/fi\/toode\/vaheporand_postidel\/#primaryimage","url":"https:\/\/www.laomeister.com\/wp-content\/uploads\/2020\/03\/v\u00f5hep\u00f5rand_joonis.jpg","contentUrl":"https:\/\/www.laomeister.com\/wp-content\/uploads\/2020\/03\/v\u00f5hep\u00f5rand_joonis.jpg","width":1054,"height":797},{"@type":"BreadcrumbList","@id":"https:\/\/www.laomeister.com\/fi\/toode\/vaheporand_postidel\/#breadcrumb","itemListElement":[{"@type":"ListItem","position":1,"name":"Home","item":"https:\/\/www.laomeister.com\/fi\/"},{"@type":"ListItem","position":2,"name":"Tuotteet","item":"https:\/\/www.laomeister.com\/fi\/tuotteet\/"},{"@type":"ListItem","position":3,"name":"V\u00e4lipohja tolppien varassa"}]},{"@type":"WebSite","@id":"https:\/\/www.laomeister.com\/fi\/#website","url":"https:\/\/www.laomeister.com\/fi\/","name":"Balti Laomeister","description":"Laoriiulid - m&uuml;&uuml;k ja paigaldus","potentialAction":[{"@type":"SearchAction","target":{"@type":"EntryPoint","urlTemplate":"https:\/\/www.laomeister.com\/fi\/?s={search_term_string}"},"query-input":{"@type":"PropertyValueSpecification","valueRequired":true,"valueName":"search_term_string"}}],"inLanguage":"fi"}]}},"_links":{"self":[{"href":"https:\/\/www.laomeister.com\/fi\/wp-json\/wp\/v2\/product\/13449","targetHints":{"allow":["GET"]}}],"collection":[{"href":"https:\/\/www.laomeister.com\/fi\/wp-json\/wp\/v2\/product"}],"about":[{"href":"https:\/\/www.laomeister.com\/fi\/wp-json\/wp\/v2\/types\/product"}],"wp:featuredmedia":[{"embeddable":true,"href":"https:\/\/www.laomeister.com\/fi\/wp-json\/wp\/v2\/media\/11426"}],"wp:attachment":[{"href":"https:\/\/www.laomeister.com\/fi\/wp-json\/wp\/v2\/media?parent=13449"}],"wp:term":[{"taxonomy":"product_brand","embeddable":true,"href":"https:\/\/www.laomeister.com\/fi\/wp-json\/wp\/v2\/product_brand?post=13449"},{"taxonomy":"product_cat","embeddable":true,"href":"https:\/\/www.laomeister.com\/fi\/wp-json\/wp\/v2\/product_cat?post=13449"},{"taxonomy":"product_tag","embeddable":true,"href":"https:\/\/www.laomeister.com\/fi\/wp-json\/wp\/v2\/product_tag?post=13449"}],"curies":[{"name":"wp","href":"https:\/\/api.w.org\/{rel}","templated":true}]}}