{"id":13446,"date":"2019-11-29T11:19:56","date_gmt":"2019-11-29T08:19:56","guid":{"rendered":"https:\/\/www.laomeister.com\/product\/korrusladu-moodulriiulitel\/"},"modified":"2024-07-03T09:05:16","modified_gmt":"2024-07-03T06:05:16","slug":"kerrosvarasto-moduulihyllyilla","status":"publish","type":"product","link":"https:\/\/www.laomeister.com\/fi\/toode\/kerrosvarasto-moduulihyllyilla\/","title":{"rendered":"K\u00e4yt\u00e4v\u00e4n s\u00e4ilytys modulaarisilla hyllyill\u00e4"},"content":{"rendered":"","protected":false},"excerpt":{"rendered":"<p><strong>Lis\u00e4tietoja: <\/strong>hinta riippuu koosta ja ratkaisusta!<\/p>\n<p><strong>K\u00e4yt\u00e4v\u00e4varaston<\/strong> rakentamiseen on monia erilaisia l\u00e4hestymistapoja, ja k\u00e4ytt\u00f6tarkoituksen erityisluonne m\u00e4\u00e4ritt\u00e4\u00e4 l\u00e4hestymistavan. Kantavien pylv\u00e4iden varaan tuetussa v\u00e4lipohjaratkaisussa hy\u00f6dynnet\u00e4\u00e4n kantavien <strong>pylv\u00e4spylv\u00e4iden<\/strong> kantavuutta. T\u00e4ll\u00e4 tavoin varastointialue on kaksinkertainen ilman erillisi\u00e4 tukipylv\u00e4it\u00e4.<\/p>\n<p>Tyypillinen ratkaisu on, ett\u00e4 hyllyt, joissa on k\u00e4yt\u00e4v\u00e4, sijoitetaan modulaarisen R3000-hyllyst\u00f6n alle ja vaneri- tai metalliristikko v\u00e4liportaiden p\u00e4\u00e4lle.<\/p>\n<p><strong>Elementtilattian<\/strong> tukeman <strong>v\u00e4lipohjan<\/strong> rakentamiseen k\u00e4yt\u00e4mme saksalaisen kumppanimme SSI Sch\u00e4ferin modulaarisia lattiapinnoitteita, joissa keskityt\u00e4\u00e4n j\u00e4lleen kerran vahvasti &#8220;saksalaiseen laatuun&#8221;.<\/p>\n<p>Siell\u00e4 tarjoamme 500 kg\/m2 kuormituskapasiteettia vakiok\u00e4yt\u00e4v\u00e4lle. Lattiap\u00e4\u00e4llysteeksi asiakas voi valita filmivanerin, metalliristikon tai sahanpurulevyn + PVC:n tai laminaatin.<\/p>\n<p>Tutustu blogiimme <a href=\"https:\/\/www.laomeister.com\/korruslao-loomine-kasutades-laoriiulitele-toetuvat-lahendust\/\">t\u00e4\u00e4ll\u00e4<\/a>.<\/p>\n<p>&nbsp;<\/p>\n<p>&nbsp;<\/p>\n","protected":false},"featured_media":5495,"template":"","meta":[],"product_brand":[],"product_cat":[346],"product_tag":[],"class_list":{"0":"post-13446","1":"product","2":"type-product","3":"status-publish","4":"has-post-thumbnail","6":"product_cat-vaheporandad-ja-korruslaod-fi","8":"first","9":"instock","10":"taxable","11":"shipping-taxable","12":"purchasable","13":"product-type-simple"},"yoast_head":"<!-- This site is optimized with the Yoast SEO plugin v27.3 - https:\/\/yoast.com\/product\/yoast-seo-wordpress\/ -->\n<title>K\u00e4yt\u00e4v\u00e4n s\u00e4ilytys modulaarisilla hyllyill\u00e4 - Balti Laomeister<\/title>\n<meta name=\"description\" content=\"K\u00e4yt\u00e4v\u00e4varasto on helpoin tapa kaksinkertaistaa tai jopa kolminkertaistaa varastotilasi. V\u00e4lipohjan tukemat modulaariset hyllyt antavat vapaat k\u00e4det yhdistell\u00e4 ty\u00f6pisteit\u00e4, varastohyllyj\u00e4, kuormalavoja ja niin edelleen. seuraavan kerroksen v\u00e4lill\u00e4.\" \/>\n<meta name=\"robots\" content=\"index, follow, max-snippet:-1, max-image-preview:large, max-video-preview:-1\" \/>\n<link rel=\"canonical\" href=\"https:\/\/www.laomeister.com\/fi\/toode\/kerrosvarasto-moduulihyllyilla\/\" \/>\n<meta property=\"og:locale\" content=\"fi_FI\" \/>\n<meta property=\"og:type\" content=\"article\" \/>\n<meta property=\"og:title\" content=\"K\u00e4yt\u00e4v\u00e4n s\u00e4ilytys modulaarisilla hyllyill\u00e4 - Balti Laomeister\" \/>\n<meta property=\"og:description\" content=\"K\u00e4yt\u00e4v\u00e4varasto on helpoin tapa kaksinkertaistaa tai jopa kolminkertaistaa varastotilasi. V\u00e4lipohjan tukemat modulaariset hyllyt antavat vapaat k\u00e4det yhdistell\u00e4 ty\u00f6pisteit\u00e4, varastohyllyj\u00e4, kuormalavoja ja niin edelleen. seuraavan kerroksen v\u00e4lill\u00e4.\" \/>\n<meta property=\"og:url\" content=\"https:\/\/www.laomeister.com\/fi\/toode\/kerrosvarasto-moduulihyllyilla\/\" \/>\n<meta property=\"og:site_name\" content=\"Balti Laomeister\" \/>\n<meta property=\"article:modified_time\" content=\"2024-07-03T06:05:16+00:00\" \/>\n<meta property=\"og:image\" content=\"https:\/\/www.laomeister.com\/wp-content\/uploads\/2019\/04\/Balti-Laomeister-OU\u0308-laoriiulite-mu\u0308u\u0308k-ja-paigaldus-NB-Quality-Group-OU\u0308-18-scaled.jpg\" \/>\n\t<meta property=\"og:image:width\" content=\"2560\" \/>\n\t<meta property=\"og:image:height\" content=\"1707\" \/>\n\t<meta property=\"og:image:type\" content=\"image\/jpeg\" \/>\n<meta name=\"twitter:card\" content=\"summary_large_image\" \/>\n<script type=\"application\/ld+json\" class=\"yoast-schema-graph\">{\"@context\":\"https:\\\/\\\/schema.org\",\"@graph\":[{\"@type\":\"WebPage\",\"@id\":\"https:\\\/\\\/www.laomeister.com\\\/fi\\\/toode\\\/kerrosvarasto-moduulihyllyilla\\\/\",\"url\":\"https:\\\/\\\/www.laomeister.com\\\/fi\\\/toode\\\/kerrosvarasto-moduulihyllyilla\\\/\",\"name\":\"K\u00e4yt\u00e4v\u00e4n s\u00e4ilytys modulaarisilla hyllyill\u00e4 - Balti Laomeister\",\"isPartOf\":{\"@id\":\"https:\\\/\\\/www.laomeister.com\\\/fi\\\/#website\"},\"primaryImageOfPage\":{\"@id\":\"https:\\\/\\\/www.laomeister.com\\\/fi\\\/toode\\\/kerrosvarasto-moduulihyllyilla\\\/#primaryimage\"},\"image\":{\"@id\":\"https:\\\/\\\/www.laomeister.com\\\/fi\\\/toode\\\/kerrosvarasto-moduulihyllyilla\\\/#primaryimage\"},\"thumbnailUrl\":\"https:\\\/\\\/www.laomeister.com\\\/wp-content\\\/uploads\\\/2019\\\/04\\\/Balti-Laomeister-OU\u0308-laoriiulite-mu\u0308u\u0308k-ja-paigaldus-NB-Quality-Group-OU\u0308-18-scaled.jpg\",\"datePublished\":\"2019-11-29T08:19:56+00:00\",\"dateModified\":\"2024-07-03T06:05:16+00:00\",\"description\":\"K\u00e4yt\u00e4v\u00e4varasto on helpoin tapa kaksinkertaistaa tai jopa kolminkertaistaa varastotilasi. V\u00e4lipohjan tukemat modulaariset hyllyt antavat vapaat k\u00e4det yhdistell\u00e4 ty\u00f6pisteit\u00e4, varastohyllyj\u00e4, kuormalavoja ja niin edelleen. seuraavan kerroksen v\u00e4lill\u00e4.\",\"breadcrumb\":{\"@id\":\"https:\\\/\\\/www.laomeister.com\\\/fi\\\/toode\\\/kerrosvarasto-moduulihyllyilla\\\/#breadcrumb\"},\"inLanguage\":\"fi\",\"potentialAction\":[{\"@type\":\"ReadAction\",\"target\":[\"https:\\\/\\\/www.laomeister.com\\\/fi\\\/toode\\\/kerrosvarasto-moduulihyllyilla\\\/\"]}]},{\"@type\":\"ImageObject\",\"inLanguage\":\"fi\",\"@id\":\"https:\\\/\\\/www.laomeister.com\\\/fi\\\/toode\\\/kerrosvarasto-moduulihyllyilla\\\/#primaryimage\",\"url\":\"https:\\\/\\\/www.laomeister.com\\\/wp-content\\\/uploads\\\/2019\\\/04\\\/Balti-Laomeister-OU\u0308-laoriiulite-mu\u0308u\u0308k-ja-paigaldus-NB-Quality-Group-OU\u0308-18-scaled.jpg\",\"contentUrl\":\"https:\\\/\\\/www.laomeister.com\\\/wp-content\\\/uploads\\\/2019\\\/04\\\/Balti-Laomeister-OU\u0308-laoriiulite-mu\u0308u\u0308k-ja-paigaldus-NB-Quality-Group-OU\u0308-18-scaled.jpg\",\"width\":2560,\"height\":1707,\"caption\":\"Balti Laomeister O\u00dc - varastohyllyjen myynti ja asennus |\"},{\"@type\":\"BreadcrumbList\",\"@id\":\"https:\\\/\\\/www.laomeister.com\\\/fi\\\/toode\\\/kerrosvarasto-moduulihyllyilla\\\/#breadcrumb\",\"itemListElement\":[{\"@type\":\"ListItem\",\"position\":1,\"name\":\"Home\",\"item\":\"https:\\\/\\\/www.laomeister.com\\\/fi\\\/\"},{\"@type\":\"ListItem\",\"position\":2,\"name\":\"Tuotteet\",\"item\":\"https:\\\/\\\/www.laomeister.com\\\/fi\\\/tuotteet\\\/\"},{\"@type\":\"ListItem\",\"position\":3,\"name\":\"K\u00e4yt\u00e4v\u00e4n s\u00e4ilytys modulaarisilla hyllyill\u00e4\"}]},{\"@type\":\"WebSite\",\"@id\":\"https:\\\/\\\/www.laomeister.com\\\/fi\\\/#website\",\"url\":\"https:\\\/\\\/www.laomeister.com\\\/fi\\\/\",\"name\":\"Balti Laomeister\",\"description\":\"Laoriiulid - m&uuml;&uuml;k ja paigaldus\",\"potentialAction\":[{\"@type\":\"SearchAction\",\"target\":{\"@type\":\"EntryPoint\",\"urlTemplate\":\"https:\\\/\\\/www.laomeister.com\\\/fi\\\/?s={search_term_string}\"},\"query-input\":{\"@type\":\"PropertyValueSpecification\",\"valueRequired\":true,\"valueName\":\"search_term_string\"}}],\"inLanguage\":\"fi\"}]}<\/script>\n<!-- \/ Yoast SEO plugin. -->","yoast_head_json":{"title":"K\u00e4yt\u00e4v\u00e4n s\u00e4ilytys modulaarisilla hyllyill\u00e4 - Balti Laomeister","description":"K\u00e4yt\u00e4v\u00e4varasto on helpoin tapa kaksinkertaistaa tai jopa kolminkertaistaa varastotilasi. V\u00e4lipohjan tukemat modulaariset hyllyt antavat vapaat k\u00e4det yhdistell\u00e4 ty\u00f6pisteit\u00e4, varastohyllyj\u00e4, kuormalavoja ja niin edelleen. seuraavan kerroksen v\u00e4lill\u00e4.","robots":{"index":"index","follow":"follow","max-snippet":"max-snippet:-1","max-image-preview":"max-image-preview:large","max-video-preview":"max-video-preview:-1"},"canonical":"https:\/\/www.laomeister.com\/fi\/toode\/kerrosvarasto-moduulihyllyilla\/","og_locale":"fi_FI","og_type":"article","og_title":"K\u00e4yt\u00e4v\u00e4n s\u00e4ilytys modulaarisilla hyllyill\u00e4 - Balti Laomeister","og_description":"K\u00e4yt\u00e4v\u00e4varasto on helpoin tapa kaksinkertaistaa tai jopa kolminkertaistaa varastotilasi. V\u00e4lipohjan tukemat modulaariset hyllyt antavat vapaat k\u00e4det yhdistell\u00e4 ty\u00f6pisteit\u00e4, varastohyllyj\u00e4, kuormalavoja ja niin edelleen. seuraavan kerroksen v\u00e4lill\u00e4.","og_url":"https:\/\/www.laomeister.com\/fi\/toode\/kerrosvarasto-moduulihyllyilla\/","og_site_name":"Balti Laomeister","article_modified_time":"2024-07-03T06:05:16+00:00","og_image":[{"width":2560,"height":1707,"url":"https:\/\/www.laomeister.com\/wp-content\/uploads\/2019\/04\/Balti-Laomeister-OU\u0308-laoriiulite-mu\u0308u\u0308k-ja-paigaldus-NB-Quality-Group-OU\u0308-18-scaled.jpg","type":"image\/jpeg"}],"twitter_card":"summary_large_image","schema":{"@context":"https:\/\/schema.org","@graph":[{"@type":"WebPage","@id":"https:\/\/www.laomeister.com\/fi\/toode\/kerrosvarasto-moduulihyllyilla\/","url":"https:\/\/www.laomeister.com\/fi\/toode\/kerrosvarasto-moduulihyllyilla\/","name":"K\u00e4yt\u00e4v\u00e4n s\u00e4ilytys modulaarisilla hyllyill\u00e4 - Balti Laomeister","isPartOf":{"@id":"https:\/\/www.laomeister.com\/fi\/#website"},"primaryImageOfPage":{"@id":"https:\/\/www.laomeister.com\/fi\/toode\/kerrosvarasto-moduulihyllyilla\/#primaryimage"},"image":{"@id":"https:\/\/www.laomeister.com\/fi\/toode\/kerrosvarasto-moduulihyllyilla\/#primaryimage"},"thumbnailUrl":"https:\/\/www.laomeister.com\/wp-content\/uploads\/2019\/04\/Balti-Laomeister-OU\u0308-laoriiulite-mu\u0308u\u0308k-ja-paigaldus-NB-Quality-Group-OU\u0308-18-scaled.jpg","datePublished":"2019-11-29T08:19:56+00:00","dateModified":"2024-07-03T06:05:16+00:00","description":"K\u00e4yt\u00e4v\u00e4varasto on helpoin tapa kaksinkertaistaa tai jopa kolminkertaistaa varastotilasi. V\u00e4lipohjan tukemat modulaariset hyllyt antavat vapaat k\u00e4det yhdistell\u00e4 ty\u00f6pisteit\u00e4, varastohyllyj\u00e4, kuormalavoja ja niin edelleen. seuraavan kerroksen v\u00e4lill\u00e4.","breadcrumb":{"@id":"https:\/\/www.laomeister.com\/fi\/toode\/kerrosvarasto-moduulihyllyilla\/#breadcrumb"},"inLanguage":"fi","potentialAction":[{"@type":"ReadAction","target":["https:\/\/www.laomeister.com\/fi\/toode\/kerrosvarasto-moduulihyllyilla\/"]}]},{"@type":"ImageObject","inLanguage":"fi","@id":"https:\/\/www.laomeister.com\/fi\/toode\/kerrosvarasto-moduulihyllyilla\/#primaryimage","url":"https:\/\/www.laomeister.com\/wp-content\/uploads\/2019\/04\/Balti-Laomeister-OU\u0308-laoriiulite-mu\u0308u\u0308k-ja-paigaldus-NB-Quality-Group-OU\u0308-18-scaled.jpg","contentUrl":"https:\/\/www.laomeister.com\/wp-content\/uploads\/2019\/04\/Balti-Laomeister-OU\u0308-laoriiulite-mu\u0308u\u0308k-ja-paigaldus-NB-Quality-Group-OU\u0308-18-scaled.jpg","width":2560,"height":1707,"caption":"Balti Laomeister O\u00dc - varastohyllyjen myynti ja asennus |"},{"@type":"BreadcrumbList","@id":"https:\/\/www.laomeister.com\/fi\/toode\/kerrosvarasto-moduulihyllyilla\/#breadcrumb","itemListElement":[{"@type":"ListItem","position":1,"name":"Home","item":"https:\/\/www.laomeister.com\/fi\/"},{"@type":"ListItem","position":2,"name":"Tuotteet","item":"https:\/\/www.laomeister.com\/fi\/tuotteet\/"},{"@type":"ListItem","position":3,"name":"K\u00e4yt\u00e4v\u00e4n s\u00e4ilytys modulaarisilla hyllyill\u00e4"}]},{"@type":"WebSite","@id":"https:\/\/www.laomeister.com\/fi\/#website","url":"https:\/\/www.laomeister.com\/fi\/","name":"Balti Laomeister","description":"Laoriiulid - m&uuml;&uuml;k ja paigaldus","potentialAction":[{"@type":"SearchAction","target":{"@type":"EntryPoint","urlTemplate":"https:\/\/www.laomeister.com\/fi\/?s={search_term_string}"},"query-input":{"@type":"PropertyValueSpecification","valueRequired":true,"valueName":"search_term_string"}}],"inLanguage":"fi"}]}},"_links":{"self":[{"href":"https:\/\/www.laomeister.com\/fi\/wp-json\/wp\/v2\/product\/13446","targetHints":{"allow":["GET"]}}],"collection":[{"href":"https:\/\/www.laomeister.com\/fi\/wp-json\/wp\/v2\/product"}],"about":[{"href":"https:\/\/www.laomeister.com\/fi\/wp-json\/wp\/v2\/types\/product"}],"wp:featuredmedia":[{"embeddable":true,"href":"https:\/\/www.laomeister.com\/fi\/wp-json\/wp\/v2\/media\/5495"}],"wp:attachment":[{"href":"https:\/\/www.laomeister.com\/fi\/wp-json\/wp\/v2\/media?parent=13446"}],"wp:term":[{"taxonomy":"product_brand","embeddable":true,"href":"https:\/\/www.laomeister.com\/fi\/wp-json\/wp\/v2\/product_brand?post=13446"},{"taxonomy":"product_cat","embeddable":true,"href":"https:\/\/www.laomeister.com\/fi\/wp-json\/wp\/v2\/product_cat?post=13446"},{"taxonomy":"product_tag","embeddable":true,"href":"https:\/\/www.laomeister.com\/fi\/wp-json\/wp\/v2\/product_tag?post=13446"}],"curies":[{"name":"wp","href":"https:\/\/api.w.org\/{rel}","templated":true}]}}