{"id":13390,"date":"2020-02-05T17:37:07","date_gmt":"2020-02-05T15:37:07","guid":{"rendered":"https:\/\/www.laomeister.com\/product\/konsoolriiuli-lisaosa-3500-x-1200-x-800mm\/"},"modified":"2024-07-03T09:41:32","modified_gmt":"2024-07-03T06:41:32","slug":"ulokehyllyn-lisaosa-3500-x-1200-x-800mm","status":"publish","type":"product","link":"https:\/\/www.laomeister.com\/fi\/toode\/ulokehyllyn-lisaosa-3500-x-1200-x-800mm\/","title":{"rendered":"Konsolihyllyn jatke 3500 x 1200 x 1200mm"},"content":{"rendered":"","protected":false},"excerpt":{"rendered":"<p><strong>Korkeus: <\/strong>3500 mm <strong>Leveys: <\/strong>1200 mm <strong>Syvyys: <\/strong>1200 mm<\/p>\n<p><strong>Kantavuus: <\/strong>1 kannake 1000 kg<\/p>\n<p><strong>Tasainen pinta: <\/strong>4 kappaletta (jalka+3)<\/p>\n<p><strong>Konsolihyllyn j\u00e4ljelle j\u00e4\u00e4v\u00e4 osa sis\u00e4lt\u00e4\u00e4:<\/strong><br \/>\n<strong>Hyllykk\u00f6 jalalla <\/strong>&#8211; 1 kpl<b><\/p>\n<p>  <strong>Tuki <\/strong><br \/>\n<\/b>&#8211; 1 kpl<br \/>\n<strong>Konsolit <\/strong>&#8211; 3 kpl<\/p>\n<p>Ammattimainen konsolihylly, jolla on hyv\u00e4 kantavuus pitkien tuotteiden ja materiaalin varastointiin.<br \/>\nKonsolin korkeuden muuttaminen tapahtuu hetkess\u00e4, eli mit\u00e4\u00e4n ei tarvitse ruuvata ja k\u00e4\u00e4nt\u00e4\u00e4 ilman ty\u00f6kaluja.<br \/>\nKonsolihyllyll\u00e4 voit luoda &#8220;postivapaata hyllytilaa&#8221; (esimerkiksi vastaanottoalueelle, terminaaliin jne.), jossa tavaroiden mitat vaihtelevat.<\/p>\n<p><strong>Soveltuu: <\/strong>pitkien tuotteiden (puu, laatat, putket jne.) varastointiin.<\/p>\n<p><strong>Saatavilla on eri leveyksi\u00e4 ja syvyyksi\u00e4, joten vaihtoehtoja on paljon &#8211; kysy rohkeasti lis\u00e4\u00e4!<\/strong><\/p>\n","protected":false},"featured_media":10335,"template":"","meta":[],"product_brand":[],"product_cat":[284,932],"product_tag":[],"class_list":{"0":"post-13390","1":"product","2":"type-product","3":"status-publish","4":"has-post-thumbnail","6":"product_cat-laoriiulid-fi","7":"product_cat-4500-ja-5500-mm-korkeat-konsolihyllyt","9":"first","10":"instock","11":"taxable","12":"shipping-taxable","13":"purchasable","14":"product-type-simple"},"yoast_head":"<!-- This site is optimized with the Yoast SEO plugin v27.3 - https:\/\/yoast.com\/product\/yoast-seo-wordpress\/ -->\n<title>Konsolihyllyn jatke 3500 x 1200 x 1200mm - Balti Laomeister<\/title>\n<meta name=\"description\" content=\"Konsolihyllyt (tunnetaan my\u00f6s nimell\u00e4 olkihyllyt) auttavat s\u00e4ilytt\u00e4m\u00e4\u00e4n tavaroita, jotka ovat liian pitki\u00e4 tai hankalia mahtuakseen perushyllylle.\" \/>\n<meta name=\"robots\" content=\"index, follow, max-snippet:-1, max-image-preview:large, max-video-preview:-1\" \/>\n<link rel=\"canonical\" href=\"https:\/\/www.laomeister.com\/fi\/toode\/ulokehyllyn-lisaosa-3500-x-1200-x-800mm\/\" \/>\n<meta property=\"og:locale\" content=\"fi_FI\" \/>\n<meta property=\"og:type\" content=\"article\" \/>\n<meta property=\"og:title\" content=\"Konsolihyllyn jatke 3500 x 1200 x 1200mm - Balti Laomeister\" \/>\n<meta property=\"og:description\" content=\"Konsolihyllyt (tunnetaan my\u00f6s nimell\u00e4 olkihyllyt) auttavat s\u00e4ilytt\u00e4m\u00e4\u00e4n tavaroita, jotka ovat liian pitki\u00e4 tai hankalia mahtuakseen perushyllylle.\" \/>\n<meta property=\"og:url\" content=\"https:\/\/www.laomeister.com\/fi\/toode\/ulokehyllyn-lisaosa-3500-x-1200-x-800mm\/\" \/>\n<meta property=\"og:site_name\" content=\"Balti Laomeister\" \/>\n<meta property=\"article:modified_time\" content=\"2024-07-03T06:41:32+00:00\" \/>\n<meta property=\"og:image\" content=\"https:\/\/www.laomeister.com\/wp-content\/uploads\/2020\/02\/KONSOOLRIIUL-U\u0308HEPOOLSE-J\u00c4TKUOSA-3500x1200mm.jpg\" \/>\n\t<meta property=\"og:image:width\" content=\"1200\" \/>\n\t<meta property=\"og:image:height\" content=\"1200\" \/>\n\t<meta property=\"og:image:type\" content=\"image\/jpeg\" \/>\n<meta name=\"twitter:card\" content=\"summary_large_image\" \/>\n<script type=\"application\/ld+json\" class=\"yoast-schema-graph\">{\"@context\":\"https:\\\/\\\/schema.org\",\"@graph\":[{\"@type\":\"WebPage\",\"@id\":\"https:\\\/\\\/www.laomeister.com\\\/fi\\\/toode\\\/ulokehyllyn-lisaosa-3500-x-1200-x-800mm\\\/\",\"url\":\"https:\\\/\\\/www.laomeister.com\\\/fi\\\/toode\\\/ulokehyllyn-lisaosa-3500-x-1200-x-800mm\\\/\",\"name\":\"Konsolihyllyn jatke 3500 x 1200 x 1200mm - Balti Laomeister\",\"isPartOf\":{\"@id\":\"https:\\\/\\\/www.laomeister.com\\\/fi\\\/#website\"},\"primaryImageOfPage\":{\"@id\":\"https:\\\/\\\/www.laomeister.com\\\/fi\\\/toode\\\/ulokehyllyn-lisaosa-3500-x-1200-x-800mm\\\/#primaryimage\"},\"image\":{\"@id\":\"https:\\\/\\\/www.laomeister.com\\\/fi\\\/toode\\\/ulokehyllyn-lisaosa-3500-x-1200-x-800mm\\\/#primaryimage\"},\"thumbnailUrl\":\"https:\\\/\\\/www.laomeister.com\\\/wp-content\\\/uploads\\\/2020\\\/02\\\/KONSOOLRIIUL-U\u0308HEPOOLSE-J\u00c4TKUOSA-3500x1200mm.jpg\",\"datePublished\":\"2020-02-05T15:37:07+00:00\",\"dateModified\":\"2024-07-03T06:41:32+00:00\",\"description\":\"Konsolihyllyt (tunnetaan my\u00f6s nimell\u00e4 olkihyllyt) auttavat s\u00e4ilytt\u00e4m\u00e4\u00e4n tavaroita, jotka ovat liian pitki\u00e4 tai hankalia mahtuakseen perushyllylle.\",\"breadcrumb\":{\"@id\":\"https:\\\/\\\/www.laomeister.com\\\/fi\\\/toode\\\/ulokehyllyn-lisaosa-3500-x-1200-x-800mm\\\/#breadcrumb\"},\"inLanguage\":\"fi\",\"potentialAction\":[{\"@type\":\"ReadAction\",\"target\":[\"https:\\\/\\\/www.laomeister.com\\\/fi\\\/toode\\\/ulokehyllyn-lisaosa-3500-x-1200-x-800mm\\\/\"]}]},{\"@type\":\"ImageObject\",\"inLanguage\":\"fi\",\"@id\":\"https:\\\/\\\/www.laomeister.com\\\/fi\\\/toode\\\/ulokehyllyn-lisaosa-3500-x-1200-x-800mm\\\/#primaryimage\",\"url\":\"https:\\\/\\\/www.laomeister.com\\\/wp-content\\\/uploads\\\/2020\\\/02\\\/KONSOOLRIIUL-U\u0308HEPOOLSE-J\u00c4TKUOSA-3500x1200mm.jpg\",\"contentUrl\":\"https:\\\/\\\/www.laomeister.com\\\/wp-content\\\/uploads\\\/2020\\\/02\\\/KONSOOLRIIUL-U\u0308HEPOOLSE-J\u00c4TKUOSA-3500x1200mm.jpg\",\"width\":1200,\"height\":1200},{\"@type\":\"BreadcrumbList\",\"@id\":\"https:\\\/\\\/www.laomeister.com\\\/fi\\\/toode\\\/ulokehyllyn-lisaosa-3500-x-1200-x-800mm\\\/#breadcrumb\",\"itemListElement\":[{\"@type\":\"ListItem\",\"position\":1,\"name\":\"Home\",\"item\":\"https:\\\/\\\/www.laomeister.com\\\/fi\\\/\"},{\"@type\":\"ListItem\",\"position\":2,\"name\":\"Tuotteet\",\"item\":\"https:\\\/\\\/www.laomeister.com\\\/fi\\\/tuotteet\\\/\"},{\"@type\":\"ListItem\",\"position\":3,\"name\":\"Konsolihyllyn jatke 3500 x 1200 x 1200mm\"}]},{\"@type\":\"WebSite\",\"@id\":\"https:\\\/\\\/www.laomeister.com\\\/fi\\\/#website\",\"url\":\"https:\\\/\\\/www.laomeister.com\\\/fi\\\/\",\"name\":\"Balti Laomeister\",\"description\":\"Laoriiulid - m&uuml;&uuml;k ja paigaldus\",\"potentialAction\":[{\"@type\":\"SearchAction\",\"target\":{\"@type\":\"EntryPoint\",\"urlTemplate\":\"https:\\\/\\\/www.laomeister.com\\\/fi\\\/?s={search_term_string}\"},\"query-input\":{\"@type\":\"PropertyValueSpecification\",\"valueRequired\":true,\"valueName\":\"search_term_string\"}}],\"inLanguage\":\"fi\"}]}<\/script>\n<!-- \/ Yoast SEO plugin. -->","yoast_head_json":{"title":"Konsolihyllyn jatke 3500 x 1200 x 1200mm - Balti Laomeister","description":"Konsolihyllyt (tunnetaan my\u00f6s nimell\u00e4 olkihyllyt) auttavat s\u00e4ilytt\u00e4m\u00e4\u00e4n tavaroita, jotka ovat liian pitki\u00e4 tai hankalia mahtuakseen perushyllylle.","robots":{"index":"index","follow":"follow","max-snippet":"max-snippet:-1","max-image-preview":"max-image-preview:large","max-video-preview":"max-video-preview:-1"},"canonical":"https:\/\/www.laomeister.com\/fi\/toode\/ulokehyllyn-lisaosa-3500-x-1200-x-800mm\/","og_locale":"fi_FI","og_type":"article","og_title":"Konsolihyllyn jatke 3500 x 1200 x 1200mm - Balti Laomeister","og_description":"Konsolihyllyt (tunnetaan my\u00f6s nimell\u00e4 olkihyllyt) auttavat s\u00e4ilytt\u00e4m\u00e4\u00e4n tavaroita, jotka ovat liian pitki\u00e4 tai hankalia mahtuakseen perushyllylle.","og_url":"https:\/\/www.laomeister.com\/fi\/toode\/ulokehyllyn-lisaosa-3500-x-1200-x-800mm\/","og_site_name":"Balti Laomeister","article_modified_time":"2024-07-03T06:41:32+00:00","og_image":[{"width":1200,"height":1200,"url":"https:\/\/www.laomeister.com\/wp-content\/uploads\/2020\/02\/KONSOOLRIIUL-U\u0308HEPOOLSE-J\u00c4TKUOSA-3500x1200mm.jpg","type":"image\/jpeg"}],"twitter_card":"summary_large_image","schema":{"@context":"https:\/\/schema.org","@graph":[{"@type":"WebPage","@id":"https:\/\/www.laomeister.com\/fi\/toode\/ulokehyllyn-lisaosa-3500-x-1200-x-800mm\/","url":"https:\/\/www.laomeister.com\/fi\/toode\/ulokehyllyn-lisaosa-3500-x-1200-x-800mm\/","name":"Konsolihyllyn jatke 3500 x 1200 x 1200mm - Balti Laomeister","isPartOf":{"@id":"https:\/\/www.laomeister.com\/fi\/#website"},"primaryImageOfPage":{"@id":"https:\/\/www.laomeister.com\/fi\/toode\/ulokehyllyn-lisaosa-3500-x-1200-x-800mm\/#primaryimage"},"image":{"@id":"https:\/\/www.laomeister.com\/fi\/toode\/ulokehyllyn-lisaosa-3500-x-1200-x-800mm\/#primaryimage"},"thumbnailUrl":"https:\/\/www.laomeister.com\/wp-content\/uploads\/2020\/02\/KONSOOLRIIUL-U\u0308HEPOOLSE-J\u00c4TKUOSA-3500x1200mm.jpg","datePublished":"2020-02-05T15:37:07+00:00","dateModified":"2024-07-03T06:41:32+00:00","description":"Konsolihyllyt (tunnetaan my\u00f6s nimell\u00e4 olkihyllyt) auttavat s\u00e4ilytt\u00e4m\u00e4\u00e4n tavaroita, jotka ovat liian pitki\u00e4 tai hankalia mahtuakseen perushyllylle.","breadcrumb":{"@id":"https:\/\/www.laomeister.com\/fi\/toode\/ulokehyllyn-lisaosa-3500-x-1200-x-800mm\/#breadcrumb"},"inLanguage":"fi","potentialAction":[{"@type":"ReadAction","target":["https:\/\/www.laomeister.com\/fi\/toode\/ulokehyllyn-lisaosa-3500-x-1200-x-800mm\/"]}]},{"@type":"ImageObject","inLanguage":"fi","@id":"https:\/\/www.laomeister.com\/fi\/toode\/ulokehyllyn-lisaosa-3500-x-1200-x-800mm\/#primaryimage","url":"https:\/\/www.laomeister.com\/wp-content\/uploads\/2020\/02\/KONSOOLRIIUL-U\u0308HEPOOLSE-J\u00c4TKUOSA-3500x1200mm.jpg","contentUrl":"https:\/\/www.laomeister.com\/wp-content\/uploads\/2020\/02\/KONSOOLRIIUL-U\u0308HEPOOLSE-J\u00c4TKUOSA-3500x1200mm.jpg","width":1200,"height":1200},{"@type":"BreadcrumbList","@id":"https:\/\/www.laomeister.com\/fi\/toode\/ulokehyllyn-lisaosa-3500-x-1200-x-800mm\/#breadcrumb","itemListElement":[{"@type":"ListItem","position":1,"name":"Home","item":"https:\/\/www.laomeister.com\/fi\/"},{"@type":"ListItem","position":2,"name":"Tuotteet","item":"https:\/\/www.laomeister.com\/fi\/tuotteet\/"},{"@type":"ListItem","position":3,"name":"Konsolihyllyn jatke 3500 x 1200 x 1200mm"}]},{"@type":"WebSite","@id":"https:\/\/www.laomeister.com\/fi\/#website","url":"https:\/\/www.laomeister.com\/fi\/","name":"Balti Laomeister","description":"Laoriiulid - m&uuml;&uuml;k ja paigaldus","potentialAction":[{"@type":"SearchAction","target":{"@type":"EntryPoint","urlTemplate":"https:\/\/www.laomeister.com\/fi\/?s={search_term_string}"},"query-input":{"@type":"PropertyValueSpecification","valueRequired":true,"valueName":"search_term_string"}}],"inLanguage":"fi"}]}},"_links":{"self":[{"href":"https:\/\/www.laomeister.com\/fi\/wp-json\/wp\/v2\/product\/13390","targetHints":{"allow":["GET"]}}],"collection":[{"href":"https:\/\/www.laomeister.com\/fi\/wp-json\/wp\/v2\/product"}],"about":[{"href":"https:\/\/www.laomeister.com\/fi\/wp-json\/wp\/v2\/types\/product"}],"wp:featuredmedia":[{"embeddable":true,"href":"https:\/\/www.laomeister.com\/fi\/wp-json\/wp\/v2\/media\/10335"}],"wp:attachment":[{"href":"https:\/\/www.laomeister.com\/fi\/wp-json\/wp\/v2\/media?parent=13390"}],"wp:term":[{"taxonomy":"product_brand","embeddable":true,"href":"https:\/\/www.laomeister.com\/fi\/wp-json\/wp\/v2\/product_brand?post=13390"},{"taxonomy":"product_cat","embeddable":true,"href":"https:\/\/www.laomeister.com\/fi\/wp-json\/wp\/v2\/product_cat?post=13390"},{"taxonomy":"product_tag","embeddable":true,"href":"https:\/\/www.laomeister.com\/fi\/wp-json\/wp\/v2\/product_tag?post=13390"}],"curies":[{"name":"wp","href":"https:\/\/api.w.org\/{rel}","templated":true}]}}