{"id":13374,"date":"2020-02-07T15:48:22","date_gmt":"2020-02-07T13:48:22","guid":{"rendered":"https:\/\/www.laomeister.com\/product\/kahepoolse-konsoolriiuli-pohiosa-4500-x-1200-x-800mm-2\/"},"modified":"2024-07-03T09:41:54","modified_gmt":"2024-07-03T06:41:54","slug":"kaksipuolisen-ulokehyllyn-perusosa-4500-x-1200-x-800mm-2","status":"publish","type":"product","link":"https:\/\/www.laomeister.com\/fi\/toode\/kaksipuolisen-ulokehyllyn-perusosa-4500-x-1200-x-800mm-2\/","title":{"rendered":"Kaksipuolinen konsolihyllyn runko 4500 x 1200 x 800mm*2"},"content":{"rendered":"","protected":false},"excerpt":{"rendered":"<p><strong>Korkeus: 5500<\/strong>mm <strong>Leveys: <\/strong>1200 mm <strong>Syvyys: <\/strong>800 mm<\/p>\n<p><strong>Kantavuus: <\/strong>500 kg yhdell\u00e4 konsolilla<\/p>\n<p><strong>Tasainen pinta: <\/strong>4 kappaletta (jalka+3)<\/p>\n<p><strong>Konsolihyllyn p\u00e4\u00e4osassa on:<\/strong><br \/>\n<strong>Hylly jalalla <\/strong>&#8211; 2 kpl<b><\/p>\n<p>  <strong>Tuki <\/strong><br \/>\n<\/b>&#8211; 1 kpl<br \/>\n<strong>Konsolit <\/strong>&#8211; 12 kpl<\/p>\n<p>Ammattimainen konsolihylly, jolla on hyv\u00e4 kantavuus pitkien tuotteiden ja materiaalin varastointiin.<br \/>\nKonsolin korkeuden muuttaminen tapahtuu hetkess\u00e4, eli mit\u00e4\u00e4n ei tarvitse ruuvata ja k\u00e4\u00e4nt\u00e4\u00e4 ilman ty\u00f6kaluja.<br \/>\nKonsolihyllyll\u00e4 voit luoda &#8220;postivapaata hyllytilaa&#8221; (esimerkiksi vastaanottoalueelle, terminaaliin jne.), jossa tavaroiden mitat vaihtelevat.<\/p>\n<p><strong>Soveltuu: <\/strong>pitkien tuotteiden (puu, laatat, putket jne.) varastointiin.<\/p>\n<p><strong>Saatavilla on eri leveyksi\u00e4 ja syvyyksi\u00e4, joten vaihtoehtoja on paljon &#8211; kysy rohkeasti lis\u00e4\u00e4!<\/strong><\/p>\n","protected":false},"featured_media":10243,"template":"","meta":[],"product_brand":[],"product_cat":[284,932],"product_tag":[],"class_list":{"0":"post-13374","1":"product","2":"type-product","3":"status-publish","4":"has-post-thumbnail","6":"product_cat-laoriiulid-fi","7":"product_cat-4500-ja-5500-mm-korkeat-konsolihyllyt","9":"first","10":"instock","11":"taxable","12":"shipping-taxable","13":"purchasable","14":"product-type-simple"},"yoast_head":"<!-- This site is optimized with the Yoast SEO plugin v27.3 - https:\/\/yoast.com\/product\/yoast-seo-wordpress\/ -->\n<title>Kaksipuolinen konsolihyllyn runko 4500 x 1200 x 800mm*2 - Balti Laomeister<\/title>\n<meta name=\"description\" content=\"Konsolihyllyt (tunnetaan my\u00f6s nimell\u00e4 olkihyllyt) auttavat s\u00e4ilytt\u00e4m\u00e4\u00e4n tavaroita, jotka ovat liian pitki\u00e4 tai hankalia mahtuakseen perushyllylle.\" \/>\n<meta name=\"robots\" content=\"index, follow, max-snippet:-1, max-image-preview:large, max-video-preview:-1\" \/>\n<link rel=\"canonical\" href=\"https:\/\/www.laomeister.com\/fi\/toode\/kaksipuolisen-ulokehyllyn-perusosa-4500-x-1200-x-800mm-2\/\" \/>\n<meta property=\"og:locale\" content=\"fi_FI\" \/>\n<meta property=\"og:type\" content=\"article\" \/>\n<meta property=\"og:title\" content=\"Kaksipuolinen konsolihyllyn runko 4500 x 1200 x 800mm*2 - Balti Laomeister\" \/>\n<meta property=\"og:description\" content=\"Konsolihyllyt (tunnetaan my\u00f6s nimell\u00e4 olkihyllyt) auttavat s\u00e4ilytt\u00e4m\u00e4\u00e4n tavaroita, jotka ovat liian pitki\u00e4 tai hankalia mahtuakseen perushyllylle.\" \/>\n<meta property=\"og:url\" content=\"https:\/\/www.laomeister.com\/fi\/toode\/kaksipuolisen-ulokehyllyn-perusosa-4500-x-1200-x-800mm-2\/\" \/>\n<meta property=\"og:site_name\" content=\"Balti Laomeister\" \/>\n<meta property=\"article:modified_time\" content=\"2024-07-03T06:41:54+00:00\" \/>\n<meta property=\"og:image\" content=\"https:\/\/www.laomeister.com\/wp-content\/uploads\/2020\/02\/KONSOOLRIIUL-KAHEPOOLNE-4500x800mm-scaled.jpg\" \/>\n\t<meta property=\"og:image:width\" content=\"2560\" \/>\n\t<meta property=\"og:image:height\" content=\"2560\" \/>\n\t<meta property=\"og:image:type\" content=\"image\/jpeg\" \/>\n<meta name=\"twitter:card\" content=\"summary_large_image\" \/>\n<script type=\"application\/ld+json\" class=\"yoast-schema-graph\">{\"@context\":\"https:\\\/\\\/schema.org\",\"@graph\":[{\"@type\":\"WebPage\",\"@id\":\"https:\\\/\\\/www.laomeister.com\\\/fi\\\/toode\\\/kaksipuolisen-ulokehyllyn-perusosa-4500-x-1200-x-800mm-2\\\/\",\"url\":\"https:\\\/\\\/www.laomeister.com\\\/fi\\\/toode\\\/kaksipuolisen-ulokehyllyn-perusosa-4500-x-1200-x-800mm-2\\\/\",\"name\":\"Kaksipuolinen konsolihyllyn runko 4500 x 1200 x 800mm*2 - Balti Laomeister\",\"isPartOf\":{\"@id\":\"https:\\\/\\\/www.laomeister.com\\\/fi\\\/#website\"},\"primaryImageOfPage\":{\"@id\":\"https:\\\/\\\/www.laomeister.com\\\/fi\\\/toode\\\/kaksipuolisen-ulokehyllyn-perusosa-4500-x-1200-x-800mm-2\\\/#primaryimage\"},\"image\":{\"@id\":\"https:\\\/\\\/www.laomeister.com\\\/fi\\\/toode\\\/kaksipuolisen-ulokehyllyn-perusosa-4500-x-1200-x-800mm-2\\\/#primaryimage\"},\"thumbnailUrl\":\"https:\\\/\\\/www.laomeister.com\\\/wp-content\\\/uploads\\\/2020\\\/02\\\/KONSOOLRIIUL-KAHEPOOLNE-4500x800mm-scaled.jpg\",\"datePublished\":\"2020-02-07T13:48:22+00:00\",\"dateModified\":\"2024-07-03T06:41:54+00:00\",\"description\":\"Konsolihyllyt (tunnetaan my\u00f6s nimell\u00e4 olkihyllyt) auttavat s\u00e4ilytt\u00e4m\u00e4\u00e4n tavaroita, jotka ovat liian pitki\u00e4 tai hankalia mahtuakseen perushyllylle.\",\"breadcrumb\":{\"@id\":\"https:\\\/\\\/www.laomeister.com\\\/fi\\\/toode\\\/kaksipuolisen-ulokehyllyn-perusosa-4500-x-1200-x-800mm-2\\\/#breadcrumb\"},\"inLanguage\":\"fi\",\"potentialAction\":[{\"@type\":\"ReadAction\",\"target\":[\"https:\\\/\\\/www.laomeister.com\\\/fi\\\/toode\\\/kaksipuolisen-ulokehyllyn-perusosa-4500-x-1200-x-800mm-2\\\/\"]}]},{\"@type\":\"ImageObject\",\"inLanguage\":\"fi\",\"@id\":\"https:\\\/\\\/www.laomeister.com\\\/fi\\\/toode\\\/kaksipuolisen-ulokehyllyn-perusosa-4500-x-1200-x-800mm-2\\\/#primaryimage\",\"url\":\"https:\\\/\\\/www.laomeister.com\\\/wp-content\\\/uploads\\\/2020\\\/02\\\/KONSOOLRIIUL-KAHEPOOLNE-4500x800mm-scaled.jpg\",\"contentUrl\":\"https:\\\/\\\/www.laomeister.com\\\/wp-content\\\/uploads\\\/2020\\\/02\\\/KONSOOLRIIUL-KAHEPOOLNE-4500x800mm-scaled.jpg\",\"width\":2560,\"height\":2560},{\"@type\":\"BreadcrumbList\",\"@id\":\"https:\\\/\\\/www.laomeister.com\\\/fi\\\/toode\\\/kaksipuolisen-ulokehyllyn-perusosa-4500-x-1200-x-800mm-2\\\/#breadcrumb\",\"itemListElement\":[{\"@type\":\"ListItem\",\"position\":1,\"name\":\"Home\",\"item\":\"https:\\\/\\\/www.laomeister.com\\\/fi\\\/\"},{\"@type\":\"ListItem\",\"position\":2,\"name\":\"Tuotteet\",\"item\":\"https:\\\/\\\/www.laomeister.com\\\/fi\\\/tuotteet\\\/\"},{\"@type\":\"ListItem\",\"position\":3,\"name\":\"Kaksipuolinen konsolihyllyn runko 4500 x 1200 x 800mm*2\"}]},{\"@type\":\"WebSite\",\"@id\":\"https:\\\/\\\/www.laomeister.com\\\/fi\\\/#website\",\"url\":\"https:\\\/\\\/www.laomeister.com\\\/fi\\\/\",\"name\":\"Balti Laomeister\",\"description\":\"Laoriiulid - m&uuml;&uuml;k ja paigaldus\",\"potentialAction\":[{\"@type\":\"SearchAction\",\"target\":{\"@type\":\"EntryPoint\",\"urlTemplate\":\"https:\\\/\\\/www.laomeister.com\\\/fi\\\/?s={search_term_string}\"},\"query-input\":{\"@type\":\"PropertyValueSpecification\",\"valueRequired\":true,\"valueName\":\"search_term_string\"}}],\"inLanguage\":\"fi\"}]}<\/script>\n<!-- \/ Yoast SEO plugin. -->","yoast_head_json":{"title":"Kaksipuolinen konsolihyllyn runko 4500 x 1200 x 800mm*2 - Balti Laomeister","description":"Konsolihyllyt (tunnetaan my\u00f6s nimell\u00e4 olkihyllyt) auttavat s\u00e4ilytt\u00e4m\u00e4\u00e4n tavaroita, jotka ovat liian pitki\u00e4 tai hankalia mahtuakseen perushyllylle.","robots":{"index":"index","follow":"follow","max-snippet":"max-snippet:-1","max-image-preview":"max-image-preview:large","max-video-preview":"max-video-preview:-1"},"canonical":"https:\/\/www.laomeister.com\/fi\/toode\/kaksipuolisen-ulokehyllyn-perusosa-4500-x-1200-x-800mm-2\/","og_locale":"fi_FI","og_type":"article","og_title":"Kaksipuolinen konsolihyllyn runko 4500 x 1200 x 800mm*2 - Balti Laomeister","og_description":"Konsolihyllyt (tunnetaan my\u00f6s nimell\u00e4 olkihyllyt) auttavat s\u00e4ilytt\u00e4m\u00e4\u00e4n tavaroita, jotka ovat liian pitki\u00e4 tai hankalia mahtuakseen perushyllylle.","og_url":"https:\/\/www.laomeister.com\/fi\/toode\/kaksipuolisen-ulokehyllyn-perusosa-4500-x-1200-x-800mm-2\/","og_site_name":"Balti Laomeister","article_modified_time":"2024-07-03T06:41:54+00:00","og_image":[{"width":2560,"height":2560,"url":"https:\/\/www.laomeister.com\/wp-content\/uploads\/2020\/02\/KONSOOLRIIUL-KAHEPOOLNE-4500x800mm-scaled.jpg","type":"image\/jpeg"}],"twitter_card":"summary_large_image","schema":{"@context":"https:\/\/schema.org","@graph":[{"@type":"WebPage","@id":"https:\/\/www.laomeister.com\/fi\/toode\/kaksipuolisen-ulokehyllyn-perusosa-4500-x-1200-x-800mm-2\/","url":"https:\/\/www.laomeister.com\/fi\/toode\/kaksipuolisen-ulokehyllyn-perusosa-4500-x-1200-x-800mm-2\/","name":"Kaksipuolinen konsolihyllyn runko 4500 x 1200 x 800mm*2 - Balti Laomeister","isPartOf":{"@id":"https:\/\/www.laomeister.com\/fi\/#website"},"primaryImageOfPage":{"@id":"https:\/\/www.laomeister.com\/fi\/toode\/kaksipuolisen-ulokehyllyn-perusosa-4500-x-1200-x-800mm-2\/#primaryimage"},"image":{"@id":"https:\/\/www.laomeister.com\/fi\/toode\/kaksipuolisen-ulokehyllyn-perusosa-4500-x-1200-x-800mm-2\/#primaryimage"},"thumbnailUrl":"https:\/\/www.laomeister.com\/wp-content\/uploads\/2020\/02\/KONSOOLRIIUL-KAHEPOOLNE-4500x800mm-scaled.jpg","datePublished":"2020-02-07T13:48:22+00:00","dateModified":"2024-07-03T06:41:54+00:00","description":"Konsolihyllyt (tunnetaan my\u00f6s nimell\u00e4 olkihyllyt) auttavat s\u00e4ilytt\u00e4m\u00e4\u00e4n tavaroita, jotka ovat liian pitki\u00e4 tai hankalia mahtuakseen perushyllylle.","breadcrumb":{"@id":"https:\/\/www.laomeister.com\/fi\/toode\/kaksipuolisen-ulokehyllyn-perusosa-4500-x-1200-x-800mm-2\/#breadcrumb"},"inLanguage":"fi","potentialAction":[{"@type":"ReadAction","target":["https:\/\/www.laomeister.com\/fi\/toode\/kaksipuolisen-ulokehyllyn-perusosa-4500-x-1200-x-800mm-2\/"]}]},{"@type":"ImageObject","inLanguage":"fi","@id":"https:\/\/www.laomeister.com\/fi\/toode\/kaksipuolisen-ulokehyllyn-perusosa-4500-x-1200-x-800mm-2\/#primaryimage","url":"https:\/\/www.laomeister.com\/wp-content\/uploads\/2020\/02\/KONSOOLRIIUL-KAHEPOOLNE-4500x800mm-scaled.jpg","contentUrl":"https:\/\/www.laomeister.com\/wp-content\/uploads\/2020\/02\/KONSOOLRIIUL-KAHEPOOLNE-4500x800mm-scaled.jpg","width":2560,"height":2560},{"@type":"BreadcrumbList","@id":"https:\/\/www.laomeister.com\/fi\/toode\/kaksipuolisen-ulokehyllyn-perusosa-4500-x-1200-x-800mm-2\/#breadcrumb","itemListElement":[{"@type":"ListItem","position":1,"name":"Home","item":"https:\/\/www.laomeister.com\/fi\/"},{"@type":"ListItem","position":2,"name":"Tuotteet","item":"https:\/\/www.laomeister.com\/fi\/tuotteet\/"},{"@type":"ListItem","position":3,"name":"Kaksipuolinen konsolihyllyn runko 4500 x 1200 x 800mm*2"}]},{"@type":"WebSite","@id":"https:\/\/www.laomeister.com\/fi\/#website","url":"https:\/\/www.laomeister.com\/fi\/","name":"Balti Laomeister","description":"Laoriiulid - m&uuml;&uuml;k ja paigaldus","potentialAction":[{"@type":"SearchAction","target":{"@type":"EntryPoint","urlTemplate":"https:\/\/www.laomeister.com\/fi\/?s={search_term_string}"},"query-input":{"@type":"PropertyValueSpecification","valueRequired":true,"valueName":"search_term_string"}}],"inLanguage":"fi"}]}},"_links":{"self":[{"href":"https:\/\/www.laomeister.com\/fi\/wp-json\/wp\/v2\/product\/13374","targetHints":{"allow":["GET"]}}],"collection":[{"href":"https:\/\/www.laomeister.com\/fi\/wp-json\/wp\/v2\/product"}],"about":[{"href":"https:\/\/www.laomeister.com\/fi\/wp-json\/wp\/v2\/types\/product"}],"wp:featuredmedia":[{"embeddable":true,"href":"https:\/\/www.laomeister.com\/fi\/wp-json\/wp\/v2\/media\/10243"}],"wp:attachment":[{"href":"https:\/\/www.laomeister.com\/fi\/wp-json\/wp\/v2\/media?parent=13374"}],"wp:term":[{"taxonomy":"product_brand","embeddable":true,"href":"https:\/\/www.laomeister.com\/fi\/wp-json\/wp\/v2\/product_brand?post=13374"},{"taxonomy":"product_cat","embeddable":true,"href":"https:\/\/www.laomeister.com\/fi\/wp-json\/wp\/v2\/product_cat?post=13374"},{"taxonomy":"product_tag","embeddable":true,"href":"https:\/\/www.laomeister.com\/fi\/wp-json\/wp\/v2\/product_tag?post=13374"}],"curies":[{"name":"wp","href":"https:\/\/api.w.org\/{rel}","templated":true}]}}