{"id":13360,"date":"2020-03-30T12:52:56","date_gmt":"2020-03-30T09:52:56","guid":{"rendered":"https:\/\/www.laomeister.com\/product\/vaheporand-muugikohas-voi-esinduses\/"},"modified":"2024-07-03T09:05:35","modified_gmt":"2024-07-03T06:05:35","slug":"valikerros-myyntipaikassa-tai-edustuksessa","status":"publish","type":"product","link":"https:\/\/www.laomeister.com\/fi\/toode\/valikerros-myyntipaikassa-tai-edustuksessa\/","title":{"rendered":"V\u00e4likerros myyntipisteess\u00e4 tai myyntipisteess\u00e4."},"content":{"rendered":"","protected":false},"excerpt":{"rendered":"<p><strong>Lis\u00e4tietoja: <\/strong>hinta riippuu koosta ja ratkaisusta.<\/p>\n<p>V\u00e4lipohja on helpoin tapa kaksinkertaistaa tai jopa kolminkertaistaa pinta-ala. Pylv\u00e4iden varassa oleva v\u00e4lipohja antaa vapaat k\u00e4det sille, miten ty\u00f6pisteit\u00e4, hyllyj\u00e4, asiakastiloja jne. voidaan yhdist\u00e4\u00e4. v\u00e4lill\u00e4.<\/p>\n<p>Pylv\u00e4iden varaan tuetun <strong>v\u00e4lipohjan<\/strong> &#8220;sielu&#8221; on itsen\u00e4inen metallikehys, jota ei ole kiinnitetty rakennukseen.<\/p>\n<p>Pilarit on liitetty p\u00e4\u00e4palkkeihin, ja p\u00e4\u00e4palkit on liitetty toisiinsa lattiaan tukeutuvilla v\u00e4lipalkeilla. Portaat, porraskaiteet ja porraskiskot ovat <strong>v\u00e4lipohjan<\/strong> olennaisia elementtej\u00e4, joilla varmistetaan turvallinen liikkuminen ylemmiss\u00e4 kerroksissa.<\/p>\n<p>Kuten kaikessa, haluat, ett\u00e4 tarjoamasi ratkaisut toimivat, ovat turvallisia ja laadukkaita. Tolppatukilattioiden toimittajamme on rakentanut paljon lattioita viimeisten 40 vuoden aikana, ja h\u00e4nell\u00e4 on runsaasti tietoa ja kokemusta jaettavana.<\/p>\n<p>Tolppiemme tukema v\u00e4lipohjalattia on kaikkien eurooppalaisten s\u00e4\u00e4nt\u00f6jen, m\u00e4\u00e4r\u00e4ysten ja standardien mukainen, ja kuten jo mainittiin, turvallisuus ja varmuus ovat avainsanoja.<\/p>\n<p>Tutustu blogiimme <a href=\"https:\/\/www.laomeister.com\/paindlikkus-efektiivsus-pohimotteliselt-pinna-dubleerimine-vaheporandaga\/\">t\u00e4\u00e4ll\u00e4<\/a>.<\/p>\n","protected":false},"featured_media":11488,"template":"","meta":[],"product_brand":[],"product_cat":[346],"product_tag":[],"class_list":{"0":"post-13360","1":"product","2":"type-product","3":"status-publish","4":"has-post-thumbnail","6":"product_cat-vaheporandad-ja-korruslaod-fi","8":"first","9":"instock","10":"taxable","11":"shipping-taxable","12":"purchasable","13":"product-type-simple"},"yoast_head":"<!-- This site is optimized with the Yoast SEO plugin v27.3 - https:\/\/yoast.com\/product\/yoast-seo-wordpress\/ -->\n<title>V\u00e4likerros myyntipisteess\u00e4 tai myyntipisteess\u00e4. - Balti Laomeister<\/title>\n<meta name=\"description\" content=\"Myym\u00e4l\u00f6iden tai yritysten esittelytilojen v\u00e4lipohjat ovat yh\u00e4 suositumpia. Koska on j\u00e4rkev\u00e4\u00e4 k\u00e4ytt\u00e4\u00e4 tilaa tehokkaasti, erityisesti myym\u00e4l\u00f6iss\u00e4 tai yrityksiss\u00e4, joissa on korkeat katot. Siell\u00e4 osa alueesta voidaan peitt\u00e4\u00e4 v\u00e4lipohjalla, mik\u00e4 antaa tilalle moniulotteisen tunnelman. Samalla osaa tilasta voidaan k\u00e4ytt\u00e4\u00e4 varastona tai toimistotilana. N\u00e4in ovat syntyneet my\u00f6s loft-tyyppiset toimistoratkaisut.\" \/>\n<meta name=\"robots\" content=\"index, follow, max-snippet:-1, max-image-preview:large, max-video-preview:-1\" \/>\n<link rel=\"canonical\" href=\"https:\/\/www.laomeister.com\/fi\/toode\/valikerros-myyntipaikassa-tai-edustuksessa\/\" \/>\n<meta property=\"og:locale\" content=\"fi_FI\" \/>\n<meta property=\"og:type\" content=\"article\" \/>\n<meta property=\"og:title\" content=\"V\u00e4likerros myyntipisteess\u00e4 tai myyntipisteess\u00e4. - Balti Laomeister\" \/>\n<meta property=\"og:description\" content=\"Myym\u00e4l\u00f6iden tai yritysten esittelytilojen v\u00e4lipohjat ovat yh\u00e4 suositumpia. Koska on j\u00e4rkev\u00e4\u00e4 k\u00e4ytt\u00e4\u00e4 tilaa tehokkaasti, erityisesti myym\u00e4l\u00f6iss\u00e4 tai yrityksiss\u00e4, joissa on korkeat katot. Siell\u00e4 osa alueesta voidaan peitt\u00e4\u00e4 v\u00e4lipohjalla, mik\u00e4 antaa tilalle moniulotteisen tunnelman. Samalla osaa tilasta voidaan k\u00e4ytt\u00e4\u00e4 varastona tai toimistotilana. N\u00e4in ovat syntyneet my\u00f6s loft-tyyppiset toimistoratkaisut.\" \/>\n<meta property=\"og:url\" content=\"https:\/\/www.laomeister.com\/fi\/toode\/valikerros-myyntipaikassa-tai-edustuksessa\/\" \/>\n<meta property=\"og:site_name\" content=\"Balti Laomeister\" \/>\n<meta property=\"article:modified_time\" content=\"2024-07-03T06:05:35+00:00\" \/>\n<meta property=\"og:image\" content=\"https:\/\/www.laomeister.com\/wp-content\/uploads\/2020\/03\/vahep\u00f5randad_pood_m\u00fc\u00fcgikoht.jpg\" \/>\n\t<meta property=\"og:image:width\" content=\"2000\" \/>\n\t<meta property=\"og:image:height\" content=\"1334\" \/>\n\t<meta property=\"og:image:type\" content=\"image\/jpeg\" \/>\n<meta name=\"twitter:card\" content=\"summary_large_image\" \/>\n<script type=\"application\/ld+json\" class=\"yoast-schema-graph\">{\"@context\":\"https:\\\/\\\/schema.org\",\"@graph\":[{\"@type\":\"WebPage\",\"@id\":\"https:\\\/\\\/www.laomeister.com\\\/fi\\\/toode\\\/valikerros-myyntipaikassa-tai-edustuksessa\\\/\",\"url\":\"https:\\\/\\\/www.laomeister.com\\\/fi\\\/toode\\\/valikerros-myyntipaikassa-tai-edustuksessa\\\/\",\"name\":\"V\u00e4likerros myyntipisteess\u00e4 tai myyntipisteess\u00e4. - Balti Laomeister\",\"isPartOf\":{\"@id\":\"https:\\\/\\\/www.laomeister.com\\\/fi\\\/#website\"},\"primaryImageOfPage\":{\"@id\":\"https:\\\/\\\/www.laomeister.com\\\/fi\\\/toode\\\/valikerros-myyntipaikassa-tai-edustuksessa\\\/#primaryimage\"},\"image\":{\"@id\":\"https:\\\/\\\/www.laomeister.com\\\/fi\\\/toode\\\/valikerros-myyntipaikassa-tai-edustuksessa\\\/#primaryimage\"},\"thumbnailUrl\":\"https:\\\/\\\/www.laomeister.com\\\/wp-content\\\/uploads\\\/2020\\\/03\\\/vahep\u00f5randad_pood_m\u00fc\u00fcgikoht.jpg\",\"datePublished\":\"2020-03-30T09:52:56+00:00\",\"dateModified\":\"2024-07-03T06:05:35+00:00\",\"description\":\"Myym\u00e4l\u00f6iden tai yritysten esittelytilojen v\u00e4lipohjat ovat yh\u00e4 suositumpia. Koska on j\u00e4rkev\u00e4\u00e4 k\u00e4ytt\u00e4\u00e4 tilaa tehokkaasti, erityisesti myym\u00e4l\u00f6iss\u00e4 tai yrityksiss\u00e4, joissa on korkeat katot. Siell\u00e4 osa alueesta voidaan peitt\u00e4\u00e4 v\u00e4lipohjalla, mik\u00e4 antaa tilalle moniulotteisen tunnelman. Samalla osaa tilasta voidaan k\u00e4ytt\u00e4\u00e4 varastona tai toimistotilana. N\u00e4in ovat syntyneet my\u00f6s loft-tyyppiset toimistoratkaisut.\",\"breadcrumb\":{\"@id\":\"https:\\\/\\\/www.laomeister.com\\\/fi\\\/toode\\\/valikerros-myyntipaikassa-tai-edustuksessa\\\/#breadcrumb\"},\"inLanguage\":\"fi\",\"potentialAction\":[{\"@type\":\"ReadAction\",\"target\":[\"https:\\\/\\\/www.laomeister.com\\\/fi\\\/toode\\\/valikerros-myyntipaikassa-tai-edustuksessa\\\/\"]}]},{\"@type\":\"ImageObject\",\"inLanguage\":\"fi\",\"@id\":\"https:\\\/\\\/www.laomeister.com\\\/fi\\\/toode\\\/valikerros-myyntipaikassa-tai-edustuksessa\\\/#primaryimage\",\"url\":\"https:\\\/\\\/www.laomeister.com\\\/wp-content\\\/uploads\\\/2020\\\/03\\\/vahep\u00f5randad_pood_m\u00fc\u00fcgikoht.jpg\",\"contentUrl\":\"https:\\\/\\\/www.laomeister.com\\\/wp-content\\\/uploads\\\/2020\\\/03\\\/vahep\u00f5randad_pood_m\u00fc\u00fcgikoht.jpg\",\"width\":2000,\"height\":1334},{\"@type\":\"BreadcrumbList\",\"@id\":\"https:\\\/\\\/www.laomeister.com\\\/fi\\\/toode\\\/valikerros-myyntipaikassa-tai-edustuksessa\\\/#breadcrumb\",\"itemListElement\":[{\"@type\":\"ListItem\",\"position\":1,\"name\":\"Home\",\"item\":\"https:\\\/\\\/www.laomeister.com\\\/fi\\\/\"},{\"@type\":\"ListItem\",\"position\":2,\"name\":\"Tuotteet\",\"item\":\"https:\\\/\\\/www.laomeister.com\\\/fi\\\/tuotteet\\\/\"},{\"@type\":\"ListItem\",\"position\":3,\"name\":\"V\u00e4likerros myyntipisteess\u00e4 tai myyntipisteess\u00e4.\"}]},{\"@type\":\"WebSite\",\"@id\":\"https:\\\/\\\/www.laomeister.com\\\/fi\\\/#website\",\"url\":\"https:\\\/\\\/www.laomeister.com\\\/fi\\\/\",\"name\":\"Balti Laomeister\",\"description\":\"Laoriiulid - m&uuml;&uuml;k ja paigaldus\",\"potentialAction\":[{\"@type\":\"SearchAction\",\"target\":{\"@type\":\"EntryPoint\",\"urlTemplate\":\"https:\\\/\\\/www.laomeister.com\\\/fi\\\/?s={search_term_string}\"},\"query-input\":{\"@type\":\"PropertyValueSpecification\",\"valueRequired\":true,\"valueName\":\"search_term_string\"}}],\"inLanguage\":\"fi\"}]}<\/script>\n<!-- \/ Yoast SEO plugin. -->","yoast_head_json":{"title":"V\u00e4likerros myyntipisteess\u00e4 tai myyntipisteess\u00e4. - Balti Laomeister","description":"Myym\u00e4l\u00f6iden tai yritysten esittelytilojen v\u00e4lipohjat ovat yh\u00e4 suositumpia. Koska on j\u00e4rkev\u00e4\u00e4 k\u00e4ytt\u00e4\u00e4 tilaa tehokkaasti, erityisesti myym\u00e4l\u00f6iss\u00e4 tai yrityksiss\u00e4, joissa on korkeat katot. Siell\u00e4 osa alueesta voidaan peitt\u00e4\u00e4 v\u00e4lipohjalla, mik\u00e4 antaa tilalle moniulotteisen tunnelman. Samalla osaa tilasta voidaan k\u00e4ytt\u00e4\u00e4 varastona tai toimistotilana. N\u00e4in ovat syntyneet my\u00f6s loft-tyyppiset toimistoratkaisut.","robots":{"index":"index","follow":"follow","max-snippet":"max-snippet:-1","max-image-preview":"max-image-preview:large","max-video-preview":"max-video-preview:-1"},"canonical":"https:\/\/www.laomeister.com\/fi\/toode\/valikerros-myyntipaikassa-tai-edustuksessa\/","og_locale":"fi_FI","og_type":"article","og_title":"V\u00e4likerros myyntipisteess\u00e4 tai myyntipisteess\u00e4. - Balti Laomeister","og_description":"Myym\u00e4l\u00f6iden tai yritysten esittelytilojen v\u00e4lipohjat ovat yh\u00e4 suositumpia. Koska on j\u00e4rkev\u00e4\u00e4 k\u00e4ytt\u00e4\u00e4 tilaa tehokkaasti, erityisesti myym\u00e4l\u00f6iss\u00e4 tai yrityksiss\u00e4, joissa on korkeat katot. Siell\u00e4 osa alueesta voidaan peitt\u00e4\u00e4 v\u00e4lipohjalla, mik\u00e4 antaa tilalle moniulotteisen tunnelman. Samalla osaa tilasta voidaan k\u00e4ytt\u00e4\u00e4 varastona tai toimistotilana. N\u00e4in ovat syntyneet my\u00f6s loft-tyyppiset toimistoratkaisut.","og_url":"https:\/\/www.laomeister.com\/fi\/toode\/valikerros-myyntipaikassa-tai-edustuksessa\/","og_site_name":"Balti Laomeister","article_modified_time":"2024-07-03T06:05:35+00:00","og_image":[{"width":2000,"height":1334,"url":"https:\/\/www.laomeister.com\/wp-content\/uploads\/2020\/03\/vahep\u00f5randad_pood_m\u00fc\u00fcgikoht.jpg","type":"image\/jpeg"}],"twitter_card":"summary_large_image","schema":{"@context":"https:\/\/schema.org","@graph":[{"@type":"WebPage","@id":"https:\/\/www.laomeister.com\/fi\/toode\/valikerros-myyntipaikassa-tai-edustuksessa\/","url":"https:\/\/www.laomeister.com\/fi\/toode\/valikerros-myyntipaikassa-tai-edustuksessa\/","name":"V\u00e4likerros myyntipisteess\u00e4 tai myyntipisteess\u00e4. - Balti Laomeister","isPartOf":{"@id":"https:\/\/www.laomeister.com\/fi\/#website"},"primaryImageOfPage":{"@id":"https:\/\/www.laomeister.com\/fi\/toode\/valikerros-myyntipaikassa-tai-edustuksessa\/#primaryimage"},"image":{"@id":"https:\/\/www.laomeister.com\/fi\/toode\/valikerros-myyntipaikassa-tai-edustuksessa\/#primaryimage"},"thumbnailUrl":"https:\/\/www.laomeister.com\/wp-content\/uploads\/2020\/03\/vahep\u00f5randad_pood_m\u00fc\u00fcgikoht.jpg","datePublished":"2020-03-30T09:52:56+00:00","dateModified":"2024-07-03T06:05:35+00:00","description":"Myym\u00e4l\u00f6iden tai yritysten esittelytilojen v\u00e4lipohjat ovat yh\u00e4 suositumpia. Koska on j\u00e4rkev\u00e4\u00e4 k\u00e4ytt\u00e4\u00e4 tilaa tehokkaasti, erityisesti myym\u00e4l\u00f6iss\u00e4 tai yrityksiss\u00e4, joissa on korkeat katot. Siell\u00e4 osa alueesta voidaan peitt\u00e4\u00e4 v\u00e4lipohjalla, mik\u00e4 antaa tilalle moniulotteisen tunnelman. Samalla osaa tilasta voidaan k\u00e4ytt\u00e4\u00e4 varastona tai toimistotilana. N\u00e4in ovat syntyneet my\u00f6s loft-tyyppiset toimistoratkaisut.","breadcrumb":{"@id":"https:\/\/www.laomeister.com\/fi\/toode\/valikerros-myyntipaikassa-tai-edustuksessa\/#breadcrumb"},"inLanguage":"fi","potentialAction":[{"@type":"ReadAction","target":["https:\/\/www.laomeister.com\/fi\/toode\/valikerros-myyntipaikassa-tai-edustuksessa\/"]}]},{"@type":"ImageObject","inLanguage":"fi","@id":"https:\/\/www.laomeister.com\/fi\/toode\/valikerros-myyntipaikassa-tai-edustuksessa\/#primaryimage","url":"https:\/\/www.laomeister.com\/wp-content\/uploads\/2020\/03\/vahep\u00f5randad_pood_m\u00fc\u00fcgikoht.jpg","contentUrl":"https:\/\/www.laomeister.com\/wp-content\/uploads\/2020\/03\/vahep\u00f5randad_pood_m\u00fc\u00fcgikoht.jpg","width":2000,"height":1334},{"@type":"BreadcrumbList","@id":"https:\/\/www.laomeister.com\/fi\/toode\/valikerros-myyntipaikassa-tai-edustuksessa\/#breadcrumb","itemListElement":[{"@type":"ListItem","position":1,"name":"Home","item":"https:\/\/www.laomeister.com\/fi\/"},{"@type":"ListItem","position":2,"name":"Tuotteet","item":"https:\/\/www.laomeister.com\/fi\/tuotteet\/"},{"@type":"ListItem","position":3,"name":"V\u00e4likerros myyntipisteess\u00e4 tai myyntipisteess\u00e4."}]},{"@type":"WebSite","@id":"https:\/\/www.laomeister.com\/fi\/#website","url":"https:\/\/www.laomeister.com\/fi\/","name":"Balti Laomeister","description":"Laoriiulid - m&uuml;&uuml;k ja paigaldus","potentialAction":[{"@type":"SearchAction","target":{"@type":"EntryPoint","urlTemplate":"https:\/\/www.laomeister.com\/fi\/?s={search_term_string}"},"query-input":{"@type":"PropertyValueSpecification","valueRequired":true,"valueName":"search_term_string"}}],"inLanguage":"fi"}]}},"_links":{"self":[{"href":"https:\/\/www.laomeister.com\/fi\/wp-json\/wp\/v2\/product\/13360","targetHints":{"allow":["GET"]}}],"collection":[{"href":"https:\/\/www.laomeister.com\/fi\/wp-json\/wp\/v2\/product"}],"about":[{"href":"https:\/\/www.laomeister.com\/fi\/wp-json\/wp\/v2\/types\/product"}],"wp:featuredmedia":[{"embeddable":true,"href":"https:\/\/www.laomeister.com\/fi\/wp-json\/wp\/v2\/media\/11488"}],"wp:attachment":[{"href":"https:\/\/www.laomeister.com\/fi\/wp-json\/wp\/v2\/media?parent=13360"}],"wp:term":[{"taxonomy":"product_brand","embeddable":true,"href":"https:\/\/www.laomeister.com\/fi\/wp-json\/wp\/v2\/product_brand?post=13360"},{"taxonomy":"product_cat","embeddable":true,"href":"https:\/\/www.laomeister.com\/fi\/wp-json\/wp\/v2\/product_cat?post=13360"},{"taxonomy":"product_tag","embeddable":true,"href":"https:\/\/www.laomeister.com\/fi\/wp-json\/wp\/v2\/product_tag?post=13360"}],"curies":[{"name":"wp","href":"https:\/\/api.w.org\/{rel}","templated":true}]}}