{"id":13349,"date":"2020-03-30T15:27:07","date_gmt":"2020-03-30T12:27:07","guid":{"rendered":"https:\/\/www.laomeister.com\/product\/korrusladu-laoriiulitel-labi-korruse\/"},"modified":"2024-07-03T09:06:00","modified_gmt":"2024-07-03T06:06:00","slug":"varastohyllyjen-paalla-oleva-lattian-lapaiseva-kerrosvarasto","status":"publish","type":"product","link":"https:\/\/www.laomeister.com\/fi\/toode\/varastohyllyjen-paalla-oleva-lattian-lapaiseva-kerrosvarasto\/","title":{"rendered":"K\u00e4yt\u00e4v\u00e4varasto, jossa on lattian l\u00e4pi kulkevat varastohyllyt"},"content":{"rendered":"","protected":false},"excerpt":{"rendered":"<p><strong>Lis\u00e4tietoja: <\/strong>hinta riippuu koosta ja ratkaisusta.<\/p>\n<p><strong>K\u00e4yt\u00e4v\u00e4varaston<\/strong> rakentamiseen on monia erilaisia l\u00e4hestymistapoja, ja k\u00e4ytt\u00f6tarkoituksen erityisluonne m\u00e4\u00e4ritt\u00e4\u00e4 l\u00e4hestymistavan.<\/p>\n<p>Jos tavaroita on tarkoitus s\u00e4ilytt\u00e4\u00e4 <strong>hyllyiss\u00e4<\/strong> seuraavissa kerroksissa, voidaan k\u00e4ytt\u00e4\u00e4 ratkaisua, jossa hyllyjen kehykset kulkevat lattian l\u00e4pi. Esimerkiksi modulaariset hyllykehikot ovat 5 metri\u00e4 korkeita ja menev\u00e4t lattian l\u00e4pi, ja <strong>v\u00e4lipohjan<\/strong> korkeus k\u00e4yt\u00e4vill\u00e4 on 2500 mm.<\/p>\n<p>Modulaarisen hyllyn sis\u00e4ll\u00e4 oleva <strong>v\u00e4lipohja<\/strong> on itse hylly. T\u00e4ss\u00e4 tapauksessa hyllyjen suuntaus on kiinte\u00e4 ja kiinte\u00e4 molemmissa kerroksissa. Samoja runkoja voidaan k\u00e4ytt\u00e4\u00e4, ja lattian rakentamiseen tarvitaan v\u00e4hemm\u00e4n rakennusmateriaalia.<\/p>\n<p>Edell\u00e4 mainitut ovat vain esimerkkej\u00e4, tosiel\u00e4m\u00e4 on paljon monipuolisempaa, ja olemme valmistaneet lattioita monilla eri vaihtoehtojen yhdistelmill\u00e4 varmistaaksemme, ett\u00e4 asiakas saa kaikki toiveensa t\u00e4ytetty\u00e4.<\/p>\n<p>Tutustu blogiimme <a href=\"https:\/\/www.laomeister.com\/korruslao-loomine-kasutades-laoriiulitele-toetuvat-lahendust\/\">t\u00e4\u00e4ll\u00e4<\/a>.<\/p>\n","protected":false},"featured_media":11472,"template":"","meta":[],"product_brand":[],"product_cat":[346],"product_tag":[],"class_list":{"0":"post-13349","1":"product","2":"type-product","3":"status-publish","4":"has-post-thumbnail","6":"product_cat-vaheporandad-ja-korruslaod-fi","8":"first","9":"instock","10":"taxable","11":"shipping-taxable","12":"purchasable","13":"product-type-simple"},"yoast_head":"<!-- This site is optimized with the Yoast SEO plugin v27.3 - https:\/\/yoast.com\/product\/yoast-seo-wordpress\/ -->\n<title>K\u00e4yt\u00e4v\u00e4varasto, jossa on lattian l\u00e4pi kulkevat varastohyllyt - Balti Laomeister<\/title>\n<meta name=\"robots\" content=\"index, follow, max-snippet:-1, max-image-preview:large, max-video-preview:-1\" \/>\n<link rel=\"canonical\" href=\"https:\/\/www.laomeister.com\/fi\/toode\/varastohyllyjen-paalla-oleva-lattian-lapaiseva-kerrosvarasto\/\" \/>\n<meta property=\"og:locale\" content=\"fi_FI\" \/>\n<meta property=\"og:type\" content=\"article\" \/>\n<meta property=\"og:title\" content=\"K\u00e4yt\u00e4v\u00e4varasto, jossa on lattian l\u00e4pi kulkevat varastohyllyt - Balti Laomeister\" \/>\n<meta property=\"og:description\" content=\"Lis\u00e4tietoja: hinta riippuu koosta ja ratkaisusta. K\u00e4yt\u00e4v\u00e4varaston rakentamiseen on monia erilaisia l\u00e4hestymistapoja, ja k\u00e4ytt\u00f6tarkoituksen erityisluonne m\u00e4\u00e4ritt\u00e4\u00e4 l\u00e4hestymistavan. Jos tavaroita on tarkoitus s\u00e4ilytt\u00e4\u00e4 hyllyiss\u00e4 seuraavissa kerroksissa, voidaan k\u00e4ytt\u00e4\u00e4 ratkaisua, jossa hyllyjen kehykset kulkevat lattian l\u00e4pi. Esimerkiksi modulaariset hyllykehikot ovat 5 metri\u00e4 korkeita ja menev\u00e4t lattian l\u00e4pi, ja v\u00e4lipohjan korkeus k\u00e4yt\u00e4vill\u00e4 on 2500 mm. Modulaarisen hyllyn sis\u00e4ll\u00e4 oleva v\u00e4lipohja on itse hylly. T\u00e4ss\u00e4 tapauksessa hyllyjen suuntaus on kiinte\u00e4 ja kiinte\u00e4 molemmissa kerroksissa. Samoja runkoja voidaan k\u00e4ytt\u00e4\u00e4, ja lattian rakentamiseen tarvitaan v\u00e4hemm\u00e4n rakennusmateriaalia. Edell\u00e4 mainitut ovat vain esimerkkej\u00e4, tosiel\u00e4m\u00e4 on paljon monipuolisempaa, ja olemme valmistaneet lattioita monilla eri vaihtoehtojen yhdistelmill\u00e4 varmistaaksemme, ett\u00e4 asiakas saa kaikki toiveensa t\u00e4ytetty\u00e4. Tutustu blogiimme t\u00e4\u00e4ll\u00e4.\" \/>\n<meta property=\"og:url\" content=\"https:\/\/www.laomeister.com\/fi\/toode\/varastohyllyjen-paalla-oleva-lattian-lapaiseva-kerrosvarasto\/\" \/>\n<meta property=\"og:site_name\" content=\"Balti Laomeister\" \/>\n<meta property=\"article:modified_time\" content=\"2024-07-03T06:06:00+00:00\" \/>\n<meta property=\"og:image\" content=\"https:\/\/www.laomeister.com\/wp-content\/uploads\/2020\/03\/korrusladu_laoriiulitel3.jpg\" \/>\n\t<meta property=\"og:image:width\" content=\"1383\" \/>\n\t<meta property=\"og:image:height\" content=\"780\" \/>\n\t<meta property=\"og:image:type\" content=\"image\/jpeg\" \/>\n<meta name=\"twitter:card\" content=\"summary_large_image\" \/>\n<script type=\"application\/ld+json\" class=\"yoast-schema-graph\">{\"@context\":\"https:\\\/\\\/schema.org\",\"@graph\":[{\"@type\":\"WebPage\",\"@id\":\"https:\\\/\\\/www.laomeister.com\\\/fi\\\/toode\\\/varastohyllyjen-paalla-oleva-lattian-lapaiseva-kerrosvarasto\\\/\",\"url\":\"https:\\\/\\\/www.laomeister.com\\\/fi\\\/toode\\\/varastohyllyjen-paalla-oleva-lattian-lapaiseva-kerrosvarasto\\\/\",\"name\":\"K\u00e4yt\u00e4v\u00e4varasto, jossa on lattian l\u00e4pi kulkevat varastohyllyt - Balti Laomeister\",\"isPartOf\":{\"@id\":\"https:\\\/\\\/www.laomeister.com\\\/fi\\\/#website\"},\"primaryImageOfPage\":{\"@id\":\"https:\\\/\\\/www.laomeister.com\\\/fi\\\/toode\\\/varastohyllyjen-paalla-oleva-lattian-lapaiseva-kerrosvarasto\\\/#primaryimage\"},\"image\":{\"@id\":\"https:\\\/\\\/www.laomeister.com\\\/fi\\\/toode\\\/varastohyllyjen-paalla-oleva-lattian-lapaiseva-kerrosvarasto\\\/#primaryimage\"},\"thumbnailUrl\":\"https:\\\/\\\/www.laomeister.com\\\/wp-content\\\/uploads\\\/2020\\\/03\\\/korrusladu_laoriiulitel3.jpg\",\"datePublished\":\"2020-03-30T12:27:07+00:00\",\"dateModified\":\"2024-07-03T06:06:00+00:00\",\"breadcrumb\":{\"@id\":\"https:\\\/\\\/www.laomeister.com\\\/fi\\\/toode\\\/varastohyllyjen-paalla-oleva-lattian-lapaiseva-kerrosvarasto\\\/#breadcrumb\"},\"inLanguage\":\"fi\",\"potentialAction\":[{\"@type\":\"ReadAction\",\"target\":[\"https:\\\/\\\/www.laomeister.com\\\/fi\\\/toode\\\/varastohyllyjen-paalla-oleva-lattian-lapaiseva-kerrosvarasto\\\/\"]}]},{\"@type\":\"ImageObject\",\"inLanguage\":\"fi\",\"@id\":\"https:\\\/\\\/www.laomeister.com\\\/fi\\\/toode\\\/varastohyllyjen-paalla-oleva-lattian-lapaiseva-kerrosvarasto\\\/#primaryimage\",\"url\":\"https:\\\/\\\/www.laomeister.com\\\/wp-content\\\/uploads\\\/2020\\\/03\\\/korrusladu_laoriiulitel3.jpg\",\"contentUrl\":\"https:\\\/\\\/www.laomeister.com\\\/wp-content\\\/uploads\\\/2020\\\/03\\\/korrusladu_laoriiulitel3.jpg\",\"width\":1383,\"height\":780},{\"@type\":\"BreadcrumbList\",\"@id\":\"https:\\\/\\\/www.laomeister.com\\\/fi\\\/toode\\\/varastohyllyjen-paalla-oleva-lattian-lapaiseva-kerrosvarasto\\\/#breadcrumb\",\"itemListElement\":[{\"@type\":\"ListItem\",\"position\":1,\"name\":\"Home\",\"item\":\"https:\\\/\\\/www.laomeister.com\\\/fi\\\/\"},{\"@type\":\"ListItem\",\"position\":2,\"name\":\"Tuotteet\",\"item\":\"https:\\\/\\\/www.laomeister.com\\\/fi\\\/tuotteet\\\/\"},{\"@type\":\"ListItem\",\"position\":3,\"name\":\"K\u00e4yt\u00e4v\u00e4varasto, jossa on lattian l\u00e4pi kulkevat varastohyllyt\"}]},{\"@type\":\"WebSite\",\"@id\":\"https:\\\/\\\/www.laomeister.com\\\/fi\\\/#website\",\"url\":\"https:\\\/\\\/www.laomeister.com\\\/fi\\\/\",\"name\":\"Balti Laomeister\",\"description\":\"Laoriiulid - m&uuml;&uuml;k ja paigaldus\",\"potentialAction\":[{\"@type\":\"SearchAction\",\"target\":{\"@type\":\"EntryPoint\",\"urlTemplate\":\"https:\\\/\\\/www.laomeister.com\\\/fi\\\/?s={search_term_string}\"},\"query-input\":{\"@type\":\"PropertyValueSpecification\",\"valueRequired\":true,\"valueName\":\"search_term_string\"}}],\"inLanguage\":\"fi\"}]}<\/script>\n<!-- \/ Yoast SEO plugin. -->","yoast_head_json":{"title":"K\u00e4yt\u00e4v\u00e4varasto, jossa on lattian l\u00e4pi kulkevat varastohyllyt - Balti Laomeister","robots":{"index":"index","follow":"follow","max-snippet":"max-snippet:-1","max-image-preview":"max-image-preview:large","max-video-preview":"max-video-preview:-1"},"canonical":"https:\/\/www.laomeister.com\/fi\/toode\/varastohyllyjen-paalla-oleva-lattian-lapaiseva-kerrosvarasto\/","og_locale":"fi_FI","og_type":"article","og_title":"K\u00e4yt\u00e4v\u00e4varasto, jossa on lattian l\u00e4pi kulkevat varastohyllyt - Balti Laomeister","og_description":"Lis\u00e4tietoja: hinta riippuu koosta ja ratkaisusta. K\u00e4yt\u00e4v\u00e4varaston rakentamiseen on monia erilaisia l\u00e4hestymistapoja, ja k\u00e4ytt\u00f6tarkoituksen erityisluonne m\u00e4\u00e4ritt\u00e4\u00e4 l\u00e4hestymistavan. Jos tavaroita on tarkoitus s\u00e4ilytt\u00e4\u00e4 hyllyiss\u00e4 seuraavissa kerroksissa, voidaan k\u00e4ytt\u00e4\u00e4 ratkaisua, jossa hyllyjen kehykset kulkevat lattian l\u00e4pi. Esimerkiksi modulaariset hyllykehikot ovat 5 metri\u00e4 korkeita ja menev\u00e4t lattian l\u00e4pi, ja v\u00e4lipohjan korkeus k\u00e4yt\u00e4vill\u00e4 on 2500 mm. Modulaarisen hyllyn sis\u00e4ll\u00e4 oleva v\u00e4lipohja on itse hylly. T\u00e4ss\u00e4 tapauksessa hyllyjen suuntaus on kiinte\u00e4 ja kiinte\u00e4 molemmissa kerroksissa. Samoja runkoja voidaan k\u00e4ytt\u00e4\u00e4, ja lattian rakentamiseen tarvitaan v\u00e4hemm\u00e4n rakennusmateriaalia. Edell\u00e4 mainitut ovat vain esimerkkej\u00e4, tosiel\u00e4m\u00e4 on paljon monipuolisempaa, ja olemme valmistaneet lattioita monilla eri vaihtoehtojen yhdistelmill\u00e4 varmistaaksemme, ett\u00e4 asiakas saa kaikki toiveensa t\u00e4ytetty\u00e4. Tutustu blogiimme t\u00e4\u00e4ll\u00e4.","og_url":"https:\/\/www.laomeister.com\/fi\/toode\/varastohyllyjen-paalla-oleva-lattian-lapaiseva-kerrosvarasto\/","og_site_name":"Balti Laomeister","article_modified_time":"2024-07-03T06:06:00+00:00","og_image":[{"width":1383,"height":780,"url":"https:\/\/www.laomeister.com\/wp-content\/uploads\/2020\/03\/korrusladu_laoriiulitel3.jpg","type":"image\/jpeg"}],"twitter_card":"summary_large_image","schema":{"@context":"https:\/\/schema.org","@graph":[{"@type":"WebPage","@id":"https:\/\/www.laomeister.com\/fi\/toode\/varastohyllyjen-paalla-oleva-lattian-lapaiseva-kerrosvarasto\/","url":"https:\/\/www.laomeister.com\/fi\/toode\/varastohyllyjen-paalla-oleva-lattian-lapaiseva-kerrosvarasto\/","name":"K\u00e4yt\u00e4v\u00e4varasto, jossa on lattian l\u00e4pi kulkevat varastohyllyt - Balti Laomeister","isPartOf":{"@id":"https:\/\/www.laomeister.com\/fi\/#website"},"primaryImageOfPage":{"@id":"https:\/\/www.laomeister.com\/fi\/toode\/varastohyllyjen-paalla-oleva-lattian-lapaiseva-kerrosvarasto\/#primaryimage"},"image":{"@id":"https:\/\/www.laomeister.com\/fi\/toode\/varastohyllyjen-paalla-oleva-lattian-lapaiseva-kerrosvarasto\/#primaryimage"},"thumbnailUrl":"https:\/\/www.laomeister.com\/wp-content\/uploads\/2020\/03\/korrusladu_laoriiulitel3.jpg","datePublished":"2020-03-30T12:27:07+00:00","dateModified":"2024-07-03T06:06:00+00:00","breadcrumb":{"@id":"https:\/\/www.laomeister.com\/fi\/toode\/varastohyllyjen-paalla-oleva-lattian-lapaiseva-kerrosvarasto\/#breadcrumb"},"inLanguage":"fi","potentialAction":[{"@type":"ReadAction","target":["https:\/\/www.laomeister.com\/fi\/toode\/varastohyllyjen-paalla-oleva-lattian-lapaiseva-kerrosvarasto\/"]}]},{"@type":"ImageObject","inLanguage":"fi","@id":"https:\/\/www.laomeister.com\/fi\/toode\/varastohyllyjen-paalla-oleva-lattian-lapaiseva-kerrosvarasto\/#primaryimage","url":"https:\/\/www.laomeister.com\/wp-content\/uploads\/2020\/03\/korrusladu_laoriiulitel3.jpg","contentUrl":"https:\/\/www.laomeister.com\/wp-content\/uploads\/2020\/03\/korrusladu_laoriiulitel3.jpg","width":1383,"height":780},{"@type":"BreadcrumbList","@id":"https:\/\/www.laomeister.com\/fi\/toode\/varastohyllyjen-paalla-oleva-lattian-lapaiseva-kerrosvarasto\/#breadcrumb","itemListElement":[{"@type":"ListItem","position":1,"name":"Home","item":"https:\/\/www.laomeister.com\/fi\/"},{"@type":"ListItem","position":2,"name":"Tuotteet","item":"https:\/\/www.laomeister.com\/fi\/tuotteet\/"},{"@type":"ListItem","position":3,"name":"K\u00e4yt\u00e4v\u00e4varasto, jossa on lattian l\u00e4pi kulkevat varastohyllyt"}]},{"@type":"WebSite","@id":"https:\/\/www.laomeister.com\/fi\/#website","url":"https:\/\/www.laomeister.com\/fi\/","name":"Balti Laomeister","description":"Laoriiulid - m&uuml;&uuml;k ja paigaldus","potentialAction":[{"@type":"SearchAction","target":{"@type":"EntryPoint","urlTemplate":"https:\/\/www.laomeister.com\/fi\/?s={search_term_string}"},"query-input":{"@type":"PropertyValueSpecification","valueRequired":true,"valueName":"search_term_string"}}],"inLanguage":"fi"}]}},"_links":{"self":[{"href":"https:\/\/www.laomeister.com\/fi\/wp-json\/wp\/v2\/product\/13349","targetHints":{"allow":["GET"]}}],"collection":[{"href":"https:\/\/www.laomeister.com\/fi\/wp-json\/wp\/v2\/product"}],"about":[{"href":"https:\/\/www.laomeister.com\/fi\/wp-json\/wp\/v2\/types\/product"}],"wp:featuredmedia":[{"embeddable":true,"href":"https:\/\/www.laomeister.com\/fi\/wp-json\/wp\/v2\/media\/11472"}],"wp:attachment":[{"href":"https:\/\/www.laomeister.com\/fi\/wp-json\/wp\/v2\/media?parent=13349"}],"wp:term":[{"taxonomy":"product_brand","embeddable":true,"href":"https:\/\/www.laomeister.com\/fi\/wp-json\/wp\/v2\/product_brand?post=13349"},{"taxonomy":"product_cat","embeddable":true,"href":"https:\/\/www.laomeister.com\/fi\/wp-json\/wp\/v2\/product_cat?post=13349"},{"taxonomy":"product_tag","embeddable":true,"href":"https:\/\/www.laomeister.com\/fi\/wp-json\/wp\/v2\/product_tag?post=13349"}],"curies":[{"name":"wp","href":"https:\/\/api.w.org\/{rel}","templated":true}]}}