{"id":13337,"date":"2020-04-13T14:08:36","date_gmt":"2020-04-13T11:08:36","guid":{"rendered":"https:\/\/www.laomeister.com\/product\/toolaud-2000x800-mm-manuaalse-korguse-reguleerimisega\/"},"modified":"2024-07-03T09:42:12","modified_gmt":"2024-07-03T06:42:12","slug":"toolaud-2000x800-mm-manuaalse-korguse-reguleerimisega","status":"publish","type":"product","link":"https:\/\/www.laomeister.com\/fi\/toode\/toolaud-2000x800-mm-manuaalse-korguse-reguleerimisega\/","title":{"rendered":"Pakkauslauta 2000&#215;800 mm manuaalisella korkeuss\u00e4\u00e4d\u00f6ll\u00e4, I74304"},"content":{"rendered":"","protected":false},"excerpt":{"rendered":"<p>Ty\u00f6p\u00f6yt\u00e4 2000&#215;800 mm, jossa on manuaalinen korkeuss\u00e4\u00e4t\u00f6<\/p>\n<p><strong>Lis\u00e4tietoja:<\/strong><br \/>\n&#8211; leveys: 2000 mm;<br \/>\n&#8211; syvyys: 800 mm;<br \/>\n&#8211; korkeus min: 720 mm;<br \/>\n&#8211; korkeus min: 970 mm;<br \/>\n&#8211; Ty\u00f6tason paksuus: 20 mm;<br \/>\n&#8211; kantavuus: 150 kg.<\/p>\n<p>Ideoita kevyempien tavaroiden pakkaamiseen ja valmisteluun isolla p\u00f6yd\u00e4ll\u00e4 ! Saatavana on my\u00f6s takaosa, joka voidaan yhdist\u00e4\u00e4 kunnollisen pakkauskulman luomiseksi.<\/p>\n<p>Kysy rohkeasti lis\u00e4\u00e4!<\/p>\n","protected":false},"featured_media":11663,"template":"","meta":[],"product_brand":[],"product_cat":[276,282,867],"product_tag":[],"class_list":{"0":"post-13337","1":"product","2":"type-product","3":"status-publish","4":"has-post-thumbnail","6":"product_cat-laomoobel-fi","7":"product_cat-toolauad-fi","8":"product_cat-pakkaus","10":"first","11":"instock","12":"taxable","13":"shipping-taxable","14":"purchasable","15":"product-type-simple"},"yoast_head":"<!-- This site is optimized with the Yoast SEO plugin v27.3 - https:\/\/yoast.com\/product\/yoast-seo-wordpress\/ -->\n<title>Pakkauslauta 2000x800 mm manuaalisella korkeuss\u00e4\u00e4d\u00f6ll\u00e4, I74304 - Balti Laomeister<\/title>\n<meta name=\"description\" content=\"Ty\u00f6p\u00f6yt\u00e4 pakkaamista ja ty\u00f6nurkkauksen luomista varten. Manuaalinen korkeuss\u00e4\u00e4t\u00f6. Ty\u00f6p\u00f6yd\u00e4lle voidaan lis\u00e4t\u00e4 moduuleja toiminnallisuuden lis\u00e4\u00e4miseksi.\" \/>\n<meta name=\"robots\" content=\"index, follow, max-snippet:-1, max-image-preview:large, max-video-preview:-1\" \/>\n<link rel=\"canonical\" href=\"https:\/\/www.laomeister.com\/fi\/toode\/toolaud-2000x800-mm-manuaalse-korguse-reguleerimisega\/\" \/>\n<meta property=\"og:locale\" content=\"fi_FI\" \/>\n<meta property=\"og:type\" content=\"article\" \/>\n<meta property=\"og:title\" content=\"Pakkauslauta 2000x800 mm manuaalisella korkeuss\u00e4\u00e4d\u00f6ll\u00e4, I74304 - Balti Laomeister\" \/>\n<meta property=\"og:description\" content=\"Ty\u00f6p\u00f6yt\u00e4 pakkaamista ja ty\u00f6nurkkauksen luomista varten. Manuaalinen korkeuss\u00e4\u00e4t\u00f6. Ty\u00f6p\u00f6yd\u00e4lle voidaan lis\u00e4t\u00e4 moduuleja toiminnallisuuden lis\u00e4\u00e4miseksi.\" \/>\n<meta property=\"og:url\" content=\"https:\/\/www.laomeister.com\/fi\/toode\/toolaud-2000x800-mm-manuaalse-korguse-reguleerimisega\/\" \/>\n<meta property=\"og:site_name\" content=\"Balti Laomeister\" \/>\n<meta property=\"article:modified_time\" content=\"2024-07-03T06:42:12+00:00\" \/>\n<meta property=\"og:image\" content=\"https:\/\/www.laomeister.com\/wp-content\/uploads\/2020\/04\/t\u00f6\u00f6lauad-manuaalne_t\u00f5ste.jpg\" \/>\n\t<meta property=\"og:image:width\" content=\"767\" \/>\n\t<meta property=\"og:image:height\" content=\"600\" \/>\n\t<meta property=\"og:image:type\" content=\"image\/jpeg\" \/>\n<meta name=\"twitter:card\" content=\"summary_large_image\" \/>\n<script type=\"application\/ld+json\" class=\"yoast-schema-graph\">{\"@context\":\"https:\\\/\\\/schema.org\",\"@graph\":[{\"@type\":\"WebPage\",\"@id\":\"https:\\\/\\\/www.laomeister.com\\\/fi\\\/toode\\\/toolaud-2000x800-mm-manuaalse-korguse-reguleerimisega\\\/\",\"url\":\"https:\\\/\\\/www.laomeister.com\\\/fi\\\/toode\\\/toolaud-2000x800-mm-manuaalse-korguse-reguleerimisega\\\/\",\"name\":\"Pakkauslauta 2000x800 mm manuaalisella korkeuss\u00e4\u00e4d\u00f6ll\u00e4, I74304 - Balti Laomeister\",\"isPartOf\":{\"@id\":\"https:\\\/\\\/www.laomeister.com\\\/fi\\\/#website\"},\"primaryImageOfPage\":{\"@id\":\"https:\\\/\\\/www.laomeister.com\\\/fi\\\/toode\\\/toolaud-2000x800-mm-manuaalse-korguse-reguleerimisega\\\/#primaryimage\"},\"image\":{\"@id\":\"https:\\\/\\\/www.laomeister.com\\\/fi\\\/toode\\\/toolaud-2000x800-mm-manuaalse-korguse-reguleerimisega\\\/#primaryimage\"},\"thumbnailUrl\":\"https:\\\/\\\/www.laomeister.com\\\/wp-content\\\/uploads\\\/2020\\\/04\\\/t\u00f6\u00f6lauad-manuaalne_t\u00f5ste.jpg\",\"datePublished\":\"2020-04-13T11:08:36+00:00\",\"dateModified\":\"2024-07-03T06:42:12+00:00\",\"description\":\"Ty\u00f6p\u00f6yt\u00e4 pakkaamista ja ty\u00f6nurkkauksen luomista varten. Manuaalinen korkeuss\u00e4\u00e4t\u00f6. Ty\u00f6p\u00f6yd\u00e4lle voidaan lis\u00e4t\u00e4 moduuleja toiminnallisuuden lis\u00e4\u00e4miseksi.\",\"breadcrumb\":{\"@id\":\"https:\\\/\\\/www.laomeister.com\\\/fi\\\/toode\\\/toolaud-2000x800-mm-manuaalse-korguse-reguleerimisega\\\/#breadcrumb\"},\"inLanguage\":\"fi\",\"potentialAction\":[{\"@type\":\"ReadAction\",\"target\":[\"https:\\\/\\\/www.laomeister.com\\\/fi\\\/toode\\\/toolaud-2000x800-mm-manuaalse-korguse-reguleerimisega\\\/\"]}]},{\"@type\":\"ImageObject\",\"inLanguage\":\"fi\",\"@id\":\"https:\\\/\\\/www.laomeister.com\\\/fi\\\/toode\\\/toolaud-2000x800-mm-manuaalse-korguse-reguleerimisega\\\/#primaryimage\",\"url\":\"https:\\\/\\\/www.laomeister.com\\\/wp-content\\\/uploads\\\/2020\\\/04\\\/t\u00f6\u00f6lauad-manuaalne_t\u00f5ste.jpg\",\"contentUrl\":\"https:\\\/\\\/www.laomeister.com\\\/wp-content\\\/uploads\\\/2020\\\/04\\\/t\u00f6\u00f6lauad-manuaalne_t\u00f5ste.jpg\",\"width\":767,\"height\":600},{\"@type\":\"BreadcrumbList\",\"@id\":\"https:\\\/\\\/www.laomeister.com\\\/fi\\\/toode\\\/toolaud-2000x800-mm-manuaalse-korguse-reguleerimisega\\\/#breadcrumb\",\"itemListElement\":[{\"@type\":\"ListItem\",\"position\":1,\"name\":\"Home\",\"item\":\"https:\\\/\\\/www.laomeister.com\\\/fi\\\/\"},{\"@type\":\"ListItem\",\"position\":2,\"name\":\"Tuotteet\",\"item\":\"https:\\\/\\\/www.laomeister.com\\\/fi\\\/tuotteet\\\/\"},{\"@type\":\"ListItem\",\"position\":3,\"name\":\"Pakkauslauta 2000&#215;800 mm manuaalisella korkeuss\u00e4\u00e4d\u00f6ll\u00e4, I74304\"}]},{\"@type\":\"WebSite\",\"@id\":\"https:\\\/\\\/www.laomeister.com\\\/fi\\\/#website\",\"url\":\"https:\\\/\\\/www.laomeister.com\\\/fi\\\/\",\"name\":\"Balti Laomeister\",\"description\":\"Laoriiulid - m&uuml;&uuml;k ja paigaldus\",\"potentialAction\":[{\"@type\":\"SearchAction\",\"target\":{\"@type\":\"EntryPoint\",\"urlTemplate\":\"https:\\\/\\\/www.laomeister.com\\\/fi\\\/?s={search_term_string}\"},\"query-input\":{\"@type\":\"PropertyValueSpecification\",\"valueRequired\":true,\"valueName\":\"search_term_string\"}}],\"inLanguage\":\"fi\"}]}<\/script>\n<!-- \/ Yoast SEO plugin. -->","yoast_head_json":{"title":"Pakkauslauta 2000x800 mm manuaalisella korkeuss\u00e4\u00e4d\u00f6ll\u00e4, I74304 - Balti Laomeister","description":"Ty\u00f6p\u00f6yt\u00e4 pakkaamista ja ty\u00f6nurkkauksen luomista varten. Manuaalinen korkeuss\u00e4\u00e4t\u00f6. Ty\u00f6p\u00f6yd\u00e4lle voidaan lis\u00e4t\u00e4 moduuleja toiminnallisuuden lis\u00e4\u00e4miseksi.","robots":{"index":"index","follow":"follow","max-snippet":"max-snippet:-1","max-image-preview":"max-image-preview:large","max-video-preview":"max-video-preview:-1"},"canonical":"https:\/\/www.laomeister.com\/fi\/toode\/toolaud-2000x800-mm-manuaalse-korguse-reguleerimisega\/","og_locale":"fi_FI","og_type":"article","og_title":"Pakkauslauta 2000x800 mm manuaalisella korkeuss\u00e4\u00e4d\u00f6ll\u00e4, I74304 - Balti Laomeister","og_description":"Ty\u00f6p\u00f6yt\u00e4 pakkaamista ja ty\u00f6nurkkauksen luomista varten. Manuaalinen korkeuss\u00e4\u00e4t\u00f6. Ty\u00f6p\u00f6yd\u00e4lle voidaan lis\u00e4t\u00e4 moduuleja toiminnallisuuden lis\u00e4\u00e4miseksi.","og_url":"https:\/\/www.laomeister.com\/fi\/toode\/toolaud-2000x800-mm-manuaalse-korguse-reguleerimisega\/","og_site_name":"Balti Laomeister","article_modified_time":"2024-07-03T06:42:12+00:00","og_image":[{"width":767,"height":600,"url":"https:\/\/www.laomeister.com\/wp-content\/uploads\/2020\/04\/t\u00f6\u00f6lauad-manuaalne_t\u00f5ste.jpg","type":"image\/jpeg"}],"twitter_card":"summary_large_image","schema":{"@context":"https:\/\/schema.org","@graph":[{"@type":"WebPage","@id":"https:\/\/www.laomeister.com\/fi\/toode\/toolaud-2000x800-mm-manuaalse-korguse-reguleerimisega\/","url":"https:\/\/www.laomeister.com\/fi\/toode\/toolaud-2000x800-mm-manuaalse-korguse-reguleerimisega\/","name":"Pakkauslauta 2000x800 mm manuaalisella korkeuss\u00e4\u00e4d\u00f6ll\u00e4, I74304 - Balti Laomeister","isPartOf":{"@id":"https:\/\/www.laomeister.com\/fi\/#website"},"primaryImageOfPage":{"@id":"https:\/\/www.laomeister.com\/fi\/toode\/toolaud-2000x800-mm-manuaalse-korguse-reguleerimisega\/#primaryimage"},"image":{"@id":"https:\/\/www.laomeister.com\/fi\/toode\/toolaud-2000x800-mm-manuaalse-korguse-reguleerimisega\/#primaryimage"},"thumbnailUrl":"https:\/\/www.laomeister.com\/wp-content\/uploads\/2020\/04\/t\u00f6\u00f6lauad-manuaalne_t\u00f5ste.jpg","datePublished":"2020-04-13T11:08:36+00:00","dateModified":"2024-07-03T06:42:12+00:00","description":"Ty\u00f6p\u00f6yt\u00e4 pakkaamista ja ty\u00f6nurkkauksen luomista varten. Manuaalinen korkeuss\u00e4\u00e4t\u00f6. Ty\u00f6p\u00f6yd\u00e4lle voidaan lis\u00e4t\u00e4 moduuleja toiminnallisuuden lis\u00e4\u00e4miseksi.","breadcrumb":{"@id":"https:\/\/www.laomeister.com\/fi\/toode\/toolaud-2000x800-mm-manuaalse-korguse-reguleerimisega\/#breadcrumb"},"inLanguage":"fi","potentialAction":[{"@type":"ReadAction","target":["https:\/\/www.laomeister.com\/fi\/toode\/toolaud-2000x800-mm-manuaalse-korguse-reguleerimisega\/"]}]},{"@type":"ImageObject","inLanguage":"fi","@id":"https:\/\/www.laomeister.com\/fi\/toode\/toolaud-2000x800-mm-manuaalse-korguse-reguleerimisega\/#primaryimage","url":"https:\/\/www.laomeister.com\/wp-content\/uploads\/2020\/04\/t\u00f6\u00f6lauad-manuaalne_t\u00f5ste.jpg","contentUrl":"https:\/\/www.laomeister.com\/wp-content\/uploads\/2020\/04\/t\u00f6\u00f6lauad-manuaalne_t\u00f5ste.jpg","width":767,"height":600},{"@type":"BreadcrumbList","@id":"https:\/\/www.laomeister.com\/fi\/toode\/toolaud-2000x800-mm-manuaalse-korguse-reguleerimisega\/#breadcrumb","itemListElement":[{"@type":"ListItem","position":1,"name":"Home","item":"https:\/\/www.laomeister.com\/fi\/"},{"@type":"ListItem","position":2,"name":"Tuotteet","item":"https:\/\/www.laomeister.com\/fi\/tuotteet\/"},{"@type":"ListItem","position":3,"name":"Pakkauslauta 2000&#215;800 mm manuaalisella korkeuss\u00e4\u00e4d\u00f6ll\u00e4, I74304"}]},{"@type":"WebSite","@id":"https:\/\/www.laomeister.com\/fi\/#website","url":"https:\/\/www.laomeister.com\/fi\/","name":"Balti Laomeister","description":"Laoriiulid - m&uuml;&uuml;k ja paigaldus","potentialAction":[{"@type":"SearchAction","target":{"@type":"EntryPoint","urlTemplate":"https:\/\/www.laomeister.com\/fi\/?s={search_term_string}"},"query-input":{"@type":"PropertyValueSpecification","valueRequired":true,"valueName":"search_term_string"}}],"inLanguage":"fi"}]}},"_links":{"self":[{"href":"https:\/\/www.laomeister.com\/fi\/wp-json\/wp\/v2\/product\/13337","targetHints":{"allow":["GET"]}}],"collection":[{"href":"https:\/\/www.laomeister.com\/fi\/wp-json\/wp\/v2\/product"}],"about":[{"href":"https:\/\/www.laomeister.com\/fi\/wp-json\/wp\/v2\/types\/product"}],"wp:featuredmedia":[{"embeddable":true,"href":"https:\/\/www.laomeister.com\/fi\/wp-json\/wp\/v2\/media\/11663"}],"wp:attachment":[{"href":"https:\/\/www.laomeister.com\/fi\/wp-json\/wp\/v2\/media?parent=13337"}],"wp:term":[{"taxonomy":"product_brand","embeddable":true,"href":"https:\/\/www.laomeister.com\/fi\/wp-json\/wp\/v2\/product_brand?post=13337"},{"taxonomy":"product_cat","embeddable":true,"href":"https:\/\/www.laomeister.com\/fi\/wp-json\/wp\/v2\/product_cat?post=13337"},{"taxonomy":"product_tag","embeddable":true,"href":"https:\/\/www.laomeister.com\/fi\/wp-json\/wp\/v2\/product_tag?post=13337"}],"curies":[{"name":"wp","href":"https:\/\/api.w.org\/{rel}","templated":true}]}}