{"id":13300,"date":"2020-05-25T13:41:57","date_gmt":"2020-05-25T10:41:57","guid":{"rendered":"https:\/\/www.laomeister.com\/product\/professionaalne-komplekteerimiskaru-noppimiseks-1300-x-625-x-1200mm\/"},"modified":"2024-07-03T09:06:29","modified_gmt":"2024-07-03T06:06:29","slug":"professionaalne-komplekteerimiskaru-noppimiseks-1300-x-625-x-1200mm","status":"publish","type":"product","link":"https:\/\/www.laomeister.com\/fi\/toode\/professionaalne-komplekteerimiskaru-noppimiseks-1300-x-625-x-1200mm\/","title":{"rendered":"Ammattimainen poimintak\u00e4rry 1300 x 625 x 1200mm"},"content":{"rendered":"","protected":false},"excerpt":{"rendered":"<p>Ammattimainen poimintak\u00e4rry. Kokoa vaunu juuri sinun tarpeidesi mukaan.<\/p>\n<p>Pohjan alaosat ja 2 verkkoa. Voit lis\u00e4t\u00e4 tai poistaa loput. Saatavana 900mm ja 1300mm pituisena<\/p>\n<p>T\u00e4m\u00e4 on ty\u00f6kalu edistyneille. Vankka ja monipuolinen poimintak\u00e4rry, joka nostaa poimintanopeutesi uudelle tasolle.<\/p>\n<p>Ota yhteytt\u00e4, niin r\u00e4\u00e4t\u00e4l\u00f6imme vaunun tarpeisiisi!<\/p>\n<p>&nbsp;<\/p>\n<p>PS! Hinta lasketaan asiakkaan haluaman setin mukaan yhdess\u00e4!<\/p>\n","protected":false},"featured_media":12041,"template":"","meta":[],"product_brand":[],"product_cat":[243,256],"product_tag":[],"class_list":{"0":"post-13300","1":"product","2":"type-product","3":"status-publish","4":"has-post-thumbnail","6":"product_cat-karud-fi","7":"product_cat-komplekteerimiskarud-fi","9":"first","10":"instock","11":"taxable","12":"shipping-taxable","13":"purchasable","14":"product-type-simple"},"yoast_head":"<!-- This site is optimized with the Yoast SEO plugin v27.3 - https:\/\/yoast.com\/product\/yoast-seo-wordpress\/ -->\n<title>Ammattimainen poimintak\u00e4rry 1300 x 625 x 1200mm - Balti Laomeister<\/title>\n<meta name=\"description\" content=\"Ammattimainen poimintak\u00e4rry 1300 x 625 x 1200mm\" \/>\n<meta name=\"robots\" content=\"index, follow, max-snippet:-1, max-image-preview:large, max-video-preview:-1\" \/>\n<link rel=\"canonical\" href=\"https:\/\/www.laomeister.com\/fi\/toode\/professionaalne-komplekteerimiskaru-noppimiseks-1300-x-625-x-1200mm\/\" \/>\n<meta property=\"og:locale\" content=\"fi_FI\" \/>\n<meta property=\"og:type\" content=\"article\" \/>\n<meta property=\"og:title\" content=\"Ammattimainen poimintak\u00e4rry 1300 x 625 x 1200mm - Balti Laomeister\" \/>\n<meta property=\"og:description\" content=\"Ammattimainen poimintak\u00e4rry 1300 x 625 x 1200mm\" \/>\n<meta property=\"og:url\" content=\"https:\/\/www.laomeister.com\/fi\/toode\/professionaalne-komplekteerimiskaru-noppimiseks-1300-x-625-x-1200mm\/\" \/>\n<meta property=\"og:site_name\" content=\"Balti Laomeister\" \/>\n<meta property=\"article:modified_time\" content=\"2024-07-03T06:06:29+00:00\" \/>\n<meta property=\"og:image\" content=\"https:\/\/www.laomeister.com\/wp-content\/uploads\/2020\/05\/komplekteerimisk\u00e4ru_sortimisk\u00e4ru.png\" \/>\n\t<meta property=\"og:image:width\" content=\"298\" \/>\n\t<meta property=\"og:image:height\" content=\"400\" \/>\n\t<meta property=\"og:image:type\" content=\"image\/png\" \/>\n<meta name=\"twitter:card\" content=\"summary_large_image\" \/>\n<script type=\"application\/ld+json\" class=\"yoast-schema-graph\">{\"@context\":\"https:\\\/\\\/schema.org\",\"@graph\":[{\"@type\":\"WebPage\",\"@id\":\"https:\\\/\\\/www.laomeister.com\\\/fi\\\/toode\\\/professionaalne-komplekteerimiskaru-noppimiseks-1300-x-625-x-1200mm\\\/\",\"url\":\"https:\\\/\\\/www.laomeister.com\\\/fi\\\/toode\\\/professionaalne-komplekteerimiskaru-noppimiseks-1300-x-625-x-1200mm\\\/\",\"name\":\"Ammattimainen poimintak\u00e4rry 1300 x 625 x 1200mm - Balti Laomeister\",\"isPartOf\":{\"@id\":\"https:\\\/\\\/www.laomeister.com\\\/fi\\\/#website\"},\"primaryImageOfPage\":{\"@id\":\"https:\\\/\\\/www.laomeister.com\\\/fi\\\/toode\\\/professionaalne-komplekteerimiskaru-noppimiseks-1300-x-625-x-1200mm\\\/#primaryimage\"},\"image\":{\"@id\":\"https:\\\/\\\/www.laomeister.com\\\/fi\\\/toode\\\/professionaalne-komplekteerimiskaru-noppimiseks-1300-x-625-x-1200mm\\\/#primaryimage\"},\"thumbnailUrl\":\"https:\\\/\\\/www.laomeister.com\\\/wp-content\\\/uploads\\\/2020\\\/05\\\/komplekteerimisk\u00e4ru_sortimisk\u00e4ru.png\",\"datePublished\":\"2020-05-25T10:41:57+00:00\",\"dateModified\":\"2024-07-03T06:06:29+00:00\",\"description\":\"Ammattimainen poimintak\u00e4rry 1300 x 625 x 1200mm\",\"breadcrumb\":{\"@id\":\"https:\\\/\\\/www.laomeister.com\\\/fi\\\/toode\\\/professionaalne-komplekteerimiskaru-noppimiseks-1300-x-625-x-1200mm\\\/#breadcrumb\"},\"inLanguage\":\"fi\",\"potentialAction\":[{\"@type\":\"ReadAction\",\"target\":[\"https:\\\/\\\/www.laomeister.com\\\/fi\\\/toode\\\/professionaalne-komplekteerimiskaru-noppimiseks-1300-x-625-x-1200mm\\\/\"]}]},{\"@type\":\"ImageObject\",\"inLanguage\":\"fi\",\"@id\":\"https:\\\/\\\/www.laomeister.com\\\/fi\\\/toode\\\/professionaalne-komplekteerimiskaru-noppimiseks-1300-x-625-x-1200mm\\\/#primaryimage\",\"url\":\"https:\\\/\\\/www.laomeister.com\\\/wp-content\\\/uploads\\\/2020\\\/05\\\/komplekteerimisk\u00e4ru_sortimisk\u00e4ru.png\",\"contentUrl\":\"https:\\\/\\\/www.laomeister.com\\\/wp-content\\\/uploads\\\/2020\\\/05\\\/komplekteerimisk\u00e4ru_sortimisk\u00e4ru.png\",\"width\":298,\"height\":400},{\"@type\":\"BreadcrumbList\",\"@id\":\"https:\\\/\\\/www.laomeister.com\\\/fi\\\/toode\\\/professionaalne-komplekteerimiskaru-noppimiseks-1300-x-625-x-1200mm\\\/#breadcrumb\",\"itemListElement\":[{\"@type\":\"ListItem\",\"position\":1,\"name\":\"Home\",\"item\":\"https:\\\/\\\/www.laomeister.com\\\/fi\\\/\"},{\"@type\":\"ListItem\",\"position\":2,\"name\":\"Tuotteet\",\"item\":\"https:\\\/\\\/www.laomeister.com\\\/fi\\\/tuotteet\\\/\"},{\"@type\":\"ListItem\",\"position\":3,\"name\":\"Ammattimainen poimintak\u00e4rry 1300 x 625 x 1200mm\"}]},{\"@type\":\"WebSite\",\"@id\":\"https:\\\/\\\/www.laomeister.com\\\/fi\\\/#website\",\"url\":\"https:\\\/\\\/www.laomeister.com\\\/fi\\\/\",\"name\":\"Balti Laomeister\",\"description\":\"Laoriiulid - m&uuml;&uuml;k ja paigaldus\",\"potentialAction\":[{\"@type\":\"SearchAction\",\"target\":{\"@type\":\"EntryPoint\",\"urlTemplate\":\"https:\\\/\\\/www.laomeister.com\\\/fi\\\/?s={search_term_string}\"},\"query-input\":{\"@type\":\"PropertyValueSpecification\",\"valueRequired\":true,\"valueName\":\"search_term_string\"}}],\"inLanguage\":\"fi\"}]}<\/script>\n<!-- \/ Yoast SEO plugin. -->","yoast_head_json":{"title":"Ammattimainen poimintak\u00e4rry 1300 x 625 x 1200mm - Balti Laomeister","description":"Ammattimainen poimintak\u00e4rry 1300 x 625 x 1200mm","robots":{"index":"index","follow":"follow","max-snippet":"max-snippet:-1","max-image-preview":"max-image-preview:large","max-video-preview":"max-video-preview:-1"},"canonical":"https:\/\/www.laomeister.com\/fi\/toode\/professionaalne-komplekteerimiskaru-noppimiseks-1300-x-625-x-1200mm\/","og_locale":"fi_FI","og_type":"article","og_title":"Ammattimainen poimintak\u00e4rry 1300 x 625 x 1200mm - Balti Laomeister","og_description":"Ammattimainen poimintak\u00e4rry 1300 x 625 x 1200mm","og_url":"https:\/\/www.laomeister.com\/fi\/toode\/professionaalne-komplekteerimiskaru-noppimiseks-1300-x-625-x-1200mm\/","og_site_name":"Balti Laomeister","article_modified_time":"2024-07-03T06:06:29+00:00","og_image":[{"width":298,"height":400,"url":"https:\/\/www.laomeister.com\/wp-content\/uploads\/2020\/05\/komplekteerimisk\u00e4ru_sortimisk\u00e4ru.png","type":"image\/png"}],"twitter_card":"summary_large_image","schema":{"@context":"https:\/\/schema.org","@graph":[{"@type":"WebPage","@id":"https:\/\/www.laomeister.com\/fi\/toode\/professionaalne-komplekteerimiskaru-noppimiseks-1300-x-625-x-1200mm\/","url":"https:\/\/www.laomeister.com\/fi\/toode\/professionaalne-komplekteerimiskaru-noppimiseks-1300-x-625-x-1200mm\/","name":"Ammattimainen poimintak\u00e4rry 1300 x 625 x 1200mm - Balti Laomeister","isPartOf":{"@id":"https:\/\/www.laomeister.com\/fi\/#website"},"primaryImageOfPage":{"@id":"https:\/\/www.laomeister.com\/fi\/toode\/professionaalne-komplekteerimiskaru-noppimiseks-1300-x-625-x-1200mm\/#primaryimage"},"image":{"@id":"https:\/\/www.laomeister.com\/fi\/toode\/professionaalne-komplekteerimiskaru-noppimiseks-1300-x-625-x-1200mm\/#primaryimage"},"thumbnailUrl":"https:\/\/www.laomeister.com\/wp-content\/uploads\/2020\/05\/komplekteerimisk\u00e4ru_sortimisk\u00e4ru.png","datePublished":"2020-05-25T10:41:57+00:00","dateModified":"2024-07-03T06:06:29+00:00","description":"Ammattimainen poimintak\u00e4rry 1300 x 625 x 1200mm","breadcrumb":{"@id":"https:\/\/www.laomeister.com\/fi\/toode\/professionaalne-komplekteerimiskaru-noppimiseks-1300-x-625-x-1200mm\/#breadcrumb"},"inLanguage":"fi","potentialAction":[{"@type":"ReadAction","target":["https:\/\/www.laomeister.com\/fi\/toode\/professionaalne-komplekteerimiskaru-noppimiseks-1300-x-625-x-1200mm\/"]}]},{"@type":"ImageObject","inLanguage":"fi","@id":"https:\/\/www.laomeister.com\/fi\/toode\/professionaalne-komplekteerimiskaru-noppimiseks-1300-x-625-x-1200mm\/#primaryimage","url":"https:\/\/www.laomeister.com\/wp-content\/uploads\/2020\/05\/komplekteerimisk\u00e4ru_sortimisk\u00e4ru.png","contentUrl":"https:\/\/www.laomeister.com\/wp-content\/uploads\/2020\/05\/komplekteerimisk\u00e4ru_sortimisk\u00e4ru.png","width":298,"height":400},{"@type":"BreadcrumbList","@id":"https:\/\/www.laomeister.com\/fi\/toode\/professionaalne-komplekteerimiskaru-noppimiseks-1300-x-625-x-1200mm\/#breadcrumb","itemListElement":[{"@type":"ListItem","position":1,"name":"Home","item":"https:\/\/www.laomeister.com\/fi\/"},{"@type":"ListItem","position":2,"name":"Tuotteet","item":"https:\/\/www.laomeister.com\/fi\/tuotteet\/"},{"@type":"ListItem","position":3,"name":"Ammattimainen poimintak\u00e4rry 1300 x 625 x 1200mm"}]},{"@type":"WebSite","@id":"https:\/\/www.laomeister.com\/fi\/#website","url":"https:\/\/www.laomeister.com\/fi\/","name":"Balti Laomeister","description":"Laoriiulid - m&uuml;&uuml;k ja paigaldus","potentialAction":[{"@type":"SearchAction","target":{"@type":"EntryPoint","urlTemplate":"https:\/\/www.laomeister.com\/fi\/?s={search_term_string}"},"query-input":{"@type":"PropertyValueSpecification","valueRequired":true,"valueName":"search_term_string"}}],"inLanguage":"fi"}]}},"_links":{"self":[{"href":"https:\/\/www.laomeister.com\/fi\/wp-json\/wp\/v2\/product\/13300","targetHints":{"allow":["GET"]}}],"collection":[{"href":"https:\/\/www.laomeister.com\/fi\/wp-json\/wp\/v2\/product"}],"about":[{"href":"https:\/\/www.laomeister.com\/fi\/wp-json\/wp\/v2\/types\/product"}],"wp:featuredmedia":[{"embeddable":true,"href":"https:\/\/www.laomeister.com\/fi\/wp-json\/wp\/v2\/media\/12041"}],"wp:attachment":[{"href":"https:\/\/www.laomeister.com\/fi\/wp-json\/wp\/v2\/media?parent=13300"}],"wp:term":[{"taxonomy":"product_brand","embeddable":true,"href":"https:\/\/www.laomeister.com\/fi\/wp-json\/wp\/v2\/product_brand?post=13300"},{"taxonomy":"product_cat","embeddable":true,"href":"https:\/\/www.laomeister.com\/fi\/wp-json\/wp\/v2\/product_cat?post=13300"},{"taxonomy":"product_tag","embeddable":true,"href":"https:\/\/www.laomeister.com\/fi\/wp-json\/wp\/v2\/product_tag?post=13300"}],"curies":[{"name":"wp","href":"https:\/\/api.w.org\/{rel}","templated":true}]}}