{"id":13285,"date":"2020-06-25T15:02:04","date_gmt":"2020-06-25T12:02:04","guid":{"rendered":"https:\/\/www.laomeister.com\/product\/toolaud-1600x700-mm-riiuliboksi-ekraani-ja-led-valgustiga\/"},"modified":"2024-07-03T09:23:27","modified_gmt":"2024-07-03T06:23:27","slug":"toolaud-1600x700-mm-riiuliboksi-ekraani-ja-led-valgustiga","status":"publish","type":"product","link":"https:\/\/www.laomeister.com\/fi\/toode\/toolaud-1600x700-mm-riiuliboksi-ekraani-ja-led-valgustiga\/","title":{"rendered":"Ty\u00f6p\u00f6yt\u00e4 1600&#215;700 mm LED-valolla, reik\u00e4levyll\u00e4 ja kaapilla, PRexpert608"},"content":{"rendered":"","protected":false},"excerpt":{"rendered":"<p>Vaatekaapissa on 2 irrotettavaa s\u00e4\u00e4dett\u00e4v\u00e4\u00e4 hylly\u00e4 ja 1 ovi, jonka avautumissuunta on s\u00e4\u00e4dett\u00e4viss\u00e4. Kaapin ovessa on avainlukko.<\/p>\n<p>Lis\u00e4ksi ty\u00f6taso voidaan varustaa ty\u00f6kalupidikkeill\u00e4. Kysy lis\u00e4\u00e4!<\/p>\n<p><strong>Pituus<\/strong> &#8211; 1600 mm<br \/>\n<strong>Leveys<\/strong> &#8211; 700 mm<br \/>\n<strong>Korkeus<\/strong> &#8211; 1870 mm<br \/>\n<strong>Materiaali<\/strong> &#8211; ter\u00e4s<br \/>\n<strong>V\u00e4ri<\/strong> &#8211; jauhemaalattu puolimatta runko harmaata akaattia (RAL 7038), rei&#8217;itetty levy ultramariinin (RAL 5002).<br \/>\n<strong>Paino<\/strong> &#8211; 140 kg<br \/>\n<strong>Suurin kantavuus<\/strong> &#8211; 1500 kg<\/p>\n<p><strong>Setti sis\u00e4lt\u00e4\u00e4:<\/strong><br \/>\nTy\u00f6p\u00f6yt\u00e4 WT-160 &#8211; 1 kpl<br \/>\nKapp WD-1 &#8211; 1kpl<br \/>\nS\u00e4\u00e4dett\u00e4v\u00e4 tuki WF-2 &#8211; 1 kpl<br \/>\nHylly ja sein\u00e4 WSh-160\/1 &#8211; 1kpl<br \/>\nRei&#8217;itetty levy WS-160 &#8211; 1kpl<br \/>\nLakanakiinnityssarja (2 kpl) &#8211; 1 kpl<br \/>\nValaistussarja W &#8211; 1kpl<\/p>\n<p>Tuotteen v\u00e4ri voi poiketa kuvasta.<br \/>\nTuote toimitetaan pakkaamattomana.<\/p>\n<p>&nbsp;<\/p>\n","protected":false},"featured_media":17042,"template":"","meta":[],"product_brand":[],"product_cat":[276,282,690],"product_tag":[],"class_list":{"0":"post-13285","1":"product","2":"type-product","3":"status-publish","4":"has-post-thumbnail","6":"product_cat-laomoobel-fi","7":"product_cat-toolauad-fi","8":"product_cat-tyopoydat-jopa-1000-kg-kantavuus","10":"first","11":"instock","12":"sale","13":"taxable","14":"shipping-taxable","15":"purchasable","16":"product-type-simple"},"yoast_head":"<!-- This site is optimized with the Yoast SEO plugin v27.3 - https:\/\/yoast.com\/product\/yoast-seo-wordpress\/ -->\n<title>Ty\u00f6p\u00f6yt\u00e4 1600x700 mm LED-valolla, reik\u00e4levyll\u00e4 ja kaapilla, PRexpert608 - Balti Laomeister<\/title>\n<meta name=\"description\" content=\"J\u00e4rjest\u00e4 ty\u00f6paikkasi paremmin tuotannossa, varastoissa ja muualla. On olemassa monia eri variaatioita, mittoja, ty\u00f6tasomateriaaleja ja lis\u00e4varusteita. Yhdistele tarpeidesi mukaan!\" \/>\n<meta name=\"robots\" content=\"index, follow, max-snippet:-1, max-image-preview:large, max-video-preview:-1\" \/>\n<link rel=\"canonical\" href=\"https:\/\/www.laomeister.com\/fi\/toode\/toolaud-1600x700-mm-riiuliboksi-ekraani-ja-led-valgustiga\/\" \/>\n<meta property=\"og:locale\" content=\"fi_FI\" \/>\n<meta property=\"og:type\" content=\"article\" \/>\n<meta property=\"og:title\" content=\"Ty\u00f6p\u00f6yt\u00e4 1600x700 mm LED-valolla, reik\u00e4levyll\u00e4 ja kaapilla, PRexpert608 - Balti Laomeister\" \/>\n<meta property=\"og:description\" content=\"J\u00e4rjest\u00e4 ty\u00f6paikkasi paremmin tuotannossa, varastoissa ja muualla. On olemassa monia eri variaatioita, mittoja, ty\u00f6tasomateriaaleja ja lis\u00e4varusteita. Yhdistele tarpeidesi mukaan!\" \/>\n<meta property=\"og:url\" content=\"https:\/\/www.laomeister.com\/fi\/toode\/toolaud-1600x700-mm-riiuliboksi-ekraani-ja-led-valgustiga\/\" \/>\n<meta property=\"og:site_name\" content=\"Balti Laomeister\" \/>\n<meta property=\"article:modified_time\" content=\"2024-07-03T06:23:27+00:00\" \/>\n<meta property=\"og:image\" content=\"https:\/\/www.laomeister.com\/wp-content\/uploads\/2020\/06\/EXPERT_608.jpg\" \/>\n\t<meta property=\"og:image:width\" content=\"2392\" \/>\n\t<meta property=\"og:image:height\" content=\"2000\" \/>\n\t<meta property=\"og:image:type\" content=\"image\/jpeg\" \/>\n<meta name=\"twitter:card\" content=\"summary_large_image\" \/>\n<script type=\"application\/ld+json\" class=\"yoast-schema-graph\">{\"@context\":\"https:\\\/\\\/schema.org\",\"@graph\":[{\"@type\":\"WebPage\",\"@id\":\"https:\\\/\\\/www.laomeister.com\\\/fi\\\/toode\\\/toolaud-1600x700-mm-riiuliboksi-ekraani-ja-led-valgustiga\\\/\",\"url\":\"https:\\\/\\\/www.laomeister.com\\\/fi\\\/toode\\\/toolaud-1600x700-mm-riiuliboksi-ekraani-ja-led-valgustiga\\\/\",\"name\":\"Ty\u00f6p\u00f6yt\u00e4 1600x700 mm LED-valolla, reik\u00e4levyll\u00e4 ja kaapilla, PRexpert608 - Balti Laomeister\",\"isPartOf\":{\"@id\":\"https:\\\/\\\/www.laomeister.com\\\/fi\\\/#website\"},\"primaryImageOfPage\":{\"@id\":\"https:\\\/\\\/www.laomeister.com\\\/fi\\\/toode\\\/toolaud-1600x700-mm-riiuliboksi-ekraani-ja-led-valgustiga\\\/#primaryimage\"},\"image\":{\"@id\":\"https:\\\/\\\/www.laomeister.com\\\/fi\\\/toode\\\/toolaud-1600x700-mm-riiuliboksi-ekraani-ja-led-valgustiga\\\/#primaryimage\"},\"thumbnailUrl\":\"https:\\\/\\\/www.laomeister.com\\\/wp-content\\\/uploads\\\/2020\\\/06\\\/EXPERT_608.jpg\",\"datePublished\":\"2020-06-25T12:02:04+00:00\",\"dateModified\":\"2024-07-03T06:23:27+00:00\",\"description\":\"J\u00e4rjest\u00e4 ty\u00f6paikkasi paremmin tuotannossa, varastoissa ja muualla. On olemassa monia eri variaatioita, mittoja, ty\u00f6tasomateriaaleja ja lis\u00e4varusteita. Yhdistele tarpeidesi mukaan!\",\"breadcrumb\":{\"@id\":\"https:\\\/\\\/www.laomeister.com\\\/fi\\\/toode\\\/toolaud-1600x700-mm-riiuliboksi-ekraani-ja-led-valgustiga\\\/#breadcrumb\"},\"inLanguage\":\"fi\",\"potentialAction\":[{\"@type\":\"ReadAction\",\"target\":[\"https:\\\/\\\/www.laomeister.com\\\/fi\\\/toode\\\/toolaud-1600x700-mm-riiuliboksi-ekraani-ja-led-valgustiga\\\/\"]}]},{\"@type\":\"ImageObject\",\"inLanguage\":\"fi\",\"@id\":\"https:\\\/\\\/www.laomeister.com\\\/fi\\\/toode\\\/toolaud-1600x700-mm-riiuliboksi-ekraani-ja-led-valgustiga\\\/#primaryimage\",\"url\":\"https:\\\/\\\/www.laomeister.com\\\/wp-content\\\/uploads\\\/2020\\\/06\\\/EXPERT_608.jpg\",\"contentUrl\":\"https:\\\/\\\/www.laomeister.com\\\/wp-content\\\/uploads\\\/2020\\\/06\\\/EXPERT_608.jpg\",\"width\":2392,\"height\":2000},{\"@type\":\"BreadcrumbList\",\"@id\":\"https:\\\/\\\/www.laomeister.com\\\/fi\\\/toode\\\/toolaud-1600x700-mm-riiuliboksi-ekraani-ja-led-valgustiga\\\/#breadcrumb\",\"itemListElement\":[{\"@type\":\"ListItem\",\"position\":1,\"name\":\"Home\",\"item\":\"https:\\\/\\\/www.laomeister.com\\\/fi\\\/\"},{\"@type\":\"ListItem\",\"position\":2,\"name\":\"Tuotteet\",\"item\":\"https:\\\/\\\/www.laomeister.com\\\/fi\\\/tuotteet\\\/\"},{\"@type\":\"ListItem\",\"position\":3,\"name\":\"Ty\u00f6p\u00f6yt\u00e4 1600&#215;700 mm LED-valolla, reik\u00e4levyll\u00e4 ja kaapilla, PRexpert608\"}]},{\"@type\":\"WebSite\",\"@id\":\"https:\\\/\\\/www.laomeister.com\\\/fi\\\/#website\",\"url\":\"https:\\\/\\\/www.laomeister.com\\\/fi\\\/\",\"name\":\"Balti Laomeister\",\"description\":\"Laoriiulid - m&uuml;&uuml;k ja paigaldus\",\"potentialAction\":[{\"@type\":\"SearchAction\",\"target\":{\"@type\":\"EntryPoint\",\"urlTemplate\":\"https:\\\/\\\/www.laomeister.com\\\/fi\\\/?s={search_term_string}\"},\"query-input\":{\"@type\":\"PropertyValueSpecification\",\"valueRequired\":true,\"valueName\":\"search_term_string\"}}],\"inLanguage\":\"fi\"}]}<\/script>\n<!-- \/ Yoast SEO plugin. -->","yoast_head_json":{"title":"Ty\u00f6p\u00f6yt\u00e4 1600x700 mm LED-valolla, reik\u00e4levyll\u00e4 ja kaapilla, PRexpert608 - Balti Laomeister","description":"J\u00e4rjest\u00e4 ty\u00f6paikkasi paremmin tuotannossa, varastoissa ja muualla. On olemassa monia eri variaatioita, mittoja, ty\u00f6tasomateriaaleja ja lis\u00e4varusteita. Yhdistele tarpeidesi mukaan!","robots":{"index":"index","follow":"follow","max-snippet":"max-snippet:-1","max-image-preview":"max-image-preview:large","max-video-preview":"max-video-preview:-1"},"canonical":"https:\/\/www.laomeister.com\/fi\/toode\/toolaud-1600x700-mm-riiuliboksi-ekraani-ja-led-valgustiga\/","og_locale":"fi_FI","og_type":"article","og_title":"Ty\u00f6p\u00f6yt\u00e4 1600x700 mm LED-valolla, reik\u00e4levyll\u00e4 ja kaapilla, PRexpert608 - Balti Laomeister","og_description":"J\u00e4rjest\u00e4 ty\u00f6paikkasi paremmin tuotannossa, varastoissa ja muualla. On olemassa monia eri variaatioita, mittoja, ty\u00f6tasomateriaaleja ja lis\u00e4varusteita. Yhdistele tarpeidesi mukaan!","og_url":"https:\/\/www.laomeister.com\/fi\/toode\/toolaud-1600x700-mm-riiuliboksi-ekraani-ja-led-valgustiga\/","og_site_name":"Balti Laomeister","article_modified_time":"2024-07-03T06:23:27+00:00","og_image":[{"width":2392,"height":2000,"url":"https:\/\/www.laomeister.com\/wp-content\/uploads\/2020\/06\/EXPERT_608.jpg","type":"image\/jpeg"}],"twitter_card":"summary_large_image","schema":{"@context":"https:\/\/schema.org","@graph":[{"@type":"WebPage","@id":"https:\/\/www.laomeister.com\/fi\/toode\/toolaud-1600x700-mm-riiuliboksi-ekraani-ja-led-valgustiga\/","url":"https:\/\/www.laomeister.com\/fi\/toode\/toolaud-1600x700-mm-riiuliboksi-ekraani-ja-led-valgustiga\/","name":"Ty\u00f6p\u00f6yt\u00e4 1600x700 mm LED-valolla, reik\u00e4levyll\u00e4 ja kaapilla, PRexpert608 - Balti Laomeister","isPartOf":{"@id":"https:\/\/www.laomeister.com\/fi\/#website"},"primaryImageOfPage":{"@id":"https:\/\/www.laomeister.com\/fi\/toode\/toolaud-1600x700-mm-riiuliboksi-ekraani-ja-led-valgustiga\/#primaryimage"},"image":{"@id":"https:\/\/www.laomeister.com\/fi\/toode\/toolaud-1600x700-mm-riiuliboksi-ekraani-ja-led-valgustiga\/#primaryimage"},"thumbnailUrl":"https:\/\/www.laomeister.com\/wp-content\/uploads\/2020\/06\/EXPERT_608.jpg","datePublished":"2020-06-25T12:02:04+00:00","dateModified":"2024-07-03T06:23:27+00:00","description":"J\u00e4rjest\u00e4 ty\u00f6paikkasi paremmin tuotannossa, varastoissa ja muualla. On olemassa monia eri variaatioita, mittoja, ty\u00f6tasomateriaaleja ja lis\u00e4varusteita. Yhdistele tarpeidesi mukaan!","breadcrumb":{"@id":"https:\/\/www.laomeister.com\/fi\/toode\/toolaud-1600x700-mm-riiuliboksi-ekraani-ja-led-valgustiga\/#breadcrumb"},"inLanguage":"fi","potentialAction":[{"@type":"ReadAction","target":["https:\/\/www.laomeister.com\/fi\/toode\/toolaud-1600x700-mm-riiuliboksi-ekraani-ja-led-valgustiga\/"]}]},{"@type":"ImageObject","inLanguage":"fi","@id":"https:\/\/www.laomeister.com\/fi\/toode\/toolaud-1600x700-mm-riiuliboksi-ekraani-ja-led-valgustiga\/#primaryimage","url":"https:\/\/www.laomeister.com\/wp-content\/uploads\/2020\/06\/EXPERT_608.jpg","contentUrl":"https:\/\/www.laomeister.com\/wp-content\/uploads\/2020\/06\/EXPERT_608.jpg","width":2392,"height":2000},{"@type":"BreadcrumbList","@id":"https:\/\/www.laomeister.com\/fi\/toode\/toolaud-1600x700-mm-riiuliboksi-ekraani-ja-led-valgustiga\/#breadcrumb","itemListElement":[{"@type":"ListItem","position":1,"name":"Home","item":"https:\/\/www.laomeister.com\/fi\/"},{"@type":"ListItem","position":2,"name":"Tuotteet","item":"https:\/\/www.laomeister.com\/fi\/tuotteet\/"},{"@type":"ListItem","position":3,"name":"Ty\u00f6p\u00f6yt\u00e4 1600&#215;700 mm LED-valolla, reik\u00e4levyll\u00e4 ja kaapilla, PRexpert608"}]},{"@type":"WebSite","@id":"https:\/\/www.laomeister.com\/fi\/#website","url":"https:\/\/www.laomeister.com\/fi\/","name":"Balti Laomeister","description":"Laoriiulid - m&uuml;&uuml;k ja paigaldus","potentialAction":[{"@type":"SearchAction","target":{"@type":"EntryPoint","urlTemplate":"https:\/\/www.laomeister.com\/fi\/?s={search_term_string}"},"query-input":{"@type":"PropertyValueSpecification","valueRequired":true,"valueName":"search_term_string"}}],"inLanguage":"fi"}]}},"_links":{"self":[{"href":"https:\/\/www.laomeister.com\/fi\/wp-json\/wp\/v2\/product\/13285","targetHints":{"allow":["GET"]}}],"collection":[{"href":"https:\/\/www.laomeister.com\/fi\/wp-json\/wp\/v2\/product"}],"about":[{"href":"https:\/\/www.laomeister.com\/fi\/wp-json\/wp\/v2\/types\/product"}],"wp:featuredmedia":[{"embeddable":true,"href":"https:\/\/www.laomeister.com\/fi\/wp-json\/wp\/v2\/media\/17042"}],"wp:attachment":[{"href":"https:\/\/www.laomeister.com\/fi\/wp-json\/wp\/v2\/media?parent=13285"}],"wp:term":[{"taxonomy":"product_brand","embeddable":true,"href":"https:\/\/www.laomeister.com\/fi\/wp-json\/wp\/v2\/product_brand?post=13285"},{"taxonomy":"product_cat","embeddable":true,"href":"https:\/\/www.laomeister.com\/fi\/wp-json\/wp\/v2\/product_cat?post=13285"},{"taxonomy":"product_tag","embeddable":true,"href":"https:\/\/www.laomeister.com\/fi\/wp-json\/wp\/v2\/product_tag?post=13285"}],"curies":[{"name":"wp","href":"https:\/\/api.w.org\/{rel}","templated":true}]}}