{"id":13271,"date":"2020-09-30T09:37:11","date_gmt":"2020-09-30T06:37:11","guid":{"rendered":"https:\/\/www.laomeister.com\/product\/plastikkast-eu4328-400-x-300-x-280-mm\/"},"modified":"2024-07-03T09:23:53","modified_gmt":"2024-07-03T06:23:53","slug":"plastikkast-eu4328-400-x-300-x-280-mm","status":"publish","type":"product","link":"https:\/\/www.laomeister.com\/fi\/toode\/plastikkast-eu4328-400-x-300-x-280-mm\/","title":{"rendered":"Muovilaatikko EU4328, 400 x 300 x 280 mm."},"content":{"rendered":"","protected":false},"excerpt":{"rendered":"<ul>\n<li>tilavuus 23,5 L<\/li>\n<li>kantokyky 20 kg laatikko, max 5 laatikkoa p\u00e4\u00e4llekk\u00e4in<\/li>\n<li>sis\u00e4mitat 355 x 255 x 260 mm<\/li>\n<li>ulkomitat 400 x 300 x 280 mm<\/li>\n<li>materiaali 50% uutta PP, 50% kierr\u00e4tetty\u00e4 PP:t\u00e4<\/li>\n<li>vahvistettu pohja<\/li>\n<li>halli<\/li>\n<li>tuotteen paino 1,3 kg<\/li>\n<\/ul>\n","protected":false},"featured_media":12890,"template":"","meta":[],"product_brand":[],"product_cat":[764],"product_tag":[],"class_list":{"0":"post-13271","1":"product","2":"type-product","3":"status-publish","4":"has-post-thumbnail","6":"product_cat-muovilaatikot-ja-muoviset-kuormalavat","8":"first","9":"instock","10":"sale","11":"taxable","12":"shipping-taxable","13":"purchasable","14":"product-type-simple"},"yoast_head":"<!-- This site is optimized with the Yoast SEO plugin v27.3 - https:\/\/yoast.com\/product\/yoast-seo-wordpress\/ -->\n<title>Muovilaatikko EU4328, 400 x 300 x 280 mm. - Balti Laomeister<\/title>\n<meta name=\"robots\" content=\"index, follow, max-snippet:-1, max-image-preview:large, max-video-preview:-1\" \/>\n<link rel=\"canonical\" href=\"https:\/\/www.laomeister.com\/fi\/toode\/plastikkast-eu4328-400-x-300-x-280-mm\/\" \/>\n<meta property=\"og:locale\" content=\"fi_FI\" \/>\n<meta property=\"og:type\" content=\"article\" \/>\n<meta property=\"og:title\" content=\"Muovilaatikko EU4328, 400 x 300 x 280 mm. - Balti Laomeister\" \/>\n<meta property=\"og:description\" content=\"tilavuus 23,5 L  kantokyky 20 kg laatikko, max 5 laatikkoa p\u00e4\u00e4llekk\u00e4in  sis\u00e4mitat 355 x 255 x 260 mm  ulkomitat 400 x 300 x 280 mm  materiaali 50% uutta PP, 50% kierr\u00e4tetty\u00e4 PP:t\u00e4  vahvistettu pohja  halli  tuotteen paino 1,3 kg\" \/>\n<meta property=\"og:url\" content=\"https:\/\/www.laomeister.com\/fi\/toode\/plastikkast-eu4328-400-x-300-x-280-mm\/\" \/>\n<meta property=\"og:site_name\" content=\"Balti Laomeister\" \/>\n<meta property=\"article:modified_time\" content=\"2024-07-03T06:23:53+00:00\" \/>\n<meta property=\"og:image\" content=\"https:\/\/www.laomeister.com\/wp-content\/uploads\/2020\/09\/EU4328-3.png\" \/>\n\t<meta property=\"og:image:width\" content=\"2000\" \/>\n\t<meta property=\"og:image:height\" content=\"2000\" \/>\n\t<meta property=\"og:image:type\" content=\"image\/png\" \/>\n<meta name=\"twitter:card\" content=\"summary_large_image\" \/>\n<script type=\"application\/ld+json\" class=\"yoast-schema-graph\">{\"@context\":\"https:\\\/\\\/schema.org\",\"@graph\":[{\"@type\":\"WebPage\",\"@id\":\"https:\\\/\\\/www.laomeister.com\\\/fi\\\/toode\\\/plastikkast-eu4328-400-x-300-x-280-mm\\\/\",\"url\":\"https:\\\/\\\/www.laomeister.com\\\/fi\\\/toode\\\/plastikkast-eu4328-400-x-300-x-280-mm\\\/\",\"name\":\"Muovilaatikko EU4328, 400 x 300 x 280 mm. - Balti Laomeister\",\"isPartOf\":{\"@id\":\"https:\\\/\\\/www.laomeister.com\\\/fi\\\/#website\"},\"primaryImageOfPage\":{\"@id\":\"https:\\\/\\\/www.laomeister.com\\\/fi\\\/toode\\\/plastikkast-eu4328-400-x-300-x-280-mm\\\/#primaryimage\"},\"image\":{\"@id\":\"https:\\\/\\\/www.laomeister.com\\\/fi\\\/toode\\\/plastikkast-eu4328-400-x-300-x-280-mm\\\/#primaryimage\"},\"thumbnailUrl\":\"https:\\\/\\\/www.laomeister.com\\\/wp-content\\\/uploads\\\/2020\\\/09\\\/EU4328-3.png\",\"datePublished\":\"2020-09-30T06:37:11+00:00\",\"dateModified\":\"2024-07-03T06:23:53+00:00\",\"breadcrumb\":{\"@id\":\"https:\\\/\\\/www.laomeister.com\\\/fi\\\/toode\\\/plastikkast-eu4328-400-x-300-x-280-mm\\\/#breadcrumb\"},\"inLanguage\":\"fi\",\"potentialAction\":[{\"@type\":\"ReadAction\",\"target\":[\"https:\\\/\\\/www.laomeister.com\\\/fi\\\/toode\\\/plastikkast-eu4328-400-x-300-x-280-mm\\\/\"]}]},{\"@type\":\"ImageObject\",\"inLanguage\":\"fi\",\"@id\":\"https:\\\/\\\/www.laomeister.com\\\/fi\\\/toode\\\/plastikkast-eu4328-400-x-300-x-280-mm\\\/#primaryimage\",\"url\":\"https:\\\/\\\/www.laomeister.com\\\/wp-content\\\/uploads\\\/2020\\\/09\\\/EU4328-3.png\",\"contentUrl\":\"https:\\\/\\\/www.laomeister.com\\\/wp-content\\\/uploads\\\/2020\\\/09\\\/EU4328-3.png\",\"width\":2000,\"height\":2000},{\"@type\":\"BreadcrumbList\",\"@id\":\"https:\\\/\\\/www.laomeister.com\\\/fi\\\/toode\\\/plastikkast-eu4328-400-x-300-x-280-mm\\\/#breadcrumb\",\"itemListElement\":[{\"@type\":\"ListItem\",\"position\":1,\"name\":\"Home\",\"item\":\"https:\\\/\\\/www.laomeister.com\\\/fi\\\/\"},{\"@type\":\"ListItem\",\"position\":2,\"name\":\"Tuotteet\",\"item\":\"https:\\\/\\\/www.laomeister.com\\\/fi\\\/tuotteet\\\/\"},{\"@type\":\"ListItem\",\"position\":3,\"name\":\"Muovilaatikko EU4328, 400 x 300 x 280 mm.\"}]},{\"@type\":\"WebSite\",\"@id\":\"https:\\\/\\\/www.laomeister.com\\\/fi\\\/#website\",\"url\":\"https:\\\/\\\/www.laomeister.com\\\/fi\\\/\",\"name\":\"Balti Laomeister\",\"description\":\"Laoriiulid - m&uuml;&uuml;k ja paigaldus\",\"potentialAction\":[{\"@type\":\"SearchAction\",\"target\":{\"@type\":\"EntryPoint\",\"urlTemplate\":\"https:\\\/\\\/www.laomeister.com\\\/fi\\\/?s={search_term_string}\"},\"query-input\":{\"@type\":\"PropertyValueSpecification\",\"valueRequired\":true,\"valueName\":\"search_term_string\"}}],\"inLanguage\":\"fi\"}]}<\/script>\n<!-- \/ Yoast SEO plugin. -->","yoast_head_json":{"title":"Muovilaatikko EU4328, 400 x 300 x 280 mm. - Balti Laomeister","robots":{"index":"index","follow":"follow","max-snippet":"max-snippet:-1","max-image-preview":"max-image-preview:large","max-video-preview":"max-video-preview:-1"},"canonical":"https:\/\/www.laomeister.com\/fi\/toode\/plastikkast-eu4328-400-x-300-x-280-mm\/","og_locale":"fi_FI","og_type":"article","og_title":"Muovilaatikko EU4328, 400 x 300 x 280 mm. - Balti Laomeister","og_description":"tilavuus 23,5 L  kantokyky 20 kg laatikko, max 5 laatikkoa p\u00e4\u00e4llekk\u00e4in  sis\u00e4mitat 355 x 255 x 260 mm  ulkomitat 400 x 300 x 280 mm  materiaali 50% uutta PP, 50% kierr\u00e4tetty\u00e4 PP:t\u00e4  vahvistettu pohja  halli  tuotteen paino 1,3 kg","og_url":"https:\/\/www.laomeister.com\/fi\/toode\/plastikkast-eu4328-400-x-300-x-280-mm\/","og_site_name":"Balti Laomeister","article_modified_time":"2024-07-03T06:23:53+00:00","og_image":[{"width":2000,"height":2000,"url":"https:\/\/www.laomeister.com\/wp-content\/uploads\/2020\/09\/EU4328-3.png","type":"image\/png"}],"twitter_card":"summary_large_image","schema":{"@context":"https:\/\/schema.org","@graph":[{"@type":"WebPage","@id":"https:\/\/www.laomeister.com\/fi\/toode\/plastikkast-eu4328-400-x-300-x-280-mm\/","url":"https:\/\/www.laomeister.com\/fi\/toode\/plastikkast-eu4328-400-x-300-x-280-mm\/","name":"Muovilaatikko EU4328, 400 x 300 x 280 mm. - Balti Laomeister","isPartOf":{"@id":"https:\/\/www.laomeister.com\/fi\/#website"},"primaryImageOfPage":{"@id":"https:\/\/www.laomeister.com\/fi\/toode\/plastikkast-eu4328-400-x-300-x-280-mm\/#primaryimage"},"image":{"@id":"https:\/\/www.laomeister.com\/fi\/toode\/plastikkast-eu4328-400-x-300-x-280-mm\/#primaryimage"},"thumbnailUrl":"https:\/\/www.laomeister.com\/wp-content\/uploads\/2020\/09\/EU4328-3.png","datePublished":"2020-09-30T06:37:11+00:00","dateModified":"2024-07-03T06:23:53+00:00","breadcrumb":{"@id":"https:\/\/www.laomeister.com\/fi\/toode\/plastikkast-eu4328-400-x-300-x-280-mm\/#breadcrumb"},"inLanguage":"fi","potentialAction":[{"@type":"ReadAction","target":["https:\/\/www.laomeister.com\/fi\/toode\/plastikkast-eu4328-400-x-300-x-280-mm\/"]}]},{"@type":"ImageObject","inLanguage":"fi","@id":"https:\/\/www.laomeister.com\/fi\/toode\/plastikkast-eu4328-400-x-300-x-280-mm\/#primaryimage","url":"https:\/\/www.laomeister.com\/wp-content\/uploads\/2020\/09\/EU4328-3.png","contentUrl":"https:\/\/www.laomeister.com\/wp-content\/uploads\/2020\/09\/EU4328-3.png","width":2000,"height":2000},{"@type":"BreadcrumbList","@id":"https:\/\/www.laomeister.com\/fi\/toode\/plastikkast-eu4328-400-x-300-x-280-mm\/#breadcrumb","itemListElement":[{"@type":"ListItem","position":1,"name":"Home","item":"https:\/\/www.laomeister.com\/fi\/"},{"@type":"ListItem","position":2,"name":"Tuotteet","item":"https:\/\/www.laomeister.com\/fi\/tuotteet\/"},{"@type":"ListItem","position":3,"name":"Muovilaatikko EU4328, 400 x 300 x 280 mm."}]},{"@type":"WebSite","@id":"https:\/\/www.laomeister.com\/fi\/#website","url":"https:\/\/www.laomeister.com\/fi\/","name":"Balti Laomeister","description":"Laoriiulid - m&uuml;&uuml;k ja paigaldus","potentialAction":[{"@type":"SearchAction","target":{"@type":"EntryPoint","urlTemplate":"https:\/\/www.laomeister.com\/fi\/?s={search_term_string}"},"query-input":{"@type":"PropertyValueSpecification","valueRequired":true,"valueName":"search_term_string"}}],"inLanguage":"fi"}]}},"_links":{"self":[{"href":"https:\/\/www.laomeister.com\/fi\/wp-json\/wp\/v2\/product\/13271","targetHints":{"allow":["GET"]}}],"collection":[{"href":"https:\/\/www.laomeister.com\/fi\/wp-json\/wp\/v2\/product"}],"about":[{"href":"https:\/\/www.laomeister.com\/fi\/wp-json\/wp\/v2\/types\/product"}],"wp:featuredmedia":[{"embeddable":true,"href":"https:\/\/www.laomeister.com\/fi\/wp-json\/wp\/v2\/media\/12890"}],"wp:attachment":[{"href":"https:\/\/www.laomeister.com\/fi\/wp-json\/wp\/v2\/media?parent=13271"}],"wp:term":[{"taxonomy":"product_brand","embeddable":true,"href":"https:\/\/www.laomeister.com\/fi\/wp-json\/wp\/v2\/product_brand?post=13271"},{"taxonomy":"product_cat","embeddable":true,"href":"https:\/\/www.laomeister.com\/fi\/wp-json\/wp\/v2\/product_cat?post=13271"},{"taxonomy":"product_tag","embeddable":true,"href":"https:\/\/www.laomeister.com\/fi\/wp-json\/wp\/v2\/product_tag?post=13271"}],"curies":[{"name":"wp","href":"https:\/\/api.w.org\/{rel}","templated":true}]}}