{"id":13258,"date":"2020-10-03T15:53:41","date_gmt":"2020-10-03T12:53:41","guid":{"rendered":"https:\/\/www.laomeister.com\/product\/poolelektriline-virnastaja-pl-1600-st\/"},"modified":"2024-07-03T09:25:44","modified_gmt":"2024-07-03T06:25:44","slug":"poolelektriline-virnastaja-pl-1600-st","status":"publish","type":"product","link":"https:\/\/www.laomeister.com\/fi\/toode\/poolelektriline-virnastaja-pl-1600-st\/","title":{"rendered":"manuaalinen pinoaja PL 1600 ST, I43161"},"content":{"rendered":"","protected":false},"excerpt":{"rendered":"<ul>\n<li>Vankkarakenteinen k\u00e4sik\u00e4ytt\u00f6inen pinoamislaite.<\/li>\n<li>Varustettu jalkapumpulla.<\/li>\n<li>Leveys 850 mm ja pituus 1980 mm.<\/li>\n<li>Nostonopeus 22 mm\/nosto.<\/li>\n<li>Haarukoiden leveys 550 mm.<\/li>\n<li>Haarukoiden pituus 1150 mm.<\/li>\n<li>Nostokapasiteetti 1000 kg.<\/li>\n<li>Nostokorkeus 85-1600 mm.<\/li>\n<li>Maston korkeus 1980 mm.<\/li>\n<li>Kuljettimen s\u00e4de 1380 mm.<\/li>\n<li>Ohjauspy\u00f6r\u00e4t nailonia, \u00d8 180 x 50 mm, varustettu jarrulla.<\/li>\n<li>Haarukkapy\u00f6r\u00e4t, nailonia, \u00d8 74 x 55 mm.<\/li>\n<li>Paino on 220 kg.<\/li>\n<\/ul>\n","protected":false},"featured_media":33423,"template":"","meta":[],"product_brand":[],"product_cat":[334,451],"product_tag":[],"class_list":{"0":"post-13258","1":"product","2":"type-product","3":"status-publish","4":"has-post-thumbnail","6":"product_cat-tostukid-fi","7":"product_cat-poolelektriline-virnastaja-fi","9":"first","10":"instock","11":"taxable","12":"shipping-taxable","13":"purchasable","14":"product-type-simple"},"yoast_head":"<!-- This site is optimized with the Yoast SEO plugin v27.3 - https:\/\/yoast.com\/product\/yoast-seo-wordpress\/ -->\n<title>manuaalinen pinoaja PL 1600 ST, I43161 - Balti Laomeister<\/title>\n<meta name=\"robots\" content=\"index, follow, max-snippet:-1, max-image-preview:large, max-video-preview:-1\" \/>\n<link rel=\"canonical\" href=\"https:\/\/www.laomeister.com\/fi\/toode\/poolelektriline-virnastaja-pl-1600-st\/\" \/>\n<meta property=\"og:locale\" content=\"fi_FI\" \/>\n<meta property=\"og:type\" content=\"article\" \/>\n<meta property=\"og:title\" content=\"manuaalinen pinoaja PL 1600 ST, I43161 - Balti Laomeister\" \/>\n<meta property=\"og:description\" content=\"Vankkarakenteinen k\u00e4sik\u00e4ytt\u00f6inen pinoamislaite.  Varustettu jalkapumpulla.  Leveys 850 mm ja pituus 1980 mm.  Nostonopeus 22 mm\/nosto.  Haarukoiden leveys 550 mm.  Haarukoiden pituus 1150 mm.  Nostokapasiteetti 1000 kg.  Nostokorkeus 85-1600 mm.  Maston korkeus 1980 mm.  Kuljettimen s\u00e4de 1380 mm.  Ohjauspy\u00f6r\u00e4t nailonia, \u00d8 180 x 50 mm, varustettu jarrulla.  Haarukkapy\u00f6r\u00e4t, nailonia, \u00d8 74 x 55 mm.  Paino on 220 kg.\" \/>\n<meta property=\"og:url\" content=\"https:\/\/www.laomeister.com\/fi\/toode\/poolelektriline-virnastaja-pl-1600-st\/\" \/>\n<meta property=\"og:site_name\" content=\"Balti Laomeister\" \/>\n<meta property=\"article:modified_time\" content=\"2024-07-03T06:25:44+00:00\" \/>\n<meta property=\"og:image\" content=\"https:\/\/www.laomeister.com\/wp-content\/uploads\/2022\/11\/manuaalne-virnastaja-PL-1600-ST-I43161.jpg\" \/>\n\t<meta property=\"og:image:width\" content=\"850\" \/>\n\t<meta property=\"og:image:height\" content=\"850\" \/>\n\t<meta property=\"og:image:type\" content=\"image\/jpeg\" \/>\n<meta name=\"twitter:card\" content=\"summary_large_image\" \/>\n<script type=\"application\/ld+json\" class=\"yoast-schema-graph\">{\"@context\":\"https:\\\/\\\/schema.org\",\"@graph\":[{\"@type\":\"WebPage\",\"@id\":\"https:\\\/\\\/www.laomeister.com\\\/fi\\\/toode\\\/poolelektriline-virnastaja-pl-1600-st\\\/\",\"url\":\"https:\\\/\\\/www.laomeister.com\\\/fi\\\/toode\\\/poolelektriline-virnastaja-pl-1600-st\\\/\",\"name\":\"manuaalinen pinoaja PL 1600 ST, I43161 - Balti Laomeister\",\"isPartOf\":{\"@id\":\"https:\\\/\\\/www.laomeister.com\\\/fi\\\/#website\"},\"primaryImageOfPage\":{\"@id\":\"https:\\\/\\\/www.laomeister.com\\\/fi\\\/toode\\\/poolelektriline-virnastaja-pl-1600-st\\\/#primaryimage\"},\"image\":{\"@id\":\"https:\\\/\\\/www.laomeister.com\\\/fi\\\/toode\\\/poolelektriline-virnastaja-pl-1600-st\\\/#primaryimage\"},\"thumbnailUrl\":\"https:\\\/\\\/www.laomeister.com\\\/wp-content\\\/uploads\\\/2022\\\/11\\\/manuaalne-virnastaja-PL-1600-ST-I43161.jpg\",\"datePublished\":\"2020-10-03T12:53:41+00:00\",\"dateModified\":\"2024-07-03T06:25:44+00:00\",\"breadcrumb\":{\"@id\":\"https:\\\/\\\/www.laomeister.com\\\/fi\\\/toode\\\/poolelektriline-virnastaja-pl-1600-st\\\/#breadcrumb\"},\"inLanguage\":\"fi\",\"potentialAction\":[{\"@type\":\"ReadAction\",\"target\":[\"https:\\\/\\\/www.laomeister.com\\\/fi\\\/toode\\\/poolelektriline-virnastaja-pl-1600-st\\\/\"]}]},{\"@type\":\"ImageObject\",\"inLanguage\":\"fi\",\"@id\":\"https:\\\/\\\/www.laomeister.com\\\/fi\\\/toode\\\/poolelektriline-virnastaja-pl-1600-st\\\/#primaryimage\",\"url\":\"https:\\\/\\\/www.laomeister.com\\\/wp-content\\\/uploads\\\/2022\\\/11\\\/manuaalne-virnastaja-PL-1600-ST-I43161.jpg\",\"contentUrl\":\"https:\\\/\\\/www.laomeister.com\\\/wp-content\\\/uploads\\\/2022\\\/11\\\/manuaalne-virnastaja-PL-1600-ST-I43161.jpg\",\"width\":850,\"height\":850},{\"@type\":\"BreadcrumbList\",\"@id\":\"https:\\\/\\\/www.laomeister.com\\\/fi\\\/toode\\\/poolelektriline-virnastaja-pl-1600-st\\\/#breadcrumb\",\"itemListElement\":[{\"@type\":\"ListItem\",\"position\":1,\"name\":\"Home\",\"item\":\"https:\\\/\\\/www.laomeister.com\\\/fi\\\/\"},{\"@type\":\"ListItem\",\"position\":2,\"name\":\"Tuotteet\",\"item\":\"https:\\\/\\\/www.laomeister.com\\\/fi\\\/tuotteet\\\/\"},{\"@type\":\"ListItem\",\"position\":3,\"name\":\"manuaalinen pinoaja PL 1600 ST, I43161\"}]},{\"@type\":\"WebSite\",\"@id\":\"https:\\\/\\\/www.laomeister.com\\\/fi\\\/#website\",\"url\":\"https:\\\/\\\/www.laomeister.com\\\/fi\\\/\",\"name\":\"Balti Laomeister\",\"description\":\"Laoriiulid - m&uuml;&uuml;k ja paigaldus\",\"potentialAction\":[{\"@type\":\"SearchAction\",\"target\":{\"@type\":\"EntryPoint\",\"urlTemplate\":\"https:\\\/\\\/www.laomeister.com\\\/fi\\\/?s={search_term_string}\"},\"query-input\":{\"@type\":\"PropertyValueSpecification\",\"valueRequired\":true,\"valueName\":\"search_term_string\"}}],\"inLanguage\":\"fi\"}]}<\/script>\n<!-- \/ Yoast SEO plugin. -->","yoast_head_json":{"title":"manuaalinen pinoaja PL 1600 ST, I43161 - Balti Laomeister","robots":{"index":"index","follow":"follow","max-snippet":"max-snippet:-1","max-image-preview":"max-image-preview:large","max-video-preview":"max-video-preview:-1"},"canonical":"https:\/\/www.laomeister.com\/fi\/toode\/poolelektriline-virnastaja-pl-1600-st\/","og_locale":"fi_FI","og_type":"article","og_title":"manuaalinen pinoaja PL 1600 ST, I43161 - Balti Laomeister","og_description":"Vankkarakenteinen k\u00e4sik\u00e4ytt\u00f6inen pinoamislaite.  Varustettu jalkapumpulla.  Leveys 850 mm ja pituus 1980 mm.  Nostonopeus 22 mm\/nosto.  Haarukoiden leveys 550 mm.  Haarukoiden pituus 1150 mm.  Nostokapasiteetti 1000 kg.  Nostokorkeus 85-1600 mm.  Maston korkeus 1980 mm.  Kuljettimen s\u00e4de 1380 mm.  Ohjauspy\u00f6r\u00e4t nailonia, \u00d8 180 x 50 mm, varustettu jarrulla.  Haarukkapy\u00f6r\u00e4t, nailonia, \u00d8 74 x 55 mm.  Paino on 220 kg.","og_url":"https:\/\/www.laomeister.com\/fi\/toode\/poolelektriline-virnastaja-pl-1600-st\/","og_site_name":"Balti Laomeister","article_modified_time":"2024-07-03T06:25:44+00:00","og_image":[{"width":850,"height":850,"url":"https:\/\/www.laomeister.com\/wp-content\/uploads\/2022\/11\/manuaalne-virnastaja-PL-1600-ST-I43161.jpg","type":"image\/jpeg"}],"twitter_card":"summary_large_image","schema":{"@context":"https:\/\/schema.org","@graph":[{"@type":"WebPage","@id":"https:\/\/www.laomeister.com\/fi\/toode\/poolelektriline-virnastaja-pl-1600-st\/","url":"https:\/\/www.laomeister.com\/fi\/toode\/poolelektriline-virnastaja-pl-1600-st\/","name":"manuaalinen pinoaja PL 1600 ST, I43161 - Balti Laomeister","isPartOf":{"@id":"https:\/\/www.laomeister.com\/fi\/#website"},"primaryImageOfPage":{"@id":"https:\/\/www.laomeister.com\/fi\/toode\/poolelektriline-virnastaja-pl-1600-st\/#primaryimage"},"image":{"@id":"https:\/\/www.laomeister.com\/fi\/toode\/poolelektriline-virnastaja-pl-1600-st\/#primaryimage"},"thumbnailUrl":"https:\/\/www.laomeister.com\/wp-content\/uploads\/2022\/11\/manuaalne-virnastaja-PL-1600-ST-I43161.jpg","datePublished":"2020-10-03T12:53:41+00:00","dateModified":"2024-07-03T06:25:44+00:00","breadcrumb":{"@id":"https:\/\/www.laomeister.com\/fi\/toode\/poolelektriline-virnastaja-pl-1600-st\/#breadcrumb"},"inLanguage":"fi","potentialAction":[{"@type":"ReadAction","target":["https:\/\/www.laomeister.com\/fi\/toode\/poolelektriline-virnastaja-pl-1600-st\/"]}]},{"@type":"ImageObject","inLanguage":"fi","@id":"https:\/\/www.laomeister.com\/fi\/toode\/poolelektriline-virnastaja-pl-1600-st\/#primaryimage","url":"https:\/\/www.laomeister.com\/wp-content\/uploads\/2022\/11\/manuaalne-virnastaja-PL-1600-ST-I43161.jpg","contentUrl":"https:\/\/www.laomeister.com\/wp-content\/uploads\/2022\/11\/manuaalne-virnastaja-PL-1600-ST-I43161.jpg","width":850,"height":850},{"@type":"BreadcrumbList","@id":"https:\/\/www.laomeister.com\/fi\/toode\/poolelektriline-virnastaja-pl-1600-st\/#breadcrumb","itemListElement":[{"@type":"ListItem","position":1,"name":"Home","item":"https:\/\/www.laomeister.com\/fi\/"},{"@type":"ListItem","position":2,"name":"Tuotteet","item":"https:\/\/www.laomeister.com\/fi\/tuotteet\/"},{"@type":"ListItem","position":3,"name":"manuaalinen pinoaja PL 1600 ST, I43161"}]},{"@type":"WebSite","@id":"https:\/\/www.laomeister.com\/fi\/#website","url":"https:\/\/www.laomeister.com\/fi\/","name":"Balti Laomeister","description":"Laoriiulid - m&uuml;&uuml;k ja paigaldus","potentialAction":[{"@type":"SearchAction","target":{"@type":"EntryPoint","urlTemplate":"https:\/\/www.laomeister.com\/fi\/?s={search_term_string}"},"query-input":{"@type":"PropertyValueSpecification","valueRequired":true,"valueName":"search_term_string"}}],"inLanguage":"fi"}]}},"_links":{"self":[{"href":"https:\/\/www.laomeister.com\/fi\/wp-json\/wp\/v2\/product\/13258","targetHints":{"allow":["GET"]}}],"collection":[{"href":"https:\/\/www.laomeister.com\/fi\/wp-json\/wp\/v2\/product"}],"about":[{"href":"https:\/\/www.laomeister.com\/fi\/wp-json\/wp\/v2\/types\/product"}],"wp:featuredmedia":[{"embeddable":true,"href":"https:\/\/www.laomeister.com\/fi\/wp-json\/wp\/v2\/media\/33423"}],"wp:attachment":[{"href":"https:\/\/www.laomeister.com\/fi\/wp-json\/wp\/v2\/media?parent=13258"}],"wp:term":[{"taxonomy":"product_brand","embeddable":true,"href":"https:\/\/www.laomeister.com\/fi\/wp-json\/wp\/v2\/product_brand?post=13258"},{"taxonomy":"product_cat","embeddable":true,"href":"https:\/\/www.laomeister.com\/fi\/wp-json\/wp\/v2\/product_cat?post=13258"},{"taxonomy":"product_tag","embeddable":true,"href":"https:\/\/www.laomeister.com\/fi\/wp-json\/wp\/v2\/product_tag?post=13258"}],"curies":[{"name":"wp","href":"https:\/\/api.w.org\/{rel}","templated":true}]}}