{"id":13257,"date":"2020-10-03T16:09:52","date_gmt":"2020-10-03T13:09:52","guid":{"rendered":"https:\/\/www.laomeister.com\/product\/poolelektriline-virnastaja-pl-1600-el\/"},"modified":"2024-07-03T09:25:48","modified_gmt":"2024-07-03T06:25:48","slug":"poolelektriline-virnastaja-pl-1600-el","status":"publish","type":"product","link":"https:\/\/www.laomeister.com\/fi\/toode\/poolelektriline-virnastaja-pl-1600-el\/","title":{"rendered":"puoli-elektrinen pinoaminen PL 1600 EL, I43166"},"content":{"rendered":"","protected":false},"excerpt":{"rendered":"<div class=\"description\">\n<ul>\n<li>\n<div class=\"description\">\n<ul>\n<li>Puoliksi s\u00e4hk\u00f6k\u00e4ytt\u00f6isess\u00e4 pinoajassa k\u00e4ytet\u00e4\u00e4n akkuk\u00e4ytt\u00f6ist\u00e4 moottoria nostamiseen, siirt\u00e4minen tapahtuu manuaalisesti.<\/li>\n<li>Pinoaja on varustettu akulla ja laturilla.<\/li>\n<li>Nostokapasiteetti 1000 kg.<\/li>\n<li>Haarukoiden leveys 580 mm.<\/li>\n<li>Haarukoiden pituus 1150 mm.<\/li>\n<li>Leveys 800 mm ja pituus 1678 mm.<\/li>\n<li>Nostokorkeus 1600 mm.<\/li>\n<li>Navan korkeus 2090 mm.<\/li>\n<li>Kuljettimen s\u00e4de 1425 mm.<\/li>\n<li>Nostonopeus kuormalla 80 mm\/s.<\/li>\n<li>Pudotusnopeus 120-150 mm\/s.<\/li>\n<li>Moottorin teho 1,5 kW.<\/li>\n<li>Akku 12V\/120Ah.<\/li>\n<li>Laturi 12V\/15Ah.<\/li>\n<li>Ohjauspy\u00f6r\u00e4t nailonia, \u00d8 180 x 50 mm.<\/li>\n<li>Haarukkapy\u00f6r\u00e4t nailonia, \u00d8 80 x 78 mm.<\/li>\n<li>Paino akkuineen 400 kg.<\/li>\n<\/ul>\n<\/div>\n<\/li>\n<\/ul>\n<\/div>\n","protected":false},"featured_media":33447,"template":"","meta":[],"product_brand":[],"product_cat":[334,451],"product_tag":[],"class_list":{"0":"post-13257","1":"product","2":"type-product","3":"status-publish","4":"has-post-thumbnail","6":"product_cat-tostukid-fi","7":"product_cat-poolelektriline-virnastaja-fi","9":"first","10":"instock","11":"taxable","12":"shipping-taxable","13":"purchasable","14":"product-type-simple"},"yoast_head":"<!-- This site is optimized with the Yoast SEO plugin v27.3 - https:\/\/yoast.com\/product\/yoast-seo-wordpress\/ -->\n<title>puoli-elektrinen pinoaminen PL 1600 EL, I43166 - Balti Laomeister<\/title>\n<meta name=\"robots\" content=\"index, follow, max-snippet:-1, max-image-preview:large, max-video-preview:-1\" \/>\n<link rel=\"canonical\" href=\"https:\/\/www.laomeister.com\/fi\/toode\/poolelektriline-virnastaja-pl-1600-el\/\" \/>\n<meta property=\"og:locale\" content=\"fi_FI\" \/>\n<meta property=\"og:type\" content=\"article\" \/>\n<meta property=\"og:title\" content=\"puoli-elektrinen pinoaminen PL 1600 EL, I43166 - Balti Laomeister\" \/>\n<meta property=\"og:description\" content=\"Puoliksi s\u00e4hk\u00f6k\u00e4ytt\u00f6isess\u00e4 pinoajassa k\u00e4ytet\u00e4\u00e4n akkuk\u00e4ytt\u00f6ist\u00e4 moottoria nostamiseen, siirt\u00e4minen tapahtuu manuaalisesti.  Pinoaja on varustettu akulla ja laturilla.  Nostokapasiteetti 1000 kg.  Haarukoiden leveys 580 mm.  Haarukoiden pituus 1150 mm.  Leveys 800 mm ja pituus 1678 mm.  Nostokorkeus 1600 mm.  Navan korkeus 2090 mm.  Kuljettimen s\u00e4de 1425 mm.  Nostonopeus kuormalla 80 mm\/s.  Pudotusnopeus 120-150 mm\/s.  Moottorin teho 1,5 kW.  Akku 12V\/120Ah.  Laturi 12V\/15Ah.  Ohjauspy\u00f6r\u00e4t nailonia, \u00d8 180 x 50 mm.  Haarukkapy\u00f6r\u00e4t nailonia, \u00d8 80 x 78 mm.  Paino akkuineen 400 kg.\" \/>\n<meta property=\"og:url\" content=\"https:\/\/www.laomeister.com\/fi\/toode\/poolelektriline-virnastaja-pl-1600-el\/\" \/>\n<meta property=\"og:site_name\" content=\"Balti Laomeister\" \/>\n<meta property=\"article:modified_time\" content=\"2024-07-03T06:25:48+00:00\" \/>\n<meta property=\"og:image\" content=\"https:\/\/www.laomeister.com\/wp-content\/uploads\/2022\/11\/Poolelektriline-virnastaja-PL-3350-1000kg-3350mm-I43356.jpg\" \/>\n\t<meta property=\"og:image:width\" content=\"850\" \/>\n\t<meta property=\"og:image:height\" content=\"850\" \/>\n\t<meta property=\"og:image:type\" content=\"image\/jpeg\" \/>\n<meta name=\"twitter:card\" content=\"summary_large_image\" \/>\n<script type=\"application\/ld+json\" class=\"yoast-schema-graph\">{\"@context\":\"https:\\\/\\\/schema.org\",\"@graph\":[{\"@type\":\"WebPage\",\"@id\":\"https:\\\/\\\/www.laomeister.com\\\/fi\\\/toode\\\/poolelektriline-virnastaja-pl-1600-el\\\/\",\"url\":\"https:\\\/\\\/www.laomeister.com\\\/fi\\\/toode\\\/poolelektriline-virnastaja-pl-1600-el\\\/\",\"name\":\"puoli-elektrinen pinoaminen PL 1600 EL, I43166 - Balti Laomeister\",\"isPartOf\":{\"@id\":\"https:\\\/\\\/www.laomeister.com\\\/fi\\\/#website\"},\"primaryImageOfPage\":{\"@id\":\"https:\\\/\\\/www.laomeister.com\\\/fi\\\/toode\\\/poolelektriline-virnastaja-pl-1600-el\\\/#primaryimage\"},\"image\":{\"@id\":\"https:\\\/\\\/www.laomeister.com\\\/fi\\\/toode\\\/poolelektriline-virnastaja-pl-1600-el\\\/#primaryimage\"},\"thumbnailUrl\":\"https:\\\/\\\/www.laomeister.com\\\/wp-content\\\/uploads\\\/2022\\\/11\\\/Poolelektriline-virnastaja-PL-3350-1000kg-3350mm-I43356.jpg\",\"datePublished\":\"2020-10-03T13:09:52+00:00\",\"dateModified\":\"2024-07-03T06:25:48+00:00\",\"breadcrumb\":{\"@id\":\"https:\\\/\\\/www.laomeister.com\\\/fi\\\/toode\\\/poolelektriline-virnastaja-pl-1600-el\\\/#breadcrumb\"},\"inLanguage\":\"fi\",\"potentialAction\":[{\"@type\":\"ReadAction\",\"target\":[\"https:\\\/\\\/www.laomeister.com\\\/fi\\\/toode\\\/poolelektriline-virnastaja-pl-1600-el\\\/\"]}]},{\"@type\":\"ImageObject\",\"inLanguage\":\"fi\",\"@id\":\"https:\\\/\\\/www.laomeister.com\\\/fi\\\/toode\\\/poolelektriline-virnastaja-pl-1600-el\\\/#primaryimage\",\"url\":\"https:\\\/\\\/www.laomeister.com\\\/wp-content\\\/uploads\\\/2022\\\/11\\\/Poolelektriline-virnastaja-PL-3350-1000kg-3350mm-I43356.jpg\",\"contentUrl\":\"https:\\\/\\\/www.laomeister.com\\\/wp-content\\\/uploads\\\/2022\\\/11\\\/Poolelektriline-virnastaja-PL-3350-1000kg-3350mm-I43356.jpg\",\"width\":850,\"height\":850},{\"@type\":\"BreadcrumbList\",\"@id\":\"https:\\\/\\\/www.laomeister.com\\\/fi\\\/toode\\\/poolelektriline-virnastaja-pl-1600-el\\\/#breadcrumb\",\"itemListElement\":[{\"@type\":\"ListItem\",\"position\":1,\"name\":\"Home\",\"item\":\"https:\\\/\\\/www.laomeister.com\\\/fi\\\/\"},{\"@type\":\"ListItem\",\"position\":2,\"name\":\"Tuotteet\",\"item\":\"https:\\\/\\\/www.laomeister.com\\\/fi\\\/tuotteet\\\/\"},{\"@type\":\"ListItem\",\"position\":3,\"name\":\"puoli-elektrinen pinoaminen PL 1600 EL, I43166\"}]},{\"@type\":\"WebSite\",\"@id\":\"https:\\\/\\\/www.laomeister.com\\\/fi\\\/#website\",\"url\":\"https:\\\/\\\/www.laomeister.com\\\/fi\\\/\",\"name\":\"Balti Laomeister\",\"description\":\"Laoriiulid - m&uuml;&uuml;k ja paigaldus\",\"potentialAction\":[{\"@type\":\"SearchAction\",\"target\":{\"@type\":\"EntryPoint\",\"urlTemplate\":\"https:\\\/\\\/www.laomeister.com\\\/fi\\\/?s={search_term_string}\"},\"query-input\":{\"@type\":\"PropertyValueSpecification\",\"valueRequired\":true,\"valueName\":\"search_term_string\"}}],\"inLanguage\":\"fi\"}]}<\/script>\n<!-- \/ Yoast SEO plugin. -->","yoast_head_json":{"title":"puoli-elektrinen pinoaminen PL 1600 EL, I43166 - Balti Laomeister","robots":{"index":"index","follow":"follow","max-snippet":"max-snippet:-1","max-image-preview":"max-image-preview:large","max-video-preview":"max-video-preview:-1"},"canonical":"https:\/\/www.laomeister.com\/fi\/toode\/poolelektriline-virnastaja-pl-1600-el\/","og_locale":"fi_FI","og_type":"article","og_title":"puoli-elektrinen pinoaminen PL 1600 EL, I43166 - Balti Laomeister","og_description":"Puoliksi s\u00e4hk\u00f6k\u00e4ytt\u00f6isess\u00e4 pinoajassa k\u00e4ytet\u00e4\u00e4n akkuk\u00e4ytt\u00f6ist\u00e4 moottoria nostamiseen, siirt\u00e4minen tapahtuu manuaalisesti.  Pinoaja on varustettu akulla ja laturilla.  Nostokapasiteetti 1000 kg.  Haarukoiden leveys 580 mm.  Haarukoiden pituus 1150 mm.  Leveys 800 mm ja pituus 1678 mm.  Nostokorkeus 1600 mm.  Navan korkeus 2090 mm.  Kuljettimen s\u00e4de 1425 mm.  Nostonopeus kuormalla 80 mm\/s.  Pudotusnopeus 120-150 mm\/s.  Moottorin teho 1,5 kW.  Akku 12V\/120Ah.  Laturi 12V\/15Ah.  Ohjauspy\u00f6r\u00e4t nailonia, \u00d8 180 x 50 mm.  Haarukkapy\u00f6r\u00e4t nailonia, \u00d8 80 x 78 mm.  Paino akkuineen 400 kg.","og_url":"https:\/\/www.laomeister.com\/fi\/toode\/poolelektriline-virnastaja-pl-1600-el\/","og_site_name":"Balti Laomeister","article_modified_time":"2024-07-03T06:25:48+00:00","og_image":[{"width":850,"height":850,"url":"https:\/\/www.laomeister.com\/wp-content\/uploads\/2022\/11\/Poolelektriline-virnastaja-PL-3350-1000kg-3350mm-I43356.jpg","type":"image\/jpeg"}],"twitter_card":"summary_large_image","schema":{"@context":"https:\/\/schema.org","@graph":[{"@type":"WebPage","@id":"https:\/\/www.laomeister.com\/fi\/toode\/poolelektriline-virnastaja-pl-1600-el\/","url":"https:\/\/www.laomeister.com\/fi\/toode\/poolelektriline-virnastaja-pl-1600-el\/","name":"puoli-elektrinen pinoaminen PL 1600 EL, I43166 - Balti Laomeister","isPartOf":{"@id":"https:\/\/www.laomeister.com\/fi\/#website"},"primaryImageOfPage":{"@id":"https:\/\/www.laomeister.com\/fi\/toode\/poolelektriline-virnastaja-pl-1600-el\/#primaryimage"},"image":{"@id":"https:\/\/www.laomeister.com\/fi\/toode\/poolelektriline-virnastaja-pl-1600-el\/#primaryimage"},"thumbnailUrl":"https:\/\/www.laomeister.com\/wp-content\/uploads\/2022\/11\/Poolelektriline-virnastaja-PL-3350-1000kg-3350mm-I43356.jpg","datePublished":"2020-10-03T13:09:52+00:00","dateModified":"2024-07-03T06:25:48+00:00","breadcrumb":{"@id":"https:\/\/www.laomeister.com\/fi\/toode\/poolelektriline-virnastaja-pl-1600-el\/#breadcrumb"},"inLanguage":"fi","potentialAction":[{"@type":"ReadAction","target":["https:\/\/www.laomeister.com\/fi\/toode\/poolelektriline-virnastaja-pl-1600-el\/"]}]},{"@type":"ImageObject","inLanguage":"fi","@id":"https:\/\/www.laomeister.com\/fi\/toode\/poolelektriline-virnastaja-pl-1600-el\/#primaryimage","url":"https:\/\/www.laomeister.com\/wp-content\/uploads\/2022\/11\/Poolelektriline-virnastaja-PL-3350-1000kg-3350mm-I43356.jpg","contentUrl":"https:\/\/www.laomeister.com\/wp-content\/uploads\/2022\/11\/Poolelektriline-virnastaja-PL-3350-1000kg-3350mm-I43356.jpg","width":850,"height":850},{"@type":"BreadcrumbList","@id":"https:\/\/www.laomeister.com\/fi\/toode\/poolelektriline-virnastaja-pl-1600-el\/#breadcrumb","itemListElement":[{"@type":"ListItem","position":1,"name":"Home","item":"https:\/\/www.laomeister.com\/fi\/"},{"@type":"ListItem","position":2,"name":"Tuotteet","item":"https:\/\/www.laomeister.com\/fi\/tuotteet\/"},{"@type":"ListItem","position":3,"name":"puoli-elektrinen pinoaminen PL 1600 EL, I43166"}]},{"@type":"WebSite","@id":"https:\/\/www.laomeister.com\/fi\/#website","url":"https:\/\/www.laomeister.com\/fi\/","name":"Balti Laomeister","description":"Laoriiulid - m&uuml;&uuml;k ja paigaldus","potentialAction":[{"@type":"SearchAction","target":{"@type":"EntryPoint","urlTemplate":"https:\/\/www.laomeister.com\/fi\/?s={search_term_string}"},"query-input":{"@type":"PropertyValueSpecification","valueRequired":true,"valueName":"search_term_string"}}],"inLanguage":"fi"}]}},"_links":{"self":[{"href":"https:\/\/www.laomeister.com\/fi\/wp-json\/wp\/v2\/product\/13257","targetHints":{"allow":["GET"]}}],"collection":[{"href":"https:\/\/www.laomeister.com\/fi\/wp-json\/wp\/v2\/product"}],"about":[{"href":"https:\/\/www.laomeister.com\/fi\/wp-json\/wp\/v2\/types\/product"}],"wp:featuredmedia":[{"embeddable":true,"href":"https:\/\/www.laomeister.com\/fi\/wp-json\/wp\/v2\/media\/33447"}],"wp:attachment":[{"href":"https:\/\/www.laomeister.com\/fi\/wp-json\/wp\/v2\/media?parent=13257"}],"wp:term":[{"taxonomy":"product_brand","embeddable":true,"href":"https:\/\/www.laomeister.com\/fi\/wp-json\/wp\/v2\/product_brand?post=13257"},{"taxonomy":"product_cat","embeddable":true,"href":"https:\/\/www.laomeister.com\/fi\/wp-json\/wp\/v2\/product_cat?post=13257"},{"taxonomy":"product_tag","embeddable":true,"href":"https:\/\/www.laomeister.com\/fi\/wp-json\/wp\/v2\/product_tag?post=13257"}],"curies":[{"name":"wp","href":"https:\/\/api.w.org\/{rel}","templated":true}]}}