{"id":13254,"date":"2020-10-03T16:32:29","date_gmt":"2020-10-03T13:32:29","guid":{"rendered":"https:\/\/www.laomeister.com\/product\/manuaalne-virnastaja-pl-1000-st\/"},"modified":"2024-07-03T09:26:25","modified_gmt":"2024-07-03T06:26:25","slug":"manuaalne-virnastaja-pl-1000-st","status":"publish","type":"product","link":"https:\/\/www.laomeister.com\/fi\/toode\/manuaalne-virnastaja-pl-1000-st\/","title":{"rendered":"K\u00e4sik\u00e4ytt\u00f6inen pinoaja PL 1000 ST, I43101"},"content":{"rendered":"","protected":false},"excerpt":{"rendered":"<div class=\"description\">\n<ul>\n<li>Vankkarakenteinen k\u00e4sik\u00e4ytt\u00f6inen pinoamislaite.<\/li>\n<li>Varustettu jalkapumpulla.<\/li>\n<li>Leveys 850 mm ja pituus 1980 mm.<\/li>\n<li>Nostonopeus 22 mm\/nosto.<\/li>\n<li>Haarukoiden leveys 550 mm.<\/li>\n<li>Haarukoiden pituus 1150 mm.<\/li>\n<li>Nostokapasiteetti 1000 kg.<\/li>\n<li>Korkeus 85-800 mm.<\/li>\n<li>Navan korkeus 1200 mm.<\/li>\n<li>Kuljettimen s\u00e4de 1380 mm.<\/li>\n<li>Haarukkapy\u00f6r\u00e4t nailonia, \u00d8 74 x 55 mm.<\/li>\n<li>Ohjauspy\u00f6r\u00e4t nailonia, \u00d8 180 x 50 mm, varustettu jarrulla.<\/li>\n<li>Paino on 180 kg.<\/li>\n<\/ul>\n<\/div>\n","protected":false},"featured_media":33419,"template":"","meta":[],"product_brand":[],"product_cat":[334,451],"product_tag":[],"class_list":{"0":"post-13254","1":"product","2":"type-product","3":"status-publish","4":"has-post-thumbnail","6":"product_cat-tostukid-fi","7":"product_cat-poolelektriline-virnastaja-fi","9":"first","10":"instock","11":"taxable","12":"shipping-taxable","13":"purchasable","14":"product-type-simple"},"yoast_head":"<!-- This site is optimized with the Yoast SEO plugin v27.3 - https:\/\/yoast.com\/product\/yoast-seo-wordpress\/ -->\n<title>K\u00e4sik\u00e4ytt\u00f6inen pinoaja PL 1000 ST, I43101 - Balti Laomeister<\/title>\n<meta name=\"robots\" content=\"index, follow, max-snippet:-1, max-image-preview:large, max-video-preview:-1\" \/>\n<link rel=\"canonical\" href=\"https:\/\/www.laomeister.com\/fi\/toode\/manuaalne-virnastaja-pl-1000-st\/\" \/>\n<meta property=\"og:locale\" content=\"fi_FI\" \/>\n<meta property=\"og:type\" content=\"article\" \/>\n<meta property=\"og:title\" content=\"K\u00e4sik\u00e4ytt\u00f6inen pinoaja PL 1000 ST, I43101 - Balti Laomeister\" \/>\n<meta property=\"og:description\" content=\"Vankkarakenteinen k\u00e4sik\u00e4ytt\u00f6inen pinoamislaite.  Varustettu jalkapumpulla.  Leveys 850 mm ja pituus 1980 mm.  Nostonopeus 22 mm\/nosto.  Haarukoiden leveys 550 mm.  Haarukoiden pituus 1150 mm.  Nostokapasiteetti 1000 kg.  Korkeus 85-800 mm.  Navan korkeus 1200 mm.  Kuljettimen s\u00e4de 1380 mm.  Haarukkapy\u00f6r\u00e4t nailonia, \u00d8 74 x 55 mm.  Ohjauspy\u00f6r\u00e4t nailonia, \u00d8 180 x 50 mm, varustettu jarrulla.  Paino on 180 kg.\" \/>\n<meta property=\"og:url\" content=\"https:\/\/www.laomeister.com\/fi\/toode\/manuaalne-virnastaja-pl-1000-st\/\" \/>\n<meta property=\"og:site_name\" content=\"Balti Laomeister\" \/>\n<meta property=\"article:modified_time\" content=\"2024-07-03T06:26:25+00:00\" \/>\n<meta property=\"og:image\" content=\"https:\/\/www.laomeister.com\/wp-content\/uploads\/2022\/11\/manuaalne-virnastaja-PL-1000-ST-I43101.jpg\" \/>\n\t<meta property=\"og:image:width\" content=\"850\" \/>\n\t<meta property=\"og:image:height\" content=\"850\" \/>\n\t<meta property=\"og:image:type\" content=\"image\/jpeg\" \/>\n<meta name=\"twitter:card\" content=\"summary_large_image\" \/>\n<script type=\"application\/ld+json\" class=\"yoast-schema-graph\">{\"@context\":\"https:\\\/\\\/schema.org\",\"@graph\":[{\"@type\":\"WebPage\",\"@id\":\"https:\\\/\\\/www.laomeister.com\\\/fi\\\/toode\\\/manuaalne-virnastaja-pl-1000-st\\\/\",\"url\":\"https:\\\/\\\/www.laomeister.com\\\/fi\\\/toode\\\/manuaalne-virnastaja-pl-1000-st\\\/\",\"name\":\"K\u00e4sik\u00e4ytt\u00f6inen pinoaja PL 1000 ST, I43101 - Balti Laomeister\",\"isPartOf\":{\"@id\":\"https:\\\/\\\/www.laomeister.com\\\/fi\\\/#website\"},\"primaryImageOfPage\":{\"@id\":\"https:\\\/\\\/www.laomeister.com\\\/fi\\\/toode\\\/manuaalne-virnastaja-pl-1000-st\\\/#primaryimage\"},\"image\":{\"@id\":\"https:\\\/\\\/www.laomeister.com\\\/fi\\\/toode\\\/manuaalne-virnastaja-pl-1000-st\\\/#primaryimage\"},\"thumbnailUrl\":\"https:\\\/\\\/www.laomeister.com\\\/wp-content\\\/uploads\\\/2022\\\/11\\\/manuaalne-virnastaja-PL-1000-ST-I43101.jpg\",\"datePublished\":\"2020-10-03T13:32:29+00:00\",\"dateModified\":\"2024-07-03T06:26:25+00:00\",\"breadcrumb\":{\"@id\":\"https:\\\/\\\/www.laomeister.com\\\/fi\\\/toode\\\/manuaalne-virnastaja-pl-1000-st\\\/#breadcrumb\"},\"inLanguage\":\"fi\",\"potentialAction\":[{\"@type\":\"ReadAction\",\"target\":[\"https:\\\/\\\/www.laomeister.com\\\/fi\\\/toode\\\/manuaalne-virnastaja-pl-1000-st\\\/\"]}]},{\"@type\":\"ImageObject\",\"inLanguage\":\"fi\",\"@id\":\"https:\\\/\\\/www.laomeister.com\\\/fi\\\/toode\\\/manuaalne-virnastaja-pl-1000-st\\\/#primaryimage\",\"url\":\"https:\\\/\\\/www.laomeister.com\\\/wp-content\\\/uploads\\\/2022\\\/11\\\/manuaalne-virnastaja-PL-1000-ST-I43101.jpg\",\"contentUrl\":\"https:\\\/\\\/www.laomeister.com\\\/wp-content\\\/uploads\\\/2022\\\/11\\\/manuaalne-virnastaja-PL-1000-ST-I43101.jpg\",\"width\":850,\"height\":850},{\"@type\":\"BreadcrumbList\",\"@id\":\"https:\\\/\\\/www.laomeister.com\\\/fi\\\/toode\\\/manuaalne-virnastaja-pl-1000-st\\\/#breadcrumb\",\"itemListElement\":[{\"@type\":\"ListItem\",\"position\":1,\"name\":\"Home\",\"item\":\"https:\\\/\\\/www.laomeister.com\\\/fi\\\/\"},{\"@type\":\"ListItem\",\"position\":2,\"name\":\"Tuotteet\",\"item\":\"https:\\\/\\\/www.laomeister.com\\\/fi\\\/tuotteet\\\/\"},{\"@type\":\"ListItem\",\"position\":3,\"name\":\"K\u00e4sik\u00e4ytt\u00f6inen pinoaja PL 1000 ST, I43101\"}]},{\"@type\":\"WebSite\",\"@id\":\"https:\\\/\\\/www.laomeister.com\\\/fi\\\/#website\",\"url\":\"https:\\\/\\\/www.laomeister.com\\\/fi\\\/\",\"name\":\"Balti Laomeister\",\"description\":\"Laoriiulid - m&uuml;&uuml;k ja paigaldus\",\"potentialAction\":[{\"@type\":\"SearchAction\",\"target\":{\"@type\":\"EntryPoint\",\"urlTemplate\":\"https:\\\/\\\/www.laomeister.com\\\/fi\\\/?s={search_term_string}\"},\"query-input\":{\"@type\":\"PropertyValueSpecification\",\"valueRequired\":true,\"valueName\":\"search_term_string\"}}],\"inLanguage\":\"fi\"}]}<\/script>\n<!-- \/ Yoast SEO plugin. -->","yoast_head_json":{"title":"K\u00e4sik\u00e4ytt\u00f6inen pinoaja PL 1000 ST, I43101 - Balti Laomeister","robots":{"index":"index","follow":"follow","max-snippet":"max-snippet:-1","max-image-preview":"max-image-preview:large","max-video-preview":"max-video-preview:-1"},"canonical":"https:\/\/www.laomeister.com\/fi\/toode\/manuaalne-virnastaja-pl-1000-st\/","og_locale":"fi_FI","og_type":"article","og_title":"K\u00e4sik\u00e4ytt\u00f6inen pinoaja PL 1000 ST, I43101 - Balti Laomeister","og_description":"Vankkarakenteinen k\u00e4sik\u00e4ytt\u00f6inen pinoamislaite.  Varustettu jalkapumpulla.  Leveys 850 mm ja pituus 1980 mm.  Nostonopeus 22 mm\/nosto.  Haarukoiden leveys 550 mm.  Haarukoiden pituus 1150 mm.  Nostokapasiteetti 1000 kg.  Korkeus 85-800 mm.  Navan korkeus 1200 mm.  Kuljettimen s\u00e4de 1380 mm.  Haarukkapy\u00f6r\u00e4t nailonia, \u00d8 74 x 55 mm.  Ohjauspy\u00f6r\u00e4t nailonia, \u00d8 180 x 50 mm, varustettu jarrulla.  Paino on 180 kg.","og_url":"https:\/\/www.laomeister.com\/fi\/toode\/manuaalne-virnastaja-pl-1000-st\/","og_site_name":"Balti Laomeister","article_modified_time":"2024-07-03T06:26:25+00:00","og_image":[{"width":850,"height":850,"url":"https:\/\/www.laomeister.com\/wp-content\/uploads\/2022\/11\/manuaalne-virnastaja-PL-1000-ST-I43101.jpg","type":"image\/jpeg"}],"twitter_card":"summary_large_image","schema":{"@context":"https:\/\/schema.org","@graph":[{"@type":"WebPage","@id":"https:\/\/www.laomeister.com\/fi\/toode\/manuaalne-virnastaja-pl-1000-st\/","url":"https:\/\/www.laomeister.com\/fi\/toode\/manuaalne-virnastaja-pl-1000-st\/","name":"K\u00e4sik\u00e4ytt\u00f6inen pinoaja PL 1000 ST, I43101 - Balti Laomeister","isPartOf":{"@id":"https:\/\/www.laomeister.com\/fi\/#website"},"primaryImageOfPage":{"@id":"https:\/\/www.laomeister.com\/fi\/toode\/manuaalne-virnastaja-pl-1000-st\/#primaryimage"},"image":{"@id":"https:\/\/www.laomeister.com\/fi\/toode\/manuaalne-virnastaja-pl-1000-st\/#primaryimage"},"thumbnailUrl":"https:\/\/www.laomeister.com\/wp-content\/uploads\/2022\/11\/manuaalne-virnastaja-PL-1000-ST-I43101.jpg","datePublished":"2020-10-03T13:32:29+00:00","dateModified":"2024-07-03T06:26:25+00:00","breadcrumb":{"@id":"https:\/\/www.laomeister.com\/fi\/toode\/manuaalne-virnastaja-pl-1000-st\/#breadcrumb"},"inLanguage":"fi","potentialAction":[{"@type":"ReadAction","target":["https:\/\/www.laomeister.com\/fi\/toode\/manuaalne-virnastaja-pl-1000-st\/"]}]},{"@type":"ImageObject","inLanguage":"fi","@id":"https:\/\/www.laomeister.com\/fi\/toode\/manuaalne-virnastaja-pl-1000-st\/#primaryimage","url":"https:\/\/www.laomeister.com\/wp-content\/uploads\/2022\/11\/manuaalne-virnastaja-PL-1000-ST-I43101.jpg","contentUrl":"https:\/\/www.laomeister.com\/wp-content\/uploads\/2022\/11\/manuaalne-virnastaja-PL-1000-ST-I43101.jpg","width":850,"height":850},{"@type":"BreadcrumbList","@id":"https:\/\/www.laomeister.com\/fi\/toode\/manuaalne-virnastaja-pl-1000-st\/#breadcrumb","itemListElement":[{"@type":"ListItem","position":1,"name":"Home","item":"https:\/\/www.laomeister.com\/fi\/"},{"@type":"ListItem","position":2,"name":"Tuotteet","item":"https:\/\/www.laomeister.com\/fi\/tuotteet\/"},{"@type":"ListItem","position":3,"name":"K\u00e4sik\u00e4ytt\u00f6inen pinoaja PL 1000 ST, I43101"}]},{"@type":"WebSite","@id":"https:\/\/www.laomeister.com\/fi\/#website","url":"https:\/\/www.laomeister.com\/fi\/","name":"Balti Laomeister","description":"Laoriiulid - m&uuml;&uuml;k ja paigaldus","potentialAction":[{"@type":"SearchAction","target":{"@type":"EntryPoint","urlTemplate":"https:\/\/www.laomeister.com\/fi\/?s={search_term_string}"},"query-input":{"@type":"PropertyValueSpecification","valueRequired":true,"valueName":"search_term_string"}}],"inLanguage":"fi"}]}},"_links":{"self":[{"href":"https:\/\/www.laomeister.com\/fi\/wp-json\/wp\/v2\/product\/13254","targetHints":{"allow":["GET"]}}],"collection":[{"href":"https:\/\/www.laomeister.com\/fi\/wp-json\/wp\/v2\/product"}],"about":[{"href":"https:\/\/www.laomeister.com\/fi\/wp-json\/wp\/v2\/types\/product"}],"wp:featuredmedia":[{"embeddable":true,"href":"https:\/\/www.laomeister.com\/fi\/wp-json\/wp\/v2\/media\/33419"}],"wp:attachment":[{"href":"https:\/\/www.laomeister.com\/fi\/wp-json\/wp\/v2\/media?parent=13254"}],"wp:term":[{"taxonomy":"product_brand","embeddable":true,"href":"https:\/\/www.laomeister.com\/fi\/wp-json\/wp\/v2\/product_brand?post=13254"},{"taxonomy":"product_cat","embeddable":true,"href":"https:\/\/www.laomeister.com\/fi\/wp-json\/wp\/v2\/product_cat?post=13254"},{"taxonomy":"product_tag","embeddable":true,"href":"https:\/\/www.laomeister.com\/fi\/wp-json\/wp\/v2\/product_tag?post=13254"}],"curies":[{"name":"wp","href":"https:\/\/api.w.org\/{rel}","templated":true}]}}