{"id":3645,"date":"2018-09-05T10:05:24","date_gmt":"2018-09-05T07:05:24","guid":{"rendered":"http:\/\/laomeister.com\/?page_id=3645"},"modified":"2024-07-02T20:22:12","modified_gmt":"2024-07-02T17:22:12","slug":"hintatiedustelu","status":"publish","type":"page","link":"https:\/\/www.laomeister.com\/fi\/hintatiedustelu\/","title":{"rendered":"Hintatiedustelu"},"content":{"rendered":"<div class=\"wpb-content-wrapper\">[vc_row][vc_column][vc_column_text]\n<h1 style=\"text-align: center;\"><span style=\"color: #ffffff;\"><strong>KERRO TERE!<\/strong><\/span><br \/>\n<span style=\"color: #ffffff;\"><strong>AUTAMME AINA MIELELL\u00c4MME!<\/strong><\/span><\/h1>\n[\/vc_column_text][vc_separator][\/vc_column][\/vc_row][vc_row css=&#8221;.vc_custom_1566540451696{background-color: #7092be !important;}&#8221;][vc_column]\n<div class=\"wpcf7 no-js\" id=\"wpcf7-f12126-o1\" lang=\"et\" dir=\"ltr\" data-wpcf7-id=\"12126\">\n<div class=\"screen-reader-response\"><p role=\"status\" aria-live=\"polite\" aria-atomic=\"true\"><\/p> <ul><\/ul><\/div>\n<form action=\"\/fi\/wp-json\/wp\/v2\/pages\/3645#wpcf7-f12126-o1\" method=\"post\" class=\"wpcf7-form init\" aria-label=\"Contact form\" novalidate=\"novalidate\" data-status=\"init\">\n<fieldset class=\"hidden-fields-container\"><input type=\"hidden\" name=\"_wpcf7\" value=\"12126\" \/><input type=\"hidden\" name=\"_wpcf7_version\" value=\"6.1.5\" \/><input type=\"hidden\" name=\"_wpcf7_locale\" value=\"et\" \/><input type=\"hidden\" name=\"_wpcf7_unit_tag\" value=\"wpcf7-f12126-o1\" \/><input type=\"hidden\" name=\"_wpcf7_container_post\" value=\"0\" \/><input type=\"hidden\" name=\"_wpcf7_posted_data_hash\" value=\"\" \/>\n<\/fieldset>\n<p><label> Nimi (n\u00f5utud)<br \/>\n<span class=\"wpcf7-form-control-wrap\" data-name=\"your-name\"><input size=\"40\" maxlength=\"400\" class=\"wpcf7-form-control wpcf7-text wpcf7-validates-as-required\" aria-required=\"true\" aria-invalid=\"false\" value=\"\" type=\"text\" name=\"your-name\" \/><\/span> <\/label>\n<\/p>\n<p><label> Email (n\u00f5utud)<br \/>\n<span class=\"wpcf7-form-control-wrap\" data-name=\"your-email\"><input size=\"40\" maxlength=\"400\" class=\"wpcf7-form-control wpcf7-email wpcf7-validates-as-required wpcf7-text wpcf7-validates-as-email\" aria-required=\"true\" aria-invalid=\"false\" value=\"\" type=\"email\" name=\"your-email\" \/><\/span> <\/label>\n<\/p>\n<p><label> Teema<br \/>\n<span class=\"wpcf7-form-control-wrap\" data-name=\"your-subject\"><input size=\"40\" maxlength=\"400\" class=\"wpcf7-form-control wpcf7-text\" aria-invalid=\"false\" value=\"\" type=\"text\" name=\"your-subject\" \/><\/span> <\/label>\n<\/p>\n<p><label> S\u00f5num<br \/>\n<span class=\"wpcf7-form-control-wrap\" data-name=\"your-message\"><textarea cols=\"40\" rows=\"10\" maxlength=\"2000\" class=\"wpcf7-form-control wpcf7-textarea\" aria-invalid=\"false\" name=\"your-message\"><\/textarea><\/span> <\/label>\n<\/p>\n<div id=\"cf7sr-69eb419985957\" class=\"cf7sr-g-recaptcha\" data-theme=\"light\" data-type=\"image\" data-size=\"normal\" data-sitekey=\"6LetgGUUAAAAAOFxUalJPbjc4ImsvSmYV-Wbdhp8\"><\/div><span class=\"wpcf7-form-control-wrap cf7sr-recaptcha\" data-name=\"cf7sr-recaptcha\"><input type=\"hidden\" name=\"cf7sr-recaptcha\" value=\"\" class=\"wpcf7-form-control\"><\/span>\n<\/p>\n<p><input class=\"wpcf7-form-control wpcf7-submit has-spinner\" type=\"submit\" value=\"Saada\" \/>\n<\/p><div class=\"wpcf7-response-output\" aria-hidden=\"true\"><\/div>\n<\/form>\n<\/div>\n\t\t\t\t\t\t\t\t\t<div\n\t\t\t\t\t\t\t\tclass=\"wd-portfolio-element\">\n\t\t\t\t\t\t\t\t\t\t\n\t\t\t\t\t<div class=\"wd-projects wd-masonry wd-grid-f-col\" data-atts=\"{&quot;carousel_id&quot;:&quot;5000&quot;,&quot;speed&quot;:&quot;5000&quot;,&quot;slides_per_view&quot;:&quot;3&quot;,&quot;slides_per_view_tablet&quot;:&quot;auto&quot;,&quot;slides_per_view_mobile&quot;:&quot;auto&quot;,&quot;wrap&quot;:&quot;&quot;,&quot;loop&quot;:false,&quot;autoplay&quot;:&quot;no&quot;,&quot;autoheight&quot;:&quot;no&quot;,&quot;hide_pagination_control&quot;:&quot;no&quot;,&quot;hide_pagination_control_tablet&quot;:&quot;yes&quot;,&quot;hide_pagination_control_mobile&quot;:&quot;yes&quot;,&quot;dynamic_pagination_control&quot;:&quot;no&quot;,&quot;hide_prev_next_buttons&quot;:&quot;&quot;,&quot;hide_prev_next_buttons_tablet&quot;:&quot;&quot;,&quot;hide_prev_next_buttons_mobile&quot;:&quot;&quot;,&quot;carousel_arrows_position&quot;:&quot;&quot;,&quot;hide_scrollbar&quot;:&quot;yes&quot;,&quot;hide_scrollbar_tablet&quot;:&quot;yes&quot;,&quot;hide_scrollbar_mobile&quot;:&quot;yes&quot;,&quot;scroll_per_page&quot;:&quot;yes&quot;,&quot;dragEndSpeed&quot;:200,&quot;center_mode&quot;:&quot;no&quot;,&quot;custom_sizes&quot;:&quot;&quot;,&quot;sliding_speed&quot;:false,&quot;animation&quot;:false,&quot;content_animation&quot;:false,&quot;post_type&quot;:&quot;portfolio&quot;,&quot;slider&quot;:&quot;&quot;,&quot;library&quot;:&quot;&quot;,&quot;css&quot;:&quot;&quot;,&quot;effect&quot;:&quot;&quot;,&quot;spacing&quot;:&quot;0&quot;,&quot;spacing_tablet&quot;:&quot;&quot;,&quot;spacing_mobile&quot;:&quot;&quot;,&quot;carousel_sync&quot;:&quot;&quot;,&quot;sync_parent_id&quot;:&quot;&quot;,&quot;sync_child_id&quot;:&quot;&quot;,&quot;scroll_carousel_init&quot;:&quot;no&quot;,&quot;disable_overflow_carousel&quot;:&quot;no&quot;,&quot;posts_per_page&quot;:&quot;12&quot;,&quot;filters&quot;:false,&quot;filters_type&quot;:&quot;masonry&quot;,&quot;include&quot;:&quot;&quot;,&quot;categories&quot;:&quot;118&quot;,&quot;style&quot;:&quot;text-shown&quot;,&quot;columns&quot;:&quot;3&quot;,&quot;columns_tablet&quot;:&quot;auto&quot;,&quot;columns_mobile&quot;:&quot;auto&quot;,&quot;pagination&quot;:&quot;disable&quot;,&quot;ajax_page&quot;:&quot;&quot;,&quot;orderby&quot;:&quot;&quot;,&quot;order&quot;:&quot;&quot;,&quot;layout&quot;:&quot;grid&quot;,&quot;lazy_loading&quot;:&quot;no&quot;,&quot;el_class&quot;:&quot;&quot;,&quot;el_id&quot;:&quot;&quot;,&quot;wrapper_classes&quot;:&quot;&quot;,&quot;image_size&quot;:&quot;large&quot;,&quot;image_size_custom&quot;:[],&quot;element_title&quot;:&quot;&quot;,&quot;element_title_tag&quot;:&quot;h3&quot;,&quot;inner_content&quot;:&quot;&quot;,&quot;woodmart_css_id&quot;:&quot;&quot;}\" data-source=\"shortcode\" data-paged=\"1\" style=\"--wd-col-lg:3;--wd-col-md:3;--wd-col-sm:1;--wd-gap-lg:0px;\">\n\t\t\t\t\t\t\n<article id=\"post-36050\" class=\"wd-project portfolio-entry wd-col masonry-item portfolio-text-shown proj-cat-laosin-kansa proj-cat-paivittaistavaroiden-kauppa post-36050 portfolio type-portfolio status-publish has-post-thumbnail hentry project-cat-laosin-kansa project-cat-paivittaistavaroiden-kauppa\">\n\t<header class=\"entry-header\">\n\t\t\t\t\t<figure class=\"entry-thumbnail color-scheme-light\">\n\t\t\t\t<a href=\"https:\/\/www.laomeister.com\/fi\/portfolio\/baltfarma-ou\/\" class=\"portfolio-thumbnail\">\n\t\t\t\t\t<img loading=\"lazy\" decoding=\"async\" width=\"1024\" height=\"683\" src=\"https:\/\/www.laomeister.com\/wp-content\/uploads\/2019\/07\/87A9574muudetud-1024x683.jpg\" class=\"attachment-large size-large\" alt=\"Laoriiulid\" srcset=\"https:\/\/www.laomeister.com\/wp-content\/uploads\/2019\/07\/87A9574muudetud-1024x683.jpg 1024w, https:\/\/www.laomeister.com\/wp-content\/uploads\/2019\/07\/87A9574muudetud-150x100.jpg 150w, https:\/\/www.laomeister.com\/wp-content\/uploads\/2019\/07\/87A9574muudetud-1200x800.jpg 1200w, https:\/\/www.laomeister.com\/wp-content\/uploads\/2019\/07\/87A9574muudetud-300x200.jpg 300w, https:\/\/www.laomeister.com\/wp-content\/uploads\/2019\/07\/87A9574muudetud-768x512.jpg 768w, https:\/\/www.laomeister.com\/wp-content\/uploads\/2019\/07\/87A9574muudetud.jpg 1275w\" sizes=\"auto, (max-width: 1024px) 100vw, 1024px\" \/>\t\t\t\t<\/a>\n\t\t\t\t<div class=\"wd-portfolio-btns\">\n\t\t\t\t\t<div class=\"portfolio-enlarge wd-action-btn wd-style-icon wd-enlarge-icon\">\n\t\t\t\t\t\t<a href=\"https:\/\/www.laomeister.com\/wp-content\/uploads\/2019\/07\/87A9574muudetud.jpg\" data-elementor-open-lightbox=\"no\">View Large<\/a>\n\t\t\t\t\t<\/div>\n\t\t\t\t\t\t\t\t\t<\/div>\n\t\t\t<\/figure>\n\t\t\n\t\t<div class=\"portfolio-info\">\n\t\t\t\t\t\t\t<div class=\"wrap-meta\">\n\t\t\t\t\t<ul class=\"proj-cats-list\">\n\t\t\t\t\t\t\t\t\t\t\t\t\t\t\t\t\t\t\t\t<li>Laosin kansa<\/li>\n\t\t\t\t\t\t\t\t\t\t\t\t\t\t\t\t\t\t\t\t<li>P\u00e4ivitt\u00e4istavaroiden kauppa<\/li>\n\t\t\t\t\t\t\t\t\t\t\t<\/ul>\n\t\t\t\t<\/div>\n\t\t\t\n\t\t\t<div class=\"wrap-title\">\n\t\t\t\t<h3 class=\"wd-entities-title\">\n\t\t\t\t\t<a href=\"https:\/\/www.laomeister.com\/fi\/portfolio\/baltfarma-ou\/\" rel=\"bookmark\">Baltfarma O\u00dc<\/a>\n\t\t\t\t<\/h3>\n\t\t\t<\/div>\n\t\t<\/div>\n\t<\/header>\n<\/article>\n\n<article id=\"post-36023\" class=\"wd-project portfolio-entry wd-col masonry-item portfolio-text-shown proj-cat-laosin-kansa proj-cat-paivittaistavaroiden-kauppa post-36023 portfolio type-portfolio status-publish has-post-thumbnail hentry project-cat-laosin-kansa project-cat-paivittaistavaroiden-kauppa\">\n\t<header class=\"entry-header\">\n\t\t\t\t\t<figure class=\"entry-thumbnail color-scheme-light\">\n\t\t\t\t<a href=\"https:\/\/www.laomeister.com\/fi\/portfolio\/invaru-ou\/\" class=\"portfolio-thumbnail\">\n\t\t\t\t\t<img loading=\"lazy\" decoding=\"async\" width=\"1024\" height=\"683\" src=\"https:\/\/www.laomeister.com\/wp-content\/uploads\/2019\/07\/Balti-Laomeister-OU\u0308-laoriiulite-mu\u0308u\u0308kmuudetud-1024x683.jpg\" class=\"attachment-large size-large\" alt=\"Laoriiulid\" srcset=\"https:\/\/www.laomeister.com\/wp-content\/uploads\/2019\/07\/Balti-Laomeister-OU\u0308-laoriiulite-mu\u0308u\u0308kmuudetud-1024x683.jpg 1024w, https:\/\/www.laomeister.com\/wp-content\/uploads\/2019\/07\/Balti-Laomeister-OU\u0308-laoriiulite-mu\u0308u\u0308kmuudetud-150x100.jpg 150w, https:\/\/www.laomeister.com\/wp-content\/uploads\/2019\/07\/Balti-Laomeister-OU\u0308-laoriiulite-mu\u0308u\u0308kmuudetud-1200x800.jpg 1200w, https:\/\/www.laomeister.com\/wp-content\/uploads\/2019\/07\/Balti-Laomeister-OU\u0308-laoriiulite-mu\u0308u\u0308kmuudetud-300x200.jpg 300w, https:\/\/www.laomeister.com\/wp-content\/uploads\/2019\/07\/Balti-Laomeister-OU\u0308-laoriiulite-mu\u0308u\u0308kmuudetud-768x512.jpg 768w, https:\/\/www.laomeister.com\/wp-content\/uploads\/2019\/07\/Balti-Laomeister-OU\u0308-laoriiulite-mu\u0308u\u0308kmuudetud.jpg 1275w\" sizes=\"auto, (max-width: 1024px) 100vw, 1024px\" \/>\t\t\t\t<\/a>\n\t\t\t\t<div class=\"wd-portfolio-btns\">\n\t\t\t\t\t<div class=\"portfolio-enlarge wd-action-btn wd-style-icon wd-enlarge-icon\">\n\t\t\t\t\t\t<a href=\"https:\/\/www.laomeister.com\/wp-content\/uploads\/2019\/07\/Balti-Laomeister-OU\u0308-laoriiulite-mu\u0308u\u0308kmuudetud.jpg\" data-elementor-open-lightbox=\"no\">View Large<\/a>\n\t\t\t\t\t<\/div>\n\t\t\t\t\t\t\t\t\t<\/div>\n\t\t\t<\/figure>\n\t\t\n\t\t<div class=\"portfolio-info\">\n\t\t\t\t\t\t\t<div class=\"wrap-meta\">\n\t\t\t\t\t<ul class=\"proj-cats-list\">\n\t\t\t\t\t\t\t\t\t\t\t\t\t\t\t\t\t\t\t\t<li>Laosin kansa<\/li>\n\t\t\t\t\t\t\t\t\t\t\t\t\t\t\t\t\t\t\t\t<li>P\u00e4ivitt\u00e4istavaroiden kauppa<\/li>\n\t\t\t\t\t\t\t\t\t\t\t<\/ul>\n\t\t\t\t<\/div>\n\t\t\t\n\t\t\t<div class=\"wrap-title\">\n\t\t\t\t<h3 class=\"wd-entities-title\">\n\t\t\t\t\t<a href=\"https:\/\/www.laomeister.com\/fi\/portfolio\/invaru-ou\/\" rel=\"bookmark\">Invaru O\u00dc<\/a>\n\t\t\t\t<\/h3>\n\t\t\t<\/div>\n\t\t<\/div>\n\t<\/header>\n<\/article>\n\n<article id=\"post-36020\" class=\"wd-project portfolio-entry wd-col masonry-item portfolio-text-shown proj-cat-laosin-kansa proj-cat-paivittaistavaroiden-kauppa post-36020 portfolio type-portfolio status-publish has-post-thumbnail hentry project-cat-laosin-kansa project-cat-paivittaistavaroiden-kauppa\">\n\t<header class=\"entry-header\">\n\t\t\t\t\t<figure class=\"entry-thumbnail color-scheme-light\">\n\t\t\t\t<a href=\"https:\/\/www.laomeister.com\/fi\/portfolio\/nb-quality-group-ou\/\" class=\"portfolio-thumbnail\">\n\t\t\t\t\t<img loading=\"lazy\" decoding=\"async\" width=\"1024\" height=\"683\" src=\"https:\/\/www.laomeister.com\/wp-content\/uploads\/2019\/07\/Balti-Laomeister-OU\u0308-laoriiulitemuudetud-1024x683.jpg\" class=\"attachment-large size-large\" alt=\"Laoriiulid\" srcset=\"https:\/\/www.laomeister.com\/wp-content\/uploads\/2019\/07\/Balti-Laomeister-OU\u0308-laoriiulitemuudetud-1024x683.jpg 1024w, https:\/\/www.laomeister.com\/wp-content\/uploads\/2019\/07\/Balti-Laomeister-OU\u0308-laoriiulitemuudetud-150x100.jpg 150w, https:\/\/www.laomeister.com\/wp-content\/uploads\/2019\/07\/Balti-Laomeister-OU\u0308-laoriiulitemuudetud-1200x800.jpg 1200w, https:\/\/www.laomeister.com\/wp-content\/uploads\/2019\/07\/Balti-Laomeister-OU\u0308-laoriiulitemuudetud-300x200.jpg 300w, https:\/\/www.laomeister.com\/wp-content\/uploads\/2019\/07\/Balti-Laomeister-OU\u0308-laoriiulitemuudetud-768x512.jpg 768w, https:\/\/www.laomeister.com\/wp-content\/uploads\/2019\/07\/Balti-Laomeister-OU\u0308-laoriiulitemuudetud.jpg 1275w\" sizes=\"auto, (max-width: 1024px) 100vw, 1024px\" \/>\t\t\t\t<\/a>\n\t\t\t\t<div class=\"wd-portfolio-btns\">\n\t\t\t\t\t<div class=\"portfolio-enlarge wd-action-btn wd-style-icon wd-enlarge-icon\">\n\t\t\t\t\t\t<a href=\"https:\/\/www.laomeister.com\/wp-content\/uploads\/2019\/07\/Balti-Laomeister-OU\u0308-laoriiulitemuudetud.jpg\" data-elementor-open-lightbox=\"no\">View Large<\/a>\n\t\t\t\t\t<\/div>\n\t\t\t\t\t\t\t\t\t<\/div>\n\t\t\t<\/figure>\n\t\t\n\t\t<div class=\"portfolio-info\">\n\t\t\t\t\t\t\t<div class=\"wrap-meta\">\n\t\t\t\t\t<ul class=\"proj-cats-list\">\n\t\t\t\t\t\t\t\t\t\t\t\t\t\t\t\t\t\t\t\t<li>Laosin kansa<\/li>\n\t\t\t\t\t\t\t\t\t\t\t\t\t\t\t\t\t\t\t\t<li>P\u00e4ivitt\u00e4istavaroiden kauppa<\/li>\n\t\t\t\t\t\t\t\t\t\t\t<\/ul>\n\t\t\t\t<\/div>\n\t\t\t\n\t\t\t<div class=\"wrap-title\">\n\t\t\t\t<h3 class=\"wd-entities-title\">\n\t\t\t\t\t<a href=\"https:\/\/www.laomeister.com\/fi\/portfolio\/nb-quality-group-ou\/\" rel=\"bookmark\">NB Quality Group O\u00dc<\/a>\n\t\t\t\t<\/h3>\n\t\t\t<\/div>\n\t\t<\/div>\n\t<\/header>\n<\/article>\n\n<article id=\"post-36014\" class=\"wd-project portfolio-entry wd-col masonry-item portfolio-text-shown proj-cat-laosin-kansa proj-cat-paivittaistavaroiden-kauppa post-36014 portfolio type-portfolio status-publish has-post-thumbnail hentry project-cat-laosin-kansa project-cat-paivittaistavaroiden-kauppa\">\n\t<header class=\"entry-header\">\n\t\t\t\t\t<figure class=\"entry-thumbnail color-scheme-light\">\n\t\t\t\t<a href=\"https:\/\/www.laomeister.com\/fi\/portfolio\/nordic-beauty-ou\/\" class=\"portfolio-thumbnail\">\n\t\t\t\t\t<img loading=\"lazy\" decoding=\"async\" width=\"1024\" height=\"682\" src=\"https:\/\/www.laomeister.com\/wp-content\/uploads\/2021\/02\/87A6106-1024x682.jpg\" class=\"attachment-large size-large\" alt=\"laoriiulid\" srcset=\"https:\/\/www.laomeister.com\/wp-content\/uploads\/2021\/02\/87A6106-1024x682.jpg 1024w, https:\/\/www.laomeister.com\/wp-content\/uploads\/2021\/02\/87A6106-150x100.jpg 150w, https:\/\/www.laomeister.com\/wp-content\/uploads\/2021\/02\/87A6106-1200x800.jpg 1200w, https:\/\/www.laomeister.com\/wp-content\/uploads\/2021\/02\/87A6106-300x200.jpg 300w, https:\/\/www.laomeister.com\/wp-content\/uploads\/2021\/02\/87A6106-768x512.jpg 768w, https:\/\/www.laomeister.com\/wp-content\/uploads\/2021\/02\/87A6106-1536x1024.jpg 1536w, https:\/\/www.laomeister.com\/wp-content\/uploads\/2021\/02\/87A6106.jpg 2000w\" sizes=\"auto, (max-width: 1024px) 100vw, 1024px\" \/>\t\t\t\t<\/a>\n\t\t\t\t<div class=\"wd-portfolio-btns\">\n\t\t\t\t\t<div class=\"portfolio-enlarge wd-action-btn wd-style-icon wd-enlarge-icon\">\n\t\t\t\t\t\t<a href=\"https:\/\/www.laomeister.com\/wp-content\/uploads\/2021\/02\/87A6106.jpg\" data-elementor-open-lightbox=\"no\">View Large<\/a>\n\t\t\t\t\t<\/div>\n\t\t\t\t\t\t\t\t\t<\/div>\n\t\t\t<\/figure>\n\t\t\n\t\t<div class=\"portfolio-info\">\n\t\t\t\t\t\t\t<div class=\"wrap-meta\">\n\t\t\t\t\t<ul class=\"proj-cats-list\">\n\t\t\t\t\t\t\t\t\t\t\t\t\t\t\t\t\t\t\t\t<li>Laosin kansa<\/li>\n\t\t\t\t\t\t\t\t\t\t\t\t\t\t\t\t\t\t\t\t<li>P\u00e4ivitt\u00e4istavaroiden kauppa<\/li>\n\t\t\t\t\t\t\t\t\t\t\t<\/ul>\n\t\t\t\t<\/div>\n\t\t\t\n\t\t\t<div class=\"wrap-title\">\n\t\t\t\t<h3 class=\"wd-entities-title\">\n\t\t\t\t\t<a href=\"https:\/\/www.laomeister.com\/fi\/portfolio\/nordic-beauty-ou\/\" rel=\"bookmark\">Nordic Beauty O\u00dc<\/a>\n\t\t\t\t<\/h3>\n\t\t\t<\/div>\n\t\t<\/div>\n\t<\/header>\n<\/article>\n\n\t\t\t\t\t\t\t\t<\/div>\n\t\t\t\t\t\t\t\t\t<\/div>\n\t\t\t\n\t\t\t\t[vc_empty_space][vc_empty_space][\/vc_column][\/vc_row]\n<\/div>","protected":false},"excerpt":{"rendered":"<p>[vc_row][vc_column][vc_column_text] KERRO TERE! AUTAMME AINA MIELELL\u00c4MME! [\/vc_column_text][vc_separator][\/vc_column][\/vc_row][vc_row css=&#8221;.vc_custom_1566540451696{background-color: #7092be !important;}&#8221;][vc_column][vc_empty_space][vc_empty_space][\/vc_column][\/vc_row]<\/p>\n","protected":false},"author":1,"featured_media":3650,"parent":0,"menu_order":0,"comment_status":"closed","ping_status":"closed","template":"","meta":{"footnotes":""},"class_list":["post-3645","page","type-page","status-publish","has-post-thumbnail","hentry"],"yoast_head":"<!-- This site is optimized with the Yoast SEO plugin v27.3 - https:\/\/yoast.com\/product\/yoast-seo-wordpress\/ -->\n<title>Hintatiedustelu - Balti Laomeister - Selvit\u00e4 s\u00e4ilytysyksik\u00f6iden hinta!<\/title>\n<meta name=\"description\" content=\"Pyykkikorien hinta - tee kysely ja saat vastauksen 1 p\u00e4iv\u00e4ss\u00e4! \u2705 Baltic Warehouse Master - Ensimm\u00e4inen kumppanisi r\u00e4\u00e4t\u00e4l\u00f6ityjen varastojen asennukseen, muuttoon ja huoltoon. \u2705\" \/>\n<meta name=\"robots\" content=\"index, follow, max-snippet:-1, max-image-preview:large, max-video-preview:-1\" \/>\n<link rel=\"canonical\" href=\"https:\/\/www.laomeister.com\/fi\/hintatiedustelu\/\" \/>\n<meta property=\"og:locale\" content=\"fi_FI\" \/>\n<meta property=\"og:type\" content=\"article\" \/>\n<meta property=\"og:title\" content=\"Hintatiedustelu - Balti Laomeister - Selvit\u00e4 s\u00e4ilytysyksik\u00f6iden hinta!\" \/>\n<meta property=\"og:description\" content=\"Pyykkikorien hinta - tee kysely ja saat vastauksen 1 p\u00e4iv\u00e4ss\u00e4! \u2705 Baltic Warehouse Master - Ensimm\u00e4inen kumppanisi r\u00e4\u00e4t\u00e4l\u00f6ityjen varastojen asennukseen, muuttoon ja huoltoon. \u2705\" \/>\n<meta property=\"og:url\" content=\"https:\/\/www.laomeister.com\/fi\/hintatiedustelu\/\" \/>\n<meta property=\"og:site_name\" content=\"Balti Laomeister\" \/>\n<meta property=\"article:modified_time\" content=\"2024-07-02T17:22:12+00:00\" \/>\n<meta property=\"og:image\" content=\"https:\/\/www.laomeister.com\/wp-content\/uploads\/2017\/06\/87A9860.jpg\" \/>\n\t<meta property=\"og:image:width\" content=\"1500\" \/>\n\t<meta property=\"og:image:height\" content=\"1000\" \/>\n\t<meta property=\"og:image:type\" content=\"image\/jpeg\" \/>\n<meta name=\"twitter:card\" content=\"summary_large_image\" \/>\n<script type=\"application\/ld+json\" class=\"yoast-schema-graph\">{\"@context\":\"https:\\\/\\\/schema.org\",\"@graph\":[{\"@type\":\"WebPage\",\"@id\":\"https:\\\/\\\/www.laomeister.com\\\/fi\\\/hintatiedustelu\\\/\",\"url\":\"https:\\\/\\\/www.laomeister.com\\\/fi\\\/hintatiedustelu\\\/\",\"name\":\"Hintatiedustelu - Balti Laomeister - Selvit\u00e4 s\u00e4ilytysyksik\u00f6iden hinta!\",\"isPartOf\":{\"@id\":\"https:\\\/\\\/www.laomeister.com\\\/fi\\\/#website\"},\"primaryImageOfPage\":{\"@id\":\"https:\\\/\\\/www.laomeister.com\\\/fi\\\/hintatiedustelu\\\/#primaryimage\"},\"image\":{\"@id\":\"https:\\\/\\\/www.laomeister.com\\\/fi\\\/hintatiedustelu\\\/#primaryimage\"},\"thumbnailUrl\":\"https:\\\/\\\/www.laomeister.com\\\/wp-content\\\/uploads\\\/2017\\\/06\\\/87A9860.jpg\",\"datePublished\":\"2018-09-05T07:05:24+00:00\",\"dateModified\":\"2024-07-02T17:22:12+00:00\",\"description\":\"Pyykkikorien hinta - tee kysely ja saat vastauksen 1 p\u00e4iv\u00e4ss\u00e4! \u2705 Baltic Warehouse Master - Ensimm\u00e4inen kumppanisi r\u00e4\u00e4t\u00e4l\u00f6ityjen varastojen asennukseen, muuttoon ja huoltoon. \u2705\",\"breadcrumb\":{\"@id\":\"https:\\\/\\\/www.laomeister.com\\\/fi\\\/hintatiedustelu\\\/#breadcrumb\"},\"inLanguage\":\"fi\",\"potentialAction\":[{\"@type\":\"ReadAction\",\"target\":[\"https:\\\/\\\/www.laomeister.com\\\/fi\\\/hintatiedustelu\\\/\"]}]},{\"@type\":\"ImageObject\",\"inLanguage\":\"fi\",\"@id\":\"https:\\\/\\\/www.laomeister.com\\\/fi\\\/hintatiedustelu\\\/#primaryimage\",\"url\":\"https:\\\/\\\/www.laomeister.com\\\/wp-content\\\/uploads\\\/2017\\\/06\\\/87A9860.jpg\",\"contentUrl\":\"https:\\\/\\\/www.laomeister.com\\\/wp-content\\\/uploads\\\/2017\\\/06\\\/87A9860.jpg\",\"width\":1500,\"height\":1000,\"caption\":\"laoriiulite hind\"},{\"@type\":\"BreadcrumbList\",\"@id\":\"https:\\\/\\\/www.laomeister.com\\\/fi\\\/hintatiedustelu\\\/#breadcrumb\",\"itemListElement\":[{\"@type\":\"ListItem\",\"position\":1,\"name\":\"Home\",\"item\":\"https:\\\/\\\/www.laomeister.com\\\/fi\\\/\"},{\"@type\":\"ListItem\",\"position\":2,\"name\":\"Hintatiedustelu\"}]},{\"@type\":\"WebSite\",\"@id\":\"https:\\\/\\\/www.laomeister.com\\\/fi\\\/#website\",\"url\":\"https:\\\/\\\/www.laomeister.com\\\/fi\\\/\",\"name\":\"Balti Laomeister\",\"description\":\"Laoriiulid - m&uuml;&uuml;k ja paigaldus\",\"potentialAction\":[{\"@type\":\"SearchAction\",\"target\":{\"@type\":\"EntryPoint\",\"urlTemplate\":\"https:\\\/\\\/www.laomeister.com\\\/fi\\\/?s={search_term_string}\"},\"query-input\":{\"@type\":\"PropertyValueSpecification\",\"valueRequired\":true,\"valueName\":\"search_term_string\"}}],\"inLanguage\":\"fi\"}]}<\/script>\n<!-- \/ Yoast SEO plugin. -->","yoast_head_json":{"title":"Hintatiedustelu - Balti Laomeister - Selvit\u00e4 s\u00e4ilytysyksik\u00f6iden hinta!","description":"Pyykkikorien hinta - tee kysely ja saat vastauksen 1 p\u00e4iv\u00e4ss\u00e4! \u2705 Baltic Warehouse Master - Ensimm\u00e4inen kumppanisi r\u00e4\u00e4t\u00e4l\u00f6ityjen varastojen asennukseen, muuttoon ja huoltoon. \u2705","robots":{"index":"index","follow":"follow","max-snippet":"max-snippet:-1","max-image-preview":"max-image-preview:large","max-video-preview":"max-video-preview:-1"},"canonical":"https:\/\/www.laomeister.com\/fi\/hintatiedustelu\/","og_locale":"fi_FI","og_type":"article","og_title":"Hintatiedustelu - Balti Laomeister - Selvit\u00e4 s\u00e4ilytysyksik\u00f6iden hinta!","og_description":"Pyykkikorien hinta - tee kysely ja saat vastauksen 1 p\u00e4iv\u00e4ss\u00e4! \u2705 Baltic Warehouse Master - Ensimm\u00e4inen kumppanisi r\u00e4\u00e4t\u00e4l\u00f6ityjen varastojen asennukseen, muuttoon ja huoltoon. \u2705","og_url":"https:\/\/www.laomeister.com\/fi\/hintatiedustelu\/","og_site_name":"Balti Laomeister","article_modified_time":"2024-07-02T17:22:12+00:00","og_image":[{"width":1500,"height":1000,"url":"https:\/\/www.laomeister.com\/wp-content\/uploads\/2017\/06\/87A9860.jpg","type":"image\/jpeg"}],"twitter_card":"summary_large_image","schema":{"@context":"https:\/\/schema.org","@graph":[{"@type":"WebPage","@id":"https:\/\/www.laomeister.com\/fi\/hintatiedustelu\/","url":"https:\/\/www.laomeister.com\/fi\/hintatiedustelu\/","name":"Hintatiedustelu - Balti Laomeister - Selvit\u00e4 s\u00e4ilytysyksik\u00f6iden hinta!","isPartOf":{"@id":"https:\/\/www.laomeister.com\/fi\/#website"},"primaryImageOfPage":{"@id":"https:\/\/www.laomeister.com\/fi\/hintatiedustelu\/#primaryimage"},"image":{"@id":"https:\/\/www.laomeister.com\/fi\/hintatiedustelu\/#primaryimage"},"thumbnailUrl":"https:\/\/www.laomeister.com\/wp-content\/uploads\/2017\/06\/87A9860.jpg","datePublished":"2018-09-05T07:05:24+00:00","dateModified":"2024-07-02T17:22:12+00:00","description":"Pyykkikorien hinta - tee kysely ja saat vastauksen 1 p\u00e4iv\u00e4ss\u00e4! \u2705 Baltic Warehouse Master - Ensimm\u00e4inen kumppanisi r\u00e4\u00e4t\u00e4l\u00f6ityjen varastojen asennukseen, muuttoon ja huoltoon. \u2705","breadcrumb":{"@id":"https:\/\/www.laomeister.com\/fi\/hintatiedustelu\/#breadcrumb"},"inLanguage":"fi","potentialAction":[{"@type":"ReadAction","target":["https:\/\/www.laomeister.com\/fi\/hintatiedustelu\/"]}]},{"@type":"ImageObject","inLanguage":"fi","@id":"https:\/\/www.laomeister.com\/fi\/hintatiedustelu\/#primaryimage","url":"https:\/\/www.laomeister.com\/wp-content\/uploads\/2017\/06\/87A9860.jpg","contentUrl":"https:\/\/www.laomeister.com\/wp-content\/uploads\/2017\/06\/87A9860.jpg","width":1500,"height":1000,"caption":"laoriiulite hind"},{"@type":"BreadcrumbList","@id":"https:\/\/www.laomeister.com\/fi\/hintatiedustelu\/#breadcrumb","itemListElement":[{"@type":"ListItem","position":1,"name":"Home","item":"https:\/\/www.laomeister.com\/fi\/"},{"@type":"ListItem","position":2,"name":"Hintatiedustelu"}]},{"@type":"WebSite","@id":"https:\/\/www.laomeister.com\/fi\/#website","url":"https:\/\/www.laomeister.com\/fi\/","name":"Balti Laomeister","description":"Laoriiulid - m&uuml;&uuml;k ja paigaldus","potentialAction":[{"@type":"SearchAction","target":{"@type":"EntryPoint","urlTemplate":"https:\/\/www.laomeister.com\/fi\/?s={search_term_string}"},"query-input":{"@type":"PropertyValueSpecification","valueRequired":true,"valueName":"search_term_string"}}],"inLanguage":"fi"}]}},"_links":{"self":[{"href":"https:\/\/www.laomeister.com\/fi\/wp-json\/wp\/v2\/pages\/3645","targetHints":{"allow":["GET"]}}],"collection":[{"href":"https:\/\/www.laomeister.com\/fi\/wp-json\/wp\/v2\/pages"}],"about":[{"href":"https:\/\/www.laomeister.com\/fi\/wp-json\/wp\/v2\/types\/page"}],"author":[{"embeddable":true,"href":"https:\/\/www.laomeister.com\/fi\/wp-json\/wp\/v2\/users\/1"}],"replies":[{"embeddable":true,"href":"https:\/\/www.laomeister.com\/fi\/wp-json\/wp\/v2\/comments?post=3645"}],"version-history":[{"count":11,"href":"https:\/\/www.laomeister.com\/fi\/wp-json\/wp\/v2\/pages\/3645\/revisions"}],"predecessor-version":[{"id":35811,"href":"https:\/\/www.laomeister.com\/fi\/wp-json\/wp\/v2\/pages\/3645\/revisions\/35811"}],"wp:featuredmedia":[{"embeddable":true,"href":"https:\/\/www.laomeister.com\/fi\/wp-json\/wp\/v2\/media\/3650"}],"wp:attachment":[{"href":"https:\/\/www.laomeister.com\/fi\/wp-json\/wp\/v2\/media?parent=3645"}],"curies":[{"name":"wp","href":"https:\/\/api.w.org\/{rel}","templated":true}]}}