{"id":3635,"date":"2018-09-05T09:55:04","date_gmt":"2018-09-05T06:55:04","guid":{"rendered":"http:\/\/laomeister.com\/?page_id=3635"},"modified":"2024-07-03T10:29:45","modified_gmt":"2024-07-03T07:29:45","slug":"palvelut","status":"publish","type":"page","link":"https:\/\/www.laomeister.com\/fi\/palvelut\/","title":{"rendered":"Palvelut"},"content":{"rendered":"<div class=\"wpb-content-wrapper\">[vc_row][vc_column][vc_custom_heading text=&#8221;Baltic Laomeister O\u00dc Palvelut&#8221; font_container=&#8221;tag:h1|text_align:center&#8221; use_theme_fonts=&#8221;yes&#8221;][vc_separator][\/vc_column][\/vc_row][vc_row][vc_column width=&#8221;1\/2&#8243;][vc_single_image image=&#8221;3538&#8243; img_size=&#8221;full&#8221;][\/vc_column][vc_column width=&#8221;1\/2&#8243;][vc_custom_heading text=&#8221;Laakeripaalujen asennus&#8221; use_theme_fonts=&#8221;yes&#8221;][vc_column_text]\n<p style=\"text-align: left;\">S\u00e4ilytyshyllymme on nopea asentaa. Toisin kuin muut, me kokoamme osan hyllyist\u00e4 omassa varastossamme. T\u00e4m\u00e4 tarkoittaa, ett\u00e4 asennus paikan p\u00e4\u00e4ll\u00e4 vie huomattavasti v\u00e4hemm\u00e4n aikaa. N\u00e4in asiakas s\u00e4\u00e4st\u00e4\u00e4 huomattavia resursseja uudelleenlastauskuluja ja viiv\u00e4styksist\u00e4 aiheutuvia kustannuksia. Tavoitteenamme on l\u00f6yt\u00e4\u00e4 asiakkaan kanssa yhteinen n\u00e4kemys siit\u00e4, miten varasto asennetaan siten, ett\u00e4 varastossa ty\u00f6skentely jatkuu eik\u00e4 keskeydy.<\/p>\n[\/vc_column_text][vc_btn title=&#8221;PYYD\u00c4 TARJOUS!&#8221; style=&#8221;flat&#8221; color=&#8221;primary&#8221; align=&#8221;left&#8221; link=&#8221;url:http%3A%2F%2Flaomeister.com%2Fhinnaparing%2F|&#8221;][\/vc_column][\/vc_row][vc_row][vc_column width=&#8221;1\/2&#8243;][vc_single_image image=&#8221;3638&#8243; img_size=&#8221;full&#8221;][\/vc_column][vc_column width=&#8221;1\/2&#8243;][vc_custom_heading text=&#8221;Varastos\u00e4ili\u00f6iden korjaus ja huolto&#8221; use_theme_fonts=&#8221;yes&#8221;][vc_column_text]It\u00e4meren varastossa on muutamia satoja artikkeleita, jotta asiakkaiden tarpeisiin voidaan vastata mahdollisimman nopeasti. Varmistamme, ett\u00e4 asentamiimme hyllyihin on aina varaosia ja ett\u00e4 hyllyjen korjaus sujuu ongelmitta. Myymme vain tuotteita, joiden pitk\u00e4aikainen tuotanto on k\u00e4ynniss\u00e4. N\u00e4in voimme olla varmoja siit\u00e4, ett\u00e4 varastohyllymme ovat aina hyv\u00e4ss\u00e4 kunnossa.[\/vc_column_text][vc_btn title=&#8221;PYYD\u00c4 TARJOUS!&#8221; style=&#8221;flat&#8221; color=&#8221;primary&#8221; align=&#8221;left&#8221; link=&#8221;url:http%3A%2F%2Flaomeister.com%2Fhinnaparing%2F|&#8221;][\/vc_column][\/vc_row][vc_row][vc_column width=&#8221;1\/2&#8243;][vc_single_image image=&#8221;3639&#8243; img_size=&#8221;full&#8221;][\/vc_column][vc_column width=&#8221;1\/2&#8243;][vc_custom_heading text=&#8221;Varaston siirt\u00e4minen&#8221; use_theme_fonts=&#8221;yes&#8221;][vc_column_text]Baltic Warehouseman auttaa sinua siirt\u00e4m\u00e4\u00e4n varastosi. Jos olet vaihtamassa varastohyllyj\u00e4si ja haluat ottaa vanhat hyllyt mukaan, ota yhteytt\u00e4. Autamme sinua suunnittelemaan ja j\u00e4rjest\u00e4m\u00e4\u00e4n muuton. Puramme vanhat hyllyt, kuljetamme ne uuteen paikkaan ja kokoamme ne uudelleen. Autamme sinua muuton kaikissa vaiheissa.[\/vc_column_text][vc_btn title=&#8221;PYYD\u00c4 TARJOUS!&#8221; style=&#8221;flat&#8221; color=&#8221;primary&#8221; align=&#8221;left&#8221; link=&#8221;url:http%3A%2F%2Flaomeister.com%2Fhinnaparing%2F|&#8221;][\/vc_column][\/vc_row][vc_row][vc_column width=&#8221;1\/2&#8243;][vc_single_image image=&#8221;3640&#8243; img_size=&#8221;full&#8221;][\/vc_column][vc_column width=&#8221;1\/2&#8243;][vc_custom_heading text=&#8221;Varastointiparistojen h\u00e4vitt\u00e4minen&#8221; use_theme_fonts=&#8221;yes&#8221;][vc_column_text]Jos vanhat varastohyllysi eiv\u00e4t en\u00e4\u00e4 sovellu tarkoitukseen ja haluat h\u00e4vitt\u00e4\u00e4 ne, Baltic Warehouse Manager voi auttaa. Puramme vanhat varastohyllyt, j\u00e4rjest\u00e4mme niiden kuljetuksen ja luomme mahdollisuuden tilata uusia varastointiv\u00e4lineit\u00e4. J\u00e4t\u00e4 s\u00e4ilytysrullien toteuttaminen meid\u00e4n huoleksemme![\/vc_column_text][vc_btn title=&#8221;PYYD\u00c4 TARJOUS!&#8221; style=&#8221;flat&#8221; color=&#8221;primary&#8221; align=&#8221;left&#8221; link=&#8221;url:http%3A%2F%2Flaomeister.com%2Fhinnaparing%2F|&#8221;][\/vc_column][\/vc_row][vc_row][vc_column width=&#8221;1\/2&#8243;][vc_single_image image=&#8221;3641&#8243; img_size=&#8221;full&#8221;][\/vc_column][vc_column width=&#8221;1\/2&#8243;][vc_custom_heading text=&#8221;Varastokonsultointi&#8221; use_theme_fonts=&#8221;yes&#8221;][vc_column_text]Etk\u00f6 osaa suunnitella varastoa? Vai oletko huolissasi varastos\u00e4ili\u00f6iden korjaamisesta? Kutsu meid\u00e4t varastoosi, niin arvioimme tilanteen ja l\u00f6yd\u00e4mme parhaan ratkaisun varastoosi. Konsultoinnin j\u00e4lkeen laadimme piirustukset ja etsimme yhdess\u00e4 kanssasi tehokkaimman ratkaisun varastohyllyjen sijoittamiseen, korjaamiseen tai huoltamiseen. N\u00e4in syntyv\u00e4t parhaat ratkaisut.[\/vc_column_text][vc_btn title=&#8221;PYYD\u00c4 TARJOUS!&#8221; style=&#8221;flat&#8221; color=&#8221;primary&#8221; align=&#8221;left&#8221; link=&#8221;url:http%3A%2F%2Flaomeister.com%2Fhinnaparing%2F|&#8221;][\/vc_column][\/vc_row][vc_row][vc_column width=&#8221;1\/2&#8243;][vc_single_image image=&#8221;3642&#8243; img_size=&#8221;full&#8221;][\/vc_column][vc_column width=&#8221;1\/2&#8243;][vc_custom_heading text=&#8221;Varastos\u00e4ili\u00f6iden esikokoonpano&#8221; use_theme_fonts=&#8221;yes&#8221;][vc_column_text]Pitk\u00e4n kokemuksen perusteella tied\u00e4mme, ett\u00e4 suurin ajans\u00e4\u00e4st\u00f6 asennuksessa saadaan, kun varastohyllyt kootaan valmiiksi. T\u00e4m\u00e4n vuoksi kokoamme suuren osan hyllyist\u00e4 valmiiksi omassa varastossamme ennen ty\u00f6maalle l\u00e4ht\u00f6\u00e4. Kuljetamme sitten osittain kootut hyllyt ty\u00f6maalle ja viimeistelemme lopullisen kokoonpanon. N\u00e4in ty\u00f6skentelemme nopeasti![\/vc_column_text][vc_btn title=&#8221;PYYD\u00c4 TARJOUS!&#8221; style=&#8221;flat&#8221; color=&#8221;primary&#8221; align=&#8221;left&#8221; link=&#8221;url:http%3A%2F%2Flaomeister.com%2Fhinnaparing%2F|&#8221;][\/vc_column][\/vc_row]\n<\/div>","protected":false},"excerpt":{"rendered":"<p>[vc_row][vc_column][vc_custom_heading text=&#8221;Baltic Laomeister O\u00dc Palvelut&#8221; font_container=&#8221;tag:h1|text_align:center&#8221; use_theme_fonts=&#8221;yes&#8221;][vc_separator][\/vc_column][\/vc_row][vc_row][vc_column width=&#8221;1\/2&#8243;][vc_single_image image=&#8221;3538&#8243; img_size=&#8221;full&#8221;][\/vc_column][vc_column width=&#8221;1\/2&#8243;][vc_custom_heading text=&#8221;Laakeripaalujen asennus&#8221; use_theme_fonts=&#8221;yes&#8221;][vc_column_text] S\u00e4ilytyshyllymme on nopea asentaa. Toisin kuin<\/p>\n","protected":false},"author":2,"featured_media":3539,"parent":0,"menu_order":0,"comment_status":"closed","ping_status":"closed","template":"","meta":{"footnotes":""},"class_list":["post-3635","page","type-page","status-publish","has-post-thumbnail","hentry"],"yoast_head":"<!-- This site is optimized with the Yoast SEO plugin v27.5 - https:\/\/yoast.com\/product\/yoast-seo-wordpress\/ -->\n<title>Palvelut - Balti Laomeister - S\u00e4ilytyskaappien korjaus, myynti ja asennus!<\/title>\n<meta name=\"description\" content=\"S\u00e4ilytyskaappien korjaus, huolto, myynti ja asennus. \u2705Balti Laomeister - Ensimm\u00e4inen kumppanisi r\u00e4\u00e4t\u00e4l\u00f6idyss\u00e4 varastokalustuksessa! \u2705\" \/>\n<meta name=\"robots\" content=\"index, follow, max-snippet:-1, max-image-preview:large, max-video-preview:-1\" \/>\n<link rel=\"canonical\" href=\"https:\/\/www.laomeister.com\/fi\/palvelut\/\" \/>\n<meta property=\"og:locale\" content=\"fi_FI\" \/>\n<meta property=\"og:type\" content=\"article\" \/>\n<meta property=\"og:title\" content=\"Palvelut - Balti Laomeister - S\u00e4ilytyskaappien korjaus, myynti ja asennus!\" \/>\n<meta property=\"og:description\" content=\"S\u00e4ilytyskaappien korjaus, huolto, myynti ja asennus. \u2705Balti Laomeister - Ensimm\u00e4inen kumppanisi r\u00e4\u00e4t\u00e4l\u00f6idyss\u00e4 varastokalustuksessa! \u2705\" \/>\n<meta property=\"og:url\" content=\"https:\/\/www.laomeister.com\/fi\/palvelut\/\" \/>\n<meta property=\"og:site_name\" content=\"Balti Laomeister\" \/>\n<meta property=\"article:modified_time\" content=\"2024-07-03T07:29:45+00:00\" \/>\n<meta property=\"og:image\" content=\"https:\/\/www.laomeister.com\/wp-content\/uploads\/2017\/06\/87A9901.jpg\" \/>\n\t<meta property=\"og:image:width\" content=\"1500\" \/>\n\t<meta property=\"og:image:height\" content=\"1000\" \/>\n\t<meta property=\"og:image:type\" content=\"image\/jpeg\" \/>\n<meta name=\"twitter:card\" content=\"summary_large_image\" \/>\n<meta name=\"twitter:label1\" content=\"Arvioitu lukuaika\" \/>\n\t<meta name=\"twitter:data1\" content=\"3 minuuttia\" \/>\n<script type=\"application\/ld+json\" class=\"yoast-schema-graph\">{\"@context\":\"https:\\\/\\\/schema.org\",\"@graph\":[{\"@type\":\"WebPage\",\"@id\":\"https:\\\/\\\/www.laomeister.com\\\/fi\\\/palvelut\\\/\",\"url\":\"https:\\\/\\\/www.laomeister.com\\\/fi\\\/palvelut\\\/\",\"name\":\"Palvelut - Balti Laomeister - S\u00e4ilytyskaappien korjaus, myynti ja asennus!\",\"isPartOf\":{\"@id\":\"https:\\\/\\\/www.laomeister.com\\\/fi\\\/#website\"},\"primaryImageOfPage\":{\"@id\":\"https:\\\/\\\/www.laomeister.com\\\/fi\\\/palvelut\\\/#primaryimage\"},\"image\":{\"@id\":\"https:\\\/\\\/www.laomeister.com\\\/fi\\\/palvelut\\\/#primaryimage\"},\"thumbnailUrl\":\"https:\\\/\\\/www.laomeister.com\\\/wp-content\\\/uploads\\\/2017\\\/06\\\/87A9901.jpg\",\"datePublished\":\"2018-09-05T06:55:04+00:00\",\"dateModified\":\"2024-07-03T07:29:45+00:00\",\"description\":\"S\u00e4ilytyskaappien korjaus, huolto, myynti ja asennus. \u2705Balti Laomeister - Ensimm\u00e4inen kumppanisi r\u00e4\u00e4t\u00e4l\u00f6idyss\u00e4 varastokalustuksessa! \u2705\",\"breadcrumb\":{\"@id\":\"https:\\\/\\\/www.laomeister.com\\\/fi\\\/palvelut\\\/#breadcrumb\"},\"inLanguage\":\"fi\",\"potentialAction\":[{\"@type\":\"ReadAction\",\"target\":[\"https:\\\/\\\/www.laomeister.com\\\/fi\\\/palvelut\\\/\"]}]},{\"@type\":\"ImageObject\",\"inLanguage\":\"fi\",\"@id\":\"https:\\\/\\\/www.laomeister.com\\\/fi\\\/palvelut\\\/#primaryimage\",\"url\":\"https:\\\/\\\/www.laomeister.com\\\/wp-content\\\/uploads\\\/2017\\\/06\\\/87A9901.jpg\",\"contentUrl\":\"https:\\\/\\\/www.laomeister.com\\\/wp-content\\\/uploads\\\/2017\\\/06\\\/87A9901.jpg\",\"width\":1500,\"height\":1000,\"caption\":\"laoriiulite remont, laoriiulite hooldus, laoriiulite paigaldamine, laoriiulite realiseerimine\"},{\"@type\":\"BreadcrumbList\",\"@id\":\"https:\\\/\\\/www.laomeister.com\\\/fi\\\/palvelut\\\/#breadcrumb\",\"itemListElement\":[{\"@type\":\"ListItem\",\"position\":1,\"name\":\"Home\",\"item\":\"https:\\\/\\\/www.laomeister.com\\\/fi\\\/\"},{\"@type\":\"ListItem\",\"position\":2,\"name\":\"Palvelut\"}]},{\"@type\":\"WebSite\",\"@id\":\"https:\\\/\\\/www.laomeister.com\\\/fi\\\/#website\",\"url\":\"https:\\\/\\\/www.laomeister.com\\\/fi\\\/\",\"name\":\"Balti Laomeister\",\"description\":\"Laoriiulid - m&uuml;&uuml;k ja paigaldus\",\"potentialAction\":[{\"@type\":\"SearchAction\",\"target\":{\"@type\":\"EntryPoint\",\"urlTemplate\":\"https:\\\/\\\/www.laomeister.com\\\/fi\\\/?s={search_term_string}\"},\"query-input\":{\"@type\":\"PropertyValueSpecification\",\"valueRequired\":true,\"valueName\":\"search_term_string\"}}],\"inLanguage\":\"fi\"}]}<\/script>\n<!-- \/ Yoast SEO plugin. -->","yoast_head_json":{"title":"Palvelut - Balti Laomeister - S\u00e4ilytyskaappien korjaus, myynti ja asennus!","description":"S\u00e4ilytyskaappien korjaus, huolto, myynti ja asennus. \u2705Balti Laomeister - Ensimm\u00e4inen kumppanisi r\u00e4\u00e4t\u00e4l\u00f6idyss\u00e4 varastokalustuksessa! \u2705","robots":{"index":"index","follow":"follow","max-snippet":"max-snippet:-1","max-image-preview":"max-image-preview:large","max-video-preview":"max-video-preview:-1"},"canonical":"https:\/\/www.laomeister.com\/fi\/palvelut\/","og_locale":"fi_FI","og_type":"article","og_title":"Palvelut - Balti Laomeister - S\u00e4ilytyskaappien korjaus, myynti ja asennus!","og_description":"S\u00e4ilytyskaappien korjaus, huolto, myynti ja asennus. \u2705Balti Laomeister - Ensimm\u00e4inen kumppanisi r\u00e4\u00e4t\u00e4l\u00f6idyss\u00e4 varastokalustuksessa! \u2705","og_url":"https:\/\/www.laomeister.com\/fi\/palvelut\/","og_site_name":"Balti Laomeister","article_modified_time":"2024-07-03T07:29:45+00:00","og_image":[{"width":1500,"height":1000,"url":"https:\/\/www.laomeister.com\/wp-content\/uploads\/2017\/06\/87A9901.jpg","type":"image\/jpeg"}],"twitter_card":"summary_large_image","twitter_misc":{"Arvioitu lukuaika":"3 minuuttia"},"schema":{"@context":"https:\/\/schema.org","@graph":[{"@type":"WebPage","@id":"https:\/\/www.laomeister.com\/fi\/palvelut\/","url":"https:\/\/www.laomeister.com\/fi\/palvelut\/","name":"Palvelut - Balti Laomeister - S\u00e4ilytyskaappien korjaus, myynti ja asennus!","isPartOf":{"@id":"https:\/\/www.laomeister.com\/fi\/#website"},"primaryImageOfPage":{"@id":"https:\/\/www.laomeister.com\/fi\/palvelut\/#primaryimage"},"image":{"@id":"https:\/\/www.laomeister.com\/fi\/palvelut\/#primaryimage"},"thumbnailUrl":"https:\/\/www.laomeister.com\/wp-content\/uploads\/2017\/06\/87A9901.jpg","datePublished":"2018-09-05T06:55:04+00:00","dateModified":"2024-07-03T07:29:45+00:00","description":"S\u00e4ilytyskaappien korjaus, huolto, myynti ja asennus. \u2705Balti Laomeister - Ensimm\u00e4inen kumppanisi r\u00e4\u00e4t\u00e4l\u00f6idyss\u00e4 varastokalustuksessa! \u2705","breadcrumb":{"@id":"https:\/\/www.laomeister.com\/fi\/palvelut\/#breadcrumb"},"inLanguage":"fi","potentialAction":[{"@type":"ReadAction","target":["https:\/\/www.laomeister.com\/fi\/palvelut\/"]}]},{"@type":"ImageObject","inLanguage":"fi","@id":"https:\/\/www.laomeister.com\/fi\/palvelut\/#primaryimage","url":"https:\/\/www.laomeister.com\/wp-content\/uploads\/2017\/06\/87A9901.jpg","contentUrl":"https:\/\/www.laomeister.com\/wp-content\/uploads\/2017\/06\/87A9901.jpg","width":1500,"height":1000,"caption":"laoriiulite remont, laoriiulite hooldus, laoriiulite paigaldamine, laoriiulite realiseerimine"},{"@type":"BreadcrumbList","@id":"https:\/\/www.laomeister.com\/fi\/palvelut\/#breadcrumb","itemListElement":[{"@type":"ListItem","position":1,"name":"Home","item":"https:\/\/www.laomeister.com\/fi\/"},{"@type":"ListItem","position":2,"name":"Palvelut"}]},{"@type":"WebSite","@id":"https:\/\/www.laomeister.com\/fi\/#website","url":"https:\/\/www.laomeister.com\/fi\/","name":"Balti Laomeister","description":"Laoriiulid - m&uuml;&uuml;k ja paigaldus","potentialAction":[{"@type":"SearchAction","target":{"@type":"EntryPoint","urlTemplate":"https:\/\/www.laomeister.com\/fi\/?s={search_term_string}"},"query-input":{"@type":"PropertyValueSpecification","valueRequired":true,"valueName":"search_term_string"}}],"inLanguage":"fi"}]}},"_links":{"self":[{"href":"https:\/\/www.laomeister.com\/fi\/wp-json\/wp\/v2\/pages\/3635","targetHints":{"allow":["GET"]}}],"collection":[{"href":"https:\/\/www.laomeister.com\/fi\/wp-json\/wp\/v2\/pages"}],"about":[{"href":"https:\/\/www.laomeister.com\/fi\/wp-json\/wp\/v2\/types\/page"}],"author":[{"embeddable":true,"href":"https:\/\/www.laomeister.com\/fi\/wp-json\/wp\/v2\/users\/2"}],"replies":[{"embeddable":true,"href":"https:\/\/www.laomeister.com\/fi\/wp-json\/wp\/v2\/comments?post=3635"}],"version-history":[{"count":6,"href":"https:\/\/www.laomeister.com\/fi\/wp-json\/wp\/v2\/pages\/3635\/revisions"}],"predecessor-version":[{"id":37074,"href":"https:\/\/www.laomeister.com\/fi\/wp-json\/wp\/v2\/pages\/3635\/revisions\/37074"}],"wp:featuredmedia":[{"embeddable":true,"href":"https:\/\/www.laomeister.com\/fi\/wp-json\/wp\/v2\/media\/3539"}],"wp:attachment":[{"href":"https:\/\/www.laomeister.com\/fi\/wp-json\/wp\/v2\/media?parent=3635"}],"curies":[{"name":"wp","href":"https:\/\/api.w.org\/{rel}","templated":true}]}}