{"id":35984,"date":"2024-07-02T20:24:27","date_gmt":"2024-07-02T17:24:27","guid":{"rendered":"https:\/\/www.laomeister.com\/myyntiehdot\/"},"modified":"2024-07-02T20:24:27","modified_gmt":"2024-07-02T17:24:27","slug":"myyntiehdot","status":"publish","type":"page","link":"https:\/\/www.laomeister.com\/fi\/myyntiehdot\/","title":{"rendered":"Myyntiehdot"},"content":{"rendered":"<ol>\n<li><strong>  Ehtojen soveltamisala ja voimassaolo<\/strong><b><br \/>\n<\/b>1.1. N\u00e4it\u00e4 ehtoja sovelletaan Balti Laomeister O\u00dc:n ostoymp\u00e4rist\u00f6n www.laomeister.com tilaajien (j\u00e4ljemp\u00e4n\u00e4 &#8220;tilaaja&#8221;) ja Balti Laomeister O\u00dc:n ostoymp\u00e4rist\u00f6n www.laomeister.com (j\u00e4ljemp\u00e4n\u00e4 &#8220;Laomeister.com&#8221;) tilaajien v\u00e4lisiin oikeussuhteisiin, jotka koskevat tuotteiden ostamista www.laomeister.com kautta.<br \/>\n1.2. N\u00e4iden ehtojen lis\u00e4ksi Laomeister.com-sivuston kautta tapahtuvaan tuotteiden ostamiseen liittyviin oikeussuhteisiin sovelletaan Viron tasavallan lakeja.<br \/>\n1.3. Baltic Laomeister O\u00dc:ll\u00e4 on oikeus muuttaa ja t\u00e4ydent\u00e4\u00e4 n\u00e4it\u00e4 k\u00e4ytt\u00f6ehtoja ja hinnastoa Laomeister.com-sivuston kehittymisen vuoksi ja ostoymp\u00e4rist\u00f6n paremman ja turvallisemman k\u00e4yt\u00f6n vuoksi. Muutokset ja muutokset ehtoihin ja hinnastoon ilmoitetaan Laomeister.com-ostosymp\u00e4rist\u00f6n kautta. Ehtojen ja hinnaston muutokset ja t\u00e4ydennykset tulevat voimaan, kun muutos tai t\u00e4ydennys julkaistaan Laomeister.com-ostosymp\u00e4rist\u00f6ss\u00e4. Jos tilaaja on tehnyt tilauksen ennen ehtojen muutosten voimaantuloa, tilaajan ja Laomeister.comin v\u00e4liseen oikeussuhteeseen sovelletaan tilauksen tekohetkell\u00e4 voimassa olleita ehtoja, ellei laissa tai n\u00e4iss\u00e4 ehdoissa toisin m\u00e4\u00e4r\u00e4t\u00e4.<\/li>\n<li><strong>Hinnat<\/strong><b><br \/>\n<\/b>2.1. Laomeister.com-sivuston hintoihin lis\u00e4t\u00e4\u00e4n 20 % arvonlis\u00e4vero.<br \/>\n2.2 Jos Asiakas on pyyt\u00e4nyt tavaroiden toimittamista, ostettujen tuotteiden kuljetushintaan lis\u00e4t\u00e4\u00e4n kuljetushinta, josta sovitaan erikseen.<br \/>\n2.3 Jos asennusta pyydet\u00e4\u00e4n, asennuksesta annetaan tarjous erityisen tilauksen mukaisesti.<\/li>\n<\/ol>\n<ol start=\"3\">\n<li><strong>Tuotteiden maksaminen<\/strong><b><br \/>\n<\/b>3.1. Tuotteita koskeva myyntisopimus katsotaan tehdyksi (sopimus tulee voimaan), kun tilausvahvistuksen j\u00e4lkeen maksettava summa on saapunut Balti Laomeister O\u00dc:n pankkitilille.<br \/>\n3.2. Tuotteet voidaan maksaa pankkisiirrolla tilaajan s\u00e4hk\u00f6postiosoitteeseen l\u00e4hetetyn laskun perusteella.<br \/>\n3.3. Tilaajan tilaus ja lasku peruutetaan, jos ostosummaa ei ole vastaanotettu 5 p\u00e4iv\u00e4n kuluessa.<br \/>\n3.4. Laomeister.com pid\u00e4tt\u00e4\u00e4 oikeuden tarvittaessa tarkistaa hintoja, jos valmistaja muuttaa hintojaan. Lis\u00e4ksi Laomeister.com pid\u00e4tt\u00e4\u00e4 oikeuden tehd\u00e4 muutoksia ja korjauksia tuotteiden eritelmiin ja myyntiehtoihin ilman ennakkoilmoitusta.<\/li>\n<\/ol>\n<ol start=\"4\">\n<li><strong>  Tuotteiden toimitus ja luovutus<\/strong><b><br \/>\n<\/b>4.1. Kun sopimus on tullut voimaan ehtojen kohdan 3.1 mukaisesti, tuotteet l\u00e4hetet\u00e4\u00e4n Laomeister.comin varastosta (Suur-S\u00f5jam\u00e4e 13) tai toimitetaan Asiakkaalle ajankohtana, jonka Asiakas on etuk\u00e4teen sopinut tilauksen yhteydess\u00e4 ilmoittamallaan puhelinnumerolla tai s\u00e4hk\u00f6postilla.<br \/>\n4.2. Tuotteet l\u00e4hetet\u00e4\u00e4n varastosta tai toimitetaan 2-5 p\u00e4iv\u00e4n kuluessa. M\u00e4\u00e4r\u00e4aika lasketaan laskun vastaanottop\u00e4iv\u00e4st\u00e4.<br \/>\n4.3. Jos tuotteiden oikea-aikainen toimitus ei ole mahdollista sellaisten olosuhteiden vuoksi, joista Laomeister.com ei ole vastuussa, ilmoitamme asiakkaalle asiakkaan tilauksen yhteydess\u00e4 ilmoittaman puhelinnumeron tai s\u00e4hk\u00f6postiosoitteen kautta kahden arkip\u00e4iv\u00e4n kuluessa sopimuksen voimaantulosta ehtojen kohdan 3.1 mukaisesti. ja ilmoitamme my\u00f6s asiakkaan tilaaman tuotteen toimitusp\u00e4iv\u00e4n. Jos tilaaja menett\u00e4\u00e4 kiinnostuksensa tuotteen ostamiseen pidemm\u00e4n toimitusajan vuoksi, tilaajalla on oikeus peruuttaa tilauksensa, ja tilaajan maksama summa (kuljetuskustannukset mukaan lukien) palautetaan.<br \/>\n4.4. Varmista, ett\u00e4 tilausta tehdess\u00e4si antamasi yhteystiedot ovat oikein, jotta v\u00e4lt\u00e4t viiv\u00e4stykset ja v\u00e4\u00e4rink\u00e4sitykset tuotteiden toimituksessa. Laomeister.com ei ole vastuussa tuotteiden toimituksen viiv\u00e4stymisest\u00e4 eik\u00e4 mahdollisista v\u00e4\u00e4rink\u00e4sityksist\u00e4, jos viiv\u00e4stys tai v\u00e4\u00e4rink\u00e4sitys johtuu asiakkaan tilausta tehdess\u00e4\u00e4n antamien tietojen ep\u00e4tarkkuudesta tai virheellisyydest\u00e4.<br \/>\n4.5. Tuotteita vastaanotettaessa kehotamme asiakasta tarkistamaan v\u00e4litt\u00f6m\u00e4sti tuotteiden pakkauksen ja m\u00e4\u00e4r\u00e4n ja, jos on kyse valituksista, tekem\u00e4\u00e4n t\u00e4st\u00e4 merkinn\u00e4n l\u00e4hetysluetteloon. Pyyd\u00e4mme asiakasta ilmoittamaan vahingoittuneesta pakkauksesta osoitteeseen info@laomeister.com tai Laomeister.com numeroon 5081126.<br \/>\n4.6. Laomeister.com pid\u00e4tt\u00e4\u00e4 oikeuden peruuttaa tilauksen, jos tuote on loppunut varastosta tai valikoimasta tai jos ostoymp\u00e4rist\u00f6ss\u00e4 on tekninen virhe. Laomeister.com pid\u00e4tt\u00e4\u00e4 itsell\u00e4\u00e4n oikeuden peruuttaa kauppa, jos s\u00e4hk\u00f6isen kaupank\u00e4ynnin j\u00e4rjestelm\u00e4ss\u00e4 on ilmeinen tekninen tai inhimillinen virhe, jonka vuoksi osapuolet eiv\u00e4t voi kohtuudella odottaa, ett\u00e4 kauppa saadaan p\u00e4\u00e4t\u00f6kseen tai jota Laomeister.com ei pysty toteuttamaan. Jos peruutus tapahtuu, Laomeister.com palauttaa etuk\u00e4teen maksetun summan viimeist\u00e4\u00e4n 14 p\u00e4iv\u00e4n kuluessa.<br \/>\n4.7 Jos laskua ei makseta er\u00e4p\u00e4iv\u00e4\u00e4n menness\u00e4, asiakkaan on maksettava Laomeister.comille viiv\u00e4styssakkoa 0,5 % maksamattomasta m\u00e4\u00e4r\u00e4st\u00e4 kultakin kalenterip\u00e4iv\u00e4lt\u00e4 viiv\u00e4styksen aikana.<br \/>\n4.8 V\u00f5S:n 88 \u00a7:n 8 ja 9 momentin mukaan t\u00e4yt\u00e4nt\u00f6\u00f6npano suoritetaan ensin kulujen kattamiseksi, sitten korkojen, viiv\u00e4styskorkojen, jo er\u00e4\u00e4ntyneiden sakkojen ja seuraamusten ja lopuksi p\u00e4\u00e4velvoitteen kattamiseksi.<br \/>\n4.9 T\u00e4ydellisen laiminly\u00f6nnin tapauksessa luotonantajalla on oikeus ilmoittaa maksur\u00e4steist\u00e4 kolmansille osapuolille ilman ennakkoilmoitusta, my\u00f6s maksuh\u00e4iri\u00f6rekisterin kautta. Siihen voi my\u00f6s liitty\u00e4 koko velan periminen kolmannen osapuolen, kuten perint\u00e4toimiston ja\/tai tuomioistuimen, kautta.<br \/>\n4.10 Jos velan maksaminen viiv\u00e4styy, saatava siirtyy mahdollisine liit\u00e4nn\u00e4isvaatimuksineen perint\u00e4toimistolle perint\u00e4\u00e4 varten.<br \/>\n4.11 Tavaroiden omistusoikeus siirtyy asiakkaalle, kun tavaroista on maksettu, ja Laomeister.comilla on oikeus vaatia kaikki asiakkaalta tilatut tavarat takaisin, kunnes tavaroiden hinta on maksettu kokonaisuudessaan.<br \/>\n4.12 Reklamaation tekemisen m\u00e4\u00e4r\u00e4aika on 7 p\u00e4iv\u00e4\u00e4 sen j\u00e4lkeen, kun tavarat on toimitettu asiakkaalle.<b style=\"color: #1b1919; font-family: Karla, Arial, Helvetica, sans-serif; font-size: 24px;\"><\/b><\/li>\n<li><strong>Palaa osoitteeseen<\/strong><b style=\"color: #1b1919; font-family: Karla, Arial, Helvetica, sans-serif; font-size: 24px;\"><br \/>\n<\/b>5.1. Asiakkaalla on oikeus peruuttaa Laomeister.com-sivustolla tehty tilaus 14 p\u00e4iv\u00e4n kuluessa tavaroiden vastaanottamisesta. Palauttaaksesi tavarat sinun on l\u00e4hetett\u00e4v\u00e4 vapaamuotoinen peruuttamisilmoitus tavaroiden ostamisesta ja l\u00e4hetett\u00e4v\u00e4 se s\u00e4hk\u00f6postiosoitteeseen info@laomeister.com viimeist\u00e4\u00e4n 14 p\u00e4iv\u00e4n kuluessa tavaroiden vastaanottamisesta. Balti Laomeister O\u00dc palauttaa peruutetun tilauksen (viimeist\u00e4\u00e4n 14 p\u00e4iv\u00e4n kuluessa ja alkuper\u00e4iset toimituskulut palautetaan). Peruuttamisoikeus koskee vakiotuotteita. Palautuksia ei voida tehd\u00e4 tuotteista, jotka on valmistettu erikoistilauksena asiakkaan pyynn\u00f6st\u00e4, projektimyyntitilauksista tai suurten m\u00e4\u00e4rien tilauksista (suosittelemme t\u00e4llaisissa tapauksissa k\u00e4ytt\u00e4m\u00e4\u00e4n &#8220;Pyyd\u00e4 tarjous&#8221; -vaihtoehtoa).<br \/>\n5.2. Palautetun tuotteen on oltava k\u00e4ytt\u00e4m\u00e4t\u00f6n, alkuper\u00e4ispakkauksessa ja t\u00e4ydellinen. Ennen palautusta ota yhteytt\u00e4 Laomeister.comin asiakaspalveluun ja sovi palautuksen yksityiskohdista. Palautuskulut maksaa ostaja, ellei palautuksen syyn\u00e4 ole se, ett\u00e4 palautettava tuote ei vastaa tilattua (esim. tuote on v\u00e4\u00e4r\u00e4 tai viallinen).<br \/>\n5.3. Jos peruuttamisoikeus ei lain mukaan koske oikeushenkil\u00f6\u00e4 Asiakkaana, Laomeister.com ottaa vastuun my\u00f6s oikeushenkil\u00f6n tapauksessa. Jos tilaamasi tuotteet eiv\u00e4t jostain syyst\u00e4 ole sopivia, ota meihin yhteytt\u00e4, niin l\u00f6yd\u00e4mme sopivan ratkaisun.<\/li>\n<li><strong>Oikeus tehd\u00e4 valitus ja palauttaa vaatimustenvastaiset tuotteet.<\/strong><b><br \/>\n<\/b>6.1. Laomeister.com on vastuussa ostajalle myydyn tavaran virheest\u00e4 tai puutteesta, joka oli olemassa toimitushetkell\u00e4 ja joka ilmenee kahden vuoden kuluessa tavaran toimittamisesta ostajalle. Kuuden ensimm\u00e4isen kuukauden kuluessa siit\u00e4, kun tavarat on toimitettu tilaajalle, oletetaan, ett\u00e4 virhe oli olemassa jo toimitushetkell\u00e4. Laomeister.com on vastuussa t\u00e4m\u00e4n olettamuksen kumoamisesta.<br \/>\n6.2. Vian ilmetess\u00e4 asiakkaalla on oikeus ottaa yhteytt\u00e4 Laomeister.comiin viimeist\u00e4\u00e4n kahden kuukauden kuluessa l\u00e4hett\u00e4m\u00e4ll\u00e4 s\u00e4hk\u00f6postia osoitteeseen info@laomeister.com tai soittamalla numeroon 5081126.<br \/>\n6.4. Laomeister.com on vastuussa tuotteiden virheist\u00e4 ja puutteista, jotka ilmenev\u00e4t kahden vuoden kuluessa siit\u00e4, kun tuotteet on toimitettu asiakkaalle.<br \/>\n6.5. Laomeister.com vastaa tilaajan valitukseen kirjallisesti tai kirjallisesti toistettavassa muodossa 15 p\u00e4iv\u00e4n kuluessa.<br \/>\n6.6. Laomeister.com ei ole vastuussa:<br \/>\n1) Asiakkaan aiheuttama tuotteen heikkeneminen\/vaurio;<br \/>\n2) tuotteen ep\u00e4s\u00e4\u00e4nn\u00f6llisest\u00e4 k\u00e4yt\u00f6st\u00e4 johtuvat viat;<br \/>\n3) tuotteen normaali fyysinen kuluminen normaalissa k\u00e4yt\u00f6ss\u00e4.<br \/>\n6.7. Jos tavarat palautetaan Myyj\u00e4lle tavaroiden laatuvirheiden vuoksi, Myyj\u00e4 sitoutuu palauttamaan Ostajalle kokonaan laadultaan puutteellisista tavaroista maksetun hinnan ja korvaamaan l\u00e4hetys- ja palautuskustannukset. Jos vain osa tavaroista palautetaan, l\u00e4hetyskulut palautetaan vain, jos samassa tilauksessa j\u00e4ljell\u00e4 olevista tavaroista olisi yhdess\u00e4 ostettuna maksettu alhaisemmat l\u00e4hetyskulut kuin l\u00e4hetyskulut, jos ne olisi ostettu yhdess\u00e4 palautettavien tavaroiden kanssa, ja vain l\u00e4hetyskulujen erotuksen verran. Jos on valittu muu kuin Myyj\u00e4n tarjoama palautustapa ja siit\u00e4 on aiheutunut kohtuuttomia tai eritt\u00e4in korkeita kustannuksia, Myyj\u00e4 ei ole velvollinen korvaamaan palautuskustannuksia.<br \/>\n6.8. Takuun mukaisten oikeuksien lis\u00e4ksi asiakkaalla on my\u00f6s muita lain mukaisia oikeuksia.<\/li>\n<li><strong>Asennusolosuhteet<\/strong><b><br \/>\n<\/b>Jos tilaaja tilaa my\u00f6s asennuspalvelun Laomeister.comin kautta, sovelletaan seuraavia ehtoja:<br \/>\n7.1. Varaston sovitun asennuspaikan on oltava tyhj\u00e4 tavaroiden saapumishetkell\u00e4, ja siin\u00e4 on oltava my\u00f6s vapaata tilaa tavaroiden varastointia varten. Asentajien vastuulla ei ole tyhjent\u00e4\u00e4 aluetta asiakkaan tavaroista\/roskista. Est\u00e4m\u00e4ll\u00e4 t\u00f6iden aloittamisen asentajalla on oikeus peri\u00e4 odotustunneista erillinen maksu*.<br \/>\n7.2. Jos tilattua kokoonpanoty\u00f6t\u00e4 ei ole mahdollista aloittaa sovittuna ajankohtana, Laomeister.comille on ilmoitettava siit\u00e4 etuk\u00e4teen edellisen\u00e4 ty\u00f6p\u00e4iv\u00e4n\u00e4. Ilmoittamattomat tyhj\u00e4n\u00e4 tehdyt matkat ovat maksullisia hinnaston* mukaisesti.<br \/>\n7.3. Asiakas toimittaa kaikki tarvittavat piirustukset. Jos piirustuksia tai asennuksessa tarvittavia tietoja ei ole, asennus voidaan keskeytt\u00e4\u00e4 v\u00e4litt\u00f6m\u00e4sti v\u00e4\u00e4rink\u00e4sitysten v\u00e4ltt\u00e4miseksi. Jos piirustusten tiedot ovat puutteelliset, asentajilla ei ole velvollisuutta tehd\u00e4 jo tehty\u00e4 ty\u00f6t\u00e4 uudelleen.<br \/>\n7.4. Asiakkaan vastuulla on huolehtia tilojen valaistuksesta ja 220 voltin s\u00e4hk\u00f6verkosta. Jos ty\u00f6 tehd\u00e4\u00e4n ulkona tai tiloissa, joissa on erityisl\u00e4mp\u00f6tila (-1 tai kylmempi), Balti Laomeister O\u00dc:lle on ilmoitettava siit\u00e4 etuk\u00e4teen.<br \/>\n7.5. Asiakkaan vastuulla on ilmoittaa asentajille kaikista sein\u00e4ss\u00e4 tai lattiassa olevista putkista tai kaapeleista, jotka ovat vaarassa vaurioitua porauksen aikana. Asentajille on my\u00f6s ilmoitettava ep\u00e4tyypillisist\u00e4 lattia- tai sein\u00e4kaltevuuksista, jotka aiheuttavat ylim\u00e4\u00e4r\u00e4ist\u00e4 ty\u00f6aikaa.<\/li>\n<\/ol>\n<p>* Hinnasto:<\/p>\n<ul>\n<li aria-level=\"1\">odotusaika 30 \u20ac + km<\/li>\n<li aria-level=\"1\">lis\u00e4ty\u00f6t asiakkaan pyynn\u00f6st\u00e4 30 \u20ac + km \/ h<\/li>\n<li aria-level=\"1\">  tyhj\u00e4 matka 35 \u20ac + km (Tallinnan ulkopuolella lis\u00e4t\u00e4\u00e4n kilometrimaksu 1 eur \/ km \/ yksi suunta).<\/li>\n<\/ul>\n<p>&nbsp;<\/p>\n","protected":false},"excerpt":{"rendered":"<p>Ehtojen soveltamisala ja voimassaolo 1.1. N\u00e4it\u00e4 ehtoja sovelletaan Balti Laomeister O\u00dc:n ostoymp\u00e4rist\u00f6n www.laomeister.com tilaajien (j\u00e4ljemp\u00e4n\u00e4 &#8220;tilaaja&#8221;) ja Balti Laomeister O\u00dc:n<\/p>\n","protected":false},"author":12,"featured_media":0,"parent":0,"menu_order":0,"comment_status":"closed","ping_status":"closed","template":"","meta":{"footnotes":""},"class_list":["post-35984","page","type-page","status-publish","hentry"],"yoast_head":"<!-- This site is optimized with the Yoast SEO plugin v27.3 - https:\/\/yoast.com\/product\/yoast-seo-wordpress\/ -->\n<title>Myyntiehdot - Balti Laomeister<\/title>\n<meta name=\"robots\" content=\"index, follow, max-snippet:-1, max-image-preview:large, max-video-preview:-1\" \/>\n<link rel=\"canonical\" href=\"https:\/\/www.laomeister.com\/fi\/myyntiehdot\/\" \/>\n<meta property=\"og:locale\" content=\"fi_FI\" \/>\n<meta property=\"og:type\" content=\"article\" \/>\n<meta property=\"og:title\" content=\"Myyntiehdot - Balti Laomeister\" \/>\n<meta property=\"og:description\" content=\"Ehtojen soveltamisala ja voimassaolo 1.1. N\u00e4it\u00e4 ehtoja sovelletaan Balti Laomeister O\u00dc:n ostoymp\u00e4rist\u00f6n www.laomeister.com tilaajien (j\u00e4ljemp\u00e4n\u00e4 &#8220;tilaaja&#8221;) ja Balti Laomeister O\u00dc:n\" \/>\n<meta property=\"og:url\" content=\"https:\/\/www.laomeister.com\/fi\/myyntiehdot\/\" \/>\n<meta property=\"og:site_name\" content=\"Balti Laomeister\" \/>\n<meta name=\"twitter:card\" content=\"summary_large_image\" \/>\n<meta name=\"twitter:label1\" content=\"Arvioitu lukuaika\" \/>\n\t<meta name=\"twitter:data1\" content=\"7 minuuttia\" \/>\n<script type=\"application\/ld+json\" class=\"yoast-schema-graph\">{\"@context\":\"https:\\\/\\\/schema.org\",\"@graph\":[{\"@type\":\"WebPage\",\"@id\":\"https:\\\/\\\/www.laomeister.com\\\/fi\\\/myyntiehdot\\\/\",\"url\":\"https:\\\/\\\/www.laomeister.com\\\/fi\\\/myyntiehdot\\\/\",\"name\":\"Myyntiehdot - Balti Laomeister\",\"isPartOf\":{\"@id\":\"https:\\\/\\\/www.laomeister.com\\\/fi\\\/#website\"},\"datePublished\":\"2024-07-02T17:24:27+00:00\",\"breadcrumb\":{\"@id\":\"https:\\\/\\\/www.laomeister.com\\\/fi\\\/myyntiehdot\\\/#breadcrumb\"},\"inLanguage\":\"fi\",\"potentialAction\":[{\"@type\":\"ReadAction\",\"target\":[\"https:\\\/\\\/www.laomeister.com\\\/fi\\\/myyntiehdot\\\/\"]}]},{\"@type\":\"BreadcrumbList\",\"@id\":\"https:\\\/\\\/www.laomeister.com\\\/fi\\\/myyntiehdot\\\/#breadcrumb\",\"itemListElement\":[{\"@type\":\"ListItem\",\"position\":1,\"name\":\"Home\",\"item\":\"https:\\\/\\\/www.laomeister.com\\\/fi\\\/\"},{\"@type\":\"ListItem\",\"position\":2,\"name\":\"Myyntiehdot\"}]},{\"@type\":\"WebSite\",\"@id\":\"https:\\\/\\\/www.laomeister.com\\\/fi\\\/#website\",\"url\":\"https:\\\/\\\/www.laomeister.com\\\/fi\\\/\",\"name\":\"Balti Laomeister\",\"description\":\"Laoriiulid - m&uuml;&uuml;k ja paigaldus\",\"potentialAction\":[{\"@type\":\"SearchAction\",\"target\":{\"@type\":\"EntryPoint\",\"urlTemplate\":\"https:\\\/\\\/www.laomeister.com\\\/fi\\\/?s={search_term_string}\"},\"query-input\":{\"@type\":\"PropertyValueSpecification\",\"valueRequired\":true,\"valueName\":\"search_term_string\"}}],\"inLanguage\":\"fi\"}]}<\/script>\n<!-- \/ Yoast SEO plugin. -->","yoast_head_json":{"title":"Myyntiehdot - Balti Laomeister","robots":{"index":"index","follow":"follow","max-snippet":"max-snippet:-1","max-image-preview":"max-image-preview:large","max-video-preview":"max-video-preview:-1"},"canonical":"https:\/\/www.laomeister.com\/fi\/myyntiehdot\/","og_locale":"fi_FI","og_type":"article","og_title":"Myyntiehdot - Balti Laomeister","og_description":"Ehtojen soveltamisala ja voimassaolo 1.1. N\u00e4it\u00e4 ehtoja sovelletaan Balti Laomeister O\u00dc:n ostoymp\u00e4rist\u00f6n www.laomeister.com tilaajien (j\u00e4ljemp\u00e4n\u00e4 &#8220;tilaaja&#8221;) ja Balti Laomeister O\u00dc:n","og_url":"https:\/\/www.laomeister.com\/fi\/myyntiehdot\/","og_site_name":"Balti Laomeister","twitter_card":"summary_large_image","twitter_misc":{"Arvioitu lukuaika":"7 minuuttia"},"schema":{"@context":"https:\/\/schema.org","@graph":[{"@type":"WebPage","@id":"https:\/\/www.laomeister.com\/fi\/myyntiehdot\/","url":"https:\/\/www.laomeister.com\/fi\/myyntiehdot\/","name":"Myyntiehdot - Balti Laomeister","isPartOf":{"@id":"https:\/\/www.laomeister.com\/fi\/#website"},"datePublished":"2024-07-02T17:24:27+00:00","breadcrumb":{"@id":"https:\/\/www.laomeister.com\/fi\/myyntiehdot\/#breadcrumb"},"inLanguage":"fi","potentialAction":[{"@type":"ReadAction","target":["https:\/\/www.laomeister.com\/fi\/myyntiehdot\/"]}]},{"@type":"BreadcrumbList","@id":"https:\/\/www.laomeister.com\/fi\/myyntiehdot\/#breadcrumb","itemListElement":[{"@type":"ListItem","position":1,"name":"Home","item":"https:\/\/www.laomeister.com\/fi\/"},{"@type":"ListItem","position":2,"name":"Myyntiehdot"}]},{"@type":"WebSite","@id":"https:\/\/www.laomeister.com\/fi\/#website","url":"https:\/\/www.laomeister.com\/fi\/","name":"Balti Laomeister","description":"Laoriiulid - m&uuml;&uuml;k ja paigaldus","potentialAction":[{"@type":"SearchAction","target":{"@type":"EntryPoint","urlTemplate":"https:\/\/www.laomeister.com\/fi\/?s={search_term_string}"},"query-input":{"@type":"PropertyValueSpecification","valueRequired":true,"valueName":"search_term_string"}}],"inLanguage":"fi"}]}},"_links":{"self":[{"href":"https:\/\/www.laomeister.com\/fi\/wp-json\/wp\/v2\/pages\/35984","targetHints":{"allow":["GET"]}}],"collection":[{"href":"https:\/\/www.laomeister.com\/fi\/wp-json\/wp\/v2\/pages"}],"about":[{"href":"https:\/\/www.laomeister.com\/fi\/wp-json\/wp\/v2\/types\/page"}],"author":[{"embeddable":true,"href":"https:\/\/www.laomeister.com\/fi\/wp-json\/wp\/v2\/users\/12"}],"replies":[{"embeddable":true,"href":"https:\/\/www.laomeister.com\/fi\/wp-json\/wp\/v2\/comments?post=35984"}],"version-history":[{"count":0,"href":"https:\/\/www.laomeister.com\/fi\/wp-json\/wp\/v2\/pages\/35984\/revisions"}],"wp:attachment":[{"href":"https:\/\/www.laomeister.com\/fi\/wp-json\/wp\/v2\/media?parent=35984"}],"curies":[{"name":"wp","href":"https:\/\/api.w.org\/{rel}","templated":true}]}}