{"id":35933,"date":"2024-07-02T20:23:35","date_gmt":"2024-07-02T17:23:35","guid":{"rendered":"https:\/\/www.laomeister.com\/tietoa-meista\/"},"modified":"2024-07-02T20:23:42","modified_gmt":"2024-07-02T17:23:42","slug":"tietoa-meista","status":"publish","type":"page","link":"https:\/\/www.laomeister.com\/fi\/tietoa-meista\/","title":{"rendered":"Tietoa meist\u00e4"},"content":{"rendered":"<div class=\"wpb-content-wrapper\">[vc_row][vc_column][vc_custom_heading text=&#8221;Baltic Laomeister O\u00dc&#8221; font_container=&#8221;tag:h2|font_size:50|text_align:center&#8221; google_fonts=&#8221;font_family:Open%20Sans%3A300%2C300italic%2Cregular%2Citalic%2C600%2C600italic%2C700%2C700italic%2C800%2C800italic|font_style:300%20light%20regular%3A300%3Anormal&#8221;][vc_separator][\/vc_column][\/vc_row][vc_row][vc_column width=&#8221;1\/2&#8243;][vc_custom_heading text=&#8221;Keit\u00e4 me olemme?&#8221; font_container=&#8221;tag:h2|font_size:40|text_align:center&#8221; google_fonts=&#8221;font_family:Open%20Sans%3A300%2C300italic%2Cregular%2Citalic%2C600%2C600italic%2C700%2C700italic%2C800%2C800italic|font_style:300%20light%20regular%3A300%3Anormal&#8221;][vc_column_text]Baltic Warehouse Master on yksi Viron suurimmista varastorullien toimittajista ja asentajista. Tavoitteenamme on olla <strong>asiakkaan kumppani<\/strong> &#8211; antaa parasta neuvontaa, tunnistaa tarpeet ja tehd\u00e4 varasto, joka ratkaisee ongelman parhaiten.<\/p>\n<p>Ty\u00f6mme on <strong>r\u00e4\u00e4t\u00e4lin<\/strong> tekem\u00e4. Mik\u00e4\u00e4n varasto ei ole samanlainen &#8211; asiakkaiden tarpeiden, valmiuksien, tilan ja k\u00e4ytt\u00f6tarkoituksen suhteen. Pyrimme menem\u00e4\u00e4n askeleen pidemm\u00e4lle ja tarjoamaan korkealaatuisia r\u00e4\u00e4t\u00e4l\u00f6ityj\u00e4 ratkaisuja, emmek\u00e4 vain myyd\u00e4 vakiokokoisia s\u00e4ilytysastioita.<\/p>\n<p>Baltic Storage -valikoima koostuu hyllyist\u00e4, modulaarisista, konsolista ja mediahyllyist\u00e4, metallikaapeista, v\u00e4liseinist\u00e4, ristikkoseinist\u00e4 ja hyllytarvikkeista. N\u00e4it\u00e4 tuotteita k\u00e4ytet\u00e4\u00e4n varastojen erityisratkaisujen valmistukseen. Baltic Warehouse Masterin tarjoamiin palveluihin kuuluvat hyllyjen asennus, hyllyjen esiasentaminen varastoosi, neuvonta, konsultointi, varastosiirrot, vanhojen hyllyjen h\u00e4vitt\u00e4minen, huolto ja korjaukset. Baltic Warehouse Master tarjoaa <strong>t\u00e4ydellisen<\/strong> ratkaisun![\/vc_column_text][vc_cta h2=&#8221;&#8221;]\n<h2>Missio ja visio<\/h2>\n<p><strong>Teht\u00e4v\u00e4mme<\/strong> on tarjota asiakkaillemme parhaat varastolaiteratkaisut. Otamme suunnitteluun mukaan varastoty\u00f6ntekij\u00e4t, pakkaajat ja ihmiset, jotka todella k\u00e4ytt\u00e4v\u00e4t varastoa, jotta he ymm\u00e4rt\u00e4isiv\u00e4t parhaiten, mik\u00e4 on paras ratkaisu.<\/p>\n<p><strong>Visiomme<\/strong> on olla varastointipalvelujen tarjoajien kolmen parhaan joukossa &#8211; kolmen parhaan joukossa! Pid\u00e4mme haasteista. Pyrimme l\u00f6yt\u00e4m\u00e4\u00e4n parhaan tavan yhdist\u00e4\u00e4 asiakkaiden tarpeet ja varastonhallinta, jotta meist\u00e4 tulisi parhaita varastonhoitajia.[\/vc_cta][\/vc_column][vc_column width=&#8221;1\/2&#8243;][vc_single_image image=&#8221;3901&#8243; img_size=&#8221;large&#8221; alignment=&#8221;center&#8221; style=&#8221;vc_box_rounded&#8221;][\/vc_column][\/vc_row][vc_row][vc_column][vc_empty_space height=&#8221;50px&#8221;][vc_custom_heading text=&#8221;Teemme tarjouksen varaston asentamisesta heti!&#8221; font_container=&#8221;tag:h2|font_size:40|text_align:center&#8221; google_fonts=&#8221;font_family:Open%20Sans%3A300%2C300italic%2Cregular%2Citalic%2C600%2C600italic%2C700%2C700italic%2C800%2C800italic|font_style:300%20light%20regular%3A300%3Anormal&#8221;]<div id=\"wd-69d6f99f419ce\" class=\"  wd-button-wrapper text-center\"><a href=\"https:\/\/www.laomeister.com\/fi\/yhteystiedot\/\" title=\"Ota yhteytt\u00e4\" class=\"btn btn-color-primary btn-style-default btn-shape-rectangle btn-size-default\">PYYD\u00c4 TARJOUS!<\/a><\/div>[vc_empty_space height=&#8221;50px&#8221;][\/vc_column][\/vc_row][vc_row css=&#8221;.vc_custom_1505550660496{margin-bottom: 5vh !important;}&#8221;][vc_column woodmart_color_scheme=&#8221;dark&#8221; css=&#8221;.vc_custom_1505552126475{background-position: 0 0 !important;background-repeat: no-repeat !important;}&#8221;][vc_separator][vc_row_inner css=&#8221;.vc_custom_1505549912855{margin-bottom: 30px !important;}&#8221;][vc_column_inner width=&#8221;1\/2&#8243; css=&#8221;.vc_custom_1505897947716{margin-bottom: 20px !important;border-right-width: 1px !important;padding-top: 0px !important;padding-bottom: 0px !important;border-right-color: rgba(73,73,73,0.09) !important;border-right-style: solid !important;}&#8221; offset=&#8221;vc_col-lg-3 vc_col-md-6 vc_col-xs-12&#8243;][vc_icon icon_fontawesome=&#8221;fa fa-globe&#8221; color=&#8221;custom&#8221; size=&#8221;xl&#8221; align=&#8221;center&#8221; custom_color=&#8221;#1e73be&#8221;]\t\t\t<div class=\"info-box-wrapper\">\n\t\t\t\t<div id=\"wd-69d6f99f41a20\" class=\" wd-info-box wd-wpb text-center box-icon-align-top box-style- color-scheme- wd-bg-none vc_custom_1530363836900\">\n\t\t\t\t\t\t\t\t\t\t<div class=\"info-box-content\">\n\t\t\t\t\t\t<div class=\"info-box-subtitle subtitle-color-primary wd-fontsize-xs subtitle-style-default\">&lt;strong&gt;KOKONAISRATKAISUT&lt;\/strong&gt;<\/div>\t\t\t\t\t\t<div class=\"info-box-inner reset-last-child\"><p>Ty\u00f6mme alkaa asiakkaan ongelman tunnistamisesta, sitten luomme parhaan ratkaisun ja jatkamme huoltopalvelulla.<\/p>\n<\/div>\n\n\t\t\t\t\t\t\t\t\t\t\t<\/div>\n\n\t\t\t\t\t\n\t\t\t\t\t\t\t\t\t<\/div>\n\t\t\t<\/div>\n\t\t[\/vc_column_inner][vc_column_inner width=&#8221;1\/2&#8243; css=&#8221;.vc_custom_1505897954324{margin-bottom: 20px !important;}&#8221; offset=&#8221;vc_col-lg-3 vc_col-md-6 vc_col-xs-12&#8243;][vc_icon icon_fontawesome=&#8221;fa fa-tachometer&#8221; color=&#8221;custom&#8221; size=&#8221;xl&#8221; align=&#8221;center&#8221; custom_color=&#8221;#1e73be&#8221;]\t\t\t<div class=\"info-box-wrapper\">\n\t\t\t\t<div id=\"wd-69d6f99f41a7e\" class=\" wd-info-box wd-wpb text-center box-icon-align-top box-style- color-scheme- wd-bg-none vc_custom_1530364083667\">\n\t\t\t\t\t\t\t\t\t\t<div class=\"info-box-content\">\n\t\t\t\t\t\t<div class=\"info-box-subtitle subtitle-color-primary wd-fontsize-xs subtitle-style-default\">&lt;strong&gt;CIRCLE&lt;\/strong&gt;<\/div>\t\t\t\t\t\t<div class=\"info-box-inner reset-last-child\"><p>Voimme tehd\u00e4 tarjouksen yhden p\u00e4iv\u00e4n kuluessa, olemme aina saatavilla ja voimme asentaa varastot nopeasti.<\/p>\n<\/div>\n\n\t\t\t\t\t\t\t\t\t\t\t<\/div>\n\n\t\t\t\t\t\n\t\t\t\t\t\t\t\t\t<\/div>\n\t\t\t<\/div>\n\t\t[\/vc_column_inner][vc_column_inner width=&#8221;1\/2&#8243; css=&#8221;.vc_custom_1505897960260{margin-bottom: 20px !important;border-right-width: 1px !important;border-left-width: 1px !important;padding-top: 0px !important;padding-bottom: 0px !important;border-left-color: rgba(73,73,73,0.09) !important;border-left-style: solid !important;border-right-color: rgba(73,73,73,0.09) !important;border-right-style: solid !important;}&#8221; offset=&#8221;vc_col-lg-3 vc_col-md-6 vc_col-xs-12&#8243;][vc_icon icon_fontawesome=&#8221;fa fa-random&#8221; color=&#8221;custom&#8221; size=&#8221;xl&#8221; align=&#8221;center&#8221; custom_color=&#8221;#1e73be&#8221;]\t\t\t<div class=\"info-box-wrapper\">\n\t\t\t\t<div id=\"wd-69d6f99f41ab5\" class=\" wd-info-box wd-wpb text-center box-icon-align-top box-style- color-scheme- wd-bg-none vc_custom_1530364164050\">\n\t\t\t\t\t\t\t\t\t\t<div class=\"info-box-content\">\n\t\t\t\t\t\t<div class=\"info-box-subtitle subtitle-color-primary wd-fontsize-xs subtitle-style-default\">&lt;strong&gt;PAINDLIKUS&lt;\/strong&gt;<\/div>\t\t\t\t\t\t<div class=\"info-box-inner reset-last-child\"><p>Tarjoamme yksil\u00f6llisi\u00e4 ja erityisi\u00e4 ratkaisuja ilman, ett\u00e4 meid\u00e4n tarvitsee pyyt\u00e4\u00e4 lupaa tai neuvoja kenelt\u00e4k\u00e4\u00e4n muulta.<\/p>\n<\/div>\n\n\t\t\t\t\t\t\t\t\t\t\t<\/div>\n\n\t\t\t\t\t\n\t\t\t\t\t\t\t\t\t<\/div>\n\t\t\t<\/div>\n\t\t[\/vc_column_inner][vc_column_inner width=&#8221;1\/2&#8243; offset=&#8221;vc_col-lg-3 vc_col-md-6 vc_col-xs-12&#8243;][vc_icon icon_fontawesome=&#8221;fa fa-qrcode&#8221; color=&#8221;custom&#8221; size=&#8221;xl&#8221; align=&#8221;center&#8221; custom_color=&#8221;#1e73be&#8221;]\t\t\t<div class=\"info-box-wrapper\">\n\t\t\t\t<div id=\"wd-69d6f99f41ae8\" class=\" wd-info-box wd-wpb text-center box-icon-align-top box-style- color-scheme- wd-bg-none vc_custom_1530364226345\">\n\t\t\t\t\t\t\t\t\t\t<div class=\"info-box-content\">\n\t\t\t\t\t\t<div class=\"info-box-subtitle subtitle-color-primary wd-fontsize-xs subtitle-style-default\">&lt;strong&gt;PARAS MYYNNIN J\u00c4LKEINEN PALVELU&lt;\/strong&gt;<\/div>\t\t\t\t\t\t<div class=\"info-box-inner reset-last-child\"><p>Varmistamme, ett\u00e4 hyllyiss\u00e4mme on aina varaosia. N\u00e4in pid\u00e4mme varastosi aina siistin\u00e4.<\/p>\n<\/div>\n\n\t\t\t\t\t\t\t\t\t\t\t<\/div>\n\n\t\t\t\t\t\n\t\t\t\t\t\t\t\t\t<\/div>\n\t\t\t<\/div>\n\t\t[\/vc_column_inner][\/vc_row_inner][vc_row_inner css=&#8221;.vc_custom_1505549912855{margin-bottom: 30px !important;}&#8221;][vc_column_inner width=&#8221;1\/2&#8243; css=&#8221;.vc_custom_1505897947716{margin-bottom: 20px !important;border-right-width: 1px !important;padding-top: 0px !important;padding-bottom: 0px !important;border-right-color: rgba(73,73,73,0.09) !important;border-right-style: solid !important;}&#8221; offset=&#8221;vc_col-lg-3 vc_col-md-6 vc_col-xs-12&#8243;][vc_icon icon_fontawesome=&#8221;fa fa-bed&#8221; color=&#8221;custom&#8221; size=&#8221;xl&#8221; align=&#8221;center&#8221; custom_color=&#8221;#1e73be&#8221;]\t\t\t<div class=\"info-box-wrapper\">\n\t\t\t\t<div id=\"wd-69d6f99f41b18\" class=\" wd-info-box wd-wpb text-center box-icon-align-top box-style- color-scheme- wd-bg-none vc_custom_1532516640442\">\n\t\t\t\t\t\t\t\t\t\t<div class=\"info-box-content\">\n\t\t\t\t\t\t<div class=\"info-box-subtitle subtitle-color-primary wd-fontsize-xs subtitle-style-default\">&lt;strong&gt;TODISTUS&lt;\/strong&gt;<\/div>\t\t\t\t\t\t<div class=\"info-box-inner reset-last-child\"><p>Tarjoamme asiakkaillemme mielenrauhaa &#8211; asentamamme hyllyt ovat optimaalisen kantavia, laadukkaita ja turvallisia. Me annamme sinulle mielenrauhan ja hyv\u00e4t y\u00f6unet!<\/p>\n<\/div>\n\n\t\t\t\t\t\t\t\t\t\t\t<\/div>\n\n\t\t\t\t\t\n\t\t\t\t\t\t\t\t\t<\/div>\n\t\t\t<\/div>\n\t\t[\/vc_column_inner][vc_column_inner width=&#8221;1\/2&#8243; css=&#8221;.vc_custom_1505897954324{margin-bottom: 20px !important;}&#8221; offset=&#8221;vc_col-lg-3 vc_col-md-6 vc_col-xs-12&#8243;][vc_icon icon_fontawesome=&#8221;fa fa-user&#8221; color=&#8221;custom&#8221; size=&#8221;xl&#8221; align=&#8221;center&#8221; custom_color=&#8221;#1e73be&#8221;]\t\t\t<div class=\"info-box-wrapper\">\n\t\t\t\t<div id=\"wd-69d6f99f41b48\" class=\" wd-info-box wd-wpb text-center box-icon-align-top box-style- color-scheme- wd-bg-none vc_custom_1530364590634\">\n\t\t\t\t\t\t\t\t\t\t<div class=\"info-box-content\">\n\t\t\t\t\t\t<div class=\"info-box-subtitle subtitle-color-primary wd-fontsize-xs subtitle-style-default\">&lt;strong&gt;ASIAKASKESKEISYYS&lt;\/strong&gt;<\/div>\t\t\t\t\t\t<div class=\"info-box-inner reset-last-child\"><p>Ensimm\u00e4inen tavoitteemme on ymm\u00e4rt\u00e4\u00e4, mit\u00e4 asiakas tekee. K\u00e4yt\u00e4mme 14 vuoden aikana hankkimiamme tietoja ja taitoja parhaiden ratkaisujen luomiseksi.<\/p>\n<\/div>\n\n\t\t\t\t\t\t\t\t\t\t\t<\/div>\n\n\t\t\t\t\t\n\t\t\t\t\t\t\t\t\t<\/div>\n\t\t\t<\/div>\n\t\t[\/vc_column_inner][vc_column_inner width=&#8221;1\/2&#8243; css=&#8221;.vc_custom_1505897960260{margin-bottom: 20px !important;border-right-width: 1px !important;border-left-width: 1px !important;padding-top: 0px !important;padding-bottom: 0px !important;border-left-color: rgba(73,73,73,0.09) !important;border-left-style: solid !important;border-right-color: rgba(73,73,73,0.09) !important;border-right-style: solid !important;}&#8221; offset=&#8221;vc_col-lg-3 vc_col-md-6 vc_col-xs-12&#8243;][vc_icon icon_fontawesome=&#8221;fa fa-magic&#8221; color=&#8221;custom&#8221; size=&#8221;xl&#8221; align=&#8221;center&#8221; custom_color=&#8221;#1e73be&#8221;]\t\t\t<div class=\"info-box-wrapper\">\n\t\t\t\t<div id=\"wd-69d6f99f41b76\" class=\" wd-info-box wd-wpb text-center box-icon-align-top box-style- color-scheme- wd-bg-none vc_custom_1532516814572\">\n\t\t\t\t\t\t\t\t\t\t<div class=\"info-box-content\">\n\t\t\t\t\t\t<div class=\"info-box-subtitle subtitle-color-primary wd-fontsize-xs subtitle-style-default\">&lt;strong&gt;BESPOKE&lt;\/strong&gt;<\/div>\t\t\t\t\t\t<div class=\"info-box-inner reset-last-child\"><p>Toimitamme varastot tilauksesta. Ymm\u00e4rr\u00e4mme varaston tarkoituksen. Jotta varastotilasta saadaan paras mahdollinen hy\u00f6ty irti, teemme tarvittaessa useita piirustuksia parhaan vaihtoehdon l\u00f6yt\u00e4miseksi.<\/p>\n<\/div>\n\n\t\t\t\t\t\t\t\t\t\t\t<\/div>\n\n\t\t\t\t\t\n\t\t\t\t\t\t\t\t\t<\/div>\n\t\t\t<\/div>\n\t\t[\/vc_column_inner][vc_column_inner width=&#8221;1\/2&#8243; offset=&#8221;vc_col-lg-3 vc_col-md-6 vc_col-xs-12&#8243;][vc_icon icon_fontawesome=&#8221;fa fa-calendar&#8221; color=&#8221;custom&#8221; size=&#8221;xl&#8221; align=&#8221;center&#8221; custom_color=&#8221;#1e73be&#8221;]\t\t\t<div class=\"info-box-wrapper\">\n\t\t\t\t<div id=\"wd-69d6f99f41ba4\" class=\" wd-info-box wd-wpb text-center box-icon-align-top box-style- color-scheme- wd-bg-none vc_custom_1530364747830\">\n\t\t\t\t\t\t\t\t\t\t<div class=\"info-box-content\">\n\t\t\t\t\t\t<div class=\"info-box-subtitle subtitle-color-primary wd-fontsize-xs subtitle-style-default\">&lt;strong&gt;PITK\u00c4 KOKEMUS&lt;\/strong&gt;<\/div>\t\t\t\t\t\t<div class=\"info-box-inner reset-last-child\"><p>Pitk\u00e4 kokemuksemme varastojen kalustamisesta takaa parhaat ratkaisut kaikenkokoisiin hankkeisiin.<\/p>\n<\/div>\n\n\t\t\t\t\t\t\t\t\t\t\t<\/div>\n\n\t\t\t\t\t\n\t\t\t\t\t\t\t\t\t<\/div>\n\t\t\t<\/div>\n\t\t[\/vc_column_inner][\/vc_row_inner][vc_separator][\/vc_column][\/vc_row][vc_row][vc_column][vc_custom_heading text=&#8221;Tarvitsetko apua varastosi kanssa?&#8221; font_container=&#8221;tag:h2|font_size:40|text_align:center&#8221; google_fonts=&#8221;font_family:Open%20Sans%3A300%2C300italic%2Cregular%2Citalic%2C600%2C600italic%2C700%2C700italic%2C800%2C800italic|font_style:300%20light%20regular%3A300%3Anormal&#8221;]<div id=\"wd-69d6f99f41be6\" class=\"  wd-button-wrapper text-center\"><a href=\"https:\/\/www.laomeister.com\/fi\/yhteystiedot\/\" title=\"Ota yhteytt\u00e4\" class=\"btn btn-color-primary btn-style-default btn-shape-rectangle btn-size-default\">PYYD\u00c4 TARJOUS!<\/a><\/div>[\/vc_column][\/vc_row]\n<\/div>","protected":false},"excerpt":{"rendered":"<p>[vc_row][vc_column][vc_custom_heading text=&#8221;Baltic Laomeister O\u00dc&#8221; font_container=&#8221;tag:h2|font_size:50|text_align:center&#8221; google_fonts=&#8221;font_family:Open%20Sans%3A300%2C300italic%2Cregular%2Citalic%2C600%2C600italic%2C700%2C700italic%2C800%2C800italic|font_style:300%20light%20regular%3A300%3Anormal&#8221;][vc_separator][\/vc_column][\/vc_row][vc_row][vc_column width=&#8221;1\/2&#8243;][vc_custom_heading text=&#8221;Keit\u00e4 me olemme?&#8221; font_container=&#8221;tag:h2|font_size:40|text_align:center&#8221; google_fonts=&#8221;font_family:Open%20Sans%3A300%2C300italic%2Cregular%2Citalic%2C600%2C600italic%2C700%2C700italic%2C800%2C800italic|font_style:300%20light%20regular%3A300%3Anormal&#8221;][vc_column_text]Baltic Warehouse Master on yksi Viron suurimmista varastorullien toimittajista<\/p>\n","protected":false},"author":1,"featured_media":0,"parent":0,"menu_order":0,"comment_status":"closed","ping_status":"closed","template":"","meta":{"footnotes":""},"class_list":["post-35933","page","type-page","status-publish","hentry"],"yoast_head":"<!-- This site is optimized with the Yoast SEO plugin v27.3 - https:\/\/yoast.com\/product\/yoast-seo-wordpress\/ -->\n<title>Tietoa meist\u00e4 - Balti Laomeister<\/title>\n<meta name=\"robots\" content=\"index, follow, max-snippet:-1, max-image-preview:large, max-video-preview:-1\" \/>\n<link rel=\"canonical\" href=\"https:\/\/www.laomeister.com\/fi\/tietoa-meista\/\" \/>\n<meta property=\"og:locale\" content=\"fi_FI\" \/>\n<meta property=\"og:type\" content=\"article\" \/>\n<meta property=\"og:title\" content=\"Tietoa meist\u00e4 - Balti Laomeister\" \/>\n<meta property=\"og:description\" content=\"[vc_row][vc_column][vc_custom_heading text=&#8221;Baltic Laomeister O\u00dc&#8221; font_container=&#8221;tag:h2|font_size:50|text_align:center&#8221; google_fonts=&#8221;font_family:Open%20Sans%3A300%2C300italic%2Cregular%2Citalic%2C600%2C600italic%2C700%2C700italic%2C800%2C800italic|font_style:300%20light%20regular%3A300%3Anormal&#8221;][vc_separator][\/vc_column][\/vc_row][vc_row][vc_column width=&#8221;1\/2&#8243;][vc_custom_heading text=&#8221;Keit\u00e4 me olemme?&#8221; font_container=&#8221;tag:h2|font_size:40|text_align:center&#8221; google_fonts=&#8221;font_family:Open%20Sans%3A300%2C300italic%2Cregular%2Citalic%2C600%2C600italic%2C700%2C700italic%2C800%2C800italic|font_style:300%20light%20regular%3A300%3Anormal&#8221;][vc_column_text]Baltic Warehouse Master on yksi Viron suurimmista varastorullien toimittajista\" \/>\n<meta property=\"og:url\" content=\"https:\/\/www.laomeister.com\/fi\/tietoa-meista\/\" \/>\n<meta property=\"og:site_name\" content=\"Balti Laomeister\" \/>\n<meta property=\"article:modified_time\" content=\"2024-07-02T17:23:42+00:00\" \/>\n<meta name=\"twitter:card\" content=\"summary_large_image\" \/>\n<meta name=\"twitter:label1\" content=\"Arvioitu lukuaika\" \/>\n\t<meta name=\"twitter:data1\" content=\"6 minuuttia\" \/>\n<script type=\"application\/ld+json\" class=\"yoast-schema-graph\">{\"@context\":\"https:\\\/\\\/schema.org\",\"@graph\":[{\"@type\":\"WebPage\",\"@id\":\"https:\\\/\\\/www.laomeister.com\\\/fi\\\/tietoa-meista\\\/\",\"url\":\"https:\\\/\\\/www.laomeister.com\\\/fi\\\/tietoa-meista\\\/\",\"name\":\"Tietoa meist\u00e4 - Balti Laomeister\",\"isPartOf\":{\"@id\":\"https:\\\/\\\/www.laomeister.com\\\/fi\\\/#website\"},\"datePublished\":\"2024-07-02T17:23:35+00:00\",\"dateModified\":\"2024-07-02T17:23:42+00:00\",\"breadcrumb\":{\"@id\":\"https:\\\/\\\/www.laomeister.com\\\/fi\\\/tietoa-meista\\\/#breadcrumb\"},\"inLanguage\":\"fi\",\"potentialAction\":[{\"@type\":\"ReadAction\",\"target\":[\"https:\\\/\\\/www.laomeister.com\\\/fi\\\/tietoa-meista\\\/\"]}]},{\"@type\":\"BreadcrumbList\",\"@id\":\"https:\\\/\\\/www.laomeister.com\\\/fi\\\/tietoa-meista\\\/#breadcrumb\",\"itemListElement\":[{\"@type\":\"ListItem\",\"position\":1,\"name\":\"Home\",\"item\":\"https:\\\/\\\/www.laomeister.com\\\/fi\\\/\"},{\"@type\":\"ListItem\",\"position\":2,\"name\":\"Tietoa meist\u00e4\"}]},{\"@type\":\"WebSite\",\"@id\":\"https:\\\/\\\/www.laomeister.com\\\/fi\\\/#website\",\"url\":\"https:\\\/\\\/www.laomeister.com\\\/fi\\\/\",\"name\":\"Balti Laomeister\",\"description\":\"Laoriiulid - m&uuml;&uuml;k ja paigaldus\",\"potentialAction\":[{\"@type\":\"SearchAction\",\"target\":{\"@type\":\"EntryPoint\",\"urlTemplate\":\"https:\\\/\\\/www.laomeister.com\\\/fi\\\/?s={search_term_string}\"},\"query-input\":{\"@type\":\"PropertyValueSpecification\",\"valueRequired\":true,\"valueName\":\"search_term_string\"}}],\"inLanguage\":\"fi\"}]}<\/script>\n<!-- \/ Yoast SEO plugin. -->","yoast_head_json":{"title":"Tietoa meist\u00e4 - Balti Laomeister","robots":{"index":"index","follow":"follow","max-snippet":"max-snippet:-1","max-image-preview":"max-image-preview:large","max-video-preview":"max-video-preview:-1"},"canonical":"https:\/\/www.laomeister.com\/fi\/tietoa-meista\/","og_locale":"fi_FI","og_type":"article","og_title":"Tietoa meist\u00e4 - Balti Laomeister","og_description":"[vc_row][vc_column][vc_custom_heading text=&#8221;Baltic Laomeister O\u00dc&#8221; font_container=&#8221;tag:h2|font_size:50|text_align:center&#8221; google_fonts=&#8221;font_family:Open%20Sans%3A300%2C300italic%2Cregular%2Citalic%2C600%2C600italic%2C700%2C700italic%2C800%2C800italic|font_style:300%20light%20regular%3A300%3Anormal&#8221;][vc_separator][\/vc_column][\/vc_row][vc_row][vc_column width=&#8221;1\/2&#8243;][vc_custom_heading text=&#8221;Keit\u00e4 me olemme?&#8221; font_container=&#8221;tag:h2|font_size:40|text_align:center&#8221; google_fonts=&#8221;font_family:Open%20Sans%3A300%2C300italic%2Cregular%2Citalic%2C600%2C600italic%2C700%2C700italic%2C800%2C800italic|font_style:300%20light%20regular%3A300%3Anormal&#8221;][vc_column_text]Baltic Warehouse Master on yksi Viron suurimmista varastorullien toimittajista","og_url":"https:\/\/www.laomeister.com\/fi\/tietoa-meista\/","og_site_name":"Balti Laomeister","article_modified_time":"2024-07-02T17:23:42+00:00","twitter_card":"summary_large_image","twitter_misc":{"Arvioitu lukuaika":"6 minuuttia"},"schema":{"@context":"https:\/\/schema.org","@graph":[{"@type":"WebPage","@id":"https:\/\/www.laomeister.com\/fi\/tietoa-meista\/","url":"https:\/\/www.laomeister.com\/fi\/tietoa-meista\/","name":"Tietoa meist\u00e4 - Balti Laomeister","isPartOf":{"@id":"https:\/\/www.laomeister.com\/fi\/#website"},"datePublished":"2024-07-02T17:23:35+00:00","dateModified":"2024-07-02T17:23:42+00:00","breadcrumb":{"@id":"https:\/\/www.laomeister.com\/fi\/tietoa-meista\/#breadcrumb"},"inLanguage":"fi","potentialAction":[{"@type":"ReadAction","target":["https:\/\/www.laomeister.com\/fi\/tietoa-meista\/"]}]},{"@type":"BreadcrumbList","@id":"https:\/\/www.laomeister.com\/fi\/tietoa-meista\/#breadcrumb","itemListElement":[{"@type":"ListItem","position":1,"name":"Home","item":"https:\/\/www.laomeister.com\/fi\/"},{"@type":"ListItem","position":2,"name":"Tietoa meist\u00e4"}]},{"@type":"WebSite","@id":"https:\/\/www.laomeister.com\/fi\/#website","url":"https:\/\/www.laomeister.com\/fi\/","name":"Balti Laomeister","description":"Laoriiulid - m&uuml;&uuml;k ja paigaldus","potentialAction":[{"@type":"SearchAction","target":{"@type":"EntryPoint","urlTemplate":"https:\/\/www.laomeister.com\/fi\/?s={search_term_string}"},"query-input":{"@type":"PropertyValueSpecification","valueRequired":true,"valueName":"search_term_string"}}],"inLanguage":"fi"}]}},"_links":{"self":[{"href":"https:\/\/www.laomeister.com\/fi\/wp-json\/wp\/v2\/pages\/35933","targetHints":{"allow":["GET"]}}],"collection":[{"href":"https:\/\/www.laomeister.com\/fi\/wp-json\/wp\/v2\/pages"}],"about":[{"href":"https:\/\/www.laomeister.com\/fi\/wp-json\/wp\/v2\/types\/page"}],"author":[{"embeddable":true,"href":"https:\/\/www.laomeister.com\/fi\/wp-json\/wp\/v2\/users\/1"}],"replies":[{"embeddable":true,"href":"https:\/\/www.laomeister.com\/fi\/wp-json\/wp\/v2\/comments?post=35933"}],"version-history":[{"count":7,"href":"https:\/\/www.laomeister.com\/fi\/wp-json\/wp\/v2\/pages\/35933\/revisions"}],"predecessor-version":[{"id":35966,"href":"https:\/\/www.laomeister.com\/fi\/wp-json\/wp\/v2\/pages\/35933\/revisions\/35966"}],"wp:attachment":[{"href":"https:\/\/www.laomeister.com\/fi\/wp-json\/wp\/v2\/media?parent=35933"}],"curies":[{"name":"wp","href":"https:\/\/api.w.org\/{rel}","templated":true}]}}