{"id":35923,"date":"2024-07-02T20:23:33","date_gmt":"2024-07-02T17:23:33","guid":{"rendered":"https:\/\/www.laomeister.com\/faq\/"},"modified":"2024-07-02T20:23:44","modified_gmt":"2024-07-02T17:23:44","slug":"faq","status":"publish","type":"page","link":"https:\/\/www.laomeister.com\/fi\/faq\/","title":{"rendered":"FAQ"},"content":{"rendered":"<div class=\"wpb-content-wrapper\">[vc_row equal_height=&#8221;yes&#8221; css=&#8221;.vc_custom_1584431722781{margin-right: -50px !important;margin-left: -50px !important;}&#8221;][vc_column width=&#8221;1\/2&#8243; css=&#8221;.vc_custom_1584431853126{border-right-width: 1px !important;padding-top: 0px !important;padding-right: 50px !important;padding-left: 50px !important;border-right-color: #e8e8e8 !important;border-right-style: solid !important;}&#8221;][vc_tta_accordion shape=&#8221;square&#8221; color=&#8221;white&#8221; c_icon=&#8221;chevron&#8221; c_position=&#8221;right&#8221; active_section=&#8221;1&#8243; no_fill=&#8221;true&#8221;][vc_tta_section title=&#8221;Kuorma-autoja on monenlaisia. Jaetaanko niit\u00e4 jollakin tavalla?&#8221; tab_id=&#8221;1584371964804-ae7d24a5-106d&#8221;][vc_column_text]S\u00e4ilytystelineet voidaan jakaa <strong>perustelineisiin<\/strong>, <strong>konsolitelineisiin<\/strong>, <strong>pientavaratelineisiin<\/strong> ja <strong>hienotavaratelineisiin<\/strong>.[\/vc_column_text][\/vc_tta_section][vc_tta_section title=&#8221;Milloin k\u00e4yt\u00e4n perushylly\u00e4 ja konsolihylly\u00e4?&#8221; tab_id=&#8221;1584371964885-2bb84bda-d5a5&#8243;][vc_column_text]<strong>Pohjahyllyj\u00e4<\/strong> k\u00e4ytet\u00e4\u00e4n yleens\u00e4 puuhyllyill\u00e4 olevien tavaroiden s\u00e4ilytt\u00e4miseen, ja niiden syvyys on v\u00e4hint\u00e4\u00e4n 1200 mm. <strong>Konsolihyllyj\u00e4<\/strong> (joita kutsutaan my\u00f6s olkihyllyiksi) k\u00e4ytet\u00e4\u00e4n, kun varastoidaan tavaroita, jotka ovat pituutensa vuoksi hankalia sijoittaa perushyllyyn tai jotka eiv\u00e4t mahdu sinne. Tavallisesti konsolihyllyj\u00e4 k\u00e4ytet\u00e4\u00e4n puun, putkien, metallilankkujen jne. varastointiin. ja my\u00f6s suurempia levyj\u00e4.[\/vc_column_text][\/vc_tta_section][vc_tta_section title=&#8221;Milloin k\u00e4yt\u00e4n pientavaralaatikkoa?&#8221; tab_id=&#8221;1584372026363-1de52313-d541&#8243;][vc_column_text]<strong>Pientavarahyllyihin<\/strong> voidaan sijoittaa tuotteita ja materiaaleja 300-800 mm:n syvyyteen. T\u00e4m\u00e4 koskee my\u00f6s tavaroita, jotka varastoidaan ja kootaan kappaleittain, laatikoittain, laatikoittain tai esimerkiksi renkaittain. Pienten s\u00e4ilytyshyllyjen tasaisuus voidaan luoda k\u00e4ytt\u00e4m\u00e4ll\u00e4 ristikkopintoja tai eri materiaaleista valmistettuja levyj\u00e4.[\/vc_column_text][\/vc_tta_section][\/vc_tta_accordion][\/vc_column][vc_column width=&#8221;1\/2&#8243; css=&#8221;.vc_custom_1584431676331{padding-right: 50px !important;padding-left: 50px !important;}&#8221;][vc_tta_accordion shape=&#8221;square&#8221; color=&#8221;white&#8221; c_icon=&#8221;chevron&#8221; c_position=&#8221;right&#8221; active_section=&#8221;1&#8243; no_fill=&#8221;true&#8221;][vc_tta_section title=&#8221;Milloin otetaan k\u00e4ytt\u00f6\u00f6n hienoaines\u00e4ili\u00f6 tai modulaarinen s\u00e4ili\u00f6?&#8221; tab_id=&#8221;1584431169041-1aa218e6-db4b&#8221;][vc_column_text]<strong>Pientavaralaatikko<\/strong> on nimens\u00e4 mukaisesti tarkoitettu tuotteille, jotka on pakattu yksik\u00f6ihin, kuten yksitt\u00e4iseen myyntipakkaukseen. Hienotavarahyllyj\u00e4 k\u00e4ytet\u00e4\u00e4n kaupassa, tuotannossa sek\u00e4 autotalleissa ja varastoissa. Kun asennetaan korkealaatuinen hienotavarahyllyst\u00f6, on mahdollista sijoittaa hyllyt siten, ett\u00e4 tarvittaessa hyllyst\u00f6 voidaan siirt\u00e4\u00e4 korkeammalle tasolle eli rakentaa <strong>kerrosvarasto<\/strong>.[\/vc_column_text][\/vc_tta_section][vc_tta_section title=&#8221;Miten voin rakentaa varaston?&#8221; tab_id=&#8221;1584431169164-db7affdd-d73c&#8221;][vc_column_text]Kun asennetaan korkealaatuinen hienotavarahyllyst\u00f6, on mahdollista sijoittaa hyllyt siten, ett\u00e4 tarvittaessa hyllyst\u00f6 voidaan siirt\u00e4\u00e4 korkeammalle tasolle eli rakentaa <strong>kerrosvarasto<\/strong>.<\/p>\n<p>K\u00e4yt\u00e4v\u00e4varastot voidaan rakentaa my\u00f6s pylv\u00e4iden varaan.[\/vc_column_text][\/vc_tta_section][\/vc_tta_accordion][\/vc_column][\/vc_row]\n<\/div>","protected":false},"excerpt":{"rendered":"<p>[vc_row equal_height=&#8221;yes&#8221; css=&#8221;.vc_custom_1584431722781{margin-right: -50px !important;margin-left: -50px !important;}&#8221;][vc_column width=&#8221;1\/2&#8243; css=&#8221;.vc_custom_1584431853126{border-right-width: 1px !important;padding-top: 0px !important;padding-right: 50px !important;padding-left: 50px !important;border-right-color: #e8e8e8 !important;border-right-style: solid<\/p>\n","protected":false},"author":1,"featured_media":0,"parent":0,"menu_order":0,"comment_status":"closed","ping_status":"closed","template":"","meta":{"footnotes":""},"class_list":["post-35923","page","type-page","status-publish","hentry"],"yoast_head":"<!-- This site is optimized with the Yoast SEO plugin v27.5 - https:\/\/yoast.com\/product\/yoast-seo-wordpress\/ -->\n<title>FAQ - Balti Laomeister<\/title>\n<meta name=\"robots\" content=\"index, follow, max-snippet:-1, max-image-preview:large, max-video-preview:-1\" \/>\n<link rel=\"canonical\" href=\"https:\/\/www.laomeister.com\/fi\/faq\/\" \/>\n<meta property=\"og:locale\" content=\"fi_FI\" \/>\n<meta property=\"og:type\" content=\"article\" \/>\n<meta property=\"og:title\" content=\"FAQ - Balti Laomeister\" \/>\n<meta property=\"og:description\" content=\"[vc_row equal_height=&#8221;yes&#8221; css=&#8221;.vc_custom_1584431722781{margin-right: -50px !important;margin-left: -50px !important;}&#8221;][vc_column width=&#8221;1\/2&#8243; css=&#8221;.vc_custom_1584431853126{border-right-width: 1px !important;padding-top: 0px !important;padding-right: 50px !important;padding-left: 50px !important;border-right-color: #e8e8e8 !important;border-right-style: solid\" \/>\n<meta property=\"og:url\" content=\"https:\/\/www.laomeister.com\/fi\/faq\/\" \/>\n<meta property=\"og:site_name\" content=\"Balti Laomeister\" \/>\n<meta property=\"article:modified_time\" content=\"2024-07-02T17:23:44+00:00\" \/>\n<meta name=\"twitter:card\" content=\"summary_large_image\" \/>\n<meta name=\"twitter:label1\" content=\"Arvioitu lukuaika\" \/>\n\t<meta name=\"twitter:data1\" content=\"2 minuuttia\" \/>\n<script type=\"application\/ld+json\" class=\"yoast-schema-graph\">{\"@context\":\"https:\\\/\\\/schema.org\",\"@graph\":[{\"@type\":\"WebPage\",\"@id\":\"https:\\\/\\\/www.laomeister.com\\\/fi\\\/faq\\\/\",\"url\":\"https:\\\/\\\/www.laomeister.com\\\/fi\\\/faq\\\/\",\"name\":\"FAQ - Balti Laomeister\",\"isPartOf\":{\"@id\":\"https:\\\/\\\/www.laomeister.com\\\/fi\\\/#website\"},\"datePublished\":\"2024-07-02T17:23:33+00:00\",\"dateModified\":\"2024-07-02T17:23:44+00:00\",\"breadcrumb\":{\"@id\":\"https:\\\/\\\/www.laomeister.com\\\/fi\\\/faq\\\/#breadcrumb\"},\"inLanguage\":\"fi\",\"potentialAction\":[{\"@type\":\"ReadAction\",\"target\":[\"https:\\\/\\\/www.laomeister.com\\\/fi\\\/faq\\\/\"]}]},{\"@type\":\"BreadcrumbList\",\"@id\":\"https:\\\/\\\/www.laomeister.com\\\/fi\\\/faq\\\/#breadcrumb\",\"itemListElement\":[{\"@type\":\"ListItem\",\"position\":1,\"name\":\"Home\",\"item\":\"https:\\\/\\\/www.laomeister.com\\\/fi\\\/\"},{\"@type\":\"ListItem\",\"position\":2,\"name\":\"FAQ\"}]},{\"@type\":\"WebSite\",\"@id\":\"https:\\\/\\\/www.laomeister.com\\\/fi\\\/#website\",\"url\":\"https:\\\/\\\/www.laomeister.com\\\/fi\\\/\",\"name\":\"Balti Laomeister\",\"description\":\"Laoriiulid - m&uuml;&uuml;k ja paigaldus\",\"potentialAction\":[{\"@type\":\"SearchAction\",\"target\":{\"@type\":\"EntryPoint\",\"urlTemplate\":\"https:\\\/\\\/www.laomeister.com\\\/fi\\\/?s={search_term_string}\"},\"query-input\":{\"@type\":\"PropertyValueSpecification\",\"valueRequired\":true,\"valueName\":\"search_term_string\"}}],\"inLanguage\":\"fi\"}]}<\/script>\n<!-- \/ Yoast SEO plugin. -->","yoast_head_json":{"title":"FAQ - Balti Laomeister","robots":{"index":"index","follow":"follow","max-snippet":"max-snippet:-1","max-image-preview":"max-image-preview:large","max-video-preview":"max-video-preview:-1"},"canonical":"https:\/\/www.laomeister.com\/fi\/faq\/","og_locale":"fi_FI","og_type":"article","og_title":"FAQ - Balti Laomeister","og_description":"[vc_row equal_height=&#8221;yes&#8221; css=&#8221;.vc_custom_1584431722781{margin-right: -50px !important;margin-left: -50px !important;}&#8221;][vc_column width=&#8221;1\/2&#8243; css=&#8221;.vc_custom_1584431853126{border-right-width: 1px !important;padding-top: 0px !important;padding-right: 50px !important;padding-left: 50px !important;border-right-color: #e8e8e8 !important;border-right-style: solid","og_url":"https:\/\/www.laomeister.com\/fi\/faq\/","og_site_name":"Balti Laomeister","article_modified_time":"2024-07-02T17:23:44+00:00","twitter_card":"summary_large_image","twitter_misc":{"Arvioitu lukuaika":"2 minuuttia"},"schema":{"@context":"https:\/\/schema.org","@graph":[{"@type":"WebPage","@id":"https:\/\/www.laomeister.com\/fi\/faq\/","url":"https:\/\/www.laomeister.com\/fi\/faq\/","name":"FAQ - Balti Laomeister","isPartOf":{"@id":"https:\/\/www.laomeister.com\/fi\/#website"},"datePublished":"2024-07-02T17:23:33+00:00","dateModified":"2024-07-02T17:23:44+00:00","breadcrumb":{"@id":"https:\/\/www.laomeister.com\/fi\/faq\/#breadcrumb"},"inLanguage":"fi","potentialAction":[{"@type":"ReadAction","target":["https:\/\/www.laomeister.com\/fi\/faq\/"]}]},{"@type":"BreadcrumbList","@id":"https:\/\/www.laomeister.com\/fi\/faq\/#breadcrumb","itemListElement":[{"@type":"ListItem","position":1,"name":"Home","item":"https:\/\/www.laomeister.com\/fi\/"},{"@type":"ListItem","position":2,"name":"FAQ"}]},{"@type":"WebSite","@id":"https:\/\/www.laomeister.com\/fi\/#website","url":"https:\/\/www.laomeister.com\/fi\/","name":"Balti Laomeister","description":"Laoriiulid - m&uuml;&uuml;k ja paigaldus","potentialAction":[{"@type":"SearchAction","target":{"@type":"EntryPoint","urlTemplate":"https:\/\/www.laomeister.com\/fi\/?s={search_term_string}"},"query-input":{"@type":"PropertyValueSpecification","valueRequired":true,"valueName":"search_term_string"}}],"inLanguage":"fi"}]}},"_links":{"self":[{"href":"https:\/\/www.laomeister.com\/fi\/wp-json\/wp\/v2\/pages\/35923","targetHints":{"allow":["GET"]}}],"collection":[{"href":"https:\/\/www.laomeister.com\/fi\/wp-json\/wp\/v2\/pages"}],"about":[{"href":"https:\/\/www.laomeister.com\/fi\/wp-json\/wp\/v2\/types\/page"}],"author":[{"embeddable":true,"href":"https:\/\/www.laomeister.com\/fi\/wp-json\/wp\/v2\/users\/1"}],"replies":[{"embeddable":true,"href":"https:\/\/www.laomeister.com\/fi\/wp-json\/wp\/v2\/comments?post=35923"}],"version-history":[{"count":10,"href":"https:\/\/www.laomeister.com\/fi\/wp-json\/wp\/v2\/pages\/35923\/revisions"}],"predecessor-version":[{"id":35972,"href":"https:\/\/www.laomeister.com\/fi\/wp-json\/wp\/v2\/pages\/35923\/revisions\/35972"}],"wp:attachment":[{"href":"https:\/\/www.laomeister.com\/fi\/wp-json\/wp\/v2\/media?parent=35923"}],"curies":[{"name":"wp","href":"https:\/\/api.w.org\/{rel}","templated":true}]}}