{"id":39003,"date":"2025-09-16T11:35:10","date_gmt":"2025-09-16T08:35:10","guid":{"rendered":"https:\/\/www.laomeister.com\/?post_type=product&#038;p=39003"},"modified":"2025-09-16T11:36:40","modified_gmt":"2025-09-16T08:36:40","slug":"rehviriiuli-pohiosa-6500-x-2300-x-400mm","status":"publish","type":"product","link":"https:\/\/www.laomeister.com\/en\/toode\/rehviriiuli-pohiosa-6500-x-2300-x-400mm\/","title":{"rendered":"Rehviriiuli p\u00f5hiosa, 6500 x 2300 x 400mm"},"content":{"rendered":"","protected":false},"excerpt":{"rendered":"<p><strong>K\u00f5rgus: 6500 <\/strong>mm\u00a0 <strong>Laius: 2300<\/strong>\u00a0mm\u00a0 <strong>S\u00fcgavus: 400<\/strong> mm<\/p>\n<p><strong>Rehviriiuli p\u00f5hiosa sisaldab:<\/strong><\/p>\n<p><strong>K\u00fclgraam: <\/strong>\u00a06500 x 400 mm \u2013 2 tk;<br \/>\n<strong>Tugitala: 2300<\/strong> mm 16 tk ( 8 tasapinda )<\/p>\n<p>&nbsp;<\/p>\n<p>Saadaval k\u00f5rgused 2000, 2500, 3000, 4500, 6500 mm ja kui kasutada rehviriiulina siis on tavap\u00e4raseks s\u00fcgavuseks 400 v\u00f5i 500 mm aga kui kasutaada seda karkassi riiulina siis v\u00f5ib selle riiuli teha ka 600, 800 voi kuni 1200 mm s\u00fcgavaks. Talapikkused on 1500, 1850, 2300 ja 2750 mm. Huvi korral k\u00fcsi lisa!<\/p>\n<p>&nbsp;<\/p>\n","protected":false},"featured_media":15154,"template":"","meta":[],"product_brand":[],"product_cat":[65,348],"product_tag":[],"class_list":{"0":"post-39003","1":"product","2":"type-product","3":"status-publish","4":"has-post-thumbnail","6":"product_cat-laoriiulid","7":"product_cat-rehviriiulid","9":"first","10":"instock","11":"taxable","12":"shipping-taxable","13":"purchasable","14":"product-type-simple"},"yoast_head":"<!-- This site is optimized with the Yoast SEO plugin v27.3 - https:\/\/yoast.com\/product\/yoast-seo-wordpress\/ -->\n<title>Rehviriiuli p\u00f5hiosa, 6500 x 2300 x 400mm - Balti Laomeister<\/title>\n<meta name=\"description\" content=\"Vaieldamatult parim laoriiul omas klassis. Korralik Saksa kvaliteet. SSI SCH\u00c4FER on \u00fcks maailma juhtivaid laosisustuse ja automaatika pakkujaid.\" \/>\n<meta name=\"robots\" content=\"index, follow, max-snippet:-1, max-image-preview:large, max-video-preview:-1\" \/>\n<link rel=\"canonical\" href=\"https:\/\/www.laomeister.com\/en\/toode\/rehviriiuli-pohiosa-6500-x-2300-x-400mm\/\" \/>\n<meta property=\"og:locale\" content=\"en_US\" \/>\n<meta property=\"og:type\" content=\"article\" \/>\n<meta property=\"og:title\" content=\"Rehviriiuli p\u00f5hiosa, 6500 x 2300 x 400mm - Balti Laomeister\" \/>\n<meta property=\"og:description\" content=\"Vaieldamatult parim laoriiul omas klassis. Korralik Saksa kvaliteet. SSI SCH\u00c4FER on \u00fcks maailma juhtivaid laosisustuse ja automaatika pakkujaid.\" \/>\n<meta property=\"og:url\" content=\"https:\/\/www.laomeister.com\/en\/toode\/rehviriiuli-pohiosa-6500-x-2300-x-400mm\/\" \/>\n<meta property=\"og:site_name\" content=\"Balti Laomeister\" \/>\n<meta property=\"article:modified_time\" content=\"2025-09-16T08:36:40+00:00\" \/>\n<meta property=\"og:image\" content=\"https:\/\/www.laomeister.com\/wp-content\/uploads\/2020\/10\/87A8842.jpg\" \/>\n\t<meta property=\"og:image:width\" content=\"683\" \/>\n\t<meta property=\"og:image:height\" content=\"1024\" \/>\n\t<meta property=\"og:image:type\" content=\"image\/jpeg\" \/>\n<meta name=\"twitter:card\" content=\"summary_large_image\" \/>\n<meta name=\"twitter:label1\" content=\"Est. reading time\" \/>\n\t<meta name=\"twitter:data1\" content=\"1 minute\" \/>\n<script type=\"application\/ld+json\" class=\"yoast-schema-graph\">{\"@context\":\"https:\\\/\\\/schema.org\",\"@graph\":[{\"@type\":\"WebPage\",\"@id\":\"https:\\\/\\\/www.laomeister.com\\\/en\\\/toode\\\/rehviriiuli-pohiosa-6500-x-2300-x-400mm\\\/\",\"url\":\"https:\\\/\\\/www.laomeister.com\\\/en\\\/toode\\\/rehviriiuli-pohiosa-6500-x-2300-x-400mm\\\/\",\"name\":\"Rehviriiuli p\u00f5hiosa, 6500 x 2300 x 400mm - Balti Laomeister\",\"isPartOf\":{\"@id\":\"https:\\\/\\\/www.laomeister.com\\\/en\\\/#website\"},\"primaryImageOfPage\":{\"@id\":\"https:\\\/\\\/www.laomeister.com\\\/en\\\/toode\\\/rehviriiuli-pohiosa-6500-x-2300-x-400mm\\\/#primaryimage\"},\"image\":{\"@id\":\"https:\\\/\\\/www.laomeister.com\\\/en\\\/toode\\\/rehviriiuli-pohiosa-6500-x-2300-x-400mm\\\/#primaryimage\"},\"thumbnailUrl\":\"https:\\\/\\\/www.laomeister.com\\\/wp-content\\\/uploads\\\/2020\\\/10\\\/87A8842.jpg\",\"datePublished\":\"2025-09-16T08:35:10+00:00\",\"dateModified\":\"2025-09-16T08:36:40+00:00\",\"description\":\"Vaieldamatult parim laoriiul omas klassis. Korralik Saksa kvaliteet. SSI SCH\u00c4FER on \u00fcks maailma juhtivaid laosisustuse ja automaatika pakkujaid.\",\"breadcrumb\":{\"@id\":\"https:\\\/\\\/www.laomeister.com\\\/en\\\/toode\\\/rehviriiuli-pohiosa-6500-x-2300-x-400mm\\\/#breadcrumb\"},\"inLanguage\":\"en-US\",\"potentialAction\":[{\"@type\":\"ReadAction\",\"target\":[\"https:\\\/\\\/www.laomeister.com\\\/en\\\/toode\\\/rehviriiuli-pohiosa-6500-x-2300-x-400mm\\\/\"]}]},{\"@type\":\"ImageObject\",\"inLanguage\":\"en-US\",\"@id\":\"https:\\\/\\\/www.laomeister.com\\\/en\\\/toode\\\/rehviriiuli-pohiosa-6500-x-2300-x-400mm\\\/#primaryimage\",\"url\":\"https:\\\/\\\/www.laomeister.com\\\/wp-content\\\/uploads\\\/2020\\\/10\\\/87A8842.jpg\",\"contentUrl\":\"https:\\\/\\\/www.laomeister.com\\\/wp-content\\\/uploads\\\/2020\\\/10\\\/87A8842.jpg\",\"width\":683,\"height\":1024},{\"@type\":\"BreadcrumbList\",\"@id\":\"https:\\\/\\\/www.laomeister.com\\\/en\\\/toode\\\/rehviriiuli-pohiosa-6500-x-2300-x-400mm\\\/#breadcrumb\",\"itemListElement\":[{\"@type\":\"ListItem\",\"position\":1,\"name\":\"Home\",\"item\":\"https:\\\/\\\/www.laomeister.com\\\/en\\\/\"},{\"@type\":\"ListItem\",\"position\":2,\"name\":\"Products\",\"item\":\"https:\\\/\\\/www.laomeister.com\\\/en\\\/shop-2\\\/\"},{\"@type\":\"ListItem\",\"position\":3,\"name\":\"Rehviriiuli p\u00f5hiosa, 6500 x 2300 x 400mm\"}]},{\"@type\":\"WebSite\",\"@id\":\"https:\\\/\\\/www.laomeister.com\\\/en\\\/#website\",\"url\":\"https:\\\/\\\/www.laomeister.com\\\/en\\\/\",\"name\":\"Balti Laomeister\",\"description\":\"Laoriiulid - m&uuml;&uuml;k ja paigaldus\",\"potentialAction\":[{\"@type\":\"SearchAction\",\"target\":{\"@type\":\"EntryPoint\",\"urlTemplate\":\"https:\\\/\\\/www.laomeister.com\\\/en\\\/?s={search_term_string}\"},\"query-input\":{\"@type\":\"PropertyValueSpecification\",\"valueRequired\":true,\"valueName\":\"search_term_string\"}}],\"inLanguage\":\"en-US\"}]}<\/script>\n<!-- \/ Yoast SEO plugin. -->","yoast_head_json":{"title":"Rehviriiuli p\u00f5hiosa, 6500 x 2300 x 400mm - Balti Laomeister","description":"Vaieldamatult parim laoriiul omas klassis. Korralik Saksa kvaliteet. SSI SCH\u00c4FER on \u00fcks maailma juhtivaid laosisustuse ja automaatika pakkujaid.","robots":{"index":"index","follow":"follow","max-snippet":"max-snippet:-1","max-image-preview":"max-image-preview:large","max-video-preview":"max-video-preview:-1"},"canonical":"https:\/\/www.laomeister.com\/en\/toode\/rehviriiuli-pohiosa-6500-x-2300-x-400mm\/","og_locale":"en_US","og_type":"article","og_title":"Rehviriiuli p\u00f5hiosa, 6500 x 2300 x 400mm - Balti Laomeister","og_description":"Vaieldamatult parim laoriiul omas klassis. Korralik Saksa kvaliteet. SSI SCH\u00c4FER on \u00fcks maailma juhtivaid laosisustuse ja automaatika pakkujaid.","og_url":"https:\/\/www.laomeister.com\/en\/toode\/rehviriiuli-pohiosa-6500-x-2300-x-400mm\/","og_site_name":"Balti Laomeister","article_modified_time":"2025-09-16T08:36:40+00:00","og_image":[{"width":683,"height":1024,"url":"https:\/\/www.laomeister.com\/wp-content\/uploads\/2020\/10\/87A8842.jpg","type":"image\/jpeg"}],"twitter_card":"summary_large_image","twitter_misc":{"Est. reading time":"1 minute"},"schema":{"@context":"https:\/\/schema.org","@graph":[{"@type":"WebPage","@id":"https:\/\/www.laomeister.com\/en\/toode\/rehviriiuli-pohiosa-6500-x-2300-x-400mm\/","url":"https:\/\/www.laomeister.com\/en\/toode\/rehviriiuli-pohiosa-6500-x-2300-x-400mm\/","name":"Rehviriiuli p\u00f5hiosa, 6500 x 2300 x 400mm - Balti Laomeister","isPartOf":{"@id":"https:\/\/www.laomeister.com\/en\/#website"},"primaryImageOfPage":{"@id":"https:\/\/www.laomeister.com\/en\/toode\/rehviriiuli-pohiosa-6500-x-2300-x-400mm\/#primaryimage"},"image":{"@id":"https:\/\/www.laomeister.com\/en\/toode\/rehviriiuli-pohiosa-6500-x-2300-x-400mm\/#primaryimage"},"thumbnailUrl":"https:\/\/www.laomeister.com\/wp-content\/uploads\/2020\/10\/87A8842.jpg","datePublished":"2025-09-16T08:35:10+00:00","dateModified":"2025-09-16T08:36:40+00:00","description":"Vaieldamatult parim laoriiul omas klassis. Korralik Saksa kvaliteet. SSI SCH\u00c4FER on \u00fcks maailma juhtivaid laosisustuse ja automaatika pakkujaid.","breadcrumb":{"@id":"https:\/\/www.laomeister.com\/en\/toode\/rehviriiuli-pohiosa-6500-x-2300-x-400mm\/#breadcrumb"},"inLanguage":"en-US","potentialAction":[{"@type":"ReadAction","target":["https:\/\/www.laomeister.com\/en\/toode\/rehviriiuli-pohiosa-6500-x-2300-x-400mm\/"]}]},{"@type":"ImageObject","inLanguage":"en-US","@id":"https:\/\/www.laomeister.com\/en\/toode\/rehviriiuli-pohiosa-6500-x-2300-x-400mm\/#primaryimage","url":"https:\/\/www.laomeister.com\/wp-content\/uploads\/2020\/10\/87A8842.jpg","contentUrl":"https:\/\/www.laomeister.com\/wp-content\/uploads\/2020\/10\/87A8842.jpg","width":683,"height":1024},{"@type":"BreadcrumbList","@id":"https:\/\/www.laomeister.com\/en\/toode\/rehviriiuli-pohiosa-6500-x-2300-x-400mm\/#breadcrumb","itemListElement":[{"@type":"ListItem","position":1,"name":"Home","item":"https:\/\/www.laomeister.com\/en\/"},{"@type":"ListItem","position":2,"name":"Products","item":"https:\/\/www.laomeister.com\/en\/shop-2\/"},{"@type":"ListItem","position":3,"name":"Rehviriiuli p\u00f5hiosa, 6500 x 2300 x 400mm"}]},{"@type":"WebSite","@id":"https:\/\/www.laomeister.com\/en\/#website","url":"https:\/\/www.laomeister.com\/en\/","name":"Balti Laomeister","description":"Laoriiulid - m&uuml;&uuml;k ja paigaldus","potentialAction":[{"@type":"SearchAction","target":{"@type":"EntryPoint","urlTemplate":"https:\/\/www.laomeister.com\/en\/?s={search_term_string}"},"query-input":{"@type":"PropertyValueSpecification","valueRequired":true,"valueName":"search_term_string"}}],"inLanguage":"en-US"}]}},"_links":{"self":[{"href":"https:\/\/www.laomeister.com\/en\/wp-json\/wp\/v2\/product\/39003","targetHints":{"allow":["GET"]}}],"collection":[{"href":"https:\/\/www.laomeister.com\/en\/wp-json\/wp\/v2\/product"}],"about":[{"href":"https:\/\/www.laomeister.com\/en\/wp-json\/wp\/v2\/types\/product"}],"wp:featuredmedia":[{"embeddable":true,"href":"https:\/\/www.laomeister.com\/en\/wp-json\/wp\/v2\/media\/15154"}],"wp:attachment":[{"href":"https:\/\/www.laomeister.com\/en\/wp-json\/wp\/v2\/media?parent=39003"}],"wp:term":[{"taxonomy":"product_brand","embeddable":true,"href":"https:\/\/www.laomeister.com\/en\/wp-json\/wp\/v2\/product_brand?post=39003"},{"taxonomy":"product_cat","embeddable":true,"href":"https:\/\/www.laomeister.com\/en\/wp-json\/wp\/v2\/product_cat?post=39003"},{"taxonomy":"product_tag","embeddable":true,"href":"https:\/\/www.laomeister.com\/en\/wp-json\/wp\/v2\/product_tag?post=39003"}],"curies":[{"name":"wp","href":"https:\/\/api.w.org\/{rel}","templated":true}]}}