{"id":14931,"date":"2020-10-17T14:18:21","date_gmt":"2020-10-17T11:18:21","guid":{"rendered":"https:\/\/www.laomeister.com\/?post_type=product&#038;p=14931"},"modified":"2020-10-17T14:19:05","modified_gmt":"2020-10-17T11:19:05","slug":"toolaud-1600x700-mm-riiuli-ja-sahtliboksiga-kopeeri","status":"publish","type":"product","link":"https:\/\/www.laomeister.com\/en\/toode\/toolaud-1600x700-mm-riiuli-ja-sahtliboksiga-kopeeri\/","title":{"rendered":"T\u00f6\u00f6laud 1600&#215;700 mm riiuli- ja sahtliboksiga (kopeeri)"},"content":{"rendered":"","protected":false},"excerpt":{"rendered":"<p>T\u00f6\u00f6laud 1600&#215;700 mm<\/p>\n<p><strong>Lisainfo:<\/strong><\/p>\n<p>&#8211; pikkus 1600 mm<\/p>\n<p>&#8211; laius 700 mm<\/p>\n<p>&#8211; k\u00f5rgus 866 mm<\/p>\n<p>&#8211; kandvus 1000 kg kui raskus jaotub<\/p>\n<p>&#8211; toote kaal 80 kg<\/p>\n<p>Professonaalne laud t\u00f6\u00f6kotta ! Leia ka lisaosad sellelle lauale. (tagaosa)<\/p>\n<p>K\u00fcsi julgelt lisa!<\/p>\n","protected":false},"featured_media":14877,"template":"","meta":[],"product_brand":[],"product_cat":[234,406,230,233],"product_tag":[],"class_list":{"0":"post-14931","1":"product","2":"type-product","3":"status-publish","4":"has-post-thumbnail","6":"product_cat-laoriiulid-en","7":"product_cat-rehviriiulid-en","8":"product_cat-warehouse-furniture","9":"product_cat-toolauad-en","11":"first","12":"instock","13":"taxable","14":"shipping-taxable","15":"purchasable","16":"product-type-simple"},"yoast_head":"<!-- This site is optimized with the Yoast SEO plugin v27.3 - https:\/\/yoast.com\/product\/yoast-seo-wordpress\/ -->\n<title>T\u00f6\u00f6laud 1600x700 mm riiuli- ja sahtliboksiga (kopeeri) - Balti Laomeister<\/title>\n<meta name=\"description\" content=\"T\u00f6\u00f6laud 2000x800mm sahtlite,metallkatte ja reguleeritava k\u00f5rgusega.\" \/>\n<meta name=\"robots\" content=\"index, follow, max-snippet:-1, max-image-preview:large, max-video-preview:-1\" \/>\n<link rel=\"canonical\" href=\"https:\/\/www.laomeister.com\/en\/toode\/toolaud-1600x700-mm-riiuli-ja-sahtliboksiga-kopeeri\/\" \/>\n<meta property=\"og:locale\" content=\"en_US\" \/>\n<meta property=\"og:type\" content=\"article\" \/>\n<meta property=\"og:title\" content=\"T\u00f6\u00f6laud 1600x700 mm riiuli- ja sahtliboksiga (kopeeri) - Balti Laomeister\" \/>\n<meta property=\"og:description\" content=\"T\u00f6\u00f6laud 2000x800mm sahtlite,metallkatte ja reguleeritava k\u00f5rgusega.\" \/>\n<meta property=\"og:url\" content=\"https:\/\/www.laomeister.com\/en\/toode\/toolaud-1600x700-mm-riiuli-ja-sahtliboksiga-kopeeri\/\" \/>\n<meta property=\"og:site_name\" content=\"Balti Laomeister\" \/>\n<meta property=\"article:modified_time\" content=\"2020-10-17T11:19:05+00:00\" \/>\n<meta property=\"og:image\" content=\"https:\/\/www.laomeister.com\/wp-content\/uploads\/2020\/10\/WT160_WD1_WD5_000.jpg\" \/>\n\t<meta property=\"og:image:width\" content=\"1024\" \/>\n\t<meta property=\"og:image:height\" content=\"768\" \/>\n\t<meta property=\"og:image:type\" content=\"image\/jpeg\" \/>\n<meta name=\"twitter:card\" content=\"summary_large_image\" \/>\n<script type=\"application\/ld+json\" class=\"yoast-schema-graph\">{\"@context\":\"https:\\\/\\\/schema.org\",\"@graph\":[{\"@type\":\"WebPage\",\"@id\":\"https:\\\/\\\/www.laomeister.com\\\/en\\\/toode\\\/toolaud-1600x700-mm-riiuli-ja-sahtliboksiga-kopeeri\\\/\",\"url\":\"https:\\\/\\\/www.laomeister.com\\\/en\\\/toode\\\/toolaud-1600x700-mm-riiuli-ja-sahtliboksiga-kopeeri\\\/\",\"name\":\"T\u00f6\u00f6laud 1600x700 mm riiuli- ja sahtliboksiga (kopeeri) - Balti Laomeister\",\"isPartOf\":{\"@id\":\"https:\\\/\\\/www.laomeister.com\\\/en\\\/#website\"},\"primaryImageOfPage\":{\"@id\":\"https:\\\/\\\/www.laomeister.com\\\/en\\\/toode\\\/toolaud-1600x700-mm-riiuli-ja-sahtliboksiga-kopeeri\\\/#primaryimage\"},\"image\":{\"@id\":\"https:\\\/\\\/www.laomeister.com\\\/en\\\/toode\\\/toolaud-1600x700-mm-riiuli-ja-sahtliboksiga-kopeeri\\\/#primaryimage\"},\"thumbnailUrl\":\"https:\\\/\\\/www.laomeister.com\\\/wp-content\\\/uploads\\\/2020\\\/10\\\/WT160_WD1_WD5_000.jpg\",\"datePublished\":\"2020-10-17T11:18:21+00:00\",\"dateModified\":\"2020-10-17T11:19:05+00:00\",\"description\":\"T\u00f6\u00f6laud 2000x800mm sahtlite,metallkatte ja reguleeritava k\u00f5rgusega.\",\"breadcrumb\":{\"@id\":\"https:\\\/\\\/www.laomeister.com\\\/en\\\/toode\\\/toolaud-1600x700-mm-riiuli-ja-sahtliboksiga-kopeeri\\\/#breadcrumb\"},\"inLanguage\":\"en-US\",\"potentialAction\":[{\"@type\":\"ReadAction\",\"target\":[\"https:\\\/\\\/www.laomeister.com\\\/en\\\/toode\\\/toolaud-1600x700-mm-riiuli-ja-sahtliboksiga-kopeeri\\\/\"]}]},{\"@type\":\"ImageObject\",\"inLanguage\":\"en-US\",\"@id\":\"https:\\\/\\\/www.laomeister.com\\\/en\\\/toode\\\/toolaud-1600x700-mm-riiuli-ja-sahtliboksiga-kopeeri\\\/#primaryimage\",\"url\":\"https:\\\/\\\/www.laomeister.com\\\/wp-content\\\/uploads\\\/2020\\\/10\\\/WT160_WD1_WD5_000.jpg\",\"contentUrl\":\"https:\\\/\\\/www.laomeister.com\\\/wp-content\\\/uploads\\\/2020\\\/10\\\/WT160_WD1_WD5_000.jpg\",\"width\":1024,\"height\":768},{\"@type\":\"BreadcrumbList\",\"@id\":\"https:\\\/\\\/www.laomeister.com\\\/en\\\/toode\\\/toolaud-1600x700-mm-riiuli-ja-sahtliboksiga-kopeeri\\\/#breadcrumb\",\"itemListElement\":[{\"@type\":\"ListItem\",\"position\":1,\"name\":\"Home\",\"item\":\"https:\\\/\\\/www.laomeister.com\\\/en\\\/\"},{\"@type\":\"ListItem\",\"position\":2,\"name\":\"Products\",\"item\":\"https:\\\/\\\/www.laomeister.com\\\/en\\\/shop-2\\\/\"},{\"@type\":\"ListItem\",\"position\":3,\"name\":\"T\u00f6\u00f6laud 1600&#215;700 mm riiuli- ja sahtliboksiga (kopeeri)\"}]},{\"@type\":\"WebSite\",\"@id\":\"https:\\\/\\\/www.laomeister.com\\\/en\\\/#website\",\"url\":\"https:\\\/\\\/www.laomeister.com\\\/en\\\/\",\"name\":\"Balti Laomeister\",\"description\":\"Laoriiulid - m&uuml;&uuml;k ja paigaldus\",\"potentialAction\":[{\"@type\":\"SearchAction\",\"target\":{\"@type\":\"EntryPoint\",\"urlTemplate\":\"https:\\\/\\\/www.laomeister.com\\\/en\\\/?s={search_term_string}\"},\"query-input\":{\"@type\":\"PropertyValueSpecification\",\"valueRequired\":true,\"valueName\":\"search_term_string\"}}],\"inLanguage\":\"en-US\"}]}<\/script>\n<!-- \/ Yoast SEO plugin. -->","yoast_head_json":{"title":"T\u00f6\u00f6laud 1600x700 mm riiuli- ja sahtliboksiga (kopeeri) - Balti Laomeister","description":"T\u00f6\u00f6laud 2000x800mm sahtlite,metallkatte ja reguleeritava k\u00f5rgusega.","robots":{"index":"index","follow":"follow","max-snippet":"max-snippet:-1","max-image-preview":"max-image-preview:large","max-video-preview":"max-video-preview:-1"},"canonical":"https:\/\/www.laomeister.com\/en\/toode\/toolaud-1600x700-mm-riiuli-ja-sahtliboksiga-kopeeri\/","og_locale":"en_US","og_type":"article","og_title":"T\u00f6\u00f6laud 1600x700 mm riiuli- ja sahtliboksiga (kopeeri) - Balti Laomeister","og_description":"T\u00f6\u00f6laud 2000x800mm sahtlite,metallkatte ja reguleeritava k\u00f5rgusega.","og_url":"https:\/\/www.laomeister.com\/en\/toode\/toolaud-1600x700-mm-riiuli-ja-sahtliboksiga-kopeeri\/","og_site_name":"Balti Laomeister","article_modified_time":"2020-10-17T11:19:05+00:00","og_image":[{"width":1024,"height":768,"url":"https:\/\/www.laomeister.com\/wp-content\/uploads\/2020\/10\/WT160_WD1_WD5_000.jpg","type":"image\/jpeg"}],"twitter_card":"summary_large_image","schema":{"@context":"https:\/\/schema.org","@graph":[{"@type":"WebPage","@id":"https:\/\/www.laomeister.com\/en\/toode\/toolaud-1600x700-mm-riiuli-ja-sahtliboksiga-kopeeri\/","url":"https:\/\/www.laomeister.com\/en\/toode\/toolaud-1600x700-mm-riiuli-ja-sahtliboksiga-kopeeri\/","name":"T\u00f6\u00f6laud 1600x700 mm riiuli- ja sahtliboksiga (kopeeri) - Balti Laomeister","isPartOf":{"@id":"https:\/\/www.laomeister.com\/en\/#website"},"primaryImageOfPage":{"@id":"https:\/\/www.laomeister.com\/en\/toode\/toolaud-1600x700-mm-riiuli-ja-sahtliboksiga-kopeeri\/#primaryimage"},"image":{"@id":"https:\/\/www.laomeister.com\/en\/toode\/toolaud-1600x700-mm-riiuli-ja-sahtliboksiga-kopeeri\/#primaryimage"},"thumbnailUrl":"https:\/\/www.laomeister.com\/wp-content\/uploads\/2020\/10\/WT160_WD1_WD5_000.jpg","datePublished":"2020-10-17T11:18:21+00:00","dateModified":"2020-10-17T11:19:05+00:00","description":"T\u00f6\u00f6laud 2000x800mm sahtlite,metallkatte ja reguleeritava k\u00f5rgusega.","breadcrumb":{"@id":"https:\/\/www.laomeister.com\/en\/toode\/toolaud-1600x700-mm-riiuli-ja-sahtliboksiga-kopeeri\/#breadcrumb"},"inLanguage":"en-US","potentialAction":[{"@type":"ReadAction","target":["https:\/\/www.laomeister.com\/en\/toode\/toolaud-1600x700-mm-riiuli-ja-sahtliboksiga-kopeeri\/"]}]},{"@type":"ImageObject","inLanguage":"en-US","@id":"https:\/\/www.laomeister.com\/en\/toode\/toolaud-1600x700-mm-riiuli-ja-sahtliboksiga-kopeeri\/#primaryimage","url":"https:\/\/www.laomeister.com\/wp-content\/uploads\/2020\/10\/WT160_WD1_WD5_000.jpg","contentUrl":"https:\/\/www.laomeister.com\/wp-content\/uploads\/2020\/10\/WT160_WD1_WD5_000.jpg","width":1024,"height":768},{"@type":"BreadcrumbList","@id":"https:\/\/www.laomeister.com\/en\/toode\/toolaud-1600x700-mm-riiuli-ja-sahtliboksiga-kopeeri\/#breadcrumb","itemListElement":[{"@type":"ListItem","position":1,"name":"Home","item":"https:\/\/www.laomeister.com\/en\/"},{"@type":"ListItem","position":2,"name":"Products","item":"https:\/\/www.laomeister.com\/en\/shop-2\/"},{"@type":"ListItem","position":3,"name":"T\u00f6\u00f6laud 1600&#215;700 mm riiuli- ja sahtliboksiga (kopeeri)"}]},{"@type":"WebSite","@id":"https:\/\/www.laomeister.com\/en\/#website","url":"https:\/\/www.laomeister.com\/en\/","name":"Balti Laomeister","description":"Laoriiulid - m&uuml;&uuml;k ja paigaldus","potentialAction":[{"@type":"SearchAction","target":{"@type":"EntryPoint","urlTemplate":"https:\/\/www.laomeister.com\/en\/?s={search_term_string}"},"query-input":{"@type":"PropertyValueSpecification","valueRequired":true,"valueName":"search_term_string"}}],"inLanguage":"en-US"}]}},"_links":{"self":[{"href":"https:\/\/www.laomeister.com\/en\/wp-json\/wp\/v2\/product\/14931","targetHints":{"allow":["GET"]}}],"collection":[{"href":"https:\/\/www.laomeister.com\/en\/wp-json\/wp\/v2\/product"}],"about":[{"href":"https:\/\/www.laomeister.com\/en\/wp-json\/wp\/v2\/types\/product"}],"wp:featuredmedia":[{"embeddable":true,"href":"https:\/\/www.laomeister.com\/en\/wp-json\/wp\/v2\/media\/14877"}],"wp:attachment":[{"href":"https:\/\/www.laomeister.com\/en\/wp-json\/wp\/v2\/media?parent=14931"}],"wp:term":[{"taxonomy":"product_brand","embeddable":true,"href":"https:\/\/www.laomeister.com\/en\/wp-json\/wp\/v2\/product_brand?post=14931"},{"taxonomy":"product_cat","embeddable":true,"href":"https:\/\/www.laomeister.com\/en\/wp-json\/wp\/v2\/product_cat?post=14931"},{"taxonomy":"product_tag","embeddable":true,"href":"https:\/\/www.laomeister.com\/en\/wp-json\/wp\/v2\/product_tag?post=14931"}],"curies":[{"name":"wp","href":"https:\/\/api.w.org\/{rel}","templated":true}]}}