{"id":13715,"date":"2018-12-07T11:48:47","date_gmt":"2018-12-07T08:48:47","guid":{"rendered":"https:\/\/www.laomeister.com\/product\/kahvelkaru-1130x520-mm-2000-kg-kopeeri\/"},"modified":"2018-12-07T11:48:47","modified_gmt":"2018-12-07T08:48:47","slug":"kahvelkaru-1130x520-mm-2000-kg-kopeeri","status":"publish","type":"product","link":"https:\/\/www.laomeister.com\/en\/toode\/kahvelkaru-1130x520-mm-2000-kg-kopeeri\/","title":{"rendered":"Kahvelk\u00e4ru, 1130&#215;520 mm, 2000 kg (kopeeri)"},"content":{"rendered":"","protected":false},"excerpt":{"rendered":"<p><strong>Lisainfo:<\/strong><br \/>\n&#8211; osaliselt roostevaba;<br \/>\n&#8211; kandev\u00f5ime: 2000 kg;<br \/>\n&#8211; maksimaalne t\u00f5stmisk\u00f5rgus: 200 mm;<br \/>\n&#8211; minimaalne t\u00f5stmisk\u00f5rgus: 85 mm;<br \/>\n&#8211; kahvli m\u00f5\u00f5tmed: 1130&#215;520 mm;<br \/>\n&#8211; \u00fche kahvlihaara laius: 160 mm;<br \/>\n&#8211; kaal: 76 kg;<br \/>\n&#8211; juhtrattad ja kahvlirattad: nailon.<\/p>\n","protected":false},"featured_media":4975,"template":"","meta":[],"product_brand":[],"product_cat":[219],"product_tag":[],"class_list":{"0":"post-13715","1":"product","2":"type-product","3":"status-publish","4":"has-post-thumbnail","6":"product_cat-forklifts","8":"first","9":"instock","10":"taxable","11":"shipping-taxable","12":"purchasable","13":"product-type-simple"},"yoast_head":"<!-- This site is optimized with the Yoast SEO plugin v27.3 - https:\/\/yoast.com\/product\/yoast-seo-wordpress\/ -->\n<title>Kahvelk\u00e4ru, 1130x520 mm, 2000 kg (kopeeri) - Balti Laomeister<\/title>\n<meta name=\"description\" content=\"Kahvelk\u00e4ru on esimene abimees kaubaaluste liigutamisel. Kahvelk\u00e4ruga liigutad kaupa ja materjali kitsastes kohtades, l\u00fchikesi vahemaid.\" \/>\n<meta name=\"robots\" content=\"index, follow, max-snippet:-1, max-image-preview:large, max-video-preview:-1\" \/>\n<link rel=\"canonical\" href=\"https:\/\/www.laomeister.com\/en\/toode\/kahvelkaru-1130x520-mm-2000-kg-kopeeri\/\" \/>\n<meta property=\"og:locale\" content=\"en_US\" \/>\n<meta property=\"og:type\" content=\"article\" \/>\n<meta property=\"og:title\" content=\"Kahvelk\u00e4ru, 1130x520 mm, 2000 kg (kopeeri) - Balti Laomeister\" \/>\n<meta property=\"og:description\" content=\"Kahvelk\u00e4ru on esimene abimees kaubaaluste liigutamisel. Kahvelk\u00e4ruga liigutad kaupa ja materjali kitsastes kohtades, l\u00fchikesi vahemaid.\" \/>\n<meta property=\"og:url\" content=\"https:\/\/www.laomeister.com\/en\/toode\/kahvelkaru-1130x520-mm-2000-kg-kopeeri\/\" \/>\n<meta property=\"og:site_name\" content=\"Balti Laomeister\" \/>\n<meta property=\"og:image\" content=\"https:\/\/www.laomeister.com\/wp-content\/uploads\/2018\/12\/Balti-Laomeister-OU\u0308-Kahvelka\u0308ru-1130x520-mm-2000-kg-osaliselt.jpg\" \/>\n\t<meta property=\"og:image:width\" content=\"449\" \/>\n\t<meta property=\"og:image:height\" content=\"449\" \/>\n\t<meta property=\"og:image:type\" content=\"image\/jpeg\" \/>\n<meta name=\"twitter:card\" content=\"summary_large_image\" \/>\n<script type=\"application\/ld+json\" class=\"yoast-schema-graph\">{\"@context\":\"https:\\\/\\\/schema.org\",\"@graph\":[{\"@type\":\"WebPage\",\"@id\":\"https:\\\/\\\/www.laomeister.com\\\/en\\\/toode\\\/kahvelkaru-1130x520-mm-2000-kg-kopeeri\\\/\",\"url\":\"https:\\\/\\\/www.laomeister.com\\\/en\\\/toode\\\/kahvelkaru-1130x520-mm-2000-kg-kopeeri\\\/\",\"name\":\"Kahvelk\u00e4ru, 1130x520 mm, 2000 kg (kopeeri) - Balti Laomeister\",\"isPartOf\":{\"@id\":\"https:\\\/\\\/www.laomeister.com\\\/en\\\/#website\"},\"primaryImageOfPage\":{\"@id\":\"https:\\\/\\\/www.laomeister.com\\\/en\\\/toode\\\/kahvelkaru-1130x520-mm-2000-kg-kopeeri\\\/#primaryimage\"},\"image\":{\"@id\":\"https:\\\/\\\/www.laomeister.com\\\/en\\\/toode\\\/kahvelkaru-1130x520-mm-2000-kg-kopeeri\\\/#primaryimage\"},\"thumbnailUrl\":\"https:\\\/\\\/www.laomeister.com\\\/wp-content\\\/uploads\\\/2018\\\/12\\\/Balti-Laomeister-OU\u0308-Kahvelka\u0308ru-1130x520-mm-2000-kg-osaliselt.jpg\",\"datePublished\":\"2018-12-07T08:48:47+00:00\",\"description\":\"Kahvelk\u00e4ru on esimene abimees kaubaaluste liigutamisel. Kahvelk\u00e4ruga liigutad kaupa ja materjali kitsastes kohtades, l\u00fchikesi vahemaid.\",\"breadcrumb\":{\"@id\":\"https:\\\/\\\/www.laomeister.com\\\/en\\\/toode\\\/kahvelkaru-1130x520-mm-2000-kg-kopeeri\\\/#breadcrumb\"},\"inLanguage\":\"en-US\",\"potentialAction\":[{\"@type\":\"ReadAction\",\"target\":[\"https:\\\/\\\/www.laomeister.com\\\/en\\\/toode\\\/kahvelkaru-1130x520-mm-2000-kg-kopeeri\\\/\"]}]},{\"@type\":\"ImageObject\",\"inLanguage\":\"en-US\",\"@id\":\"https:\\\/\\\/www.laomeister.com\\\/en\\\/toode\\\/kahvelkaru-1130x520-mm-2000-kg-kopeeri\\\/#primaryimage\",\"url\":\"https:\\\/\\\/www.laomeister.com\\\/wp-content\\\/uploads\\\/2018\\\/12\\\/Balti-Laomeister-OU\u0308-Kahvelka\u0308ru-1130x520-mm-2000-kg-osaliselt.jpg\",\"contentUrl\":\"https:\\\/\\\/www.laomeister.com\\\/wp-content\\\/uploads\\\/2018\\\/12\\\/Balti-Laomeister-OU\u0308-Kahvelka\u0308ru-1130x520-mm-2000-kg-osaliselt.jpg\",\"width\":449,\"height\":449,\"caption\":\"Kahvelka\u0308ru\"},{\"@type\":\"BreadcrumbList\",\"@id\":\"https:\\\/\\\/www.laomeister.com\\\/en\\\/toode\\\/kahvelkaru-1130x520-mm-2000-kg-kopeeri\\\/#breadcrumb\",\"itemListElement\":[{\"@type\":\"ListItem\",\"position\":1,\"name\":\"Home\",\"item\":\"https:\\\/\\\/www.laomeister.com\\\/en\\\/\"},{\"@type\":\"ListItem\",\"position\":2,\"name\":\"Products\",\"item\":\"https:\\\/\\\/www.laomeister.com\\\/en\\\/shop-2\\\/\"},{\"@type\":\"ListItem\",\"position\":3,\"name\":\"Kahvelk\u00e4ru, 1130&#215;520 mm, 2000 kg (kopeeri)\"}]},{\"@type\":\"WebSite\",\"@id\":\"https:\\\/\\\/www.laomeister.com\\\/en\\\/#website\",\"url\":\"https:\\\/\\\/www.laomeister.com\\\/en\\\/\",\"name\":\"Balti Laomeister\",\"description\":\"Laoriiulid - m&uuml;&uuml;k ja paigaldus\",\"potentialAction\":[{\"@type\":\"SearchAction\",\"target\":{\"@type\":\"EntryPoint\",\"urlTemplate\":\"https:\\\/\\\/www.laomeister.com\\\/en\\\/?s={search_term_string}\"},\"query-input\":{\"@type\":\"PropertyValueSpecification\",\"valueRequired\":true,\"valueName\":\"search_term_string\"}}],\"inLanguage\":\"en-US\"}]}<\/script>\n<!-- \/ Yoast SEO plugin. -->","yoast_head_json":{"title":"Kahvelk\u00e4ru, 1130x520 mm, 2000 kg (kopeeri) - Balti Laomeister","description":"Kahvelk\u00e4ru on esimene abimees kaubaaluste liigutamisel. Kahvelk\u00e4ruga liigutad kaupa ja materjali kitsastes kohtades, l\u00fchikesi vahemaid.","robots":{"index":"index","follow":"follow","max-snippet":"max-snippet:-1","max-image-preview":"max-image-preview:large","max-video-preview":"max-video-preview:-1"},"canonical":"https:\/\/www.laomeister.com\/en\/toode\/kahvelkaru-1130x520-mm-2000-kg-kopeeri\/","og_locale":"en_US","og_type":"article","og_title":"Kahvelk\u00e4ru, 1130x520 mm, 2000 kg (kopeeri) - Balti Laomeister","og_description":"Kahvelk\u00e4ru on esimene abimees kaubaaluste liigutamisel. Kahvelk\u00e4ruga liigutad kaupa ja materjali kitsastes kohtades, l\u00fchikesi vahemaid.","og_url":"https:\/\/www.laomeister.com\/en\/toode\/kahvelkaru-1130x520-mm-2000-kg-kopeeri\/","og_site_name":"Balti Laomeister","og_image":[{"width":449,"height":449,"url":"https:\/\/www.laomeister.com\/wp-content\/uploads\/2018\/12\/Balti-Laomeister-OU\u0308-Kahvelka\u0308ru-1130x520-mm-2000-kg-osaliselt.jpg","type":"image\/jpeg"}],"twitter_card":"summary_large_image","schema":{"@context":"https:\/\/schema.org","@graph":[{"@type":"WebPage","@id":"https:\/\/www.laomeister.com\/en\/toode\/kahvelkaru-1130x520-mm-2000-kg-kopeeri\/","url":"https:\/\/www.laomeister.com\/en\/toode\/kahvelkaru-1130x520-mm-2000-kg-kopeeri\/","name":"Kahvelk\u00e4ru, 1130x520 mm, 2000 kg (kopeeri) - Balti Laomeister","isPartOf":{"@id":"https:\/\/www.laomeister.com\/en\/#website"},"primaryImageOfPage":{"@id":"https:\/\/www.laomeister.com\/en\/toode\/kahvelkaru-1130x520-mm-2000-kg-kopeeri\/#primaryimage"},"image":{"@id":"https:\/\/www.laomeister.com\/en\/toode\/kahvelkaru-1130x520-mm-2000-kg-kopeeri\/#primaryimage"},"thumbnailUrl":"https:\/\/www.laomeister.com\/wp-content\/uploads\/2018\/12\/Balti-Laomeister-OU\u0308-Kahvelka\u0308ru-1130x520-mm-2000-kg-osaliselt.jpg","datePublished":"2018-12-07T08:48:47+00:00","description":"Kahvelk\u00e4ru on esimene abimees kaubaaluste liigutamisel. Kahvelk\u00e4ruga liigutad kaupa ja materjali kitsastes kohtades, l\u00fchikesi vahemaid.","breadcrumb":{"@id":"https:\/\/www.laomeister.com\/en\/toode\/kahvelkaru-1130x520-mm-2000-kg-kopeeri\/#breadcrumb"},"inLanguage":"en-US","potentialAction":[{"@type":"ReadAction","target":["https:\/\/www.laomeister.com\/en\/toode\/kahvelkaru-1130x520-mm-2000-kg-kopeeri\/"]}]},{"@type":"ImageObject","inLanguage":"en-US","@id":"https:\/\/www.laomeister.com\/en\/toode\/kahvelkaru-1130x520-mm-2000-kg-kopeeri\/#primaryimage","url":"https:\/\/www.laomeister.com\/wp-content\/uploads\/2018\/12\/Balti-Laomeister-OU\u0308-Kahvelka\u0308ru-1130x520-mm-2000-kg-osaliselt.jpg","contentUrl":"https:\/\/www.laomeister.com\/wp-content\/uploads\/2018\/12\/Balti-Laomeister-OU\u0308-Kahvelka\u0308ru-1130x520-mm-2000-kg-osaliselt.jpg","width":449,"height":449,"caption":"Kahvelka\u0308ru"},{"@type":"BreadcrumbList","@id":"https:\/\/www.laomeister.com\/en\/toode\/kahvelkaru-1130x520-mm-2000-kg-kopeeri\/#breadcrumb","itemListElement":[{"@type":"ListItem","position":1,"name":"Home","item":"https:\/\/www.laomeister.com\/en\/"},{"@type":"ListItem","position":2,"name":"Products","item":"https:\/\/www.laomeister.com\/en\/shop-2\/"},{"@type":"ListItem","position":3,"name":"Kahvelk\u00e4ru, 1130&#215;520 mm, 2000 kg (kopeeri)"}]},{"@type":"WebSite","@id":"https:\/\/www.laomeister.com\/en\/#website","url":"https:\/\/www.laomeister.com\/en\/","name":"Balti Laomeister","description":"Laoriiulid - m&uuml;&uuml;k ja paigaldus","potentialAction":[{"@type":"SearchAction","target":{"@type":"EntryPoint","urlTemplate":"https:\/\/www.laomeister.com\/en\/?s={search_term_string}"},"query-input":{"@type":"PropertyValueSpecification","valueRequired":true,"valueName":"search_term_string"}}],"inLanguage":"en-US"}]}},"_links":{"self":[{"href":"https:\/\/www.laomeister.com\/en\/wp-json\/wp\/v2\/product\/13715","targetHints":{"allow":["GET"]}}],"collection":[{"href":"https:\/\/www.laomeister.com\/en\/wp-json\/wp\/v2\/product"}],"about":[{"href":"https:\/\/www.laomeister.com\/en\/wp-json\/wp\/v2\/types\/product"}],"wp:featuredmedia":[{"embeddable":true,"href":"https:\/\/www.laomeister.com\/en\/wp-json\/wp\/v2\/media\/4975"}],"wp:attachment":[{"href":"https:\/\/www.laomeister.com\/en\/wp-json\/wp\/v2\/media?parent=13715"}],"wp:term":[{"taxonomy":"product_brand","embeddable":true,"href":"https:\/\/www.laomeister.com\/en\/wp-json\/wp\/v2\/product_brand?post=13715"},{"taxonomy":"product_cat","embeddable":true,"href":"https:\/\/www.laomeister.com\/en\/wp-json\/wp\/v2\/product_cat?post=13715"},{"taxonomy":"product_tag","embeddable":true,"href":"https:\/\/www.laomeister.com\/en\/wp-json\/wp\/v2\/product_tag?post=13715"}],"curies":[{"name":"wp","href":"https:\/\/api.w.org\/{rel}","templated":true}]}}