{"id":13430,"date":"2020-01-23T17:01:25","date_gmt":"2020-01-23T15:01:25","guid":{"rendered":"https:\/\/www.laomeister.com\/product\/kaluseriiuli-brannehylte-city-raamid-erinevad-korgused\/"},"modified":"2020-01-23T17:01:25","modified_gmt":"2020-01-23T15:01:25","slug":"kaluseriiuli-brannehylte-city-raamid-erinevad-korgused","status":"publish","type":"product","link":"https:\/\/www.laomeister.com\/en\/toode\/kaluseriiuli-brannehylte-city-raamid-erinevad-korgused\/","title":{"rendered":"Aluseriiuli  brannehylte city raamid, erinevad k\u00f5rgused"},"content":{"rendered":"","protected":false},"excerpt":{"rendered":"<p><b>M\u00f5\u00f5dud:\u00a0<\/b>erinevad k\u00f5rgused<\/p>\n<p>15 Eur\/meeter<\/p>\n<p>Kasutatud laoriiulid.<\/p>\n<p>Parim viis lisada juurde riiulisektsioone v\u00f5i remontida viga saanud tugiraam.<br \/>\nAlati ei pea uut laoriiulit v\u00f5i selle osasid ostma.<\/p>\n","protected":false},"featured_media":9842,"template":"","meta":[],"product_brand":[],"product_cat":[211],"product_tag":[],"class_list":{"0":"post-13430","1":"product","2":"type-product","3":"status-publish","4":"has-post-thumbnail","6":"product_cat-used-storage-shelves","8":"first","9":"instock","10":"taxable","11":"shipping-taxable","12":"purchasable","13":"product-type-simple"},"yoast_head":"<!-- This site is optimized with the Yoast SEO plugin v27.3 - https:\/\/yoast.com\/product\/yoast-seo-wordpress\/ -->\n<title>Aluseriiuli brannehylte city raamid, erinevad k\u00f5rgused - Balti Laomeister<\/title>\n<meta name=\"description\" content=\"Kasutatud laoriiulid.Parim viis lisada juurde riiulisektsioone v\u00f5i remontida viga saanud tugiraam. Alati ei pea uut laoriiulit v\u00f5i selle osasid ostma.\" \/>\n<meta name=\"robots\" content=\"index, follow, max-snippet:-1, max-image-preview:large, max-video-preview:-1\" \/>\n<link rel=\"canonical\" href=\"https:\/\/www.laomeister.com\/en\/toode\/kaluseriiuli-brannehylte-city-raamid-erinevad-korgused\/\" \/>\n<meta property=\"og:locale\" content=\"en_US\" \/>\n<meta property=\"og:type\" content=\"article\" \/>\n<meta property=\"og:title\" content=\"Aluseriiuli brannehylte city raamid, erinevad k\u00f5rgused - Balti Laomeister\" \/>\n<meta property=\"og:description\" content=\"Kasutatud laoriiulid.Parim viis lisada juurde riiulisektsioone v\u00f5i remontida viga saanud tugiraam. Alati ei pea uut laoriiulit v\u00f5i selle osasid ostma.\" \/>\n<meta property=\"og:url\" content=\"https:\/\/www.laomeister.com\/en\/toode\/kaluseriiuli-brannehylte-city-raamid-erinevad-korgused\/\" \/>\n<meta property=\"og:site_name\" content=\"Balti Laomeister\" \/>\n<meta property=\"og:image\" content=\"https:\/\/www.laomeister.com\/wp-content\/uploads\/2020\/01\/Laooriiulid_kasutatud_brannehylte-city-tugiraamid-rotated.jpg\" \/>\n\t<meta property=\"og:image:width\" content=\"1512\" \/>\n\t<meta property=\"og:image:height\" content=\"2016\" \/>\n\t<meta property=\"og:image:type\" content=\"image\/jpeg\" \/>\n<meta name=\"twitter:card\" content=\"summary_large_image\" \/>\n<script type=\"application\/ld+json\" class=\"yoast-schema-graph\">{\"@context\":\"https:\\\/\\\/schema.org\",\"@graph\":[{\"@type\":\"WebPage\",\"@id\":\"https:\\\/\\\/www.laomeister.com\\\/en\\\/toode\\\/kaluseriiuli-brannehylte-city-raamid-erinevad-korgused\\\/\",\"url\":\"https:\\\/\\\/www.laomeister.com\\\/en\\\/toode\\\/kaluseriiuli-brannehylte-city-raamid-erinevad-korgused\\\/\",\"name\":\"Aluseriiuli brannehylte city raamid, erinevad k\u00f5rgused - Balti Laomeister\",\"isPartOf\":{\"@id\":\"https:\\\/\\\/www.laomeister.com\\\/en\\\/#website\"},\"primaryImageOfPage\":{\"@id\":\"https:\\\/\\\/www.laomeister.com\\\/en\\\/toode\\\/kaluseriiuli-brannehylte-city-raamid-erinevad-korgused\\\/#primaryimage\"},\"image\":{\"@id\":\"https:\\\/\\\/www.laomeister.com\\\/en\\\/toode\\\/kaluseriiuli-brannehylte-city-raamid-erinevad-korgused\\\/#primaryimage\"},\"thumbnailUrl\":\"https:\\\/\\\/www.laomeister.com\\\/wp-content\\\/uploads\\\/2020\\\/01\\\/Laooriiulid_kasutatud_brannehylte-city-tugiraamid-rotated.jpg\",\"datePublished\":\"2020-01-23T15:01:25+00:00\",\"description\":\"Kasutatud laoriiulid.Parim viis lisada juurde riiulisektsioone v\u00f5i remontida viga saanud tugiraam. Alati ei pea uut laoriiulit v\u00f5i selle osasid ostma.\",\"breadcrumb\":{\"@id\":\"https:\\\/\\\/www.laomeister.com\\\/en\\\/toode\\\/kaluseriiuli-brannehylte-city-raamid-erinevad-korgused\\\/#breadcrumb\"},\"inLanguage\":\"en-US\",\"potentialAction\":[{\"@type\":\"ReadAction\",\"target\":[\"https:\\\/\\\/www.laomeister.com\\\/en\\\/toode\\\/kaluseriiuli-brannehylte-city-raamid-erinevad-korgused\\\/\"]}]},{\"@type\":\"ImageObject\",\"inLanguage\":\"en-US\",\"@id\":\"https:\\\/\\\/www.laomeister.com\\\/en\\\/toode\\\/kaluseriiuli-brannehylte-city-raamid-erinevad-korgused\\\/#primaryimage\",\"url\":\"https:\\\/\\\/www.laomeister.com\\\/wp-content\\\/uploads\\\/2020\\\/01\\\/Laooriiulid_kasutatud_brannehylte-city-tugiraamid-rotated.jpg\",\"contentUrl\":\"https:\\\/\\\/www.laomeister.com\\\/wp-content\\\/uploads\\\/2020\\\/01\\\/Laooriiulid_kasutatud_brannehylte-city-tugiraamid-rotated.jpg\",\"width\":1512,\"height\":2016},{\"@type\":\"BreadcrumbList\",\"@id\":\"https:\\\/\\\/www.laomeister.com\\\/en\\\/toode\\\/kaluseriiuli-brannehylte-city-raamid-erinevad-korgused\\\/#breadcrumb\",\"itemListElement\":[{\"@type\":\"ListItem\",\"position\":1,\"name\":\"Home\",\"item\":\"https:\\\/\\\/www.laomeister.com\\\/en\\\/\"},{\"@type\":\"ListItem\",\"position\":2,\"name\":\"Products\",\"item\":\"https:\\\/\\\/www.laomeister.com\\\/en\\\/shop-2\\\/\"},{\"@type\":\"ListItem\",\"position\":3,\"name\":\"Aluseriiuli brannehylte city raamid, erinevad k\u00f5rgused\"}]},{\"@type\":\"WebSite\",\"@id\":\"https:\\\/\\\/www.laomeister.com\\\/en\\\/#website\",\"url\":\"https:\\\/\\\/www.laomeister.com\\\/en\\\/\",\"name\":\"Balti Laomeister\",\"description\":\"Laoriiulid - m&uuml;&uuml;k ja paigaldus\",\"potentialAction\":[{\"@type\":\"SearchAction\",\"target\":{\"@type\":\"EntryPoint\",\"urlTemplate\":\"https:\\\/\\\/www.laomeister.com\\\/en\\\/?s={search_term_string}\"},\"query-input\":{\"@type\":\"PropertyValueSpecification\",\"valueRequired\":true,\"valueName\":\"search_term_string\"}}],\"inLanguage\":\"en-US\"}]}<\/script>\n<!-- \/ Yoast SEO plugin. -->","yoast_head_json":{"title":"Aluseriiuli brannehylte city raamid, erinevad k\u00f5rgused - Balti Laomeister","description":"Kasutatud laoriiulid.Parim viis lisada juurde riiulisektsioone v\u00f5i remontida viga saanud tugiraam. Alati ei pea uut laoriiulit v\u00f5i selle osasid ostma.","robots":{"index":"index","follow":"follow","max-snippet":"max-snippet:-1","max-image-preview":"max-image-preview:large","max-video-preview":"max-video-preview:-1"},"canonical":"https:\/\/www.laomeister.com\/en\/toode\/kaluseriiuli-brannehylte-city-raamid-erinevad-korgused\/","og_locale":"en_US","og_type":"article","og_title":"Aluseriiuli brannehylte city raamid, erinevad k\u00f5rgused - Balti Laomeister","og_description":"Kasutatud laoriiulid.Parim viis lisada juurde riiulisektsioone v\u00f5i remontida viga saanud tugiraam. Alati ei pea uut laoriiulit v\u00f5i selle osasid ostma.","og_url":"https:\/\/www.laomeister.com\/en\/toode\/kaluseriiuli-brannehylte-city-raamid-erinevad-korgused\/","og_site_name":"Balti Laomeister","og_image":[{"width":1512,"height":2016,"url":"https:\/\/www.laomeister.com\/wp-content\/uploads\/2020\/01\/Laooriiulid_kasutatud_brannehylte-city-tugiraamid-rotated.jpg","type":"image\/jpeg"}],"twitter_card":"summary_large_image","schema":{"@context":"https:\/\/schema.org","@graph":[{"@type":"WebPage","@id":"https:\/\/www.laomeister.com\/en\/toode\/kaluseriiuli-brannehylte-city-raamid-erinevad-korgused\/","url":"https:\/\/www.laomeister.com\/en\/toode\/kaluseriiuli-brannehylte-city-raamid-erinevad-korgused\/","name":"Aluseriiuli brannehylte city raamid, erinevad k\u00f5rgused - Balti Laomeister","isPartOf":{"@id":"https:\/\/www.laomeister.com\/en\/#website"},"primaryImageOfPage":{"@id":"https:\/\/www.laomeister.com\/en\/toode\/kaluseriiuli-brannehylte-city-raamid-erinevad-korgused\/#primaryimage"},"image":{"@id":"https:\/\/www.laomeister.com\/en\/toode\/kaluseriiuli-brannehylte-city-raamid-erinevad-korgused\/#primaryimage"},"thumbnailUrl":"https:\/\/www.laomeister.com\/wp-content\/uploads\/2020\/01\/Laooriiulid_kasutatud_brannehylte-city-tugiraamid-rotated.jpg","datePublished":"2020-01-23T15:01:25+00:00","description":"Kasutatud laoriiulid.Parim viis lisada juurde riiulisektsioone v\u00f5i remontida viga saanud tugiraam. Alati ei pea uut laoriiulit v\u00f5i selle osasid ostma.","breadcrumb":{"@id":"https:\/\/www.laomeister.com\/en\/toode\/kaluseriiuli-brannehylte-city-raamid-erinevad-korgused\/#breadcrumb"},"inLanguage":"en-US","potentialAction":[{"@type":"ReadAction","target":["https:\/\/www.laomeister.com\/en\/toode\/kaluseriiuli-brannehylte-city-raamid-erinevad-korgused\/"]}]},{"@type":"ImageObject","inLanguage":"en-US","@id":"https:\/\/www.laomeister.com\/en\/toode\/kaluseriiuli-brannehylte-city-raamid-erinevad-korgused\/#primaryimage","url":"https:\/\/www.laomeister.com\/wp-content\/uploads\/2020\/01\/Laooriiulid_kasutatud_brannehylte-city-tugiraamid-rotated.jpg","contentUrl":"https:\/\/www.laomeister.com\/wp-content\/uploads\/2020\/01\/Laooriiulid_kasutatud_brannehylte-city-tugiraamid-rotated.jpg","width":1512,"height":2016},{"@type":"BreadcrumbList","@id":"https:\/\/www.laomeister.com\/en\/toode\/kaluseriiuli-brannehylte-city-raamid-erinevad-korgused\/#breadcrumb","itemListElement":[{"@type":"ListItem","position":1,"name":"Home","item":"https:\/\/www.laomeister.com\/en\/"},{"@type":"ListItem","position":2,"name":"Products","item":"https:\/\/www.laomeister.com\/en\/shop-2\/"},{"@type":"ListItem","position":3,"name":"Aluseriiuli brannehylte city raamid, erinevad k\u00f5rgused"}]},{"@type":"WebSite","@id":"https:\/\/www.laomeister.com\/en\/#website","url":"https:\/\/www.laomeister.com\/en\/","name":"Balti Laomeister","description":"Laoriiulid - m&uuml;&uuml;k ja paigaldus","potentialAction":[{"@type":"SearchAction","target":{"@type":"EntryPoint","urlTemplate":"https:\/\/www.laomeister.com\/en\/?s={search_term_string}"},"query-input":{"@type":"PropertyValueSpecification","valueRequired":true,"valueName":"search_term_string"}}],"inLanguage":"en-US"}]}},"_links":{"self":[{"href":"https:\/\/www.laomeister.com\/en\/wp-json\/wp\/v2\/product\/13430","targetHints":{"allow":["GET"]}}],"collection":[{"href":"https:\/\/www.laomeister.com\/en\/wp-json\/wp\/v2\/product"}],"about":[{"href":"https:\/\/www.laomeister.com\/en\/wp-json\/wp\/v2\/types\/product"}],"wp:featuredmedia":[{"embeddable":true,"href":"https:\/\/www.laomeister.com\/en\/wp-json\/wp\/v2\/media\/9842"}],"wp:attachment":[{"href":"https:\/\/www.laomeister.com\/en\/wp-json\/wp\/v2\/media?parent=13430"}],"wp:term":[{"taxonomy":"product_brand","embeddable":true,"href":"https:\/\/www.laomeister.com\/en\/wp-json\/wp\/v2\/product_brand?post=13430"},{"taxonomy":"product_cat","embeddable":true,"href":"https:\/\/www.laomeister.com\/en\/wp-json\/wp\/v2\/product_cat?post=13430"},{"taxonomy":"product_tag","embeddable":true,"href":"https:\/\/www.laomeister.com\/en\/wp-json\/wp\/v2\/product_tag?post=13430"}],"curies":[{"name":"wp","href":"https:\/\/api.w.org\/{rel}","templated":true}]}}