{"id":13362,"date":"2020-03-30T12:52:56","date_gmt":"2020-03-30T09:52:56","guid":{"rendered":"https:\/\/www.laomeister.com\/product\/vaheporand-muugikohas-voi-esinduses\/"},"modified":"2024-07-03T09:05:36","modified_gmt":"2024-07-03T06:05:36","slug":"vaheporand-muugikohas-voi-esinduses","status":"publish","type":"product","link":"https:\/\/www.laomeister.com\/en\/toode\/vaheporand-muugikohas-voi-esinduses\/","title":{"rendered":"Intermediate floor at the point of sale or in the sales outlet"},"content":{"rendered":"","protected":false},"excerpt":{"rendered":"<p><strong>Additional information: <\/strong>the price depends on the size and solution.<\/p>\n<p>A mezzanine is the easiest way to double or even triple the surface area. A mezzanine floor supported on posts gives free rein to how to combine workstations, display shelves, customer areas, etc. between.<\/p>\n<p>The &#8216;soul&#8217; of the <strong>mezzanine<\/strong> supported on the posts is a self-contained metal frame that is not attached to the building.<\/p>\n<p>The columns are connected to the headstocks and the headstocks are connected to each other by intermediate beams supported by the floor. Stairways, stair rails and stair rails are essential elements of the <strong>mezzanine floor<\/strong> to ensure safe movement on the upper floors.<\/p>\n<p>As with everything, you want the solutions you offer to work, to be secure and to be of high quality. Our supplier of post supported mezzanine flooring has built a lot of floors over the last 40 years, and as a result has a wealth of knowledge and experience to share.<\/p>\n<p>The mezzanine floor supported by our poles complies with all European rules, regulations and standards, as already mentioned, safety and security are the key words.<\/p>\n<p>Educate yourself on our blog <a href=\"https:\/\/www.laomeister.com\/paindlikkus-efektiivsus-pohimotteliselt-pinna-dubleerimine-vaheporandaga\/\">here<\/a>.<\/p>\n","protected":false},"featured_media":11487,"template":"","meta":[],"product_brand":[],"product_cat":[345],"product_tag":[],"class_list":{"0":"post-13362","1":"product","2":"type-product","3":"status-publish","4":"has-post-thumbnail","6":"product_cat-vaheporandad-ja-korruslaod-en","8":"first","9":"instock","10":"taxable","11":"shipping-taxable","12":"purchasable","13":"product-type-simple"},"yoast_head":"<!-- This site is optimized with the Yoast SEO plugin v27.3 - https:\/\/yoast.com\/product\/yoast-seo-wordpress\/ -->\n<title>Intermediate floor at the point of sale or in the sales outlet - Balti Laomeister<\/title>\n<meta name=\"description\" content=\"Intermediate floors in sales outlets or company showrooms are becoming increasingly popular. Because it makes sense to use space efficiently, especially in shops or businesses with high ceilings. There, part of the area can be covered with a mezzanine floor, giving the space a multidimensional feel. At the same time, part of the space can be used as storage or office space. This is also how loft office type solutions have emerged.\" \/>\n<meta name=\"robots\" content=\"index, follow, max-snippet:-1, max-image-preview:large, max-video-preview:-1\" \/>\n<link rel=\"canonical\" href=\"https:\/\/www.laomeister.com\/en\/toode\/vaheporand-muugikohas-voi-esinduses\/\" \/>\n<meta property=\"og:locale\" content=\"en_US\" \/>\n<meta property=\"og:type\" content=\"article\" \/>\n<meta property=\"og:title\" content=\"Intermediate floor at the point of sale or in the sales outlet - Balti Laomeister\" \/>\n<meta property=\"og:description\" content=\"Intermediate floors in sales outlets or company showrooms are becoming increasingly popular. Because it makes sense to use space efficiently, especially in shops or businesses with high ceilings. There, part of the area can be covered with a mezzanine floor, giving the space a multidimensional feel. At the same time, part of the space can be used as storage or office space. This is also how loft office type solutions have emerged.\" \/>\n<meta property=\"og:url\" content=\"https:\/\/www.laomeister.com\/en\/toode\/vaheporand-muugikohas-voi-esinduses\/\" \/>\n<meta property=\"og:site_name\" content=\"Balti Laomeister\" \/>\n<meta property=\"article:modified_time\" content=\"2024-07-03T06:05:36+00:00\" \/>\n<meta property=\"og:image\" content=\"https:\/\/www.laomeister.com\/wp-content\/uploads\/2020\/03\/vahep\u00f5randad_pood_m\u00fc\u00fcgikoht.jpg\" \/>\n\t<meta property=\"og:image:width\" content=\"2000\" \/>\n\t<meta property=\"og:image:height\" content=\"1334\" \/>\n\t<meta property=\"og:image:type\" content=\"image\/jpeg\" \/>\n<meta name=\"twitter:card\" content=\"summary_large_image\" \/>\n<script type=\"application\/ld+json\" class=\"yoast-schema-graph\">{\"@context\":\"https:\\\/\\\/schema.org\",\"@graph\":[{\"@type\":\"WebPage\",\"@id\":\"https:\\\/\\\/www.laomeister.com\\\/en\\\/toode\\\/vaheporand-muugikohas-voi-esinduses\\\/\",\"url\":\"https:\\\/\\\/www.laomeister.com\\\/en\\\/toode\\\/vaheporand-muugikohas-voi-esinduses\\\/\",\"name\":\"Intermediate floor at the point of sale or in the sales outlet - Balti Laomeister\",\"isPartOf\":{\"@id\":\"https:\\\/\\\/www.laomeister.com\\\/en\\\/#website\"},\"primaryImageOfPage\":{\"@id\":\"https:\\\/\\\/www.laomeister.com\\\/en\\\/toode\\\/vaheporand-muugikohas-voi-esinduses\\\/#primaryimage\"},\"image\":{\"@id\":\"https:\\\/\\\/www.laomeister.com\\\/en\\\/toode\\\/vaheporand-muugikohas-voi-esinduses\\\/#primaryimage\"},\"thumbnailUrl\":\"https:\\\/\\\/www.laomeister.com\\\/wp-content\\\/uploads\\\/2020\\\/03\\\/vahep\u00f5randad_pood_m\u00fc\u00fcgikoht.jpg\",\"datePublished\":\"2020-03-30T09:52:56+00:00\",\"dateModified\":\"2024-07-03T06:05:36+00:00\",\"description\":\"Intermediate floors in sales outlets or company showrooms are becoming increasingly popular. Because it makes sense to use space efficiently, especially in shops or businesses with high ceilings. There, part of the area can be covered with a mezzanine floor, giving the space a multidimensional feel. At the same time, part of the space can be used as storage or office space. This is also how loft office type solutions have emerged.\",\"breadcrumb\":{\"@id\":\"https:\\\/\\\/www.laomeister.com\\\/en\\\/toode\\\/vaheporand-muugikohas-voi-esinduses\\\/#breadcrumb\"},\"inLanguage\":\"en-US\",\"potentialAction\":[{\"@type\":\"ReadAction\",\"target\":[\"https:\\\/\\\/www.laomeister.com\\\/en\\\/toode\\\/vaheporand-muugikohas-voi-esinduses\\\/\"]}]},{\"@type\":\"ImageObject\",\"inLanguage\":\"en-US\",\"@id\":\"https:\\\/\\\/www.laomeister.com\\\/en\\\/toode\\\/vaheporand-muugikohas-voi-esinduses\\\/#primaryimage\",\"url\":\"https:\\\/\\\/www.laomeister.com\\\/wp-content\\\/uploads\\\/2020\\\/03\\\/vahep\u00f5randad_pood_m\u00fc\u00fcgikoht.jpg\",\"contentUrl\":\"https:\\\/\\\/www.laomeister.com\\\/wp-content\\\/uploads\\\/2020\\\/03\\\/vahep\u00f5randad_pood_m\u00fc\u00fcgikoht.jpg\",\"width\":2000,\"height\":1334},{\"@type\":\"BreadcrumbList\",\"@id\":\"https:\\\/\\\/www.laomeister.com\\\/en\\\/toode\\\/vaheporand-muugikohas-voi-esinduses\\\/#breadcrumb\",\"itemListElement\":[{\"@type\":\"ListItem\",\"position\":1,\"name\":\"Home\",\"item\":\"https:\\\/\\\/www.laomeister.com\\\/en\\\/\"},{\"@type\":\"ListItem\",\"position\":2,\"name\":\"Products\",\"item\":\"https:\\\/\\\/www.laomeister.com\\\/en\\\/shop-2\\\/\"},{\"@type\":\"ListItem\",\"position\":3,\"name\":\"Intermediate floor at the point of sale or in the sales outlet\"}]},{\"@type\":\"WebSite\",\"@id\":\"https:\\\/\\\/www.laomeister.com\\\/en\\\/#website\",\"url\":\"https:\\\/\\\/www.laomeister.com\\\/en\\\/\",\"name\":\"Balti Laomeister\",\"description\":\"Laoriiulid - m&uuml;&uuml;k ja paigaldus\",\"potentialAction\":[{\"@type\":\"SearchAction\",\"target\":{\"@type\":\"EntryPoint\",\"urlTemplate\":\"https:\\\/\\\/www.laomeister.com\\\/en\\\/?s={search_term_string}\"},\"query-input\":{\"@type\":\"PropertyValueSpecification\",\"valueRequired\":true,\"valueName\":\"search_term_string\"}}],\"inLanguage\":\"en-US\"}]}<\/script>\n<!-- \/ Yoast SEO plugin. -->","yoast_head_json":{"title":"Intermediate floor at the point of sale or in the sales outlet - Balti Laomeister","description":"Intermediate floors in sales outlets or company showrooms are becoming increasingly popular. Because it makes sense to use space efficiently, especially in shops or businesses with high ceilings. There, part of the area can be covered with a mezzanine floor, giving the space a multidimensional feel. At the same time, part of the space can be used as storage or office space. This is also how loft office type solutions have emerged.","robots":{"index":"index","follow":"follow","max-snippet":"max-snippet:-1","max-image-preview":"max-image-preview:large","max-video-preview":"max-video-preview:-1"},"canonical":"https:\/\/www.laomeister.com\/en\/toode\/vaheporand-muugikohas-voi-esinduses\/","og_locale":"en_US","og_type":"article","og_title":"Intermediate floor at the point of sale or in the sales outlet - Balti Laomeister","og_description":"Intermediate floors in sales outlets or company showrooms are becoming increasingly popular. Because it makes sense to use space efficiently, especially in shops or businesses with high ceilings. There, part of the area can be covered with a mezzanine floor, giving the space a multidimensional feel. At the same time, part of the space can be used as storage or office space. This is also how loft office type solutions have emerged.","og_url":"https:\/\/www.laomeister.com\/en\/toode\/vaheporand-muugikohas-voi-esinduses\/","og_site_name":"Balti Laomeister","article_modified_time":"2024-07-03T06:05:36+00:00","og_image":[{"width":2000,"height":1334,"url":"https:\/\/www.laomeister.com\/wp-content\/uploads\/2020\/03\/vahep\u00f5randad_pood_m\u00fc\u00fcgikoht.jpg","type":"image\/jpeg"}],"twitter_card":"summary_large_image","schema":{"@context":"https:\/\/schema.org","@graph":[{"@type":"WebPage","@id":"https:\/\/www.laomeister.com\/en\/toode\/vaheporand-muugikohas-voi-esinduses\/","url":"https:\/\/www.laomeister.com\/en\/toode\/vaheporand-muugikohas-voi-esinduses\/","name":"Intermediate floor at the point of sale or in the sales outlet - Balti Laomeister","isPartOf":{"@id":"https:\/\/www.laomeister.com\/en\/#website"},"primaryImageOfPage":{"@id":"https:\/\/www.laomeister.com\/en\/toode\/vaheporand-muugikohas-voi-esinduses\/#primaryimage"},"image":{"@id":"https:\/\/www.laomeister.com\/en\/toode\/vaheporand-muugikohas-voi-esinduses\/#primaryimage"},"thumbnailUrl":"https:\/\/www.laomeister.com\/wp-content\/uploads\/2020\/03\/vahep\u00f5randad_pood_m\u00fc\u00fcgikoht.jpg","datePublished":"2020-03-30T09:52:56+00:00","dateModified":"2024-07-03T06:05:36+00:00","description":"Intermediate floors in sales outlets or company showrooms are becoming increasingly popular. Because it makes sense to use space efficiently, especially in shops or businesses with high ceilings. There, part of the area can be covered with a mezzanine floor, giving the space a multidimensional feel. At the same time, part of the space can be used as storage or office space. This is also how loft office type solutions have emerged.","breadcrumb":{"@id":"https:\/\/www.laomeister.com\/en\/toode\/vaheporand-muugikohas-voi-esinduses\/#breadcrumb"},"inLanguage":"en-US","potentialAction":[{"@type":"ReadAction","target":["https:\/\/www.laomeister.com\/en\/toode\/vaheporand-muugikohas-voi-esinduses\/"]}]},{"@type":"ImageObject","inLanguage":"en-US","@id":"https:\/\/www.laomeister.com\/en\/toode\/vaheporand-muugikohas-voi-esinduses\/#primaryimage","url":"https:\/\/www.laomeister.com\/wp-content\/uploads\/2020\/03\/vahep\u00f5randad_pood_m\u00fc\u00fcgikoht.jpg","contentUrl":"https:\/\/www.laomeister.com\/wp-content\/uploads\/2020\/03\/vahep\u00f5randad_pood_m\u00fc\u00fcgikoht.jpg","width":2000,"height":1334},{"@type":"BreadcrumbList","@id":"https:\/\/www.laomeister.com\/en\/toode\/vaheporand-muugikohas-voi-esinduses\/#breadcrumb","itemListElement":[{"@type":"ListItem","position":1,"name":"Home","item":"https:\/\/www.laomeister.com\/en\/"},{"@type":"ListItem","position":2,"name":"Products","item":"https:\/\/www.laomeister.com\/en\/shop-2\/"},{"@type":"ListItem","position":3,"name":"Intermediate floor at the point of sale or in the sales outlet"}]},{"@type":"WebSite","@id":"https:\/\/www.laomeister.com\/en\/#website","url":"https:\/\/www.laomeister.com\/en\/","name":"Balti Laomeister","description":"Laoriiulid - m&uuml;&uuml;k ja paigaldus","potentialAction":[{"@type":"SearchAction","target":{"@type":"EntryPoint","urlTemplate":"https:\/\/www.laomeister.com\/en\/?s={search_term_string}"},"query-input":{"@type":"PropertyValueSpecification","valueRequired":true,"valueName":"search_term_string"}}],"inLanguage":"en-US"}]}},"_links":{"self":[{"href":"https:\/\/www.laomeister.com\/en\/wp-json\/wp\/v2\/product\/13362","targetHints":{"allow":["GET"]}}],"collection":[{"href":"https:\/\/www.laomeister.com\/en\/wp-json\/wp\/v2\/product"}],"about":[{"href":"https:\/\/www.laomeister.com\/en\/wp-json\/wp\/v2\/types\/product"}],"wp:featuredmedia":[{"embeddable":true,"href":"https:\/\/www.laomeister.com\/en\/wp-json\/wp\/v2\/media\/11487"}],"wp:attachment":[{"href":"https:\/\/www.laomeister.com\/en\/wp-json\/wp\/v2\/media?parent=13362"}],"wp:term":[{"taxonomy":"product_brand","embeddable":true,"href":"https:\/\/www.laomeister.com\/en\/wp-json\/wp\/v2\/product_brand?post=13362"},{"taxonomy":"product_cat","embeddable":true,"href":"https:\/\/www.laomeister.com\/en\/wp-json\/wp\/v2\/product_cat?post=13362"},{"taxonomy":"product_tag","embeddable":true,"href":"https:\/\/www.laomeister.com\/en\/wp-json\/wp\/v2\/product_tag?post=13362"}],"curies":[{"name":"wp","href":"https:\/\/api.w.org\/{rel}","templated":true}]}}